{"id":24,"date":"2016-02-24T11:46:04","date_gmt":"2016-02-24T11:46:04","guid":{"rendered":"http:\/\/llardaneta.cspt.es\/blogs\/?page_id=24"},"modified":"2016-02-24T11:46:04","modified_gmt":"2016-02-24T11:46:04","slug":"normes-i-condicions","status":"publish","type":"page","link":"http:\/\/www.tauli.cat\/blogs\/normes-i-condicions\/","title":{"rendered":"Normes i condicions"},"content":{"rendered":"<div class=\"entry-content\">\n<h2>Acc\u00e9s i subscripci\u00f3 als blogs<\/h2>\n<ul>\n<li>Tots els continguts d&#8217;aquest blog s\u00f3n p\u00fablics i accessibles des de qualsevol dispositiu.<\/li>\n<li>La persona que ho desitgi pot subscriure\u2019s a cada blog, de manera que quan es publiqui un nou contingut li arribar\u00e0 un missatge al correu electr\u00f2nic proporcionat.<\/li>\n<\/ul>\n<h2>Publicaci\u00f3 de comentaris<\/h2>\n<p>En relaci\u00f3 als comentaris que els usuaris decideixin enviar sobre els continguts publicats als blogs, s\u2019estableixen les seg\u00fcents condicions:<\/p>\n<ul>\n<li>Qualsevol persona pot incloure els seus comentaris, aportant pr\u00e8viament un nom i un correu electr\u00f2nic.<\/li>\n<li>S\u2019han de respectar les opinions de la resta de participants, encara que no es comparteixin. No es permetr\u00e0 insultar o utilitzar un llenguatge ofensiu, racista, violent o xen\u00f2fob.<\/li>\n<li>L\u2019administrador de cada blog no es fa responsable del contingut dels missatges publicats, i es reserva el dret de retirar o eliminar qualsevol comentari que incompleixi aquestes condicions.<\/li>\n<li>L\u2019administrador de cada blog no adquireix cap obligaci\u00f3 de contestar els comentaris.<\/li>\n<\/ul>\n<\/div>\n","protected":false},"excerpt":{"rendered":"<p>Acc\u00e9s i subscripci\u00f3 als blogs Tots els continguts d&#8217;aquest blog s\u00f3n p\u00fablics i accessibles des de qualsevol dispositiu. La persona que ho desitgi pot subscriure\u2019s a cada blog, de manera que quan es publiqui un nou contingut li arribar\u00e0 un missatge al correu electr\u00f2nic proporcionat. Publicaci\u00f3 de comentaris En relaci\u00f3 als comentaris que els usuaris [&hellip;]<\/p>\n","protected":false},"author":3,"featured_media":0,"parent":0,"menu_order":0,"comment_status":"closed","ping_status":"closed","template":"","meta":[],"_links":{"self":[{"href":"http:\/\/www.tauli.cat\/blogs\/wp-json\/wp\/v2\/pages\/24"}],"collection":[{"href":"http:\/\/www.tauli.cat\/blogs\/wp-json\/wp\/v2\/pages"}],"about":[{"href":"http:\/\/www.tauli.cat\/blogs\/wp-json\/wp\/v2\/types\/page"}],"author":[{"embeddable":true,"href":"http:\/\/www.tauli.cat\/blogs\/wp-json\/wp\/v2\/users\/3"}],"replies":[{"embeddable":true,"href":"http:\/\/www.tauli.cat\/blogs\/wp-json\/wp\/v2\/comments?post=24"}],"version-history":[{"count":1,"href":"http:\/\/www.tauli.cat\/blogs\/wp-json\/wp\/v2\/pages\/24\/revisions"}],"predecessor-version":[{"id":25,"href":"http:\/\/www.tauli.cat\/blogs\/wp-json\/wp\/v2\/pages\/24\/revisions\/25"}],"wp:attachment":[{"href":"http:\/\/www.tauli.cat\/blogs\/wp-json\/wp\/v2\/media?parent=24"}],"curies":[{"name":"wp","href":"https:\/\/api.w.org\/{rel}","templated":true}]}}