{"id":28,"date":"2016-02-24T11:48:48","date_gmt":"2016-02-24T11:48:48","guid":{"rendered":"http:\/\/llardaneta.cspt.es\/blogs\/?page_id=28"},"modified":"2019-07-19T13:11:15","modified_gmt":"2019-07-19T13:11:15","slug":"avis-legal","status":"publish","type":"page","link":"http:\/\/www.tauli.cat\/blogs\/avis-legal\/","title":{"rendered":"Av\u00eds legal"},"content":{"rendered":"<p>[vc_row][vc_column][vc_column_text]<\/p>\n<div class=\"entry-content\">\n<h2>Informaci\u00f3 general<\/h2>\n<p>En compliment del que estableix la llei 34\/2002, d\u201911 de juliol de Serveis de la Societat de la informaci\u00f3 i Comer\u00e7 electr\u00f2nic, us comuniquem que el present blog \u00e9s propietat de la Corporaci\u00f3 Sanit\u00e0ria Parc Taul\u00ed, format per:<\/p>\n<ul>\n<li><strong>Corporaci\u00f3 Sanit\u00e0ria Parc Tauli<\/strong>. Amb CIF Q5850005I. Ubicat a: Parc del Taul\u00ed 1, 08208 Sabadell (Barcelona).<\/li>\n<li><strong>UDIAT Centre Diagn\u00f2stic<\/strong>. Amb CIF A61891156. Ubicat a: Parc del Taul\u00ed 1, 08208 Sabadell (Barcelona).<\/li>\n<li><strong>Sabadell Gent Gran Centre de Serveis<\/strong>. Amb CIF A61838744. Ubicat a: Ronda Collsalarca 217-219, 08207 Sabadell (Barcelona).<\/li>\n<li><strong>Fundaci\u00f3 Parc Taul\u00ed<\/strong>. Amb CIF G60331238. Ubicat a: Parc del Taul\u00ed 1, 08208 Sabadell (Barcelona).<\/li>\n<\/ul>\n<p>Podeu contactar amb nosaltres en persona o b\u00e9 pels canals que disposem en el <a href=\"http:\/\/www.tauli.cat\/blogs\/contacte\/\">seg\u00fcent enlla\u00e7<\/a>.<\/p>\n<h2>Autoria<\/h2>\n<p>Els blogs del Parc Taul\u00ed s\u2019editen i es gestionen amb el suport t\u00e8cnic del Comit\u00e8 de Responsables Intranet i Web (CRIW). El CRIW \u00e9s l\u2019encarregat del desenvolupament de les plataformes Intranet i Web de la Corporaci\u00f3 Sanit\u00e0ria Parc Taul\u00ed. En el cas concret dels blogs, defineix i elabora el seu disseny, tant en l\u2019\u00e0mbit est\u00e8tic com estructural, i actua com a consell assessor en l\u2019elaboraci\u00f3 dels continguts, apuntant-hi possibles millores i donant-hi indicacions que facilitin la bona comprensi\u00f3 dels textos.<\/p>\n<h3>Composici\u00f3 del CRIW<\/h3>\n<ul>\n<li><strong>Sandra \u00c0lvaro Brioa<\/strong>. Responsable. Gabinet de Comunicaci\u00f3. Corporaci\u00f3 Sanit\u00e0ria Parc Taul\u00ed.<\/li>\n<li><strong>Anna Pascual Roca<\/strong>. Coordinaci\u00f3 t\u00e8cnica. Centre de Serveis Inform\u00e0tics. Corporaci\u00f3 Sanit\u00e0ria Parc Taul\u00ed.<\/li>\n<li><strong>C\u00e8lia Figueras Horcas<\/strong>. Coordinaci\u00f3 de continguts. Corporaci\u00f3 Sanit\u00e0ria Parc Taul\u00ed.<\/li>\n<li><strong>Marta Fern\u00e1ndez Fern\u00e1ndez<\/strong>. Desenvolupament t\u00e8cnic. Gabinet de Comunicaci\u00f3. Corporaci\u00f3 Sanit\u00e0ria Parc Taul\u00ed.<\/li>\n<li><strong>Roger Sales L\u00f3pez<\/strong>. Disseny i multim\u00e8dia. Fundaci\u00f3 Parc Taul\u00ed.<\/li>\n<li><strong>Nacho Gordon Velasco<\/strong>. An\u00e0lisi i desenvolupament t\u00e8cnic. Centre de Serveis Inform\u00e0tics. Corporaci\u00f3 Sanit\u00e0ria Parc Taul\u00ed.<\/li>\n<\/ul>\n<h2>Finan\u00e7ament i publicitat<\/h2>\n<p>La Corporaci\u00f3 Sanit\u00e0ria Parc Taul\u00ed, entitat p\u00fablica depenent del Servei Catal\u00e0 de la Salut (CatSalut), elabora i gestiona els blogs institucionals \u00fanicament amb els seus recursos humans propis. Els blogs no disposen ni reben finan\u00e7ament extern de cap tipus i tampoc contenen publicitat.<\/p>\n<h2>Privacitat: protecci\u00f3 de dades de car\u00e0cter personal<\/h2>\n<p>En compliment del que estableix la llei Org\u00e0nica 15\/1999 de 13 de desembre de Protecci\u00f3 de dades de car\u00e0cter personal us informem que les dades personals que ens faciliteu en subscriure-us a als blogs, passen a formar part d\u2019un fitxer de dades personals, amb l\u2019\u00fanica finalitat d\u2019oferir-vos de forma adequada els serveis sol\u00b7licitats. Podeu exercir els drets d\u2019acc\u00e9s, rectificaci\u00f3, oposici\u00f3 i cancel\u00b7laci\u00f3 de les vostres dades utilitzant els enlla\u00e7os facilitats al peu dels butlletins que s\u2019enviaran al vostre correu electr\u00f2nic, o mitjan\u00e7ant escrit, annexant fotoc\u00f2pia del DNI, adre\u00e7at a l\u2019administrador d\u2019aquell blog.<\/p>\n<p>Les adreces electr\u00f2niques dels professionals que apareixen en els blogs es difonen per facilitar la comunicaci\u00f3 entre professionals i amb els ciutadans. En cap cas podran ser emprades per a la difusi\u00f3 de publicitat en qualsevol dels seus formats.<\/p>\n<h2>Propietat intel\u00b7lectual<\/h2>\n<p>Tots els continguts i elements gr\u00e0fics dels blogs formen part de la Corporaci\u00f3 Sanit\u00e0ria Parc Taul\u00ed o de terceres persones f\u00edsiques o jur\u00eddiques que han autoritzat el seu \u00fas, i queden protegits per la legislaci\u00f3 espanyola sobre propietat intel\u00b7lectual i industrial espanyola. Quant als elements gr\u00e0fics corresponents a les icones que acompanyen el text, l\u2019autoria correspon a <a href=\"http:\/\/www.flaticon.com\/authors\/freepik\" target=\"_blank\" rel=\"noopener\">Freepik<\/a> i s\u2019han descarregat del web <a href=\"http:\/\/www.flaticon.com\" target=\"_blank\" rel=\"noopener\">Flaticon<\/a>, llicenciats per <a href=\"http:\/\/creativecommons.org\/licenses\/by\/3.0\/\" target=\"_blank\" rel=\"noopener\">CC BY 3.0<\/a>.<\/p>\n<p>Autoritzem la reproducci\u00f3 total o parcial dels continguts dels blogs, sempre que s\u2019esmenti expressament el seu origen. La Corporaci\u00f3 Sanit\u00e0ria Parc Taul\u00ed es reserva el dret de modificar els termes i les condicions establerts en aquest document.<\/p>\n<h2>Enlla\u00e7os a altres p\u00e0gines web<\/h2>\n<p>La Corporaci\u00f3 Sanit\u00e0ria Parc Taul\u00ed facilita, en els blogs, enlla\u00e7os a llocs web d\u2019altres societats i associacions, per\u00f2 no subscriu ni es responsabilitza obligat\u00f2riament dels continguts d\u2019aquestes p\u00e0gines. La finalitat de publicar accessos a aquestes p\u00e0gines \u00e9s sempre informativa i en cap cas assistencial.<\/p>\n<h2><a name=\"cookies\"><\/a>Pol\u00edtica de galetes (<em>cookies)<\/em><\/h2>\n<h3>Qu\u00e8 s\u00f3n les galetes?<\/h3>\n<p>S\u00f3n petits arxius que algunes plataformes, com els webs, poden instal\u00b7lar al seu ordinador, tel\u00e8fon intel\u00b7ligent, tauleta o televisi\u00f3 connectada. Les seves funcions poden ser diverses: emmagatzemar les seves prefer\u00e8ncies de navegaci\u00f3 o recollir informaci\u00f3 estad\u00edstica, entre d\u2019altres. De vegades, les galetes s\u2019utilitzen per emmagatzemar informaci\u00f3 b\u00e0sica sobre els h\u00e0bits de navegaci\u00f3 de l\u2019usuari o del seu equip, fins arribar al punt de poder recon\u00e8ixer-lo.<\/p>\n<h3>Quin \u00fas fem de les galetes?<\/h3>\n<p>Navegar per aquest portal suposa que es poden instal\u00b7lar els seg\u00fcents tipus de galetes:<\/p>\n<ul>\n<li><strong>Galetes de millora del rendiment:<\/strong> Aquest tipus de galetes conserva les vostres prefer\u00e8ncies per certes eines o serveis, estalviant-vos haver de configurar-los de nou cada vegada que torneu a visitar el nostre portal i, en determinats casos, poder ser aportades per tercers. Alguns exemples s\u00f3n: nom d\u2019usuari, idioma del lloc o prefer\u00e8ncies d\u2019ordenaci\u00f3 d\u2019articles.<\/li>\n<li><strong>Galetes d\u2019an\u00e0lisi estad\u00edstic:<\/strong> S\u00f3n les que permeten quantificar el nombre de visitants i analitzar estad\u00edsticament l\u2019\u00fas que fan dels nostres serveis. Gr\u00e0cies a elles, podem estudiar la navegaci\u00f3 pel nostre blog i millorar l\u2019oferta dels serveis que oferim.<\/li>\n<li><strong>Galetes de geolocalitzaci\u00f3:<\/strong> Aquestes galetes s\u00f3n utilitzades per programes que intenten localitzar geogr\u00e0ficament la situaci\u00f3 de l\u2019ordinador, tel\u00e8fon intel\u00b7ligent, tauleta o televisi\u00f3 connectada, de forma que sota el m\u00e9s absolut anonimat, es puguin oferir continguts i serveis m\u00e9s adequats.<\/li>\n<li><strong>Altres galetes de tercers:<\/strong> Algunes de les nostres p\u00e0gines poden instal\u00b7lar galetes de tercers que permeten gestionar i millorar el servei que aquests ofereixen. Un exemple d\u2019aquest \u00fas podrien ser els enlla\u00e7os a xarxes socials que permeten compartir els nostres continguts.<\/li>\n<\/ul>\n<h3>Modificaci\u00f3 de les prefer\u00e8ncies de les galetes<\/h3>\n<p>Podeu permetre, bloquejar o eliminar les galetes instal\u00b7lades en el vostre equip mitjan\u00e7ant la configuraci\u00f3 de les opcions del navegador d\u2019Internet. En cas que les bloquegeu, \u00e9s possible que certs serveis que requereixen el seu \u00fas no estiguin disponibles.<\/p>\n<p>A continuaci\u00f3 us oferim enlla\u00e7os en els quals trobareu informaci\u00f3 sobre com podeu activar les vostres prefer\u00e8ncies en els principals navegadors:<\/p>\n<ul>\n<li><a href=\"https:\/\/support.google.com\/chrome\/answer\/95647?hl=es\" target=\"_blank\" rel=\"noopener\">Google Chrome<\/a><\/li>\n<li><a href=\"https:\/\/support.mozilla.org\/es\/kb\/cookies-informacion-que-los-sitios-web-guardan-en-?redirectlocale=en-US&amp;redirectslug=Cookies\" target=\"_blank\" rel=\"noopener\">Mozilla Firefox<\/a><\/li>\n<li><a href=\"http:\/\/support.microsoft.com\/kb\/196955\/es\" target=\"_blank\" rel=\"noopener\">Internet Explorer<\/a><\/li>\n<li><a href=\"http:\/\/support.apple.com\/kb\/ph5042\" target=\"_blank\" rel=\"noopener\">Safari<\/a><\/li>\n<li><a href=\"http:\/\/www.macromedia.com\/support\/documentation\/es\/flashplayer\/help\/settings_manager07.html\" target=\"_blank\" rel=\"noopener\">Flash Player<\/a><\/li>\n<\/ul>\n<\/div>\n<p>[\/vc_column_text][\/vc_column][\/vc_row]<\/p>\n","protected":false},"excerpt":{"rendered":"<p>[vc_row][vc_column][vc_column_text] Informaci\u00f3 general En compliment del que estableix la llei 34\/2002, d\u201911 de juliol de Serveis de la Societat de la informaci\u00f3 i Comer\u00e7 electr\u00f2nic, us comuniquem que el present blog \u00e9s propietat de la Corporaci\u00f3 Sanit\u00e0ria Parc Taul\u00ed, format per: Corporaci\u00f3 Sanit\u00e0ria Parc Tauli. Amb CIF Q5850005I. Ubicat a: Parc del Taul\u00ed 1, 08208 [&hellip;]<\/p>\n","protected":false},"author":3,"featured_media":0,"parent":0,"menu_order":0,"comment_status":"closed","ping_status":"closed","template":"","meta":[],"_links":{"self":[{"href":"http:\/\/www.tauli.cat\/blogs\/wp-json\/wp\/v2\/pages\/28"}],"collection":[{"href":"http:\/\/www.tauli.cat\/blogs\/wp-json\/wp\/v2\/pages"}],"about":[{"href":"http:\/\/www.tauli.cat\/blogs\/wp-json\/wp\/v2\/types\/page"}],"author":[{"embeddable":true,"href":"http:\/\/www.tauli.cat\/blogs\/wp-json\/wp\/v2\/users\/3"}],"replies":[{"embeddable":true,"href":"http:\/\/www.tauli.cat\/blogs\/wp-json\/wp\/v2\/comments?post=28"}],"version-history":[{"count":3,"href":"http:\/\/www.tauli.cat\/blogs\/wp-json\/wp\/v2\/pages\/28\/revisions"}],"predecessor-version":[{"id":187,"href":"http:\/\/www.tauli.cat\/blogs\/wp-json\/wp\/v2\/pages\/28\/revisions\/187"}],"wp:attachment":[{"href":"http:\/\/www.tauli.cat\/blogs\/wp-json\/wp\/v2\/media?parent=28"}],"curies":[{"name":"wp","href":"https:\/\/api.w.org\/{rel}","templated":true}]}}