{"id":30,"date":"2016-02-24T11:49:26","date_gmt":"2016-02-24T11:49:26","guid":{"rendered":"http:\/\/llardaneta.cspt.es\/blogs\/?page_id=30&#038;lang=es"},"modified":"2019-07-19T13:11:37","modified_gmt":"2019-07-19T13:11:37","slug":"aviso-legal","status":"publish","type":"page","link":"http:\/\/www.tauli.cat\/blogs\/aviso-legal\/","title":{"rendered":"Aviso legal"},"content":{"rendered":"<p>[vc_row][vc_column][vc_column_text]<\/p>\n<div class=\"entry-content\">\n<h2>Informaci\u00f3n general<\/h2>\n<p>En cumplimiento de lo que establece la ley 34\/2002, de 11 de julio de servicios de la sociedad de la informaci\u00f3n y comercio electr\u00f3nico, os comunicamos que el presente blog es propiedad de la Corporaci\u00f3 Sanit\u00e0ria Parc Taul\u00ed, formado por:<\/p>\n<ul>\n<li><strong>Corporaci\u00f3 Sanit\u00e0ria Parc Tauli<\/strong>. Con CIF Q5850005I. Ubicado en: Parc del Taul\u00ed 1, 08208 Sabadell (Barcelona).<\/li>\n<li><strong>UDIAT Centre Diagn\u00f2stic<\/strong>. Con CIF A61891156. Ubicado en: Parc del Taul\u00ed 1, 08208 Sabadell (Barcelona).<\/li>\n<li><strong>Sabadell Gent Gran Centre de Serveis<\/strong>. Con CIF A61838744. Ubicado en: Ronda Collsalarca 217-219, 08207 Sabadell (Barcelona).<\/li>\n<li><strong>Fundaci\u00f3 Parc Taul\u00ed<\/strong>. Con CIF G60331238. Ubicado en: Parc del Taul\u00ed 1, 08208 Sabadell (Barcelona).<\/li>\n<\/ul>\n<p>Pod\u00e9is contactar con nosotros en persona o bien por medio de los canales que disponemos en el <a href=\"http:\/\/www.tauli.cat\/blogs\/es\/contacto\/\">siguiente enlace<\/a>.<\/p>\n<h2>Autor\u00eda<\/h2>\n<p>Los blogs del Parc Taul\u00ed se editan y gestionan con el soporte t\u00e9cnico del Comit\u00e9 de Responsables Intranet i Web (CRIW). El CRIW es el encargado del desarrollo de las plataformas intranet i web de la Corporaci\u00f3 Sanit\u00e0ria Parc Taul\u00ed. En el caso concreto de los blogs, define y elabora su dise\u00f1\u00f3, tanto en el \u00e1mbito est\u00e9tico como estructural, y act\u00faa como consejero en la elaboraci\u00f3n de los contenidos, apuntando posibles mejoras y dando indicaciones que faciliten la buena comprensi\u00f3n de los textos.<\/p>\n<h3>Composici\u00f3n del CRIW<\/h3>\n<ul>\n<li><strong>Sandra \u00c0lvaro Brioa<\/strong>. Responsable. Gabinete de Comunicaci\u00f3n. Corporaci\u00f3 Sanit\u00e0ria Parc Taul\u00ed.<\/li>\n<li><strong>Anna Pascual Roca<\/strong>. Coordinaci\u00f3n t\u00e9cnica. Centro de Servicios Inform\u00e1ticos. Corporaci\u00f3 Sanit\u00e0ria Parc Taul\u00ed.<\/li>\n<li><strong>C\u00e8lia Figueras Horcas<\/strong>. Coordinaci\u00f3n de contenidos. Corporaci\u00f3 Sanit\u00e0ria Parc Taul\u00ed.<\/li>\n<li><strong>Marta Fern\u00e1ndez Fern\u00e1ndez<\/strong>. Desarrollo t\u00e9cnico. Gabinete de Comunicaci\u00f3n. Corporaci\u00f3 Sanit\u00e0ria Parc Taul\u00ed.<\/li>\n<li><strong>Roger Sales L\u00f3pez<\/strong>. Dise\u00f1o y multimedia. Fundaci\u00f3 Parc Taul\u00ed.<\/li>\n<li><strong>Nacho Gordon Velasco<\/strong>. An\u00e1lisis y desarrollo t\u00e9cnico. Centro de Servicios Inform\u00e1ticos. Corporaci\u00f3 Sanit\u00e0ria Parc Taul\u00ed.<\/li>\n<\/ul>\n<h2>Financiaci\u00f3n y publicidad<\/h2>\n<p>La Corporaci\u00f3 Sanit\u00e0ria Parc Taul\u00ed, entidad p\u00fablica dependiente del Servei Catal\u00e0 de la Salut (CatSalut), elabora y gestiona los blogs institucionales \u00fanicamente con sus recursos humanos propios. Los blogs no disponen ni reciben financiaci\u00f3n externa de ning\u00fan tipo y tampoco contienen publicidad.<\/p>\n<h2>Privacidad: protecci\u00f3n de datos de car\u00e1cter personal<\/h2>\n<p>En cumplimiento de lo que establece la ley Org\u00e1nica 15\/1999 de 13 de diciembre de Protecci\u00f3n de datos de car\u00e1cter personal, os informamos que los datos personales que nos facilit\u00e9is al suscribiros a este blog, pasan a formar parte de un fichero de datos personales, con la \u00fanica finalidad de ofreceros de manera adecuada los servicios solicitados. Pod\u00e9is ejercer el derecho de acceso, rectificaci\u00f3n, oposici\u00f3n y cancelaci\u00f3n de vuestros datos utilizando los enlaces facilitados al pie de los boletines que se enviar\u00e1n a vuestro correo electr\u00f3nico, o mediante escrito, annexando fotocopia del DNI, dirigido al administrador de ese blog. Para cualquier consulta o aclaraci\u00f3n pod\u00e9is contactar con nosotros en el correo <a href=\"mailto:criw@tauli.cat\">criw@tauli.cat<\/a>. Los correos electr\u00f3nicos de los profesionales que aparecen en este blog se difunden para facilitar la comunicaci\u00f3n entre profesionales y con los ciutadanos. En ning\u00fan caso podr\u00e1n ser utilizados para la difusi\u00f3n de publicidad en cualquiera de sus formatos.<\/p>\n<h2>Propiedad intelectual<\/h2>\n<p>Todos los contenidos y elementos gr\u00e1ficos de este blog forman parte de la Corporaci\u00f3 Sanit\u00e0ria Parc Taul\u00ed o de terceras personas f\u00edsicas o jur\u00eddicas que han autorizado su uso, y quedan protegidos por la legislaci\u00f3n espa\u00f1ola sobre propiedad intelectual e industrial espa\u00f1ola. En cuanto a los elementos gr\u00e1ficos correspondientes a los iconos que acompa\u00f1an al texto, la autor\u00eda corresponde a <a href=\"http:\/\/www.flaticon.com\/authors\/freepik\" target=\"_blank\" rel=\"noopener\">Freepik<\/a> y se han descargado del web <a href=\"http:\/\/www.flaticon.com\" target=\"_blank\" rel=\"noopener\">Flaticon<\/a>, licenciados por <a href=\"http:\/\/creativecommons.org\/licenses\/by\/3.0\/\" target=\"_blank\" rel=\"noopener\">CC BY 3.0<\/a>. Autorizamos la reproducci\u00f3n total o parcial de los contenidos de este blog, siempre que se haga referencia expresa a su origen. La Corporaci\u00f3 Sanit\u00e0ria Parc Taul\u00ed se reserva el derecho a modificar los t\u00e9rminos y condiciones establecidos en este documento.<\/p>\n<h2>Enlaces a otras p\u00e1ginas web<\/h2>\n<p>La Corporaci\u00f3 Sanit\u00e0ria Parc Taul\u00ed facilita, en este blog, enlaces a sitios web de otras sociedades y asociaciones, pero no suscribe ni se responsabiliza obligatoriamente de los contenidos de estas p\u00e1ginas. La finalidad de publicar accesos a estas p\u00e1ginas es siempre informativa y en ning\u00fan caso asistencial.<\/p>\n<h2><a name=\"cookies\"><\/a>Pol\u00edtica de <em>cookies<\/em><\/h2>\n<h3>\u00bfQu\u00e9 son les <em>cookies<\/em>?<\/h3>\n<p>Son peque\u00f1os archivos que algunas plataformas, como las webs, pueden instalar en su ordenador, tel\u00e9fono inteligente, tableta o televisi\u00f3n conectada. Sus funciones pueden ser diversas: almacenar sus preferencias de navegaci\u00f3n o recoger informaci\u00f3n estad\u00edstica, entre otras. A veces, las cookies se utilizan para almacenar informaci\u00f3n b\u00e1sica sobre los h\u00e1bitos de navegaci\u00f3n del usuario o de su equipo, hasta llegar al punto de poder reconocerlo.<\/p>\n<h3>\u00bfQu\u00e9 uso hacemos de las <em>cookies<\/em>?<\/h3>\n<p>Navegar por este portal supone que se pueden instalar los siguientes tipos de cookies:<\/p>\n<ul>\n<li><strong>Cookies de mejora del rendimiento:\u00a0<\/strong>Este tipo de cookies conservan vuestras preferencias para ciertas herramientas o servicios, ahorrando el hecho de tener de configurarlas de nuevo cada vez que volv\u00e1is a visitar nuetro portal y, en determinados casos, pueden ser aportadas por terceros. Algunos ejemplos son: nombre de usuario, idioma del sitio o preferencias de ordenaci\u00f3n de art\u00edculos.<\/li>\n<li><strong>Cookies de an\u00e1lisis estad\u00edstico:<\/strong> Son las que permiten cuantificar el nombre de visitantes y analizar estad\u00edsticamente el uso que se hace de nuestros servicios. Gracias a ellas, podemos estudiar la navegaci\u00f3n por nuestro blog y mejorar la oferta de los servicios que ofrecemos.<\/li>\n<li><strong>Cookies de geolocalizaci\u00f3n:<\/strong> Estas cookies son utilizadas por programas que intentan localizar geogr\u00e1ficament la situaci\u00f3n del ordenador, tel\u00e9fono inteligente, tableta o televisi\u00f3n conectada, de manera que bajo el m\u00e1s absoluto anonimato, se puedan ofrecer contenidos y servicios m\u00e1s adecuados.<\/li>\n<li><strong>Otras cookies de terceros:<\/strong> Algunas de nuestras p\u00e1ginas pueden instalar cookies que permiten gestionar y mejorar el servicio que estas ofrecen. Un ejemplo de este uso podr\u00edan ser los enlaces a redes sociales que permiten compartir nuestros contenidos.<\/li>\n<\/ul>\n<h3>Modificaci\u00f3n de las preferencias de las <em>cookies<\/em><\/h3>\n<p>Pod\u00e9is permitir, bloquear o eliminar las cookies instaladas en vuestro equipo mediante la configuraci\u00f3n de las opciones del navegador de Internet. En el caso de que las bloque\u00e9is, es posible que ciertos servicios que requieren de su uso no est\u00e9n disponibles. En los siguientes enlaces encontrar\u00e9is informaci\u00f3n sobre como pod\u00e9is activar vuestras preferencias en los principales navegadores:<\/p>\n<ul>\n<li><a href=\"https:\/\/support.google.com\/chrome\/answer\/95647?hl=es\" target=\"_blank\" rel=\"noopener\">Google Chrome<\/a><\/li>\n<li><a href=\"https:\/\/support.mozilla.org\/es\/kb\/cookies-informacion-que-los-sitios-web-guardan-en-?redirectlocale=en-US&amp;redirectslug=Cookies\" target=\"_blank\" rel=\"noopener\">Mozilla Firefox<\/a><\/li>\n<li><a href=\"http:\/\/support.microsoft.com\/kb\/196955\/es\" target=\"_blank\" rel=\"noopener\">Internet Explorer<\/a><\/li>\n<li><a href=\"http:\/\/support.apple.com\/kb\/ph5042\" target=\"_blank\" rel=\"noopener\">Safari<\/a><\/li>\n<li><a href=\"http:\/\/www.macromedia.com\/support\/documentation\/es\/flashplayer\/help\/settings_manager07.html\" target=\"_blank\" rel=\"noopener\">Flash Player<\/a><\/li>\n<\/ul>\n<\/div>\n<p>[\/vc_column_text][\/vc_column][\/vc_row]<\/p>\n","protected":false},"excerpt":{"rendered":"<p>[vc_row][vc_column][vc_column_text] Informaci\u00f3n general En cumplimiento de lo que establece la ley 34\/2002, de 11 de julio de servicios de la sociedad de la informaci\u00f3n y comercio electr\u00f3nico, os comunicamos que el presente blog es propiedad de la Corporaci\u00f3 Sanit\u00e0ria Parc Taul\u00ed, formado por: Corporaci\u00f3 Sanit\u00e0ria Parc Tauli. Con CIF Q5850005I. Ubicado en: Parc del Taul\u00ed [&hellip;]<\/p>\n","protected":false},"author":3,"featured_media":0,"parent":0,"menu_order":0,"comment_status":"closed","ping_status":"closed","template":"","meta":[],"_links":{"self":[{"href":"http:\/\/www.tauli.cat\/blogs\/wp-json\/wp\/v2\/pages\/30"}],"collection":[{"href":"http:\/\/www.tauli.cat\/blogs\/wp-json\/wp\/v2\/pages"}],"about":[{"href":"http:\/\/www.tauli.cat\/blogs\/wp-json\/wp\/v2\/types\/page"}],"author":[{"embeddable":true,"href":"http:\/\/www.tauli.cat\/blogs\/wp-json\/wp\/v2\/users\/3"}],"replies":[{"embeddable":true,"href":"http:\/\/www.tauli.cat\/blogs\/wp-json\/wp\/v2\/comments?post=30"}],"version-history":[{"count":4,"href":"http:\/\/www.tauli.cat\/blogs\/wp-json\/wp\/v2\/pages\/30\/revisions"}],"predecessor-version":[{"id":188,"href":"http:\/\/www.tauli.cat\/blogs\/wp-json\/wp\/v2\/pages\/30\/revisions\/188"}],"wp:attachment":[{"href":"http:\/\/www.tauli.cat\/blogs\/wp-json\/wp\/v2\/media?parent=30"}],"curies":[{"name":"wp","href":"https:\/\/api.w.org\/{rel}","templated":true}]}}