{"id":32,"date":"2016-02-24T11:51:10","date_gmt":"2016-02-24T11:51:10","guid":{"rendered":"http:\/\/llardaneta.cspt.es\/blogs\/?page_id=32"},"modified":"2020-11-09T08:44:45","modified_gmt":"2020-11-09T08:44:45","slug":"contacte","status":"publish","type":"page","link":"http:\/\/www.tauli.cat\/blogs\/contacte\/","title":{"rendered":"Contacte"},"content":{"rendered":"<p>[vc_row][vc_column][vc_column_text]Els <strong>blogs del Parc Taul\u00ed<\/strong> volen ser un espai obert de comunicaci\u00f3 amb tots els professionals del sector sanitari, per compartir els temes que puguin ser d\u2019inter\u00e8s com\u00fa en relaci\u00f3 amb la tem\u00e0tica de cadascun dels blogs individuals. Els continguts s\u2019ofereixen en diferents formats: not\u00edcies, entrevistes, reportatges, articles d\u2019opini\u00f3, v\u00eddeos o audiovisual, entre d\u2019altres.<\/p>\n<p>El blogs s\u2019editen des de la Corporaci\u00f3 Sanit\u00e0ria Parc Taul\u00ed, gestionats pel Departament de Comunicaci\u00f3 i Multim\u00e8dia.<\/p>\n<h3>Contacta amb nosaltres<\/h3>\n<p>[\/vc_column_text][vc_row_inner][vc_column_inner width=&#8221;1\/2&#8243;]<div role=\"form\" class=\"wpcf7\" id=\"wpcf7-f87-o1\" lang=\"ca\" dir=\"ltr\">\n<div class=\"screen-reader-response\"><p role=\"status\" aria-live=\"polite\" aria-atomic=\"true\"><\/p> <ul><\/ul><\/div>\n<form action=\"\/blogs\/wp-json\/wp\/v2\/pages\/32#wpcf7-f87-o1\" method=\"post\" class=\"wpcf7-form init\" novalidate=\"novalidate\" data-status=\"init\">\n<div style=\"display: none;\">\n<input type=\"hidden\" name=\"_wpcf7\" value=\"87\" \/>\n<input type=\"hidden\" name=\"_wpcf7_version\" value=\"5.5.6.1\" \/>\n<input type=\"hidden\" name=\"_wpcf7_locale\" value=\"ca\" \/>\n<input type=\"hidden\" name=\"_wpcf7_unit_tag\" value=\"wpcf7-f87-o1\" \/>\n<input type=\"hidden\" name=\"_wpcf7_container_post\" value=\"0\" \/>\n<input type=\"hidden\" name=\"_wpcf7_posted_data_hash\" value=\"\" \/>\n<\/div>\n<p><span class=\"wpcf7-form-control-wrap your-name\"><input type=\"text\" name=\"your-name\" value=\"\" size=\"40\" class=\"wpcf7-form-control wpcf7-text wpcf7-validates-as-required\" aria-required=\"true\" aria-invalid=\"false\" placeholder=\"Nom i cognoms\" \/><\/span><\/p>\n<p><span class=\"wpcf7-form-control-wrap your-email\"><input type=\"email\" name=\"your-email\" value=\"\" size=\"40\" class=\"wpcf7-form-control wpcf7-text wpcf7-email wpcf7-validates-as-required wpcf7-validates-as-email\" aria-required=\"true\" aria-invalid=\"false\" placeholder=\"Correu electr\u00f2nic\" \/><\/span><\/p>\n<p><span class=\"wpcf7-form-control-wrap your-message\"><textarea name=\"your-message\" cols=\"40\" rows=\"3\" class=\"wpcf7-form-control wpcf7-textarea wpcf7-validates-as-required\" aria-required=\"true\" aria-invalid=\"false\" placeholder=\"El teu missatge\"><\/textarea><\/span><\/p>\n<p><span class=\"wpcf7-form-control-wrap acceptance-574\"><span class=\"wpcf7-form-control wpcf7-acceptance\"><span class=\"wpcf7-list-item\"><label><input type=\"checkbox\" name=\"acceptance-574\" value=\"1\" aria-invalid=\"false\" \/><span class=\"wpcf7-list-item-label\">He llegit i accepto la <a href=\"https:\/\/www.tauli.cat\/tauli\/politica-de-privacitat\" target=\"_blank\">pol\u00edtica de privacitat<\/a><\/span><\/label><\/span><\/span><\/span><\/p>\n<p><input type=\"submit\" value=\"Enviar\" class=\"wpcf7-form-control has-spinner wpcf7-submit\" \/><\/p>\n<p style=\"display: none !important;\"><label>&#916;<textarea name=\"_wpcf7_ak_hp_textarea\" cols=\"45\" rows=\"8\" maxlength=\"100\"><\/textarea><\/label><input type=\"hidden\" id=\"ak_js_1\" name=\"_wpcf7_ak_js\" value=\"228\"\/><script>document.getElementById( \"ak_js_1\" ).setAttribute( \"value\", ( new Date() ).getTime() );<\/script><\/p><div class=\"wpcf7-response-output\" aria-hidden=\"true\"><\/div><\/form><\/div>[\/vc_column_inner][vc_column_inner width=&#8221;1\/2&#8243;][vc_column_text]Parc del Taul\u00ed 1<br \/>\n08208 Sabadell (Barcelona)[\/vc_column_text][vc_raw_html]JTNDcCUzRSUzQ3NwYW4lMjBjbGFzcyUzRCUyMmZhJTIwZmEtcGhvbmUlMjIlM0UlM0MlMkZzcGFuJTNFJTIwOTMlMjA3NDUlMjA4MyUyMDgwJTNDYnIlM0UlMEElM0NzcGFuJTIwY2xhc3MlM0QlMjJmYSUyMGZhLWVudmVsb3BlLW8lMjIlM0UlM0MlMkZzcGFuJTNFJTIwJTNDYSUyMGhyZWYlM0QlMjJtYWlsdG8lM0Fjb211bmljYWNpbyU0MHRhdWxpLmNhdCUyMiUzRWNvbXVuaWNhY2lvJTQwdGF1bGkuY2F0JTNDJTJGYSUzRSUzQ2JyJTNFJTBBJTNDc3BhbiUyMGNsYXNzJTNEJTIyZmElMjBmYS1leHRlcm5hbC1saW5rJTIyJTNFJTNDJTJGc3BhbiUzRSUyMCUzQ2ElMjBocmVmJTNEJTIyaHR0cCUzQSUyRiUyRnd3dy50YXVsaS5jYXQlMjIlMjB0YXJnZXQlM0QlMjJfYmxhbmslMjIlM0V3d3cudGF1bGkuY2F0JTNDJTJGYSUzRSUzQyUyRnAlM0U=[\/vc_raw_html][vc_column_text]<img loading=\"lazy\" class=\"alignnone size-full wp-image-101\" src=\"http:\/\/www.tauli.cat\/blogs\/wp-content\/uploads\/2016\/02\/Logo_CCSPT2016_small-color.jpg\" alt=\"logo_ccspt2016_small-color\" width=\"227\" height=\"60\" \/>[\/vc_column_text][\/vc_column_inner][\/vc_row_inner][\/vc_column][\/vc_row]<\/p>\n","protected":false},"excerpt":{"rendered":"<p>[vc_row][vc_column][vc_column_text]Els blogs del Parc Taul\u00ed volen ser un espai obert de comunicaci\u00f3 amb tots els professionals del sector sanitari, per compartir els temes que puguin ser d\u2019inter\u00e8s com\u00fa en relaci\u00f3 amb la tem\u00e0tica de cadascun dels blogs individuals. Els continguts s\u2019ofereixen en diferents formats: not\u00edcies, entrevistes, reportatges, articles d\u2019opini\u00f3, v\u00eddeos o audiovisual, entre d\u2019altres. El [&hellip;]<\/p>\n","protected":false},"author":3,"featured_media":0,"parent":0,"menu_order":0,"comment_status":"closed","ping_status":"closed","template":"","meta":[],"_links":{"self":[{"href":"http:\/\/www.tauli.cat\/blogs\/wp-json\/wp\/v2\/pages\/32"}],"collection":[{"href":"http:\/\/www.tauli.cat\/blogs\/wp-json\/wp\/v2\/pages"}],"about":[{"href":"http:\/\/www.tauli.cat\/blogs\/wp-json\/wp\/v2\/types\/page"}],"author":[{"embeddable":true,"href":"http:\/\/www.tauli.cat\/blogs\/wp-json\/wp\/v2\/users\/3"}],"replies":[{"embeddable":true,"href":"http:\/\/www.tauli.cat\/blogs\/wp-json\/wp\/v2\/comments?post=32"}],"version-history":[{"count":7,"href":"http:\/\/www.tauli.cat\/blogs\/wp-json\/wp\/v2\/pages\/32\/revisions"}],"predecessor-version":[{"id":202,"href":"http:\/\/www.tauli.cat\/blogs\/wp-json\/wp\/v2\/pages\/32\/revisions\/202"}],"wp:attachment":[{"href":"http:\/\/www.tauli.cat\/blogs\/wp-json\/wp\/v2\/media?parent=32"}],"curies":[{"name":"wp","href":"https:\/\/api.w.org\/{rel}","templated":true}]}}