{"id":34,"date":"2016-02-24T11:51:29","date_gmt":"2016-02-24T11:51:29","guid":{"rendered":"http:\/\/llardaneta.cspt.es\/blogs\/?page_id=34&#038;lang=es"},"modified":"2016-11-23T09:26:37","modified_gmt":"2016-11-23T09:26:37","slug":"contacto","status":"publish","type":"page","link":"http:\/\/www.tauli.cat\/blogs\/contacto\/","title":{"rendered":"Contacto"},"content":{"rendered":"<p>[vc_row][vc_column][vc_column_text]<\/p>\n<div class=\"entry-content\">\n<p>[\/vc_column_text][\/vc_column][\/vc_row][vc_row][vc_column][vc_column_text]Los <strong>blogs del Parc Taul\u00ed <\/strong>quieren ser un espacio abierto de comunicaci\u00f3n con todos los profesionales del sector sanitario, para compartir temas que puedan ser de inter\u00e9s com\u00fan en relaci\u00f3n con la tem\u00e1tica de cada uno de los blogs individuales. Los contenidos se ofrecen en diferentes secciones o categor\u00edas: noticias, entrevistas, reportajes, art\u00edculos de opini\u00f3n, v\u00eddeos o audiovisual, entre otros.<\/p>\n<p>Los blogs se editan desde la Corporaci\u00f3 Sanit\u00e0ria Parc Taul\u00ed, gestionados por el Comit\u00e9 de Responsables Intranet i Web (CRIW).<\/p>\n<h3>Contacta con el CRIW<\/h3>\n<p>[\/vc_column_text][vc_row_inner][vc_column_inner width=&#8221;1\/2&#8243;]<div role=\"form\" class=\"wpcf7\" id=\"wpcf7-f88-o1\" lang=\"ca\" dir=\"ltr\">\n<div class=\"screen-reader-response\"><p role=\"status\" aria-live=\"polite\" aria-atomic=\"true\"><\/p> <ul><\/ul><\/div>\n<form action=\"\/blogs\/wp-json\/wp\/v2\/pages\/34#wpcf7-f88-o1\" method=\"post\" class=\"wpcf7-form init\" novalidate=\"novalidate\" data-status=\"init\">\n<div style=\"display: none;\">\n<input type=\"hidden\" name=\"_wpcf7\" value=\"88\" \/>\n<input type=\"hidden\" name=\"_wpcf7_version\" value=\"5.5.6.1\" \/>\n<input type=\"hidden\" name=\"_wpcf7_locale\" value=\"ca\" \/>\n<input type=\"hidden\" name=\"_wpcf7_unit_tag\" value=\"wpcf7-f88-o1\" \/>\n<input type=\"hidden\" name=\"_wpcf7_container_post\" value=\"0\" \/>\n<input type=\"hidden\" name=\"_wpcf7_posted_data_hash\" value=\"\" \/>\n<\/div>\n<p><span class=\"wpcf7-form-control-wrap your-name\"><input type=\"text\" name=\"your-name\" value=\"\" size=\"40\" class=\"wpcf7-form-control wpcf7-text wpcf7-validates-as-required\" aria-required=\"true\" aria-invalid=\"false\" placeholder=\"Nombre y apellidos\" \/><\/span><\/p>\n<p><span class=\"wpcf7-form-control-wrap your-email\"><input type=\"email\" name=\"your-email\" value=\"\" size=\"40\" class=\"wpcf7-form-control wpcf7-text wpcf7-email wpcf7-validates-as-required wpcf7-validates-as-email\" aria-required=\"true\" aria-invalid=\"false\" placeholder=\"Correo electr\u00f3nico\" \/><\/span><\/p>\n<p><span class=\"wpcf7-form-control-wrap your-message\"><textarea name=\"your-message\" cols=\"40\" rows=\"3\" class=\"wpcf7-form-control wpcf7-textarea wpcf7-validates-as-required\" aria-required=\"true\" aria-invalid=\"false\" placeholder=\"Tu mensaje\"><\/textarea><\/span><\/p>\n<p>[recaptcha]<\/p>\n<p><input type=\"submit\" value=\"Enviar\" class=\"wpcf7-form-control has-spinner wpcf7-submit\" \/><\/p>\n<p style=\"display: none !important;\"><label>&#916;<textarea name=\"_wpcf7_ak_hp_textarea\" cols=\"45\" rows=\"8\" maxlength=\"100\"><\/textarea><\/label><input type=\"hidden\" id=\"ak_js_1\" name=\"_wpcf7_ak_js\" value=\"224\"\/><script>document.getElementById( \"ak_js_1\" ).setAttribute( \"value\", ( new Date() ).getTime() );<\/script><\/p><div class=\"wpcf7-response-output\" aria-hidden=\"true\"><\/div><\/form><\/div>[\/vc_column_inner][vc_column_inner width=&#8221;1\/2&#8243;][vc_column_text]Parc del Taul\u00ed 1<br \/>\n08208 Sabadell (Barcelona)[\/vc_column_text][vc_raw_html]JTNDcCUzRSUzQ3NwYW4lMjBjbGFzcyUzRCUyMmZhJTIwZmEtcGhvbmUlMjIlM0UlM0MlMkZzcGFuJTNFJTIwOTMlMjA3NDUlMjA4MyUyMDgwJTNDYnIlM0UlMEElM0NzcGFuJTIwY2xhc3MlM0QlMjJmYSUyMGZhLWVudmVsb3BlLW8lMjIlM0UlM0MlMkZzcGFuJTNFJTIwJTNDYSUyMGhyZWYlM0QlMjJtYWlsdG8lM0Fjcml3JTQwdGF1bGkuY2F0JTIyJTNFY3JpdyU0MHRhdWxpLmNhdCUzQyUyRmElM0UlM0NiciUzRSUwQSUzQ3NwYW4lMjBjbGFzcyUzRCUyMmZhJTIwZmEtZXh0ZXJuYWwtbGluayUyMiUzRSUzQyUyRnNwYW4lM0UlMjAlM0NhJTIwaHJlZiUzRCUyMmh0dHAlM0ElMkYlMkZ3d3cudGF1bGkuY2F0JTIyJTIwdGFyZ2V0JTNEJTIyX2JsYW5rJTIyJTNFd3d3LnRhdWxpLmNhdCUzQyUyRmElM0UlM0MlMkZwJTNF[\/vc_raw_html][vc_column_text]<img loading=\"lazy\" class=\"alignnone size-full wp-image-101\" src=\"http:\/\/www.tauli.cat\/blogs\/wp-content\/uploads\/2016\/02\/Logo_CCSPT2016_small-color.jpg\" alt=\"logo_ccspt2016_small-color\" width=\"227\" height=\"60\" \/>[\/vc_column_text][\/vc_column_inner][\/vc_row_inner][\/vc_column][\/vc_row][vc_row][vc_column][vc_column_text]<\/p>\n<\/div>\n<p>[\/vc_column_text][\/vc_column][\/vc_row]<\/p>\n","protected":false},"excerpt":{"rendered":"<p>[vc_row][vc_column][vc_column_text] [\/vc_column_text][\/vc_column][\/vc_row][vc_row][vc_column][vc_column_text]Los blogs del Parc Taul\u00ed quieren ser un espacio abierto de comunicaci\u00f3n con todos los profesionales del sector sanitario, para compartir temas que puedan ser de inter\u00e9s com\u00fan en relaci\u00f3n con la tem\u00e1tica de cada uno de los blogs individuales. Los contenidos se ofrecen en diferentes secciones o categor\u00edas: noticias, entrevistas, reportajes, art\u00edculos de [&hellip;]<\/p>\n","protected":false},"author":3,"featured_media":0,"parent":0,"menu_order":0,"comment_status":"closed","ping_status":"closed","template":"","meta":[],"_links":{"self":[{"href":"http:\/\/www.tauli.cat\/blogs\/wp-json\/wp\/v2\/pages\/34"}],"collection":[{"href":"http:\/\/www.tauli.cat\/blogs\/wp-json\/wp\/v2\/pages"}],"about":[{"href":"http:\/\/www.tauli.cat\/blogs\/wp-json\/wp\/v2\/types\/page"}],"author":[{"embeddable":true,"href":"http:\/\/www.tauli.cat\/blogs\/wp-json\/wp\/v2\/users\/3"}],"replies":[{"embeddable":true,"href":"http:\/\/www.tauli.cat\/blogs\/wp-json\/wp\/v2\/comments?post=34"}],"version-history":[{"count":11,"href":"http:\/\/www.tauli.cat\/blogs\/wp-json\/wp\/v2\/pages\/34\/revisions"}],"predecessor-version":[{"id":102,"href":"http:\/\/www.tauli.cat\/blogs\/wp-json\/wp\/v2\/pages\/34\/revisions\/102"}],"wp:attachment":[{"href":"http:\/\/www.tauli.cat\/blogs\/wp-json\/wp\/v2\/media?parent=34"}],"curies":[{"name":"wp","href":"https:\/\/api.w.org\/{rel}","templated":true}]}}