{"id":1168,"date":"2023-07-04T09:39:19","date_gmt":"2023-07-04T07:39:19","guid":{"rendered":"https:\/\/www.tauli.cat\/activitat\/?page_id=1168"},"modified":"2023-08-24T11:17:41","modified_gmt":"2023-08-24T09:17:41","slug":"formacio-de-professionals-2","status":"publish","type":"page","link":"https:\/\/www.tauli.cat\/activitat\/i3pt\/memoria-cientifica\/o2022\/persones\/formacio-de-professionals-2\/","title":{"rendered":"Formaci\u00f3 de professionals"},"content":{"rendered":"[vc_row][vc_column][vc_column_text]L&#8217;Institut elabora un Pla de Formaci\u00f3 orientat als seus professionals amb l&#8217;objectiu de refor\u00e7ar els coneixements i cubrir les seves necessitats formatives de l&#8217;\u00e0mbit cient\u00edfic i de gesti\u00f3.<\/p>\n<p>El Pla est\u00e0 estructurat en 3 l\u00ednies estrat\u00e8giques, a trav\u00e9s de les quals s&#8217;organitzen diferents activitats.<\/p>\n<ol>\n<li>L\u00ednia estrat\u00e8gica 1: Augmentar la massa cr\u00edtica investigadora i innovadora<\/li>\n<li>L\u00ednia estrat\u00e8gica 2: Fomentar les compet\u00e8ncies transversals de lideratge<\/li>\n<li>L\u00ednia estrat\u00e8gica 3: Formaci\u00f3 t\u00e8cnica especialitzada<\/li>\n<\/ol>\n[\/vc_column_text]<h2 class=\"eut-element eut-align-left eut-title-no-line\" style=\"\"><span>L\u00ednia estrat\u00e8gica 1: Augmentar la massa cr\u00edtica investigadora i innovadora<\/span><\/h2><h4 class=\"eut-element eut-align-left eut-title-no-line\" style=\"\"><span>Oferta formativa<\/span><\/h4>[vc_row_inner][vc_column_inner width=&#8221;1\/4&#8243;]<div class=\"eut-element eut-box-icon eut-align-left eut-large eut-animated-item eut-fadeInDown\" style=\"\" data-delay=\"200\"><div class=\"eut-image-icon\"><img loading=\"lazy\" decoding=\"async\" width=\"512\" height=\"512\" src=\"https:\/\/www.tauli.cat\/activitat\/wp-content\/uploads\/2022\/07\/sombrero-de-graduacion.png\" class=\"attachment-full size-full\" alt=\"\" srcset=\"https:\/\/www.tauli.cat\/activitat\/wp-content\/uploads\/2022\/07\/sombrero-de-graduacion.png 512w, https:\/\/www.tauli.cat\/activitat\/wp-content\/uploads\/2022\/07\/sombrero-de-graduacion-300x300.png 300w, https:\/\/www.tauli.cat\/activitat\/wp-content\/uploads\/2022\/07\/sombrero-de-graduacion-150x150.png 150w\" sizes=\"(max-width: 512px) 100vw, 512px\" \/><\/div>  <div class=\"eut-box-content\">      <h3 class=\"eut-box-title\">9<\/h3>    <p class=\"\">Seminaris<\/p>  <\/div><\/div>[\/vc_column_inner][vc_column_inner width=&#8221;1\/4&#8243;]<div class=\"eut-element eut-box-icon eut-align-left eut-large eut-animated-item eut-fadeInDown\" style=\"\" data-delay=\"200\"><div class=\"eut-image-icon\"><img loading=\"lazy\" decoding=\"async\" width=\"512\" height=\"512\" src=\"https:\/\/www.tauli.cat\/activitat\/wp-content\/uploads\/2022\/07\/computadora.png\" class=\"attachment-full size-full\" alt=\"\" srcset=\"https:\/\/www.tauli.cat\/activitat\/wp-content\/uploads\/2022\/07\/computadora.png 512w, https:\/\/www.tauli.cat\/activitat\/wp-content\/uploads\/2022\/07\/computadora-300x300.png 300w, https:\/\/www.tauli.cat\/activitat\/wp-content\/uploads\/2022\/07\/computadora-150x150.png 150w\" sizes=\"(max-width: 512px) 100vw, 512px\" \/><\/div>  <div class=\"eut-box-content\">      <h3 class=\"eut-box-title\">9<\/h3>    <p class=\"\">Confer\u00e8ncies cient\u00edfiques<\/p>  <\/div><\/div>[\/vc_column_inner][vc_column_inner width=&#8221;1\/4&#8243;]<div class=\"eut-element eut-box-icon eut-align-left eut-large eut-animated-item eut-fadeInDown\" style=\"\" data-delay=\"200\"><div class=\"eut-image-icon\"><img loading=\"lazy\" decoding=\"async\" width=\"512\" height=\"512\" src=\"https:\/\/www.tauli.cat\/activitat\/wp-content\/uploads\/2022\/07\/diploma.png\" class=\"attachment-full size-full\" alt=\"\" srcset=\"https:\/\/www.tauli.cat\/activitat\/wp-content\/uploads\/2022\/07\/diploma.png 512w, https:\/\/www.tauli.cat\/activitat\/wp-content\/uploads\/2022\/07\/diploma-300x300.png 300w, https:\/\/www.tauli.cat\/activitat\/wp-content\/uploads\/2022\/07\/diploma-150x150.png 150w\" sizes=\"(max-width: 512px) 100vw, 512px\" \/><\/div>  <div class=\"eut-box-content\">      <h3 class=\"eut-box-title\">16<\/h3>    <p class=\"\">Formaci\u00f3 a noves incorporacions<\/p>  <\/div><\/div>[\/vc_column_inner][vc_column_inner width=&#8221;1\/4&#8243;]<div class=\"eut-element eut-box-icon eut-align-left eut-large eut-animated-item eut-fadeInDown\" style=\"\" data-delay=\"200\"><div class=\"eut-image-icon\"><img loading=\"lazy\" decoding=\"async\" width=\"512\" height=\"512\" src=\"https:\/\/www.tauli.cat\/activitat\/wp-content\/uploads\/2023\/07\/investigacion.png\" class=\"attachment-full size-full\" alt=\"\" srcset=\"https:\/\/www.tauli.cat\/activitat\/wp-content\/uploads\/2023\/07\/investigacion.png 512w, https:\/\/www.tauli.cat\/activitat\/wp-content\/uploads\/2023\/07\/investigacion-300x300.png 300w, https:\/\/www.tauli.cat\/activitat\/wp-content\/uploads\/2023\/07\/investigacion-150x150.png 150w\" sizes=\"(max-width: 512px) 100vw, 512px\" \/><\/div>  <div class=\"eut-box-content\">      <h3 class=\"eut-box-title\">10<\/h3>    <p class=\"\">Formaci\u00f3 en Recerca, Desenvolupament i Innovaci\u00f3 (R+D+i)<\/p>  <\/div><\/div>[\/vc_column_inner][\/vc_row_inner][vc_column_text animation=&#8221;fadeIn&#8221;]\n<h3>Seminaris I3PT<\/h3>\n<p>Els\u00a0<strong>Seminaris I3PT\u00a0<\/strong>estan oberts a tot el personal del Parc Taul\u00ed amb inter\u00e8s en con\u00e8ixer l\u2019activitat de recerca i innovaci\u00f3 dels grups de recerca acreditats per l\u2019Institut.<\/p>\n<p>Un cop al mes diferents grups fan una\u00a0<strong>breu presentaci\u00f3 virtual dels projectes<\/strong> que estan duent a terme, comparteixen la metodologia i t\u00e8cniques d\u2019estudi i s&#8217;identifiquen possibles col\u00b7laboracions entre grups.<\/p>\n<p><strong>Gener<\/strong><\/p>\n<ol>\n<li><b>Paula Ribera<br \/>\n<\/b><i>Telemedicina en Oncologia. Estudi ONCOVID Vacunas<\/i><\/li>\n<li><b>Xavier Pelfort<br \/>\n<\/b><i>Lesions<\/i> <i>multilligamentaries<\/i><i> del <\/i><i>genoll<\/i><i>. <\/i><i>Ens<\/i> <i>pot<\/i> <i>ajudar<\/i><i> la <\/i><i>impresi\u00f3<\/i><i> 3D per <\/i><i>millorar<\/i> <i>els<\/i> <i>nostres<\/i> <i>resultats<\/i><i>?<\/i><\/li>\n<\/ol>\n<p><strong>Febrer<\/strong><\/p>\n<ol>\n<li><b>Roser Ayats<br \/>\n<\/b><i>Efecte de la suplementaci\u00f3 amb \u00e0cid docosahexaenoic (DHA) en pacients pedi\u00e0trics amb Fibrosi Qu\u00edstica<\/i><\/li>\n<li><b>Albert Malet<\/b><b><br \/>\n<\/b><i>IA en el diagn\u00f2stic per la imatge<\/i><\/li>\n<li><b>Miquel Gallego<br \/>\n<\/b><i>I<\/i><i>nflu\u00e8ncia<\/i><i> de la <\/i><i>vacunaci\u00f3<\/i><i> antigripal a la <\/i><i>infecci\u00f3<\/i><i> per COVID<\/i><\/li>\n<\/ol>\n<p><strong>Mar\u00e7<\/strong><\/p>\n<ol>\n<li><b>Laura Mora<br \/>\n<\/b><i>L\u00ednies de recerca en cirurgia colorectal m\u00ednimament invasiva<\/i><\/li>\n<li><b>Ariadna Cidoncha<br \/>\n<\/b><i>Prevenci\u00f3 secund\u00e0ria en pacient politraum\u00e0tic<\/i><\/li>\n<li><b>S\u00edlvia Gil<br \/>\n<\/b><i>Noves estrat\u00e8gies\u00a0diagn\u00f2stiques i de tractament amb una potencial aplicabilitat cl\u00ednica\u00a0en neuro-oncologia<\/i><\/li>\n<\/ol>\n<p><strong>Abril<\/strong><\/p>\n<ol>\n<li><b>Esperan\u00e7a Ant\u00f3n<br \/>\n<\/b><i>Valoraci\u00f3 <\/i><i>Geri\u00e0trica Integral en una Unitat de Convalesc\u00e8ncia: Un projece d&#8217;implementaci\u00f3 de <\/i><i>bones pr\u00e0ctiques<\/i><\/li>\n<li><i><\/i><b>Leonardo Sarlabous<br \/>\n<\/b><i>Intel\u00b7lig\u00e8ncia artificial per detectar \u201cair hunger\u201d en pacients cr\u00edtics en ventilaci\u00f3 mec\u00e0nica<\/i><\/li>\n<\/ol>\n<p><strong>Maig<\/strong><\/p>\n<ol>\n<li><b>\u00d2scar Quijada<br \/>\n<\/b><i>\u00das<\/i><i> de <\/i><i>t\u00e8cniques<\/i><i> de <\/i><i>seq\u00fcenciaci\u00f3<\/i> <i>massiva<\/i><i> per la <\/i><i>detecci\u00f3<\/i><i> de <\/i><i>bacteris<\/i><i> en <\/i><i>pacients<\/i> <i>amb<\/i> <i>sospita<\/i><i> de <\/i><i>s\u00e8psia<\/i> <i>i la <\/i><i>caracteritzaci\u00f3<\/i><i> de soques <\/i><i>bacterianes<\/i> <i>a\u00efllades<\/i><i> del <\/i><i>torrent<\/i> <i>circulatori<\/i><\/li>\n<li><b>M<\/b><b>arta Camprub\u00ed<br \/>\n<\/b><i>Models<\/i> <i>experimentals<\/i><i> de <\/i><i>s\u00e8psia<\/i> <i>i <\/i><i>lesi\u00f3<\/i><i> pulmonar aguda i noves <\/i><i>estrat\u00e8gies<\/i> <i>terap\u00e8utiques<\/i><\/li>\n<\/ol>\n<p><strong>Juny<\/strong><\/p>\n<ol>\n<li><b>Maria L\u00f3pez-Parra<br \/>\n<\/b><i>Assaig cl\u00ednic aleatoritzat de comparaci\u00f3 de 5 tipus d&#8217;ap\u00f2sits a les ferides per cirurgia ortop\u00e8dica prim\u00e0ria d&#8217;artropl\u00e0stia total de maluc i\/o genoll<\/i><\/li>\n<li><i><\/i><b>Jes\u00fas Cobo<br \/>\n<\/b><i>Projectes de Salut Mental Perinatal<\/i><i><\/i><\/li>\n<\/ol>\n<p><strong>Juliol<\/strong><\/p>\n<ol>\n<li><b>Laia Casamitjana<br \/>\n<\/b><i>One Year of Recombinant Human Growth Hormone Treatment in Adults with Prader-Willi Syndrome Improves Body Composition, Motor Skills and Brain Functional Activity in the Cerebellum<\/i><\/li>\n<li><i><\/i><b>Joaquim Oristrell<br \/>\n<\/b><i>\u00das de la Intel\u00b7lig\u00e8ncia artificial per a predir l&#8217;estada hospital\u00e0ria<\/i><\/li>\n<\/ol>\n<p><strong>Novembre<\/strong><\/p>\n<ol>\n<li><b>Ismael \u00c1vila<br \/>\n<\/b><i>Node Taul\u00ed: metodologia de Boston aplicada al nostre ecosistema<\/i><\/li>\n<li><i><\/i><b>\u00c0lex Mayer<br \/>\n<\/b><i><i><i>Investigaci\u00f3 amb dades cl\u00edniques reals: projecte de GEM-COVID emmarcat en OHDISI<\/i><\/i><\/i><\/li>\n<\/ol>\n<p><strong>Devembre<\/strong><\/p>\n<ol>\n<li><b>Judit Domingo<br \/>\n<\/b><i><i><\/i><\/i><i>Coneix<\/i> <i>ITEMAS: <\/i><i>industrialitzar<\/i><i> a partir de la <\/i><i>innovaci\u00f3<\/i><i> en <\/i><i>salut<\/i><\/li>\n<li><i><\/i><b>V\u00edctor Mart\u00ednez-Glez<br \/>\n<\/b><i>Center <\/i><i>for Genomic Medicine and Research Opportunities<\/i><\/li>\n<\/ol>\n[\/vc_column_text][vc_column_text animation=&#8221;fadeIn&#8221;]\n<h3><span class=\"JsGRdQ\"><strong>Cicle de Confer\u00e8ncies Cient\u00edfiques<\/strong><\/span><\/h3>\n<p>Gr\u00e0cies a l&#8217;\u00e8xit aconseguit al 2021, l\u2019I3PT ha organitzat un segon <span class=\"JsGRdQ\"><strong>Cicle de Confer\u00e8ncies Cient\u00edfiques <\/strong>adre\u00e7ades al personal investigador i de suport a la recerca del Parc Taul\u00ed, aix\u00ed com a a totes les persones interessades en fomentar les seves<\/span><span class=\"JsGRdQ\">\u00a0compet\u00e8ncies transversals en l\u2019\u00e0mbit cient\u00edfic.\u00a0<\/span><\/p>\n<p>Les sessions s\u2019han retransmetr\u00e8s en l\u00ednia i en obert perqu\u00e8 fossin accessibles per a tothom.<\/p>\n<ol>\n<li><strong><span class=\"WdYUQQ text-decoration-none text-strikethrough-none\">Sexe i g\u00e8nere en la recerca cl\u00ednica: com ho podem fer millor?<\/span><\/strong><br \/>\n<span class=\"WdYUQQ text-decoration-none text-strikethrough-none\">Maite Solans-Dom\u00e8nech<\/span>, <span class=\"WdYUQQ text-decoration-none text-strikethrough-none\">Investigadora | AQuAS<\/span><br \/>\n16\/03\/2022<\/li>\n<li><strong><span class=\"WdYUQQ text-decoration-none text-strikethrough-none\">Vacuna d&#8217;HIPRA contra la COVID19: experi\u00e8ncia i aprenentatges<\/span><\/strong><br \/>\n<span class=\"WdYUQQ text-decoration-none text-strikethrough-none\">Toni Prenafeta<\/span>, <span class=\"WdYUQQ text-decoration-none text-strikethrough-none\">R&amp;D Human Health Senior Manager | HIPRA<\/span><br \/>\n20\/04\/2022<\/li>\n<li><strong><span class=\"WdYUQQ text-decoration-none text-strikethrough-none\">Participaci\u00f3 ciutadana en els projectes de recerca: com crear coneixement col\u00b7lectiu en salut<\/span><\/strong><br \/>\n<span class=\"WdYUQQ text-decoration-none text-strikethrough-none\">Constanza Jacques<\/span> , <span class=\"WdYUQQ text-decoration-none text-strikethrough-none\">Investigadora | IDIAP Jordi Gol<\/span><br \/>\n18\/05\/2022<\/li>\n<li><strong><span class=\"WdYUQQ text-decoration-none text-strikethrough-none\">La import\u00e0ncia de la comunicaci\u00f3 en la ci\u00e8ncia<\/span><\/strong><br \/>\n<span class=\"WdYUQQ text-decoration-none text-strikethrough-none\">Anna Ramon<\/span>, <span class=\"WdYUQQ text-decoration-none text-strikethrough-none\">Cap de comunicacions | CREAF<\/span><br \/>\n15\/06\/2022<\/li>\n<li><strong><span class=\"WdYUQQ text-decoration-none text-strikethrough-none\">Sacar partido a los datos. Digitalizaci\u00f3n, investigaci\u00f3n y toma de decisiones<\/span><br \/>\n<\/strong><span class=\"WdYUQQ text-decoration-none text-strikethrough-none\">\u00c1ngel Luis del Rey<\/span>, <span class=\"WdYUQQ text-decoration-none text-strikethrough-none\">Coordinador Data Science | IRYCIS<\/span><br \/>\n13\/07\/2022<\/li>\n<li><strong><span class=\"WdYUQQ text-decoration-none text-strikethrough-none\">Sabadell, un ecosistema preparat per a la innovaci\u00f3 i l\u2019atracci\u00f3 d\u2019inversi\u00f3<\/span><br \/>\n<\/strong><span class=\"WdYUQQ text-decoration-none text-strikethrough-none\">Iolanda Repullo i M\u00f2nica Molina<\/span>, <span class=\"WdYUQQ text-decoration-none text-strikethrough-none\">Ajuntament de Sabadell<\/span><br \/>\n21\/09\/2022<\/li>\n<li><strong>Horizon Europe Infoday Cluster 1: Salut<br \/>\n<\/strong><span class=\"WdYUQQ text-decoration-none text-strikethrough-none\">Juan E. Riese, European Project Office Director| ISCIII<\/span><br \/>\n19\/10\/2022<\/li>\n<li><strong><span class=\"WdYUQQ text-decoration-none text-strikethrough-none\">\u00c9s econ\u00f2micament viable el meu projecte?<\/span><\/strong><br \/>\n<span class=\"WdYUQQ text-decoration-none text-strikethrough-none\">Oriol Sol\u00e0-Morales i Maria Buxad\u00e9<\/span>, <span class=\"WdYUQQ text-decoration-none text-strikethrough-none\">Fundaci\u00f3 HiTT<\/span><br \/>\n16\/11\/2022<\/li>\n<li><strong><span class=\"WdYUQQ text-decoration-none text-strikethrough-none\">Coneix la recerca amb microorganoides per a un millor maneig de les malalties<\/span><br \/>\n<\/strong><span class=\"WdYUQQ text-decoration-none text-strikethrough-none\">N\u00faria Montserrat,<\/span> <span class=\"WdYUQQ text-decoration-none text-strikethrough-none\">Investigadora principal | IBEC<\/span><br \/>\n21\/12\/2022<\/li>\n<\/ol>\n[\/vc_column_text][vc_row_inner][vc_column_inner width=&#8221;2\/3&#8243;]<div class=\"eut-element eut-video\" style=\"\"><iframe loading=\"lazy\" title=\"II Cicle de confer\u00e8ncies cient\u00edfiques\" width=\"1080\" height=\"608\" src=\"https:\/\/www.youtube.com\/embed\/videoseries?list=PLJ4kf3xX9nfktSY1BRlPcZLWeWGVM4XDa\" frameborder=\"0\" allow=\"accelerometer; autoplay; clipboard-write; encrypted-media; gyroscope; picture-in-picture; web-share\" allowfullscreen><\/iframe><\/div>[\/vc_column_inner][vc_column_inner width=&#8221;1\/3&#8243;][\/vc_column_inner][\/vc_row_inner][vc_column_text animation=&#8221;fadeIn&#8221;]\n<h3><span class=\"JsGRdQ\"><strong>Formaci\u00f3 a noves incorporacions de gesti\u00f3<\/strong><\/span><\/h3>\n<p>Formaci\u00f3 adre\u00e7ada a tot el personal que s\u2019incorpora a l\u2019Institut com a personal de gesti\u00f3 i suport a la recerca.<\/p>\n<ol>\n<li>Introducci\u00f3 a Innovaci\u00f3<\/li>\n<li>Introducci\u00f3 ITEMAS i Node Taul\u00ed<\/li>\n<li>Medical Device Regulation<\/li>\n<li>Curs de lideratge d&#8217;equips<\/li>\n<li>Curs d&#8217;introducci\u00f3 a la compra p\u00fablica<\/li>\n<li>Curs en health economic evaluation<\/li>\n<li>Introducci\u00f3 a la vigil\u00e0ncia tecnol\u00f2gica<\/li>\n<li>Curs de qualitat b\u00e0sica<\/li>\n<li>Introducci\u00f3 a la Unitat de projectes<\/li>\n<li>Webinar clarket modet IPR<\/li>\n<li>Introducci\u00f3 a la Unitat de Suport als Assaigs Cl\u00ednics<\/li>\n<li>Investigaci\u00f3 cl\u00ednica amb producte sanitari<\/li>\n<li>Introducci\u00f3 al Comit\u00e8 d&#8217;\u00c8tica de la Investigaci\u00f3 amb Medicaments (CEIm)<\/li>\n<li>Demostration Day Node Taul\u00ed<\/li>\n<li>Introducci\u00f3 a la recerca i a l&#8217;innovaci\u00f3 a l&#8217;I3PT<\/li>\n<li>Introducci\u00f3 a l&#8217;administraci\u00f3, els RRHH i la facturaci\u00f3<\/li>\n<\/ol>\n[\/vc_column_text][vc_column_text animation=&#8221;fadeIn&#8221;]\n<h3><span class=\"JsGRdQ\"><strong>Formaci\u00f3 en Recerca, Desenvolupament i Innovaci\u00f3 (R+D+i)<\/strong><\/span><\/h3>\n<p>Formaci\u00f3 adre\u00e7ada a tot el personal que s\u2019incorpora a l\u2019Institut com a personal de gesti\u00f3 i suport a la recerca.<\/p>\n<ol>\n<li>Curs per a metges residents<\/li>\n<li>Curs en recerca qualitativa<\/li>\n<li>Bones Pr\u00e0ctiques per a la redacci\u00f3 d\u2019articles cient\u00edfics: En qu\u00e8 es fixen els editors?<\/li>\n<li>Curs de bones pr\u00e0ctiques cl\u00edniques<\/li>\n<li>Gesti\u00f3 de dades de recerca<\/li>\n<li>Wild Card Progarm. EIT Health<\/li>\n<li>Vigil\u00e0ncia tecnol\u00f2gica. Global Data<\/li>\n<li>Cost-efectivitat. Fundaci\u00f3 HITT<\/li>\n<li>Propietat Intel\u00b7lectual. Oficina Acci\u00f3<\/li>\n<li>Bones pr\u00e0ctiques en ciberseguretat a la CSPT<\/li>\n<\/ol>\n[\/vc_column_text]<h2 class=\"eut-element eut-align-left eut-title-no-line eut-animated-item eut-fadeIn\" style=\"\" data-delay=\"200\"><span>L\u00ednia estrat\u00e8gica 2: Fomentar les compet\u00e8ncies transversals de lideratge<\/span><\/h2>[vc_column_text animation=&#8221;fadeIn&#8221;]Al llarg de l&#8217;any s&#8217;han dut a terme formacions amb l&#8217;objectiu de consolidar els coneixements en temes relacionats amb innovaci\u00f3, transfer\u00e8ncia i gesti\u00f3 de projectes. Les formacions han sigut les seg\u00fcents:<\/p>\n<p><strong>Formaci\u00f3 en habilitats per a la gesti\u00f3 de la R+D+i\u00a0<\/strong><\/p>\n<ol>\n<li>Pol\u00edtiques d&#8217;igualtat i benestar laboral (Plans d&#8217;igualtat i Pla de gesti\u00f3 dels conflictes i la viol\u00e8ncia)<\/li>\n<li>Liderar equips en temps de transformaci\u00f3<\/li>\n<li>Curs b\u00e0sic de sistemes de qualitat<\/li>\n<li>Webinar Middle Donors \u2013 Seminari de llegats solidaris i grans donants<\/li>\n<li>Masterclass \u2013 Apr\u00e8n a innovar per captar m\u00e9s fons<\/li>\n<li>Formant per formar en acc\u00e8s obert en les institucions d&#8217;investigaci\u00f3 en salut<\/li>\n<li>Aplicaci\u00f3 dels principis \u00e8tic-legals per a l&#8217;\u00fas d&#8217;eines de Big Data i Intel\u00b7lig\u00e8ncia Artificial en Investigaci\u00f3 Biom\u00e8dica<\/li>\n<li>Curs de lideratge i gesti\u00f3 per a comandaments intermedis (4 m\u00f2duls)<\/li>\n<li>Formaci\u00f3 d\u2019acollida en seguretat i salut<\/li>\n<li>Formaci\u00f3 en seguretat i salut per a membres del Comit\u00e8 de Seguretat i Salut<\/li>\n<li>Curs Pr\u00e0ctic de Qt\/PySide: Interfaces Gr\u00e0fiques amb Python<\/li>\n<li>Les dades de salut a Catalunya<\/li>\n<li>Acceleration program CRAASH. Biocat<\/li>\n<\/ol>\n<p><strong>Formaci\u00f3 en compet\u00e8ncies transversals en administraci\u00f3<\/strong><\/p>\n<ol>\n<li>Els incentius fiscals al mecenatge en la Llei 49\/2002: donacions, convenis de col\u00b7laboraci\u00f3 empresarial i despeses en activitats d\u2019inter\u00e8s general (webinar)<\/li>\n<li>Comen\u00e7a un programa d\u2019her\u00e8ncies i llegats per a la teva fundaci\u00f3<\/li>\n<li>N\u00f2mines, Seguretat Social i contractaci\u00f3 laboral. Iniciaci\u00f3<\/li>\n<li>Aspectes Financers Programa Horitz\u00f3 Europa<\/li>\n<\/ol>\n[\/vc_column_text]<h2 class=\"eut-element eut-align-left eut-title-no-line eut-animated-item eut-fadeIn\" style=\"\" data-delay=\"200\"><span>L\u00ednia estrat\u00e8gica 3: Formaci\u00f3 t\u00e8cnica especialitzada<\/span><\/h2>[vc_column_text animation=&#8221;fadeIn&#8221;]La finalitat d&#8217;aquestes formacions \u00e9s millorar les eines t\u00e8cniques de suport a la investigaci\u00f3 tant instrumentals i de laboratori, com a conceptuals. Durant el 2022 s&#8217;han dut a terme 795 hores de formaci\u00f3 amb una participaci\u00f3 de 617 professionals.<\/p>\n<p>Algunes de les formacions que s&#8217;han impartit s\u00f3n les seg\u00fcents:[\/vc_column_text][vc_row_inner][vc_column_inner width=&#8221;1\/3&#8243;]<div class=\"eut-element eut-box-icon eut-align-left eut-medium eut-animated-item eut-fadeInRight\" style=\"\" data-delay=\"200\"><div class=\"eut-image-icon\"><img loading=\"lazy\" decoding=\"async\" width=\"256\" height=\"256\" src=\"https:\/\/www.tauli.cat\/activitat\/wp-content\/uploads\/2022\/07\/label.png\" class=\"attachment-full size-full\" alt=\"\" srcset=\"https:\/\/www.tauli.cat\/activitat\/wp-content\/uploads\/2022\/07\/label.png 256w, https:\/\/www.tauli.cat\/activitat\/wp-content\/uploads\/2022\/07\/label-150x150.png 150w\" sizes=\"(max-width: 256px) 100vw, 256px\" \/><\/div>  <div class=\"eut-box-content\">      <h4 class=\"eut-box-title\">Curs d'experimentaci\u00f3 animal<\/h4>  <\/div><\/div>[\/vc_column_inner][vc_column_inner width=&#8221;1\/3&#8243;]<div class=\"eut-element eut-box-icon eut-align-left eut-medium eut-animated-item eut-fadeInRight\" style=\"\" data-delay=\"200\"><div class=\"eut-image-icon\"><img loading=\"lazy\" decoding=\"async\" width=\"256\" height=\"256\" src=\"https:\/\/www.tauli.cat\/activitat\/wp-content\/uploads\/2022\/07\/label.png\" class=\"attachment-full size-full\" alt=\"\" srcset=\"https:\/\/www.tauli.cat\/activitat\/wp-content\/uploads\/2022\/07\/label.png 256w, https:\/\/www.tauli.cat\/activitat\/wp-content\/uploads\/2022\/07\/label-150x150.png 150w\" sizes=\"(max-width: 256px) 100vw, 256px\" \/><\/div>  <div class=\"eut-box-content\">      <h4 class=\"eut-box-title\">Gesti\u00f3 i funcionament de biobancs amb finalitats de recerca biom\u00e8dica<\/h4>  <\/div><\/div>[\/vc_column_inner][vc_column_inner width=&#8221;1\/3&#8243;]<div class=\"eut-element eut-box-icon eut-align-left eut-medium eut-animated-item eut-fadeInRight\" style=\"\" data-delay=\"200\"><div class=\"eut-image-icon\"><img loading=\"lazy\" decoding=\"async\" width=\"256\" height=\"256\" src=\"https:\/\/www.tauli.cat\/activitat\/wp-content\/uploads\/2022\/07\/label.png\" class=\"attachment-full size-full\" alt=\"\" srcset=\"https:\/\/www.tauli.cat\/activitat\/wp-content\/uploads\/2022\/07\/label.png 256w, https:\/\/www.tauli.cat\/activitat\/wp-content\/uploads\/2022\/07\/label-150x150.png 150w\" sizes=\"(max-width: 256px) 100vw, 256px\" \/><\/div>  <div class=\"eut-box-content\">      <h4 class=\"eut-box-title\">Avan\u00e7os en Gen\u00e8tica M\u00e8dica, Medicina Gen\u00f2mica i Malalties Minorit\u00e0ries<\/h4>  <\/div><\/div>[\/vc_column_inner][\/vc_row_inner][vc_row_inner][vc_column_inner width=&#8221;1\/3&#8243;]<div class=\"eut-element eut-box-icon eut-align-left eut-medium eut-animated-item eut-fadeInRight\" style=\"\" data-delay=\"200\"><div class=\"eut-image-icon\"><img loading=\"lazy\" decoding=\"async\" width=\"256\" height=\"256\" src=\"https:\/\/www.tauli.cat\/activitat\/wp-content\/uploads\/2022\/07\/label.png\" class=\"attachment-full size-full\" alt=\"\" srcset=\"https:\/\/www.tauli.cat\/activitat\/wp-content\/uploads\/2022\/07\/label.png 256w, https:\/\/www.tauli.cat\/activitat\/wp-content\/uploads\/2022\/07\/label-150x150.png 150w\" sizes=\"(max-width: 256px) 100vw, 256px\" \/><\/div>  <div class=\"eut-box-content\">      <h4 class=\"eut-box-title\">Curs de formaci\u00f3 d'assaigs cl\u00ednics a oncologia i hematologia<\/h4>  <\/div><\/div>[\/vc_column_inner][vc_column_inner width=&#8221;1\/3&#8243;]<div class=\"eut-element eut-box-icon eut-align-left eut-medium eut-animated-item eut-fadeInRight\" style=\"\" data-delay=\"200\"><div class=\"eut-image-icon\"><img loading=\"lazy\" decoding=\"async\" width=\"256\" height=\"256\" src=\"https:\/\/www.tauli.cat\/activitat\/wp-content\/uploads\/2022\/07\/label.png\" class=\"attachment-full size-full\" alt=\"\" srcset=\"https:\/\/www.tauli.cat\/activitat\/wp-content\/uploads\/2022\/07\/label.png 256w, https:\/\/www.tauli.cat\/activitat\/wp-content\/uploads\/2022\/07\/label-150x150.png 150w\" sizes=\"(max-width: 256px) 100vw, 256px\" \/><\/div>  <div class=\"eut-box-content\">      <h4 class=\"eut-box-title\">Curs d'especialitat en oncohematologia<\/h4>  <\/div><\/div>[\/vc_column_inner][vc_column_inner width=&#8221;1\/3&#8243;][\/vc_column_inner][\/vc_row_inner][\/vc_column][\/vc_row]\n","protected":false},"excerpt":{"rendered":"<p>[vc_row][vc_column][vc_column_text]L&#8217;Institut elabora un Pla de Formaci\u00f3 orientat als seus professionals amb l&#8217;objectiu de refor\u00e7ar els coneixements i cubrir les seves necessitats formatives de l&#8217;\u00e0mbit cient\u00edfic i de gesti\u00f3. El Pla est\u00e0 estructurat en 3 l\u00ednies estrat\u00e8giques, a trav\u00e9s de les quals s&#8217;organitzen diferents activitats. L\u00ednia estrat\u00e8gica 1: Augmentar la massa cr\u00edtica investigadora i innovadora L\u00ednia [&hellip;]<\/p>\n","protected":false},"author":2,"featured_media":0,"parent":1146,"menu_order":0,"comment_status":"closed","ping_status":"closed","template":"","meta":{"footnotes":""},"class_list":["post-1168","page","type-page","status-publish","hentry"],"_links":{"self":[{"href":"https:\/\/www.tauli.cat\/activitat\/wp-json\/wp\/v2\/pages\/1168"}],"collection":[{"href":"https:\/\/www.tauli.cat\/activitat\/wp-json\/wp\/v2\/pages"}],"about":[{"href":"https:\/\/www.tauli.cat\/activitat\/wp-json\/wp\/v2\/types\/page"}],"author":[{"embeddable":true,"href":"https:\/\/www.tauli.cat\/activitat\/wp-json\/wp\/v2\/users\/2"}],"replies":[{"embeddable":true,"href":"https:\/\/www.tauli.cat\/activitat\/wp-json\/wp\/v2\/comments?post=1168"}],"version-history":[{"count":6,"href":"https:\/\/www.tauli.cat\/activitat\/wp-json\/wp\/v2\/pages\/1168\/revisions"}],"predecessor-version":[{"id":1178,"href":"https:\/\/www.tauli.cat\/activitat\/wp-json\/wp\/v2\/pages\/1168\/revisions\/1178"}],"up":[{"embeddable":true,"href":"https:\/\/www.tauli.cat\/activitat\/wp-json\/wp\/v2\/pages\/1146"}],"wp:attachment":[{"href":"https:\/\/www.tauli.cat\/activitat\/wp-json\/wp\/v2\/media?parent=1168"}],"curies":[{"name":"wp","href":"https:\/\/api.w.org\/{rel}","templated":true}]}}