{"id":1217,"date":"2023-07-11T09:56:12","date_gmt":"2023-07-11T07:56:12","guid":{"rendered":"https:\/\/www.tauli.cat\/activitat\/?page_id=1217"},"modified":"2023-08-31T09:55:26","modified_gmt":"2023-08-31T07:55:26","slug":"publicacions","status":"publish","type":"page","link":"https:\/\/www.tauli.cat\/activitat\/i3pt\/memoria-cientifica\/o2022\/recerca\/publicacions\/","title":{"rendered":"Publicacions"},"content":{"rendered":"[vc_row][vc_column][vc_row_inner][vc_column_inner][vc_column_text]\n<h2>Publicacions 2022<\/h2>\n[\/vc_column_text][\/vc_column_inner][\/vc_row_inner][\/vc_column][\/vc_row][vc_row][vc_column width=&#8221;1\/2&#8243;][vc_row_inner][vc_column_inner][vc_round_chart stroke_width=&#8221;2&#8243; values=&#8221;%5B%7B%22title%22%3A%22Article%22%2C%22value%22%3A%22430%22%2C%22color%22%3A%22pink%22%7D%2C%7B%22title%22%3A%22Case%20Report%22%2C%22value%22%3A%224%22%2C%22color%22%3A%22peacoc%22%7D%2C%7B%22title%22%3A%22Editorial%20Material%22%2C%22value%22%3A%2216%22%2C%22color%22%3A%22vista-blue%22%7D%2C%7B%22title%22%3A%22Letter%22%2C%22value%22%3A%2221%22%2C%22color%22%3A%22orange%22%7D%2C%7B%22title%22%3A%22Practice%20Guideline%22%2C%22value%22%3A%2210%22%2C%22color%22%3A%22sandy-brown%22%7D%2C%7B%22title%22%3A%22Review%22%2C%22value%22%3A%2231%22%2C%22color%22%3A%22chino%22%7D%2C%7B%22title%22%3A%22Altres%22%2C%22value%22%3A%221%22%2C%22color%22%3A%22blue%22%2C%22custom_color%22%3A%22%235472d2%22%7D%5D&#8221; css_animation=&#8221;fadeIn&#8221; title=&#8221;Tipus de publicaci\u00f3&#8221;][\/vc_column_inner][\/vc_row_inner][\/vc_column][vc_column width=&#8221;1\/2&#8243;][vc_empty_space][vc_empty_space][vc_empty_space]<div class=\"eut-element eut-box-icon eut-align-left eut-large\" style=\"\"><div class=\"eut-image-icon\"><img loading=\"lazy\" decoding=\"async\" width=\"512\" height=\"512\" src=\"https:\/\/www.tauli.cat\/activitat\/wp-content\/uploads\/2023\/07\/literatura-cientifica.png\" class=\"attachment-full size-full\" alt=\"\" srcset=\"https:\/\/www.tauli.cat\/activitat\/wp-content\/uploads\/2023\/07\/literatura-cientifica.png 512w, https:\/\/www.tauli.cat\/activitat\/wp-content\/uploads\/2023\/07\/literatura-cientifica-300x300.png 300w, https:\/\/www.tauli.cat\/activitat\/wp-content\/uploads\/2023\/07\/literatura-cientifica-150x150.png 150w\" sizes=\"(max-width: 512px) 100vw, 512px\" \/><\/div>  <div class=\"eut-box-content\">      <h3 class=\"eut-box-title\">513<\/h3>    <p class=\"\">Publicacions<\/p>  <\/div><\/div><div class=\"eut-element eut-box-icon eut-align-left eut-large\" style=\"\"><div class=\"eut-image-icon\"><img loading=\"lazy\" decoding=\"async\" width=\"512\" height=\"512\" src=\"https:\/\/www.tauli.cat\/activitat\/wp-content\/uploads\/2022\/06\/herramientas-de-oficina.png\" class=\"attachment-full size-full\" alt=\"\" srcset=\"https:\/\/www.tauli.cat\/activitat\/wp-content\/uploads\/2022\/06\/herramientas-de-oficina.png 512w, https:\/\/www.tauli.cat\/activitat\/wp-content\/uploads\/2022\/06\/herramientas-de-oficina-300x300.png 300w, https:\/\/www.tauli.cat\/activitat\/wp-content\/uploads\/2022\/06\/herramientas-de-oficina-150x150.png 150w\" sizes=\"(max-width: 512px) 100vw, 512px\" \/><\/div>  <div class=\"eut-box-content\">      <h3 class=\"eut-box-title\">4.081<\/h3>    <p class=\"\">Factor d&#8217;Impacte<\/p>  <\/div><\/div><div class=\"eut-element eut-box-icon eut-align-left eut-large\" style=\"\"><div class=\"eut-image-icon\"><img loading=\"lazy\" decoding=\"async\" width=\"512\" height=\"512\" src=\"https:\/\/www.tauli.cat\/activitat\/wp-content\/uploads\/2022\/06\/reporte-de-negocios.png\" class=\"attachment-full size-full\" alt=\"\" srcset=\"https:\/\/www.tauli.cat\/activitat\/wp-content\/uploads\/2022\/06\/reporte-de-negocios.png 512w, https:\/\/www.tauli.cat\/activitat\/wp-content\/uploads\/2022\/06\/reporte-de-negocios-300x300.png 300w, https:\/\/www.tauli.cat\/activitat\/wp-content\/uploads\/2022\/06\/reporte-de-negocios-150x150.png 150w\" sizes=\"(max-width: 512px) 100vw, 512px\" \/><\/div>  <div class=\"eut-box-content\">      <h3 class=\"eut-box-title\">136<\/h3>    <p class=\"\">H-Index<\/p>  <\/div><\/div><div class=\"eut-element eut-box-icon eut-align-left eut-large\" style=\"\"><div class=\"eut-image-icon\"><img loading=\"lazy\" decoding=\"async\" width=\"128\" height=\"128\" src=\"https:\/\/www.tauli.cat\/activitat\/wp-content\/uploads\/2022\/07\/checklist.png\" class=\"attachment-full size-full\" alt=\"\" \/><\/div>  <div class=\"eut-box-content\">      <h3 class=\"eut-box-title\">116.805<\/h3>    <p class=\"\">Citacions<\/p>  <\/div><\/div><div class=\"eut-element eut-box-icon eut-align-left eut-large\" style=\"\"><div class=\"eut-image-icon\"><img loading=\"lazy\" decoding=\"async\" width=\"256\" height=\"256\" src=\"https:\/\/www.tauli.cat\/activitat\/wp-content\/uploads\/2022\/07\/star.png\" class=\"attachment-full size-full\" alt=\"\" srcset=\"https:\/\/www.tauli.cat\/activitat\/wp-content\/uploads\/2022\/07\/star.png 256w, https:\/\/www.tauli.cat\/activitat\/wp-content\/uploads\/2022\/07\/star-150x150.png 150w\" sizes=\"(max-width: 256px) 100vw, 256px\" \/><\/div>  <div class=\"eut-box-content\">      <h3 class=\"eut-box-title\">41,36%<\/h3>    <p class=\"\">Publicacions Q1<\/p>  <\/div><\/div><div class=\"eut-element eut-box-icon eut-align-left eut-large\" style=\"\"><div class=\"eut-image-icon\"><img loading=\"lazy\" decoding=\"async\" width=\"256\" height=\"256\" src=\"https:\/\/www.tauli.cat\/activitat\/wp-content\/uploads\/2022\/07\/badge.png\" class=\"attachment-full size-full\" alt=\"\" srcset=\"https:\/\/www.tauli.cat\/activitat\/wp-content\/uploads\/2022\/07\/badge.png 256w, https:\/\/www.tauli.cat\/activitat\/wp-content\/uploads\/2022\/07\/badge-150x150.png 150w\" sizes=\"(max-width: 256px) 100vw, 256px\" \/><\/div>  <div class=\"eut-box-content\">      <h3 class=\"eut-box-title\">16,18%<\/h3>    <p class=\"\">Publicacions D1<\/p>  <\/div><\/div>[\/vc_column][\/vc_row][vc_row][vc_column][\/vc_column][\/vc_row][vc_row][vc_column]<div class=\"eut-element eut-box-icon eut-align-left eut-large\" style=\"\"><a href=\"http:\/\/www.tauli.cat\/activitat\/wp-content\/uploads\/2023\/08\/Llistat-publicacions-2022-memoria-cient.pdf\" target=\"_blank\"><div class=\"eut-image-icon\"><img loading=\"lazy\" decoding=\"async\" width=\"512\" height=\"512\" src=\"https:\/\/www.tauli.cat\/activitat\/wp-content\/uploads\/2022\/07\/reporte-de-negocios.png\" class=\"attachment-full size-full\" alt=\"\" srcset=\"https:\/\/www.tauli.cat\/activitat\/wp-content\/uploads\/2022\/07\/reporte-de-negocios.png 512w, https:\/\/www.tauli.cat\/activitat\/wp-content\/uploads\/2022\/07\/reporte-de-negocios-300x300.png 300w, https:\/\/www.tauli.cat\/activitat\/wp-content\/uploads\/2022\/07\/reporte-de-negocios-150x150.png 150w\" sizes=\"(max-width: 512px) 100vw, 512px\" \/><\/div><\/a>  <div class=\"eut-box-content\"><a href=\"http:\/\/www.tauli.cat\/activitat\/wp-content\/uploads\/2023\/08\/Llistat-publicacions-2022-memoria-cient.pdf\" target=\"_blank\">      <h3 class=\"eut-box-title\">Publicacions del 2022<\/h3><\/a>    <p class=\"\">Consulta totes les publicacions cient\u00edfiques<\/p>  <\/div><\/div>[\/vc_column][\/vc_row][vc_row][vc_column][vc_row_inner][vc_column_inner][vc_column_text]\n<h2>Guies de pr\u00e0ctica cl\u00ednica i documents de consens<\/h2>\n[\/vc_column_text][vc_empty_space][vc_column_text]\n<ul>\n<li>Carri\u00f3n JA,Graupera I,Vergara M,Morillas RM,Peric\u00e0s JM,Poca M,Amador A,Fern\u00e1ndez R,Monllor T,Mu\u00f1oz L et al. <strong>Position paper of the Catalan Society of Gastroenterology about hepatic elastography 2022<\/strong>. Gastroenterol. Hepatol. 2022. DOI: <a href=\"https:\/\/doi.org\/10.1016\/j.gastrohep.2022.11.005\">10.1016\/j.gastrohep.2022.11.005<\/a>.<\/li>\n<li>Farge D,Frere C,Connors JM,Khorana AA,Kakkar A,Ay C,Mu\u00f1oz A,Brenner B,Prata PH,Brilhante D et al. 2022 <strong>International clinical practice guidelines for the treatment and prophylaxis of venous thromboembolism in patients with cancer, including patients with COVID-19<\/strong>. Lancet Oncol. 2022. 23. (7):p. 334-347. DOI: <a href=\"https:\/\/doi.org\/10.1016\/s1470-2045(22)00160-7\">10.1016\/S1470-2045(22)00160-7<\/a>.<\/li>\n<li>Gisbert JP,Alcedo J,Amador J,Bujanda L,Calvet X,Castro M,Fernandez L,Gene E,Lanas A,Lucendo AJ et al. V <strong>Spanish Consensus Conference on Helicobacter pylori infection treatment<\/strong>. Gastroenterol. Hepatol. 2022. 45. (5):p. 392-417. DOI: <a href=\"https:\/\/doi.org\/10.1016\/j.gastrohep.2021.07.011\">1016\/j.gastrohep.2021.07.011<\/a>.<\/li>\n<li>Mediano O,Gonzalez N,Montserrat JM,Alonso ML,Almendros I,Alonso A,Barbe F,Borsini E,Caballero C,Cano I et al. <strong>International consensus document on obstructive sleep apnea<\/strong>. Arch. Bronconeumol. 2022. 58. (1):p. 52-68. DOI: <a href=\"https:\/\/www.sciencedirect.com\/science\/article\/pii\/S0300289621004099\">1016\/j.arbres.2021.03.027<\/a>.<\/li>\n<li>Molero X,Ayuso JR,Balsells J,Boadas J,Busquets J,Casteras A,Concepcion M,Cuatrecasas M,Esparrach GF,Fort E et al. <strong>Chronic pancreatitis for the clinician. Part 1: Etiology and diagnosis.<\/strong> Interdisciplinary position paper of the Societat Catalana de Digestologia and the Societat Catalana de Pancrees. Gastroenterol. Hepatol. 2022. 45. (3):p. 231-248. DOI: <a href=\"https:\/\/doi.org\/10.1016\/j.gastrohep.2021.05.017\">1016\/j.gastrohep.2021.05.017<\/a>.<\/li>\n<li>Molero X,Ayuso JR,Balsells J,Boadas J,Busquets J,Casteras A,Concepcion M,Cuatrecasas M,Esparrach GF,Fort E et al. <strong>Chronic pancreatitis for the clinician. Part 2: Treatment and follow-up. <\/strong>Interdisciplinary Position Paper of the Societat Catalana de Digestologia and the Societat Catalana de Pancrees. Gastroenterol. Hepatol. 2022. 45. (4):p. 304-314. DOI: <a href=\"https:\/\/doi.org\/10.1016\/j.gastrohep.2021.05.016\">1016\/j.gastrohep.2021.05.016<\/a>.<\/li>\n<li>P\u00e9rez M,Moreiras M,Prieto M,Quereda Rodriguez C,Bajo Rubio MA,Borr\u00e0s M,de la Espada V,P\u00e9rez J,del Peso G,Ponz E et al. <strong>Clinical guide of the Spanish Society of Nephrology on the prevention and treatment of peritoneal infection in peritoneal dialysis<\/strong>;. 2022. 42. p. 1-55. DOI: <a href=\"https:\/\/www.sciencedirect.com\/science\/article\/pii\/S2013251422000839\">10.1016\/j.nefroe.2022.07.005<\/a>.<\/li>\n<li>Riancho JA,Peris P,Gonz\u00e1lez J,P\u00e9rez JL,Cannata J,Cano A,Carbonell C,Casado E,Ciria M,Corral L et al. <strong>Executive summary clinical practice guideline of postmenopausal, glucocorticoid-induced, and male osteoporosis<\/strong> (2022 update);. Osteoporosis Metab. Miner. 2022. 14. (1):p. 5-12. DOI: <a href=\"https:\/\/scielo.isciii.es\/scielo.php?script=sci_abstract&amp;pid=S1889-836X2022000100002\">10.4321\/S1889-836X2022000100002<\/a>.<\/li>\n<li>Riba F,Guarner C,Solanes M,Francia E,Garcia P,Machlab S,Mascort J,Mendive JM,Ortiz J,Calvet X. <strong>Indications and risk assessment of endoscopic examinations in elderly or frail people<\/strong>. Position paper of the Societat Catalana de Digestologia, the Societat Catalana de Geriatria i Gerontologia and the Societat Catalana de Medicina de Familia i Comunitaria. Hepatol. 2022. 45. (10):p. 799-804. DOI: <a href=\"https:\/\/doi.org\/10.1016\/j.gastrohep.2022.03.004\">10.1016\/j.gastrohep.2022.03.004<\/a>.<\/li>\n<li>Righi E,Mutters NT,Guirao X,Dolores Del Toro M,Eckmann C,Friedrich AW,Giannella M,Kluytmans J,Presterl E,Christaki E et al. ESCMID\/EUCIC <strong>Clinical practice guidelines on perioperative antibiotic prophylaxis in patients colonized by multidrug-resistant Gram-negative bacteria before surgery<\/strong>. Clin. Microbiol. Infect. 2022. 29. (4):p. 463-479. DOI: <a href=\"https:\/\/doi.org\/10.1016\/j.cmi.2022.12.012\">10.1016\/j.cmi.2022.12.012<\/a>.<\/li>\n<\/ul>\n[\/vc_column_text][\/vc_column_inner][\/vc_row_inner][\/vc_column][\/vc_row]\n","protected":false},"excerpt":{"rendered":"<p>[vc_row][vc_column][vc_row_inner][vc_column_inner][vc_column_text] Publicacions 2022 [\/vc_column_text][\/vc_column_inner][\/vc_row_inner][\/vc_column][\/vc_row][vc_row][vc_column width=&#8221;1\/2&#8243;][vc_row_inner][vc_column_inner][vc_round_chart stroke_width=&#8221;2&#8243; values=&#8221;%5B%7B%22title%22%3A%22Article%22%2C%22value%22%3A%22430%22%2C%22color%22%3A%22pink%22%7D%2C%7B%22title%22%3A%22Case%20Report%22%2C%22value%22%3A%224%22%2C%22color%22%3A%22peacoc%22%7D%2C%7B%22title%22%3A%22Editorial%20Material%22%2C%22value%22%3A%2216%22%2C%22color%22%3A%22vista-blue%22%7D%2C%7B%22title%22%3A%22Letter%22%2C%22value%22%3A%2221%22%2C%22color%22%3A%22orange%22%7D%2C%7B%22title%22%3A%22Practice%20Guideline%22%2C%22value%22%3A%2210%22%2C%22color%22%3A%22sandy-brown%22%7D%2C%7B%22title%22%3A%22Review%22%2C%22value%22%3A%2231%22%2C%22color%22%3A%22chino%22%7D%2C%7B%22title%22%3A%22Altres%22%2C%22value%22%3A%221%22%2C%22color%22%3A%22blue%22%2C%22custom_color%22%3A%22%235472d2%22%7D%5D&#8221; css_animation=&#8221;fadeIn&#8221; title=&#8221;Tipus de publicaci\u00f3&#8221;][\/vc_column_inner][\/vc_row_inner][\/vc_column][vc_column width=&#8221;1\/2&#8243;][vc_empty_space][vc_empty_space][vc_empty_space][\/vc_column][\/vc_row][vc_row][vc_column][\/vc_column][\/vc_row][vc_row][vc_column][\/vc_column][\/vc_row][vc_row][vc_column][vc_row_inner][vc_column_inner][vc_column_text] Guies de pr\u00e0ctica cl\u00ednica i documents de consens [\/vc_column_text][vc_empty_space][vc_column_text] Carri\u00f3n JA,Graupera I,Vergara M,Morillas RM,Peric\u00e0s JM,Poca M,Amador A,Fern\u00e1ndez R,Monllor T,Mu\u00f1oz L et al. Position paper of the Catalan Society of Gastroenterology about hepatic elastography 2022. Gastroenterol. Hepatol. 2022. DOI: 10.1016\/j.gastrohep.2022.11.005. Farge D,Frere C,Connors JM,Khorana [&hellip;]<\/p>\n","protected":false},"author":2,"featured_media":0,"parent":1199,"menu_order":2,"comment_status":"closed","ping_status":"closed","template":"","meta":{"footnotes":""},"class_list":["post-1217","page","type-page","status-publish","hentry"],"_links":{"self":[{"href":"https:\/\/www.tauli.cat\/activitat\/wp-json\/wp\/v2\/pages\/1217"}],"collection":[{"href":"https:\/\/www.tauli.cat\/activitat\/wp-json\/wp\/v2\/pages"}],"about":[{"href":"https:\/\/www.tauli.cat\/activitat\/wp-json\/wp\/v2\/types\/page"}],"author":[{"embeddable":true,"href":"https:\/\/www.tauli.cat\/activitat\/wp-json\/wp\/v2\/users\/2"}],"replies":[{"embeddable":true,"href":"https:\/\/www.tauli.cat\/activitat\/wp-json\/wp\/v2\/comments?post=1217"}],"version-history":[{"count":9,"href":"https:\/\/www.tauli.cat\/activitat\/wp-json\/wp\/v2\/pages\/1217\/revisions"}],"predecessor-version":[{"id":1565,"href":"https:\/\/www.tauli.cat\/activitat\/wp-json\/wp\/v2\/pages\/1217\/revisions\/1565"}],"up":[{"embeddable":true,"href":"https:\/\/www.tauli.cat\/activitat\/wp-json\/wp\/v2\/pages\/1199"}],"wp:attachment":[{"href":"https:\/\/www.tauli.cat\/activitat\/wp-json\/wp\/v2\/media?parent=1217"}],"curies":[{"name":"wp","href":"https:\/\/api.w.org\/{rel}","templated":true}]}}