{"id":1221,"date":"2023-07-11T09:57:50","date_gmt":"2023-07-11T07:57:50","guid":{"rendered":"https:\/\/www.tauli.cat\/activitat\/?page_id=1221"},"modified":"2023-08-31T10:33:47","modified_gmt":"2023-08-31T08:33:47","slug":"noticies-destacades","status":"publish","type":"page","link":"https:\/\/www.tauli.cat\/activitat\/i3pt\/memoria-cientifica\/o2022\/recerca\/noticies-destacades\/","title":{"rendered":"Not\u00edcies destacades"},"content":{"rendered":"[vc_row][vc_column]<div class=\"eut-element eut-image-text eut-animated-item eut-fadeInDown\" style=\"\" data-delay=\"200\"><div class=\"eut-image\"><img loading=\"lazy\" decoding=\"async\" width=\"768\" height=\"447\" src=\"https:\/\/www.tauli.cat\/activitat\/wp-content\/uploads\/2023\/07\/Tres-investigadors-de-lI3PT-entre-els-mes-citats-de-lEstat.jpg\" class=\"attachment-full size-full\" alt=\"\" srcset=\"https:\/\/www.tauli.cat\/activitat\/wp-content\/uploads\/2023\/07\/Tres-investigadors-de-lI3PT-entre-els-mes-citats-de-lEstat.jpg 768w, https:\/\/www.tauli.cat\/activitat\/wp-content\/uploads\/2023\/07\/Tres-investigadors-de-lI3PT-entre-els-mes-citats-de-lEstat-300x175.jpg 300w\" sizes=\"(max-width: 768px) 100vw, 768px\" \/><\/div>  <div class=\"eut-content eut-align-left\"><h4>Tres investigadors de l\u2019I3PT, entre els m\u00e9s citats de l\u2019Estat<\/h4>  <p>27 de gener 2022<\/p>    <a href=\"https:\/\/www.tauli.cat\/institut\/actualitat\/noticies\/2022\/01\/tres-investigadors-de-li3pt-entre-els-mes-citats-de-lestat\/\" target=\"_blank\" class=\"eut-read-more \">Llegir not\u00edcia<\/a>  <\/div><\/div><div class=\"eut-element eut-image-text eut-animated-item eut-fadeInDown\" style=\"\" data-delay=\"200\"><div class=\"eut-image\"><img loading=\"lazy\" decoding=\"async\" width=\"768\" height=\"576\" src=\"https:\/\/www.tauli.cat\/activitat\/wp-content\/uploads\/2023\/07\/Les-persones-amb-esquizofrenia-que-participen-en-els-assajos-clinics-poden-no-ser-representatives-de-la-poblacio-que-pateix-aquesta-malaltia.jpg\" class=\"attachment-full size-full\" alt=\"\" srcset=\"https:\/\/www.tauli.cat\/activitat\/wp-content\/uploads\/2023\/07\/Les-persones-amb-esquizofrenia-que-participen-en-els-assajos-clinics-poden-no-ser-representatives-de-la-poblacio-que-pateix-aquesta-malaltia.jpg 768w, https:\/\/www.tauli.cat\/activitat\/wp-content\/uploads\/2023\/07\/Les-persones-amb-esquizofrenia-que-participen-en-els-assajos-clinics-poden-no-ser-representatives-de-la-poblacio-que-pateix-aquesta-malaltia-300x225.jpg 300w\" sizes=\"(max-width: 768px) 100vw, 768px\" \/><\/div>  <div class=\"eut-content eut-align-left\"><h4>Les persones amb esquizofr\u00e8nia que participen en els assajos cl\u00ednics poden no ser representatives de la poblaci\u00f3 que pateix aquesta malaltia<\/h4>  <p>9 de febrer 2022<\/p>    <a href=\"https:\/\/www.tauli.cat\/institut\/actualitat\/divulgacio-cientifica\/2022\/02\/les-persones-amb-esquizofrenia-que-participen-en-els-assajos-clinics-poden-no-ser-representatives-de-la-poblacio-que-pateix-aquesta-malaltia\/\" target=\"_blank\" class=\"eut-read-more \">Llegir not\u00edcia<\/a>  <\/div><\/div><div class=\"eut-element eut-image-text eut-animated-item eut-fadeInDown\" style=\"\" data-delay=\"200\"><div class=\"eut-image\"><img loading=\"lazy\" decoding=\"async\" width=\"768\" height=\"440\" src=\"https:\/\/www.tauli.cat\/activitat\/wp-content\/uploads\/2023\/07\/El-Comite-dEtica-i-Investigacio-amb-Medicaments-del-Parc-Tauli-4t-millor-dEspanya.jpg\" class=\"attachment-full size-full\" alt=\"\" srcset=\"https:\/\/www.tauli.cat\/activitat\/wp-content\/uploads\/2023\/07\/El-Comite-dEtica-i-Investigacio-amb-Medicaments-del-Parc-Tauli-4t-millor-dEspanya.jpg 768w, https:\/\/www.tauli.cat\/activitat\/wp-content\/uploads\/2023\/07\/El-Comite-dEtica-i-Investigacio-amb-Medicaments-del-Parc-Tauli-4t-millor-dEspanya-300x172.jpg 300w\" sizes=\"(max-width: 768px) 100vw, 768px\" \/><\/div>  <div class=\"eut-content eut-align-left\"><h4>El Comit\u00e8 d\u2019\u00c8tica i Investigaci\u00f3 amb Medicaments del Parc Taul\u00ed, 4t millor d\u2019Espanya<\/h4>  <p>21 de febrer 2022<\/p>    <a href=\"https:\/\/www.tauli.cat\/institut\/actualitat\/noticies\/2022\/02\/el-comite-detica-i-investigacio-amb-medicaments-del-parc-tauli-4t-millor-despanya\/\" target=\"_blank\" class=\"eut-read-more \">Llegir not\u00edcia<\/a>  <\/div><\/div><div class=\"eut-element eut-image-text eut-animated-item eut-fadeInDown\" style=\"\" data-delay=\"200\"><div class=\"eut-image\"><img loading=\"lazy\" decoding=\"async\" width=\"768\" height=\"432\" src=\"https:\/\/www.tauli.cat\/activitat\/wp-content\/uploads\/2023\/07\/El-Parc-Tauli-i-Aigues-Sabadell-estudiaran-la-presencia-de-gens-i-bacteris-resistents-als-antibiotics-a-les-aigues-residuals-de-la-ciutat.jpg\" class=\"attachment-full size-full\" alt=\"\" srcset=\"https:\/\/www.tauli.cat\/activitat\/wp-content\/uploads\/2023\/07\/El-Parc-Tauli-i-Aigues-Sabadell-estudiaran-la-presencia-de-gens-i-bacteris-resistents-als-antibiotics-a-les-aigues-residuals-de-la-ciutat.jpg 768w, https:\/\/www.tauli.cat\/activitat\/wp-content\/uploads\/2023\/07\/El-Parc-Tauli-i-Aigues-Sabadell-estudiaran-la-presencia-de-gens-i-bacteris-resistents-als-antibiotics-a-les-aigues-residuals-de-la-ciutat-300x169.jpg 300w\" sizes=\"(max-width: 768px) 100vw, 768px\" \/><\/div>  <div class=\"eut-content eut-align-left\"><h4>El Parc Taul\u00ed i Aig\u00fces Sabadell estudiaran la pres\u00e8ncia de gens i bacteris resistents als antibi\u00f2tics a les aig\u00fces residuals de la ciutat<\/h4>  <p>1 d&#8217;abril 2022<\/p>    <a href=\"https:\/\/www.tauli.cat\/institut\/actualitat\/noticies\/2022\/04\/el-parc-tauli-i-aigues-sabadell-estudiaran-la-presencia-de-gens-i-bacteris-resistents-als-antibiotics-a-les-aigues-residuals-de-la-ciutat\/\" target=\"_blank\" class=\"eut-read-more \">Llegir not\u00edcia<\/a>  <\/div><\/div><div class=\"eut-element eut-image-text eut-animated-item eut-fadeInDown\" style=\"\" data-delay=\"200\"><div class=\"eut-image\"><img loading=\"lazy\" decoding=\"async\" width=\"768\" height=\"431\" src=\"https:\/\/www.tauli.cat\/activitat\/wp-content\/uploads\/2023\/07\/Un-tractament-innovador-contra-el-cancer-de-recte-millora-la-morbiditat-i-evita-les-sequeles-permanents.jpg\" class=\"attachment-full size-full\" alt=\"\" srcset=\"https:\/\/www.tauli.cat\/activitat\/wp-content\/uploads\/2023\/07\/Un-tractament-innovador-contra-el-cancer-de-recte-millora-la-morbiditat-i-evita-les-sequeles-permanents.jpg 768w, https:\/\/www.tauli.cat\/activitat\/wp-content\/uploads\/2023\/07\/Un-tractament-innovador-contra-el-cancer-de-recte-millora-la-morbiditat-i-evita-les-sequeles-permanents-300x168.jpg 300w\" sizes=\"(max-width: 768px) 100vw, 768px\" \/><\/div>  <div class=\"eut-content eut-align-left\"><h4>Un tractament innovador contra el c\u00e0ncer de recte millora la morbiditat i evita les seq\u00fceles permanents<\/h4>  <p>27 de juny 2022<\/p>    <a href=\"https:\/\/www.tauli.cat\/institut\/actualitat\/divulgacio-cientifica\/2022\/06\/un-tractament-innovador-contra-el-cancer-de-recte-millora-la-morbiditat-i-evita-les-sequeles-permanents\/\" target=\"_blank\" class=\"eut-read-more \">Llegir not\u00edcia<\/a>  <\/div><\/div><div class=\"eut-element eut-image-text eut-animated-item eut-fadeInDown\" style=\"\" data-delay=\"200\"><div class=\"eut-image\"><img loading=\"lazy\" decoding=\"async\" width=\"768\" height=\"431\" src=\"https:\/\/www.tauli.cat\/activitat\/wp-content\/uploads\/2023\/07\/Nova-terapia-per-evitar-la-quimioterapia-en-cancer-de-pulmo.jpg\" class=\"attachment-full size-full\" alt=\"\" srcset=\"https:\/\/www.tauli.cat\/activitat\/wp-content\/uploads\/2023\/07\/Nova-terapia-per-evitar-la-quimioterapia-en-cancer-de-pulmo.jpg 768w, https:\/\/www.tauli.cat\/activitat\/wp-content\/uploads\/2023\/07\/Nova-terapia-per-evitar-la-quimioterapia-en-cancer-de-pulmo-300x168.jpg 300w\" sizes=\"(max-width: 768px) 100vw, 768px\" \/><\/div>  <div class=\"eut-content eut-align-left\"><h4>Nova ter\u00e0pia per evitar la quimioter\u00e0pia en c\u00e0ncer de pulm\u00f3<\/h4>  <p>25 de juliol 2022<\/p>    <a href=\"https:\/\/www.tauli.cat\/institut\/actualitat\/divulgacio-cientifica\/2022\/07\/nova-terapia-per-evitar-la-quimioterapia-en-cancer-de-pulmo\/\" target=\"_blank\" class=\"eut-read-more \">Llegir not\u00edcia<\/a>  <\/div><\/div><div class=\"eut-element eut-image-text eut-animated-item eut-fadeInDown\" style=\"\" data-delay=\"200\"><div class=\"eut-image\"><img loading=\"lazy\" decoding=\"async\" width=\"768\" height=\"432\" src=\"https:\/\/www.tauli.cat\/activitat\/wp-content\/uploads\/2023\/07\/Detecten-un-biomarcador-que-identifica-lenvelliment-vascular-en-pacients-amb-diabetis.jpg\" class=\"attachment-full size-full\" alt=\"\" srcset=\"https:\/\/www.tauli.cat\/activitat\/wp-content\/uploads\/2023\/07\/Detecten-un-biomarcador-que-identifica-lenvelliment-vascular-en-pacients-amb-diabetis.jpg 768w, https:\/\/www.tauli.cat\/activitat\/wp-content\/uploads\/2023\/07\/Detecten-un-biomarcador-que-identifica-lenvelliment-vascular-en-pacients-amb-diabetis-300x169.jpg 300w\" sizes=\"(max-width: 768px) 100vw, 768px\" \/><\/div>  <div class=\"eut-content eut-align-left\"><h4>Detecten un biomarcador que identifica l\u2019envelliment vascular en pacients amb diabetis<\/h4>  <p>6 d&#8217;octubre 2022<\/p>    <a href=\"https:\/\/www.tauli.cat\/institut\/actualitat\/divulgacio-cientifica\/2022\/10\/detecten-un-biomarcador-que-identifica-lenvelliment-vascular-en-pacients-amb-diabetis\/\" target=\"_blank\" class=\"eut-read-more \">Llegir not\u00edcia<\/a>  <\/div><\/div><div class=\"eut-element eut-image-text eut-animated-item eut-fadeInDown\" style=\"\" data-delay=\"200\"><div class=\"eut-image\"><img loading=\"lazy\" decoding=\"async\" width=\"768\" height=\"432\" src=\"https:\/\/www.tauli.cat\/activitat\/wp-content\/uploads\/2023\/07\/Un-estudi-constata-la-igual-efectivitat-del-iode-i-la-clorhexidina-en-cirurgies-de-fractures.jpg\" class=\"attachment-full size-full\" alt=\"\" srcset=\"https:\/\/www.tauli.cat\/activitat\/wp-content\/uploads\/2023\/07\/Un-estudi-constata-la-igual-efectivitat-del-iode-i-la-clorhexidina-en-cirurgies-de-fractures.jpg 768w, https:\/\/www.tauli.cat\/activitat\/wp-content\/uploads\/2023\/07\/Un-estudi-constata-la-igual-efectivitat-del-iode-i-la-clorhexidina-en-cirurgies-de-fractures-300x169.jpg 300w\" sizes=\"(max-width: 768px) 100vw, 768px\" \/><\/div>  <div class=\"eut-content eut-align-left\"><h4>Un estudi constata la igual efectivitat del iode i la clorhexidina en cirurgies de fractures<\/h4>  <p>3 de novembre 2022<\/p>    <a href=\"https:\/\/www.tauli.cat\/institut\/actualitat\/divulgacio-cientifica\/2022\/11\/un-estudi-constata-la-igual-efectivitat-del-iode-i-la-clorhexidina-en-cirurgies-de-fractures\/\" target=\"_blank\" class=\"eut-read-more \">Llegir not\u00edcia<\/a>  <\/div><\/div><div class=\"eut-element eut-image-text eut-animated-item eut-fadeInDown\" style=\"\" data-delay=\"200\"><div class=\"eut-image\"><img loading=\"lazy\" decoding=\"async\" width=\"768\" height=\"432\" src=\"https:\/\/www.tauli.cat\/activitat\/wp-content\/uploads\/2023\/07\/Quatre-projectes-en-salut-mental-de-lI3PT-premiats-amb-13-milions-deuros-per-La-Marato.jpg\" class=\"attachment-full size-full\" alt=\"\" srcset=\"https:\/\/www.tauli.cat\/activitat\/wp-content\/uploads\/2023\/07\/Quatre-projectes-en-salut-mental-de-lI3PT-premiats-amb-13-milions-deuros-per-La-Marato.jpg 768w, https:\/\/www.tauli.cat\/activitat\/wp-content\/uploads\/2023\/07\/Quatre-projectes-en-salut-mental-de-lI3PT-premiats-amb-13-milions-deuros-per-La-Marato-300x169.jpg 300w\" sizes=\"(max-width: 768px) 100vw, 768px\" \/><\/div>  <div class=\"eut-content eut-align-left\"><h4>Quatre projectes en salut mental de l\u2019I3PT, premiats amb 1,3 milions d\u2019euros per La Marat\u00f3<\/h4>  <p>4 de novembre 2022<\/p>    <a href=\"https:\/\/www.tauli.cat\/institut\/actualitat\/noticies\/2022\/11\/quatre-projectes-en-salut-mental-de-li3pt-premiats-amb-13-milions-deuros-per-la-marato\/\" target=\"_blank\" class=\"eut-read-more \">Llegir not\u00edcia<\/a>  <\/div><\/div><div class=\"eut-element eut-image-text eut-animated-item eut-fadeInDown\" style=\"\" data-delay=\"200\"><div class=\"eut-image\"><img loading=\"lazy\" decoding=\"async\" width=\"768\" height=\"432\" src=\"https:\/\/www.tauli.cat\/activitat\/wp-content\/uploads\/2023\/07\/Xavier-Serra-Aracil-publica-el-primer-llibre-de-recerca-en-cirurgia.jpg\" class=\"attachment-full size-full\" alt=\"\" srcset=\"https:\/\/www.tauli.cat\/activitat\/wp-content\/uploads\/2023\/07\/Xavier-Serra-Aracil-publica-el-primer-llibre-de-recerca-en-cirurgia.jpg 768w, https:\/\/www.tauli.cat\/activitat\/wp-content\/uploads\/2023\/07\/Xavier-Serra-Aracil-publica-el-primer-llibre-de-recerca-en-cirurgia-300x169.jpg 300w\" sizes=\"(max-width: 768px) 100vw, 768px\" \/><\/div>  <div class=\"eut-content eut-align-left\"><h4>Xavier Serra Aracil publica el primer llibre de recerca en cirurgia<\/h4>  <p>13 de desembre 2022<\/p>    <a href=\"https:\/\/www.tauli.cat\/institut\/actualitat\/noticies\/2022\/12\/xavier-serra-aracil-publica-el-primer-llibre-de-recerca-en-cirurgia\/\" target=\"_blank\" class=\"eut-read-more \">Llegir not\u00edcia<\/a>  <\/div><\/div><h2 class=\"eut-element eut-align-left eut-title-no-line\" style=\"\"><span>Reconeixements a la recerca<\/span><\/h2>[vc_row_inner][vc_column_inner width=&#8221;1\/3&#8243;][vc_column_text animation=&#8221;fadeInLeft&#8221;]<a href=\"https:\/\/www.fundaciovilasaborit.cat\/es\/promocion-de-la-investigacion-de-los-trastornos-bipolares\/\" target=\"_blank\" rel=\"noopener\"><em><strong>Premi Societat Catalana de la Psiquiatria<\/strong><\/em><\/a><\/p>\n<p>Itziar Montalvo Aguirrezabala<\/p>\n<p>T\u00edtol: Estudi de la resposta inmunol\u00f3gica a la vacuna de la COVID-19 en pacients amb trastorn mental en tractament amb clozapina en comparaci\u00f3 amb poblacions sense clozapina.<br \/>\nFundaci\u00f3n Familia Vila-Saborit<\/p>\n<p>Import: 3.000\u20ac[\/vc_column_text][\/vc_column_inner][vc_column_inner width=&#8221;1\/3&#8243;][vc_column_text animation=&#8221;fadeInLeft&#8221;]<a href=\"https:\/\/www.aecirujanos.es\/Beneficiados-Becas-y-Premios-de-la-AEC-2022_es_1_127.html\" target=\"_blank\" rel=\"noopener\"><em><strong>Premios<\/strong><strong> Nacionales de la FAECP Medtronic 2022 <\/strong><\/em><\/a><\/p>\n<p>Xavier Serra Aracil<\/p>\n<p>T\u00edtol: Preoperative Diagnostic Uncertainty in T2-T3 Rectal Adenomas and T1-T2 Adenocarcinomas and a Therapeutic Dilemma: Transanal Endoscopic Surgery, or Total Mesorectal Excision?<\/p>\n<p>Import: 1.500\u20ac[\/vc_column_text][\/vc_column_inner][vc_column_inner width=&#8221;1\/3&#8243;][vc_column_text animation=&#8221;fadeInLeft&#8221;]<a href=\"https:\/\/www.sedyt.org\/docs\/2022\/premios-comunicaciones-sedyt-2022.pdf\" target=\"_blank\" rel=\"noopener\"><em><strong>Premios<\/strong><strong> a la mejor comunicaci\u00f3n presentada al congreso SEDYT Tarragona 2022<\/strong><\/em><\/a><\/p>\n<p>Loreley Betancourt, Esther Ponz, Sandy Valeria Pico, Mar\u00eda Jos\u00e9 Gordo, Fanny Rojas, Dolors Marquina, Conchita Blasco, Jaume Almirall<\/p>\n<p>T\u00edtol: Valor pronostico de la Presi\u00f3n intraperitoneal<\/p>\n<p>Import: 300\u20ac[\/vc_column_text][\/vc_column_inner][\/vc_row_inner][vc_row_inner][vc_column_inner width=&#8221;1\/3&#8243;][vc_column_text animation=&#8221;fadeInLeft&#8221;]<a href=\"https:\/\/semicyuc.org\/2022\/06\/premios-feec-a-las-mejores-comunicaciones-del-lvii-congreso-nacional-de-la-semicyuc\/\" target=\"_blank\" rel=\"noopener\"><strong><em>Premios de la Fundaci\u00f3n Espa\u00f1ola del Enfermo Cr\u00edtico a las mejores comunicaciones presentadas &#8220;Premio Dr. Juan G\u00f3mez Rub\u00ed a la mejor comunicaci\u00f3n experimental&#8221;<\/em><\/strong><\/a><\/p>\n<p>Aina Areny Balaguer\u00f3<\/p>\n<p>T\u00edtol: Estudio de la captaci\u00f3n celular y la biodistribuci\u00f3n pulmonaar de nanoc\u00e0psules de PLGA fluorescentes con diferentes cargas superficiales<\/p>\n<p>Import: 600\u20ac[\/vc_column_text][\/vc_column_inner][vc_column_inner width=&#8221;1\/3&#8243;][vc_column_text animation=&#8221;fadeInLeft&#8221;]<a href=\"https:\/\/www.aecirujanos.es\/Beneficiados-Becas-y-Premios-de-la-AEC-2022_es_1_127.html\" target=\"_blank\" rel=\"noopener\"><em><strong>Premio Nacional de Cirug\u00eda 2022<\/strong><\/em><\/a><\/p>\n<p>Laura Mora L\u00f3pez<\/p>\n<p>Primer Premi al millor treball publicat en 2021 amb t\u00edtol: \u201cEfficacy and Safety of Nonantibiotic Outpatient Treaatment in Mild Acute Diverticulitis (DINAMO-study) A Multicentre, Randomised, Open-label, Noninferiority Trial\u201d<\/p>\n<p>Import: 3.000\u20ac[\/vc_column_text][\/vc_column_inner][vc_column_inner width=&#8221;1\/3&#8243;][vc_column_text animation=&#8221;fadeInLeft&#8221;]<em><strong>Beca SOCMIC 2022<\/strong><\/em><\/p>\n<p>Sara Nogales Herranz<\/p>\n<p>T\u00edtol: Estudi de l\u2019impacte dels increments en la c\u00e0rrega de treball respiratori sobre la microcirculaci\u00f3 a la musculatura esquel\u00e8ticaa perif\u00e8rica en voluntaris sans<\/p>\n<p>Import: 1.500\u20ac[\/vc_column_text][\/vc_column_inner][\/vc_row_inner][\/vc_column][\/vc_row]\n","protected":false},"excerpt":{"rendered":"<p>[vc_row][vc_column][vc_row_inner][vc_column_inner width=&#8221;1\/3&#8243;][vc_column_text animation=&#8221;fadeInLeft&#8221;]Premi Societat Catalana de la Psiquiatria Itziar Montalvo Aguirrezabala T\u00edtol: Estudi de la resposta inmunol\u00f3gica a la vacuna de la COVID-19 en pacients amb trastorn mental en tractament amb clozapina en comparaci\u00f3 amb poblacions sense clozapina. Fundaci\u00f3n Familia Vila-Saborit Import: 3.000\u20ac[\/vc_column_text][\/vc_column_inner][vc_column_inner width=&#8221;1\/3&#8243;][vc_column_text animation=&#8221;fadeInLeft&#8221;]Premios Nacionales de la FAECP Medtronic 2022 Xavier Serra Aracil T\u00edtol: [&hellip;]<\/p>\n","protected":false},"author":2,"featured_media":0,"parent":1199,"menu_order":4,"comment_status":"closed","ping_status":"closed","template":"","meta":{"footnotes":""},"class_list":["post-1221","page","type-page","status-publish","hentry"],"_links":{"self":[{"href":"https:\/\/www.tauli.cat\/activitat\/wp-json\/wp\/v2\/pages\/1221"}],"collection":[{"href":"https:\/\/www.tauli.cat\/activitat\/wp-json\/wp\/v2\/pages"}],"about":[{"href":"https:\/\/www.tauli.cat\/activitat\/wp-json\/wp\/v2\/types\/page"}],"author":[{"embeddable":true,"href":"https:\/\/www.tauli.cat\/activitat\/wp-json\/wp\/v2\/users\/2"}],"replies":[{"embeddable":true,"href":"https:\/\/www.tauli.cat\/activitat\/wp-json\/wp\/v2\/comments?post=1221"}],"version-history":[{"count":8,"href":"https:\/\/www.tauli.cat\/activitat\/wp-json\/wp\/v2\/pages\/1221\/revisions"}],"predecessor-version":[{"id":1462,"href":"https:\/\/www.tauli.cat\/activitat\/wp-json\/wp\/v2\/pages\/1221\/revisions\/1462"}],"up":[{"embeddable":true,"href":"https:\/\/www.tauli.cat\/activitat\/wp-json\/wp\/v2\/pages\/1199"}],"wp:attachment":[{"href":"https:\/\/www.tauli.cat\/activitat\/wp-json\/wp\/v2\/media?parent=1221"}],"curies":[{"name":"wp","href":"https:\/\/api.w.org\/{rel}","templated":true}]}}