{"id":1272,"date":"2023-07-13T08:16:27","date_gmt":"2023-07-13T06:16:27","guid":{"rendered":"https:\/\/www.tauli.cat\/activitat\/?page_id=1272"},"modified":"2023-10-02T14:57:24","modified_gmt":"2023-10-02T12:57:24","slug":"internacional","status":"publish","type":"page","link":"https:\/\/www.tauli.cat\/activitat\/i3pt\/memoria-cientifica\/o2022\/internacional\/","title":{"rendered":"Internacional"},"content":{"rendered":"[vc_row][vc_column]<h3 class=\"eut-element eut-align-left eut-title-no-line eut-animated-item eut-fadeInRight\" style=\"\" data-delay=\"200\"><span>Indicadors destacats<\/span><\/h3>[vc_row_inner][vc_column_inner width=&#8221;1\/3&#8243;]<div class=\"eut-element eut-box-icon eut-align-left eut-large eut-animated-item eut-fadeIn\" style=\"\" data-delay=\"200\"><div class=\"eut-image-icon\"><img loading=\"lazy\" decoding=\"async\" width=\"256\" height=\"256\" src=\"https:\/\/www.tauli.cat\/activitat\/wp-content\/uploads\/2022\/07\/international.png\" class=\"attachment-full size-full\" alt=\"\" srcset=\"https:\/\/www.tauli.cat\/activitat\/wp-content\/uploads\/2022\/07\/international.png 256w, https:\/\/www.tauli.cat\/activitat\/wp-content\/uploads\/2022\/07\/international-150x150.png 150w\" sizes=\"(max-width: 256px) 100vw, 256px\" \/><\/div>  <div class=\"eut-box-content\">      <h3 class=\"eut-box-title\">18<\/h3>    <p class=\"\">Sol\u00b7licituds de projectes internacionals<\/p>  <\/div><\/div>[\/vc_column_inner][vc_column_inner width=&#8221;1\/3&#8243;]<div class=\"eut-element eut-box-icon eut-align-left eut-large eut-animated-item eut-fadeIn\" style=\"\" data-delay=\"200\"><div class=\"eut-image-icon\"><img loading=\"lazy\" decoding=\"async\" width=\"256\" height=\"256\" src=\"https:\/\/www.tauli.cat\/activitat\/wp-content\/uploads\/2022\/07\/european-union.png\" class=\"attachment-full size-full\" alt=\"\" srcset=\"https:\/\/www.tauli.cat\/activitat\/wp-content\/uploads\/2022\/07\/european-union.png 256w, https:\/\/www.tauli.cat\/activitat\/wp-content\/uploads\/2022\/07\/european-union-150x150.png 150w\" sizes=\"(max-width: 256px) 100vw, 256px\" \/><\/div>  <div class=\"eut-box-content\">      <h3 class=\"eut-box-title\">12<\/h3>    <p class=\"\">Sol\u00b7licituds de projectes europeus<\/p>  <\/div><\/div>[\/vc_column_inner][vc_column_inner width=&#8221;1\/3&#8243;]<div class=\"eut-element eut-box-icon eut-align-left eut-large eut-animated-item eut-fadeIn\" style=\"\" data-delay=\"200\"><div class=\"eut-image-icon\"><img loading=\"lazy\" decoding=\"async\" width=\"512\" height=\"512\" src=\"https:\/\/www.tauli.cat\/activitat\/wp-content\/uploads\/2022\/07\/estudiante.png\" class=\"attachment-full size-full\" alt=\"\" srcset=\"https:\/\/www.tauli.cat\/activitat\/wp-content\/uploads\/2022\/07\/estudiante.png 512w, https:\/\/www.tauli.cat\/activitat\/wp-content\/uploads\/2022\/07\/estudiante-300x300.png 300w, https:\/\/www.tauli.cat\/activitat\/wp-content\/uploads\/2022\/07\/estudiante-150x150.png 150w\" sizes=\"(max-width: 512px) 100vw, 512px\" \/><\/div>  <div class=\"eut-box-content\">      <h3 class=\"eut-box-title\">4<\/h3>    <p class=\"\">Formacions espec\u00edfiques per a personal gestor de convocat\u00f2ries internacionals<\/p>  <\/div><\/div>[\/vc_column_inner][\/vc_row_inner][vc_row_inner][vc_column_inner width=&#8221;1\/3&#8243;]<div class=\"eut-element eut-box-icon eut-align-left eut-large eut-animated-item eut-fadeIn\" style=\"\" data-delay=\"200\"><div class=\"eut-image-icon\"><img loading=\"lazy\" decoding=\"async\" width=\"512\" height=\"512\" src=\"https:\/\/www.tauli.cat\/activitat\/wp-content\/uploads\/2022\/06\/crecimiento-1.png\" class=\"attachment-full size-full\" alt=\"\" srcset=\"https:\/\/www.tauli.cat\/activitat\/wp-content\/uploads\/2022\/06\/crecimiento-1.png 512w, https:\/\/www.tauli.cat\/activitat\/wp-content\/uploads\/2022\/06\/crecimiento-1-300x300.png 300w, https:\/\/www.tauli.cat\/activitat\/wp-content\/uploads\/2022\/06\/crecimiento-1-150x150.png 150w\" sizes=\"(max-width: 512px) 100vw, 512px\" \/><\/div>  <div class=\"eut-box-content\">      <h3 class=\"eut-box-title\">11<\/h3>    <p class=\"\">Projectes actius<\/p>  <\/div><\/div>[\/vc_column_inner][vc_column_inner width=&#8221;1\/3&#8243;]<div class=\"eut-element eut-box-icon eut-align-left eut-large eut-animated-item eut-fadeIn\" style=\"\" data-delay=\"200\"><div class=\"eut-image-icon\"><img loading=\"lazy\" decoding=\"async\" width=\"256\" height=\"256\" src=\"https:\/\/www.tauli.cat\/activitat\/wp-content\/uploads\/2022\/07\/neural.png\" class=\"attachment-full size-full\" alt=\"\" srcset=\"https:\/\/www.tauli.cat\/activitat\/wp-content\/uploads\/2022\/07\/neural.png 256w, https:\/\/www.tauli.cat\/activitat\/wp-content\/uploads\/2022\/07\/neural-150x150.png 150w\" sizes=\"(max-width: 256px) 100vw, 256px\" \/><\/div>  <div class=\"eut-box-content\">      <h3 class=\"eut-box-title\">5<\/h3>    <p class=\"\">Xarxes internacionals<\/p>  <\/div><\/div>[\/vc_column_inner][vc_column_inner width=&#8221;1\/3&#8243;]<div class=\"eut-element eut-box-icon eut-align-left eut-large eut-animated-item eut-fadeIn\" style=\"\" data-delay=\"200\"><div class=\"eut-image-icon\"><img loading=\"lazy\" decoding=\"async\" width=\"512\" height=\"512\" src=\"https:\/\/www.tauli.cat\/activitat\/wp-content\/uploads\/2022\/06\/contenido-2.png\" class=\"attachment-full size-full\" alt=\"\" srcset=\"https:\/\/www.tauli.cat\/activitat\/wp-content\/uploads\/2022\/06\/contenido-2.png 512w, https:\/\/www.tauli.cat\/activitat\/wp-content\/uploads\/2022\/06\/contenido-2-300x300.png 300w, https:\/\/www.tauli.cat\/activitat\/wp-content\/uploads\/2022\/06\/contenido-2-150x150.png 150w\" sizes=\"(max-width: 512px) 100vw, 512px\" \/><\/div>  <div class=\"eut-box-content\">      <h3 class=\"eut-box-title\">37,5%<\/h3>    <p class=\"\">Articles cient\u00edfics en col\u00b7laboraci\u00f3 internacional<\/p>  <\/div><\/div>[\/vc_column_inner][\/vc_row_inner][vc_empty_space]<h3 class=\"eut-element eut-align-left eut-title-no-line eut-animated-item eut-fadeInRight\" style=\"\" data-delay=\"200\"><span>Destacats 2022<\/span><\/h3><div class=\"eut-element eut-image-text eut-animated-item eut-fadeIn\" style=\"\" data-delay=\"200\"><div class=\"eut-image\"><img loading=\"lazy\" decoding=\"async\" width=\"1500\" height=\"1001\" src=\"https:\/\/www.tauli.cat\/activitat\/wp-content\/uploads\/2023\/08\/equipamiento-moderno-quirofano-dispositivos-medicos-neurocirugia.jpg\" class=\"attachment-full size-full\" alt=\"\" srcset=\"https:\/\/www.tauli.cat\/activitat\/wp-content\/uploads\/2023\/08\/equipamiento-moderno-quirofano-dispositivos-medicos-neurocirugia.jpg 1500w, https:\/\/www.tauli.cat\/activitat\/wp-content\/uploads\/2023\/08\/equipamiento-moderno-quirofano-dispositivos-medicos-neurocirugia-300x200.jpg 300w, https:\/\/www.tauli.cat\/activitat\/wp-content\/uploads\/2023\/08\/equipamiento-moderno-quirofano-dispositivos-medicos-neurocirugia-1024x683.jpg 1024w, https:\/\/www.tauli.cat\/activitat\/wp-content\/uploads\/2023\/08\/equipamiento-moderno-quirofano-dispositivos-medicos-neurocirugia-768x513.jpg 768w\" sizes=\"(max-width: 1500px) 100vw, 1500px\" \/><\/div>  <div class=\"eut-content eut-align-left\"><h4>El projecte europeu STARS-PCP ha comen\u00e7at la fase de validaci\u00f3 de les dues solucions finalistes<\/h4>  <p>7 de mar\u00e7 2022. El projecte vol oferir solucions que empoderin els pacients que s&#8217;ha de sotmetre&#8217;s a una intervenci\u00f3, mitjan\u00e7ant serveis professionals de prevenci\u00f3 de l\u2019estr\u00e8s i de recuperaci\u00f3.<\/p>    <a href=\"https:\/\/www.tauli.cat\/institut\/actualitat\/noticies\/2022\/03\/tecnologia-per-empoderar-el-pacient-i-gestionar-lestres-davant-dun-proces-quirurgic\/\" target=\"_blank\" class=\"eut-read-more \">Llegir not\u00edcia<\/a>  <\/div><\/div><div class=\"eut-element eut-image-text eut-animated-item eut-fadeIn\" style=\"\" data-delay=\"200\"><div class=\"eut-image\"><img loading=\"lazy\" decoding=\"async\" width=\"764\" height=\"430\" src=\"https:\/\/www.tauli.cat\/activitat\/wp-content\/uploads\/2023\/09\/Captura.jpg\" class=\"attachment-full size-full\" alt=\"\" srcset=\"https:\/\/www.tauli.cat\/activitat\/wp-content\/uploads\/2023\/09\/Captura.jpg 764w, https:\/\/www.tauli.cat\/activitat\/wp-content\/uploads\/2023\/09\/Captura-300x169.jpg 300w\" sizes=\"(max-width: 764px) 100vw, 764px\" \/><\/div>  <div class=\"eut-content eut-align-left\"><h4>L'I3PT, membre del consorci europeu INTELLILUNG<\/h4>  <p>11 de febrer 2022. El projecte desenvolupa i valida cl\u00ednicament un sistema de suport a la presa de decisions basat en intel\u00b7lig\u00e8ncia artificial per optimitzar la ventilaci\u00f3 mec\u00e0nica i millorar l\u2019atenci\u00f3 dels pacients de la UCI<\/p>    <a href=\"https:\/\/www.tauli.cat\/institut\/actualitat\/noticies\/2022\/02\/intelligencia-artificial-per-millorar-latencio-als-pacients-critics-amb-ventilacio-mecanica\/\" target=\"_blank\" class=\"eut-read-more \">Llegir not\u00edcia<\/a>  <\/div><\/div><h3 class=\"eut-element eut-align-left eut-title-no-line eut-animated-item eut-fadeInRight\" style=\"\" data-delay=\"200\"><span>Projectes internacionals en actiu<\/span><\/h3>[vc_empty_space][vc_row_inner][vc_column_inner width=&#8221;1\/4&#8243;]<div class=\"eut-element eut-image eut-animated-item eut-fadeIn eut-align-center\" style=\"\" data-delay=\"200\"><a href=\"https:\/\/www.neuron-eranet.eu\/projects\/GEPI-BIOPSY\/\" target=\"_blank\"><img loading=\"lazy\" decoding=\"async\" width=\"300\" height=\"104\" src=\"https:\/\/www.tauli.cat\/activitat\/wp-content\/uploads\/2022\/07\/GEPIBIOPSSY-300x104.png\" class=\"attachment-medium size-medium\" alt=\"\" srcset=\"https:\/\/www.tauli.cat\/activitat\/wp-content\/uploads\/2022\/07\/GEPIBIOPSSY-300x104.png 300w, https:\/\/www.tauli.cat\/activitat\/wp-content\/uploads\/2022\/07\/GEPIBIOPSSY.png 409w\" sizes=\"(max-width: 300px) 100vw, 300px\" \/><\/a><\/div>[\/vc_column_inner][vc_column_inner width=&#8221;1\/4&#8243;]<div class=\"eut-element eut-image eut-animated-item eut-fadeIn eut-align-center\" style=\"\" data-delay=\"200\"><a href=\"https:\/\/www.tauli.cat\/institut\/plataformes-i-serveis\/laboratori-3d\/projectes\/innovation-in-the-joint-replacement-care-pathway-to-improve-patient-outcomes\/\" target=\"_blank\"><img loading=\"lazy\" decoding=\"async\" width=\"300\" height=\"93\" src=\"https:\/\/www.tauli.cat\/activitat\/wp-content\/uploads\/2022\/07\/ECOQUIP-300x93.png\" class=\"attachment-medium size-medium\" alt=\"\" srcset=\"https:\/\/www.tauli.cat\/activitat\/wp-content\/uploads\/2022\/07\/ECOQUIP-300x93.png 300w, https:\/\/www.tauli.cat\/activitat\/wp-content\/uploads\/2022\/07\/ECOQUIP.png 457w\" sizes=\"(max-width: 300px) 100vw, 300px\" \/><\/a><\/div>[\/vc_column_inner][vc_column_inner width=&#8221;1\/4&#8243;]<div class=\"eut-element eut-image eut-animated-item eut-fadeIn eut-align-center\" style=\"\" data-delay=\"200\"><a href=\"https:\/\/www.projectswitch.eu\/\" target=\"_blank\"><img loading=\"lazy\" decoding=\"async\" width=\"242\" height=\"171\" src=\"https:\/\/www.tauli.cat\/activitat\/wp-content\/uploads\/2022\/07\/SWITCH.png\" class=\"attachment-medium size-medium\" alt=\"\" \/><\/a><\/div>[\/vc_column_inner][vc_column_inner width=&#8221;1\/4&#8243;]<div class=\"eut-element eut-image eut-animated-item eut-fadeIn eut-align-center\" style=\"\" data-delay=\"200\"><a href=\"https:\/\/vascovid.eu\/\" target=\"_blank\"><img loading=\"lazy\" decoding=\"async\" width=\"300\" height=\"129\" src=\"https:\/\/www.tauli.cat\/activitat\/wp-content\/uploads\/2022\/07\/vascovid-300x129.png\" class=\"attachment-medium size-medium\" alt=\"\" srcset=\"https:\/\/www.tauli.cat\/activitat\/wp-content\/uploads\/2022\/07\/vascovid-300x129.png 300w, https:\/\/www.tauli.cat\/activitat\/wp-content\/uploads\/2022\/07\/vascovid.png 340w\" sizes=\"(max-width: 300px) 100vw, 300px\" \/><\/a><\/div>[\/vc_column_inner][\/vc_row_inner][vc_empty_space height=&#8221;42px&#8221;][vc_row_inner][vc_column_inner width=&#8221;1\/4&#8243;]<div class=\"eut-element eut-image eut-animated-item eut-fadeIn eut-align-center\" style=\"\" data-delay=\"200\"><a href=\"https:\/\/www.neuron-eranet.eu\/projects\/BioStress\/\" target=\"_blank\"><img loading=\"lazy\" decoding=\"async\" width=\"300\" height=\"102\" src=\"https:\/\/www.tauli.cat\/activitat\/wp-content\/uploads\/2022\/07\/BIOSTRESS-300x102.png\" class=\"attachment-medium size-medium\" alt=\"\" srcset=\"https:\/\/www.tauli.cat\/activitat\/wp-content\/uploads\/2022\/07\/BIOSTRESS-300x102.png 300w, https:\/\/www.tauli.cat\/activitat\/wp-content\/uploads\/2022\/07\/BIOSTRESS.png 399w\" sizes=\"(max-width: 300px) 100vw, 300px\" \/><\/a><\/div>[\/vc_column_inner][vc_column_inner width=&#8221;1\/4&#8243;]<div class=\"eut-element eut-image eut-animated-item eut-fadeIn eut-align-center\" style=\"\" data-delay=\"200\"><a href=\"https:\/\/stars-pcp.eu\/\" target=\"_blank\"><img loading=\"lazy\" decoding=\"async\" width=\"300\" height=\"118\" src=\"https:\/\/www.tauli.cat\/activitat\/wp-content\/uploads\/2022\/07\/STARS-300x118.png\" class=\"attachment-medium size-medium\" alt=\"\" srcset=\"https:\/\/www.tauli.cat\/activitat\/wp-content\/uploads\/2022\/07\/STARS-300x118.png 300w, https:\/\/www.tauli.cat\/activitat\/wp-content\/uploads\/2022\/07\/STARS.png 344w\" sizes=\"(max-width: 300px) 100vw, 300px\" \/><\/a><\/div>[\/vc_column_inner][vc_column_inner width=&#8221;1\/4&#8243;]<div class=\"eut-element eut-image eut-animated-item eut-fadeIn eut-align-center\" style=\"\" data-delay=\"200\"><a href=\"#\" target=\"_self\"><img loading=\"lazy\" decoding=\"async\" width=\"300\" height=\"127\" src=\"https:\/\/www.tauli.cat\/activitat\/wp-content\/uploads\/2022\/07\/prolife-300x127.png\" class=\"attachment-medium size-medium\" alt=\"\" srcset=\"https:\/\/www.tauli.cat\/activitat\/wp-content\/uploads\/2022\/07\/prolife-300x127.png 300w, https:\/\/www.tauli.cat\/activitat\/wp-content\/uploads\/2022\/07\/prolife.png 426w\" sizes=\"(max-width: 300px) 100vw, 300px\" \/><\/a><\/div>[\/vc_column_inner][vc_column_inner width=&#8221;1\/4&#8243;]<div class=\"eut-element eut-image eut-animated-item eut-fadeIn eut-align-center\" style=\"\" data-delay=\"200\"><a href=\"https:\/\/www.unimi.it\/en\/international\/university-milan-world\/international-agreements\/nephrology-partnership-advancing-technology-healthcare-n-path\" target=\"_blank\"><img loading=\"lazy\" decoding=\"async\" width=\"300\" height=\"90\" src=\"https:\/\/www.tauli.cat\/activitat\/wp-content\/uploads\/2022\/07\/N-PATH-300x90.png\" class=\"attachment-medium size-medium\" alt=\"\" srcset=\"https:\/\/www.tauli.cat\/activitat\/wp-content\/uploads\/2022\/07\/N-PATH-300x90.png 300w, https:\/\/www.tauli.cat\/activitat\/wp-content\/uploads\/2022\/07\/N-PATH.png 544w\" sizes=\"(max-width: 300px) 100vw, 300px\" \/><\/a><\/div>[\/vc_column_inner][\/vc_row_inner][vc_empty_space height=&#8221;42px&#8221;][vc_row_inner][vc_column_inner width=&#8221;1\/4&#8243;]<div class=\"eut-element eut-image eut-animated-item eut-fadeIn eut-align-center\" style=\"\" data-delay=\"200\"><a href=\"https:\/\/www.ehden.eu\/\" target=\"_blank\"><img loading=\"lazy\" decoding=\"async\" width=\"300\" height=\"157\" src=\"https:\/\/www.tauli.cat\/activitat\/wp-content\/uploads\/2023\/08\/EHDEN-600x314-1-300x157.jpg\" class=\"attachment-medium size-medium\" alt=\"\" srcset=\"https:\/\/www.tauli.cat\/activitat\/wp-content\/uploads\/2023\/08\/EHDEN-600x314-1-300x157.jpg 300w, https:\/\/www.tauli.cat\/activitat\/wp-content\/uploads\/2023\/08\/EHDEN-600x314-1.jpg 600w\" sizes=\"(max-width: 300px) 100vw, 300px\" \/><\/a><\/div>[\/vc_column_inner][vc_column_inner width=&#8221;1\/4&#8243;]<div class=\"eut-element eut-image eut-animated-item eut-fadeIn eut-align-center\" style=\"\" data-delay=\"200\"><a href=\"https:\/\/intellilung-project.eu\/\" target=\"_blank\"><img loading=\"lazy\" decoding=\"async\" width=\"150\" height=\"150\" src=\"https:\/\/www.tauli.cat\/activitat\/wp-content\/uploads\/2023\/08\/IntelliLung_version-1-150x150-1.png\" class=\"attachment-medium size-medium\" alt=\"\" \/><\/a><\/div>[\/vc_column_inner][vc_column_inner width=&#8221;1\/4&#8243;]<div class=\"eut-element eut-image eut-animated-item eut-fadeIn eut-align-center\" style=\"\" data-delay=\"200\"><a href=\"https:\/\/intellilung-project.eu\/\" target=\"_blank\"><img loading=\"lazy\" decoding=\"async\" width=\"300\" height=\"225\" src=\"https:\/\/www.tauli.cat\/activitat\/wp-content\/uploads\/2023\/09\/Logo-FLIGHT-300x225.png\" class=\"attachment-medium size-medium\" alt=\"\" srcset=\"https:\/\/www.tauli.cat\/activitat\/wp-content\/uploads\/2023\/09\/Logo-FLIGHT-300x225.png 300w, https:\/\/www.tauli.cat\/activitat\/wp-content\/uploads\/2023\/09\/Logo-FLIGHT-768x576.png 768w, https:\/\/www.tauli.cat\/activitat\/wp-content\/uploads\/2023\/09\/Logo-FLIGHT-800x600.png 800w, https:\/\/www.tauli.cat\/activitat\/wp-content\/uploads\/2023\/09\/Logo-FLIGHT.png 960w\" sizes=\"(max-width: 300px) 100vw, 300px\" \/><\/a><\/div>[\/vc_column_inner][vc_column_inner width=&#8221;1\/4&#8243;]<div class=\"eut-element eut-image eut-animated-item eut-fadeIn eut-align-center\" style=\"\" data-delay=\"200\"><a href=\"https:\/\/www.army.mil\/\" target=\"_blank\"><img loading=\"lazy\" decoding=\"async\" width=\"300\" height=\"300\" src=\"https:\/\/www.tauli.cat\/activitat\/wp-content\/uploads\/2023\/08\/Mark_of_the_United_States_Army.svg_-300x300.png\" class=\"attachment-medium size-medium\" alt=\"\" srcset=\"https:\/\/www.tauli.cat\/activitat\/wp-content\/uploads\/2023\/08\/Mark_of_the_United_States_Army.svg_-300x300.png 300w, https:\/\/www.tauli.cat\/activitat\/wp-content\/uploads\/2023\/08\/Mark_of_the_United_States_Army.svg_-1024x1024.png 1024w, https:\/\/www.tauli.cat\/activitat\/wp-content\/uploads\/2023\/08\/Mark_of_the_United_States_Army.svg_-150x150.png 150w, https:\/\/www.tauli.cat\/activitat\/wp-content\/uploads\/2023\/08\/Mark_of_the_United_States_Army.svg_-768x768.png 768w, https:\/\/www.tauli.cat\/activitat\/wp-content\/uploads\/2023\/08\/Mark_of_the_United_States_Army.svg_-600x600.png 600w, https:\/\/www.tauli.cat\/activitat\/wp-content\/uploads\/2023\/08\/Mark_of_the_United_States_Army.svg_-1120x1120.png 1120w, https:\/\/www.tauli.cat\/activitat\/wp-content\/uploads\/2023\/08\/Mark_of_the_United_States_Army.svg_.png 1200w\" sizes=\"(max-width: 300px) 100vw, 300px\" \/><\/a><\/div>[\/vc_column_inner][\/vc_row_inner][vc_empty_space height=&#8221;42px&#8221;][\/vc_column][\/vc_row]\n","protected":false},"excerpt":{"rendered":"<p>[vc_row][vc_column][vc_row_inner][vc_column_inner width=&#8221;1\/3&#8243;][\/vc_column_inner][vc_column_inner width=&#8221;1\/3&#8243;][\/vc_column_inner][vc_column_inner width=&#8221;1\/3&#8243;][\/vc_column_inner][\/vc_row_inner][vc_row_inner][vc_column_inner width=&#8221;1\/3&#8243;][\/vc_column_inner][vc_column_inner width=&#8221;1\/3&#8243;][\/vc_column_inner][vc_column_inner width=&#8221;1\/3&#8243;][\/vc_column_inner][\/vc_row_inner][vc_empty_space][vc_empty_space][vc_row_inner][vc_column_inner width=&#8221;1\/4&#8243;][\/vc_column_inner][vc_column_inner width=&#8221;1\/4&#8243;][\/vc_column_inner][vc_column_inner width=&#8221;1\/4&#8243;][\/vc_column_inner][vc_column_inner width=&#8221;1\/4&#8243;][\/vc_column_inner][\/vc_row_inner][vc_empty_space height=&#8221;42px&#8221;][vc_row_inner][vc_column_inner width=&#8221;1\/4&#8243;][\/vc_column_inner][vc_column_inner width=&#8221;1\/4&#8243;][\/vc_column_inner][vc_column_inner width=&#8221;1\/4&#8243;][\/vc_column_inner][vc_column_inner width=&#8221;1\/4&#8243;][\/vc_column_inner][\/vc_row_inner][vc_empty_space height=&#8221;42px&#8221;][vc_row_inner][vc_column_inner width=&#8221;1\/4&#8243;][\/vc_column_inner][vc_column_inner width=&#8221;1\/4&#8243;][\/vc_column_inner][vc_column_inner width=&#8221;1\/4&#8243;][\/vc_column_inner][vc_column_inner width=&#8221;1\/4&#8243;][\/vc_column_inner][\/vc_row_inner][vc_empty_space height=&#8221;42px&#8221;][\/vc_column][\/vc_row]<\/p>\n","protected":false},"author":2,"featured_media":0,"parent":1091,"menu_order":0,"comment_status":"closed","ping_status":"closed","template":"","meta":{"footnotes":""},"class_list":["post-1272","page","type-page","status-publish","hentry"],"_links":{"self":[{"href":"https:\/\/www.tauli.cat\/activitat\/wp-json\/wp\/v2\/pages\/1272"}],"collection":[{"href":"https:\/\/www.tauli.cat\/activitat\/wp-json\/wp\/v2\/pages"}],"about":[{"href":"https:\/\/www.tauli.cat\/activitat\/wp-json\/wp\/v2\/types\/page"}],"author":[{"embeddable":true,"href":"https:\/\/www.tauli.cat\/activitat\/wp-json\/wp\/v2\/users\/2"}],"replies":[{"embeddable":true,"href":"https:\/\/www.tauli.cat\/activitat\/wp-json\/wp\/v2\/comments?post=1272"}],"version-history":[{"count":15,"href":"https:\/\/www.tauli.cat\/activitat\/wp-json\/wp\/v2\/pages\/1272\/revisions"}],"predecessor-version":[{"id":1628,"href":"https:\/\/www.tauli.cat\/activitat\/wp-json\/wp\/v2\/pages\/1272\/revisions\/1628"}],"up":[{"embeddable":true,"href":"https:\/\/www.tauli.cat\/activitat\/wp-json\/wp\/v2\/pages\/1091"}],"wp:attachment":[{"href":"https:\/\/www.tauli.cat\/activitat\/wp-json\/wp\/v2\/media?parent=1272"}],"curies":[{"name":"wp","href":"https:\/\/api.w.org\/{rel}","templated":true}]}}