{"id":140,"date":"2022-06-16T09:57:08","date_gmt":"2022-06-16T07:57:08","guid":{"rendered":"https:\/\/www.tauli.cat\/activitat\/?page_id=140"},"modified":"2022-07-14T10:44:01","modified_gmt":"2022-07-14T08:44:01","slug":"publicacions","status":"publish","type":"page","link":"https:\/\/www.tauli.cat\/activitat\/i3pt\/memoria-cientifica\/o2021\/recerca\/publicacions\/","title":{"rendered":"Publicacions"},"content":{"rendered":"[vc_row][vc_column][vc_row_inner][vc_column_inner][vc_column_text]\n<h2>Publicacions 2021<\/h2>\n[\/vc_column_text][\/vc_column_inner][\/vc_row_inner][\/vc_column][\/vc_row][vc_row][vc_column width=&#8221;1\/2&#8243;][vc_row_inner][vc_column_inner][vc_round_chart stroke_width=&#8221;2&#8243; values=&#8221;%5B%7B%22title%22%3A%22Article%22%2C%22value%22%3A%22420%22%2C%22color%22%3A%22pink%22%7D%2C%7B%22title%22%3A%22Case%20Report%22%2C%22value%22%3A%227%22%2C%22color%22%3A%22peacoc%22%7D%2C%7B%22title%22%3A%22Editorial%20Material%22%2C%22value%22%3A%2213%22%2C%22color%22%3A%22vista-blue%22%7D%2C%7B%22title%22%3A%22Letter%22%2C%22value%22%3A%2217%22%2C%22color%22%3A%22orange%22%7D%2C%7B%22title%22%3A%22Practice%20Guideline%22%2C%22value%22%3A%2212%22%2C%22color%22%3A%22sandy-brown%22%7D%2C%7B%22title%22%3A%22Review%22%2C%22value%22%3A%2242%22%2C%22color%22%3A%22chino%22%7D%5D&#8221; css_animation=&#8221;fadeIn&#8221; title=&#8221;Tipus de publicaci\u00f3&#8221;][\/vc_column_inner][\/vc_row_inner][\/vc_column][vc_column width=&#8221;1\/2&#8243;][vc_empty_space][vc_empty_space][vc_empty_space]<div class=\"eut-element eut-box-icon eut-align-left eut-large\" style=\"\"><div class=\"eut-image-icon\"><img loading=\"lazy\" decoding=\"async\" width=\"512\" height=\"512\" src=\"https:\/\/www.tauli.cat\/activitat\/wp-content\/uploads\/2022\/06\/herramientas-de-oficina.png\" class=\"attachment-full size-full\" alt=\"\" srcset=\"https:\/\/www.tauli.cat\/activitat\/wp-content\/uploads\/2022\/06\/herramientas-de-oficina.png 512w, https:\/\/www.tauli.cat\/activitat\/wp-content\/uploads\/2022\/06\/herramientas-de-oficina-300x300.png 300w, https:\/\/www.tauli.cat\/activitat\/wp-content\/uploads\/2022\/06\/herramientas-de-oficina-150x150.png 150w\" sizes=\"(max-width: 512px) 100vw, 512px\" \/><\/div>  <div class=\"eut-box-content\">      <h3 class=\"eut-box-title\">3.924<\/h3>    <p class=\"\">Factor d&#8217;Impacte<\/p>  <\/div><\/div><div class=\"eut-element eut-box-icon eut-align-left eut-large\" style=\"\"><div class=\"eut-image-icon\"><img loading=\"lazy\" decoding=\"async\" width=\"512\" height=\"512\" src=\"https:\/\/www.tauli.cat\/activitat\/wp-content\/uploads\/2022\/06\/reporte-de-negocios.png\" class=\"attachment-full size-full\" alt=\"\" srcset=\"https:\/\/www.tauli.cat\/activitat\/wp-content\/uploads\/2022\/06\/reporte-de-negocios.png 512w, https:\/\/www.tauli.cat\/activitat\/wp-content\/uploads\/2022\/06\/reporte-de-negocios-300x300.png 300w, https:\/\/www.tauli.cat\/activitat\/wp-content\/uploads\/2022\/06\/reporte-de-negocios-150x150.png 150w\" sizes=\"(max-width: 512px) 100vw, 512px\" \/><\/div>  <div class=\"eut-box-content\">      <h3 class=\"eut-box-title\">133<\/h3>    <p class=\"\">H-Index<\/p>  <\/div><\/div><div class=\"eut-element eut-box-icon eut-align-left eut-large\" style=\"\"><div class=\"eut-image-icon\"><img loading=\"lazy\" decoding=\"async\" width=\"128\" height=\"128\" src=\"https:\/\/www.tauli.cat\/activitat\/wp-content\/uploads\/2022\/07\/checklist.png\" class=\"attachment-full size-full\" alt=\"\" \/><\/div>  <div class=\"eut-box-content\">      <h3 class=\"eut-box-title\">103.856<\/h3>    <p class=\"\">Citacions<\/p>  <\/div><\/div><div class=\"eut-element eut-box-icon eut-align-left eut-large\" style=\"\"><div class=\"eut-image-icon\"><img loading=\"lazy\" decoding=\"async\" width=\"256\" height=\"256\" src=\"https:\/\/www.tauli.cat\/activitat\/wp-content\/uploads\/2022\/07\/star.png\" class=\"attachment-full size-full\" alt=\"\" srcset=\"https:\/\/www.tauli.cat\/activitat\/wp-content\/uploads\/2022\/07\/star.png 256w, https:\/\/www.tauli.cat\/activitat\/wp-content\/uploads\/2022\/07\/star-150x150.png 150w\" sizes=\"(max-width: 256px) 100vw, 256px\" \/><\/div>  <div class=\"eut-box-content\">      <h3 class=\"eut-box-title\">44,5%<\/h3>    <p class=\"\">Publicacions Q1<\/p>  <\/div><\/div><div class=\"eut-element eut-box-icon eut-align-left eut-large\" style=\"\"><div class=\"eut-image-icon\"><img loading=\"lazy\" decoding=\"async\" width=\"256\" height=\"256\" src=\"https:\/\/www.tauli.cat\/activitat\/wp-content\/uploads\/2022\/07\/badge.png\" class=\"attachment-full size-full\" alt=\"\" srcset=\"https:\/\/www.tauli.cat\/activitat\/wp-content\/uploads\/2022\/07\/badge.png 256w, https:\/\/www.tauli.cat\/activitat\/wp-content\/uploads\/2022\/07\/badge-150x150.png 150w\" sizes=\"(max-width: 256px) 100vw, 256px\" \/><\/div>  <div class=\"eut-box-content\">      <h3 class=\"eut-box-title\">21%<\/h3>    <p class=\"\">Publicacions D1<\/p>  <\/div><\/div>[\/vc_column][\/vc_row][vc_row][vc_column][\/vc_column][\/vc_row][vc_row][vc_column]<div class=\"eut-element eut-box-icon eut-align-left eut-large\" style=\"\"><a href=\"http:\/\/www.tauli.cat\/activitat\/wp-content\/uploads\/2022\/07\/Publicacions-2021_memoria.pdf\" target=\"_blank\"><div class=\"eut-image-icon\"><img loading=\"lazy\" decoding=\"async\" width=\"512\" height=\"512\" src=\"https:\/\/www.tauli.cat\/activitat\/wp-content\/uploads\/2022\/07\/reporte-de-negocios.png\" class=\"attachment-full size-full\" alt=\"\" srcset=\"https:\/\/www.tauli.cat\/activitat\/wp-content\/uploads\/2022\/07\/reporte-de-negocios.png 512w, https:\/\/www.tauli.cat\/activitat\/wp-content\/uploads\/2022\/07\/reporte-de-negocios-300x300.png 300w, https:\/\/www.tauli.cat\/activitat\/wp-content\/uploads\/2022\/07\/reporte-de-negocios-150x150.png 150w\" sizes=\"(max-width: 512px) 100vw, 512px\" \/><\/div><\/a>  <div class=\"eut-box-content\"><a href=\"http:\/\/www.tauli.cat\/activitat\/wp-content\/uploads\/2022\/07\/Publicacions-2021_memoria.pdf\" target=\"_blank\">      <h3 class=\"eut-box-title\">Publicacions del 2021<\/h3><\/a>    <p class=\"\">Consulta totes les publicacions cient\u00edfiques<\/p>  <\/div><\/div>[\/vc_column][\/vc_row][vc_row][vc_column][vc_row_inner][vc_column_inner][vc_column_text]\n<h2>Guies de pr\u00e0ctica cl\u00ednica i documents de consens<\/h2>\n[\/vc_column_text][vc_empty_space][vc_column_text]\n<ul>\n<li>Biagetti, B. et al.<a href=\"https:\/\/pubmed.ncbi.nlm.nih.gov\/33903089\/\" target=\"_blank\" rel=\"noopener\"> Macroprolactin: From laboratory to clinical practice. Macroprolactina: del laboratorio a la pr\u00e1ctica cl\u00ednica.<\/a> Recomendaciones del grupo de trabajo de laboratorio de la SEEN y de la comisi\u00f3n de hormonas de la SEQCML sobre la medici\u00f3n e informe del resultado de la macroprolactina. Endocrinologia, diabetes y nutricion, S2530-0164(21)00082-3.<\/li>\n<li>Fern\u00e1ndez-Esparrach G et al. en representaci\u00f3n de la Asociaci\u00f3n Espa\u00f1ola de Gastroenterolog\u00eda, la Sociedad Espa\u00f1ola de Endoscopia Digestiva y la Sociedad Espa\u00f1ola de Anatom\u00eda Patol\u00f3gica. <a href=\"https:\/\/pubmed.ncbi.nlm.nih.gov\/33609597\/\" target=\"_blank\" rel=\"noopener\">Quality in diagnostic upper gastrointestinal endoscopy for the detection and surveillance of gastric cancer precursor lesions: Position paper of AEG, SEED and SEAP.<\/a> Gastroenterol Hepatol. 2021 Jun-Jul;44(6):448-464. English, Spanish.<\/li>\n<li>Garcia-Carbonero R et al. <a href=\"https:\/\/pubmed.ncbi.nlm.nih.gov\/33959901\/\" target=\"_blank\" rel=\"noopener\">Multidisciplinary practice guidelines for the diagnosis, genetic counseling and treatment of pheochromocytomas and paragangliomas<\/a>. Clin Transl Oncol. 2021 Oct;23(10):1995-2019. doi: 10.1007\/s12094-021-02622-9. Epub 2021 May 6. PMID: 33959901; PMCID: PMC8390422.<\/li>\n<li>Gisbert, JP et al. <a href=\"https:\/\/pubmed.ncbi.nlm.nih.gov\/34607441\/\" target=\"_blank\" rel=\"noopener\">V Spanish Consensus Conference on <em>Helicobacter pylori<\/em> infection treatment.<\/a> V Conferencia Espa\u00f1ola de Consenso sobre el tratamiento de la infecci\u00f3n por <em>Helicobacter pylori.<\/em> Gastroenterologia y hepatologia, S0210-5705(21)00229-6. Advance online publication.<\/li>\n<li>Luj\u00e1n, M et al. <a href=\"https:\/\/pubmed.ncbi.nlm.nih.gov\/34088393\/\" target=\"_blank\" rel=\"noopener\">Summary of recommendations and key points of the consensus of Spanish scientific societies (SEPAR, SEMICYUC, SEMES; SECIP, SENEO, SEDAR, SENP) on the use of non-invasive ventilation and high-flow oxygen therapy with nasal cannulas in adult, pediatric, and neonatal patients with severe acute respiratory failure.<\/a> Medicina intensiva, 45(5), 298\u2013312.<\/li>\n<li>Mediano, O et al. Spanish Sleep Network.<a href=\"https:\/\/doi.org\/10.1016\/j.arbres.2021.03.017\" target=\"_blank\" rel=\"noopener\"> International Consensus Document on Obstructive Sleep Apnea. Documento internacional de consenso sobre apnea obstructiva del sue\u00f1o.<\/a> Archivos de bronconeumologia, 58(1), 52\u201368.<\/li>\n<li>Miquel M. et al. &amp; Grupo de trabajo en ecograf\u00eda para especialistas en patolog\u00eda digestiva. <a href=\"https:\/\/pubmed.ncbi.nlm.nih.gov\/34052398\/\" target=\"_blank\" rel=\"noopener\">Joint position statement of the Societat Catalana de Digestologia and the Societat Catalana de Radiologia on gastroenterologist-led ultrasound in Catalonia.<\/a> Documento de posicionamiento de la Societat Catalana de Digestologia y la Societat Catalana de Radiologia: ecograf\u00eda para especialistas en enfermedad digestiva en Catalunya. Gastroenterologia y hepatologia, 45(1), 77\u201381.<\/li>\n<li>Molero X et al. <a href=\"https:\/\/pubmed.ncbi.nlm.nih.gov\/34157366\/\" target=\"_blank\" rel=\"noopener\">Chronic pancreatitis for the clinician. Part 1: Etiology and diagnosis. Interdisciplinary position paper of the Societat Catalana de Digestologia and the Societat Catalana de P\u00e0ncrees. Pancreatitis cr\u00f3nica para el cl\u00ednico. Parte 1: etiolog\u00eda y diagn\u00f3stico.<\/a> Documento de posicionamiento interdisciplinar de la Societat Catalana de Digestologia y la Societat Catalana de P\u00e0ncrees. Gastroenterologia y hepatologia, 45(3), 231\u2013248.<\/li>\n<li>Molero X, et al. <a href=\"https:\/\/pubmed.ncbi.nlm.nih.gov\/34171422\/\" target=\"_blank\" rel=\"noopener\">Chronic pancreatitis for the clinician. Part 2: Treatment and follow-up. Interdisciplinary Position Paper of the Societat Catalana de Digestologia and the Societat Catalana de P\u00e0ncrees. Pancreatitis cr\u00f3nica para el cl\u00ednico. Parte 2: Tratamiento y seguimiento.<\/a> Documento de posicionamiento interdisciplinar de la Societat Catalana de Digestologia y la Societat Catalana de P\u00e0ncrees (versi\u00f3n castellana). Gastroenterologia y hepatologia, S0210-5705(21)00205-3.<\/li>\n<li>Pascual Fuster V et al. <a href=\"https:\/\/pubmed.ncbi.nlm.nih.gov\/33593709\/\" target=\"_blank\" rel=\"noopener\">Executive summary: Updates to the dietary treatment of prediabetes and type 2 diabetes mellitus<\/a>. Endocrinol Diabetes Nutr (Engl Ed). 2021 Apr;68(4):277-287. English, Spanish. Epub 2021 Feb 13. PMID: 33593709.<\/li>\n<li>Vidal-Cort\u00e9s P et al. <a href=\"https:\/\/pubmed.ncbi.nlm.nih.gov\/34903475\/\" target=\"_blank\" rel=\"noopener\">Recommendations for the management of critically ill patients with COVID-19 in Intensive Care Units. Medicina intensiva,<\/a> 46(2), 81\u201389.<\/li>\n<\/ul>\n[\/vc_column_text][\/vc_column_inner][\/vc_row_inner][\/vc_column][\/vc_row]\n","protected":false},"excerpt":{"rendered":"<p>[vc_row][vc_column][vc_row_inner][vc_column_inner][vc_column_text] Publicacions 2021 [\/vc_column_text][\/vc_column_inner][\/vc_row_inner][\/vc_column][\/vc_row][vc_row][vc_column width=&#8221;1\/2&#8243;][vc_row_inner][vc_column_inner][vc_round_chart stroke_width=&#8221;2&#8243; values=&#8221;%5B%7B%22title%22%3A%22Article%22%2C%22value%22%3A%22420%22%2C%22color%22%3A%22pink%22%7D%2C%7B%22title%22%3A%22Case%20Report%22%2C%22value%22%3A%227%22%2C%22color%22%3A%22peacoc%22%7D%2C%7B%22title%22%3A%22Editorial%20Material%22%2C%22value%22%3A%2213%22%2C%22color%22%3A%22vista-blue%22%7D%2C%7B%22title%22%3A%22Letter%22%2C%22value%22%3A%2217%22%2C%22color%22%3A%22orange%22%7D%2C%7B%22title%22%3A%22Practice%20Guideline%22%2C%22value%22%3A%2212%22%2C%22color%22%3A%22sandy-brown%22%7D%2C%7B%22title%22%3A%22Review%22%2C%22value%22%3A%2242%22%2C%22color%22%3A%22chino%22%7D%5D&#8221; css_animation=&#8221;fadeIn&#8221; title=&#8221;Tipus de publicaci\u00f3&#8221;][\/vc_column_inner][\/vc_row_inner][\/vc_column][vc_column width=&#8221;1\/2&#8243;][vc_empty_space][vc_empty_space][vc_empty_space][\/vc_column][\/vc_row][vc_row][vc_column][\/vc_column][\/vc_row][vc_row][vc_column][\/vc_column][\/vc_row][vc_row][vc_column][vc_row_inner][vc_column_inner][vc_column_text] Guies de pr\u00e0ctica cl\u00ednica i documents de consens [\/vc_column_text][vc_empty_space][vc_column_text] Biagetti, B. et al. Macroprolactin: From laboratory to clinical practice. Macroprolactina: del laboratorio a la pr\u00e1ctica cl\u00ednica. Recomendaciones del grupo de trabajo de laboratorio de la SEEN y de la comisi\u00f3n de hormonas de [&hellip;]<\/p>\n","protected":false},"author":2,"featured_media":0,"parent":24,"menu_order":0,"comment_status":"closed","ping_status":"closed","template":"","meta":{"footnotes":""},"class_list":["post-140","page","type-page","status-publish","hentry"],"_links":{"self":[{"href":"https:\/\/www.tauli.cat\/activitat\/wp-json\/wp\/v2\/pages\/140"}],"collection":[{"href":"https:\/\/www.tauli.cat\/activitat\/wp-json\/wp\/v2\/pages"}],"about":[{"href":"https:\/\/www.tauli.cat\/activitat\/wp-json\/wp\/v2\/types\/page"}],"author":[{"embeddable":true,"href":"https:\/\/www.tauli.cat\/activitat\/wp-json\/wp\/v2\/users\/2"}],"replies":[{"embeddable":true,"href":"https:\/\/www.tauli.cat\/activitat\/wp-json\/wp\/v2\/comments?post=140"}],"version-history":[{"count":39,"href":"https:\/\/www.tauli.cat\/activitat\/wp-json\/wp\/v2\/pages\/140\/revisions"}],"predecessor-version":[{"id":933,"href":"https:\/\/www.tauli.cat\/activitat\/wp-json\/wp\/v2\/pages\/140\/revisions\/933"}],"up":[{"embeddable":true,"href":"https:\/\/www.tauli.cat\/activitat\/wp-json\/wp\/v2\/pages\/24"}],"wp:attachment":[{"href":"https:\/\/www.tauli.cat\/activitat\/wp-json\/wp\/v2\/media?parent=140"}],"curies":[{"name":"wp","href":"https:\/\/api.w.org\/{rel}","templated":true}]}}