{"id":142,"date":"2022-06-16T09:56:25","date_gmt":"2022-06-16T07:56:25","guid":{"rendered":"https:\/\/www.tauli.cat\/activitat\/?page_id=142"},"modified":"2022-07-14T11:09:17","modified_gmt":"2022-07-14T09:09:17","slug":"noticies-destacades","status":"publish","type":"page","link":"https:\/\/www.tauli.cat\/activitat\/i3pt\/memoria-cientifica\/o2021\/recerca\/noticies-destacades\/","title":{"rendered":"Not\u00edcies destacades"},"content":{"rendered":"[vc_row][vc_column]<div class=\"eut-element eut-image-text eut-animated-item eut-fadeInDown\" style=\"\" data-delay=\"200\"><div class=\"eut-image\"><img loading=\"lazy\" decoding=\"async\" width=\"750\" height=\"502\" src=\"https:\/\/www.tauli.cat\/activitat\/wp-content\/uploads\/2022\/06\/1.jpg\" class=\"attachment-full size-full\" alt=\"\" srcset=\"https:\/\/www.tauli.cat\/activitat\/wp-content\/uploads\/2022\/06\/1.jpg 750w, https:\/\/www.tauli.cat\/activitat\/wp-content\/uploads\/2022\/06\/1-300x201.jpg 300w\" sizes=\"(max-width: 750px) 100vw, 750px\" \/><\/div>  <div class=\"eut-content eut-align-left\"><h4>La suplementaci\u00f3 amb calcitriol \u00e9s \u00fatil enfront la COVID-19 en pacients amb insufici\u00e8ncia renal avan\u00e7ada<\/h4>  <p>26 de maig 2021<\/p>    <a href=\"https:\/\/www.tauli.cat\/institut\/actualitat\/divulgacio-cientifica\/2021\/05\/la-suplementacio-amb-calcitriol-es-util-enfront-la-covid-19-en-pacients-amb-insuficiencia-renal-avancada\/\" target=\"_blank\" class=\"eut-read-more \">Llegir not\u00edcia<\/a>  <\/div><\/div><div class=\"eut-element eut-image-text eut-animated-item eut-fadeInDown\" style=\"\" data-delay=\"200\"><div class=\"eut-image\"><img loading=\"lazy\" decoding=\"async\" width=\"626\" height=\"401\" src=\"https:\/\/www.tauli.cat\/activitat\/wp-content\/uploads\/2022\/06\/2.jpg\" class=\"attachment-full size-full\" alt=\"\" srcset=\"https:\/\/www.tauli.cat\/activitat\/wp-content\/uploads\/2022\/06\/2.jpg 626w, https:\/\/www.tauli.cat\/activitat\/wp-content\/uploads\/2022\/06\/2-300x192.jpg 300w\" sizes=\"(max-width: 626px) 100vw, 626px\" \/><\/div>  <div class=\"eut-content eut-align-left\"><h4>La Intel\u00b7lig\u00e8ncia Artificial pot ajudar a detectar el risc de su\u00efcidi, segons un estudi liderat pel Parc Taul\u00ed<\/h4>  <p>3 de juny 2021<\/p>    <a href=\"https:\/\/www.tauli.cat\/institut\/actualitat\/noticies\/2021\/06\/la-intelligencia-artificial-pot-ajudar-a-detectar-el-risc-de-suicidi-segons-un-estudi-liderat-pel-parc-tauli\/\" target=\"_blank\" class=\"eut-read-more \">Llegir not\u00edcia<\/a>  <\/div><\/div><div class=\"eut-element eut-image-text eut-animated-item eut-fadeInDown\" style=\"\" data-delay=\"200\"><div class=\"eut-image\"><img loading=\"lazy\" decoding=\"async\" width=\"768\" height=\"432\" src=\"https:\/\/www.tauli.cat\/activitat\/wp-content\/uploads\/2022\/06\/3.png\" class=\"attachment-full size-full\" alt=\"\" srcset=\"https:\/\/www.tauli.cat\/activitat\/wp-content\/uploads\/2022\/06\/3.png 768w, https:\/\/www.tauli.cat\/activitat\/wp-content\/uploads\/2022\/06\/3-300x169.png 300w\" sizes=\"(max-width: 768px) 100vw, 768px\" \/><\/div>  <div class=\"eut-content eut-align-left\"><h4>Tres projectes amb participaci\u00f3 d\u2019investigadors del Parc Taul\u00ed reben m\u00e9s d\u2019un mili\u00f3 d\u2019euros de La Marat\u00f3 de TV3 contra la COVID-19<\/h4>  <p>17 de juny 2021<\/p>    <a href=\"https:\/\/www.tauli.cat\/institut\/actualitat\/noticies\/2021\/06\/tres-projectes-amb-participacio-dinvestigadors-del-parc-tauli-reben-mes-dun-milio-deuros-de-financament-de-la-marato-de-tv3-contra-la-covid-19\/\" target=\"_blank\" class=\"eut-read-more \">Llegir not\u00edcia<\/a>  <\/div><\/div><div class=\"eut-element eut-image-text eut-animated-item eut-fadeInDown\" style=\"\" data-delay=\"200\"><div class=\"eut-image\"><img loading=\"lazy\" decoding=\"async\" width=\"600\" height=\"450\" src=\"https:\/\/www.tauli.cat\/activitat\/wp-content\/uploads\/2022\/06\/4.jpg\" class=\"attachment-full size-full\" alt=\"\" srcset=\"https:\/\/www.tauli.cat\/activitat\/wp-content\/uploads\/2022\/06\/4.jpg 600w, https:\/\/www.tauli.cat\/activitat\/wp-content\/uploads\/2022\/06\/4-300x225.jpg 300w\" sizes=\"(max-width: 600px) 100vw, 600px\" \/><\/div>  <div class=\"eut-content eut-align-left\"><h4>Demostren que la COVID-19 pot danyar la placenta de dones embarassades<\/h4>  <p>6 d&#8217;octubre 2021<\/p>    <a href=\"https:\/\/www.tauli.cat\/institut\/actualitat\/noticies\/2021\/10\/demostren-que-la-covid-19-pot-danyar-la-placenta-de-dones-embarassades\/\" target=\"_blank\" class=\"eut-read-more \">Llegir not\u00edcia<\/a>  <\/div><\/div><div class=\"eut-element eut-image-text eut-animated-item eut-fadeInDown\" style=\"\" data-delay=\"200\"><div class=\"eut-image\"><img loading=\"lazy\" decoding=\"async\" width=\"600\" height=\"338\" src=\"https:\/\/www.tauli.cat\/activitat\/wp-content\/uploads\/2022\/06\/5.jpg\" class=\"attachment-full size-full\" alt=\"\" srcset=\"https:\/\/www.tauli.cat\/activitat\/wp-content\/uploads\/2022\/06\/5.jpg 600w, https:\/\/www.tauli.cat\/activitat\/wp-content\/uploads\/2022\/06\/5-300x169.jpg 300w\" sizes=\"(max-width: 600px) 100vw, 600px\" \/><\/div>  <div class=\"eut-content eut-align-left\"><h4>L\u2019an\u00e0lisi de les prote\u00efnes d\u2019un pacient de COVID permet preveure la seva evoluci\u00f3<\/h4>  <p>22 de desembre 2021<\/p>    <a href=\"https:\/\/www.tauli.cat\/institut\/actualitat\/divulgacio-cientifica\/2021\/12\/lanalisi-de-les-proteines-dun-pacient-de-covid-permet-preveure-la-seva-evolucio\/\" target=\"_blank\" class=\"eut-read-more \">Llegir not\u00edcia<\/a>  <\/div><\/div><h2 class=\"eut-element eut-align-left eut-title-no-line\" style=\"\"><span>Reconeixements a la recerca<\/span><\/h2>[vc_row_inner][vc_column_inner width=&#8221;1\/3&#8243;][vc_column_text animation=&#8221;fadeInLeft&#8221;]<a href=\"https:\/\/anecorm.org\/congreso2021\/premio_investigacion.php\" target=\"_blank\" rel=\"noopener\"><em><strong>12\u00e8 Premi ANECORM a un projecte d&#8217;investigaci\u00f3<\/strong><\/em><\/a><\/p>\n<p>Jordi Torralbas Ortega (investigaci\u00f3 en infermeria)<br \/>\nT\u00edtol: Validaci\u00f3n de un escudo de seguridad para reservorios venosos subcut\u00e1neos en poblaci\u00f3n juvenil.<br \/>\nAsociaci\u00f3n Nacional de Enfermer\u00eda coord. de RR.MM (ANECORM)<br \/>\nImport: 4.000\u20ac[\/vc_column_text][\/vc_column_inner][vc_column_inner width=&#8221;1\/3&#8243;][vc_column_text animation=&#8221;fadeInLeft&#8221;]<a href=\"https:\/\/www.esicm.org\/awards-2021\/\" target=\"_blank\" rel=\"noopener\"><strong><em>The ESICM Research awards programme 2021<\/em><\/strong><\/a><\/p>\n<p>Marta Camprub\u00ed Rimblas<br \/>\nT\u00edtol: Response of Human Alveolar Epithelial Cells cultured with different types of bacteria at hypercapnic conditions (AEBCO2)<br \/>\nEuropean Society of Intesive Car Medicine Esicm<br \/>\nImport: 5.000\u20ac[\/vc_column_text][\/vc_column_inner][vc_column_inner width=&#8221;1\/3&#8243;][vc_column_text animation=&#8221;fadeInLeft&#8221;]<a href=\"https:\/\/www.tauli.cat\/es\/institut\/actualitat\/noticies\/2021\/06\/premiat-al-lvi-congreso-semicyuc-2021-el-grup-de-recerca-dinvestigacio-traslacional-en-el-pacient-critic\/\" target=\"_blank\" rel=\"noopener\"><strong><em>Premios de la Fundaci\u00f3n Espa\u00f1ola del Enfermo Cr\u00edtico a las mejores comunicaciones presentadas &#8220;Premio Dr. Juan G\u00f3mez Rub\u00ed a la mejor comunicaci\u00f3n experimental&#8221;<\/em><\/strong><\/a><\/p>\n<p>Marta Camprub\u00ed Rimblas<br \/>\nT\u00edtol: Efectos de un tratamiento prolongado de antitrombina o argatroban para la lesi\u00f3n aguda pulmonar en ratas<br \/>\nSemicyuc<br \/>\nImport: 600\u20ac[\/vc_column_text][\/vc_column_inner][\/vc_row_inner][vc_row_inner][vc_column_inner width=&#8221;1\/3&#8243;][vc_column_text animation=&#8221;fadeInLeft&#8221;]<a href=\"https:\/\/www.tauli.cat\/es\/institut\/actualitat\/noticies\/2021\/06\/premiat-al-lvi-congreso-semicyuc-2021-el-grup-de-recerca-dinvestigacio-traslacional-en-el-pacient-critic\/\" target=\"_blank\" rel=\"noopener\"><strong><em>Premios de la Fundaci\u00f3n Espa\u00f1ola del Enfermo Cr\u00edtico a las mejores comunicaciones presentadas &#8220;Premio Dr. Juan G\u00f3mez Rub\u00ed a la mejor comunicaci\u00f3n experimental&#8221;<\/em><\/strong><\/a><\/p>\n<p>Aina Areny Balaguer\u00f3<br \/>\nT\u00edtol: El tratamiento con lipopolisac\u00e1rido (lps) mejora el efecto regenerativo de los exosomas derivados de las c\u00e9lulas madre mesenquimales<br \/>\nSemicyuc<br \/>\nImport: 1.200\u20ac[\/vc_column_text][\/vc_column_inner][vc_column_inner width=&#8221;1\/3&#8243;][vc_column_text animation=&#8221;fadeInLeft&#8221;]<strong><em>Premi projecte de recerca 2021<\/em><\/strong><\/p>\n<p>M\u00aa Soledad Fern\u00e1ndez Gonzalo<br \/>\nT\u00edtol: Caracteritzaci\u00f3 i maneig de la S\u00edndrome Post-Cures Intensives (PICS) en pacients COVID-19 mitjan\u00e7ant un sistema telem\u00e0tic de seguiment (PICS-COVID19).<br \/>\nFundaci\u00f3 Acad\u00e8mica Ci\u00e8ncies M\u00e8diques i de la Salut<br \/>\nImport: 4.000\u20ac[\/vc_column_text][\/vc_column_inner][vc_column_inner width=&#8221;1\/3&#8243;][vc_column_text animation=&#8221;fadeInLeft&#8221;]<a href=\"https:\/\/www.youtube.com\/watch?v=y8z0uYw2Mkk\" target=\"_blank\" rel=\"noopener\"><strong><em>V Premio Sham 2021<\/em><\/strong><\/a><\/p>\n<p>Jordi Torralbas Ortega<br \/>\nT\u00edtol: Escudo de protecci\u00f3n de los reservorios venosos subcut\u00e1neos en poblaci\u00f3n infanto-juvenil: Protocolo de estudio<br \/>\nSociete Hospitaliere s&#8217; Assurances Mutuelles (SHAM)<br \/>\nImport: 4.900\u20ac[\/vc_column_text][\/vc_column_inner][\/vc_row_inner][vc_row_inner][vc_column_inner width=&#8221;1\/3&#8243;][vc_column_text animation=&#8221;fadeInLeft&#8221;]<a href=\"https:\/\/www.aecirujanos.es\/Premio-Nacional-de-Cirugia-para-residentes-2021_es_102_633_0_106_440_441.html\" target=\"_blank\" rel=\"noopener\"><em><strong>Premi Menci\u00f3 Especial de Cirurgia per residents<\/strong><\/em><\/a><\/p>\n<p>Vict\u00f2ria Lucas Guerrero<br \/>\nT\u00edtol: Desgaste profesional o burnout en los residentes de Cirug\u00eda General. Encuesta de la Asociaci\u00f3n Espa\u00f1ola de Cirujanos.<br \/>\nAsociaci\u00f3n Espa\u00f1ola de Cirujanos &#8211; AEC[\/vc_column_text][\/vc_column_inner][vc_column_inner width=&#8221;1\/3&#8243;][vc_column_text animation=&#8221;fadeInLeft&#8221;]<a href=\"https:\/\/thecollider.tech\/es\/the-collider-awards-2021\/\" target=\"_blank\" rel=\"noopener\"><em><strong>The Collider 2021<\/strong><\/em><\/a><\/p>\n<p>Guillem Navarra Ventura<br \/>\nT\u00edtol: EPPICS (Early Prevention Of PICS)<br \/>\nFundaci\u00f3 Barcelona Mobile World Capital Foundation<br \/>\nImport: 2.000\u20ac[\/vc_column_text][\/vc_column_inner][vc_column_inner width=&#8221;1\/3&#8243;][vc_column_text animation=&#8221;fadeInLeft&#8221;]<a href=\"https:\/\/www.tauli.cat\/institut\/actualitat\/noticies\/2021\/11\/els-e-nnova-health-2021-premien-laplicacio-appics-de-li3pt\/\" target=\"_blank\" rel=\"noopener\">Premio E-nnova Health 2021<\/a><\/p>\n<p>Aplicaci\u00f3 APPICS, del <a href=\"https:\/\/www.tauli.cat\/institut\/projectes-i-xarxes\/projectes-financats\/pics-covid19\/\" target=\"_blank\" rel=\"noopener\">projecte PICS-COVID19<\/a><br \/>\nMaria Soledad Fern\u00e1ndez | Grup de Recerca Translacional en el Malalt Cr\u00edtic \u2013 CIBERES de l\u2019I3PT en col\u00b7laboraci\u00f3 amb el Departament de Sistemes d\u2019Informaci\u00f3 del Parc Taul\u00ed<br \/>\n<em>Diario M\u00e9dico<\/em>\u00a0i\u00a0<em>Correo Farmac\u00e9utico<\/em>[\/vc_column_text][\/vc_column_inner][\/vc_row_inner][vc_row_inner][vc_column_inner width=&#8221;1\/3&#8243;][vc_column_text animation=&#8221;fadeInLeft&#8221;]<a href=\"https:\/\/www.tauli.cat\/institut\/actualitat\/noticies\/2022\/02\/el-parc-tauli-beca-26-projectes-amb-una-dotacio-de-130-000-euros\/\" target=\"_blank\" rel=\"noopener\"><em><strong>Premis I3PT a les millors publicacions cient\u00edfiques de l\u2019any<\/strong><\/em><\/a><\/p>\n<p>Diana Horta i Xavier Calvet: &#8220;Analysis of the Association between Fatigue and the Plasma Lipidomic Profile of Inflammatory Bowel Disease Patients&#8221;<\/p>\n<p>Guillem Navarra i Narc\u00eds Cardoner: &#8220;Higher order theory of mind in patients with bipolar disorder and schizophrenia\/schizoaffective disorder&#8221;[\/vc_column_text][\/vc_column_inner][vc_column_inner width=&#8221;1\/3&#8243;][vc_column_text animation=&#8221;fadeInLeft&#8221;]<a href=\"https:\/\/www.congresoaecp2022.com\/images\/site\/AECP_2022_def.pdf\" target=\"_blank\" rel=\"noopener\"><em><strong>Premio a la mejor comunicaci\u00f3n y trabajo publicado en 2021<\/strong><\/em><\/a><\/p>\n<p>Xavier Serra-Aracil<br \/>\nEnsayo cl\u00ednico fase III multic\u00e9ntrico del c\u00e1ncer de recto t2\u2013t3s,n0,m0 quimiorradioterapiaescisi\u00f3n local versus escisi\u00f3n total mesorrecto. Resultados preoperatorios y quir\u00fargicos. (Estudio TAUTEM)<br \/>\nAsociaci\u00f3n Espa\u00f1ola de Coloproctolog\u00eda (AECP)[\/vc_column_text][\/vc_column_inner][vc_column_inner width=&#8221;1\/3&#8243;][vc_column_text animation=&#8221;fadeInLeft&#8221;]<a href=\"https:\/\/www.fundaciovilasaborit.cat\/es\/promocion-de-la-investigacion-de-los-trastornos-bipolares\/\" target=\"_blank\" rel=\"noopener\"><strong><em>Premi Societat Catalana de Psiquiatria<\/em><\/strong><\/a><\/p>\n<p>Itziar Montalvo Aguirrezabala<br \/>\nT\u00edtol: \u201cEstudi de la resposta inmunol\u00f3gica a la vacuna de la COVID-19 en pacients amb trastorn mental en tractament amb clozapina en comparaci\u00f3 amb poblacions sense clozapina\u201d<br \/>\nFundaci\u00f3n Familia Vila-Saborit[\/vc_column_text][\/vc_column_inner][\/vc_row_inner][\/vc_column][\/vc_row]\n","protected":false},"excerpt":{"rendered":"<p>[vc_row][vc_column][vc_row_inner][vc_column_inner width=&#8221;1\/3&#8243;][vc_column_text animation=&#8221;fadeInLeft&#8221;]12\u00e8 Premi ANECORM a un projecte d&#8217;investigaci\u00f3 Jordi Torralbas Ortega (investigaci\u00f3 en infermeria) T\u00edtol: Validaci\u00f3n de un escudo de seguridad para reservorios venosos subcut\u00e1neos en poblaci\u00f3n juvenil. Asociaci\u00f3n Nacional de Enfermer\u00eda coord. de RR.MM (ANECORM) Import: 4.000\u20ac[\/vc_column_text][\/vc_column_inner][vc_column_inner width=&#8221;1\/3&#8243;][vc_column_text animation=&#8221;fadeInLeft&#8221;]The ESICM Research awards programme 2021 Marta Camprub\u00ed Rimblas T\u00edtol: Response of Human Alveolar Epithelial [&hellip;]<\/p>\n","protected":false},"author":2,"featured_media":0,"parent":24,"menu_order":0,"comment_status":"closed","ping_status":"closed","template":"","meta":{"footnotes":""},"class_list":["post-142","page","type-page","status-publish","hentry"],"_links":{"self":[{"href":"https:\/\/www.tauli.cat\/activitat\/wp-json\/wp\/v2\/pages\/142"}],"collection":[{"href":"https:\/\/www.tauli.cat\/activitat\/wp-json\/wp\/v2\/pages"}],"about":[{"href":"https:\/\/www.tauli.cat\/activitat\/wp-json\/wp\/v2\/types\/page"}],"author":[{"embeddable":true,"href":"https:\/\/www.tauli.cat\/activitat\/wp-json\/wp\/v2\/users\/2"}],"replies":[{"embeddable":true,"href":"https:\/\/www.tauli.cat\/activitat\/wp-json\/wp\/v2\/comments?post=142"}],"version-history":[{"count":9,"href":"https:\/\/www.tauli.cat\/activitat\/wp-json\/wp\/v2\/pages\/142\/revisions"}],"predecessor-version":[{"id":932,"href":"https:\/\/www.tauli.cat\/activitat\/wp-json\/wp\/v2\/pages\/142\/revisions\/932"}],"up":[{"embeddable":true,"href":"https:\/\/www.tauli.cat\/activitat\/wp-json\/wp\/v2\/pages\/24"}],"wp:attachment":[{"href":"https:\/\/www.tauli.cat\/activitat\/wp-json\/wp\/v2\/media?parent=142"}],"curies":[{"name":"wp","href":"https:\/\/api.w.org\/{rel}","templated":true}]}}