{"id":1637,"date":"2024-06-05T13:00:36","date_gmt":"2024-06-05T11:00:36","guid":{"rendered":"https:\/\/www.tauli.cat\/activitat\/?page_id=1637"},"modified":"2024-06-20T14:12:34","modified_gmt":"2024-06-20T12:12:34","slug":"docencia","status":"publish","type":"page","link":"https:\/\/www.tauli.cat\/activitat\/i3pt\/memoria-cientifica\/o2023\/docencia\/","title":{"rendered":"Doc\u00e8ncia"},"content":{"rendered":"[vc_row][vc_column]<h2 class=\"eut-element eut-align-left eut-title-no-line\" style=\"\"><span>Activitats docents de grau i FP<\/span><\/h2>[vc_row_inner][vc_column_inner width=&#8221;1\/4&#8243;]<div class=\"eut-element eut-box-icon eut-align-left eut-large eut-animated-item eut-fadeInRight\" style=\"\" data-delay=\"200\"><div class=\"eut-image-icon\"><img loading=\"lazy\" decoding=\"async\" width=\"512\" height=\"512\" src=\"https:\/\/www.tauli.cat\/activitat\/wp-content\/uploads\/2022\/06\/libro-de-medicina.png\" class=\"attachment-full size-full\" alt=\"\" srcset=\"https:\/\/www.tauli.cat\/activitat\/wp-content\/uploads\/2022\/06\/libro-de-medicina.png 512w, https:\/\/www.tauli.cat\/activitat\/wp-content\/uploads\/2022\/06\/libro-de-medicina-300x300.png 300w, https:\/\/www.tauli.cat\/activitat\/wp-content\/uploads\/2022\/06\/libro-de-medicina-150x150.png 150w\" sizes=\"(max-width: 512px) 100vw, 512px\" \/><\/div>  <div class=\"eut-box-content\">      <h3 class=\"eut-box-title\">249<\/h3>    <p class=\"\">Grau en Medicina<\/p>  <\/div><\/div>[\/vc_column_inner][vc_column_inner width=&#8221;1\/2&#8243;][vc_column_text]Al curs 2022-2023 la Unitat Docent Parc Taul\u00ed de la Facultat de Medicina de la UAB ha impartit doc\u00e8ncia des del tercer fins al sis\u00e8 curs.[\/vc_column_text][\/vc_column_inner][vc_column_inner width=&#8221;1\/4&#8243;][vc_round_chart type=&#8221;doughnut&#8221; stroke_width=&#8221;2&#8243; values=&#8221;%5B%7B%22title%22%3A%223r%20curs%22%2C%22value%22%3A%2267%22%2C%22color%22%3A%22blue%22%7D%2C%7B%22title%22%3A%224t%20curs%22%2C%22value%22%3A%2252%22%2C%22color%22%3A%22pink%22%7D%2C%7B%22title%22%3A%225%C3%A8%20curs%22%2C%22value%22%3A%2257%22%2C%22color%22%3A%22violet%22%7D%2C%7B%22title%22%3A%226%C3%A8%20curs%22%2C%22value%22%3A%2267%22%2C%22color%22%3A%22turquoise%22%7D%5D&#8221;][\/vc_column_inner][\/vc_row_inner][vc_empty_space height=&#8221;24px&#8221;][vc_row_inner][vc_column_inner width=&#8221;1\/4&#8243;]<div class=\"eut-element eut-box-icon eut-align-left eut-large eut-animated-item eut-fadeInRight\" style=\"\" data-delay=\"200\"><div class=\"eut-image-icon\"><img loading=\"lazy\" decoding=\"async\" width=\"512\" height=\"512\" src=\"https:\/\/www.tauli.cat\/activitat\/wp-content\/uploads\/2022\/06\/libro.png\" class=\"attachment-full size-full\" alt=\"\" srcset=\"https:\/\/www.tauli.cat\/activitat\/wp-content\/uploads\/2022\/06\/libro.png 512w, https:\/\/www.tauli.cat\/activitat\/wp-content\/uploads\/2022\/06\/libro-300x300.png 300w, https:\/\/www.tauli.cat\/activitat\/wp-content\/uploads\/2022\/06\/libro-150x150.png 150w\" sizes=\"(max-width: 512px) 100vw, 512px\" \/><\/div>  <div class=\"eut-box-content\">      <h3 class=\"eut-box-title\">322<\/h3>    <p class=\"\">Alumnes del Grau en Infermeria<\/p>  <\/div><\/div>[\/vc_column_inner][vc_column_inner width=&#8221;1\/2&#8243;][vc_column_text]La participaci\u00f3 en la formaci\u00f3 del grau d\u2019Infermeria es concreta en la formaci\u00f3 pr\u00e0ctica d\u2019alumnes de les Universitats amb les quals se signa conveni de col\u00b7laboraci\u00f3. Al 2022-2023 han estat les seg\u00fcents:<\/p>\n<ul>\n<li>EUI Gimbernat<\/li>\n<li>EUI Universitat Internacional de Catalunya<\/li>\n<li>EUIT de Terrassa<\/li>\n<li>UAB<\/li>\n<\/ul>\n[\/vc_column_text][\/vc_column_inner][vc_column_inner width=&#8221;1\/4&#8243;][vc_round_chart type=&#8221;doughnut&#8221; stroke_width=&#8221;2&#8243; values=&#8221;%5B%7B%22title%22%3A%22EUI%20Gimbernat%22%2C%22value%22%3A%22105%22%2C%22color%22%3A%22blue%22%7D%2C%7B%22title%22%3A%22EUI%20UIC%22%2C%22value%22%3A%2258%22%2C%22color%22%3A%22pink%22%7D%2C%7B%22title%22%3A%22EUIT%22%2C%22value%22%3A%2291%22%2C%22color%22%3A%22violet%22%7D%2C%7B%22title%22%3A%22UAB%22%2C%22value%22%3A%2268%22%2C%22color%22%3A%22turquoise%22%7D%5D&#8221;][\/vc_column_inner][\/vc_row_inner][vc_empty_space height=&#8221;24px&#8221;][vc_row_inner][vc_column_inner width=&#8221;1\/4&#8243;]<div class=\"eut-element eut-box-icon eut-align-left eut-large eut-animated-item eut-fadeInRight\" style=\"\" data-delay=\"200\"><div class=\"eut-image-icon\"><img loading=\"lazy\" decoding=\"async\" width=\"512\" height=\"512\" src=\"https:\/\/www.tauli.cat\/activitat\/wp-content\/uploads\/2022\/06\/prescripcion-medica.png\" class=\"attachment-full size-full\" alt=\"\" srcset=\"https:\/\/www.tauli.cat\/activitat\/wp-content\/uploads\/2022\/06\/prescripcion-medica.png 512w, https:\/\/www.tauli.cat\/activitat\/wp-content\/uploads\/2022\/06\/prescripcion-medica-300x300.png 300w, https:\/\/www.tauli.cat\/activitat\/wp-content\/uploads\/2022\/06\/prescripcion-medica-150x150.png 150w\" sizes=\"(max-width: 512px) 100vw, 512px\" \/><\/div>  <div class=\"eut-box-content\">      <h3 class=\"eut-box-title\">182<\/h3>    <p class=\"\">Auxiliars d&#8217;Infermeria<\/p>  <\/div><\/div>[\/vc_column_inner][vc_column_inner width=&#8221;1\/2&#8243;][vc_column_text]Es col\u00b7labora en la formaci\u00f3 pr\u00e0ctica d&#8217;auxiliars d&#8217;infermeria de les seg\u00fcents entitats:<\/p>\n<ul>\n<li>IES Castellarnau<\/li>\n<li>IES Jaume Viladoms<\/li>\n<li>IES Ferreria<\/li>\n<li>Escola Edgar de Terrassa<\/li>\n<li>Institut Obert de Catalunya<\/li>\n<\/ul>\n[\/vc_column_text][\/vc_column_inner][vc_column_inner width=&#8221;1\/4&#8243;][vc_round_chart type=&#8221;doughnut&#8221; stroke_width=&#8221;2&#8243; values=&#8221;%5B%7B%22title%22%3A%22IES%20Castellarnau%22%2C%22value%22%3A%2254%22%2C%22color%22%3A%22blue%22%7D%2C%7B%22title%22%3A%22IES%20Jaume%20Viladoms%22%2C%22value%22%3A%2211%22%2C%22color%22%3A%22pink%22%7D%2C%7B%22title%22%3A%22IES%20Ferreria%22%2C%22value%22%3A%2234%22%2C%22color%22%3A%22violet%22%7D%2C%7B%22title%22%3A%22Escola%20Edgar%22%2C%22value%22%3A%2278%22%2C%22color%22%3A%22turquoise%22%7D%2C%7B%22title%22%3A%22Institut%20Obert%20de%20Catalunya%22%2C%22value%22%3A%225%22%2C%22color%22%3A%22grey%22%2C%22custom_color%22%3A%22%238d6dc4%22%7D%5D&#8221;][\/vc_column_inner][\/vc_row_inner][vc_empty_space height=&#8221;24px&#8221;][vc_row_inner][vc_column_inner width=&#8221;1\/4&#8243;]<div class=\"eut-element eut-box-icon eut-align-left eut-large eut-animated-item eut-fadeInRight\" style=\"\" data-delay=\"200\"><div class=\"eut-image-icon\"><img loading=\"lazy\" decoding=\"async\" width=\"512\" height=\"512\" src=\"https:\/\/www.tauli.cat\/activitat\/wp-content\/uploads\/2022\/06\/contenido-2.png\" class=\"attachment-full size-full\" alt=\"\" srcset=\"https:\/\/www.tauli.cat\/activitat\/wp-content\/uploads\/2022\/06\/contenido-2.png 512w, https:\/\/www.tauli.cat\/activitat\/wp-content\/uploads\/2022\/06\/contenido-2-300x300.png 300w, https:\/\/www.tauli.cat\/activitat\/wp-content\/uploads\/2022\/06\/contenido-2-150x150.png 150w\" sizes=\"(max-width: 512px) 100vw, 512px\" \/><\/div>  <div class=\"eut-box-content\">      <h3 class=\"eut-box-title\">79<\/h3>    <p class=\"\">Alumnes ci\u00e8ncies de la vida i de la salut<\/p>  <\/div><\/div>[\/vc_column_inner][vc_column_inner width=&#8221;1\/2&#8243;][vc_column_text]En el curs 2022-2023 s&#8217;han acollit 79 alumnes en el marc dels convenis de col\u00b7laboraci\u00f3 amb altres institucions i entitats docents relacionades amb altres graus i m\u00e0sters en disciplines de la vida i de la salut: radiologia, fisioter\u00e0pia, biologia, biotecnologia i enginyeria biom\u00e8dica, entre d&#8217;altres.[\/vc_column_text][\/vc_column_inner][vc_column_inner width=&#8221;1\/4&#8243;][\/vc_column_inner][\/vc_row_inner][vc_empty_space height=&#8221;24px&#8221;][vc_row_inner][vc_column_inner width=&#8221;1\/4&#8243;]<div class=\"eut-element eut-box-icon eut-align-left eut-large eut-animated-item eut-fadeInRight\" style=\"\" data-delay=\"200\"><div class=\"eut-image-icon\"><img loading=\"lazy\" decoding=\"async\" width=\"512\" height=\"512\" src=\"https:\/\/www.tauli.cat\/activitat\/wp-content\/uploads\/2022\/06\/perfil.png\" class=\"attachment-full size-full\" alt=\"\" srcset=\"https:\/\/www.tauli.cat\/activitat\/wp-content\/uploads\/2022\/06\/perfil.png 512w, https:\/\/www.tauli.cat\/activitat\/wp-content\/uploads\/2022\/06\/perfil-300x300.png 300w, https:\/\/www.tauli.cat\/activitat\/wp-content\/uploads\/2022\/06\/perfil-150x150.png 150w\" sizes=\"(max-width: 512px) 100vw, 512px\" \/><\/div>  <div class=\"eut-box-content\">      <h3 class=\"eut-box-title\">158<\/h3>    <p class=\"\">Alumnes en pr\u00e0ctiques (Centres de formaci\u00f3 ocupacional)<\/p>  <\/div><\/div>[\/vc_column_inner][vc_column_inner width=&#8221;1\/2&#8243;][vc_column_text][\/vc_column_text][vc_column_text]Alumnat de formaci\u00f3 professional i formaci\u00f3 ocupacional registrats en l&#8217;\u00e0mbit de recursos humans i en centres de formaci\u00f3 ocupacional.[\/vc_column_text][\/vc_column_inner][vc_column_inner width=&#8221;1\/4&#8243;][\/vc_column_inner][\/vc_row_inner]<h2 class=\"eut-element eut-align-left eut-title-no-line\" style=\"\"><span>Activitats docents de M\u00e0ster i Postgrau<\/span><\/h2>[vc_row_inner][vc_column_inner width=&#8221;1\/4&#8243;]<div class=\"eut-element eut-box-icon eut-align-left eut-large eut-animated-item eut-fadeInRight\" style=\"\" data-delay=\"200\"><div class=\"eut-image-icon\"><img loading=\"lazy\" decoding=\"async\" width=\"512\" height=\"512\" src=\"https:\/\/www.tauli.cat\/activitat\/wp-content\/uploads\/2022\/06\/estudiar.png\" class=\"attachment-full size-full\" alt=\"\" srcset=\"https:\/\/www.tauli.cat\/activitat\/wp-content\/uploads\/2022\/06\/estudiar.png 512w, https:\/\/www.tauli.cat\/activitat\/wp-content\/uploads\/2022\/06\/estudiar-300x300.png 300w, https:\/\/www.tauli.cat\/activitat\/wp-content\/uploads\/2022\/06\/estudiar-150x150.png 150w\" sizes=\"(max-width: 512px) 100vw, 512px\" \/><\/div>  <div class=\"eut-box-content\">      <h3 class=\"eut-box-title\">2<\/h3>    <p class=\"\">M\u00e0sters Parc Taul\u00ed<\/p>  <\/div><\/div>[\/vc_column_inner][vc_column_inner width=&#8221;1\/2&#8243;][vc_column_text]\n<ul>\n<li><strong>M\u00e0ster i postgrau en Intel\u00b7lig\u00e8ncia Artificial en Salut<\/strong> | UAB <a href=\"https:\/\/www.tauli.cat\/es\/institut\/docencia\/postgrau\/inteligencia-artificial-en-salud\/\" target=\"_blank\" rel=\"noopener\">+informaci\u00f3<\/a><br \/>\nDirecci\u00f3: Dr. Jos\u00e9 Ibeas i Dr. Javier Serrano.<\/li>\n<li><strong>M\u00e0ster en Al\u00b7l\u00e8rgia, Immunologia i Pneumologia Pedi\u00e0triques<\/strong> | UAB <a href=\"https:\/\/www.uab.cat\/web\/postgrau\/master-en-al-lergia-immunologia-i-pneumologia-pediatriques\/informacio-general-1203328491238.html\/param1-2709_ca\/\" target=\"_blank\" rel=\"noopener\">+informaci\u00f3<\/a><br \/>\nDirecci\u00f3: Dra. Montserrat Bosque i Dra. Laura Valdesoiro.<\/li>\n<\/ul>\n<p>Col\u00b7laboraci\u00f3:<\/p>\n<ul>\n<li><strong>M\u00e0ster d\u2019atenci\u00f3 integral al malalt cr\u00edtic i emerg\u00e8ncies<\/strong><br \/>\nDr. Llu\u00eds Blanch. Universitat de Barcelona.<\/li>\n<\/ul>\n[\/vc_column_text][\/vc_column_inner][vc_column_inner width=&#8221;1\/4&#8243;][\/vc_column_inner][\/vc_row_inner][vc_empty_space height=&#8221;24px&#8221;][vc_row_inner][vc_column_inner width=&#8221;1\/4&#8243;]<div class=\"eut-element eut-box-icon eut-align-left eut-large eut-animated-item eut-fadeInRight\" style=\"\" data-delay=\"200\"><div class=\"eut-image-icon\"><img loading=\"lazy\" decoding=\"async\" width=\"512\" height=\"512\" src=\"https:\/\/www.tauli.cat\/activitat\/wp-content\/uploads\/2022\/06\/libro-medico.png\" class=\"attachment-full size-full\" alt=\"\" srcset=\"https:\/\/www.tauli.cat\/activitat\/wp-content\/uploads\/2022\/06\/libro-medico.png 512w, https:\/\/www.tauli.cat\/activitat\/wp-content\/uploads\/2022\/06\/libro-medico-300x300.png 300w, https:\/\/www.tauli.cat\/activitat\/wp-content\/uploads\/2022\/06\/libro-medico-150x150.png 150w\" sizes=\"(max-width: 512px) 100vw, 512px\" \/><\/div>  <div class=\"eut-box-content\">      <h3 class=\"eut-box-title\">5<\/h3>    <p class=\"\">Postgraus d&#8217;Infermeria<\/p>  <\/div><\/div>[\/vc_column_inner][vc_column_inner width=&#8221;1\/2&#8243;][vc_column_text]S\u2019han organitzat i ofert 2 cursos de postgrau per a Infermeria:<\/p>\n<ul>\n<li>Assist\u00e8ncia integral al malalt traum\u00e0tic greu (21a edici\u00f3)<\/li>\n<li>Assist\u00e8ncia integral al malalt cr\u00edtic amb patologia cardiovascular i\/o respirat\u00f2ria (22a edici\u00f3)<\/li>\n<\/ul>\n[\/vc_column_text][\/vc_column_inner][vc_column_inner width=&#8221;1\/4&#8243;][\/vc_column_inner][\/vc_row_inner][vc_empty_space height=&#8221;24px&#8221;]<h2 class=\"eut-element eut-align-left eut-title-no-line\" style=\"\"><span>Formaci\u00f3 sanit\u00e0ria especialitzada<\/span><\/h2>[vc_row_inner][vc_column_inner width=&#8221;1\/4&#8243;]<div class=\"eut-element eut-box-icon eut-align-left eut-large eut-animated-item eut-fadeInRight\" style=\"\" data-delay=\"200\"><div class=\"eut-image-icon\"><img loading=\"lazy\" decoding=\"async\" width=\"512\" height=\"512\" src=\"https:\/\/www.tauli.cat\/activitat\/wp-content\/uploads\/2022\/06\/la-red.png\" class=\"attachment-full size-full\" alt=\"\" srcset=\"https:\/\/www.tauli.cat\/activitat\/wp-content\/uploads\/2022\/06\/la-red.png 512w, https:\/\/www.tauli.cat\/activitat\/wp-content\/uploads\/2022\/06\/la-red-300x300.png 300w, https:\/\/www.tauli.cat\/activitat\/wp-content\/uploads\/2022\/06\/la-red-150x150.png 150w\" sizes=\"(max-width: 512px) 100vw, 512px\" \/><\/div>  <div class=\"eut-box-content\">      <h3 class=\"eut-box-title\">62<\/h3>    <p class=\"\">incorporacions Residents R1<\/p>  <\/div><\/div>[\/vc_column_inner][vc_column_inner width=&#8221;1\/2&#8243;][vc_column_text]\n<ul>\n<li><strong>36<\/strong>\u00a0especialitats acreditades<\/li>\n<li><strong>65<\/strong>\u00a0tutors i tutores especialistes en formaci\u00f3<\/li>\n<li><strong>221 <\/strong>residents en total (medicina, infermeria, farm\u00e0cia i psicologia)<\/li>\n<li><strong>82<\/strong>\u00a0residents d&#8217;especialitats no hospital\u00e0ries: 33 MFiC, 4 medicina del treball, 4 infermeria AFiC<\/li>\n<li><strong>63<\/strong>\u00a0residents d&#8217;altres centres en rotaci\u00f3<\/li>\n<li><strong>5<\/strong> residents nacionals i internacionals d&#8217;estada formativa al Parc Taul\u00ed<\/li>\n<\/ul>\n[\/vc_column_text][\/vc_column_inner][vc_column_inner width=&#8221;1\/4&#8243;][\/vc_column_inner][\/vc_row_inner]<h2 class=\"eut-element eut-align-left eut-title-no-line\" style=\"\"><span>Cursos d'especialitzaci\u00f3<\/span><\/h2>[vc_column_text]Al 2023 s&#8217;han organitzat <strong>70<\/strong> activitats docents, un 45,9% m\u00e9s que en l\u2019exercici anterior. Aquesta activitat docent ha suposat el pas de <strong>3.679<\/strong> alumnes (52,5% m\u00e9s respecte al 2022) i s\u2019han impartit un total <strong>7.282<\/strong> hores lectives, el que suposa una increment de 5,8 % respecte a l\u2019any anterior.<\/p>\n<h3><\/h3>\n[\/vc_column_text][vc_empty_space height=&#8221;24px&#8221;][vc_row_inner][vc_column_inner width=&#8221;1\/3&#8243;]<div class=\"eut-element eut-box-icon eut-align-left eut-large eut-animated-item eut-fadeInRight\" style=\"\" data-delay=\"200\"><div class=\"eut-image-icon\"><img loading=\"lazy\" decoding=\"async\" width=\"512\" height=\"512\" src=\"https:\/\/www.tauli.cat\/activitat\/wp-content\/uploads\/2022\/07\/diploma.png\" class=\"attachment-full size-full\" alt=\"\" srcset=\"https:\/\/www.tauli.cat\/activitat\/wp-content\/uploads\/2022\/07\/diploma.png 512w, https:\/\/www.tauli.cat\/activitat\/wp-content\/uploads\/2022\/07\/diploma-300x300.png 300w, https:\/\/www.tauli.cat\/activitat\/wp-content\/uploads\/2022\/07\/diploma-150x150.png 150w\" sizes=\"(max-width: 512px) 100vw, 512px\" \/><\/div>  <div class=\"eut-box-content\">      <h3 class=\"eut-box-title\">70<\/h3>    <p class=\"\">Cursos<\/p>  <\/div><\/div>[\/vc_column_inner][vc_column_inner width=&#8221;1\/3&#8243;]<div class=\"eut-element eut-box-icon eut-align-left eut-large eut-animated-item eut-fadeInRight\" style=\"\" data-delay=\"200\"><div class=\"eut-image-icon\"><img loading=\"lazy\" decoding=\"async\" width=\"512\" height=\"512\" src=\"https:\/\/www.tauli.cat\/activitat\/wp-content\/uploads\/2022\/07\/sombrero-de-graduacion.png\" class=\"attachment-full size-full\" alt=\"\" srcset=\"https:\/\/www.tauli.cat\/activitat\/wp-content\/uploads\/2022\/07\/sombrero-de-graduacion.png 512w, https:\/\/www.tauli.cat\/activitat\/wp-content\/uploads\/2022\/07\/sombrero-de-graduacion-300x300.png 300w, https:\/\/www.tauli.cat\/activitat\/wp-content\/uploads\/2022\/07\/sombrero-de-graduacion-150x150.png 150w\" sizes=\"(max-width: 512px) 100vw, 512px\" \/><\/div>  <div class=\"eut-box-content\">      <h3 class=\"eut-box-title\">7.282<\/h3>    <p class=\"\">Hores de formaci\u00f3<\/p>  <\/div><\/div>[\/vc_column_inner][vc_column_inner width=&#8221;1\/3&#8243;]<div class=\"eut-element eut-box-icon eut-align-left eut-large eut-animated-item eut-fadeInRight\" style=\"\" data-delay=\"200\"><div class=\"eut-image-icon\"><img loading=\"lazy\" decoding=\"async\" width=\"512\" height=\"512\" src=\"https:\/\/www.tauli.cat\/activitat\/wp-content\/uploads\/2022\/07\/estudiante.png\" class=\"attachment-full size-full\" alt=\"\" srcset=\"https:\/\/www.tauli.cat\/activitat\/wp-content\/uploads\/2022\/07\/estudiante.png 512w, https:\/\/www.tauli.cat\/activitat\/wp-content\/uploads\/2022\/07\/estudiante-300x300.png 300w, https:\/\/www.tauli.cat\/activitat\/wp-content\/uploads\/2022\/07\/estudiante-150x150.png 150w\" sizes=\"(max-width: 512px) 100vw, 512px\" \/><\/div>  <div class=\"eut-box-content\">      <h3 class=\"eut-box-title\">3.679<\/h3>    <p class=\"\">Alumnes<\/p>  <\/div><\/div>[\/vc_column_inner][\/vc_row_inner][vc_empty_space height=&#8221;24px&#8221;][\/vc_column][\/vc_row]\n","protected":false},"excerpt":{"rendered":"<p>[vc_row][vc_column][vc_row_inner][vc_column_inner width=&#8221;1\/4&#8243;][\/vc_column_inner][vc_column_inner width=&#8221;1\/2&#8243;][vc_column_text]Al curs 2022-2023 la Unitat Docent Parc Taul\u00ed de la Facultat de Medicina de la UAB ha impartit doc\u00e8ncia des del tercer fins al sis\u00e8 curs.[\/vc_column_text][\/vc_column_inner][vc_column_inner width=&#8221;1\/4&#8243;][vc_round_chart type=&#8221;doughnut&#8221; stroke_width=&#8221;2&#8243; values=&#8221;%5B%7B%22title%22%3A%223r%20curs%22%2C%22value%22%3A%2267%22%2C%22color%22%3A%22blue%22%7D%2C%7B%22title%22%3A%224t%20curs%22%2C%22value%22%3A%2252%22%2C%22color%22%3A%22pink%22%7D%2C%7B%22title%22%3A%225%C3%A8%20curs%22%2C%22value%22%3A%2257%22%2C%22color%22%3A%22violet%22%7D%2C%7B%22title%22%3A%226%C3%A8%20curs%22%2C%22value%22%3A%2267%22%2C%22color%22%3A%22turquoise%22%7D%5D&#8221;][\/vc_column_inner][\/vc_row_inner][vc_empty_space height=&#8221;24px&#8221;][vc_row_inner][vc_column_inner width=&#8221;1\/4&#8243;][\/vc_column_inner][vc_column_inner width=&#8221;1\/2&#8243;][vc_column_text]La participaci\u00f3 en la formaci\u00f3 del grau d\u2019Infermeria es concreta en la formaci\u00f3 pr\u00e0ctica d\u2019alumnes de les Universitats amb les quals [&hellip;]<\/p>\n","protected":false},"author":1,"featured_media":0,"parent":1633,"menu_order":0,"comment_status":"closed","ping_status":"closed","template":"","meta":{"footnotes":""},"class_list":["post-1637","page","type-page","status-publish","hentry"],"_links":{"self":[{"href":"https:\/\/www.tauli.cat\/activitat\/wp-json\/wp\/v2\/pages\/1637"}],"collection":[{"href":"https:\/\/www.tauli.cat\/activitat\/wp-json\/wp\/v2\/pages"}],"about":[{"href":"https:\/\/www.tauli.cat\/activitat\/wp-json\/wp\/v2\/types\/page"}],"author":[{"embeddable":true,"href":"https:\/\/www.tauli.cat\/activitat\/wp-json\/wp\/v2\/users\/1"}],"replies":[{"embeddable":true,"href":"https:\/\/www.tauli.cat\/activitat\/wp-json\/wp\/v2\/comments?post=1637"}],"version-history":[{"count":4,"href":"https:\/\/www.tauli.cat\/activitat\/wp-json\/wp\/v2\/pages\/1637\/revisions"}],"predecessor-version":[{"id":1869,"href":"https:\/\/www.tauli.cat\/activitat\/wp-json\/wp\/v2\/pages\/1637\/revisions\/1869"}],"up":[{"embeddable":true,"href":"https:\/\/www.tauli.cat\/activitat\/wp-json\/wp\/v2\/pages\/1633"}],"wp:attachment":[{"href":"https:\/\/www.tauli.cat\/activitat\/wp-json\/wp\/v2\/media?parent=1637"}],"curies":[{"name":"wp","href":"https:\/\/api.w.org\/{rel}","templated":true}]}}