{"id":1671,"date":"2024-06-06T13:21:35","date_gmt":"2024-06-06T11:21:35","guid":{"rendered":"https:\/\/www.tauli.cat\/activitat\/?page_id=1671"},"modified":"2024-07-17T13:38:44","modified_gmt":"2024-07-17T11:38:44","slug":"publicacions","status":"publish","type":"page","link":"https:\/\/www.tauli.cat\/activitat\/i3pt\/memoria-cientifica\/o2023\/recerca\/publicacions\/","title":{"rendered":"Publicacions"},"content":{"rendered":"[vc_row][vc_column][vc_row_inner][vc_column_inner][vc_column_text]\n<h2>Publicacions 2023<\/h2>\n[\/vc_column_text][\/vc_column_inner][\/vc_row_inner][\/vc_column][\/vc_row][vc_row][vc_column width=&#8221;1\/2&#8243;][vc_row_inner][vc_column_inner][vc_round_chart stroke_width=&#8221;2&#8243; values=&#8221;%5B%7B%22title%22%3A%22Article%22%2C%22value%22%3A%22385%22%2C%22color%22%3A%22pink%22%7D%2C%7B%22title%22%3A%22Editorial%20Material%22%2C%22value%22%3A%2214%22%2C%22color%22%3A%22vista-blue%22%7D%2C%7B%22title%22%3A%22Letter%22%2C%22value%22%3A%2225%22%2C%22color%22%3A%22orange%22%7D%2C%7B%22title%22%3A%22Practice%20Guideline%22%2C%22value%22%3A%224%22%2C%22color%22%3A%22sandy-brown%22%7D%2C%7B%22title%22%3A%22Review%22%2C%22value%22%3A%2228%22%2C%22color%22%3A%22chino%22%7D%2C%7B%22title%22%3A%22Altres%22%2C%22value%22%3A%221%22%2C%22color%22%3A%22blue%22%2C%22custom_color%22%3A%22%235472d2%22%7D%5D&#8221; css_animation=&#8221;fadeIn&#8221; title=&#8221;Tipus de publicaci\u00f3&#8221;][\/vc_column_inner][\/vc_row_inner][\/vc_column][vc_column width=&#8221;1\/2&#8243;][vc_empty_space][vc_empty_space][vc_empty_space]<div class=\"eut-element eut-box-icon eut-align-left eut-large\" style=\"\"><div class=\"eut-image-icon\"><img loading=\"lazy\" decoding=\"async\" width=\"512\" height=\"512\" src=\"https:\/\/www.tauli.cat\/activitat\/wp-content\/uploads\/2023\/07\/literatura-cientifica.png\" class=\"attachment-full size-full\" alt=\"\" srcset=\"https:\/\/www.tauli.cat\/activitat\/wp-content\/uploads\/2023\/07\/literatura-cientifica.png 512w, https:\/\/www.tauli.cat\/activitat\/wp-content\/uploads\/2023\/07\/literatura-cientifica-300x300.png 300w, https:\/\/www.tauli.cat\/activitat\/wp-content\/uploads\/2023\/07\/literatura-cientifica-150x150.png 150w\" sizes=\"(max-width: 512px) 100vw, 512px\" \/><\/div>  <div class=\"eut-box-content\">      <h3 class=\"eut-box-title\">457<\/h3>    <p class=\"\">Publicacions<\/p>  <\/div><\/div><div class=\"eut-element eut-box-icon eut-align-left eut-large\" style=\"\"><div class=\"eut-image-icon\"><img loading=\"lazy\" decoding=\"async\" width=\"512\" height=\"512\" src=\"https:\/\/www.tauli.cat\/activitat\/wp-content\/uploads\/2022\/06\/reporte-de-negocios.png\" class=\"attachment-full size-full\" alt=\"\" srcset=\"https:\/\/www.tauli.cat\/activitat\/wp-content\/uploads\/2022\/06\/reporte-de-negocios.png 512w, https:\/\/www.tauli.cat\/activitat\/wp-content\/uploads\/2022\/06\/reporte-de-negocios-300x300.png 300w, https:\/\/www.tauli.cat\/activitat\/wp-content\/uploads\/2022\/06\/reporte-de-negocios-150x150.png 150w\" sizes=\"(max-width: 512px) 100vw, 512px\" \/><\/div>  <div class=\"eut-box-content\">      <h3 class=\"eut-box-title\">147<\/h3>    <p class=\"\">H-Index<\/p>  <\/div><\/div><div class=\"eut-element eut-box-icon eut-align-left eut-large\" style=\"\"><div class=\"eut-image-icon\"><img loading=\"lazy\" decoding=\"async\" width=\"128\" height=\"128\" src=\"https:\/\/www.tauli.cat\/activitat\/wp-content\/uploads\/2022\/07\/checklist.png\" class=\"attachment-full size-full\" alt=\"\" \/><\/div>  <div class=\"eut-box-content\">      <h3 class=\"eut-box-title\">14.770<\/h3>    <p class=\"\">Citacions<\/p>  <\/div><\/div><div class=\"eut-element eut-box-icon eut-align-left eut-large\" style=\"\"><div class=\"eut-image-icon\"><img loading=\"lazy\" decoding=\"async\" width=\"256\" height=\"256\" src=\"https:\/\/www.tauli.cat\/activitat\/wp-content\/uploads\/2022\/07\/star.png\" class=\"attachment-full size-full\" alt=\"\" srcset=\"https:\/\/www.tauli.cat\/activitat\/wp-content\/uploads\/2022\/07\/star.png 256w, https:\/\/www.tauli.cat\/activitat\/wp-content\/uploads\/2022\/07\/star-150x150.png 150w\" sizes=\"(max-width: 256px) 100vw, 256px\" \/><\/div>  <div class=\"eut-box-content\">      <h3 class=\"eut-box-title\">255<\/h3>    <p class=\"\">Publicacions Q1<\/p>  <\/div><\/div><div class=\"eut-element eut-box-icon eut-align-left eut-large\" style=\"\"><div class=\"eut-image-icon\"><img loading=\"lazy\" decoding=\"async\" width=\"256\" height=\"256\" src=\"https:\/\/www.tauli.cat\/activitat\/wp-content\/uploads\/2022\/07\/badge.png\" class=\"attachment-full size-full\" alt=\"\" srcset=\"https:\/\/www.tauli.cat\/activitat\/wp-content\/uploads\/2022\/07\/badge.png 256w, https:\/\/www.tauli.cat\/activitat\/wp-content\/uploads\/2022\/07\/badge-150x150.png 150w\" sizes=\"(max-width: 256px) 100vw, 256px\" \/><\/div>  <div class=\"eut-box-content\">      <h3 class=\"eut-box-title\">120<\/h3>    <p class=\"\">Publicacions D1<\/p>  <\/div><\/div>[\/vc_column][\/vc_row][vc_row][vc_column][\/vc_column][\/vc_row][vc_row][vc_column]<div class=\"eut-element eut-box-icon eut-align-left eut-large\" style=\"\"><a href=\"http:\/\/www.tauli.cat\/activitat\/wp-content\/uploads\/2024\/07\/Publicacions-cientifiques-2023.pdf\" target=\"_blank\"><div class=\"eut-image-icon\"><img loading=\"lazy\" decoding=\"async\" width=\"512\" height=\"512\" src=\"https:\/\/www.tauli.cat\/activitat\/wp-content\/uploads\/2022\/07\/reporte-de-negocios.png\" class=\"attachment-full size-full\" alt=\"\" srcset=\"https:\/\/www.tauli.cat\/activitat\/wp-content\/uploads\/2022\/07\/reporte-de-negocios.png 512w, https:\/\/www.tauli.cat\/activitat\/wp-content\/uploads\/2022\/07\/reporte-de-negocios-300x300.png 300w, https:\/\/www.tauli.cat\/activitat\/wp-content\/uploads\/2022\/07\/reporte-de-negocios-150x150.png 150w\" sizes=\"(max-width: 512px) 100vw, 512px\" \/><\/div><\/a>  <div class=\"eut-box-content\"><a href=\"http:\/\/www.tauli.cat\/activitat\/wp-content\/uploads\/2024\/07\/Publicacions-cientifiques-2023.pdf\" target=\"_blank\">      <h3 class=\"eut-box-title\">Publicacions del 2023<\/h3><\/a>    <p class=\"\">Consulta totes les publicacions cient\u00edfiques<\/p>  <\/div><\/div>[\/vc_column][\/vc_row][vc_row][vc_column][vc_row_inner][vc_column_inner][vc_column_text]\n<h2>Guies de pr\u00e0ctica cl\u00ednica i documents de consens<\/h2>\n[\/vc_column_text][vc_empty_space height=&#8221;22px&#8221;][vc_column_text]\n<ul>\n<li>Bass GA, Mohseni S, Ryan \u00c9J, Forssten MP, Tolonen M, Cao Y, Kaplan LJ; <strong>ESTES SnapAppy Group<\/strong>. Clinical practice selectively follows acute appendicitis guidelines. Eur J Trauma Emerg Surg. 2023 Feb;49(1):45-56. doi: <a href=\"https:\/\/doi.org\/10.1007\/s00068-022-02208-2\">10.1007\/s00068-022-02208-2<\/a><\/li>\n<li>Galv\u00e1n-Casas C, Ortiz-\u00c1lvarez J, Mart\u00ednez-Garc\u00eda E, <strong>Corbacho-Monn\u00e9 M<\/strong>. Spanish Academy of Dermatology and Venereology (AEDV) expert recommendations for the management of sexual transmitted parasitosis. Scabies, and pediculosis pubis. Actas Dermosifiliogr. 2023 Dec;115(5):475-492. doi: <a href=\"https:\/\/www.elsevier.es\/en\/linksolver\/pdf\/pii\/S0001-7310(23)00945-6\">10.1016\/j.ad.2023.11.007<\/a><\/li>\n<li><strong>Machlab S<\/strong>, Francia E, Mascort J, Garc\u00eda-Iglesias P, Mendive JM, Riba F, Guarner-Argente C, Solanes M, Ortiz J, <strong>Calvet X<\/strong>. Risks, indications and technical aspects of colonoscopy in elderly or frail patients. Position paper of the Societat Catalana de Digestologia, the Societat Catalana de Geriatria i Gerontologia and the Societat Catalana de Medicina de Familia i Comunitaria. Gastroenterol Hepatol. 2023 May;47(1):107-117 doi: <a href=\"http:\/\/www.elsevier.es\/en\/linksolver\/ft\/pii\/S0210-5705(23)00335-7\">10.1016\/j.gastrohep.2023.05.004<\/a><\/li>\n<li>M\u00e9ndez-Vidal MJ, L\u00e1zaro Quintela M, Lainez-Milagro N, Perez-Valderrama B, Su\u00e1rez Rodriguez C, Arranz Arija J\u00c1, Pel\u00e1ez Fern\u00e1ndez I, <strong>Gallardo D\u00edaz E<\/strong>, Lambea Sorrosal J, Gonz\u00e1lez-Del-Alba A. SEOM SOGUG clinical guideline for treatment of kidney cancer (2022). Clin Transl Oncol. 2023 Sep;25(9):2732-2748. doi: <a href=\"https:\/\/dx.doi.org\/10.1007\/s12094-023-03276-5\">10.1007\/s12094-023-03276-5<\/a><\/li>\n<\/ul>\n[\/vc_column_text][\/vc_column_inner][\/vc_row_inner][\/vc_column][\/vc_row]\n","protected":false},"excerpt":{"rendered":"<p>[vc_row][vc_column][vc_row_inner][vc_column_inner][vc_column_text] Publicacions 2023 [\/vc_column_text][\/vc_column_inner][\/vc_row_inner][\/vc_column][\/vc_row][vc_row][vc_column width=&#8221;1\/2&#8243;][vc_row_inner][vc_column_inner][vc_round_chart stroke_width=&#8221;2&#8243; values=&#8221;%5B%7B%22title%22%3A%22Article%22%2C%22value%22%3A%22385%22%2C%22color%22%3A%22pink%22%7D%2C%7B%22title%22%3A%22Editorial%20Material%22%2C%22value%22%3A%2214%22%2C%22color%22%3A%22vista-blue%22%7D%2C%7B%22title%22%3A%22Letter%22%2C%22value%22%3A%2225%22%2C%22color%22%3A%22orange%22%7D%2C%7B%22title%22%3A%22Practice%20Guideline%22%2C%22value%22%3A%224%22%2C%22color%22%3A%22sandy-brown%22%7D%2C%7B%22title%22%3A%22Review%22%2C%22value%22%3A%2228%22%2C%22color%22%3A%22chino%22%7D%2C%7B%22title%22%3A%22Altres%22%2C%22value%22%3A%221%22%2C%22color%22%3A%22blue%22%2C%22custom_color%22%3A%22%235472d2%22%7D%5D&#8221; css_animation=&#8221;fadeIn&#8221; title=&#8221;Tipus de publicaci\u00f3&#8221;][\/vc_column_inner][\/vc_row_inner][\/vc_column][vc_column width=&#8221;1\/2&#8243;][vc_empty_space][vc_empty_space][vc_empty_space][\/vc_column][\/vc_row][vc_row][vc_column][\/vc_column][\/vc_row][vc_row][vc_column][\/vc_column][\/vc_row][vc_row][vc_column][vc_row_inner][vc_column_inner][vc_column_text] Guies de pr\u00e0ctica cl\u00ednica i documents de consens [\/vc_column_text][vc_empty_space height=&#8221;22px&#8221;][vc_column_text] Bass GA, Mohseni S, Ryan \u00c9J, Forssten MP, Tolonen M, Cao Y, Kaplan LJ; ESTES SnapAppy Group. Clinical practice selectively follows acute appendicitis guidelines. Eur J Trauma Emerg Surg. 2023 Feb;49(1):45-56. doi: 10.1007\/s00068-022-02208-2 [&hellip;]<\/p>\n","protected":false},"author":7,"featured_media":0,"parent":1660,"menu_order":2,"comment_status":"closed","ping_status":"closed","template":"","meta":{"footnotes":""},"class_list":["post-1671","page","type-page","status-publish","hentry"],"_links":{"self":[{"href":"https:\/\/www.tauli.cat\/activitat\/wp-json\/wp\/v2\/pages\/1671"}],"collection":[{"href":"https:\/\/www.tauli.cat\/activitat\/wp-json\/wp\/v2\/pages"}],"about":[{"href":"https:\/\/www.tauli.cat\/activitat\/wp-json\/wp\/v2\/types\/page"}],"author":[{"embeddable":true,"href":"https:\/\/www.tauli.cat\/activitat\/wp-json\/wp\/v2\/users\/7"}],"replies":[{"embeddable":true,"href":"https:\/\/www.tauli.cat\/activitat\/wp-json\/wp\/v2\/comments?post=1671"}],"version-history":[{"count":9,"href":"https:\/\/www.tauli.cat\/activitat\/wp-json\/wp\/v2\/pages\/1671\/revisions"}],"predecessor-version":[{"id":1960,"href":"https:\/\/www.tauli.cat\/activitat\/wp-json\/wp\/v2\/pages\/1671\/revisions\/1960"}],"up":[{"embeddable":true,"href":"https:\/\/www.tauli.cat\/activitat\/wp-json\/wp\/v2\/pages\/1660"}],"wp:attachment":[{"href":"https:\/\/www.tauli.cat\/activitat\/wp-json\/wp\/v2\/media?parent=1671"}],"curies":[{"name":"wp","href":"https:\/\/api.w.org\/{rel}","templated":true}]}}