{"id":1674,"date":"2024-06-06T13:22:24","date_gmt":"2024-06-06T11:22:24","guid":{"rendered":"https:\/\/www.tauli.cat\/activitat\/?page_id=1674"},"modified":"2024-07-31T11:45:33","modified_gmt":"2024-07-31T09:45:33","slug":"noticies-destacades","status":"publish","type":"page","link":"https:\/\/www.tauli.cat\/activitat\/i3pt\/memoria-cientifica\/o2023\/recerca\/noticies-destacades\/","title":{"rendered":"Not\u00edcies destacades"},"content":{"rendered":"[vc_row][vc_column]<div class=\"eut-element eut-image-text eut-animated-item eut-fadeInDown\" style=\"\" data-delay=\"200\"><div class=\"eut-image\"><img loading=\"lazy\" decoding=\"async\" width=\"1170\" height=\"658\" src=\"https:\/\/www.tauli.cat\/activitat\/wp-content\/uploads\/2024\/06\/NoticiaMitocritweb-1170x658-1.jpg\" class=\"attachment-full size-full\" alt=\"\" srcset=\"https:\/\/www.tauli.cat\/activitat\/wp-content\/uploads\/2024\/06\/NoticiaMitocritweb-1170x658-1.jpg 1170w, https:\/\/www.tauli.cat\/activitat\/wp-content\/uploads\/2024\/06\/NoticiaMitocritweb-1170x658-1-300x169.jpg 300w, https:\/\/www.tauli.cat\/activitat\/wp-content\/uploads\/2024\/06\/NoticiaMitocritweb-1170x658-1-1024x576.jpg 1024w, https:\/\/www.tauli.cat\/activitat\/wp-content\/uploads\/2024\/06\/NoticiaMitocritweb-1170x658-1-768x432.jpg 768w, https:\/\/www.tauli.cat\/activitat\/wp-content\/uploads\/2024\/06\/NoticiaMitocritweb-1170x658-1-800x450.jpg 800w\" sizes=\"(max-width: 1170px) 100vw, 1170px\" \/><\/div>  <div class=\"eut-content eut-align-left\"><h4>L\u2019I3PT incorpora el grup de recerca d\u2019hemodin\u00e0mica, microcirculaci\u00f3 i oxigenaci\u00f3 tissular al pacient cr\u00edtic<\/h4>  <p>11 de desembre 2023<\/p>    <a href=\"https:\/\/www.tauli.cat\/institut\/actualitat\/noticies\/2023\/12\/li3pt-incorpora-el-grup-de-recerca-dhemodinamica-microcirculacio-i-oxigenacio-tissular-al-pacient-critic\/\" target=\"_blank\" class=\"eut-read-more \">Llegir not\u00edcia<\/a>  <\/div><\/div><div class=\"eut-element eut-image-text eut-animated-item eut-fadeInDown\" style=\"\" data-delay=\"200\"><div class=\"eut-image\"><img loading=\"lazy\" decoding=\"async\" width=\"1170\" height=\"658\" src=\"https:\/\/www.tauli.cat\/activitat\/wp-content\/uploads\/2024\/06\/Imatge-web-Tautem-1170x658-1.jpg\" class=\"attachment-full size-full\" alt=\"\" srcset=\"https:\/\/www.tauli.cat\/activitat\/wp-content\/uploads\/2024\/06\/Imatge-web-Tautem-1170x658-1.jpg 1170w, https:\/\/www.tauli.cat\/activitat\/wp-content\/uploads\/2024\/06\/Imatge-web-Tautem-1170x658-1-300x169.jpg 300w, https:\/\/www.tauli.cat\/activitat\/wp-content\/uploads\/2024\/06\/Imatge-web-Tautem-1170x658-1-1024x576.jpg 1024w, https:\/\/www.tauli.cat\/activitat\/wp-content\/uploads\/2024\/06\/Imatge-web-Tautem-1170x658-1-768x432.jpg 768w, https:\/\/www.tauli.cat\/activitat\/wp-content\/uploads\/2024\/06\/Imatge-web-Tautem-1170x658-1-800x450.jpg 800w\" sizes=\"(max-width: 1170px) 100vw, 1170px\" \/><\/div>  <div class=\"eut-content eut-align-left\"><h4>Xavier Serra, guardonat amb el Premi Nacional de Cirurgia 2023<\/h4>  <p>20 de novembre 2023<\/p>    <a href=\"https:\/\/www.tauli.cat\/institut\/actualitat\/noticies\/2023\/11\/xavier-serra-guardonat-amb-el-premi-nacional-de-cirurgia-2023\/\" target=\"_blank\" class=\"eut-read-more \">Llegir not\u00edcia<\/a>  <\/div><\/div><div class=\"eut-element eut-image-text eut-animated-item eut-fadeInDown\" style=\"\" data-delay=\"200\"><div class=\"eut-image\"><img loading=\"lazy\" decoding=\"async\" width=\"1170\" height=\"658\" src=\"https:\/\/www.tauli.cat\/activitat\/wp-content\/uploads\/2024\/06\/Marato.jpg\" class=\"attachment-full size-full\" alt=\"\" srcset=\"https:\/\/www.tauli.cat\/activitat\/wp-content\/uploads\/2024\/06\/Marato.jpg 1170w, https:\/\/www.tauli.cat\/activitat\/wp-content\/uploads\/2024\/06\/Marato-300x169.jpg 300w, https:\/\/www.tauli.cat\/activitat\/wp-content\/uploads\/2024\/06\/Marato-1024x576.jpg 1024w, https:\/\/www.tauli.cat\/activitat\/wp-content\/uploads\/2024\/06\/Marato-768x432.jpg 768w, https:\/\/www.tauli.cat\/activitat\/wp-content\/uploads\/2024\/06\/Marato-800x450.jpg 800w\" sizes=\"(max-width: 1170px) 100vw, 1170px\" \/><\/div>  <div class=\"eut-content eut-align-left\"><h4>Un projecte de l\u2019I3PT en salut cardiovascular, premiat per La Marat\u00f3<\/h4>  <p>9 de novembre 2023<\/p>    <a href=\"https:\/\/www.tauli.cat\/institut\/actualitat\/noticies\/2023\/11\/un-projecte-de-li3pt-en-salut-cardiovascular-premiat-per-la-marato\/\" target=\"_blank\" class=\"eut-read-more \">Llegir not\u00edcia<\/a>  <\/div><\/div><div class=\"eut-element eut-image-text eut-animated-item eut-fadeInDown\" style=\"\" data-delay=\"200\"><div class=\"eut-image\"><img loading=\"lazy\" decoding=\"async\" width=\"1170\" height=\"658\" src=\"https:\/\/www.tauli.cat\/activitat\/wp-content\/uploads\/2024\/06\/Artigas_premi-1170x658-1.jpg\" class=\"attachment-full size-full\" alt=\"\" srcset=\"https:\/\/www.tauli.cat\/activitat\/wp-content\/uploads\/2024\/06\/Artigas_premi-1170x658-1.jpg 1170w, https:\/\/www.tauli.cat\/activitat\/wp-content\/uploads\/2024\/06\/Artigas_premi-1170x658-1-300x169.jpg 300w, https:\/\/www.tauli.cat\/activitat\/wp-content\/uploads\/2024\/06\/Artigas_premi-1170x658-1-1024x576.jpg 1024w, https:\/\/www.tauli.cat\/activitat\/wp-content\/uploads\/2024\/06\/Artigas_premi-1170x658-1-768x432.jpg 768w, https:\/\/www.tauli.cat\/activitat\/wp-content\/uploads\/2024\/06\/Artigas_premi-1170x658-1-800x450.jpg 800w\" sizes=\"(max-width: 1170px) 100vw, 1170px\" \/><\/div>  <div class=\"eut-content eut-align-left\"><h4>L\u2019investigador Antoni Artigas rep la medalla d\u2019honor de la Societat Europea de Medicina Intensiva<\/h4>  <p>24 d&#8217;octubre 2023<\/p>    <a href=\"https:\/\/www.tauli.cat\/institut\/actualitat\/noticies\/2023\/10\/linvestigador-antoni-artigas-rep-la-medalla-dhonor-de-la-societat-europea-de-medicina-intensiva\/\" target=\"_blank\" class=\"eut-read-more \">Llegir not\u00edcia<\/a>  <\/div><\/div><div class=\"eut-element eut-image-text eut-animated-item eut-fadeInDown\" style=\"\" data-delay=\"200\"><div class=\"eut-image\"><img loading=\"lazy\" decoding=\"async\" width=\"1170\" height=\"658\" src=\"https:\/\/www.tauli.cat\/activitat\/wp-content\/uploads\/2024\/06\/Plantilla-Imatges-Web-169-1170x658-1.jpg\" class=\"attachment-full size-full\" alt=\"\" srcset=\"https:\/\/www.tauli.cat\/activitat\/wp-content\/uploads\/2024\/06\/Plantilla-Imatges-Web-169-1170x658-1.jpg 1170w, https:\/\/www.tauli.cat\/activitat\/wp-content\/uploads\/2024\/06\/Plantilla-Imatges-Web-169-1170x658-1-300x169.jpg 300w, https:\/\/www.tauli.cat\/activitat\/wp-content\/uploads\/2024\/06\/Plantilla-Imatges-Web-169-1170x658-1-1024x576.jpg 1024w, https:\/\/www.tauli.cat\/activitat\/wp-content\/uploads\/2024\/06\/Plantilla-Imatges-Web-169-1170x658-1-768x432.jpg 768w, https:\/\/www.tauli.cat\/activitat\/wp-content\/uploads\/2024\/06\/Plantilla-Imatges-Web-169-1170x658-1-800x450.jpg 800w\" sizes=\"(max-width: 1170px) 100vw, 1170px\" \/><\/div>  <div class=\"eut-content eut-align-left\"><h4>Comen\u00e7a un projecte per detectar l\u2019hepatitis C en pacients asimptom\u00e0tics<\/h4>  <p>9 d&#8217;octubre 2023<\/p>    <a href=\"https:\/\/www.tauli.cat\/institut\/actualitat\/noticies\/2023\/10\/comenca-un-projecte-per-detectar-lhepatitis-c-en-pacients-asimptomatics\/\" target=\"_blank\" class=\"eut-read-more \">Llegir not\u00edcia<\/a>  <\/div><\/div><div class=\"eut-element eut-image-text eut-animated-item eut-fadeInDown\" style=\"\" data-delay=\"200\"><div class=\"eut-image\"><img loading=\"lazy\" decoding=\"async\" width=\"1170\" height=\"658\" src=\"https:\/\/www.tauli.cat\/activitat\/wp-content\/uploads\/2024\/06\/Embaras-1.jpg\" class=\"attachment-full size-full\" alt=\"\" srcset=\"https:\/\/www.tauli.cat\/activitat\/wp-content\/uploads\/2024\/06\/Embaras-1.jpg 1170w, https:\/\/www.tauli.cat\/activitat\/wp-content\/uploads\/2024\/06\/Embaras-1-300x169.jpg 300w, https:\/\/www.tauli.cat\/activitat\/wp-content\/uploads\/2024\/06\/Embaras-1-1024x576.jpg 1024w, https:\/\/www.tauli.cat\/activitat\/wp-content\/uploads\/2024\/06\/Embaras-1-768x432.jpg 768w, https:\/\/www.tauli.cat\/activitat\/wp-content\/uploads\/2024\/06\/Embaras-1-800x450.jpg 800w\" sizes=\"(max-width: 1170px) 100vw, 1170px\" \/><\/div>  <div class=\"eut-content eut-align-left\"><h4>L\u2019I3PT impulsa la recerca en les patologies associades a l\u2019embar\u00e0s<\/h4>  <p>2 d&#8217;octubre 2023<\/p>    <a href=\"https:\/\/www.tauli.cat\/institut\/actualitat\/noticies\/2023\/10\/li3pt-impulsa-la-recerca-en-les-patologies-associades-a-lembaras\/\" target=\"_blank\" class=\"eut-read-more \">Llegir not\u00edcia<\/a>  <\/div><\/div><div class=\"eut-element eut-image-text eut-animated-item eut-fadeInDown\" style=\"\" data-delay=\"200\"><div class=\"eut-image\"><img loading=\"lazy\" decoding=\"async\" width=\"1170\" height=\"658\" src=\"https:\/\/www.tauli.cat\/activitat\/wp-content\/uploads\/2024\/06\/EstudiCovid3-1170x658-1.jpg\" class=\"attachment-full size-full\" alt=\"\" srcset=\"https:\/\/www.tauli.cat\/activitat\/wp-content\/uploads\/2024\/06\/EstudiCovid3-1170x658-1.jpg 1170w, https:\/\/www.tauli.cat\/activitat\/wp-content\/uploads\/2024\/06\/EstudiCovid3-1170x658-1-300x169.jpg 300w, https:\/\/www.tauli.cat\/activitat\/wp-content\/uploads\/2024\/06\/EstudiCovid3-1170x658-1-1024x576.jpg 1024w, https:\/\/www.tauli.cat\/activitat\/wp-content\/uploads\/2024\/06\/EstudiCovid3-1170x658-1-768x432.jpg 768w, https:\/\/www.tauli.cat\/activitat\/wp-content\/uploads\/2024\/06\/EstudiCovid3-1170x658-1-800x450.jpg 800w\" sizes=\"(max-width: 1170px) 100vw, 1170px\" \/><\/div>  <div class=\"eut-content eut-align-left\"><h4>El Parc Taul\u00ed estudia la relaci\u00f3 entre els trastorns del son, la immunitat i la gravetat de la COVID<\/h4>  <p>6 de setembre 2023<\/p>    <a href=\"https:\/\/www.tauli.cat\/institut\/actualitat\/noticies\/2023\/09\/el-parc-tauli-estudia-la-relacio-entre-els-trastorns-del-son-la-immunitat-i-la-gravetat-de-la-covid\/\" target=\"_blank\" class=\"eut-read-more \">Llegir not\u00edcia<\/a>  <\/div><\/div><div class=\"eut-element eut-image-text eut-animated-item eut-fadeInDown\" style=\"\" data-delay=\"200\"><div class=\"eut-image\"><img loading=\"lazy\" decoding=\"async\" width=\"1170\" height=\"658\" src=\"https:\/\/www.tauli.cat\/activitat\/wp-content\/uploads\/2024\/06\/Plantilla-Imatges-169-Web-1-1170x658-1.png\" class=\"attachment-full size-full\" alt=\"\" srcset=\"https:\/\/www.tauli.cat\/activitat\/wp-content\/uploads\/2024\/06\/Plantilla-Imatges-169-Web-1-1170x658-1.png 1170w, https:\/\/www.tauli.cat\/activitat\/wp-content\/uploads\/2024\/06\/Plantilla-Imatges-169-Web-1-1170x658-1-300x169.png 300w, https:\/\/www.tauli.cat\/activitat\/wp-content\/uploads\/2024\/06\/Plantilla-Imatges-169-Web-1-1170x658-1-1024x576.png 1024w, https:\/\/www.tauli.cat\/activitat\/wp-content\/uploads\/2024\/06\/Plantilla-Imatges-169-Web-1-1170x658-1-768x432.png 768w, https:\/\/www.tauli.cat\/activitat\/wp-content\/uploads\/2024\/06\/Plantilla-Imatges-169-Web-1-1170x658-1-800x450.png 800w\" sizes=\"(max-width: 1170px) 100vw, 1170px\" \/><\/div>  <div class=\"eut-content eut-align-left\"><h4>El Parc Taul\u00ed organitza la primera jornada europea de S\u00edndrome d\u2019Angelman a Catalunya<\/h4>  <p>5 de juliol 2023<\/p>    <a href=\"https:\/\/www.tauli.cat\/institut\/actualitat\/noticies\/2023\/07\/el-parc-tauli-organitza-la-primera-jornada-europea-de-sindrome-dangelman-a-catalunya\/\" target=\"_blank\" class=\"eut-read-more \">Llegir not\u00edcia<\/a>  <\/div><\/div><div class=\"eut-element eut-image-text eut-animated-item eut-fadeInDown\" style=\"\" data-delay=\"200\"><div class=\"eut-image\"><img loading=\"lazy\" decoding=\"async\" width=\"1170\" height=\"658\" src=\"https:\/\/www.tauli.cat\/activitat\/wp-content\/uploads\/2024\/06\/ArtigasCalvet.jpg\" class=\"attachment-full size-full\" alt=\"\" srcset=\"https:\/\/www.tauli.cat\/activitat\/wp-content\/uploads\/2024\/06\/ArtigasCalvet.jpg 1170w, https:\/\/www.tauli.cat\/activitat\/wp-content\/uploads\/2024\/06\/ArtigasCalvet-300x169.jpg 300w, https:\/\/www.tauli.cat\/activitat\/wp-content\/uploads\/2024\/06\/ArtigasCalvet-1024x576.jpg 1024w, https:\/\/www.tauli.cat\/activitat\/wp-content\/uploads\/2024\/06\/ArtigasCalvet-768x432.jpg 768w, https:\/\/www.tauli.cat\/activitat\/wp-content\/uploads\/2024\/06\/ArtigasCalvet-800x450.jpg 800w\" sizes=\"(max-width: 1170px) 100vw, 1170px\" \/><\/div>  <div class=\"eut-content eut-align-left\"><h4>Antoni Artigas i Xavier Calvet, ranquejats entre els millors investigadors del m\u00f3n en medicina<\/h4>  <p>16 de maig 2023<\/p>    <a href=\"https:\/\/www.tauli.cat\/institut\/actualitat\/noticies\/2023\/05\/antoni-artigas-i-xavier-calvet-ranquejats-entre-els-millors-investigadors-del-mon-en-medicina\/\" target=\"_blank\" class=\"eut-read-more \">Llegir not\u00edcia<\/a>  <\/div><\/div><div class=\"eut-element eut-image-text eut-animated-item eut-fadeInDown\" style=\"\" data-delay=\"200\"><div class=\"eut-image\"><img loading=\"lazy\" decoding=\"async\" width=\"1170\" height=\"658\" src=\"https:\/\/www.tauli.cat\/activitat\/wp-content\/uploads\/2024\/06\/beca-pau-massana-i3pt-1170x658-1.jpg\" class=\"attachment-full size-full\" alt=\"\" srcset=\"https:\/\/www.tauli.cat\/activitat\/wp-content\/uploads\/2024\/06\/beca-pau-massana-i3pt-1170x658-1.jpg 1170w, https:\/\/www.tauli.cat\/activitat\/wp-content\/uploads\/2024\/06\/beca-pau-massana-i3pt-1170x658-1-300x169.jpg 300w, https:\/\/www.tauli.cat\/activitat\/wp-content\/uploads\/2024\/06\/beca-pau-massana-i3pt-1170x658-1-1024x576.jpg 1024w, https:\/\/www.tauli.cat\/activitat\/wp-content\/uploads\/2024\/06\/beca-pau-massana-i3pt-1170x658-1-768x432.jpg 768w, https:\/\/www.tauli.cat\/activitat\/wp-content\/uploads\/2024\/06\/beca-pau-massana-i3pt-1170x658-1-800x450.jpg 800w\" sizes=\"(max-width: 1170px) 100vw, 1170px\" \/><\/div>  <div class=\"eut-content eut-align-left\"><h4>Un projecte de fibrosi qu\u00edstica de l\u2019I3PT, guanyador de la Beca Pau Massana<\/h4>  <p>26 d&#8217;abril 2023<\/p>    <a href=\"https:\/\/www.tauli.cat\/institut\/actualitat\/noticies\/2023\/04\/un-projecte-de-fibrosi-quistica-de-li3pt-guanyador-de-la-beca-pau-massana\/\" target=\"_blank\" class=\"eut-read-more \">Llegir not\u00edcia<\/a>  <\/div><\/div><div class=\"eut-element eut-image-text eut-animated-item eut-fadeInDown\" style=\"\" data-delay=\"200\"><div class=\"eut-image\"><img loading=\"lazy\" decoding=\"async\" width=\"1170\" height=\"658\" src=\"https:\/\/www.tauli.cat\/activitat\/wp-content\/uploads\/2024\/06\/Alba-3-1170x658-1.jpg\" class=\"attachment-full size-full\" alt=\"\" srcset=\"https:\/\/www.tauli.cat\/activitat\/wp-content\/uploads\/2024\/06\/Alba-3-1170x658-1.jpg 1170w, https:\/\/www.tauli.cat\/activitat\/wp-content\/uploads\/2024\/06\/Alba-3-1170x658-1-300x169.jpg 300w, https:\/\/www.tauli.cat\/activitat\/wp-content\/uploads\/2024\/06\/Alba-3-1170x658-1-1024x576.jpg 1024w, https:\/\/www.tauli.cat\/activitat\/wp-content\/uploads\/2024\/06\/Alba-3-1170x658-1-768x432.jpg 768w, https:\/\/www.tauli.cat\/activitat\/wp-content\/uploads\/2024\/06\/Alba-3-1170x658-1-800x450.jpg 800w\" sizes=\"(max-width: 1170px) 100vw, 1170px\" \/><\/div>  <div class=\"eut-content eut-align-left\"><h4>Un estudi demostra que la s\u00e8rum ter\u00e0pia intensiva a la pancreatitis aguda pot ser perjudicial<\/h4>  <p>12 de gener 2023<\/p>    <a href=\"https:\/\/www.tauli.cat\/institut\/actualitat\/divulgacio-cientifica\/2023\/01\/un-estudi-demostra-que-la-serum-terapia-intensiva-a-la-pancreatitis-aguda-pot-ser-perjudicial\/\" target=\"_blank\" class=\"eut-read-more \">Llegir not\u00edcia<\/a>  <\/div><\/div><h2 class=\"eut-element eut-align-left eut-title-no-line\" style=\"\"><span>Reconeixements a la recerca<\/span><\/h2>[vc_row_inner][vc_column_inner width=&#8221;1\/3&#8243;][vc_column_text animation=&#8221;fadeInLeft&#8221;]<em><strong>ESICM 2023 Medalla d&#8217;Honor<\/strong><\/em><\/p>\n<p>Antoni Artigas Ravent\u00f3s<\/p>\n<p>Medalla d\u2019honor de la European Society of Intensive Care Medicine en reconeixement a les seves destacades contribucions a la Medicina Intensiva durant m\u00e9s de 40 anys<\/p>\n<p>European Society of Intensive Care Medicine ESICM[\/vc_column_text][\/vc_column_inner][vc_column_inner width=&#8221;1\/3&#8243;][vc_column_text animation=&#8221;fadeInLeft&#8221;]<em><strong>ESICM 2023 Jordi Mancebo Award on Physiology-based management of respiratory failure<\/strong><\/em><\/p>\n<p>Oriol Roca Gas<\/p>\n<p>T\u00edtol: Personalitzaci\u00f3 del tractament amb oxigenoter\u00e0pia d\u2019alt flux de la insufici\u00e8ncia respirat\u00f2ria<\/p>\n<p>European Society of Intensive Care Medicine ESICM<\/p>\n<p>Import: 20.000\u20ac[\/vc_column_text][\/vc_column_inner][vc_column_inner width=&#8221;1\/3&#8243;][vc_column_text animation=&#8221;fadeInLeft&#8221;]<em><strong>ESICM 2023 Research Awards<\/strong><\/em><\/p>\n<p>Aina Areny Balaguer\u00f3<\/p>\n<p>T\u00edtol: Therapeutic nanocapsules mimicking mesenchymal stem cell extracellular vesicles for sepsis treatment (Nano4Sepsis)<\/p>\n<p>European Society of Intensive Care Medicine ESICM<\/p>\n<p>Import: 20.000\u20ac[\/vc_column_text][\/vc_column_inner][\/vc_row_inner][vc_row_inner][vc_column_inner width=&#8221;1\/3&#8243;][vc_column_text animation=&#8221;fadeInLeft&#8221;]<em><strong>ESICM 2023 Research Awards<\/strong><\/em><\/p>\n<p>Marta Camprub\u00ed Rimblas<\/p>\n<p>T\u00edtol: Effects of hypercapnia and pneumonia-causing bacteria in a lung-on-a-chip model (HyPChip)<\/p>\n<p>European Society of Intensive Care Medicine ESICM<\/p>\n<p>Import: 20.000\u20ac[\/vc_column_text][\/vc_column_inner][vc_column_inner width=&#8221;1\/3&#8243;][vc_column_text animation=&#8221;fadeInLeft&#8221;]<em><strong>Beca para Profesionales J\u00f3venes para Tesis Doctoral 2023<\/strong><\/em><\/p>\n<p>Elisa Nuez Zaragoza<\/p>\n<p>T\u00edtol: Utilidad de la combinaci\u00f3n de c\u00e9lulas de alta fluorescencia y marcadores tumorales como biomarcadores de malignidad en l\u00edquido pleural<\/p>\n<p>Fundaci\u00f3n Jos\u00e9 Lu\u00eds Casta\u00f1o SEQC<\/p>\n<p>Import: 7.500\u20ac[\/vc_column_text][\/vc_column_inner][vc_column_inner width=&#8221;1\/3&#8243;][vc_column_text animation=&#8221;fadeInLeft&#8221;]<em><strong>Beca SEICAP de Investigaci\u00f3n de la Sociedad Espa\u00f1ola de Inmunolog\u00eda Cl\u00ednica, Alergolog\u00eda y Asma Pedi\u00e1trica 2023<\/strong><\/em><\/p>\n<p>Laura Valdesoiro Navarrete<\/p>\n<p>T\u00edtol: Biomarcadores de la eficacia de la Inmunoterapia al\u00e9rgeno espec\u00edfica subcut\u00e1nea a \u00e1caros: IgE-FAB e IgG4 espec\u00edfica, relaci\u00f3n sIgE\/t-IgE, c\u00e9lulas T reguladoras espec\u00edficas y activaci\u00f3n de bas\u00f3filos<\/p>\n<p>Sociedad Espa\u00f1ola de Inmunolog\u00eda Cl\u00ednica y Alergolog\u00eda Pedi\u00e1trica SEICAP<\/p>\n<p>Import: 10.000\u20ac[\/vc_column_text][\/vc_column_inner][\/vc_row_inner][vc_row_inner][vc_column_inner width=&#8221;1\/3&#8243;][vc_column_text animation=&#8221;fadeInLeft&#8221;]<em><strong>Ayudas a la Investigaci\u00f3n de la SEPAR 2023<\/strong><\/em><\/p>\n<p>Marta Camprub\u00ed Rimblas<\/p>\n<p>T\u00edtol: Efectos de la hipercapnia en macr\u00f3fagos infectados con bacterias causantes de neumon\u00eda<\/p>\n<p>Fundaci\u00f3n Espa\u00f1ola del Pulm\u00f3n. SEPAR<\/p>\n<p>Import: 12.000\u20ac[\/vc_column_text][\/vc_column_inner][vc_column_inner width=&#8221;1\/3&#8243;][vc_column_text animation=&#8221;fadeInLeft&#8221;]<em><strong>Premios de la Fundaci\u00f3n Espa\u00f1ola del Enfermo Cr\u00edtico a las mejores comunicaciones presentades \u201cPremio Dr. Juan G\u00f3mez Rub\u00ed a la mejor comunicaci\u00f3n experimental\u201d &#8211; SEMICYUC<\/strong><\/em><\/p>\n<p>Elena Campa\u00f1a Duel<\/p>\n<p>T\u00edtol: Efectos de la hipercapnia sobre las c\u00e9lulas epiteliales alveolares y los macr\u00f3fagos infectados con bacterias causantes de neumon\u00eda<\/p>\n<p>Fundaci\u00f3n Espa\u00f1ola del Enfermo Cr\u00edtico SEMICYUC<\/p>\n<p>Import: 1.200\u20ac[\/vc_column_text][\/vc_column_inner][vc_column_inner width=&#8221;1\/3&#8243;][vc_column_text animation=&#8221;fadeInLeft&#8221;]<em><strong>Ajuts per al finan\u00e7ament d\u2019estades a l\u2019estranger de la SOCAP<\/strong><\/em><\/p>\n<p>Aina Areny Balaguer\u00f3<\/p>\n<p>T\u00edtol: Synthetic Nanoparticles as an Innovative Treatment for ARDS (SPRINT-4-ARDS)<\/p>\n<p>Fundaci\u00f3 Catalana de Pneumologia<\/p>\n<p>Import: 750\u20ac[\/vc_column_text][\/vc_column_inner][\/vc_row_inner][vc_row_inner][vc_column_inner width=&#8221;1\/3&#8243;][vc_column_text animation=&#8221;fadeInLeft&#8221;]<em><strong>MIA 2023 \u2013 Mimics Innovation Awards<\/strong><\/em><\/p>\n<p>Ferran Fillat Gom\u00e0<\/p>\n<p>T\u00edtol: Three\u2011dimensional\u2011printed patient\u2011specific instrumentation is an accurate tool to reproduce femoral bone tunnels in multiple\u2011ligament knee injuries<\/p>\n<p>Materialise NV<\/p>\n<p>Import: 10.000\u20ac[\/vc_column_text][\/vc_column_inner][vc_column_inner width=&#8221;1\/3&#8243;][\/vc_column_inner][vc_column_inner width=&#8221;1\/3&#8243;][\/vc_column_inner][\/vc_row_inner][\/vc_column][\/vc_row]\n","protected":false},"excerpt":{"rendered":"<p>[vc_row][vc_column][vc_row_inner][vc_column_inner width=&#8221;1\/3&#8243;][vc_column_text animation=&#8221;fadeInLeft&#8221;]ESICM 2023 Medalla d&#8217;Honor Antoni Artigas Ravent\u00f3s Medalla d\u2019honor de la European Society of Intensive Care Medicine en reconeixement a les seves destacades contribucions a la Medicina Intensiva durant m\u00e9s de 40 anys European Society of Intensive Care Medicine ESICM[\/vc_column_text][\/vc_column_inner][vc_column_inner width=&#8221;1\/3&#8243;][vc_column_text animation=&#8221;fadeInLeft&#8221;]ESICM 2023 Jordi Mancebo Award on Physiology-based management of respiratory failure Oriol [&hellip;]<\/p>\n","protected":false},"author":7,"featured_media":0,"parent":1660,"menu_order":4,"comment_status":"closed","ping_status":"closed","template":"","meta":{"footnotes":""},"class_list":["post-1674","page","type-page","status-publish","hentry"],"_links":{"self":[{"href":"https:\/\/www.tauli.cat\/activitat\/wp-json\/wp\/v2\/pages\/1674"}],"collection":[{"href":"https:\/\/www.tauli.cat\/activitat\/wp-json\/wp\/v2\/pages"}],"about":[{"href":"https:\/\/www.tauli.cat\/activitat\/wp-json\/wp\/v2\/types\/page"}],"author":[{"embeddable":true,"href":"https:\/\/www.tauli.cat\/activitat\/wp-json\/wp\/v2\/users\/7"}],"replies":[{"embeddable":true,"href":"https:\/\/www.tauli.cat\/activitat\/wp-json\/wp\/v2\/comments?post=1674"}],"version-history":[{"count":5,"href":"https:\/\/www.tauli.cat\/activitat\/wp-json\/wp\/v2\/pages\/1674\/revisions"}],"predecessor-version":[{"id":1995,"href":"https:\/\/www.tauli.cat\/activitat\/wp-json\/wp\/v2\/pages\/1674\/revisions\/1995"}],"up":[{"embeddable":true,"href":"https:\/\/www.tauli.cat\/activitat\/wp-json\/wp\/v2\/pages\/1660"}],"wp:attachment":[{"href":"https:\/\/www.tauli.cat\/activitat\/wp-json\/wp\/v2\/media?parent=1674"}],"curies":[{"name":"wp","href":"https:\/\/api.w.org\/{rel}","templated":true}]}}