{"id":2094,"date":"2025-05-27T10:15:40","date_gmt":"2025-05-27T08:15:40","guid":{"rendered":"https:\/\/www.tauli.cat\/activitat\/?page_id=2094"},"modified":"2025-10-13T10:42:24","modified_gmt":"2025-10-13T08:42:24","slug":"organigrama","status":"publish","type":"page","link":"https:\/\/www.tauli.cat\/activitat\/i3pt\/memoria-cientifica\/o2024\/persones\/organigrama\/","title":{"rendered":"Organigrama"},"content":{"rendered":"[vc_row section_id=&#8221;patronat&#8221;][vc_column][vc_raw_js]JTNDc2NyaXB0JTNFJTBBJTBBalF1ZXJ5JTI4ZG9jdW1lbnQlMjkucmVhZHklMjhmdW5jdGlvbiUyOCUyNCUyOSUyMCU3QiUwQSUwQSUyNCUyOCUyMi5saXN0LWFzLWFjY29yZGlvbiUyMHVsJTIwdWwlMjIlMjkuZWFjaCUyOGZ1bmN0aW9uJTI4JTI5JTdCJTBBdmFyJTIwbGlzdCUyMCUzRCUyMCUyNCUyOHRoaXMlMjklM0IlMEElMjQlMjh0aGlzJTI5LnNpYmxpbmdzJTI4JTIyaDUlMjIlMjkuYWRkQ2xhc3MlMjglMjJhY2NvcmRpb24lMjIlMjkuY2xpY2slMjhmdW5jdGlvbiUyOCUyOSUyMCU3QiUwQSUyNCUyOHRoaXMlMjkudG9nZ2xlQ2xhc3MlMjglMjJ2aXNpYmxlJTIyJTI5JTNCJTBBJTIwJTIwbGlzdC5zbGlkZVRvZ2dsZSUyOCUyMCUyMmZhc3QlMjIlMkMlMjBmdW5jdGlvbiUyOCUyOSUyMCU3QiUwQSUyMCUyMCUyMCUyMCUyRiUyRiUyMEFuaW1hdGlvbiUyMGNvbXBsZXRlLiUwQSUyMCUyMCU3RCUyOSUzQiUwQSU3RCUyOSUzQiUwQSU3RCUyOSUzQiUwQSUwQSU3RCUyOSUzQiUwQSUwQSUzQyUyRnNjcmlwdCUzRQ==[\/vc_raw_js]<div class=\"eut-element eut-align-center\"><a class=\"eut-btn eut-btn-large eut-round eut-bg-primary-1 organigramabtn patronat\" href=\"#patronat-composicio\" target=\"_self\" style=\"margin-bottom: 0px;\"><span>PATRONAT<\/span><\/a><\/div><div class=\"eut-element eut-align-center\"><a class=\"eut-btn eut-btn-large eut-round eut-bg-primary-1 organigramabtn patronat\" href=\"#comissio-executiva\" target=\"_self\" style=\"margin-bottom: 0px;\"><span>COMISSI\u00d3 EXECUTIVA<\/span><\/a><\/div><div class=\"eut-element eut-align-center\"><a class=\"eut-btn eut-btn-large eut-round eut-blue-color organigramabtn dg\" href=\"#organ-direccio\" target=\"_self\" style=\"margin-bottom: 0px;\"><span>DIRECCI\u00d3 CIENT\u00cdFICA<\/span><\/a><\/div>[\/vc_column][\/vc_row][vc_row section_id=&#8221;comites-direccio&#8221; el_class=&#8221;comites&#8221;][vc_column]<div class=\"eut-element eut-align-center\"><a class=\"eut-btn eut-btn-medium eut-round eut-green-color organigramabtn-comites\" href=\"#cq\" target=\"_self\" style=\"margin-bottom: 0px;\"><span>CQ<\/span><\/a><\/div><div class=\"eut-element eut-align-center\"><a class=\"eut-btn eut-btn-medium eut-round eut-green-color organigramabtn-comites\" href=\"#ceim\" target=\"_self\" style=\"margin-bottom: 0px;\"><span>CEI<\/span><\/a><\/div><div class=\"eut-element eut-align-center\"><a class=\"eut-btn eut-btn-medium eut-round eut-green-color organigramabtn-comites\" href=\"#ceea\" target=\"_self\" style=\"margin-bottom: 0px;\"><span>CEEA<\/span><\/a><\/div>[\/vc_column][\/vc_row][vc_row section_id=&#8221;comites-cientifics&#8221; el_class=&#8221;comites&#8221;][vc_column]<div class=\"eut-element eut-align-center\"><a class=\"eut-btn eut-btn-medium eut-round eut-green-color organigramabtn-comites\" href=\"#cac\" target=\"_self\" style=\"margin-bottom: 0px;\"><span>CAC<\/span><\/a><\/div><div class=\"eut-element eut-align-center\"><a class=\"eut-btn eut-btn-medium eut-round eut-green-color organigramabtn-comites\" href=\"#ci\" target=\"_self\" style=\"margin-bottom: 0px;\"><span>CI<\/span><\/a><\/div><div class=\"eut-element eut-align-center\"><a class=\"eut-btn eut-btn-medium eut-round eut-green-color organigramabtn-comites\" href=\"#ciri\" target=\"_self\" style=\"margin-bottom: 0px;\"><span>CIRI<\/span><\/a><\/div>[\/vc_column][\/vc_row][vc_row section_id=&#8221;direccio-operacions&#8221; el_class=&#8221;organigrama&#8221;][vc_column]<div class=\"eut-element eut-align-center\"><a class=\"eut-btn eut-btn-large eut-round eut-blue-color eut-btn-line direccio-do\" href=\"#organ-direccio\" target=\"_self\" style=\"\"><span>DIRECCI\u00d3 DE GESTI\u00d3<\/span><\/a><\/div>[vc_row_inner el_class=&#8221;arees-gestio&#8221;][vc_column_inner el_class=&#8221;area area-gerencia&#8221; width=&#8221;1\/2&#8243;]<div class=\"eut-element eut-box-icon eut-align-center eut-small\" style=\"\">  <div class=\"eut-wrapper-icon eut-no-shape eut-color-grey\"><i class=\"fa fa-handshake-o eut-color-primary-4\"><\/i><\/div>  <div class=\"eut-box-content\">      <h4 class=\"eut-box-title\">\u00c0REA DE GER\u00c8NCIA<\/h4>  <\/div><\/div>[vc_column_text el_class=&#8221;list-as-accordion&#8221;]\n<ul>\n<li>\n<h5>Gesti\u00f3 Econ\u00f2mica Administrativa<\/h5>\n<ul>\n<li>Comptabilitat<\/li>\n<li>Compres i licitacions<\/li>\n<li>Administraci\u00f3 general<\/li>\n<li>Serveis Generals<\/li>\n<li>Serveis Inform\u00e0tics<\/li>\n<li>Suport a \u00f2rgans de govern<\/li>\n<\/ul>\n<\/li>\n<li>\n<h5>Gesti\u00f3 d&#8217;ajudes de recerca i innovaci\u00f3<\/h5>\n<\/li>\n<li>\n<h5>Gesti\u00f3 econ\u00f2mica d&#8217;assajos cl\u00ednics<\/h5>\n<\/li>\n<li>\n<h5>Gesti\u00f3 de cursos, seminaris i jornades<\/h5>\n<\/li>\n<li>\n<h5>Suport legal<\/h5>\n<\/li>\n<li>\n<h5>Comunicaci\u00f3 i mecenatge<\/h5>\n<\/li>\n<li>\n<h5>Protecci\u00f3 de dades<\/h5>\n<\/li>\n<\/ul>\n[\/vc_column_text][\/vc_column_inner][vc_column_inner el_class=&#8221;area area-persones&#8221; width=&#8221;1\/2&#8243;]<div class=\"eut-element eut-box-icon eut-align-center eut-small\" style=\"\">  <div class=\"eut-wrapper-icon eut-no-shape eut-color-grey\"><i class=\"fa fa-users eut-color-primary-4\"><\/i><\/div>  <div class=\"eut-box-content\">      <h4 class=\"eut-box-title\">\u00c0REA DE PERSONES I FORMACI\u00d3<\/h4>  <\/div><\/div>[vc_column_text el_class=&#8221;list-as-accordion&#8221;]\n<ul>\n<li>\n<h5>Gesti\u00f3 de persones i talent<\/h5>\n<ul>\n<li>Gesti\u00f3 de personal<\/li>\n<li>Prevenci\u00f3 de riscos laborals<\/li>\n<li>Gesti\u00f3 del Pla de Formaci\u00f3<\/li>\n<\/ul>\n<\/li>\n<li>\n<h5>Gesti\u00f3 del coneixement i qualitat<\/h5>\n<ul>\n<li>Gesti\u00f3 del coneixement<\/li>\n<li>Qualitat<\/li>\n<li>RRI<\/li>\n<\/ul>\n<\/li>\n<\/ul>\n[\/vc_column_text]<div class=\"eut-element eut-box-icon eut-align-center eut-small\" style=\"\">  <div class=\"eut-wrapper-icon eut-no-shape eut-color-grey\"><i class=\"fa fa-line-chart eut-color-primary-4\"><\/i><\/div>  <div class=\"eut-box-content\">      <h4 class=\"eut-box-title\">\u00c0REA D'ACTUACIONS ESTRAT\u00c8GIQUES<\/h4>  <\/div><\/div>[\/vc_column_inner][\/vc_row_inner][\/vc_column][\/vc_row][vc_row section_id=&#8221;direccio-cientifica&#8221; el_class=&#8221;organigrama&#8221;][vc_column]<div class=\"eut-element eut-box-icon eut-align-center eut-small direccio-adjunta\" style=\"\">  <div class=\"eut-wrapper-icon eut-no-shape eut-color-grey\"><i class=\"fa fa-user-circle-o eut-color-primary-4\"><\/i><\/div>  <div class=\"eut-box-content\">      <h4 class=\"eut-box-title\">DIRECCI\u00d3 ADJUNTA<\/h4>  <\/div><\/div>[vc_row_inner el_class=&#8221;arees-cientifica&#8221;][vc_column_inner el_class=&#8221;area area-innovacio&#8221; width=&#8221;1\/2&#8243;]<div class=\"eut-element eut-box-icon eut-align-center eut-small\" style=\"\">  <div class=\"eut-wrapper-icon eut-no-shape eut-color-grey\"><i class=\"fa fa-flask eut-color-primary-4\"><\/i><\/div>  <div class=\"eut-box-content\">      <h4 class=\"eut-box-title\">\u00c0REA CIENT\u00cdFICA<\/h4>  <\/div><\/div>[vc_column_text el_class=&#8221;list-as-accordion&#8221; css=&#8221;.vc_custom_1643033141825{margin-bottom: 7px !important;}&#8221;]\n<ul>\n<li>\n<h5>\u00c0rees i grups de recerca<\/h5>\n<\/li>\n<li>\n<h5>Gesti\u00f3 de l&#8217;\u00c0rea Cient\u00edfica<\/h5>\n<ul>\n<li>Acreditaci\u00f3 de grups<\/li>\n<li>Pla Cient\u00edfic Cooperatiu<\/li>\n<li>Programa Intramural<\/li>\n<li>Foment de l&#8217;R+D+I<\/li>\n<\/ul>\n<\/li>\n<li>\n<h5>Unitat de Suport a la Recerca<\/h5>\n<ul>\n<li>Bioestad\u00edstica<\/li>\n<li>Suport metodol\u00f2gic<\/li>\n<li>Gesti\u00f3 i Autoritzaci\u00f3 d&#8217;Estudis<\/li>\n<\/ul>\n<\/li>\n<li>\n<h5>Plataformes cient\u00edfiques<\/h5>\n<\/li>\n<li>\n<h5>Biblioteca i Bibliometria<\/h5>\n<\/li>\n<\/ul>\n[\/vc_column_text][\/vc_column_inner][vc_column_inner el_class=&#8221;area area-cientifica&#8221; width=&#8221;1\/2&#8243;]<div class=\"eut-element eut-box-icon eut-align-center eut-small\" style=\"\">  <div class=\"eut-wrapper-icon eut-no-shape eut-color-grey\"><i class=\"fa fa-rocket eut-color-primary-4\"><\/i><\/div>  <div class=\"eut-box-content\">      <h4 class=\"eut-box-title\">\u00c0REA DE DESENVOLUPAMENT I INNOVACI\u00d3<\/h4>  <\/div><\/div>[vc_column_text el_class=&#8221;list-as-accordion&#8221; css=&#8221;.vc_custom_1643033148467{margin-bottom: 7px !important;}&#8221;]\n<ul>\n<li>\n<h5>Gesti\u00f3 de Projectes d&#8217;Innovaci\u00f3<\/h5>\n<\/li>\n<li>\n<h5>Gesti\u00f3 de Projectes Pre-Adjudicaci\u00f3<\/h5>\n<\/li>\n<li>\n<h5>Models de Negoci<\/h5>\n<\/li>\n<\/ul>\n[\/vc_column_text][\/vc_column_inner][\/vc_row_inner][\/vc_column][\/vc_row][vc_row section_id=&#8221;estructura-organitzativa&#8221;][vc_column][vc_column_text]\n<h2>\u00d2rgans de Govern<\/h2>\n[\/vc_column_text][vc_tta_accordion active_section=&#8221;0&#8243; collapsible_all=&#8221;true&#8221;][vc_tta_section title=&#8221;Patronat&#8221; tab_id=&#8221;patronat-composicio&#8221;][vc_column_text]\n<h4>Presid\u00e8ncia<\/h4>\n<ul>\n<li><strong>Manel Balcells i D\u00edaz\u00a0 &#8211;<\/strong> Conselleria de Salut<\/li>\n<\/ul>\n<h4>Vicepresid\u00e8ncia<\/h4>\n<ul>\n<li><strong>Anna Aran Sol\u00e9 <\/strong>\u00a0&#8211; Direcci\u00f3 General del Consorci Corporaci\u00f3 Sanit\u00e0ria Parc Taul\u00ed (CCSPT)<\/li>\n<li><strong>Assumpci\u00f3 Malgosa Morera<\/strong> &#8211; Vicerectoria de Recerca de la Universitat Aut\u00f2noma de Barcelona (UAB)<\/li>\n<\/ul>\n<h4>Vocals<\/h4>\n<ul>\n<li><strong>Joan Bigorra Llosas\u00a0<\/strong>&#8211; Designat pel CCSPT<\/li>\n<li><strong>Salut Brunet Mauri<\/strong> &#8211; Designat pel CCSPT<\/li>\n<li><strong>Dolors Costa Sampere\u00a0<\/strong>&#8211; Presid\u00e8ncia del Consell de Govern del CCSPT<\/li>\n<li><strong>Joan G\u00f3mez Pallar\u00e8s<\/strong> &#8211; Designat pel Departament de Recerca i Universitats<\/li>\n<li><strong>Lena Ferr\u00fas<\/strong> &#8211; Designat pel CCSPT<\/li>\n<li><strong>Montserrat Llavayol Giralt<\/strong> &#8211; designat pel Departament de Salut<\/li>\n<\/ul>\n<h4>Secretariat<\/h4>\n<ul>\n<li><strong>Francesc Luque L\u00f3pez <\/strong>&#8211; Designat per Sabadell Gent Gran<\/li>\n<\/ul>\n<h4>Vicesecretariat<\/h4>\n<ul>\n<li><strong>M. Dolors Prados Cazorla<\/strong><\/li>\n<\/ul>\n[\/vc_column_text][\/vc_tta_section][vc_tta_section title=&#8221;Comissi\u00f3 Executiva&#8221; tab_id=&#8221;comissio-executiva&#8221;][vc_column_text]<strong>Presid\u00e8ncia: <\/strong>Anna Aran Sol\u00e9, directora general del Consorci Corporaci\u00f3 Sanit\u00e0ria Parc Taul\u00ed de Sabadell (membre nat)<\/p>\n<p><strong>Vocals:<\/strong><\/p>\n<ul>\n<li>Rocio Cebri\u00e1n, directora Assistencial i de Serveis Transversals (membre nat)<\/li>\n<li>Llu\u00eds Blanch, director cient\u00edfic de l&#8217;I3PT (membre nat)<\/li>\n<li>Gl\u00f2ria Palomar, directora de gesti\u00f3 de l&#8217;I3PT (membre nat)<\/li>\n<li>Assumpci\u00f3 Malgosa, vicerrectora de Recerca de la UAB<\/li>\n<li>Joan G\u00f3mez Pallar\u00e8s, director general de Recerca de la Generalitat de Catalunya<\/li>\n<li>Montserrat Llavayol, subdirectora general de Recerca i Innovaci\u00f3 en Salut de la Generalitat de Catalunya<\/li>\n<\/ul>\n<p><strong>Secretariat<\/strong>: Francesc Luque, director d&#8217;Economia i Serveis del CCSPT[\/vc_column_text][\/vc_tta_section][\/vc_tta_accordion][vc_column_text el_id=&#8221;organ-direccio&#8221;]\n<h2>\u00d2rgan de Direcci\u00f3<\/h2>\n[\/vc_column_text][vc_tta_accordion active_section=&#8221;0&#8243; collapsible_all=&#8221;true&#8221;][vc_tta_section title=&#8221;Llu\u00eds Blanch Torra &#8211; Direcci\u00f3 cient\u00edfica&#8221; tab_id=&#8221;lluis-blanch&#8221;][\/vc_tta_section][vc_tta_section title=&#8221;Salvador Ventura Zamora &#8211; Direcci\u00f3 cient\u00edfica&#8221; tab_id=&#8221;salvador-ventura&#8221;][\/vc_tta_section][vc_tta_section title=&#8221;Lola Prados Cazorla &#8211; Direcci\u00f3 de gesti\u00f3 en funcions&#8221; tab_id=&#8221;lola-prados&#8221;][\/vc_tta_section][\/vc_tta_accordion][vc_column_text]\n<h2>\u00d2rgans Assessors<\/h2>\n[\/vc_column_text][vc_tta_accordion active_section=&#8221;0&#8243; collapsible_all=&#8221;true&#8221;][vc_tta_section title=&#8221;Comit\u00e8 Institucional de Recerca i Innovaci\u00f3 (CIRI)&#8221; tab_id=&#8221;ciri&#8221;][vc_column_text]\n<h3>Composici\u00f3<\/h3>\n<p><strong>Presid\u00e8ncia:<\/strong> Llu\u00eds Blanch, director cient\u00edfic de l&#8217;I3PT<\/p>\n<p><strong>Vicepresid\u00e8ncia:<\/strong> Narc\u00eds Cardoner<\/p>\n<p><strong>Secretariat:<\/strong> Anna Ullastres, adjunta a la direcci\u00f3 cient\u00edfica<\/p>\n<p><strong>Suport administratiu:<\/strong> Merc\u00e8 Ruiz, suport administratiu de la direcci\u00f3<\/p>\n<p><strong>Vocals:<\/strong><\/p>\n<ul>\n<li>Martha Ariza, responsable de qualitat i formaci\u00f3 de l&#8217;I3PT<\/li>\n<li>Assumpta Caix\u00e0s, representant de l&#8217;\u00e0rea de metabolisme i digestiu<\/li>\n<li>Joan Calvet, representant de l&#8217;\u00e0rea d&#8217;infeccions i immunologia<\/li>\n<li>Enrique Gallardo, representant de l&#8217;\u00e0rea de c\u00e0ncer<\/li>\n<li>Sergio Lario, representant de l&#8217;\u00e0rea de metabolisme i digestiu<\/li>\n<li>Joan Miquel, representant de l&#8217;\u00e0rea de cirurgia i procediments intervencionistes<\/li>\n<li>Gema Navarro, representant de l&#8217;\u00e0rea d&#8217;epidemiologia, millora assistencial i cronicitat<\/li>\n<li>\u00d2scar Quijada, representant de l&#8217;\u00e0rea d&#8217;infeccions i immunologia<\/li>\n<li>Ester Risco, representant de l&#8217;\u00e0rea d&#8217;epidemiologia, millora assistencial i cronicitat<\/li>\n<li>Itziar Montalvo, representant de l&#8217;\u00e0rea de salut mental i neuroci\u00e8ncies (des de maig)<\/li>\n<li>Anna Ruiz, representant de l&#8217;\u00e0rea de malalties minorit\u00e0ries<\/li>\n<li>Aina Areny, representant de personal investigador predoctoral (nova figura)<\/li>\n<li>Carmen Maria S\u00e1nchez Molina, representant de personal en resid\u00e8ncia (nova figura)<\/li>\n<li>Eduard Soler, responsable d&#8217;innovaci\u00f3 de l&#8217;I3PT<\/li>\n<\/ul>\n<p><strong>Convidats permanents<\/strong><\/p>\n<ul>\n<li>Miquel \u00c0ngel Segu\u00ed, presid\u00e8ncia CEIm<\/li>\n<li>Coloma Moreno, secretariat CEIm<\/li>\n<li>Anna Aguilar, responsable de la Unitat de Projectes<\/li>\n<li>N\u00e9stor Albi\u00f1ana, responsable de la Unitat Cient\u00edfico-T\u00e8cnica<\/li>\n<\/ul>\n[\/vc_column_text][\/vc_tta_section][vc_tta_section title=&#8221;Comit\u00e8 Assessor Cient\u00edfic (CAC)&#8221; tab_id=&#8221;cac&#8221;][vc_column_text]\n<h3>Composici\u00f3<\/h3>\n<p><strong>Presid\u00e8ncia:<\/strong> Jos\u00e9 Ram\u00f3n Seoane. Llicenciat en Farm\u00e0cia. Graduat en Bioqu\u00edmica i Biologia Molecular i Doctor en F\u00edsico-qu\u00edmica. Director General de la Fundaci\u00f3n de la Universidad Aut\u00f3noma de Madrid. Ha ocupat diversos c\u00e0rrecs i ha col\u00b7laborat amb diferents universitats i organismes de l\u2019Estat en la promoci\u00f3 de la investigaci\u00f3 biom\u00e8dica i biotecnol\u00f2gica.<\/p>\n<p><strong>Secretariat: <\/strong>Llu\u00eds Blanch.<\/p>\n<p><strong>Secretariat d&#8217;actes: <\/strong>Merc\u00e8 Ruiz.<\/p>\n<p><strong>Vocals:<\/strong><\/p>\n<ul>\n<li><strong>Joaqu\u00edn Arenas Barbero.<\/strong> Llicenciat en Farm\u00e0cia i doctor en Medicina i Cirurgia. Es fa formar com a investigador al servei de bioqu\u00edmica cl\u00ednica de l\u2019Hospital 12 de Octubre, de Madrid; al Departament de neurolog\u00eda de l\u2019Institut Carlo Besta de Mil\u00e0, i al centre H. Houston Merrit de la Universitat de Columbia, a Nova York. Actualment \u00e9s director Cient\u00edfic del Instituto de Investigaci\u00f3n Sanitaria i+12, de l\u2019Hospital 12 d\u2019octubre, despr\u00e9s d\u2019haver estat director del Instituto de Salud Carlos III.<\/li>\n<li><strong>Julio Arrizabalaga Aguirreazaldegui.<\/strong> Doctor en Medicina, especialista en medicina interna. Director Cient\u00edfic de l\u2019Instituto de Investigaci\u00f3n Biodonostia i Coordinador de la Investigaci\u00f3 de l\u2019Hospital de Donostia. Ha estat responsable de la Unidad de Investigaci\u00f3n CAIBER i Investigador Principal de la RETIC de Innovaci\u00f3n, del Hospital Donostia.<\/li>\n<li><strong>F\u00e0tima Bosch Tubert.<\/strong> Catedr\u00e0tica de Bioqu\u00edmica i Biologia Molecular a la Universidad Aut\u00f2noma de Barcelona, on dirigeix el Centro de Biotecnologia Animal i Ter\u00e0pia G\u00e8nica (CBATEG). Entre altres guardons, \u00e9s Medalla Narc\u00eds Monturiol de la Generalitat de Catalunya al m\u00e8rit cient\u00edfic i tecnol\u00f2gic.<\/li>\n<li><strong>Enriqueta Felip Font<\/strong>. Doctora en Medicina especialista en Oncologia M\u00e8dica. Cap del Servei d\u2019Oncologica M\u00e8dica Tor\u00e0cica de la Comisi\u00f3 de Tumors a l\u2019Hospital Vall d\u2019Hebron. Coordinadora europea al Grup de Treball de les Directrius de la Societat Europea d\u2019Oncologia M\u00e8dica i membre actiu de l\u2019Associaci\u00f3 Internacional per a l\u2019estudi del C\u00e0ncer de Pulm\u00f3.<\/li>\n<li><strong>Fernando Mart\u00edn S\u00e1nchez<\/strong>. Doctor en Inform\u00e0tica i Medicina, llicenciat en Bioqu\u00edmica i Biologia Molecular i M\u00e0ster en Enginyeria del Coneixement. Professor investigador en Inform\u00e0tica Biom\u00e8dica i coordinador del Programa de recerca CROSADIS (Cronicitat, salut digital i sistemes) a l\u2019Instituto Nacional de Salud Carlos III. Ha estat professor d\u2019Inform\u00e0tica Sanit\u00e0ria de la Melbourne Medical School i director fundacional del Centre d\u2019Inform\u00e0tica Sanit\u00e0ria i Biom\u00e8dica (HaBIC) de la Universitat de Melbourne. Des de febrer de 2020, \u00e9s subdirector general d&#8217;Inteligencia Artificial y Tecnolog\u00edas Habilitadoras Digitales depenent del Ministerio de Asuntos Econ\u00f3micos y Transformaci\u00f3n Digital.<\/li>\n<li><strong>M\u00aa Julia Prats Moreno.<\/strong> Doctora en Administraci\u00f3 d\u2019empreses. Llicenciada en Enginyeria Industrial. Professora i Directora Acad\u00e8mica a IESE Business School, Universitat de Navarra. Ha estat professora a la Wharton Business School (Universitat de Pennsilv\u00e0nia) i diferents escoles de negocis a M\u00e8xic, Colombia i Portugal.<\/li>\n<li><strong>N\u00faria Montserrat<\/strong>. Llicenciada i doctora en Biologia. Investigadora ICREA\u00a0i l\u00edder del grup de Pluripot\u00e8ncia per a la Regeneraci\u00f3 d\u2019\u00d2rgans de l\u2019Institut de Bioenginyeria de Catalunya (IBEC). Coordinadora de la Plataforma de Biobancs i Biomodels finan\u00e7ada per l\u2019ISCIII (2021-2023).<\/li>\n<li><strong>Ignacio Mart\u00edn Loeches<\/strong>. Doctor en Medicina i especialista en Medicina Intensiva. Metge al St James\u2019s Hospital\u00a0(Dubl\u00edn, Irlanda) i investigador al Trinity College Dublin. Director del Multidisciplinari Intensive Care Research Organization\u00a0del Trinity College Dublin.<\/li>\n<\/ul>\n<p><strong>Convidats permanents:<\/strong><\/p>\n<ul>\n<li>Gl\u00f2ria Palomar, direcci\u00f3 de gesti\u00f3<\/li>\n<li>Anna Ullastres, adjunta direcci\u00f3 cient\u00edfica<\/li>\n<\/ul>\n[\/vc_column_text][\/vc_tta_section][vc_tta_section title=&#8221;Comit\u00e8 d&#8217;Innovaci\u00f3 (CI)&#8221; tab_id=&#8221;ci&#8221;]<div class=\"eut-element eut-box-icon eut-align-left eut-large\" style=\"\"><div class=\"eut-image-icon\"><img loading=\"lazy\" decoding=\"async\" width=\"256\" height=\"256\" src=\"https:\/\/www.tauli.cat\/activitat\/wp-content\/uploads\/2022\/07\/label.png\" class=\"attachment-full size-full\" alt=\"\" srcset=\"https:\/\/www.tauli.cat\/activitat\/wp-content\/uploads\/2022\/07\/label.png 256w, https:\/\/www.tauli.cat\/activitat\/wp-content\/uploads\/2022\/07\/label-150x150.png 150w\" sizes=\"(max-width: 256px) 100vw, 256px\" \/><\/div>  <div class=\"eut-box-content\">      <h3 class=\"eut-box-title\">Funcions principals<\/h3>  <\/div><\/div>[vc_column_text]\n<ul>\n<li>Definir l\u00ednies estrat\u00e8giques d&#8217;innovaci\u00f3<\/li>\n<li>Prioritzar grans projectes d&#8217;innovaci\u00f3<\/li>\n<li>Foment de la cultura innovadora<\/li>\n<li>Dinamitzaci\u00f3 del talent innovador<\/li>\n<\/ul>\n<h3>Composici\u00f3<\/h3>\n<p><strong>Presid\u00e8ncia:<\/strong>\u00a0Anna Aran Sol\u00e9 \u2013 Directora General del Consorci Corporaci\u00f3 Sanit\u00e0ria Parc Taul\u00ed<\/p>\n<p><strong>Membres:<\/strong><\/p>\n<ul>\n<li>Llu\u00eds Blanch Torra \u2013 Direcci\u00f3 I3PT<\/li>\n<li>Loli Prados Cazorla \u2013\u00a0 Direcci\u00f3 gesti\u00f3 I3PT en funcions<\/li>\n<li>Francesc Luque L\u00f3pez \u2013 Direcci\u00f3 Economia CSPT<\/li>\n<li>Roc\u00edo Cebri\u00e1n Rubio \u2013 Direcci\u00f3 Assistencial<\/li>\n<li>Noem\u00ed Obreg\u00f3n Gutierrez\u00a0 \u2013 Direcci\u00f3 infermera<\/li>\n<li>Antonio Llamas Losilla \u2013\u00a0 Direcci\u00f3 RRHH<\/li>\n<li>Anna Benavent Navarro \u2013\u00a0 Direcci\u00f3 origanitzaci\u00f3 Digital<\/li>\n<\/ul>\n<p><strong>Secretariat:<\/strong>\u00a0Eduard Soler Alonso \u2013 Responsable Unitat Innovaci\u00f3 I3PT<\/p>\n<p><strong>Membres convidats fixos:<\/strong><\/p>\n<ul>\n<li>Ramon Maspons Bosch<\/li>\n<\/ul>\n[\/vc_column_text][\/vc_tta_section][vc_tta_section title=&#8221;Comit\u00e8 \u00c8tic d\u2019Investigaci\u00f3 en Medicaments (CEIm)&#8221; tab_id=&#8221;ceim&#8221;][vc_column_text]\n<h3>Composici\u00f3<\/h3>\n<p><strong>Presid\u00e8ncia:<\/strong> Segu\u00ed Palmer, Miquel \u00c0ngel. Metge. Oncologia.<\/p>\n<p>Vicepresid\u00e8ncia: Manr\u00edquez Tapia, Marcela. Farmacologia.<\/p>\n<p><strong>Secretariat:<\/strong> Moreno Quiroga, Coloma. Metge. Fundaci\u00f3 Parc Taul\u00ed.<\/p>\n<p><strong>Vocals:<\/strong><\/p>\n<ul>\n<li>Alfonso Zamora, Santiago. Membre no sanitari. Representant de pacients.<\/li>\n<li>Calvet Fontova, Joan. Metge. Reumatologia.<\/li>\n<li>Cano Palomares, Albert. Metge. Endocrinologia i Nutrici\u00f3.<\/li>\n<li>Casas Rodrigo, Meritxell. Metgessa. Digestiu.<\/li>\n<li>De Haro L\u00f3pez, Candelaria. Medicina Intensiva.<\/li>\n<li>Fern\u00e1ndez Gonz\u00e1lez, Mar\u00eda Soledad. Psicologia.<\/li>\n<li>Flores Sanz, Ivan. Membre del Servei d&#8217;Atenci\u00f3 a l&#8217;Usuari.<\/li>\n<li>Garc\u00eda Garcia, Yolanda. Metge. Oncologia.<\/li>\n<li>Ibeas Lopez, Jos\u00e9. Metge. Nefrologiai\u00a0 Di\u00e0lisi.<\/li>\n<li>Massot Mesquida, Mireia. Farmac\u00e8utica de Prim\u00e0ria. Membre ali\u00e8 a la instituci\u00f3.<\/li>\n<li>Reig Lonc\u00e1n, Guillem, Jurista. Expert en protecci\u00f3 de dades.<\/li>\n<li>Redondo Capafons, Susana. Farm\u00e0cia Hospital\u00e0ria<\/li>\n<li>Risco Vilarasau, Ester. Infermera.<\/li>\n<li>Rojas Sayol, Roger. Metge. Cirurgia Ortop\u00e8dica i Traumatologia.<\/li>\n<li>Trujillo Quintero, Juan Pablo. Pediatria.<\/li>\n<li>Vinyallonga Flores, Montserrat. Membre no sanitari. Representant de pacients.<\/li>\n<\/ul>\n[\/vc_column_text][\/vc_tta_section][vc_tta_section title=&#8221;Comit\u00e8 \u00c8tic d\u2019Experimentaci\u00f3 Animal (CEEA)&#8221; tab_id=&#8221;ceea&#8221;][vc_column_text]Adscrit al <a href=\"https:\/\/www.uab.cat\/web\/comissio-d-etica-en-l-experimentacio-animal-i-humana-1345713724512.html\" target=\"_blank\" rel=\"noopener noreferrer\">Comit\u00e8 \u00c8tic d\u2019Experimentaci\u00f3 Animal i Humana (CEEAH)<\/a> de la Universitat Aut\u00f2noma de Barcelona.[\/vc_column_text][\/vc_tta_section][vc_tta_section title=&#8221;Comit\u00e8 de Qualitat (CQ)&#8221; tab_id=&#8221;cq&#8221;][vc_column_text]\n<h3>Composici\u00f3<\/h3>\n<p><strong>Presid\u00e8ncia:<\/strong> Llu\u00eds Blanch Torra, director de l&#8217;I3PT<\/p>\n<p><strong>Secretariat:<\/strong> Martha Ariza S\u00e1enz, responsable de qualitat i formaci\u00f3 de l&#8217;I3PT<\/p>\n<p><strong>Membres:<\/strong><\/p>\n<ul>\n<li>Gl\u00f2ria Palomar Frias, direcci\u00f3 de Gesti\u00f3<\/li>\n<li>N\u00e9stor Albi\u00f1ana Gim\u00e9nez, responsable de la Unitat Cient\u00edfico-T\u00e8cnica<\/li>\n<li>Loli Prados Cazorla, membre representant del grup de l&#8217;HRS4F<\/li>\n<li>Anna Ullastres Coll, adjunta a la direcci\u00f3 cient\u00edfica<\/li>\n<li>Pilar Medel Zamora, representant del Pla d&#8217;Igualtat<\/li>\n<li>Bego\u00f1a Macarr\u00f3n G\u00f3mez, membre representant del Comit\u00e8 de Prevenci\u00f3<\/li>\n<li>Miquel Cruel Niebla, coordinador de qualitat de la USAC<\/li>\n<li>\u00c0gueda Flores, responsable Unitat de Garantia de la Qualitat de la UAB<\/li>\n<li>Maria Esther S\u00e1ncez, membre extern<\/li>\n<\/ul>\n[\/vc_column_text][\/vc_tta_section][\/vc_tta_accordion][\/vc_column][\/vc_row][vc_row][vc_column][\/vc_column][\/vc_row]\n","protected":false},"excerpt":{"rendered":"<p>[vc_row section_id=&#8221;patronat&#8221;][vc_column][vc_raw_js]JTNDc2NyaXB0JTNFJTBBJTBBalF1ZXJ5JTI4ZG9jdW1lbnQlMjkucmVhZHklMjhmdW5jdGlvbiUyOCUyNCUyOSUyMCU3QiUwQSUwQSUyNCUyOCUyMi5saXN0LWFzLWFjY29yZGlvbiUyMHVsJTIwdWwlMjIlMjkuZWFjaCUyOGZ1bmN0aW9uJTI4JTI5JTdCJTBBdmFyJTIwbGlzdCUyMCUzRCUyMCUyNCUyOHRoaXMlMjklM0IlMEElMjQlMjh0aGlzJTI5LnNpYmxpbmdzJTI4JTIyaDUlMjIlMjkuYWRkQ2xhc3MlMjglMjJhY2NvcmRpb24lMjIlMjkuY2xpY2slMjhmdW5jdGlvbiUyOCUyOSUyMCU3QiUwQSUyNCUyOHRoaXMlMjkudG9nZ2xlQ2xhc3MlMjglMjJ2aXNpYmxlJTIyJTI5JTNCJTBBJTIwJTIwbGlzdC5zbGlkZVRvZ2dsZSUyOCUyMCUyMmZhc3QlMjIlMkMlMjBmdW5jdGlvbiUyOCUyOSUyMCU3QiUwQSUyMCUyMCUyMCUyMCUyRiUyRiUyMEFuaW1hdGlvbiUyMGNvbXBsZXRlLiUwQSUyMCUyMCU3RCUyOSUzQiUwQSU3RCUyOSUzQiUwQSU3RCUyOSUzQiUwQSUwQSU3RCUyOSUzQiUwQSUwQSUzQyUyRnNjcmlwdCUzRQ==[\/vc_raw_js][\/vc_column][\/vc_row][vc_row section_id=&#8221;comites-direccio&#8221; el_class=&#8221;comites&#8221;][vc_column][\/vc_column][\/vc_row][vc_row section_id=&#8221;comites-cientifics&#8221; el_class=&#8221;comites&#8221;][vc_column][\/vc_column][\/vc_row][vc_row section_id=&#8221;direccio-operacions&#8221; el_class=&#8221;organigrama&#8221;][vc_column][vc_row_inner el_class=&#8221;arees-gestio&#8221;][vc_column_inner el_class=&#8221;area area-gerencia&#8221; width=&#8221;1\/2&#8243;][vc_column_text el_class=&#8221;list-as-accordion&#8221;] Gesti\u00f3 Econ\u00f2mica Administrativa Comptabilitat Compres i licitacions Administraci\u00f3 general Serveis Generals Serveis Inform\u00e0tics Suport a \u00f2rgans de govern Gesti\u00f3 d&#8217;ajudes de recerca i innovaci\u00f3 Gesti\u00f3 econ\u00f2mica d&#8217;assajos cl\u00ednics Gesti\u00f3 de cursos, seminaris i jornades Suport legal Comunicaci\u00f3 i mecenatge Protecci\u00f3 de dades [&hellip;]<\/p>\n","protected":false},"author":7,"featured_media":0,"parent":2085,"menu_order":0,"comment_status":"closed","ping_status":"closed","template":"","meta":{"footnotes":""},"class_list":["post-2094","page","type-page","status-publish","hentry"],"_links":{"self":[{"href":"https:\/\/www.tauli.cat\/activitat\/wp-json\/wp\/v2\/pages\/2094"}],"collection":[{"href":"https:\/\/www.tauli.cat\/activitat\/wp-json\/wp\/v2\/pages"}],"about":[{"href":"https:\/\/www.tauli.cat\/activitat\/wp-json\/wp\/v2\/types\/page"}],"author":[{"embeddable":true,"href":"https:\/\/www.tauli.cat\/activitat\/wp-json\/wp\/v2\/users\/7"}],"replies":[{"embeddable":true,"href":"https:\/\/www.tauli.cat\/activitat\/wp-json\/wp\/v2\/comments?post=2094"}],"version-history":[{"count":3,"href":"https:\/\/www.tauli.cat\/activitat\/wp-json\/wp\/v2\/pages\/2094\/revisions"}],"predecessor-version":[{"id":2865,"href":"https:\/\/www.tauli.cat\/activitat\/wp-json\/wp\/v2\/pages\/2094\/revisions\/2865"}],"up":[{"embeddable":true,"href":"https:\/\/www.tauli.cat\/activitat\/wp-json\/wp\/v2\/pages\/2085"}],"wp:attachment":[{"href":"https:\/\/www.tauli.cat\/activitat\/wp-json\/wp\/v2\/media?parent=2094"}],"curies":[{"name":"wp","href":"https:\/\/api.w.org\/{rel}","templated":true}]}}