{"id":2099,"date":"2025-05-27T10:20:39","date_gmt":"2025-05-27T08:20:39","guid":{"rendered":"https:\/\/www.tauli.cat\/activitat\/?page_id=2099"},"modified":"2025-09-17T11:37:24","modified_gmt":"2025-09-17T09:37:24","slug":"formacio-de-professionals","status":"publish","type":"page","link":"https:\/\/www.tauli.cat\/activitat\/i3pt\/memoria-cientifica\/o2024\/persones\/formacio-de-professionals\/","title":{"rendered":"Formaci\u00f3 de professionals"},"content":{"rendered":"[vc_row][vc_column][vc_column_text]L&#8217;Institut elabora un Pla de Formaci\u00f3 orientat als seus professionals amb l&#8217;objectiu de refor\u00e7ar els coneixements i cubrir les seves necessitats formatives de l&#8217;\u00e0mbit cient\u00edfic i de gesti\u00f3.<\/p>\n<p>El Pla est\u00e0 estructurat en 3 l\u00ednies estrat\u00e8giques, a trav\u00e9s de les quals s&#8217;organitzen diferents activitats.<\/p>\n<ol>\n<li>L\u00ednia estrat\u00e8gica 1: Augmentar la massa cr\u00edtica investigadora i innovadora<\/li>\n<li>L\u00ednia estrat\u00e8gica 2: Fomentar les compet\u00e8ncies transversals de lideratge<\/li>\n<li>L\u00ednia estrat\u00e8gica 3: Formaci\u00f3 t\u00e8cnica especialitzada<\/li>\n<\/ol>\n[\/vc_column_text]<h2 class=\"eut-element eut-align-left eut-title-no-line\" style=\"\"><span>L\u00ednia estrat\u00e8gica 1: Oferta formativa<\/span><\/h2>[vc_row_inner][vc_column_inner width=&#8221;1\/3&#8243;]<div class=\"eut-element eut-box-icon eut-align-left eut-large eut-animated-item eut-fadeInDown\" style=\"\" data-delay=\"200\"><div class=\"eut-image-icon\"><img loading=\"lazy\" decoding=\"async\" width=\"512\" height=\"512\" src=\"https:\/\/www.tauli.cat\/activitat\/wp-content\/uploads\/2022\/07\/sombrero-de-graduacion.png\" class=\"attachment-full size-full\" alt=\"\" srcset=\"https:\/\/www.tauli.cat\/activitat\/wp-content\/uploads\/2022\/07\/sombrero-de-graduacion.png 512w, https:\/\/www.tauli.cat\/activitat\/wp-content\/uploads\/2022\/07\/sombrero-de-graduacion-300x300.png 300w, https:\/\/www.tauli.cat\/activitat\/wp-content\/uploads\/2022\/07\/sombrero-de-graduacion-150x150.png 150w\" sizes=\"(max-width: 512px) 100vw, 512px\" \/><\/div>  <div class=\"eut-box-content\">      <h3 class=\"eut-box-title\">2<\/h3>    <p class=\"\">Seminaris I3PT<\/p>  <\/div><\/div>[\/vc_column_inner][vc_column_inner width=&#8221;1\/3&#8243;]<div class=\"eut-element eut-box-icon eut-align-left eut-large eut-animated-item eut-fadeInDown\" style=\"\" data-delay=\"200\"><div class=\"eut-image-icon\"><img loading=\"lazy\" decoding=\"async\" width=\"512\" height=\"512\" src=\"https:\/\/www.tauli.cat\/activitat\/wp-content\/uploads\/2022\/07\/diploma.png\" class=\"attachment-full size-full\" alt=\"\" srcset=\"https:\/\/www.tauli.cat\/activitat\/wp-content\/uploads\/2022\/07\/diploma.png 512w, https:\/\/www.tauli.cat\/activitat\/wp-content\/uploads\/2022\/07\/diploma-300x300.png 300w, https:\/\/www.tauli.cat\/activitat\/wp-content\/uploads\/2022\/07\/diploma-150x150.png 150w\" sizes=\"(max-width: 512px) 100vw, 512px\" \/><\/div>  <div class=\"eut-box-content\">      <h3 class=\"eut-box-title\">18<\/h3>    <p class=\"\">Formaci\u00f3 a noves incorporacions<\/p>  <\/div><\/div>[\/vc_column_inner][vc_column_inner width=&#8221;1\/3&#8243;][\/vc_column_inner][\/vc_row_inner][vc_column_text animation=&#8221;fadeIn&#8221;]\n<h3>Seminaris I3PT<\/h3>\n<p>Els\u00a0<strong>Seminaris I3PT <\/strong>s\u00f3n una s\u00e8rie de trobades cient\u00edfiques obertes a tot el personal del Parc Taul\u00ed que tenen com a objectiu\u00a0<strong>donar a con\u00e8ixer l\u2019activitat de recerca i innovaci\u00f3 dels grups acreditats per l\u2019Institut<\/strong>, aix\u00ed com fomentar la col\u00b7laboraci\u00f3 entre ells.<\/p>\n<div id=\"jornades-cient\u00edfiques\" class=\"vc_tta-panel vc_active\" data-vc-content=\".vc_tta-panel-body\">\n<div class=\"vc_tta-panel-body\">\n<div class=\"eut-row\">\n<div class=\"wpb_column eut-column eut-column-1\">\n<div class=\"eut-element eut-text eut-animated-item eut-fadeInUp eut-animated\" data-delay=\"200\">\n<div class=\"eut-element eut-video\">\n<p data-start=\"259\" data-end=\"649\">Aquest 2024 hem repr\u00e8s el cicle de seminaris I3PT, amb un nou format rotatiu entre \u00e0rees cl\u00edniques i transversals. Les dues primeres sessions s\u2019han centrat en les ci\u00e8ncies \u00f2miques i el c\u00e0ncer, on investigadors d&#8217;ambdues \u00e0rees han presentat estudis en els quals han participat.<\/p>\n<\/div>\n<\/div>\n<\/div>\n<\/div>\n<\/div>\n<\/div>\n<p><strong>Octubre 2024<\/strong><\/p>\n<ol>\n<li><b>Eugenio Zapata (\u00c0rea de Ci\u00e8ncies \u00d2miques)<br \/>\n<\/b><i>De la farmacogen\u00e8tica a la Medicina Personalitzada: Transformant la pr\u00e0ctica cl\u00ednica<\/i><\/li>\n<\/ol>\n<p><strong>Desembre 2024<\/strong><\/p>\n<ol>\n<li><b>J\u00falia Giner (\u00c0rea de C\u00e0ncer)<br \/>\n<\/b><i>Machine Learning en la predicci\u00f3 de superviv\u00e8ncia en c\u00e0ncer de pulm\u00f3 i met\u00e0stasis cerebrals.\u00a0<\/i><span class=\"EOP SCXP12524464 BCX8\">\u200b<\/span><\/li>\n<\/ol>\n[\/vc_column_text][vc_column_text animation=&#8221;fadeIn&#8221;]\n<h3><span class=\"JsGRdQ\"><strong>Formaci\u00f3 a noves incorporacions<\/strong><\/span><\/h3>\n<p>Formaci\u00f3 adre\u00e7ada a tot el personal que s\u2019incorpora a l\u2019Institut com a personal de gesti\u00f3 i suport a la recerca. En total, el 2024 es van realitzar <strong>18<\/strong> formacions a noves incorporacions.[\/vc_column_text]<h2 class=\"eut-element eut-align-left eut-title-no-line eut-animated-item eut-fadeIn\" style=\"\" data-delay=\"200\"><span>L\u00ednia estrat\u00e8gica 2: Pla de formaci\u00f3<\/span><\/h2>[vc_row_inner][vc_column_inner width=&#8221;1\/3&#8243;]<div class=\"eut-element eut-box-icon eut-align-left eut-large eut-animated-item eut-fadeInDown\" style=\"\" data-delay=\"200\"><div class=\"eut-image-icon\"><img loading=\"lazy\" decoding=\"async\" width=\"512\" height=\"512\" src=\"https:\/\/www.tauli.cat\/activitat\/wp-content\/uploads\/2024\/08\/portapapeles.png\" class=\"attachment-full size-full\" alt=\"\" srcset=\"https:\/\/www.tauli.cat\/activitat\/wp-content\/uploads\/2024\/08\/portapapeles.png 512w, https:\/\/www.tauli.cat\/activitat\/wp-content\/uploads\/2024\/08\/portapapeles-300x300.png 300w, https:\/\/www.tauli.cat\/activitat\/wp-content\/uploads\/2024\/08\/portapapeles-150x150.png 150w\" sizes=\"(max-width: 512px) 100vw, 512px\" \/><\/div>  <div class=\"eut-box-content\">      <h3 class=\"eut-box-title\">11<\/h3>    <p class=\"\">Cursos de gesti\u00f3 de projectes i recerca<\/p>  <\/div><\/div>[\/vc_column_inner][vc_column_inner width=&#8221;1\/3&#8243;]<div class=\"eut-element eut-box-icon eut-align-left eut-large eut-animated-item eut-fadeInDown\" style=\"\" data-delay=\"200\"><div class=\"eut-image-icon\"><img loading=\"lazy\" decoding=\"async\" width=\"512\" height=\"512\" src=\"https:\/\/www.tauli.cat\/activitat\/wp-content\/uploads\/2024\/08\/gestion-de-proyectos.png\" class=\"attachment-full size-full\" alt=\"\" srcset=\"https:\/\/www.tauli.cat\/activitat\/wp-content\/uploads\/2024\/08\/gestion-de-proyectos.png 512w, https:\/\/www.tauli.cat\/activitat\/wp-content\/uploads\/2024\/08\/gestion-de-proyectos-300x300.png 300w, https:\/\/www.tauli.cat\/activitat\/wp-content\/uploads\/2024\/08\/gestion-de-proyectos-150x150.png 150w\" sizes=\"(max-width: 512px) 100vw, 512px\" \/><\/div>  <div class=\"eut-box-content\">      <h3 class=\"eut-box-title\">18<\/h3>    <p class=\"\">Cursos d&#8217;innovaci\u00f3 i transfer\u00e8ncia<\/p>  <\/div><\/div>[\/vc_column_inner][vc_column_inner width=&#8221;1\/3&#8243;]<div class=\"eut-element eut-box-icon eut-align-left eut-large eut-animated-item eut-fadeInDown\" style=\"\" data-delay=\"200\"><div class=\"eut-image-icon\"><img loading=\"lazy\" decoding=\"async\" width=\"512\" height=\"512\" src=\"https:\/\/www.tauli.cat\/activitat\/wp-content\/uploads\/2024\/08\/personas.png\" class=\"attachment-full size-full\" alt=\"\" srcset=\"https:\/\/www.tauli.cat\/activitat\/wp-content\/uploads\/2024\/08\/personas.png 512w, https:\/\/www.tauli.cat\/activitat\/wp-content\/uploads\/2024\/08\/personas-300x300.png 300w, https:\/\/www.tauli.cat\/activitat\/wp-content\/uploads\/2024\/08\/personas-150x150.png 150w\" sizes=\"(max-width: 512px) 100vw, 512px\" \/><\/div>  <div class=\"eut-box-content\">      <h3 class=\"eut-box-title\">11<\/h3>    <p class=\"\">Cursos d&#8217;administraci\u00f3<\/p>  <\/div><\/div>[\/vc_column_inner][\/vc_row_inner]<h2 class=\"eut-element eut-align-left eut-title-no-line eut-animated-item eut-fadeIn\" style=\"\" data-delay=\"200\"><span>L\u00ednia estrat\u00e8gica 3: Formacions transversals<\/span><\/h2>[vc_column_text animation=&#8221;fadeIn&#8221;]La finalitat d&#8217;aquestes formacions \u00e9s proporcionar compet\u00e8ncies i coneixements aplicables en diferents \u00e0mbits professionals i personals, m\u00e9s enll\u00e0 d&#8217;un camp d&#8217;estudi espec\u00edfic.<\/p>\n<p>Al llarg del 2024, es van realitzar <strong>164 formacions transversals<\/strong>.[\/vc_column_text][\/vc_column][\/vc_row]\n","protected":false},"excerpt":{"rendered":"<p>[vc_row][vc_column][vc_column_text]L&#8217;Institut elabora un Pla de Formaci\u00f3 orientat als seus professionals amb l&#8217;objectiu de refor\u00e7ar els coneixements i cubrir les seves necessitats formatives de l&#8217;\u00e0mbit cient\u00edfic i de gesti\u00f3. El Pla est\u00e0 estructurat en 3 l\u00ednies estrat\u00e8giques, a trav\u00e9s de les quals s&#8217;organitzen diferents activitats. L\u00ednia estrat\u00e8gica 1: Augmentar la massa cr\u00edtica investigadora i innovadora L\u00ednia [&hellip;]<\/p>\n","protected":false},"author":7,"featured_media":0,"parent":2085,"menu_order":0,"comment_status":"closed","ping_status":"closed","template":"","meta":{"footnotes":""},"class_list":["post-2099","page","type-page","status-publish","hentry"],"_links":{"self":[{"href":"https:\/\/www.tauli.cat\/activitat\/wp-json\/wp\/v2\/pages\/2099"}],"collection":[{"href":"https:\/\/www.tauli.cat\/activitat\/wp-json\/wp\/v2\/pages"}],"about":[{"href":"https:\/\/www.tauli.cat\/activitat\/wp-json\/wp\/v2\/types\/page"}],"author":[{"embeddable":true,"href":"https:\/\/www.tauli.cat\/activitat\/wp-json\/wp\/v2\/users\/7"}],"replies":[{"embeddable":true,"href":"https:\/\/www.tauli.cat\/activitat\/wp-json\/wp\/v2\/comments?post=2099"}],"version-history":[{"count":5,"href":"https:\/\/www.tauli.cat\/activitat\/wp-json\/wp\/v2\/pages\/2099\/revisions"}],"predecessor-version":[{"id":2825,"href":"https:\/\/www.tauli.cat\/activitat\/wp-json\/wp\/v2\/pages\/2099\/revisions\/2825"}],"up":[{"embeddable":true,"href":"https:\/\/www.tauli.cat\/activitat\/wp-json\/wp\/v2\/pages\/2085"}],"wp:attachment":[{"href":"https:\/\/www.tauli.cat\/activitat\/wp-json\/wp\/v2\/media?parent=2099"}],"curies":[{"name":"wp","href":"https:\/\/api.w.org\/{rel}","templated":true}]}}