{"id":2112,"date":"2025-05-27T10:30:33","date_gmt":"2025-05-27T08:30:33","guid":{"rendered":"https:\/\/www.tauli.cat\/activitat\/?page_id=2112"},"modified":"2025-09-30T12:31:55","modified_gmt":"2025-09-30T10:31:55","slug":"noticies-destacades","status":"publish","type":"page","link":"https:\/\/www.tauli.cat\/activitat\/i3pt\/memoria-cientifica\/o2024\/recerca\/noticies-destacades\/","title":{"rendered":"Not\u00edcies destacades"},"content":{"rendered":"[vc_row][vc_column]<div class=\"eut-element eut-image-text eut-animated-item eut-fadeInDown\" style=\"\" data-delay=\"200\"><div class=\"eut-image\"><img loading=\"lazy\" decoding=\"async\" width=\"800\" height=\"450\" src=\"https:\/\/www.tauli.cat\/activitat\/wp-content\/uploads\/2025\/09\/HelicobacterPylori.jpg\" class=\"attachment-full size-full\" alt=\"\" srcset=\"https:\/\/www.tauli.cat\/activitat\/wp-content\/uploads\/2025\/09\/HelicobacterPylori.jpg 800w, https:\/\/www.tauli.cat\/activitat\/wp-content\/uploads\/2025\/09\/HelicobacterPylori-300x169.jpg 300w, https:\/\/www.tauli.cat\/activitat\/wp-content\/uploads\/2025\/09\/HelicobacterPylori-768x432.jpg 768w\" sizes=\"(max-width: 800px) 100vw, 800px\" \/><\/div>  <div class=\"eut-content eut-align-left\"><h4>Una nova soca d\u2019Helicobacter pylori obre noves vies per a l\u2019estudi del c\u00e0ncer g\u00e0stric<\/h4>  <p>23 de desembre 2024<\/p>    <a href=\"https:\/\/www.tauli.cat\/institut\/actualitat\/noticies\/2024\/12\/una-nova-soca-dhelicobacter-pylori-obre-noves-vies-per-a-lestudi-del-cancer-gastric\/\" target=\"_blank\" class=\"eut-read-more \">Llegir not\u00edcia<\/a>  <\/div><\/div><div class=\"eut-element eut-image-text eut-animated-item eut-fadeInDown\" style=\"\" data-delay=\"200\"><div class=\"eut-image\"><img loading=\"lazy\" decoding=\"async\" width=\"800\" height=\"450\" src=\"https:\/\/www.tauli.cat\/activitat\/wp-content\/uploads\/2025\/09\/Acmecat-800x450-1.jpg\" class=\"attachment-full size-full\" alt=\"\" srcset=\"https:\/\/www.tauli.cat\/activitat\/wp-content\/uploads\/2025\/09\/Acmecat-800x450-1.jpg 800w, https:\/\/www.tauli.cat\/activitat\/wp-content\/uploads\/2025\/09\/Acmecat-800x450-1-300x169.jpg 300w, https:\/\/www.tauli.cat\/activitat\/wp-content\/uploads\/2025\/09\/Acmecat-800x450-1-768x432.jpg 768w\" sizes=\"(max-width: 800px) 100vw, 800px\" \/><\/div>  <div class=\"eut-content eut-align-left\"><h4>S\u2019inicia el projecte ACMECat per millorar el diagn\u00f2stic d\u2019hip\u00f2xia tissular en pacients cr\u00edtics<\/h4>  <p>16 de desembre 2024<\/p>    <a href=\"https:\/\/www.tauli.cat\/institut\/actualitat\/noticies\/2024\/12\/sinicia-el-projecte-acmecat-per-millorar-el-diagnostic-dhipoxia-tissular-en-pacients-critics\/\" target=\"_blank\" class=\"eut-read-more \">Llegir not\u00edcia<\/a>  <\/div><\/div><div class=\"eut-element eut-image-text eut-animated-item eut-fadeInDown\" style=\"\" data-delay=\"200\"><div class=\"eut-image\"><img loading=\"lazy\" decoding=\"async\" width=\"800\" height=\"450\" src=\"https:\/\/www.tauli.cat\/activitat\/wp-content\/uploads\/2025\/09\/FotoHeecap-800x450-1.jpg\" class=\"attachment-full size-full\" alt=\"\" srcset=\"https:\/\/www.tauli.cat\/activitat\/wp-content\/uploads\/2025\/09\/FotoHeecap-800x450-1.jpg 800w, https:\/\/www.tauli.cat\/activitat\/wp-content\/uploads\/2025\/09\/FotoHeecap-800x450-1-300x169.jpg 300w, https:\/\/www.tauli.cat\/activitat\/wp-content\/uploads\/2025\/09\/FotoHeecap-800x450-1-768x432.jpg 768w\" sizes=\"(max-width: 800px) 100vw, 800px\" \/><\/div>  <div class=\"eut-content eut-align-left\"><h4>Tesai Care inicia un estudi cl\u00ednic pioner amb heecap per prevenir l\u2019atr\u00f2fia muscular respirat\u00f2ria en pacients amb ventilaci\u00f3 mec\u00e0nica<\/h4>  <p>9 de desembre 2024<\/p>    <a href=\"https:\/\/www.tauli.cat\/institut\/actualitat\/noticies\/2024\/12\/tesai-care-inicia-un-estudi-clinic-pioner-amb-heecap-per-prevenir-latrofia-muscular-respiratoria-en-pacients-amb-ventilacio-mecanica\/\" target=\"_blank\" class=\"eut-read-more \">Llegir not\u00edcia<\/a>  <\/div><\/div><div class=\"eut-element eut-image-text eut-animated-item eut-fadeInDown\" style=\"\" data-delay=\"200\"><div class=\"eut-image\"><img loading=\"lazy\" decoding=\"async\" width=\"800\" height=\"450\" src=\"https:\/\/www.tauli.cat\/activitat\/wp-content\/uploads\/2025\/09\/InstitutWeb-800x450-1.jpg\" class=\"attachment-full size-full\" alt=\"\" srcset=\"https:\/\/www.tauli.cat\/activitat\/wp-content\/uploads\/2025\/09\/InstitutWeb-800x450-1.jpg 800w, https:\/\/www.tauli.cat\/activitat\/wp-content\/uploads\/2025\/09\/InstitutWeb-800x450-1-300x169.jpg 300w, https:\/\/www.tauli.cat\/activitat\/wp-content\/uploads\/2025\/09\/InstitutWeb-800x450-1-768x432.jpg 768w\" sizes=\"(max-width: 800px) 100vw, 800px\" \/><\/div>  <div class=\"eut-content eut-align-left\"><h4>Sis investigadors de l\u2019I3PT, entre els m\u00e9s citats del m\u00f3n<\/h4>  <p>20 de setembre 2024<\/p>    <a href=\"https:\/\/www.tauli.cat\/institut\/actualitat\/noticies\/2024\/09\/sis-investigadors-de-li3pt-entre-els-mes-citats-del-mon\/\" target=\"_blank\" class=\"eut-read-more \">Llegir not\u00edcia<\/a>  <\/div><\/div><div class=\"eut-element eut-image-text eut-animated-item eut-fadeInDown\" style=\"\" data-delay=\"200\"><div class=\"eut-image\"><img loading=\"lazy\" decoding=\"async\" width=\"800\" height=\"450\" src=\"https:\/\/www.tauli.cat\/activitat\/wp-content\/uploads\/2025\/09\/Plantilla-Imatges-Web-169-9-800x450-1.jpg\" class=\"attachment-full size-full\" alt=\"\" srcset=\"https:\/\/www.tauli.cat\/activitat\/wp-content\/uploads\/2025\/09\/Plantilla-Imatges-Web-169-9-800x450-1.jpg 800w, https:\/\/www.tauli.cat\/activitat\/wp-content\/uploads\/2025\/09\/Plantilla-Imatges-Web-169-9-800x450-1-300x169.jpg 300w, https:\/\/www.tauli.cat\/activitat\/wp-content\/uploads\/2025\/09\/Plantilla-Imatges-Web-169-9-800x450-1-768x432.jpg 768w\" sizes=\"(max-width: 800px) 100vw, 800px\" \/><\/div>  <div class=\"eut-content eut-align-left\"><h4>Un estudi mostra com els viatges internacionals afecten la microbiota intestinal<\/h4>  <p>27 d&#8217;agost 2024<\/p>    <a href=\"https:\/\/www.tauli.cat\/institut\/actualitat\/noticies\/2024\/08\/un-estudi-mostra-com-els-viatges-internacionals-afecten-la-microbiota-intestinal\/\" target=\"_blank\" class=\"eut-read-more \">Llegir not\u00edcia<\/a>  <\/div><\/div><div class=\"eut-element eut-image-text eut-animated-item eut-fadeInDown\" style=\"\" data-delay=\"200\"><div class=\"eut-image\"><img loading=\"lazy\" decoding=\"async\" width=\"800\" height=\"450\" src=\"https:\/\/www.tauli.cat\/activitat\/wp-content\/uploads\/2025\/09\/Plantilla-Imatges-Web-169-7-800x450-1.jpg\" class=\"attachment-full size-full\" alt=\"\" srcset=\"https:\/\/www.tauli.cat\/activitat\/wp-content\/uploads\/2025\/09\/Plantilla-Imatges-Web-169-7-800x450-1.jpg 800w, https:\/\/www.tauli.cat\/activitat\/wp-content\/uploads\/2025\/09\/Plantilla-Imatges-Web-169-7-800x450-1-300x169.jpg 300w, https:\/\/www.tauli.cat\/activitat\/wp-content\/uploads\/2025\/09\/Plantilla-Imatges-Web-169-7-800x450-1-768x432.jpg 768w\" sizes=\"(max-width: 800px) 100vw, 800px\" \/><\/div>  <div class=\"eut-content eut-align-left\"><h4>Comen\u00e7a l\u2019assaig cl\u00ednic d\u2019un software d\u2019intel\u00b7lig\u00e8ncia artificial per detectar c\u00e0ncer de pulm\u00f3 en radiografies no informades<\/h4>  <p>25 de juliol 2024<\/p>    <a href=\"https:\/\/www.tauli.cat\/institut\/actualitat\/noticies\/2024\/07\/comenca-lassaig-clinic-dun-software-dintelligencia-artificial-per-detectar-cancer-de-pulmo-en-radiografies-no-informades\/\" target=\"_blank\" class=\"eut-read-more \">Llegir not\u00edcia<\/a>  <\/div><\/div><div class=\"eut-element eut-image-text eut-animated-item eut-fadeInDown\" style=\"\" data-delay=\"200\"><div class=\"eut-image\"><img loading=\"lazy\" decoding=\"async\" width=\"800\" height=\"450\" src=\"https:\/\/www.tauli.cat\/activitat\/wp-content\/uploads\/2025\/09\/FotoBecaPauMassana2-800x450-1.jpg\" class=\"attachment-full size-full\" alt=\"\" srcset=\"https:\/\/www.tauli.cat\/activitat\/wp-content\/uploads\/2025\/09\/FotoBecaPauMassana2-800x450-1.jpg 800w, https:\/\/www.tauli.cat\/activitat\/wp-content\/uploads\/2025\/09\/FotoBecaPauMassana2-800x450-1-300x169.jpg 300w, https:\/\/www.tauli.cat\/activitat\/wp-content\/uploads\/2025\/09\/FotoBecaPauMassana2-800x450-1-768x432.jpg 768w\" sizes=\"(max-width: 800px) 100vw, 800px\" \/><\/div>  <div class=\"eut-content eut-align-left\"><h4>Un projecte per a la recerca de la s\u00edndrome d\u2019Angelman, guanyador de la Beca Pau Massana<\/h4>  <p>9 de maig 2024<\/p>    <a href=\"https:\/\/www.tauli.cat\/institut\/actualitat\/noticies\/2024\/05\/un-projecte-per-a-la-recerca-de-la-sindrome-dangelman-guanyador-de-la-beca-pau-massana\/\" target=\"_blank\" class=\"eut-read-more \">Llegir not\u00edcia<\/a>  <\/div><\/div><div class=\"eut-element eut-image-text eut-animated-item eut-fadeInDown\" style=\"\" data-delay=\"200\"><div class=\"eut-image\"><img loading=\"lazy\" decoding=\"async\" width=\"800\" height=\"450\" src=\"https:\/\/www.tauli.cat\/activitat\/wp-content\/uploads\/2025\/09\/Plantilla-Imatges-Web-169-800x450-1.jpg\" class=\"attachment-full size-full\" alt=\"\" srcset=\"https:\/\/www.tauli.cat\/activitat\/wp-content\/uploads\/2025\/09\/Plantilla-Imatges-Web-169-800x450-1.jpg 800w, https:\/\/www.tauli.cat\/activitat\/wp-content\/uploads\/2025\/09\/Plantilla-Imatges-Web-169-800x450-1-300x169.jpg 300w, https:\/\/www.tauli.cat\/activitat\/wp-content\/uploads\/2025\/09\/Plantilla-Imatges-Web-169-800x450-1-768x432.jpg 768w\" sizes=\"(max-width: 800px) 100vw, 800px\" \/><\/div>  <div class=\"eut-content eut-align-left\"><h4>No fer dieta espec\u00edfica per preparar una colonosc\u00f2pia no t\u00e9 implicacions en els resultats<\/h4>  <p>11 d&#8217;abril 2024<\/p>    <a href=\"https:\/\/www.tauli.cat\/institut\/actualitat\/divulgacio-cientifica\/2024\/04\/no-fer-dieta-especifica-per-preparar-una-colonoscopia-no-te-implicacions-en-els-resultats\/\" target=\"_blank\" class=\"eut-read-more \">Llegir not\u00edcia<\/a>  <\/div><\/div><div class=\"eut-element eut-image-text eut-animated-item eut-fadeInDown\" style=\"\" data-delay=\"200\"><div class=\"eut-image\"><img loading=\"lazy\" decoding=\"async\" width=\"800\" height=\"450\" src=\"https:\/\/www.tauli.cat\/activitat\/wp-content\/uploads\/2025\/09\/Plantilla-Imatges-Web-169-24-800x450-1.jpg\" class=\"attachment-full size-full\" alt=\"\" srcset=\"https:\/\/www.tauli.cat\/activitat\/wp-content\/uploads\/2025\/09\/Plantilla-Imatges-Web-169-24-800x450-1.jpg 800w, https:\/\/www.tauli.cat\/activitat\/wp-content\/uploads\/2025\/09\/Plantilla-Imatges-Web-169-24-800x450-1-300x169.jpg 300w, https:\/\/www.tauli.cat\/activitat\/wp-content\/uploads\/2025\/09\/Plantilla-Imatges-Web-169-24-800x450-1-768x432.jpg 768w\" sizes=\"(max-width: 800px) 100vw, 800px\" \/><\/div>  <div class=\"eut-content eut-align-left\"><h4>El Parc Taul\u00ed impulsa un grup motor de recerca en prevenci\u00f3 del su\u00efcidi a Catalunya<\/h4>  <p>12 de mar\u00e7 2024<\/p>    <a href=\"https:\/\/www.tauli.cat\/institut\/actualitat\/noticies\/2024\/03\/el-parc-tauli-impulsa-un-grup-motor-de-recerca-en-prevencio-del-suicidi-a-catalunya\/\" target=\"_blank\" class=\"eut-read-more \">Llegir not\u00edcia<\/a>  <\/div><\/div><div class=\"eut-element eut-image-text eut-animated-item eut-fadeInDown\" style=\"\" data-delay=\"200\"><div class=\"eut-image\"><img loading=\"lazy\" decoding=\"async\" width=\"800\" height=\"450\" src=\"https:\/\/www.tauli.cat\/activitat\/wp-content\/uploads\/2025\/09\/Plantilla-Imatges-Web-169-800x450-1-1.jpg\" class=\"attachment-full size-full\" alt=\"\" srcset=\"https:\/\/www.tauli.cat\/activitat\/wp-content\/uploads\/2025\/09\/Plantilla-Imatges-Web-169-800x450-1-1.jpg 800w, https:\/\/www.tauli.cat\/activitat\/wp-content\/uploads\/2025\/09\/Plantilla-Imatges-Web-169-800x450-1-1-300x169.jpg 300w, https:\/\/www.tauli.cat\/activitat\/wp-content\/uploads\/2025\/09\/Plantilla-Imatges-Web-169-800x450-1-1-768x432.jpg 768w\" sizes=\"(max-width: 800px) 100vw, 800px\" \/><\/div>  <div class=\"eut-content eut-align-left\"><h4>L\u2019I3PT, CONNECTA Therapeutics, el CRG i l\u2019IMIM reben 2,7 milions del Ministeri de Ci\u00e8ncia i Innovaci\u00f3 per iniciar la Fase IIa del f\u00e0rmac CTH120 per a la s\u00edndrome X fr\u00e0gil<\/h4>  <p>12 de febrer 2024<\/p>    <a href=\"https:\/\/www.tauli.cat\/institut\/actualitat\/noticies\/2024\/02\/li3pt-connecta-therapeutics-el-crg-i-limim-reben-27-milions-del-ministeri-de-ciencia-i-innovacio-per-iniciar-la-fase-iia-del-farmac-cth120-per-a-la-sindrome-x-fragil\/\" target=\"_blank\" class=\"eut-read-more \">Llegir not\u00edcia<\/a>  <\/div><\/div><div class=\"eut-element eut-image-text eut-animated-item eut-fadeInDown\" style=\"\" data-delay=\"200\"><div class=\"eut-image\"><img loading=\"lazy\" decoding=\"async\" width=\"800\" height=\"450\" src=\"https:\/\/www.tauli.cat\/activitat\/wp-content\/uploads\/2025\/09\/Plantilla-Imatges-Web-169-800x450-1.png\" class=\"attachment-full size-full\" alt=\"\" srcset=\"https:\/\/www.tauli.cat\/activitat\/wp-content\/uploads\/2025\/09\/Plantilla-Imatges-Web-169-800x450-1.png 800w, https:\/\/www.tauli.cat\/activitat\/wp-content\/uploads\/2025\/09\/Plantilla-Imatges-Web-169-800x450-1-300x169.png 300w, https:\/\/www.tauli.cat\/activitat\/wp-content\/uploads\/2025\/09\/Plantilla-Imatges-Web-169-800x450-1-768x432.png 768w\" sizes=\"(max-width: 800px) 100vw, 800px\" \/><\/div>  <div class=\"eut-content eut-align-left\"><h4>S\u2019inicia la recerca d\u2019una ter\u00e0pia innovadora per millorar l\u2019estat cognitiu i emocional dels pacients cr\u00edtics<\/h4>  <p>10 de gener 2024<\/p>    <a href=\"https:\/\/www.tauli.cat\/institut\/actualitat\/noticies\/2024\/01\/sinicia-la-recerca-duna-terapia-innovadora-per-millorar-lestat-cognitiu-i-emocional-dels-pacients-critics\/\" target=\"_blank\" class=\"eut-read-more \">Llegir not\u00edcia<\/a>  <\/div><\/div><h2 class=\"eut-element eut-align-left eut-title-no-line\" style=\"\"><span>Reconeixements a la recerca<\/span><\/h2>[vc_row_inner][vc_column_inner width=&#8221;1\/3&#8243;][vc_column_text animation=&#8221;fadeInLeft&#8221;]<strong>Premios de la Fundaci\u00f3n Espa\u00f1ola del Enfermo Cr\u00edtico a las mejores comunicaciones presentades \u201cPremio Dr. Juan G\u00f3mez Rub\u00ed a la mejor comunicaci\u00f3n experimental\u201d &#8211; SEMICYUC<\/strong><\/p>\n<p>Elena Campa\u00f1a Duel<\/p>\n<p>T\u00edtol: Bajo el desafio hiperc\u00e1pnico: c\u00f3mo responden los macr\u00f3fagos a las bacterias causantes de la neumon\u00eda<\/p>\n<p>Fundaci\u00f3n Espa\u00f1ola del Enfermo Cr\u00edtico. SEMICYUC<\/p>\n<p>Import: 1.200\u20ac[\/vc_column_text][\/vc_column_inner][vc_column_inner width=&#8221;1\/3&#8243;][vc_column_text animation=&#8221;fadeInLeft&#8221;]<strong>Premi a la millor comunicaci\u00f3 oral de la 40\u00aa Reuni\u00f3 Anual de la Societat Catalana de Nefrologia<\/strong><\/p>\n<p>Jos\u00e9 Ibeas L\u00f3pez<\/p>\n<p>T\u00edtol: Inteligencia Artifical para predecir la insuficiencia card\u00edaca en la enfermedad renal cr\u00f3nica: An\u00e1lisis de una cohorte de 5000 pacientes<\/p>\n<p>Societat Catalana de Nefrologia<\/p>\n<p>Import: 500\u20ac[\/vc_column_text][\/vc_column_inner][vc_column_inner width=&#8221;1\/3&#8243;][vc_column_text animation=&#8221;fadeInLeft&#8221;]<strong>Beca Adamed 2024<\/strong><\/p>\n<p>Miquel \u00c0ngel Segu\u00ed Palmer<\/p>\n<p>T\u00edtol: PIT3D: Pr\u00f2tesi de mama externa personalitzada<\/p>\n<p>Adamed Laboratorios<\/p>\n<p>Import: 10.000\u20ac[\/vc_column_text][\/vc_column_inner][\/vc_row_inner][vc_row_inner][vc_column_inner width=&#8221;1\/3&#8243;][vc_column_text animation=&#8221;fadeInLeft&#8221;]<strong>Beques SOCMIC 2024 per a un projecte de recerca cl\u00ednica<\/strong><\/p>\n<p>Ferran Oller S\u00e1nchez<\/p>\n<p>T\u00edtol: Avaluaci\u00f3 de la resposta a volum en el xoc s\u00e8ptic: an\u00e0lisi de cl\u00fasters metab\u00f2lics<\/p>\n<p>Fundaci\u00f3 Fundaci\u00f3 Acad\u00e8mia de Ci\u00e8ncies M\u00e8diques i de la Salut de Catalunya i de Balears<\/p>\n<p>Import: 1.500\u20ac[\/vc_column_text][\/vc_column_inner][vc_column_inner width=&#8221;1\/3&#8243;][vc_column_text animation=&#8221;fadeInLeft&#8221;]<strong>Premi Dr. Carles Vallbona i Calb\u00f3 2024 en l\u2019\u00e0mbit de l\u2019atenci\u00f3 hospital\u00e0ria<\/strong><\/p>\n<p>Eduard Mons\u00f3<\/p>\n<p>T\u00edtol: Diagn\u00f2stic assistit amb ordinador per a la identificaci\u00f3 preco\u00e7 del c\u00e0ncer de pulm\u00f3 a la radiografia de t\u00f2rax<\/p>\n<p>Col\u00b7legi de Metges de Barcelona<\/p>\n<p>Import: 2.000\u20ac[\/vc_column_text][\/vc_column_inner][vc_column_inner width=&#8221;1\/3&#8243;][vc_column_text animation=&#8221;fadeInLeft&#8221;]<strong>Premi al millor p\u00f2ster en infectologia de les XXXIII Jornades de la Societat Catalana de Malalties Infeccioses i Microbiologia Cl\u00ednica 2024<\/strong><\/p>\n<p>Aina Gomila<\/p>\n<p>T\u00edtol: Bacteraemia zero programmes in conventional hospitalization wards. Impact of a multimodal preventive intervention on the incidence of catheter-related bacteraemia in Catalunya<\/p>\n<p>SCMIMC \u2013 Societat Catalana de Malalties Infeccioses i Microbiologia Cl\u00ednica[\/vc_column_text][\/vc_column_inner][\/vc_row_inner][vc_row_inner][vc_column_inner width=&#8221;1\/3&#8243;][vc_column_text animation=&#8221;fadeInLeft&#8221;]<strong>Beca Agust\u00ed Pumarola 2024<\/strong><\/p>\n<p>V\u00edctor Mons\u00e1lvez Mart\u00ednez<\/p>\n<p>SCMIMC \u2013 Societat Catalana de Malalties Infeccioses i Microbiologia Cl\u00ednica<\/p>\n<p>Import: 29.500\u20ac[\/vc_column_text][\/vc_column_inner][\/vc_row_inner][\/vc_column][\/vc_row]\n","protected":false},"excerpt":{"rendered":"<p>[vc_row][vc_column][vc_row_inner][vc_column_inner width=&#8221;1\/3&#8243;][vc_column_text animation=&#8221;fadeInLeft&#8221;]Premios de la Fundaci\u00f3n Espa\u00f1ola del Enfermo Cr\u00edtico a las mejores comunicaciones presentades \u201cPremio Dr. Juan G\u00f3mez Rub\u00ed a la mejor comunicaci\u00f3n experimental\u201d &#8211; SEMICYUC Elena Campa\u00f1a Duel T\u00edtol: Bajo el desafio hiperc\u00e1pnico: c\u00f3mo responden los macr\u00f3fagos a las bacterias causantes de la neumon\u00eda Fundaci\u00f3n Espa\u00f1ola del Enfermo Cr\u00edtico. SEMICYUC Import: 1.200\u20ac[\/vc_column_text][\/vc_column_inner][vc_column_inner width=&#8221;1\/3&#8243;][vc_column_text [&hellip;]<\/p>\n","protected":false},"author":7,"featured_media":0,"parent":2107,"menu_order":4,"comment_status":"closed","ping_status":"closed","template":"","meta":{"footnotes":""},"class_list":["post-2112","page","type-page","status-publish","hentry"],"_links":{"self":[{"href":"https:\/\/www.tauli.cat\/activitat\/wp-json\/wp\/v2\/pages\/2112"}],"collection":[{"href":"https:\/\/www.tauli.cat\/activitat\/wp-json\/wp\/v2\/pages"}],"about":[{"href":"https:\/\/www.tauli.cat\/activitat\/wp-json\/wp\/v2\/types\/page"}],"author":[{"embeddable":true,"href":"https:\/\/www.tauli.cat\/activitat\/wp-json\/wp\/v2\/users\/7"}],"replies":[{"embeddable":true,"href":"https:\/\/www.tauli.cat\/activitat\/wp-json\/wp\/v2\/comments?post=2112"}],"version-history":[{"count":5,"href":"https:\/\/www.tauli.cat\/activitat\/wp-json\/wp\/v2\/pages\/2112\/revisions"}],"predecessor-version":[{"id":2860,"href":"https:\/\/www.tauli.cat\/activitat\/wp-json\/wp\/v2\/pages\/2112\/revisions\/2860"}],"up":[{"embeddable":true,"href":"https:\/\/www.tauli.cat\/activitat\/wp-json\/wp\/v2\/pages\/2107"}],"wp:attachment":[{"href":"https:\/\/www.tauli.cat\/activitat\/wp-json\/wp\/v2\/media?parent=2112"}],"curies":[{"name":"wp","href":"https:\/\/api.w.org\/{rel}","templated":true}]}}