{"id":2113,"date":"2025-05-27T10:30:19","date_gmt":"2025-05-27T08:30:19","guid":{"rendered":"https:\/\/www.tauli.cat\/activitat\/?page_id=2113"},"modified":"2025-11-11T14:49:55","modified_gmt":"2025-11-11T12:49:55","slug":"publicacions","status":"publish","type":"page","link":"https:\/\/www.tauli.cat\/activitat\/i3pt\/memoria-cientifica\/o2024\/recerca\/publicacions\/","title":{"rendered":"Publicacions"},"content":{"rendered":"[vc_row][vc_column][vc_row_inner][vc_column_inner][vc_column_text]\n<h2>Publicacions 2024<\/h2>\n[\/vc_column_text][\/vc_column_inner][\/vc_row_inner][\/vc_column][\/vc_row][vc_row][vc_column width=&#8221;1\/2&#8243;][vc_row_inner][vc_column_inner][vc_round_chart stroke_width=&#8221;2&#8243; values=&#8221;%5B%7B%22title%22%3A%22Article%22%2C%22value%22%3A%22396%22%2C%22color%22%3A%22pink%22%7D%2C%7B%22title%22%3A%22Editorial%20Material%22%2C%22value%22%3A%2221%22%2C%22color%22%3A%22vista-blue%22%7D%2C%7B%22title%22%3A%22Letter%22%2C%22value%22%3A%2216%22%2C%22color%22%3A%22orange%22%7D%2C%7B%22title%22%3A%22Practice%20Guideline%22%2C%22value%22%3A%224%22%2C%22color%22%3A%22sandy-brown%22%7D%2C%7B%22title%22%3A%22Review%22%2C%22value%22%3A%2230%22%2C%22color%22%3A%22chino%22%7D%2C%7B%22title%22%3A%22Case%20Report%22%2C%22value%22%3A%223%22%2C%22color%22%3A%22blue%22%2C%22custom_color%22%3A%22%235472d2%22%7D%5D&#8221; css_animation=&#8221;fadeIn&#8221; title=&#8221;Tipus de publicaci\u00f3&#8221;][\/vc_column_inner][\/vc_row_inner][\/vc_column][vc_column width=&#8221;1\/2&#8243;][vc_empty_space][vc_empty_space][vc_empty_space]<div class=\"eut-element eut-box-icon eut-align-left eut-large\" style=\"\"><div class=\"eut-image-icon\"><img loading=\"lazy\" decoding=\"async\" width=\"512\" height=\"512\" src=\"https:\/\/www.tauli.cat\/activitat\/wp-content\/uploads\/2023\/07\/literatura-cientifica.png\" class=\"attachment-full size-full\" alt=\"\" srcset=\"https:\/\/www.tauli.cat\/activitat\/wp-content\/uploads\/2023\/07\/literatura-cientifica.png 512w, https:\/\/www.tauli.cat\/activitat\/wp-content\/uploads\/2023\/07\/literatura-cientifica-300x300.png 300w, https:\/\/www.tauli.cat\/activitat\/wp-content\/uploads\/2023\/07\/literatura-cientifica-150x150.png 150w\" sizes=\"(max-width: 512px) 100vw, 512px\" \/><\/div>  <div class=\"eut-box-content\">      <h3 class=\"eut-box-title\">467<\/h3>    <p class=\"\">Publicacions<\/p>  <\/div><\/div><div class=\"eut-element eut-box-icon eut-align-left eut-large\" style=\"\"><div class=\"eut-image-icon\"><img loading=\"lazy\" decoding=\"async\" width=\"128\" height=\"128\" src=\"https:\/\/www.tauli.cat\/activitat\/wp-content\/uploads\/2022\/07\/checklist.png\" class=\"attachment-full size-full\" alt=\"\" \/><\/div>  <div class=\"eut-box-content\">      <h3 class=\"eut-box-title\">15.562<\/h3>    <p class=\"\">Citacions<\/p>  <\/div><\/div><div class=\"eut-element eut-box-icon eut-align-left eut-large\" style=\"\"><div class=\"eut-image-icon\"><img loading=\"lazy\" decoding=\"async\" width=\"256\" height=\"256\" src=\"https:\/\/www.tauli.cat\/activitat\/wp-content\/uploads\/2022\/07\/star.png\" class=\"attachment-full size-full\" alt=\"\" srcset=\"https:\/\/www.tauli.cat\/activitat\/wp-content\/uploads\/2022\/07\/star.png 256w, https:\/\/www.tauli.cat\/activitat\/wp-content\/uploads\/2022\/07\/star-150x150.png 150w\" sizes=\"(max-width: 256px) 100vw, 256px\" \/><\/div>  <div class=\"eut-box-content\">      <h3 class=\"eut-box-title\">256<\/h3>    <p class=\"\">Publicacions Q1<\/p>  <\/div><\/div><div class=\"eut-element eut-box-icon eut-align-left eut-large\" style=\"\"><div class=\"eut-image-icon\"><img loading=\"lazy\" decoding=\"async\" width=\"256\" height=\"256\" src=\"https:\/\/www.tauli.cat\/activitat\/wp-content\/uploads\/2022\/07\/badge.png\" class=\"attachment-full size-full\" alt=\"\" srcset=\"https:\/\/www.tauli.cat\/activitat\/wp-content\/uploads\/2022\/07\/badge.png 256w, https:\/\/www.tauli.cat\/activitat\/wp-content\/uploads\/2022\/07\/badge-150x150.png 150w\" sizes=\"(max-width: 256px) 100vw, 256px\" \/><\/div>  <div class=\"eut-box-content\">      <h3 class=\"eut-box-title\">104<\/h3>    <p class=\"\">Publicacions D1<\/p>  <\/div><\/div>[\/vc_column][\/vc_row][vc_row][vc_column][\/vc_column][\/vc_row][vc_row][vc_column]<div class=\"eut-element eut-box-icon eut-align-left eut-large\" style=\"\"><a href=\"http:\/\/www.tauli.cat\/activitat\/wp-content\/uploads\/2025\/11\/2024-i3pt.pdf\" target=\"_blank\"><div class=\"eut-image-icon\"><img loading=\"lazy\" decoding=\"async\" width=\"512\" height=\"512\" src=\"https:\/\/www.tauli.cat\/activitat\/wp-content\/uploads\/2022\/07\/reporte-de-negocios.png\" class=\"attachment-full size-full\" alt=\"\" srcset=\"https:\/\/www.tauli.cat\/activitat\/wp-content\/uploads\/2022\/07\/reporte-de-negocios.png 512w, https:\/\/www.tauli.cat\/activitat\/wp-content\/uploads\/2022\/07\/reporte-de-negocios-300x300.png 300w, https:\/\/www.tauli.cat\/activitat\/wp-content\/uploads\/2022\/07\/reporte-de-negocios-150x150.png 150w\" sizes=\"(max-width: 512px) 100vw, 512px\" \/><\/div><\/a>  <div class=\"eut-box-content\"><a href=\"http:\/\/www.tauli.cat\/activitat\/wp-content\/uploads\/2025\/11\/2024-i3pt.pdf\" target=\"_blank\">      <h3 class=\"eut-box-title\">Publicacions del 2024<\/h3><\/a>    <p class=\"\">Consulta totes les publicacions cient\u00edfiques<\/p>  <\/div><\/div>[\/vc_column][\/vc_row][vc_row][vc_column][vc_row_inner][vc_column_inner][vc_column_text]\n<h2>Guies de pr\u00e0ctica cl\u00ednica i documents de consens<\/h2>\n[\/vc_column_text][vc_empty_space height=&#8221;22px&#8221;][vc_column_text]\n<ul>\n<li data-leveltext=\"\uf0b7\" data-font=\"Symbol\" data-listid=\"1\" data-list-defn-props=\"{&quot;335552541&quot;:1,&quot;335559685&quot;:720,&quot;335559991&quot;:360,&quot;469769226&quot;:&quot;Symbol&quot;,&quot;469769242&quot;:[8226],&quot;469777803&quot;:&quot;left&quot;,&quot;469777804&quot;:&quot;\uf0b7&quot;,&quot;469777815&quot;:&quot;hybridMultilevel&quot;}\" aria-setsize=\"-1\" data-aria-posinset=\"1\" data-aria-level=\"1\"><span data-contrast=\"auto\">Righi E, Mutters NT, <\/span><b><span data-contrast=\"auto\">Guirao X<\/span><\/b><span data-contrast=\"auto\">, Dolores Del Toro M, Eckmann C, Friedrich AW, Giannella M, Presterl E, Christaki E, Cross ELA, Visentin A, Sganga G, Tsioutis C, Tacconelli E, Kluytmans J. European Society of Clinical Microbiology and Infectious Diseases\/European Committee on infection control clinical guidelines on pre-operative decolonization and targeted prophylaxis in patients colonized by multidrug-resistant Gram-positive bacteria before surgery. Clin Microbiol Infect. 2024 Dec;30(12):1537-1550. doi: <\/span><a href=\"https:\/\/doi.org\/10.1016\/j.cmi.2024.07.012\"><span data-contrast=\"none\">10.1016\/j.cmi.2024.07.012<\/span><\/a> <span data-ccp-props=\"{}\">\u00a0<\/span><\/li>\n<\/ul>\n<ul>\n<li data-leveltext=\"\uf0b7\" data-font=\"Symbol\" data-listid=\"1\" data-list-defn-props=\"{&quot;335552541&quot;:1,&quot;335559685&quot;:720,&quot;335559991&quot;:360,&quot;469769226&quot;:&quot;Symbol&quot;,&quot;469769242&quot;:[8226],&quot;469777803&quot;:&quot;left&quot;,&quot;469777804&quot;:&quot;\uf0b7&quot;,&quot;469777815&quot;:&quot;hybridMultilevel&quot;}\" aria-setsize=\"-1\" data-aria-posinset=\"2\" data-aria-level=\"1\"><span data-contrast=\"auto\">Manso L, Ramchandani-Vaswani A, Romero I, S\u00e1nchez-Lorenzo L, Bermejo-P\u00e9rez MJ, Est\u00e9vez-Garc\u00eda P, Fari\u00f1a-Madrid L, <\/span><b><span data-contrast=\"auto\">Garc\u00eda Garc\u00eda Y<\/span><\/b><span data-contrast=\"auto\">, Gil-Martin M, Quind\u00f3s M. SEOM-GEICO Clinical Guidelines on cervical cancer (2023). Clin Transl Oncol. 2024 Nov;26(11):2771-2782. doi: <\/span><a href=\"https:\/\/doi.org\/10.1007\/s12094-024-03604-3\"><span data-contrast=\"none\">10.1007\/s12094-024-03604-3<\/span><\/a><span data-ccp-props=\"{}\">\u00a0<\/span><\/li>\n<\/ul>\n<ul>\n<li data-leveltext=\"\uf0b7\" data-font=\"Symbol\" data-listid=\"1\" data-list-defn-props=\"{&quot;335552541&quot;:1,&quot;335559685&quot;:720,&quot;335559991&quot;:360,&quot;469769226&quot;:&quot;Symbol&quot;,&quot;469769242&quot;:[8226],&quot;469777803&quot;:&quot;left&quot;,&quot;469777804&quot;:&quot;\uf0b7&quot;,&quot;469777815&quot;:&quot;hybridMultilevel&quot;}\" aria-setsize=\"-1\" data-aria-posinset=\"3\" data-aria-level=\"1\"><span data-contrast=\"auto\">Borr\u00e0s Sans M<\/span><b><span data-contrast=\"auto\">, Ponz Clemente E<\/span><\/b><span data-contrast=\"auto\">, Rodr\u00edguez Carmona A, Vera Rivera M, P\u00e9rez Font\u00e1n M, Quereda Rodr\u00edguez-Navarro C, Bajo Rubio MA, de la Espada Pi\u00f1a V, Moreiras Plaza M, P\u00e9rez Contreras J, Del Peso Gilsanz G, Prieto Velasco M, Quir\u00f3s Ganga P, Rem\u00f3n Rodr\u00edguez C, S\u00e1nchez \u00c1lvarez E, Vega Rodr\u00edguez N, Arest\u00e9 Fosalba N, Benito Y, Fern\u00e1ndez Reyes MJ, Garc\u00eda Mart\u00ednez I, Minguela Pesquera JI, Rivera Gorr\u00edn M, Us\u00f3n Nu\u00f1o A. Clinical guideline on adequacy and prescription of peritoneal dialysis. Nefrologia (Engl Ed). 2024 Sep;44 Suppl 1:1-27. doi: <\/span><a href=\"https:\/\/doi.org\/10.1016\/j.nefroe.2024.09.001\"><span data-contrast=\"none\">10.1016\/j.nefroe.2024.09.001<\/span><\/a><span data-ccp-props=\"{}\">\u00a0<\/span><\/li>\n<\/ul>\n<ul>\n<li data-leveltext=\"\uf0b7\" data-font=\"Symbol\" data-listid=\"1\" data-list-defn-props=\"{&quot;335552541&quot;:1,&quot;335559685&quot;:720,&quot;335559991&quot;:360,&quot;469769226&quot;:&quot;Symbol&quot;,&quot;469769242&quot;:[8226],&quot;469777803&quot;:&quot;left&quot;,&quot;469777804&quot;:&quot;\uf0b7&quot;,&quot;469777815&quot;:&quot;hybridMultilevel&quot;}\" aria-setsize=\"-1\" data-aria-posinset=\"4\" data-aria-level=\"1\"><span data-contrast=\"auto\">Lassaletta L, Acle Cervera L, Altuna X, Amilibia Cabeza E, Ar\u00edstegui Ruiz M, Batuecas Caletrio \u00c1, Ben\u00edtez Del Rosario J, Cabanillas Farp\u00f3n R, Costales Marcos M, Escada P, Espinosa-S\u00e1nchez JM, Garc\u00eda Leal R, Gavil\u00e1n J, G\u00f3mez Mart\u00ednez J, Gonz\u00e1lez-Aguado R<\/span><b><span data-contrast=\"auto\">, Martinez-Glez V<\/span><\/b><span data-contrast=\"auto\">, Guerra Jim\u00e9nez G, Harguindey Antol\u00ed-Candela A, Hern\u00e1ndez Garc\u00eda BJ, Or\u00fas Dot\u00fa C, Polo L\u00f3pez R, Manrique M, Mart\u00edn Sanz E, Mart\u00ednez \u00c1lvarez R, Mart\u00ednez H, Mart\u00ednez-Mart\u00ednez M, Rey-Martinez J, Ropero Romero F, Santa Cruz Ruiz S, Vallejo L\u00c1, Soto Varela A, Varela-Nieto I, Morales Puebla JM. Clinical practice guideline on the management of vestibular schwannoma. Acta Otorrinolaringol Esp (Engl Ed). 2024 Mar-Apr;75(2):108-128. doi: <\/span><a href=\"https:\/\/doi.org\/10.1016\/j.otoeng.2023.10.005\"><span data-contrast=\"none\">10.1016\/j.otoeng.2023.10.005<\/span><\/a><span data-ccp-props=\"{}\">\u00a0<\/span><\/li>\n<\/ul>\n[\/vc_column_text][\/vc_column_inner][\/vc_row_inner][\/vc_column][\/vc_row]\n","protected":false},"excerpt":{"rendered":"<p>[vc_row][vc_column][vc_row_inner][vc_column_inner][vc_column_text] Publicacions 2024 [\/vc_column_text][\/vc_column_inner][\/vc_row_inner][\/vc_column][\/vc_row][vc_row][vc_column width=&#8221;1\/2&#8243;][vc_row_inner][vc_column_inner][vc_round_chart stroke_width=&#8221;2&#8243; values=&#8221;%5B%7B%22title%22%3A%22Article%22%2C%22value%22%3A%22396%22%2C%22color%22%3A%22pink%22%7D%2C%7B%22title%22%3A%22Editorial%20Material%22%2C%22value%22%3A%2221%22%2C%22color%22%3A%22vista-blue%22%7D%2C%7B%22title%22%3A%22Letter%22%2C%22value%22%3A%2216%22%2C%22color%22%3A%22orange%22%7D%2C%7B%22title%22%3A%22Practice%20Guideline%22%2C%22value%22%3A%224%22%2C%22color%22%3A%22sandy-brown%22%7D%2C%7B%22title%22%3A%22Review%22%2C%22value%22%3A%2230%22%2C%22color%22%3A%22chino%22%7D%2C%7B%22title%22%3A%22Case%20Report%22%2C%22value%22%3A%223%22%2C%22color%22%3A%22blue%22%2C%22custom_color%22%3A%22%235472d2%22%7D%5D&#8221; css_animation=&#8221;fadeIn&#8221; title=&#8221;Tipus de publicaci\u00f3&#8221;][\/vc_column_inner][\/vc_row_inner][\/vc_column][vc_column width=&#8221;1\/2&#8243;][vc_empty_space][vc_empty_space][vc_empty_space][\/vc_column][\/vc_row][vc_row][vc_column][\/vc_column][\/vc_row][vc_row][vc_column][\/vc_column][\/vc_row][vc_row][vc_column][vc_row_inner][vc_column_inner][vc_column_text] Guies de pr\u00e0ctica cl\u00ednica i documents de consens [\/vc_column_text][vc_empty_space height=&#8221;22px&#8221;][vc_column_text] Righi E, Mutters NT, Guirao X, Dolores Del Toro M, Eckmann C, Friedrich AW, Giannella M, Presterl E, Christaki E, Cross ELA, Visentin A, Sganga G, Tsioutis C, Tacconelli E, Kluytmans J. European [&hellip;]<\/p>\n","protected":false},"author":7,"featured_media":0,"parent":2107,"menu_order":2,"comment_status":"closed","ping_status":"closed","template":"","meta":{"footnotes":""},"class_list":["post-2113","page","type-page","status-publish","hentry"],"_links":{"self":[{"href":"https:\/\/www.tauli.cat\/activitat\/wp-json\/wp\/v2\/pages\/2113"}],"collection":[{"href":"https:\/\/www.tauli.cat\/activitat\/wp-json\/wp\/v2\/pages"}],"about":[{"href":"https:\/\/www.tauli.cat\/activitat\/wp-json\/wp\/v2\/types\/page"}],"author":[{"embeddable":true,"href":"https:\/\/www.tauli.cat\/activitat\/wp-json\/wp\/v2\/users\/7"}],"replies":[{"embeddable":true,"href":"https:\/\/www.tauli.cat\/activitat\/wp-json\/wp\/v2\/comments?post=2113"}],"version-history":[{"count":9,"href":"https:\/\/www.tauli.cat\/activitat\/wp-json\/wp\/v2\/pages\/2113\/revisions"}],"predecessor-version":[{"id":2873,"href":"https:\/\/www.tauli.cat\/activitat\/wp-json\/wp\/v2\/pages\/2113\/revisions\/2873"}],"up":[{"embeddable":true,"href":"https:\/\/www.tauli.cat\/activitat\/wp-json\/wp\/v2\/pages\/2107"}],"wp:attachment":[{"href":"https:\/\/www.tauli.cat\/activitat\/wp-json\/wp\/v2\/media?parent=2113"}],"curies":[{"name":"wp","href":"https:\/\/api.w.org\/{rel}","templated":true}]}}