{"id":2129,"date":"2025-05-27T10:35:03","date_gmt":"2025-05-27T08:35:03","guid":{"rendered":"https:\/\/www.tauli.cat\/activitat\/?page_id=2129"},"modified":"2025-09-04T08:47:44","modified_gmt":"2025-09-04T06:47:44","slug":"internacional","status":"publish","type":"page","link":"https:\/\/www.tauli.cat\/activitat\/i3pt\/memoria-cientifica\/o2024\/internacional\/","title":{"rendered":"Internacional"},"content":{"rendered":"[vc_row][vc_column]<h3 class=\"eut-element eut-align-left eut-title-no-line eut-animated-item eut-fadeInRight\" style=\"\" data-delay=\"200\"><span>Indicadors destacats<\/span><\/h3>[vc_row_inner][vc_column_inner width=&#8221;1\/3&#8243;]<div class=\"eut-element eut-box-icon eut-align-left eut-large eut-animated-item eut-fadeIn\" style=\"\" data-delay=\"200\"><div class=\"eut-image-icon\"><img loading=\"lazy\" decoding=\"async\" width=\"256\" height=\"256\" src=\"https:\/\/www.tauli.cat\/activitat\/wp-content\/uploads\/2022\/07\/international.png\" class=\"attachment-full size-full\" alt=\"\" srcset=\"https:\/\/www.tauli.cat\/activitat\/wp-content\/uploads\/2022\/07\/international.png 256w, https:\/\/www.tauli.cat\/activitat\/wp-content\/uploads\/2022\/07\/international-150x150.png 150w\" sizes=\"(max-width: 256px) 100vw, 256px\" \/><\/div>  <div class=\"eut-box-content\">      <h3 class=\"eut-box-title\">17<\/h3>    <p class=\"\">Sol\u00b7licituds de projectes internacionals<\/p>  <\/div><\/div>[\/vc_column_inner][vc_column_inner width=&#8221;1\/3&#8243;]<div class=\"eut-element eut-box-icon eut-align-left eut-large eut-animated-item eut-fadeIn\" style=\"\" data-delay=\"200\"><div class=\"eut-image-icon\"><img loading=\"lazy\" decoding=\"async\" width=\"256\" height=\"256\" src=\"https:\/\/www.tauli.cat\/activitat\/wp-content\/uploads\/2022\/07\/european-union.png\" class=\"attachment-full size-full\" alt=\"\" srcset=\"https:\/\/www.tauli.cat\/activitat\/wp-content\/uploads\/2022\/07\/european-union.png 256w, https:\/\/www.tauli.cat\/activitat\/wp-content\/uploads\/2022\/07\/european-union-150x150.png 150w\" sizes=\"(max-width: 256px) 100vw, 256px\" \/><\/div>  <div class=\"eut-box-content\">      <h3 class=\"eut-box-title\">7<\/h3>    <p class=\"\">Sol\u00b7licituds Programa Marc Comissi\u00f3 Europea (Horizon Europe)<\/p>  <\/div><\/div>[\/vc_column_inner][vc_column_inner width=&#8221;1\/3&#8243;]<div class=\"eut-element eut-box-icon eut-align-left eut-large eut-animated-item eut-fadeIn\" style=\"\" data-delay=\"200\"><div class=\"eut-image-icon\"><img loading=\"lazy\" decoding=\"async\" width=\"512\" height=\"512\" src=\"https:\/\/www.tauli.cat\/activitat\/wp-content\/uploads\/2025\/09\/relaciones-internacionales.png\" class=\"attachment-full size-full\" alt=\"\" srcset=\"https:\/\/www.tauli.cat\/activitat\/wp-content\/uploads\/2025\/09\/relaciones-internacionales.png 512w, https:\/\/www.tauli.cat\/activitat\/wp-content\/uploads\/2025\/09\/relaciones-internacionales-300x300.png 300w, https:\/\/www.tauli.cat\/activitat\/wp-content\/uploads\/2025\/09\/relaciones-internacionales-150x150.png 150w\" sizes=\"(max-width: 512px) 100vw, 512px\" \/><\/div>  <div class=\"eut-box-content\">      <h3 class=\"eut-box-title\">5<\/h3>    <p class=\"\">Projectes europeus\/internacionals concedits<\/p>  <\/div><\/div>[\/vc_column_inner][\/vc_row_inner][vc_row_inner][vc_column_inner width=&#8221;1\/3&#8243;]<div class=\"eut-element eut-box-icon eut-align-left eut-large eut-animated-item eut-fadeIn\" style=\"\" data-delay=\"200\"><div class=\"eut-image-icon\"><img loading=\"lazy\" decoding=\"async\" width=\"512\" height=\"512\" src=\"https:\/\/www.tauli.cat\/activitat\/wp-content\/uploads\/2025\/09\/proyecto-conjunto.png\" class=\"attachment-full size-full\" alt=\"\" srcset=\"https:\/\/www.tauli.cat\/activitat\/wp-content\/uploads\/2025\/09\/proyecto-conjunto.png 512w, https:\/\/www.tauli.cat\/activitat\/wp-content\/uploads\/2025\/09\/proyecto-conjunto-300x300.png 300w, https:\/\/www.tauli.cat\/activitat\/wp-content\/uploads\/2025\/09\/proyecto-conjunto-150x150.png 150w\" sizes=\"(max-width: 512px) 100vw, 512px\" \/><\/div>  <div class=\"eut-box-content\">      <h3 class=\"eut-box-title\">1.059.998 \u20ac<\/h3>    <p class=\"\">Import concedit<\/p>  <\/div><\/div>[\/vc_column_inner][vc_column_inner width=&#8221;1\/3&#8243;]<div class=\"eut-element eut-box-icon eut-align-left eut-large eut-animated-item eut-fadeIn\" style=\"\" data-delay=\"200\"><div class=\"eut-image-icon\"><img loading=\"lazy\" decoding=\"async\" width=\"512\" height=\"512\" src=\"https:\/\/www.tauli.cat\/activitat\/wp-content\/uploads\/2025\/09\/practicas.png\" class=\"attachment-full size-full\" alt=\"\" srcset=\"https:\/\/www.tauli.cat\/activitat\/wp-content\/uploads\/2025\/09\/practicas.png 512w, https:\/\/www.tauli.cat\/activitat\/wp-content\/uploads\/2025\/09\/practicas-300x300.png 300w, https:\/\/www.tauli.cat\/activitat\/wp-content\/uploads\/2025\/09\/practicas-150x150.png 150w\" sizes=\"(max-width: 512px) 100vw, 512px\" \/><\/div>  <div class=\"eut-box-content\">      <h3 class=\"eut-box-title\">19<\/h3>    <p class=\"\">Formacions espec\u00edfiques i sessions informatives per a personal gestor de convocat\u00f2ries internacionals<\/p>  <\/div><\/div>[\/vc_column_inner][vc_column_inner width=&#8221;1\/3&#8243;]<div class=\"eut-element eut-box-icon eut-align-left eut-large eut-animated-item eut-fadeIn\" style=\"\" data-delay=\"200\"><div class=\"eut-image-icon\"><img loading=\"lazy\" decoding=\"async\" width=\"512\" height=\"512\" src=\"https:\/\/www.tauli.cat\/activitat\/wp-content\/uploads\/2022\/06\/crecimiento-1.png\" class=\"attachment-full size-full\" alt=\"\" srcset=\"https:\/\/www.tauli.cat\/activitat\/wp-content\/uploads\/2022\/06\/crecimiento-1.png 512w, https:\/\/www.tauli.cat\/activitat\/wp-content\/uploads\/2022\/06\/crecimiento-1-300x300.png 300w, https:\/\/www.tauli.cat\/activitat\/wp-content\/uploads\/2022\/06\/crecimiento-1-150x150.png 150w\" sizes=\"(max-width: 512px) 100vw, 512px\" \/><\/div>  <div class=\"eut-box-content\">      <h3 class=\"eut-box-title\">8<\/h3>    <p class=\"\">Projectes actius<\/p>  <\/div><\/div>[\/vc_column_inner][\/vc_row_inner][vc_row_inner][vc_column_inner width=&#8221;1\/3&#8243;]<div class=\"eut-element eut-box-icon eut-align-left eut-large eut-animated-item eut-fadeIn\" style=\"\" data-delay=\"200\"><div class=\"eut-image-icon\"><img loading=\"lazy\" decoding=\"async\" width=\"256\" height=\"256\" src=\"https:\/\/www.tauli.cat\/activitat\/wp-content\/uploads\/2022\/07\/neural.png\" class=\"attachment-full size-full\" alt=\"\" srcset=\"https:\/\/www.tauli.cat\/activitat\/wp-content\/uploads\/2022\/07\/neural.png 256w, https:\/\/www.tauli.cat\/activitat\/wp-content\/uploads\/2022\/07\/neural-150x150.png 150w\" sizes=\"(max-width: 256px) 100vw, 256px\" \/><\/div>  <div class=\"eut-box-content\">      <h3 class=\"eut-box-title\">4<\/h3>    <p class=\"\">Xarxes internacionals<\/p>  <\/div><\/div>[\/vc_column_inner][vc_column_inner width=&#8221;1\/3&#8243;]<div class=\"eut-element eut-box-icon eut-align-left eut-large eut-animated-item eut-fadeIn\" style=\"\" data-delay=\"200\"><div class=\"eut-image-icon\"><img loading=\"lazy\" decoding=\"async\" width=\"512\" height=\"512\" src=\"https:\/\/www.tauli.cat\/activitat\/wp-content\/uploads\/2022\/06\/contenido-2.png\" class=\"attachment-full size-full\" alt=\"\" srcset=\"https:\/\/www.tauli.cat\/activitat\/wp-content\/uploads\/2022\/06\/contenido-2.png 512w, https:\/\/www.tauli.cat\/activitat\/wp-content\/uploads\/2022\/06\/contenido-2-300x300.png 300w, https:\/\/www.tauli.cat\/activitat\/wp-content\/uploads\/2022\/06\/contenido-2-150x150.png 150w\" sizes=\"(max-width: 512px) 100vw, 512px\" \/><\/div>  <div class=\"eut-box-content\">      <h3 class=\"eut-box-title\">29%<\/h3>    <p class=\"\">Articles cient\u00edfics en col\u00b7laboraci\u00f3 internacional<\/p>  <\/div><\/div>[\/vc_column_inner][vc_column_inner width=&#8221;1\/3&#8243;][\/vc_column_inner][\/vc_row_inner][vc_empty_space]<h3 class=\"eut-element eut-align-left eut-title-no-line eut-animated-item eut-fadeInRight\" style=\"\" data-delay=\"200\"><span>Destacats 2024<\/span><\/h3><div class=\"eut-element eut-image-text eut-animated-item eut-fadeIn\" style=\"\" data-delay=\"200\"><div class=\"eut-image\"><img loading=\"lazy\" decoding=\"async\" width=\"800\" height=\"450\" src=\"https:\/\/www.tauli.cat\/activitat\/wp-content\/uploads\/2025\/07\/ecoquip.png\" class=\"attachment-full size-full\" alt=\"\" srcset=\"https:\/\/www.tauli.cat\/activitat\/wp-content\/uploads\/2025\/07\/ecoquip.png 800w, https:\/\/www.tauli.cat\/activitat\/wp-content\/uploads\/2025\/07\/ecoquip-300x169.png 300w, https:\/\/www.tauli.cat\/activitat\/wp-content\/uploads\/2025\/07\/ecoquip-768x432.png 768w\" sizes=\"(max-width: 800px) 100vw, 800px\" \/><\/div>  <div class=\"eut-content eut-align-left\"><h4>El Parc Taul\u00ed consolida amb \u00e8xit el projecte EcoQUIP Plus<\/h4>  <p>6 de maig 2024. Aquesta iniciativa col\u00b7laborativa internacional t\u00e9 com a missi\u00f3 demostrar com els m\u00e8todes de compra p\u00fablica d\u2019innovaci\u00f3 poden millorar l\u2019efici\u00e8ncia, la qualitat i la sostenibilitat de l\u2019atenci\u00f3 sanit\u00e0ria.<\/p>    <a href=\"https:\/\/www.tauli.cat\/institut\/actualitat\/noticies\/2024\/05\/el-parc-tauli-consolida-amb-exit-el-projecte-ecoquip-plus\/\" target=\"_blank\" class=\"eut-read-more \">Llegir not\u00edcia<\/a>  <\/div><\/div><div class=\"eut-element eut-image-text eut-animated-item eut-fadeIn\" style=\"\" data-delay=\"200\"><div class=\"eut-image\"><img loading=\"lazy\" decoding=\"async\" width=\"1170\" height=\"658\" src=\"https:\/\/www.tauli.cat\/activitat\/wp-content\/uploads\/2025\/07\/InstitutWeb-1170x658-1.jpg\" class=\"attachment-full size-full\" alt=\"\" srcset=\"https:\/\/www.tauli.cat\/activitat\/wp-content\/uploads\/2025\/07\/InstitutWeb-1170x658-1.jpg 1170w, https:\/\/www.tauli.cat\/activitat\/wp-content\/uploads\/2025\/07\/InstitutWeb-1170x658-1-300x169.jpg 300w, https:\/\/www.tauli.cat\/activitat\/wp-content\/uploads\/2025\/07\/InstitutWeb-1170x658-1-1024x576.jpg 1024w, https:\/\/www.tauli.cat\/activitat\/wp-content\/uploads\/2025\/07\/InstitutWeb-1170x658-1-768x432.jpg 768w, https:\/\/www.tauli.cat\/activitat\/wp-content\/uploads\/2025\/07\/InstitutWeb-1170x658-1-800x450.jpg 800w\" sizes=\"(max-width: 1170px) 100vw, 1170px\" \/><\/div>  <div class=\"eut-content eut-align-left\"><h4>Sis investigadors de l\u2019I3PT, entre els m\u00e9s citats del m\u00f3n<\/h4>  <p>20 de setembre 2024. La Universitat d\u2019Stanford ha publicat el World\u2019s Top 2% Scientists List, un destacat r\u00e0nquing mundial que identifica anualment els cient\u00edfics m\u00e9s influents de 22 camps de recerca i 174 subcamps a partir de dades bibliom\u00e8triques. <\/p>    <a href=\"https:\/\/www.tauli.cat\/institut\/actualitat\/noticies\/2024\/09\/sis-investigadors-de-li3pt-entre-els-mes-citats-del-mon\/\" target=\"_blank\" class=\"eut-read-more \">Llegir not\u00edcia<\/a>  <\/div><\/div><div class=\"eut-element eut-image-text eut-animated-item eut-fadeIn\" style=\"\" data-delay=\"200\"><div class=\"eut-image\"><img loading=\"lazy\" decoding=\"async\" width=\"1170\" height=\"658\" src=\"https:\/\/www.tauli.cat\/activitat\/wp-content\/uploads\/2025\/07\/WebGenesys-1170x658-1.jpg\" class=\"attachment-full size-full\" alt=\"\" srcset=\"https:\/\/www.tauli.cat\/activitat\/wp-content\/uploads\/2025\/07\/WebGenesys-1170x658-1.jpg 1170w, https:\/\/www.tauli.cat\/activitat\/wp-content\/uploads\/2025\/07\/WebGenesys-1170x658-1-300x169.jpg 300w, https:\/\/www.tauli.cat\/activitat\/wp-content\/uploads\/2025\/07\/WebGenesys-1170x658-1-1024x576.jpg 1024w, https:\/\/www.tauli.cat\/activitat\/wp-content\/uploads\/2025\/07\/WebGenesys-1170x658-1-768x432.jpg 768w, https:\/\/www.tauli.cat\/activitat\/wp-content\/uploads\/2025\/07\/WebGenesys-1170x658-1-800x450.jpg 800w\" sizes=\"(max-width: 1170px) 100vw, 1170px\" \/><\/div>  <div class=\"eut-content eut-align-left\"><h4>El projecte LIFE GENESYS desenvolupar\u00e0 un sistema de depuraci\u00f3 pioner per eliminar antibi\u00f2tics i bacteris resistents dels efluents hospitalaris<\/h4>  <p>25 de setembre 2024. L\u2019equip del projecte europeu dissenyar\u00e0 i implementar\u00e0 a l\u2019Hospital Universitari Parc Taul\u00ed un sistema de tractament d\u2019aig\u00fces residuals innovador i \u00fanic a Espanya.<\/p>    <a href=\"https:\/\/www.tauli.cat\/institut\/actualitat\/noticies\/2024\/09\/el-projecte-life-genesys-desenvolupara-un-sistema-de-depuracio-pioner-per-eliminar-antibiotics-i-bacteris-resistents-dels-efluents-hospitalaris\/\" target=\"_blank\" class=\"eut-read-more \">Llegir not\u00edcia<\/a>  <\/div><\/div><h3 class=\"eut-element eut-align-left eut-title-no-line eut-animated-item eut-fadeInRight\" style=\"\" data-delay=\"200\"><span>Projectes internacionals en actiu<\/span><\/h3>[vc_empty_space][vc_row_inner][vc_column_inner width=&#8221;1\/4&#8243;]<div class=\"eut-element eut-image eut-animated-item eut-fadeIn eut-align-center\" style=\"\" data-delay=\"200\"><a href=\"https:\/\/www.neuron-eranet.eu\/projects\/GEPI-BIOPSY\/\" target=\"_blank\"><img loading=\"lazy\" decoding=\"async\" width=\"300\" height=\"117\" src=\"https:\/\/www.tauli.cat\/activitat\/wp-content\/uploads\/2025\/09\/Polyarm.png\" class=\"attachment-medium size-medium\" alt=\"\" \/><\/a><\/div>[\/vc_column_inner][vc_column_inner width=&#8221;1\/4&#8243;]<div class=\"eut-element eut-image eut-animated-item eut-fadeIn eut-align-center\" style=\"\" data-delay=\"200\"><a href=\"https:\/\/www.tauli.cat\/institut\/plataformes-i-serveis\/laboratori-3d\/projectes\/innovation-in-the-joint-replacement-care-pathway-to-improve-patient-outcomes\/\" target=\"_blank\"><img loading=\"lazy\" decoding=\"async\" width=\"300\" height=\"93\" src=\"https:\/\/www.tauli.cat\/activitat\/wp-content\/uploads\/2022\/07\/ECOQUIP-300x93.png\" class=\"attachment-medium size-medium\" alt=\"\" srcset=\"https:\/\/www.tauli.cat\/activitat\/wp-content\/uploads\/2022\/07\/ECOQUIP-300x93.png 300w, https:\/\/www.tauli.cat\/activitat\/wp-content\/uploads\/2022\/07\/ECOQUIP.png 457w\" sizes=\"(max-width: 300px) 100vw, 300px\" \/><\/a><\/div>[\/vc_column_inner][vc_column_inner width=&#8221;1\/4&#8243;]<div class=\"eut-element eut-image eut-animated-item eut-fadeIn eut-align-center\" style=\"\" data-delay=\"200\"><a href=\"https:\/\/webs.uab.cat\/touch\/\" target=\"_blank\"><img loading=\"lazy\" decoding=\"async\" width=\"212\" height=\"87\" src=\"https:\/\/www.tauli.cat\/activitat\/wp-content\/uploads\/2024\/07\/Touch.jpg\" class=\"attachment-medium size-medium\" alt=\"\" \/><\/a><\/div>[\/vc_column_inner][vc_column_inner width=&#8221;1\/4&#8243;]<div class=\"eut-element eut-image eut-animated-item eut-fadeIn eut-align-center\" style=\"\" data-delay=\"200\"><a href=\"https:\/\/vascovid.eu\/\" target=\"_blank\"><img loading=\"lazy\" decoding=\"async\" width=\"300\" height=\"205\" src=\"https:\/\/www.tauli.cat\/activitat\/wp-content\/uploads\/2025\/09\/Logo-Genesys-web-1-300x205.png\" class=\"attachment-medium size-medium\" alt=\"\" srcset=\"https:\/\/www.tauli.cat\/activitat\/wp-content\/uploads\/2025\/09\/Logo-Genesys-web-1-300x205.png 300w, https:\/\/www.tauli.cat\/activitat\/wp-content\/uploads\/2025\/09\/Logo-Genesys-web-1-1024x701.png 1024w, https:\/\/www.tauli.cat\/activitat\/wp-content\/uploads\/2025\/09\/Logo-Genesys-web-1-768x526.png 768w, https:\/\/www.tauli.cat\/activitat\/wp-content\/uploads\/2025\/09\/Logo-Genesys-web-1-1536x1052.png 1536w, https:\/\/www.tauli.cat\/activitat\/wp-content\/uploads\/2025\/09\/Logo-Genesys-web-1-1920x1315.png 1920w\" sizes=\"(max-width: 300px) 100vw, 300px\" \/><\/a><\/div>[\/vc_column_inner][\/vc_row_inner][vc_empty_space height=&#8221;42px&#8221;][vc_row_inner][vc_column_inner width=&#8221;1\/4&#8243;]<div class=\"eut-element eut-image eut-animated-item eut-fadeIn eut-align-center\" style=\"\" data-delay=\"200\"><a href=\"https:\/\/www.icfo.eu\/studies\/phd-program\/phd-fellowship-programs\/flight\/\" target=\"_blank\"><img loading=\"lazy\" decoding=\"async\" width=\"300\" height=\"225\" src=\"https:\/\/www.tauli.cat\/activitat\/wp-content\/uploads\/2023\/09\/Logo-FLIGHT-300x225.png\" class=\"attachment-medium size-medium\" alt=\"\" srcset=\"https:\/\/www.tauli.cat\/activitat\/wp-content\/uploads\/2023\/09\/Logo-FLIGHT-300x225.png 300w, https:\/\/www.tauli.cat\/activitat\/wp-content\/uploads\/2023\/09\/Logo-FLIGHT-768x576.png 768w, https:\/\/www.tauli.cat\/activitat\/wp-content\/uploads\/2023\/09\/Logo-FLIGHT-800x600.png 800w, https:\/\/www.tauli.cat\/activitat\/wp-content\/uploads\/2023\/09\/Logo-FLIGHT.png 960w\" sizes=\"(max-width: 300px) 100vw, 300px\" \/><\/a><\/div>[\/vc_column_inner][vc_column_inner width=&#8221;1\/4&#8243;]<div class=\"eut-element eut-image eut-animated-item eut-fadeIn eut-align-center\" style=\"\" data-delay=\"200\"><a href=\"https:\/\/www.army.mil\/\" target=\"_blank\"><img loading=\"lazy\" decoding=\"async\" width=\"300\" height=\"300\" src=\"https:\/\/www.tauli.cat\/activitat\/wp-content\/uploads\/2023\/08\/Mark_of_the_United_States_Army.svg_-300x300.png\" class=\"attachment-medium size-medium\" alt=\"\" srcset=\"https:\/\/www.tauli.cat\/activitat\/wp-content\/uploads\/2023\/08\/Mark_of_the_United_States_Army.svg_-300x300.png 300w, https:\/\/www.tauli.cat\/activitat\/wp-content\/uploads\/2023\/08\/Mark_of_the_United_States_Army.svg_-1024x1024.png 1024w, https:\/\/www.tauli.cat\/activitat\/wp-content\/uploads\/2023\/08\/Mark_of_the_United_States_Army.svg_-150x150.png 150w, https:\/\/www.tauli.cat\/activitat\/wp-content\/uploads\/2023\/08\/Mark_of_the_United_States_Army.svg_-768x768.png 768w, https:\/\/www.tauli.cat\/activitat\/wp-content\/uploads\/2023\/08\/Mark_of_the_United_States_Army.svg_-600x600.png 600w, https:\/\/www.tauli.cat\/activitat\/wp-content\/uploads\/2023\/08\/Mark_of_the_United_States_Army.svg_-1120x1120.png 1120w, https:\/\/www.tauli.cat\/activitat\/wp-content\/uploads\/2023\/08\/Mark_of_the_United_States_Army.svg_.png 1200w\" sizes=\"(max-width: 300px) 100vw, 300px\" \/><\/a><\/div>[\/vc_column_inner][vc_column_inner width=&#8221;1\/4&#8243;]<div class=\"eut-element eut-image eut-animated-item eut-fadeIn eut-align-center\" style=\"\" data-delay=\"200\"><a href=\"https:\/\/www.ehden.eu\/\" target=\"_blank\"><img loading=\"lazy\" decoding=\"async\" width=\"300\" height=\"157\" src=\"https:\/\/www.tauli.cat\/activitat\/wp-content\/uploads\/2023\/08\/EHDEN-600x314-1-300x157.jpg\" class=\"attachment-medium size-medium\" alt=\"\" srcset=\"https:\/\/www.tauli.cat\/activitat\/wp-content\/uploads\/2023\/08\/EHDEN-600x314-1-300x157.jpg 300w, https:\/\/www.tauli.cat\/activitat\/wp-content\/uploads\/2023\/08\/EHDEN-600x314-1.jpg 600w\" sizes=\"(max-width: 300px) 100vw, 300px\" \/><\/a><\/div>[\/vc_column_inner][vc_column_inner width=&#8221;1\/4&#8243;]<div class=\"eut-element eut-image eut-animated-item eut-fadeIn eut-align-center\" style=\"\" data-delay=\"200\"><a href=\"https:\/\/intellilung-project.eu\/\" target=\"_blank\"><img loading=\"lazy\" decoding=\"async\" width=\"150\" height=\"150\" src=\"https:\/\/www.tauli.cat\/activitat\/wp-content\/uploads\/2023\/08\/IntelliLung_version-1-150x150-1.png\" class=\"attachment-medium size-medium\" alt=\"\" \/><\/a><\/div>[\/vc_column_inner][\/vc_row_inner][vc_empty_space height=&#8221;42px&#8221;][vc_empty_space height=&#8221;42px&#8221;][\/vc_column][\/vc_row]\n","protected":false},"excerpt":{"rendered":"<p>[vc_row][vc_column][vc_row_inner][vc_column_inner width=&#8221;1\/3&#8243;][\/vc_column_inner][vc_column_inner width=&#8221;1\/3&#8243;][\/vc_column_inner][vc_column_inner width=&#8221;1\/3&#8243;][\/vc_column_inner][\/vc_row_inner][vc_row_inner][vc_column_inner width=&#8221;1\/3&#8243;][\/vc_column_inner][vc_column_inner width=&#8221;1\/3&#8243;][\/vc_column_inner][vc_column_inner width=&#8221;1\/3&#8243;][\/vc_column_inner][\/vc_row_inner][vc_row_inner][vc_column_inner width=&#8221;1\/3&#8243;][\/vc_column_inner][vc_column_inner width=&#8221;1\/3&#8243;][\/vc_column_inner][vc_column_inner width=&#8221;1\/3&#8243;][\/vc_column_inner][\/vc_row_inner][vc_empty_space][vc_empty_space][vc_row_inner][vc_column_inner width=&#8221;1\/4&#8243;][\/vc_column_inner][vc_column_inner width=&#8221;1\/4&#8243;][\/vc_column_inner][vc_column_inner width=&#8221;1\/4&#8243;][\/vc_column_inner][vc_column_inner width=&#8221;1\/4&#8243;][\/vc_column_inner][\/vc_row_inner][vc_empty_space height=&#8221;42px&#8221;][vc_row_inner][vc_column_inner width=&#8221;1\/4&#8243;][\/vc_column_inner][vc_column_inner width=&#8221;1\/4&#8243;][\/vc_column_inner][vc_column_inner width=&#8221;1\/4&#8243;][\/vc_column_inner][vc_column_inner width=&#8221;1\/4&#8243;][\/vc_column_inner][\/vc_row_inner][vc_empty_space height=&#8221;42px&#8221;][vc_empty_space height=&#8221;42px&#8221;][\/vc_column][\/vc_row]<\/p>\n","protected":false},"author":7,"featured_media":0,"parent":2079,"menu_order":0,"comment_status":"closed","ping_status":"closed","template":"","meta":{"footnotes":""},"class_list":["post-2129","page","type-page","status-publish","hentry"],"_links":{"self":[{"href":"https:\/\/www.tauli.cat\/activitat\/wp-json\/wp\/v2\/pages\/2129"}],"collection":[{"href":"https:\/\/www.tauli.cat\/activitat\/wp-json\/wp\/v2\/pages"}],"about":[{"href":"https:\/\/www.tauli.cat\/activitat\/wp-json\/wp\/v2\/types\/page"}],"author":[{"embeddable":true,"href":"https:\/\/www.tauli.cat\/activitat\/wp-json\/wp\/v2\/users\/7"}],"replies":[{"embeddable":true,"href":"https:\/\/www.tauli.cat\/activitat\/wp-json\/wp\/v2\/comments?post=2129"}],"version-history":[{"count":7,"href":"https:\/\/www.tauli.cat\/activitat\/wp-json\/wp\/v2\/pages\/2129\/revisions"}],"predecessor-version":[{"id":2782,"href":"https:\/\/www.tauli.cat\/activitat\/wp-json\/wp\/v2\/pages\/2129\/revisions\/2782"}],"up":[{"embeddable":true,"href":"https:\/\/www.tauli.cat\/activitat\/wp-json\/wp\/v2\/pages\/2079"}],"wp:attachment":[{"href":"https:\/\/www.tauli.cat\/activitat\/wp-json\/wp\/v2\/media?parent=2129"}],"curies":[{"name":"wp","href":"https:\/\/api.w.org\/{rel}","templated":true}]}}