{"id":2162,"date":"2025-05-28T11:28:03","date_gmt":"2025-05-28T09:28:03","guid":{"rendered":"https:\/\/www.tauli.cat\/activitat\/?page_id=2162"},"modified":"2025-06-25T11:14:44","modified_gmt":"2025-06-25T09:14:44","slug":"memoria-2024","status":"publish","type":"page","link":"https:\/\/www.tauli.cat\/activitat\/memoria-2024\/","title":{"rendered":"Mem\u00f2ria 2024"},"content":{"rendered":"[vc_row][vc_column]<div class=\"eut-element eut-image-text pic\" style=\"margin-bottom: 2rem;\"><div class=\"eut-image\"><img loading=\"lazy\" decoding=\"async\" width=\"443\" height=\"423\" src=\"https:\/\/www.tauli.cat\/activitat\/wp-content\/uploads\/2025\/06\/MEMORIA-TAULI-2023-20241016_red.jpeg\" class=\"attachment-full size-full\" alt=\"\" srcset=\"https:\/\/www.tauli.cat\/activitat\/wp-content\/uploads\/2025\/06\/MEMORIA-TAULI-2023-20241016_red.jpeg 443w, https:\/\/www.tauli.cat\/activitat\/wp-content\/uploads\/2025\/06\/MEMORIA-TAULI-2023-20241016_red-300x286.jpeg 300w\" sizes=\"(max-width: 443px) 100vw, 443px\" \/><\/div>  <div class=\"eut-content eut-align-left\"><h2>Dolors Costa Sampere<\/h2>  <p>Presidenta del Parc Taul\u00ed<\/p>  <\/div><\/div>[vc_column_text animation=&#8221;fadeIn&#8221;]Us presentem la Mem\u00f2ria Anual del Consorci Corporaci\u00f3 Sanit\u00e0ria Parc Taul\u00ed (CCSPT) de Sabadell de l\u2019any 2024. Un document que integra les dades assistencials, not\u00edcies i projectes que es van dur a terme durant l\u2019any en les diferents entitats que la configuren: el Parc Taul\u00ed Hospital Universitari ; l\u2019Institut d\u2019Investigaci\u00f3 i Innovaci\u00f3 Parc Taul\u00ed (I3PT); Sabadell Gent Gran i els dos centres d\u2019atenci\u00f3 prim\u00e0ria (Can Rull i Can Llong).<\/p>\n<p>Un any m\u00e9s, hem continuat enfortint la nostra missi\u00f3: oferir una atenci\u00f3 sanit\u00e0ria d&#8217;excel\u00b7l\u00e8ncia, humana, segura i innovadora. En un entorn en constant evoluci\u00f3, hem sabut adaptar-nos, cr\u00e9ixer i projectar una visi\u00f3 sostenible de l&#8217;hospital, sempre posant en el centre a les persones.<\/p>\n<p>L\u2019any 2024 s\u2019ha caracteritzat per la finalitzaci\u00f3 dels projectes d\u2019ampliaci\u00f3 i renovaci\u00f3 del bloc quir\u00fargic central i el servei de cr\u00edtics, aix\u00ed com l\u2019inici de l\u2019activitat assistencial als nous espais del servei d\u2019urg\u00e8ncies, les unitats d\u2019observaci\u00f3 i curta estada, augmentant la capacitat d\u2019atenci\u00f3, tecnologia i confort dels nostres pacients i professionals.<\/p>\n<p>D\u2019altra banda, tamb\u00e9 ha estat un any en qu\u00e8 el Parc Taul\u00ed ha refor\u00e7at el seu vincle amb la ciutadania i territori, amb la creaci\u00f3 dels tres Consells consultius; Consell d\u2019Alcaldies, Consell d\u2019Empreses i Entitats Empresarials i Consell d\u2019Entitats i Associacions. \u00a0Aquests Consells esdevenen com a f\u00f2rums de di\u00e0leg per enriquir i millorar l\u2019estrat\u00e8gia del Parc Taul\u00ed incorporant la perspectiva de les empreses, institucions, \u00a0i l\u2019apropament a la ciutadania a la qual prestem servei.<\/p>\n<p>Per acabar, hem de destacar la professionalitat, dedicaci\u00f3 i implicaci\u00f3 de tot l\u2019equip hum\u00e0 del Parc Taul\u00ed, sens dubte el \u00a0patrimoni m\u00e9s valu\u00f3s de la nostra instituci\u00f3.[\/vc_column_text][\/vc_column][\/vc_row]\n","protected":false},"excerpt":{"rendered":"<p>[vc_row][vc_column][vc_column_text animation=&#8221;fadeIn&#8221;]Us presentem la Mem\u00f2ria Anual del Consorci Corporaci\u00f3 Sanit\u00e0ria Parc Taul\u00ed (CCSPT) de Sabadell de l\u2019any 2024. Un document que integra les dades assistencials, not\u00edcies i projectes que es van dur a terme durant l\u2019any en les diferents entitats que la configuren: el Parc Taul\u00ed Hospital Universitari ; l\u2019Institut d\u2019Investigaci\u00f3 i Innovaci\u00f3 Parc Taul\u00ed [&hellip;]<\/p>\n","protected":false},"author":1,"featured_media":0,"parent":0,"menu_order":0,"comment_status":"closed","ping_status":"closed","template":"","meta":{"footnotes":""},"class_list":["post-2162","page","type-page","status-publish","hentry"],"_links":{"self":[{"href":"https:\/\/www.tauli.cat\/activitat\/wp-json\/wp\/v2\/pages\/2162"}],"collection":[{"href":"https:\/\/www.tauli.cat\/activitat\/wp-json\/wp\/v2\/pages"}],"about":[{"href":"https:\/\/www.tauli.cat\/activitat\/wp-json\/wp\/v2\/types\/page"}],"author":[{"embeddable":true,"href":"https:\/\/www.tauli.cat\/activitat\/wp-json\/wp\/v2\/users\/1"}],"replies":[{"embeddable":true,"href":"https:\/\/www.tauli.cat\/activitat\/wp-json\/wp\/v2\/comments?post=2162"}],"version-history":[{"count":15,"href":"https:\/\/www.tauli.cat\/activitat\/wp-json\/wp\/v2\/pages\/2162\/revisions"}],"predecessor-version":[{"id":2430,"href":"https:\/\/www.tauli.cat\/activitat\/wp-json\/wp\/v2\/pages\/2162\/revisions\/2430"}],"wp:attachment":[{"href":"https:\/\/www.tauli.cat\/activitat\/wp-json\/wp\/v2\/media?parent=2162"}],"curies":[{"name":"wp","href":"https:\/\/api.w.org\/{rel}","templated":true}]}}