{"id":2165,"date":"2025-05-28T11:34:54","date_gmt":"2025-05-28T09:34:54","guid":{"rendered":"https:\/\/www.tauli.cat\/activitat\/?page_id=2165"},"modified":"2025-07-23T13:46:00","modified_gmt":"2025-07-23T11:46:00","slug":"som-tauli","status":"publish","type":"page","link":"https:\/\/www.tauli.cat\/activitat\/memoria-2024\/som-tauli\/","title":{"rendered":"Som Taul\u00ed"},"content":{"rendered":"[vc_row][vc_column][vc_tta_tour][vc_tta_section title=&#8221;Missi\u00f3, visi\u00f3, valors&#8221; tab_id=&#8221;missio-visio-valors&#8221;][vc_column_text]El Consorci Corporaci\u00f3 Sanit\u00e0ria Parc Taul\u00ed \u00e9s un consorci p\u00fablic de la Generalitat de Catalunya, el m\u00e0xim \u00f2rgan de govern del qual \u00e9s el Consell de Govern, i que gestiona els seg\u00fcents centres: Hospital Universitari Parc Taul\u00ed, Institut d&#8217;Investigaci\u00f3 i Innovaci\u00f3 Parc Taul\u00ed, Sabadell Gent Gran Centre de Serveis i els centres d\u2019atenci\u00f3 prim\u00e0ria Can Rull i Can Llong de la ciutat de Sabadell.<\/p>\n<h2>Missi\u00f3<\/h2>\n<p>Donar resposta a la poblaci\u00f3 de refer\u00e8ncia amb una atenci\u00f3 sanit\u00e0ria i social, de qualitat, resolutiva, integral i que fomenti l\u2019equitat i la satisfacci\u00f3 en un marc de sostenibilitat, integrant la doc\u00e8ncia, la recerca i la innovaci\u00f3.<\/p>\n<h2>Visi\u00f3<\/h2>\n<p>Ser una entitat d\u2019excel\u00b7l\u00e8ncia, l\u00edder, reconeguda per la societat i pels seus professionals, pel seu model assistencial, organitzatiu, docent i de recerca i que dona resposta als seus compromisos socials.<\/p>\n<h2>Valors<\/h2>\n<ul>\n<li>Atenci\u00f3 centrada en les persones: les necessitats de les persones que atenem \u00e9s el que realment ens importa.<\/li>\n<li>Comprom\u00eds amb la societat i la seva diversitat: el benestar de totes les persones que configuren la societat en qu\u00e8 vivim \u00e9s el nostre objectiu.<\/li>\n<li>Treball en equip: produ\u00efm sinergies entre els diferents \u00e0mbits i \u00e0rees de coneixement.<\/li>\n<li>Innovaci\u00f3: tenim capacitat de pensar i fer coses diferents per millorar.<\/li>\n<li>Efici\u00e8ncia: obtenim els millors resultats amb els recursos de qu\u00e8 disposem.<\/li>\n<li>Qualitat: sempre intentem millorar per obtenir un resultat excel\u00b7lent.<\/li>\n<\/ul>\n[\/vc_column_text][\/vc_tta_section][vc_tta_section title=&#8221;El Consorci&#8221; tab_id=&#8221;consorci&#8221;][vc_row_inner][vc_column_inner width=&#8221;1\/2&#8243;]<div class=\"eut-element eut-image eut-align-left\" style=\"\"><img loading=\"lazy\" decoding=\"async\" width=\"300\" height=\"70\" src=\"https:\/\/www.tauli.cat\/activitat\/wp-content\/uploads\/2025\/06\/marca_hospital_color1-300x70.png\" class=\"attachment-medium size-medium\" alt=\"\" srcset=\"https:\/\/www.tauli.cat\/activitat\/wp-content\/uploads\/2025\/06\/marca_hospital_color1-300x70.png 300w, https:\/\/www.tauli.cat\/activitat\/wp-content\/uploads\/2025\/06\/marca_hospital_color1-768x180.png 768w, https:\/\/www.tauli.cat\/activitat\/wp-content\/uploads\/2025\/06\/marca_hospital_color1.png 1013w\" sizes=\"(max-width: 300px) 100vw, 300px\" \/><\/div>[vc_column_text]L\u2019Hospital Universitari Parc Taul\u00ed \u00e9s el centre sanitari de refer\u00e8ncia de m\u00e9s de 400.000 persones de 9 municipis del Vall\u00e8s Occidental Est, i compta amb una plantilla de 4.494 professionals. Com a Hospital Universitari, el Parc Taul\u00ed t\u00e9 les unitats docents de medicina i infermeria de la UAB, amb una activitat docent anual de m\u00e9s de 450 estudiants.[\/vc_column_text][\/vc_column_inner][vc_column_inner width=&#8221;1\/2&#8243;]<div class=\"eut-element eut-image eut-align-left\" style=\"\"><img loading=\"lazy\" decoding=\"async\" width=\"300\" height=\"81\" src=\"https:\/\/www.tauli.cat\/activitat\/wp-content\/uploads\/2025\/06\/MARCA-ATENCIO-PRIMARIA-300x81.png\" class=\"attachment-medium size-medium\" alt=\"\" srcset=\"https:\/\/www.tauli.cat\/activitat\/wp-content\/uploads\/2025\/06\/MARCA-ATENCIO-PRIMARIA-300x81.png 300w, https:\/\/www.tauli.cat\/activitat\/wp-content\/uploads\/2025\/06\/MARCA-ATENCIO-PRIMARIA-768x207.png 768w, https:\/\/www.tauli.cat\/activitat\/wp-content\/uploads\/2025\/06\/MARCA-ATENCIO-PRIMARIA.png 875w\" sizes=\"(max-width: 300px) 100vw, 300px\" \/><\/div>[vc_column_text]El CCSPT gestiona dos Centres d\u2019Atenci\u00f3 Prim\u00e0ria a la localitat de Sabadell, el CAP Can Rull i el CAP Can Llong, donant servei a una poblaci\u00f3 de 23.759 persones.[\/vc_column_text][\/vc_column_inner][\/vc_row_inner][vc_row_inner][vc_column_inner width=&#8221;1\/2&#8243;]<div class=\"eut-element eut-image eut-align-left\" style=\"\"><img loading=\"lazy\" decoding=\"async\" width=\"300\" height=\"73\" src=\"https:\/\/www.tauli.cat\/activitat\/wp-content\/uploads\/2025\/06\/MARCA-SABADELL-GENT-GRAN3-300x73.png\" class=\"attachment-medium size-medium\" alt=\"\" srcset=\"https:\/\/www.tauli.cat\/activitat\/wp-content\/uploads\/2025\/06\/MARCA-SABADELL-GENT-GRAN3-300x73.png 300w, https:\/\/www.tauli.cat\/activitat\/wp-content\/uploads\/2025\/06\/MARCA-SABADELL-GENT-GRAN3-768x187.png 768w, https:\/\/www.tauli.cat\/activitat\/wp-content\/uploads\/2025\/06\/MARCA-SABADELL-GENT-GRAN3.png 965w\" sizes=\"(max-width: 300px) 100vw, 300px\" \/><\/div>[vc_column_text]Sabadell Gent Gran \u00e9s un centre de serveis orientat a cobrir les necessitats de la gent gran. Aquesta atenci\u00f3 es dona a les instal\u00b7lacions del centre, que compta amb 130 places de resid\u00e8ncia i 38 d\u2019apartaments assistits, i\/o al domicili propi de l\u2019usuari, en aquest darrer cas a trav\u00e9s dels serveis de Taul\u00ed Aprop.[\/vc_column_text][\/vc_column_inner][vc_column_inner width=&#8221;1\/2&#8243;]<div class=\"eut-element eut-image eut-align-left\" style=\"\"><img loading=\"lazy\" decoding=\"async\" width=\"300\" height=\"82\" src=\"https:\/\/www.tauli.cat\/activitat\/wp-content\/uploads\/2025\/06\/MARCA-I3PT3-300x82.png\" class=\"attachment-medium size-medium\" alt=\"\" srcset=\"https:\/\/www.tauli.cat\/activitat\/wp-content\/uploads\/2025\/06\/MARCA-I3PT3-300x82.png 300w, https:\/\/www.tauli.cat\/activitat\/wp-content\/uploads\/2025\/06\/MARCA-I3PT3-768x210.png 768w, https:\/\/www.tauli.cat\/activitat\/wp-content\/uploads\/2025\/06\/MARCA-I3PT3.png 1002w\" sizes=\"(max-width: 300px) 100vw, 300px\" \/><\/div>[vc_column_text]L&#8217;Institut d\u2019Investigaci\u00f3 i Innovaci\u00f3 I3PT disposa de 9 \u00e0rees de recerca amb 28 grups actius, i m\u00e9s de 400 professionals vinculats a la recerca i innovaci\u00f3. Com a centre de recerca, l\u2019I3PT est\u00e0 acreditat com a centre CERCA i com a Insituto de Investigaci\u00f3n Sanitaria Carlos III.[\/vc_column_text][\/vc_column_inner][\/vc_row_inner][\/vc_tta_section][vc_tta_section title=&#8221;\u00d2rgans de govern&#8221; tab_id=&#8221;organs-govern&#8221;][vc_column_text]\n<h2><strong>Consell de Govern CCSPT <\/strong><\/h2>\n<p>El CCSPT \u00e9s un consorci p\u00fablic de la Generalitat de Catalunya. El Consell de Govern \u00e9s el m\u00e0xim ordre de govern.<\/p>\n<p>\u00c9s funci\u00f3 del Consell de Govern marcar les pol\u00edtiques estrat\u00e8giques, supervisar la gesti\u00f3 i l&#8217;organitzaci\u00f3 de cadascuna de les unitats d\u2019activitat i controlar de forma integrada la Insti\u00adtuci\u00f3, tenint la transpar\u00e8ncia com a millor aliat.[\/vc_column_text][vc_row_inner][vc_column_inner width=&#8221;1\/2&#8243;][vc_column_text]\n<h3>Generalitat de Catalunya<\/h3>\n<ul>\n<li><strong>Dolors Costa Sampere<\/strong> &#8211; Presidenta<\/li>\n<li><strong>Maria Jos\u00e9 Torres Segura<\/strong> &#8211; Consellera<\/li>\n<li><strong>Elvira Mallafr\u00e9 Sala<\/strong> &#8211; Consellera<\/li>\n<li><strong>M Jes\u00fas Cubells Larrosa<\/strong> &#8211; Consellera<\/li>\n<li><strong>Josep Masip Suets<\/strong> &#8211; Conseller<\/li>\n<li><strong>August S\u00e0enz Bernat<\/strong> &#8211; Consellera<\/li>\n<\/ul>\n[\/vc_column_text][\/vc_column_inner][vc_column_inner width=&#8221;1\/2&#8243;][vc_column_text]\n<h3>Ajuntament de Sabadell<\/h3>\n<ul>\n<li><strong>Marta Farr\u00e9s Falgueras<\/strong> &#8211; Vicepresidenta<\/li>\n<li><strong>Eloi Ismael Cort\u00e9s Serra<\/strong> &#8211; Conseller (fins octubre 2024)<\/li>\n<li><strong>Montserrat Gonz\u00e1lez Ruiz<\/strong> &#8211; Consellera (des d&#8217;octubre 2024)<\/li>\n<\/ul>\n[\/vc_column_text][\/vc_column_inner][\/vc_row_inner][vc_row_inner][vc_column_inner width=&#8221;1\/2&#8243;][vc_column_text]\n<h3>Parc Taul\u00ed<\/h3>\n<ul>\n<li><strong>Anna Aran Sol\u00e9<\/strong>\u00a0&#8211; Direcci\u00f3 general<\/li>\n<li><strong>Laura Bay\u00f3 Braut<\/strong> &#8211; Secret\u00e0ria<\/li>\n<\/ul>\n[\/vc_column_text][\/vc_column_inner][vc_column_inner width=&#8221;1\/2&#8243;][vc_column_text]\n<h3>Universitat Aut\u00f2noma de Barcelona<\/h3>\n<ul>\n<li><strong>Assumpci\u00f3 Malgosa Morera<\/strong> &#8211; Consellera<\/li>\n<\/ul>\n[\/vc_column_text][\/vc_column_inner][\/vc_row_inner][vc_column_text]\n<h2>Consell d&#8217;Administraci\u00f3 Sabadell Gent Gran Centre de Serveis<\/h2>\n<ul>\n<li><strong>Maria Jos\u00e9 Torres Segura<\/strong> &#8211; Presidenta<\/li>\n<li><strong>Anna Aran Sol\u00e9<\/strong> &#8211; Consellera<\/li>\n<li><strong>Pedro Maria Cano Desandes<\/strong> &#8211; Conseller<\/li>\n<li><strong>Francesc Luque L\u00f3pez<\/strong> &#8211; Conseller<\/li>\n<li><strong>Sandra Tob\u00edas Grau<\/strong> &#8211; Consellera<\/li>\n<li><strong>Laura Bay\u00f3 Braut<\/strong> &#8211; Secretaria<\/li>\n<\/ul>\n[\/vc_column_text][vc_column_text]\n<h2>Patronat Fundaci\u00f3 Institut d&#8217;Investigaci\u00f3 i Innovaci\u00f3 Parc Taul\u00ed<\/h2>\n<h4>PRESID\u00c8NCIA<\/h4>\n<ul>\n<li><strong>Manel Balcells D\u00edaz<\/strong> &#8211; Conseller de Salut de la Generalitat de Catalunya (membre nat)<\/li>\n<\/ul>\n<h4>VICEPRESID\u00c8NCIA<\/h4>\n<ul>\n<li><strong>Anna Aran Sol\u00e9<\/strong> &#8211; Directora general del CCSPT (membre nat)<\/li>\n<\/ul>\n<h4>VICEPRESID\u00c8NCIA SEGONA<\/h4>\n<ul>\n<li><strong>Assumpci\u00f3 Malgosa Morera<\/strong> \u2013 Vicerectora de Recerca de la UAB (membre nat)<\/li>\n<\/ul>\n<h4>VOCALS<\/h4>\n<ul>\n<li><strong>Dolors Costa Sampere<\/strong> \u2013 Presid\u00e8ncia del CCSPT (membre nat)<\/li>\n<li><strong>Montserrat Llavayol Giralt<\/strong> \u2013 competent en Salut a la Generalitat de Catalunya<\/li>\n<li><strong>Joan G\u00f3mez Pallar\u00e8s<\/strong> \u2013 competent en Recerca a la Generalitat de Catalunya<\/li>\n<li><strong>Gemma Falguera Puig<\/strong> \u2013 Designada per la CSPT<\/li>\n<li><strong> Salut Brunet Mauri<\/strong> \u2013 Designada per la CSPT<\/li>\n<li><strong>Joan Bigorra Llosas<\/strong> \u2013 Designat per la CSPT<\/li>\n<li><strong>Rosa Maria Sebasti\u00e1n P\u00e9rez<\/strong> \u2013 Designada per l\u2019I3PT<\/li>\n<li><strong>Jordi Gratac\u00f3s Masmitj\u00e0<\/strong> \u2013 Designat per l\u2019I3PT<\/li>\n<li><strong>Josep Llobet Bach<\/strong> \u2013 Designat per l\u2019I3PT<\/li>\n<\/ul>\n<h4>SECRETARIAT<\/h4>\n<ul>\n<li><strong>Francesc Luque L\u00f3pez<\/strong> \u2013 Designat per Sabadell Gent Gran<\/li>\n<\/ul>\n<h4>VICESECRETARIAT<\/h4>\n<ul>\n<li><strong>M. Dolors Prados Cazorla<\/strong><\/li>\n<\/ul>\n[\/vc_column_text][\/vc_tta_section][vc_tta_section title=&#8221;Recursos estructurals&#8221; tab_id=&#8221;recursos-estructurals&#8221;][vc_row_inner][vc_column_inner width=&#8221;1\/2&#8243;]<div class=\"eut-element eut-counter eut-align-center\" style=\"\">  <div class=\"eut-counter-content\">    <div class=\"eut-counter-item eut-color-primary-1 eut-medium\">      <span data-thousands-separator-vis=\"\" data-thousands-separator=\".\" data-prefix=\"\" data-suffix=\"\" data-start-val=\"0\" data-end-val=\"115000\" data-decimal-points=\"0\" data-decimal-separator=\".\">0<\/span>    <\/div>\t<h3 class=\"eut-counter-title\">Metres quadrats constru\u00efts<\/h3>  <\/div><\/div>[\/vc_column_inner][vc_column_inner width=&#8221;1\/2&#8243;]<div class=\"eut-element eut-counter eut-align-center\" style=\"\">  <div class=\"eut-counter-content\">    <div class=\"eut-counter-item eut-color-primary-1 eut-medium\">      <span data-thousands-separator-vis=\"\" data-thousands-separator=\".\" data-prefix=\"\" data-suffix=\"\" data-start-val=\"0\" data-end-val=\"24\" data-decimal-points=\"0\" data-decimal-separator=\".\">0<\/span>    <\/div>\t<h3 class=\"eut-counter-title\">Quir\u00f2fans<\/h3>  <\/div><\/div>[\/vc_column_inner][\/vc_row_inner][vc_row_inner css=&#8221;.vc_custom_1749192870793{margin-bottom: 4rem !important;}&#8221;][vc_column_inner width=&#8221;1\/3&#8243;]<div class=\"eut-element eut-counter eut-align-center\" style=\"\">  <div class=\"eut-counter-content\">    <div class=\"eut-counter-item eut-color-primary-1 eut-medium\">      <span data-thousands-separator-vis=\"\" data-thousands-separator=\".\" data-prefix=\"\" data-suffix=\"\" data-start-val=\"0\" data-end-val=\"872\" data-decimal-points=\"0\" data-decimal-separator=\".\">0<\/span>    <\/div>\t<h3 class=\"eut-counter-title\">Llits<\/h3>  <\/div><\/div>[\/vc_column_inner][vc_column_inner width=&#8221;1\/3&#8243;]<div class=\"eut-element eut-counter eut-align-center\" style=\"\">  <div class=\"eut-counter-content\">    <div class=\"eut-counter-item eut-color-primary-1 eut-medium\">      <span data-thousands-separator-vis=\"\" data-thousands-separator=\".\" data-prefix=\"\" data-suffix=\"\" data-start-val=\"0\" data-end-val=\"48\" data-decimal-points=\"0\" data-decimal-separator=\".\">0<\/span>    <\/div>\t<h3 class=\"eut-counter-title\">Llits cr\u00edtics adults<\/h3>  <\/div><\/div>[\/vc_column_inner][vc_column_inner width=&#8221;1\/3&#8243;]<div class=\"eut-element eut-counter eut-align-center\" style=\"\">  <div class=\"eut-counter-content\">    <div class=\"eut-counter-item eut-color-primary-1 eut-medium\">      <span data-thousands-separator-vis=\"\" data-thousands-separator=\".\" data-prefix=\"\" data-suffix=\"\" data-start-val=\"0\" data-end-val=\"208\" data-decimal-points=\"0\" data-decimal-separator=\".\">0<\/span>    <\/div>\t<h3 class=\"eut-counter-title\">Places Sabadell Gent Gran<\/h3>  <\/div><\/div>[\/vc_column_inner][\/vc_row_inner][vc_row_inner][vc_column_inner][vc_raw_html el_class=&#8221;general-table&#8221;]JTNDdGFibGUlMjBib3JkZXIlM0QlMjIxJTIyJTIwY2VsbHNwYWNpbmclM0QlMjIwJTIyJTIwY2VsbHBhZGRpbmclM0QlMjI4JTIyJTNFJTBBJTIwJTIwJTNDdGhlYWQlM0UlMEElMjAlMjAlMjAlMjAlM0N0ciUzRSUwQSUyMCUyMCUyMCUyMCUyMCUyMCUzQ3RoJTIwY29sc3BhbiUzRCUyMjIlMjIlM0VFcXVpcGFtZW50JTIwdGVjbm9sJUMzJUIyZ2ljJTNDJTJGdGglM0UlMEElMjAlMjAlMjAlMjAlM0MlMkZ0ciUzRSUwQSUyMCUyMCUzQyUyRnRoZWFkJTNFJTBBJTIwJTIwJTNDdGJvZHklM0UlMEElMjAlMjAlMjAlMjAlM0N0ciUzRSUwQSUyMCUyMCUyMCUyMCUyMCUyMCUzQ3RkJTNFQXJjcyUyMHF1aXIlQzMlQkFyZ2ljcyUzQyUyRnRkJTNFJTBBJTIwJTIwJTIwJTIwJTIwJTIwJTNDdGQlM0U4JTNDJTJGdGQlM0UlMEElMjAlMjAlMjAlMjAlM0MlMkZ0ciUzRSUwQSUyMCUyMCUyMCUyMCUzQ3RyJTNFJTBBJTIwJTIwJTIwJTIwJTIwJTIwJTNDdGQlM0VSWCUyMHBvcnQlQzMlQTB0aWxzJTNDJTJGdGQlM0UlMEElMjAlMjAlMjAlMjAlMjAlMjAlM0N0ZCUzRTclM0MlMkZ0ZCUzRSUwQSUyMCUyMCUyMCUyMCUzQyUyRnRyJTNFJTBBJTIwJTIwJTIwJTIwJTNDdHIlM0UlMEElMjAlMjAlMjAlMjAlMjAlMjAlM0N0ZCUzRVJvYm90JTIwcXVpciVDMyVCQXJnaWMlMjBEYSUyMFZpbmNpJTNDJTJGdGQlM0UlMEElMjAlMjAlMjAlMjAlMjAlMjAlM0N0ZCUzRTIlM0MlMkZ0ZCUzRSUwQSUyMCUyMCUyMCUyMCUzQyUyRnRyJTNFJTBBJTIwJTIwJTIwJTIwJTNDdHIlM0UlMEElMjAlMjAlMjAlMjAlMjAlMjAlM0N0ZCUzRVNhbGVzJTIwUmFkaW9sb2dpYSUyMFZhc2N1bGFyJTIwSW50ZXJ2ZW5jaW9uaXN0YSUzQyUyRnRkJTNFJTBBJTIwJTIwJTIwJTIwJTIwJTIwJTNDdGQlM0UzJTNDJTJGdGQlM0UlMEElMjAlMjAlMjAlMjAlM0MlMkZ0ciUzRSUwQSUyMCUyMCUyMCUyMCUzQ3RyJTNFJTBBJTIwJTIwJTIwJTIwJTIwJTIwJTNDdGQlM0VSZXNzb24lQzMlQTBuY2lhJTIwbWFnbiVDMyVBOHRpY2ElM0MlMkZ0ZCUzRSUwQSUyMCUyMCUyMCUyMCUyMCUyMCUzQ3RkJTNFMyUzQyUyRnRkJTNFJTBBJTIwJTIwJTIwJTIwJTNDJTJGdHIlM0UlMEElMjAlMjAlMjAlMjAlM0N0ciUzRSUwQSUyMCUyMCUyMCUyMCUyMCUyMCUzQ3RkJTNFVEFDJTIwYW1iJTIwZXNjJUMzJUIycGlhJTNDJTJGdGQlM0UlMEElMjAlMjAlMjAlMjAlMjAlMjAlM0N0ZCUzRTMlM0MlMkZ0ZCUzRSUwQSUyMCUyMCUyMCUyMCUzQyUyRnRyJTNFJTBBJTIwJTIwJTIwJTIwJTNDdHIlM0UlMEElMjAlMjAlMjAlMjAlMjAlMjAlM0N0ZCUzRVNQRVQtVEMlM0MlMkZ0ZCUzRSUwQSUyMCUyMCUyMCUyMCUyMCUyMCUzQ3RkJTNFMSUzQyUyRnRkJTNFJTBBJTIwJTIwJTIwJTIwJTNDJTJGdHIlM0UlMEElMjAlMjAlMjAlMjAlM0N0ciUzRSUwQSUyMCUyMCUyMCUyMCUyMCUyMCUzQ3RkJTNFUEVULVRDJTNDJTJGdGQlM0UlMEElMjAlMjAlMjAlMjAlMjAlMjAlM0N0ZCUzRTElM0MlMkZ0ZCUzRSUwQSUyMCUyMCUyMCUyMCUzQyUyRnRyJTNFJTBBJTIwJTIwJTNDJTJGdGJvZHklM0UlMEElM0MlMkZ0YWJsZSUzRSUwQQ==[\/vc_raw_html][\/vc_column_inner][\/vc_row_inner][\/vc_tta_section][vc_tta_section title=&#8221;Informaci\u00f3 econ\u00f2mica&#8221; tab_id=&#8221;informacio-economica&#8221;][vc_row_inner][vc_column_inner width=&#8221;1\/2&#8243;]<div class=\"eut-element eut-image eut-align-left\" style=\"\"><img loading=\"lazy\" decoding=\"async\" width=\"300\" height=\"71\" src=\"https:\/\/www.tauli.cat\/activitat\/wp-content\/uploads\/2025\/06\/MARCA-PARC-TAULI-300x71.png\" class=\"attachment-medium size-medium\" alt=\"\" srcset=\"https:\/\/www.tauli.cat\/activitat\/wp-content\/uploads\/2025\/06\/MARCA-PARC-TAULI-300x71.png 300w, https:\/\/www.tauli.cat\/activitat\/wp-content\/uploads\/2025\/06\/MARCA-PARC-TAULI-1024x244.png 1024w, https:\/\/www.tauli.cat\/activitat\/wp-content\/uploads\/2025\/06\/MARCA-PARC-TAULI-768x183.png 768w, https:\/\/www.tauli.cat\/activitat\/wp-content\/uploads\/2025\/06\/MARCA-PARC-TAULI.png 1113w\" sizes=\"(max-width: 300px) 100vw, 300px\" \/><\/div>[vc_raw_html el_class=&#8221;general-table&#8221;]JTNDdGFibGUlMjBib3JkZXIlM0QlMjIxJTIyJTNFJTBBJTIwJTIwJTNDdGhlYWQlM0UlMEElMjAlMjAlMjAlMjAlM0N0ciUzRSUwQSUyMCUyMCUyMCUyMCUyMCUyMCUzQ3RoJTNFQ29uY2VwdGUlM0MlMkZ0aCUzRSUwQSUyMCUyMCUyMCUyMCUyMCUyMCUzQ3RoJTNFSW1wb3J0JTIwJTI4dG90YWwlMjklM0MlMkZ0aCUzRSUwQSUyMCUyMCUyMCUyMCUzQyUyRnRyJTNFJTBBJTIwJTIwJTNDJTJGdGhlYWQlM0UlMEElMjAlMjAlM0N0Ym9keSUzRSUwQSUyMCUyMCUyMCUyMCUzQ3RyJTNFJTBBJTIwJTIwJTIwJTIwJTIwJTIwJTNDdGQlM0VJbmdyZXNzb3MlMjB0b3RhbHMlM0MlMkZ0ZCUzRSUwQSUyMCUyMCUyMCUyMCUyMCUyMCUzQ3RkJTNFNDQ4JTJDOCUyMG1pbGlvbnMlMjAlRTIlODIlQUMlM0MlMkZ0ZCUzRSUwQSUyMCUyMCUyMCUyMCUzQyUyRnRyJTNFJTBBJTIwJTIwJTIwJTIwJTNDdHIlM0UlMEElMjAlMjAlMjAlMjAlMjAlMjAlM0N0ZCUzRURlc3Blc2VzJTIwZCVFMiU4MCU5OWV4cGxvdGFjaSVDMyVCMyUyMHRvdGFscyUzQyUyRnRkJTNFJTBBJTIwJTIwJTIwJTIwJTIwJTIwJTNDdGQlM0UxODIlMkM4JTIwbWlsaW9ucyUyMCVFMiU4MiVBQyUzQyUyRnRkJTNFJTBBJTIwJTIwJTIwJTIwJTNDJTJGdHIlM0UlMEElMjAlMjAlMjAlMjAlM0N0ciUzRSUwQSUyMCUyMCUyMCUyMCUyMCUyMCUzQ3RkJTNFUGVyc29uYWwlMjB0b3RhbCUzQyUyRnRkJTNFJTBBJTIwJTIwJTIwJTIwJTIwJTIwJTNDdGQlM0UyNzIlMkMzNSUyMG1pbGlvbnMlMjAlRTIlODIlQUMlM0MlMkZ0ZCUzRSUwQSUyMCUyMCUyMCUyMCUzQyUyRnRyJTNFJTBBJTIwJTIwJTIwJTIwJTNDdHIlM0UlMEElMjAlMjAlMjAlMjAlMjAlMjAlM0N0ZCUzRUludmVyc2klQzMlQjMlMjB0b3RhbCUzQyUyRnRkJTNFJTBBJTIwJTIwJTIwJTIwJTIwJTIwJTNDdGQlM0UyMSUyQzUlMjBtaWxpb25zJTIwJUUyJTgyJUFDJTNDJTJGdGQlM0UlMEElMjAlMjAlMjAlMjAlM0MlMkZ0ciUzRSUwQSUyMCUyMCUzQyUyRnRib2R5JTNFJTBBJTNDJTJGdGFibGUlM0UlMEE=[\/vc_raw_html][\/vc_column_inner][vc_column_inner width=&#8221;1\/2&#8243;]<div class=\"eut-element eut-image eut-align-left\" style=\"\"><img loading=\"lazy\" decoding=\"async\" width=\"300\" height=\"70\" src=\"https:\/\/www.tauli.cat\/activitat\/wp-content\/uploads\/2025\/06\/marca_hospital_color1-300x70.png\" class=\"attachment-medium size-medium\" alt=\"\" srcset=\"https:\/\/www.tauli.cat\/activitat\/wp-content\/uploads\/2025\/06\/marca_hospital_color1-300x70.png 300w, https:\/\/www.tauli.cat\/activitat\/wp-content\/uploads\/2025\/06\/marca_hospital_color1-768x180.png 768w, https:\/\/www.tauli.cat\/activitat\/wp-content\/uploads\/2025\/06\/marca_hospital_color1.png 1013w\" sizes=\"(max-width: 300px) 100vw, 300px\" \/><\/div>[vc_raw_html el_id=&#8221;economic-table&#8221;]JTNDdGFibGUlMjBib3JkZXIlM0QlMjIxJTIyJTNFJTBBJTIwJTIwJTNDdGhlYWQlM0UlMEElMjAlMjAlMjAlMjAlM0N0ciUyMHN0eWxlJTNEJTIyYmFja2dyb3VuZC1jb2xvciUzQSUyMzUwYTdiYyUzQiUyMiUzRSUwQSUyMCUyMCUyMCUyMCUyMCUyMCUzQ3RoJTNFQ29uY2VwdGUlM0MlMkZ0aCUzRSUwQSUyMCUyMCUyMCUyMCUyMCUyMCUzQ3RoJTNFSW1wb3J0JTNDJTJGdGglM0UlMEElMjAlMjAlMjAlMjAlM0MlMkZ0ciUzRSUwQSUyMCUyMCUzQyUyRnRoZWFkJTNFJTBBJTIwJTIwJTNDdGJvZHklM0UlMEElMjAlMjAlMjAlMjAlM0N0ciUzRSUwQSUyMCUyMCUyMCUyMCUyMCUyMCUzQ3RkJTNFSW5ncmVzc29zJTNDJTJGdGQlM0UlMEElMjAlMjAlMjAlMjAlMjAlMjAlM0N0ZCUzRTQzNiUyQzglMjBtaWxpb25zJTIwJUUyJTgyJUFDJTNDJTJGdGQlM0UlMEElMjAlMjAlMjAlMjAlM0MlMkZ0ciUzRSUwQSUyMCUyMCUyMCUyMCUzQ3RyJTNFJTBBJTIwJTIwJTIwJTIwJTIwJTIwJTNDdGQlM0VEZXNwZXNlcyUyMGQlRTIlODAlOTlleHBsb3RhY2klQzMlQjMlM0MlMkZ0ZCUzRSUwQSUyMCUyMCUyMCUyMCUyMCUyMCUzQ3RkJTNFMTc5JTJDMyUyMG1pbGlvbnMlMjAlRTIlODIlQUMlM0MlMkZ0ZCUzRSUwQSUyMCUyMCUyMCUyMCUzQyUyRnRyJTNFJTBBJTIwJTIwJTIwJTIwJTNDdHIlM0UlMEElMjAlMjAlMjAlMjAlMjAlMjAlM0N0ZCUzRVBlcnNvbmFsJTNDJTJGdGQlM0UlMEElMjAlMjAlMjAlMjAlMjAlMjAlM0N0ZCUzRTI2NCUyQzElMjBtaWxpb25zJTIwJUUyJTgyJUFDJTNDJTJGdGQlM0UlMEElMjAlMjAlMjAlMjAlM0MlMkZ0ciUzRSUwQSUyMCUyMCUyMCUyMCUzQ3RyJTNFJTBBJTIwJTIwJTIwJTIwJTIwJTIwJTNDdGQlM0VJbnZlcnNpJUMzJUIzJTNDJTJGdGQlM0UlMEElMjAlMjAlMjAlMjAlMjAlMjAlM0N0ZCUzRTE5JTJDNCUyMG1pbGlvbnMlMjAlRTIlODIlQUMlM0MlMkZ0ZCUzRSUwQSUyMCUyMCUyMCUyMCUzQyUyRnRyJTNFJTBBJTIwJTIwJTNDJTJGdGJvZHklM0UlMEElM0MlMkZ0YWJsZSUzRSUwQQ==[\/vc_raw_html][\/vc_column_inner][\/vc_row_inner][vc_row_inner][vc_column_inner width=&#8221;1\/2&#8243;]<div class=\"eut-element eut-image eut-align-left\" style=\"\"><img loading=\"lazy\" decoding=\"async\" width=\"300\" height=\"73\" src=\"https:\/\/www.tauli.cat\/activitat\/wp-content\/uploads\/2025\/06\/MARCA-SABADELL-GENT-GRAN3-300x73.png\" class=\"attachment-medium size-medium\" alt=\"\" srcset=\"https:\/\/www.tauli.cat\/activitat\/wp-content\/uploads\/2025\/06\/MARCA-SABADELL-GENT-GRAN3-300x73.png 300w, https:\/\/www.tauli.cat\/activitat\/wp-content\/uploads\/2025\/06\/MARCA-SABADELL-GENT-GRAN3-768x187.png 768w, https:\/\/www.tauli.cat\/activitat\/wp-content\/uploads\/2025\/06\/MARCA-SABADELL-GENT-GRAN3.png 965w\" sizes=\"(max-width: 300px) 100vw, 300px\" \/><\/div>[vc_raw_html el_id=&#8221;economic-table-sgg&#8221;]JTNDdGFibGUlMjBib3JkZXIlM0QlMjIxJTIyJTNFJTBBJTIwJTIwJTNDdGhlYWQlM0UlMEElMjAlMjAlMjAlMjAlM0N0ciUzRSUwQSUyMCUyMCUyMCUyMCUyMCUyMCUzQ3RoJTNFQ29uY2VwdGUlM0MlMkZ0aCUzRSUwQSUyMCUyMCUyMCUyMCUyMCUyMCUzQ3RoJTNFSW1wb3J0JTNDJTJGdGglM0UlMEElMjAlMjAlMjAlMjAlM0MlMkZ0ciUzRSUwQSUyMCUyMCUzQyUyRnRoZWFkJTNFJTBBJTIwJTIwJTNDdGJvZHklM0UlMEElMjAlMjAlMjAlMjAlM0N0ciUzRSUwQSUyMCUyMCUyMCUyMCUyMCUyMCUzQ3RkJTNFSW5ncmVzc29zJTNDJTJGdGQlM0UlMEElMjAlMjAlMjAlMjAlMjAlMjAlM0N0ZCUzRTQlMkM2JTIwbWlsaW9ucyUyMCVFMiU4MiVBQyUzQyUyRnRkJTNFJTBBJTIwJTIwJTIwJTIwJTNDJTJGdHIlM0UlMEElMjAlMjAlMjAlMjAlM0N0ciUzRSUwQSUyMCUyMCUyMCUyMCUyMCUyMCUzQ3RkJTNFRGVzcGVzZXMlMjBkJUUyJTgwJTk5ZXhwbG90YWNpJUMzJUIzJTNDJTJGdGQlM0UlMEElMjAlMjAlMjAlMjAlMjAlMjAlM0N0ZCUzRTElMkM2JTIwbWlsaW9ucyUyMCVFMiU4MiVBQyUzQyUyRnRkJTNFJTBBJTIwJTIwJTIwJTIwJTNDJTJGdHIlM0UlMEElMjAlMjAlMjAlMjAlM0N0ciUzRSUwQSUyMCUyMCUyMCUyMCUyMCUyMCUzQ3RkJTNFUGVyc29uYWwlM0MlMkZ0ZCUzRSUwQSUyMCUyMCUyMCUyMCUyMCUyMCUzQ3RkJTNFMiUyQzklMjBtaWxpb25zJTIwJUUyJTgyJUFDJTNDJTJGdGQlM0UlMEElMjAlMjAlMjAlMjAlM0MlMkZ0ciUzRSUwQSUyMCUyMCUyMCUyMCUzQ3RyJTNFJTBBJTIwJTIwJTIwJTIwJTIwJTIwJTNDdGQlM0VJbnZlcnNpJUMzJUIzJTNDJTJGdGQlM0UlMEElMjAlMjAlMjAlMjAlMjAlMjAlM0N0ZCUzRTAlMkMyJTIwbWlsaW9ucyUyMCVFMiU4MiVBQyUzQyUyRnRkJTNFJTBBJTIwJTIwJTIwJTIwJTNDJTJGdHIlM0UlMEElMjAlMjAlM0MlMkZ0Ym9keSUzRSUwQSUzQyUyRnRhYmxlJTNFJTBB[\/vc_raw_html][\/vc_column_inner][vc_column_inner width=&#8221;1\/2&#8243;]<div class=\"eut-element eut-image eut-align-left\" style=\"\"><img loading=\"lazy\" decoding=\"async\" width=\"300\" height=\"82\" src=\"https:\/\/www.tauli.cat\/activitat\/wp-content\/uploads\/2025\/06\/MARCA-I3PT3-300x82.png\" class=\"attachment-medium size-medium\" alt=\"\" srcset=\"https:\/\/www.tauli.cat\/activitat\/wp-content\/uploads\/2025\/06\/MARCA-I3PT3-300x82.png 300w, https:\/\/www.tauli.cat\/activitat\/wp-content\/uploads\/2025\/06\/MARCA-I3PT3-768x210.png 768w, https:\/\/www.tauli.cat\/activitat\/wp-content\/uploads\/2025\/06\/MARCA-I3PT3.png 1002w\" sizes=\"(max-width: 300px) 100vw, 300px\" \/><\/div>[vc_raw_html el_id=&#8221;economic-table-i3pt&#8221;]JTNDdGFibGUlMjBib3JkZXIlM0QlMjIxJTIyJTNFJTBBJTIwJTIwJTNDdGhlYWQlM0UlMEElMjAlMjAlMjAlMjAlM0N0ciUzRSUwQSUyMCUyMCUyMCUyMCUyMCUyMCUzQ3RoJTNFQ29uY2VwdGUlM0MlMkZ0aCUzRSUwQSUyMCUyMCUyMCUyMCUyMCUyMCUzQ3RoJTNFSW1wb3J0JTNDJTJGdGglM0UlMEElMjAlMjAlMjAlMjAlM0MlMkZ0ciUzRSUwQSUyMCUyMCUzQyUyRnRoZWFkJTNFJTBBJTIwJTIwJTNDdGJvZHklM0UlMEElMjAlMjAlMjAlMjAlM0N0ciUzRSUwQSUyMCUyMCUyMCUyMCUyMCUyMCUzQ3RkJTNFSW5ncmVzc29zJTNDJTJGdGQlM0UlMEElMjAlMjAlMjAlMjAlMjAlMjAlM0N0ZCUzRTclMkM0JTIwbWlsaW9ucyUyMCVFMiU4MiVBQyUzQyUyRnRkJTNFJTBBJTIwJTIwJTIwJTIwJTNDJTJGdHIlM0UlMEElMjAlMjAlMjAlMjAlM0N0ciUzRSUwQSUyMCUyMCUyMCUyMCUyMCUyMCUzQ3RkJTNFRGVzcGVzZXMlMjBkJUUyJTgwJTk5ZXhwbG90YWNpJUMzJUIzJTNDJTJGdGQlM0UlMEElMjAlMjAlMjAlMjAlMjAlMjAlM0N0ZCUzRTElMkM5JTIwbWlsaW9ucyUyMCVFMiU4MiVBQyUzQyUyRnRkJTNFJTBBJTIwJTIwJTIwJTIwJTNDJTJGdHIlM0UlMEElMjAlMjAlMjAlMjAlM0N0ciUzRSUwQSUyMCUyMCUyMCUyMCUyMCUyMCUzQ3RkJTNFUGVyc29uYWwlM0MlMkZ0ZCUzRSUwQSUyMCUyMCUyMCUyMCUyMCUyMCUzQ3RkJTNFNSUyQzI1JTIwbWlsaW9ucyUyMCVFMiU4MiVBQyUzQyUyRnRkJTNFJTBBJTIwJTIwJTIwJTIwJTNDJTJGdHIlM0UlMEElMjAlMjAlMjAlMjAlM0N0ciUzRSUwQSUyMCUyMCUyMCUyMCUyMCUyMCUzQ3RkJTNFSW52ZXJzaSVDMyVCMyUzQyUyRnRkJTNFJTBBJTIwJTIwJTIwJTIwJTIwJTIwJTNDdGQlM0UxJTJDOSUyMG1pbGlvbnMlMjAlRTIlODIlQUMlM0MlMkZ0ZCUzRSUwQSUyMCUyMCUyMCUyMCUzQyUyRnRyJTNFJTBBJTIwJTIwJTNDJTJGdGJvZHklM0UlMEElM0MlMkZ0YWJsZSUzRSUwQQ==[\/vc_raw_html][\/vc_column_inner][\/vc_row_inner][\/vc_tta_section][\/vc_tta_tour][\/vc_column][\/vc_row]\n","protected":false},"excerpt":{"rendered":"<p>[vc_row][vc_column][vc_tta_tour][vc_tta_section title=&#8221;Missi\u00f3, visi\u00f3, valors&#8221; tab_id=&#8221;missio-visio-valors&#8221;][vc_column_text]El Consorci Corporaci\u00f3 Sanit\u00e0ria Parc Taul\u00ed \u00e9s un consorci p\u00fablic de la Generalitat de Catalunya, el m\u00e0xim \u00f2rgan de govern del qual \u00e9s el Consell de Govern, i que gestiona els seg\u00fcents centres: Hospital Universitari Parc Taul\u00ed, Institut d&#8217;Investigaci\u00f3 i Innovaci\u00f3 Parc Taul\u00ed, Sabadell Gent Gran Centre de Serveis i els [&hellip;]<\/p>\n","protected":false},"author":1,"featured_media":0,"parent":2162,"menu_order":0,"comment_status":"closed","ping_status":"closed","template":"","meta":{"footnotes":""},"class_list":["post-2165","page","type-page","status-publish","hentry"],"_links":{"self":[{"href":"https:\/\/www.tauli.cat\/activitat\/wp-json\/wp\/v2\/pages\/2165"}],"collection":[{"href":"https:\/\/www.tauli.cat\/activitat\/wp-json\/wp\/v2\/pages"}],"about":[{"href":"https:\/\/www.tauli.cat\/activitat\/wp-json\/wp\/v2\/types\/page"}],"author":[{"embeddable":true,"href":"https:\/\/www.tauli.cat\/activitat\/wp-json\/wp\/v2\/users\/1"}],"replies":[{"embeddable":true,"href":"https:\/\/www.tauli.cat\/activitat\/wp-json\/wp\/v2\/comments?post=2165"}],"version-history":[{"count":56,"href":"https:\/\/www.tauli.cat\/activitat\/wp-json\/wp\/v2\/pages\/2165\/revisions"}],"predecessor-version":[{"id":2698,"href":"https:\/\/www.tauli.cat\/activitat\/wp-json\/wp\/v2\/pages\/2165\/revisions\/2698"}],"up":[{"embeddable":true,"href":"https:\/\/www.tauli.cat\/activitat\/wp-json\/wp\/v2\/pages\/2162"}],"wp:attachment":[{"href":"https:\/\/www.tauli.cat\/activitat\/wp-json\/wp\/v2\/media?parent=2165"}],"curies":[{"name":"wp","href":"https:\/\/api.w.org\/{rel}","templated":true}]}}