{"id":2171,"date":"2025-05-28T11:36:09","date_gmt":"2025-05-28T09:36:09","guid":{"rendered":"https:\/\/www.tauli.cat\/activitat\/?page_id=2171"},"modified":"2025-07-23T13:43:31","modified_gmt":"2025-07-23T11:43:31","slug":"diem-el-que-fem","status":"publish","type":"page","link":"https:\/\/www.tauli.cat\/activitat\/memoria-2024\/diem-el-que-fem\/","title":{"rendered":"Diem el que fem"},"content":{"rendered":"[vc_row][vc_column][vc_tta_tour][vc_tta_section title=&#8221;Not\u00edcies destacades&#8221; tab_id=&#8221;noticies-destacades&#8221;][vc_row_inner][vc_column_inner]<div class=\"eut-element eut-image eut-align-center\" style=\"\"><img loading=\"lazy\" decoding=\"async\" width=\"1200\" height=\"800\" src=\"https:\/\/www.tauli.cat\/activitat\/wp-content\/uploads\/2025\/06\/ORL_3-1200x800-1.jpg\" class=\"attachment-full size-full\" alt=\"\" srcset=\"https:\/\/www.tauli.cat\/activitat\/wp-content\/uploads\/2025\/06\/ORL_3-1200x800-1.jpg 1200w, https:\/\/www.tauli.cat\/activitat\/wp-content\/uploads\/2025\/06\/ORL_3-1200x800-1-300x200.jpg 300w, https:\/\/www.tauli.cat\/activitat\/wp-content\/uploads\/2025\/06\/ORL_3-1200x800-1-1024x683.jpg 1024w, https:\/\/www.tauli.cat\/activitat\/wp-content\/uploads\/2025\/06\/ORL_3-1200x800-1-768x512.jpg 768w\" sizes=\"(max-width: 1200px) 100vw, 1200px\" \/><\/div>[vc_column_text el_class=&#8221;noti-titular&#8221;]\n<h2 class=\"eut-single-post-title\"><a href=\"https:\/\/www.tauli.cat\/actualitat\/noticia\/2024\/12\/recuperar-el-sentit-de-lolfacte-amb-un-programa-integral-de-rehabilitacio\/\" target=\"_blank\" rel=\"noopener\">Recuperar el sentit de l\u2019olfacte amb un programa integral de rehabilitaci\u00f3<\/a><\/h2>\n[\/vc_column_text][\/vc_column_inner][\/vc_row_inner][vc_row_inner][vc_column_inner]<div class=\"eut-element eut-image eut-align-center\" style=\"\"><img loading=\"lazy\" decoding=\"async\" width=\"1200\" height=\"800\" src=\"https:\/\/www.tauli.cat\/activitat\/wp-content\/uploads\/2025\/06\/Jornada_4-1-1200x800-1.jpg\" class=\"attachment-full size-full\" alt=\"\" srcset=\"https:\/\/www.tauli.cat\/activitat\/wp-content\/uploads\/2025\/06\/Jornada_4-1-1200x800-1.jpg 1200w, https:\/\/www.tauli.cat\/activitat\/wp-content\/uploads\/2025\/06\/Jornada_4-1-1200x800-1-300x200.jpg 300w, https:\/\/www.tauli.cat\/activitat\/wp-content\/uploads\/2025\/06\/Jornada_4-1-1200x800-1-1024x683.jpg 1024w, https:\/\/www.tauli.cat\/activitat\/wp-content\/uploads\/2025\/06\/Jornada_4-1-1200x800-1-768x512.jpg 768w\" sizes=\"(max-width: 1200px) 100vw, 1200px\" \/><\/div>[vc_column_text el_class=&#8221;noti-titular&#8221;]\n<h2 class=\"eut-single-post-title\"><a href=\"https:\/\/www.tauli.cat\/actualitat\/noticia\/2024\/11\/la-unitat-de-malalties-minoritaries-engega-una-prova-pilot-de-transicio-de-pacients-pediatrics-a-adults-amb-trastorns-cognitius-conductuals-de-base-genetica\/\" target=\"_blank\" rel=\"noopener\">La Unitat de Malalties Minorit\u00e0ries engega una prova pilot de transici\u00f3 de pacients pedi\u00e0trics a adults amb trastorns cognitius conductuals de base gen\u00e8tica<\/a><\/h2>\n[\/vc_column_text][\/vc_column_inner][\/vc_row_inner][vc_row_inner][vc_column_inner]<div class=\"eut-element eut-image eut-align-center\" style=\"\"><img loading=\"lazy\" decoding=\"async\" width=\"1200\" height=\"739\" src=\"https:\/\/www.tauli.cat\/activitat\/wp-content\/uploads\/2025\/06\/IMG_4860_OK_2-1200x739-1.jpg\" class=\"attachment-full size-full\" alt=\"\" srcset=\"https:\/\/www.tauli.cat\/activitat\/wp-content\/uploads\/2025\/06\/IMG_4860_OK_2-1200x739-1.jpg 1200w, https:\/\/www.tauli.cat\/activitat\/wp-content\/uploads\/2025\/06\/IMG_4860_OK_2-1200x739-1-300x185.jpg 300w, https:\/\/www.tauli.cat\/activitat\/wp-content\/uploads\/2025\/06\/IMG_4860_OK_2-1200x739-1-1024x631.jpg 1024w, https:\/\/www.tauli.cat\/activitat\/wp-content\/uploads\/2025\/06\/IMG_4860_OK_2-1200x739-1-768x473.jpg 768w\" sizes=\"(max-width: 1200px) 100vw, 1200px\" \/><\/div>[vc_column_text el_class=&#8221;noti-titular&#8221;]\n<h2 class=\"eut-single-post-title\"><a href=\"https:\/\/www.tauli.cat\/actualitat\/noticia\/2024\/09\/el-parc-tauli-crea-la-unitat-de-transicio-per-als-pacients-pediatrics-amb-malalties-reumatologiques-i-autoimmunes-sistemiques\/\" target=\"_blank\" rel=\"noopener\">El Parc Taul\u00ed crea la Unitat de Transici\u00f3 per als pacients pedi\u00e0trics amb malalties Reumatol\u00f2giques i Autoimmunes Sist\u00e8miques<\/a><\/h2>\n[\/vc_column_text][\/vc_column_inner][\/vc_row_inner][vc_row_inner][vc_column_inner]<div class=\"eut-element eut-image eut-align-center\" style=\"\"><img loading=\"lazy\" decoding=\"async\" width=\"1200\" height=\"800\" src=\"https:\/\/www.tauli.cat\/activitat\/wp-content\/uploads\/2025\/06\/ORL_4-1200x800-1.jpg\" class=\"attachment-full size-full\" alt=\"\" srcset=\"https:\/\/www.tauli.cat\/activitat\/wp-content\/uploads\/2025\/06\/ORL_4-1200x800-1.jpg 1200w, https:\/\/www.tauli.cat\/activitat\/wp-content\/uploads\/2025\/06\/ORL_4-1200x800-1-300x200.jpg 300w, https:\/\/www.tauli.cat\/activitat\/wp-content\/uploads\/2025\/06\/ORL_4-1200x800-1-1024x683.jpg 1024w, https:\/\/www.tauli.cat\/activitat\/wp-content\/uploads\/2025\/06\/ORL_4-1200x800-1-768x512.jpg 768w\" sizes=\"(max-width: 1200px) 100vw, 1200px\" \/><\/div>[vc_column_text el_class=&#8221;noti-titular&#8221;]\n<h2 class=\"eut-single-post-title\"><a href=\"https:\/\/www.tauli.cat\/actualitat\/noticia\/2024\/10\/primera-cirurgia-de-reseccio-lateral-de-los-temporal-per-tractar-un-cancer-dorella\/\" target=\"_blank\" rel=\"noopener\">Primera cirurgia de resecci\u00f3 lateral de l\u2019os temporal per tractar un c\u00e0ncer d\u2019orella<\/a><\/h2>\n[\/vc_column_text][\/vc_column_inner][\/vc_row_inner][vc_row_inner][vc_column_inner]<div class=\"eut-element eut-image eut-align-center\" style=\"\"><img loading=\"lazy\" decoding=\"async\" width=\"1200\" height=\"800\" src=\"https:\/\/www.tauli.cat\/activitat\/wp-content\/uploads\/2025\/06\/FQ_1-1200x800-1.jpg\" class=\"attachment-full size-full\" alt=\"\" srcset=\"https:\/\/www.tauli.cat\/activitat\/wp-content\/uploads\/2025\/06\/FQ_1-1200x800-1.jpg 1200w, https:\/\/www.tauli.cat\/activitat\/wp-content\/uploads\/2025\/06\/FQ_1-1200x800-1-300x200.jpg 300w, https:\/\/www.tauli.cat\/activitat\/wp-content\/uploads\/2025\/06\/FQ_1-1200x800-1-1024x683.jpg 1024w, https:\/\/www.tauli.cat\/activitat\/wp-content\/uploads\/2025\/06\/FQ_1-1200x800-1-768x512.jpg 768w\" sizes=\"(max-width: 1200px) 100vw, 1200px\" \/><\/div>[vc_column_text el_class=&#8221;noti-titular&#8221;]\n<h2 class=\"eut-single-post-title\"><a href=\"https:\/\/www.tauli.cat\/actualitat\/noticia\/2024\/09\/el-parc-tauli-inicia-el-tractament-amb-kaftrio-a-infants-dentre-2-i-5-anys-amb-fibrosi-quistica\/\" target=\"_blank\" rel=\"noopener\">El Parc Taul\u00ed inicia el tractament amb Kaftrio a infants d\u2019entre 2 i 5 anys amb Fibrosi Qu\u00edstica<\/a><\/h2>\n[\/vc_column_text][\/vc_column_inner][\/vc_row_inner][vc_row_inner][vc_column_inner]<div class=\"eut-element eut-image eut-align-center\" style=\"\"><img loading=\"lazy\" decoding=\"async\" width=\"1200\" height=\"800\" src=\"https:\/\/www.tauli.cat\/activitat\/wp-content\/uploads\/2025\/06\/Melany_3-copia-1200x800-1.jpg\" class=\"attachment-full size-full\" alt=\"\" srcset=\"https:\/\/www.tauli.cat\/activitat\/wp-content\/uploads\/2025\/06\/Melany_3-copia-1200x800-1.jpg 1200w, https:\/\/www.tauli.cat\/activitat\/wp-content\/uploads\/2025\/06\/Melany_3-copia-1200x800-1-300x200.jpg 300w, https:\/\/www.tauli.cat\/activitat\/wp-content\/uploads\/2025\/06\/Melany_3-copia-1200x800-1-1024x683.jpg 1024w, https:\/\/www.tauli.cat\/activitat\/wp-content\/uploads\/2025\/06\/Melany_3-copia-1200x800-1-768x512.jpg 768w\" sizes=\"(max-width: 1200px) 100vw, 1200px\" \/><\/div>[vc_column_text el_class=&#8221;noti-titular&#8221;]\n<h2 class=\"eut-single-post-title\"><a href=\"https:\/\/www.tauli.cat\/actualitat\/noticia\/2024\/08\/melany-el-nado-mes-petit-nascut-al-parc-tauli-a-les-22-setmanes\/\" target=\"_blank\" rel=\"noopener\">Melany, el nad\u00f3 m\u00e9s petit nascut al Parc Taul\u00ed, a les 22 setmanes<\/a><\/h2>\n[\/vc_column_text][\/vc_column_inner][\/vc_row_inner][vc_row_inner][vc_column_inner]<div class=\"eut-element eut-image eut-align-center\" style=\"\"><img loading=\"lazy\" decoding=\"async\" width=\"1000\" height=\"667\" src=\"https:\/\/www.tauli.cat\/activitat\/wp-content\/uploads\/2025\/06\/Equip-Unitat-Cirurgia-Bariatrica.jpg\" class=\"attachment-full size-full\" alt=\"\" srcset=\"https:\/\/www.tauli.cat\/activitat\/wp-content\/uploads\/2025\/06\/Equip-Unitat-Cirurgia-Bariatrica.jpg 1000w, https:\/\/www.tauli.cat\/activitat\/wp-content\/uploads\/2025\/06\/Equip-Unitat-Cirurgia-Bariatrica-300x200.jpg 300w, https:\/\/www.tauli.cat\/activitat\/wp-content\/uploads\/2025\/06\/Equip-Unitat-Cirurgia-Bariatrica-768x512.jpg 768w\" sizes=\"(max-width: 1000px) 100vw, 1000px\" \/><\/div>[vc_column_text el_class=&#8221;noti-titular&#8221;]\n<h2 class=\"eut-single-post-title\"><a href=\"https:\/\/www.tauli.cat\/actualitat\/noticia\/2024\/06\/la-unitat-de-cirurgia-bariatrica-del-parc-tauli-acreditada-com-a-centre-dexcellencia-per-la-sociedad-espanola-de-cirugia-de-la-obesidad\/\" target=\"_blank\" rel=\"noopener\">La Unitat de Cirurgia bari\u00e0trica del Parc Taul\u00ed acreditada com a centre d\u2019excel\u00b7l\u00e8ncia per la Sociedad Espa\u00f1ola de Cirug\u00eda de la Obesidad<\/a><\/h2>\n[\/vc_column_text][\/vc_column_inner][\/vc_row_inner][vc_row_inner][vc_column_inner]<div class=\"eut-element eut-image eut-align-center\" style=\"\"><img loading=\"lazy\" decoding=\"async\" width=\"1200\" height=\"800\" src=\"https:\/\/www.tauli.cat\/activitat\/wp-content\/uploads\/2025\/06\/Editada-1-1200x800-1.jpg\" class=\"attachment-full size-full\" alt=\"\" srcset=\"https:\/\/www.tauli.cat\/activitat\/wp-content\/uploads\/2025\/06\/Editada-1-1200x800-1.jpg 1200w, https:\/\/www.tauli.cat\/activitat\/wp-content\/uploads\/2025\/06\/Editada-1-1200x800-1-300x200.jpg 300w, https:\/\/www.tauli.cat\/activitat\/wp-content\/uploads\/2025\/06\/Editada-1-1200x800-1-1024x683.jpg 1024w, https:\/\/www.tauli.cat\/activitat\/wp-content\/uploads\/2025\/06\/Editada-1-1200x800-1-768x512.jpg 768w\" sizes=\"(max-width: 1200px) 100vw, 1200px\" \/><\/div>[vc_column_text el_class=&#8221;noti-titular&#8221;]\n<h2 class=\"eut-single-post-title\"><a href=\"https:\/\/www.tauli.cat\/actualitat\/noticia\/2024\/06\/primera-donacio-cardiaca-en-asistolia-controlada-duna-persona-que-shavia-acollit-a-la-prestacio-dajuda-per-morir-al-parc-tauli\/\" target=\"_blank\" rel=\"noopener\">Primera donaci\u00f3 card\u00edaca en asist\u00f2lia controlada d\u2019una persona que s\u2019havia acollit a la prestaci\u00f3 d\u2019ajuda per morir al Parc Taul\u00ed<\/a><\/h2>\n[\/vc_column_text][\/vc_column_inner][\/vc_row_inner][vc_row_inner][vc_column_inner]<div class=\"eut-element eut-image eut-align-center\" style=\"\"><img loading=\"lazy\" decoding=\"async\" width=\"1200\" height=\"800\" src=\"https:\/\/www.tauli.cat\/activitat\/wp-content\/uploads\/2025\/06\/IMG_7499_web-1200x800-1.jpg\" class=\"attachment-full size-full\" alt=\"\" srcset=\"https:\/\/www.tauli.cat\/activitat\/wp-content\/uploads\/2025\/06\/IMG_7499_web-1200x800-1.jpg 1200w, https:\/\/www.tauli.cat\/activitat\/wp-content\/uploads\/2025\/06\/IMG_7499_web-1200x800-1-300x200.jpg 300w, https:\/\/www.tauli.cat\/activitat\/wp-content\/uploads\/2025\/06\/IMG_7499_web-1200x800-1-1024x683.jpg 1024w, https:\/\/www.tauli.cat\/activitat\/wp-content\/uploads\/2025\/06\/IMG_7499_web-1200x800-1-768x512.jpg 768w\" sizes=\"(max-width: 1200px) 100vw, 1200px\" \/><\/div>[vc_column_text el_class=&#8221;noti-titular&#8221;]\n<h2 class=\"eut-single-post-title\"><a href=\"https:\/\/www.tauli.cat\/actualitat\/noticia\/2024\/05\/el-parc-tauli-posa-en-funcionament-una-unitat-de-reanimacio-dotada-amb-la-tecnologia-mes-innovadora\/\" target=\"_blank\" rel=\"noopener\">El Parc Taul\u00ed posa en funcionament una Unitat de Reanimaci\u00f3 dotada amb la tecnologia m\u00e9s innovadora<\/a><\/h2>\n[\/vc_column_text][\/vc_column_inner][\/vc_row_inner][vc_row_inner][vc_column_inner]<div class=\"eut-element eut-image eut-align-center\" style=\"\"><img loading=\"lazy\" decoding=\"async\" width=\"1200\" height=\"900\" src=\"https:\/\/www.tauli.cat\/activitat\/wp-content\/uploads\/2025\/06\/Foto-reduida-1200x900-1.jpg\" class=\"attachment-full size-full\" alt=\"\" srcset=\"https:\/\/www.tauli.cat\/activitat\/wp-content\/uploads\/2025\/06\/Foto-reduida-1200x900-1.jpg 1200w, https:\/\/www.tauli.cat\/activitat\/wp-content\/uploads\/2025\/06\/Foto-reduida-1200x900-1-300x225.jpg 300w, https:\/\/www.tauli.cat\/activitat\/wp-content\/uploads\/2025\/06\/Foto-reduida-1200x900-1-1024x768.jpg 1024w, https:\/\/www.tauli.cat\/activitat\/wp-content\/uploads\/2025\/06\/Foto-reduida-1200x900-1-768x576.jpg 768w, https:\/\/www.tauli.cat\/activitat\/wp-content\/uploads\/2025\/06\/Foto-reduida-1200x900-1-800x600.jpg 800w\" sizes=\"(max-width: 1200px) 100vw, 1200px\" \/><\/div>[vc_column_text el_class=&#8221;noti-titular&#8221;]\n<h2 class=\"eut-single-post-title\"><a href=\"https:\/\/www.tauli.cat\/actualitat\/noticia\/2024\/04\/el-parc-tauli-designat-unitat-dexpertesa-clinica-en-malalties-minoritaries-endocrines\/\" target=\"_blank\" rel=\"noopener\">El Parc Taul\u00ed designat Unitat d\u2019Expertesa Cl\u00ednica en malalties minorit\u00e0ries endocrines<\/a><\/h2>\n[\/vc_column_text][\/vc_column_inner][\/vc_row_inner][vc_row_inner][vc_column_inner]<div class=\"eut-element eut-image eut-align-center\" style=\"\"><img loading=\"lazy\" decoding=\"async\" width=\"1200\" height=\"800\" src=\"https:\/\/www.tauli.cat\/activitat\/wp-content\/uploads\/2025\/06\/Unitat-Genoll-1200x800-1.jpg\" class=\"attachment-full size-full\" alt=\"\" srcset=\"https:\/\/www.tauli.cat\/activitat\/wp-content\/uploads\/2025\/06\/Unitat-Genoll-1200x800-1.jpg 1200w, https:\/\/www.tauli.cat\/activitat\/wp-content\/uploads\/2025\/06\/Unitat-Genoll-1200x800-1-300x200.jpg 300w, https:\/\/www.tauli.cat\/activitat\/wp-content\/uploads\/2025\/06\/Unitat-Genoll-1200x800-1-1024x683.jpg 1024w, https:\/\/www.tauli.cat\/activitat\/wp-content\/uploads\/2025\/06\/Unitat-Genoll-1200x800-1-768x512.jpg 768w\" sizes=\"(max-width: 1200px) 100vw, 1200px\" \/><\/div>[vc_column_text el_class=&#8221;noti-titular&#8221;]\n<h2 class=\"eut-single-post-title\"><a href=\"https:\/\/www.tauli.cat\/actualitat\/noticia\/2024\/02\/el-parc-tauli-es-el-primer-hospital-de-lestat-que-ha-obtingut-lacreditacio-de-la-sociedad-espanola-de-la-rodilla-per-ser-centre-formador-de-cirurgia-de-genoll\/\" target=\"_blank\" rel=\"noopener\">El Parc Taul\u00ed \u00e9s el primer hospital de l\u2019Estat que ha obtingut l\u2019acreditaci\u00f3 de la Sociedad Espa\u00f1ola de la Rodilla per ser centre formador de cirurgia de genoll<\/a><\/h2>\n[\/vc_column_text][\/vc_column_inner][\/vc_row_inner][vc_row_inner][vc_column_inner]<div class=\"eut-element eut-image eut-align-center\" style=\"\"><img loading=\"lazy\" decoding=\"async\" width=\"1000\" height=\"667\" src=\"https:\/\/www.tauli.cat\/activitat\/wp-content\/uploads\/2025\/06\/Taulimpics_45.jpg\" class=\"attachment-full size-full\" alt=\"\" srcset=\"https:\/\/www.tauli.cat\/activitat\/wp-content\/uploads\/2025\/06\/Taulimpics_45.jpg 1000w, https:\/\/www.tauli.cat\/activitat\/wp-content\/uploads\/2025\/06\/Taulimpics_45-300x200.jpg 300w, https:\/\/www.tauli.cat\/activitat\/wp-content\/uploads\/2025\/06\/Taulimpics_45-768x512.jpg 768w\" sizes=\"(max-width: 1000px) 100vw, 1000px\" \/><\/div>[vc_column_text el_class=&#8221;noti-titular&#8221;]\n<h2 class=\"eut-single-post-title\"><a href=\"https:\/\/www.tauli.cat\/actualitat\/noticia\/2024\/06\/taulimpics-el-programa-dacompanyament-del-parc-tauli-per-als-nous-residents\/\" target=\"_blank\" rel=\"noopener\">Taul\u00edmpics, el programa d\u2019acompanyament del Parc Taul\u00ed per als nous residents<\/a><\/h2>\n[\/vc_column_text][\/vc_column_inner][\/vc_row_inner][\/vc_tta_section][vc_tta_section title=&#8221;Activitat en comunicaci\u00f3&#8221; tab_id=&#8221;activitat-comunicacio&#8221;][vc_column_text]\n<h2>Actualitat<\/h2>\n[\/vc_column_text][vc_row_inner][vc_column_inner width=&#8221;1\/3&#8243;]<div class=\"eut-element eut-counter eut-align-center\" style=\"\">  <div class=\"eut-counter-content\">    <div class=\"eut-counter-item eut-color-primary-1 eut-medium\">      <span data-thousands-separator-vis=\"\" data-thousands-separator=\",\" data-prefix=\"\" data-suffix=\"\" data-start-val=\"0\" data-end-val=\"54\" data-decimal-points=\"0\" data-decimal-separator=\".\">0<\/span>    <\/div>\t<h3 class=\"eut-counter-title\">Not\u00edcies d'actualitat<\/h3>  <\/div><\/div>[\/vc_column_inner][vc_column_inner width=&#8221;2\/3&#8243;][vc_column_text]Informaci\u00f3 d&#8217;actualitat del Parc Taul\u00ed que s&#8217;han dif\u00f2s tant de forma interna com externa per a coneixement de la poblaci\u00f3.[\/vc_column_text][\/vc_column_inner][\/vc_row_inner][vc_row_inner][vc_column_inner width=&#8221;1\/3&#8243;]<div class=\"eut-element eut-counter eut-align-center\" style=\"\">  <div class=\"eut-counter-content\">    <div class=\"eut-counter-item eut-color-primary-1 eut-medium\">      <span data-thousands-separator-vis=\"\" data-thousands-separator=\".\" data-prefix=\"\" data-suffix=\"\" data-start-val=\"0\" data-end-val=\"3037\" data-decimal-points=\"0\" data-decimal-separator=\".\">0<\/span>    <\/div>\t<h3 class=\"eut-counter-title\">Impactes medi\u00e0tics<\/h3>  <\/div><\/div>[\/vc_column_inner][vc_column_inner width=&#8221;2\/3&#8243;][vc_column_text]Aparicions a mitjans de comunicaci\u00f3, tant generalistes com especialitzats.[\/vc_column_text][\/vc_column_inner][\/vc_row_inner][vc_column_text]\n<h2>Xarxes socials<\/h2>\n[\/vc_column_text][vc_row_inner][vc_column_inner width=&#8221;1\/3&#8243;]<div class=\"eut-element eut-counter eut-align-center\" style=\"\">  <div class=\"eut-counter-content\">    <div class=\"eut-counter-item eut-color-primary-1 eut-medium\">      <span data-thousands-separator-vis=\"\" data-thousands-separator=\",\" data-prefix=\"\" data-suffix=\"\" data-start-val=\"0\" data-end-val=\"156\" data-decimal-points=\"0\" data-decimal-separator=\".\">0<\/span>    <\/div>\t<h3 class=\"eut-counter-title\">Publicacions<\/h3>  <\/div><\/div>[\/vc_column_inner][vc_column_inner width=&#8221;2\/3&#8243;][vc_column_text]Informaci\u00f3 general d&#8217;inter\u00e8s per a la poblaci\u00f3 de refer\u00e8ncia publicada a xarxes socials, com els dies mundials, o p\u00edndoles informatives sobre problemes de salut.[\/vc_column_text][\/vc_column_inner][\/vc_row_inner][vc_row_inner css=&#8221;.vc_custom_1751877757778{margin-top: 90px !important;}&#8221;][vc_column_inner width=&#8221;1\/4&#8243;]<div class=\"eut-element eut-counter eut-align-center\" style=\"\">  <div class=\"eut-counter-icon\">  <i class=\"fab fa-instagram eut-color-primary-1 eut-medium\"><\/i>  <\/div>  <div class=\"eut-counter-content\">    <div class=\"eut-counter-item eut-color-primary-1 eut-small\">      <span data-thousands-separator-vis=\"\" data-thousands-separator=\".\" data-prefix=\"\" data-suffix=\"\" data-start-val=\"0\" data-end-val=\"21613\" data-decimal-points=\"0\" data-decimal-separator=\".\">0<\/span>    <\/div>\t<h3 class=\"eut-counter-title\">seguidors (1)<\/h3>  <\/div><\/div>[\/vc_column_inner][vc_column_inner width=&#8221;1\/4&#8243;]<div class=\"eut-element eut-counter eut-align-center\" style=\"\">  <div class=\"eut-counter-icon\">  <i class=\"fab fa-linkedin eut-color-primary-1 eut-medium\"><\/i>  <\/div>  <div class=\"eut-counter-content\">    <div class=\"eut-counter-item eut-color-primary-1 eut-small\">      <span data-thousands-separator-vis=\"\" data-thousands-separator=\".\" data-prefix=\"\" data-suffix=\"\" data-start-val=\"0\" data-end-val=\"18630\" data-decimal-points=\"0\" data-decimal-separator=\".\">0<\/span>    <\/div>\t<h3 class=\"eut-counter-title\">seguidors (1)<\/h3>  <\/div><\/div>[\/vc_column_inner][vc_column_inner width=&#8221;1\/4&#8243;]<div class=\"eut-element eut-counter eut-align-center\" style=\"\">  <div class=\"eut-counter-icon\">  <i class=\"fab fa-twitter eut-color-primary-1 eut-medium\"><\/i>  <\/div>  <div class=\"eut-counter-content\">    <div class=\"eut-counter-item eut-color-primary-1 eut-small\">      <span data-thousands-separator-vis=\"\" data-thousands-separator=\".\" data-prefix=\"\" data-suffix=\"\" data-start-val=\"0\" data-end-val=\"10800\" data-decimal-points=\"0\" data-decimal-separator=\".\">0<\/span>    <\/div>\t<h3 class=\"eut-counter-title\">seguidors (1)<\/h3>  <\/div><\/div>[\/vc_column_inner][vc_column_inner width=&#8221;1\/4&#8243;]<div class=\"eut-element eut-counter eut-align-center\" style=\"\">  <div class=\"eut-counter-icon\">  <i class=\"fab fa-facebook-square eut-color-primary-1 eut-medium\"><\/i>  <\/div>  <div class=\"eut-counter-content\">    <div class=\"eut-counter-item eut-color-primary-1 eut-small\">      <span data-thousands-separator-vis=\"\" data-thousands-separator=\".\" data-prefix=\"\" data-suffix=\"\" data-start-val=\"0\" data-end-val=\"7685\" data-decimal-points=\"0\" data-decimal-separator=\".\">0<\/span>    <\/div>\t<h3 class=\"eut-counter-title\">seguidors (1)<\/h3>  <\/div><\/div>[\/vc_column_inner][\/vc_row_inner][vc_column_text text_style=&#8221;subtitle&#8221;]<em>(1) Dades a juny 2025<\/em>[\/vc_column_text][\/vc_tta_section][vc_tta_section title=&#8221;Reunions dels consells&#8221; tab_id=&#8221;reunions-consells&#8221;][vc_column_text]El Consorci Corporaci\u00f3 Sanit\u00e0ria Parc Taul\u00ed (CCSPT) ha creat tres consells consultius per fomentar la participaci\u00f3 entre la instituci\u00f3 i les alcaldies, l\u2019\u00e0mbit empresarial i el teixit social, de la m\u00e0 de les entitats i de les associacions dels municipis que formen l\u2019\u00e0rea de refer\u00e8ncia del Parc Taul\u00ed.<\/p>\n<p><strong>\u00c9s per aix\u00f2 que s\u2019ha constitu\u00eft el Consell d\u2019Alcaldies; el Consell d\u2019Empreses i Entitats Empresarial i el Consell <\/strong><strong>d\u2019Entitats i Associacions del CCSPT.<\/strong><\/p>\n<p>Aquests consells d&#8217;assessorament acompanyaran el Parc Taul\u00ed en el proc\u00e9s d&#8217;elaboraci\u00f3 del pla estrat\u00e8gic.[\/vc_column_text]<div class=\"eut-element eut-image eut-align-center\" style=\"\"><img loading=\"lazy\" decoding=\"async\" width=\"1600\" height=\"1067\" src=\"https:\/\/www.tauli.cat\/activitat\/wp-content\/uploads\/2025\/07\/consell-alcaldies-13.jpg\" class=\"attachment-full size-full\" alt=\"\" srcset=\"https:\/\/www.tauli.cat\/activitat\/wp-content\/uploads\/2025\/07\/consell-alcaldies-13.jpg 1600w, https:\/\/www.tauli.cat\/activitat\/wp-content\/uploads\/2025\/07\/consell-alcaldies-13-300x200.jpg 300w, https:\/\/www.tauli.cat\/activitat\/wp-content\/uploads\/2025\/07\/consell-alcaldies-13-1024x683.jpg 1024w, https:\/\/www.tauli.cat\/activitat\/wp-content\/uploads\/2025\/07\/consell-alcaldies-13-768x512.jpg 768w, https:\/\/www.tauli.cat\/activitat\/wp-content\/uploads\/2025\/07\/consell-alcaldies-13-1536x1024.jpg 1536w\" sizes=\"(max-width: 1600px) 100vw, 1600px\" \/><\/div>[vc_column_text el_class=&#8221;pic-subtitle&#8221; css=&#8221;.vc_custom_1750158579610{margin-bottom: 4rem !important;}&#8221;]\n<div class=\"eut-content eut-align-left\">\n<h2>Consell d&#8217;Alcaldies<\/h2>\n<p><em>Constitu\u00eft l\u201911 de gener de 2024<\/em><\/p>\n<\/div>\n[\/vc_column_text]<div class=\"eut-element eut-image eut-align-center\" style=\"\"><img loading=\"lazy\" decoding=\"async\" width=\"1400\" height=\"856\" src=\"https:\/\/www.tauli.cat\/activitat\/wp-content\/uploads\/2025\/06\/consells2.jpeg\" class=\"attachment-full size-full\" alt=\"\" srcset=\"https:\/\/www.tauli.cat\/activitat\/wp-content\/uploads\/2025\/06\/consells2.jpeg 1400w, https:\/\/www.tauli.cat\/activitat\/wp-content\/uploads\/2025\/06\/consells2-300x183.jpeg 300w, https:\/\/www.tauli.cat\/activitat\/wp-content\/uploads\/2025\/06\/consells2-1024x626.jpeg 1024w, https:\/\/www.tauli.cat\/activitat\/wp-content\/uploads\/2025\/06\/consells2-768x470.jpeg 768w\" sizes=\"(max-width: 1400px) 100vw, 1400px\" \/><\/div>[vc_column_text el_class=&#8221;pic-subtitle&#8221; css=&#8221;.vc_custom_1750158666009{margin-bottom: 4rem !important;}&#8221;]\n<div class=\"eut-content eut-align-left\">\n<h2 style=\"text-align: right;\">Consell d&#8217;Empreses i Entitats Empresarials<\/h2>\n<p style=\"text-align: right;\"><em>Constitu\u00eft el 15 de febrer de 2024<\/em><\/p>\n<\/div>\n[\/vc_column_text]<div class=\"eut-element eut-image eut-align-center\" style=\"\"><img loading=\"lazy\" decoding=\"async\" width=\"1000\" height=\"547\" src=\"https:\/\/www.tauli.cat\/activitat\/wp-content\/uploads\/2025\/06\/consells3.jpeg\" class=\"attachment-full size-full\" alt=\"\" srcset=\"https:\/\/www.tauli.cat\/activitat\/wp-content\/uploads\/2025\/06\/consells3.jpeg 1000w, https:\/\/www.tauli.cat\/activitat\/wp-content\/uploads\/2025\/06\/consells3-300x164.jpeg 300w, https:\/\/www.tauli.cat\/activitat\/wp-content\/uploads\/2025\/06\/consells3-768x420.jpeg 768w\" sizes=\"(max-width: 1000px) 100vw, 1000px\" \/><\/div>[vc_column_text el_class=&#8221;pic-subtitle&#8221;]\n<div class=\"eut-content eut-align-left\">\n<h2 style=\"text-align: left;\">Consell d&#8217;Entitats i Associacions<\/h2>\n<p style=\"text-align: left;\"><em>Constitu\u00eft el 18 de mar\u00e7 de 2024<\/em><\/p>\n<\/div>\n[\/vc_column_text][\/vc_tta_section][\/vc_tta_tour][\/vc_column][\/vc_row]\n","protected":false},"excerpt":{"rendered":"<p>[vc_row][vc_column][vc_tta_tour][vc_tta_section title=&#8221;Not\u00edcies destacades&#8221; tab_id=&#8221;noticies-destacades&#8221;][vc_row_inner][vc_column_inner][vc_column_text el_class=&#8221;noti-titular&#8221;] Recuperar el sentit de l\u2019olfacte amb un programa integral de rehabilitaci\u00f3 [\/vc_column_text][\/vc_column_inner][\/vc_row_inner][vc_row_inner][vc_column_inner][vc_column_text el_class=&#8221;noti-titular&#8221;] La Unitat de Malalties Minorit\u00e0ries engega una prova pilot de transici\u00f3 de pacients pedi\u00e0trics a adults amb trastorns cognitius conductuals de base gen\u00e8tica [\/vc_column_text][\/vc_column_inner][\/vc_row_inner][vc_row_inner][vc_column_inner][vc_column_text el_class=&#8221;noti-titular&#8221;] El Parc Taul\u00ed crea la Unitat de Transici\u00f3 per als pacients pedi\u00e0trics [&hellip;]<\/p>\n","protected":false},"author":1,"featured_media":0,"parent":2162,"menu_order":0,"comment_status":"closed","ping_status":"closed","template":"","meta":{"footnotes":""},"class_list":["post-2171","page","type-page","status-publish","hentry"],"_links":{"self":[{"href":"https:\/\/www.tauli.cat\/activitat\/wp-json\/wp\/v2\/pages\/2171"}],"collection":[{"href":"https:\/\/www.tauli.cat\/activitat\/wp-json\/wp\/v2\/pages"}],"about":[{"href":"https:\/\/www.tauli.cat\/activitat\/wp-json\/wp\/v2\/types\/page"}],"author":[{"embeddable":true,"href":"https:\/\/www.tauli.cat\/activitat\/wp-json\/wp\/v2\/users\/1"}],"replies":[{"embeddable":true,"href":"https:\/\/www.tauli.cat\/activitat\/wp-json\/wp\/v2\/comments?post=2171"}],"version-history":[{"count":47,"href":"https:\/\/www.tauli.cat\/activitat\/wp-json\/wp\/v2\/pages\/2171\/revisions"}],"predecessor-version":[{"id":2697,"href":"https:\/\/www.tauli.cat\/activitat\/wp-json\/wp\/v2\/pages\/2171\/revisions\/2697"}],"up":[{"embeddable":true,"href":"https:\/\/www.tauli.cat\/activitat\/wp-json\/wp\/v2\/pages\/2162"}],"wp:attachment":[{"href":"https:\/\/www.tauli.cat\/activitat\/wp-json\/wp\/v2\/media?parent=2171"}],"curies":[{"name":"wp","href":"https:\/\/api.w.org\/{rel}","templated":true}]}}