{"id":442,"date":"2022-07-06T10:28:27","date_gmt":"2022-07-06T08:28:27","guid":{"rendered":"https:\/\/www.tauli.cat\/activitat\/?page_id=442"},"modified":"2023-07-04T08:23:22","modified_gmt":"2023-07-04T06:23:22","slug":"formacio-de-professionals","status":"publish","type":"page","link":"https:\/\/www.tauli.cat\/activitat\/i3pt\/memoria-cientifica\/o2021\/persones\/formacio-de-professionals\/","title":{"rendered":"Formaci\u00f3 de professionals"},"content":{"rendered":"[vc_row][vc_column][vc_column_text]L&#8217;Institut elabora un Pla de Formaci\u00f3 orientat als seus professionals amb l&#8217;objectiu de refor\u00e7ar els coneixements i cubrir les seves necessitats formatives de l&#8217;\u00e0mbit cient\u00edfic i de gesti\u00f3.<\/p>\n<p>El Pla est\u00e0 estructurat en 3 l\u00ednies estrat\u00e8giques, a trav\u00e9s de les quals s&#8217;organitzen diferents activitats.<\/p>\n<ol>\n<li>L\u00ednia estrat\u00e8gica 1: Augmentar la massa cr\u00edtica investigadora i innovadora<\/li>\n<li>L\u00ednia estrat\u00e8gica 2: Fomentar les compet\u00e8ncies transversals de lideratge<\/li>\n<li>L\u00ednia estrat\u00e8gica 3: Formaci\u00f3 t\u00e8cnica especialitzada<\/li>\n<\/ol>\n[\/vc_column_text]<h2 class=\"eut-element eut-align-left eut-title-no-line\" style=\"\"><span>L\u00ednia estrat\u00e8gica 1: Augmentar la massa cr\u00edtica investigadora i innovadora<\/span><\/h2><h4 class=\"eut-element eut-align-left eut-title-no-line\" style=\"\"><span>Oferta formativa<\/span><\/h4>[vc_row_inner][vc_column_inner width=&#8221;1\/3&#8243;]<div class=\"eut-element eut-box-icon eut-align-left eut-large eut-animated-item eut-fadeInDown\" style=\"\" data-delay=\"200\"><div class=\"eut-image-icon\"><img loading=\"lazy\" decoding=\"async\" width=\"512\" height=\"512\" src=\"https:\/\/www.tauli.cat\/activitat\/wp-content\/uploads\/2022\/07\/sombrero-de-graduacion.png\" class=\"attachment-full size-full\" alt=\"\" srcset=\"https:\/\/www.tauli.cat\/activitat\/wp-content\/uploads\/2022\/07\/sombrero-de-graduacion.png 512w, https:\/\/www.tauli.cat\/activitat\/wp-content\/uploads\/2022\/07\/sombrero-de-graduacion-300x300.png 300w, https:\/\/www.tauli.cat\/activitat\/wp-content\/uploads\/2022\/07\/sombrero-de-graduacion-150x150.png 150w\" sizes=\"(max-width: 512px) 100vw, 512px\" \/><\/div>  <div class=\"eut-box-content\">      <h3 class=\"eut-box-title\">9<\/h3>    <p class=\"\">Seminaris<\/p>  <\/div><\/div>[\/vc_column_inner][vc_column_inner width=&#8221;1\/3&#8243;]<div class=\"eut-element eut-box-icon eut-align-left eut-large eut-animated-item eut-fadeInDown\" style=\"\" data-delay=\"200\"><div class=\"eut-image-icon\"><img loading=\"lazy\" decoding=\"async\" width=\"512\" height=\"512\" src=\"https:\/\/www.tauli.cat\/activitat\/wp-content\/uploads\/2022\/07\/computadora.png\" class=\"attachment-full size-full\" alt=\"\" srcset=\"https:\/\/www.tauli.cat\/activitat\/wp-content\/uploads\/2022\/07\/computadora.png 512w, https:\/\/www.tauli.cat\/activitat\/wp-content\/uploads\/2022\/07\/computadora-300x300.png 300w, https:\/\/www.tauli.cat\/activitat\/wp-content\/uploads\/2022\/07\/computadora-150x150.png 150w\" sizes=\"(max-width: 512px) 100vw, 512px\" \/><\/div>  <div class=\"eut-box-content\">      <h3 class=\"eut-box-title\">9<\/h3>    <p class=\"\">Confer\u00e8ncies cient\u00edfiques<\/p>  <\/div><\/div>[\/vc_column_inner][vc_column_inner width=&#8221;1\/3&#8243;]<div class=\"eut-element eut-box-icon eut-align-left eut-large eut-animated-item eut-fadeInDown\" style=\"\" data-delay=\"200\"><div class=\"eut-image-icon\"><img loading=\"lazy\" decoding=\"async\" width=\"512\" height=\"512\" src=\"https:\/\/www.tauli.cat\/activitat\/wp-content\/uploads\/2022\/07\/diploma.png\" class=\"attachment-full size-full\" alt=\"\" srcset=\"https:\/\/www.tauli.cat\/activitat\/wp-content\/uploads\/2022\/07\/diploma.png 512w, https:\/\/www.tauli.cat\/activitat\/wp-content\/uploads\/2022\/07\/diploma-300x300.png 300w, https:\/\/www.tauli.cat\/activitat\/wp-content\/uploads\/2022\/07\/diploma-150x150.png 150w\" sizes=\"(max-width: 512px) 100vw, 512px\" \/><\/div>  <div class=\"eut-box-content\">      <h3 class=\"eut-box-title\">15<\/h3>    <p class=\"\">Formaci\u00f3 a noves incorporacions<\/p>  <\/div><\/div>[\/vc_column_inner][\/vc_row_inner][vc_column_text animation=&#8221;fadeIn&#8221;]\n<h3>Seminaris I3PT<\/h3>\n<p>Els\u00a0<strong>Seminaris I3PT\u00a0<\/strong>estan oberts a tot el personal del Parc Taul\u00ed que tingui inter\u00e8s en con\u00e8ixer l\u2019activitat de recerca i innovaci\u00f3 dels grups de recerca acreditats per l\u2019Institut.<\/p>\n<p>Un cop al mes diferents grups fan una\u00a0<strong>breu presentaci\u00f3 virtual dels projectes<\/strong> que estan duent a terme, comparteixen la metodologia i t\u00e8cniques d\u2019estudi i s&#8217;identifiquen possibles col\u00b7laboracions entre grups.<\/p>\n<p><strong>Maig<\/strong><\/p>\n<ol>\n<li><b>Jos\u00e9 Ibeas<br \/>\n<i>Modelos predictivos basados en inteligencia artificial en el paciente renal<\/i><\/b><\/li>\n<li><b>Ferran <\/b><b>Fillat<br \/>\n<\/b><i>Plataforma <\/i><i>impressi\u00f3<\/i><i> i <\/i><i>prototipatge<\/i><i> 3D a <\/i><i>l&#8217;hospital<\/i><i>. <\/i><i>Qu\u00e8<\/i><i> hem <\/i><i>fet<\/i><i> i <\/i><i>qu\u00e8<\/i><i> podem <\/i><i>fer<\/i><i>?<\/i><\/li>\n<li><b>Sol Fern\u00e1ndez<br \/>\n<\/b><i>Caracteritzaci\u00f3 i maneig de la s\u00edndrome post cures intensives (PICS) en pacients COVID-19<\/i><\/li>\n<\/ol>\n<p><strong>Juny<\/strong><\/p>\n<ol>\n<li><b>Anna Ruiz<br \/>\n<\/b><i>Identificaci\u00f3<\/i><i> de <\/i><i>variants<\/i> <i>gen\u00e8tiques<\/i><i> en <\/i><i>pacients<\/i> <i>infanto-adolescents<\/i> <i>amb<\/i> <i>trastorn<\/i> <i>psiqui\u00e0tric<\/i><i> i <\/i><i>discapacitat<\/i> <i>intel.lectual<\/i> <i>l\u00edmit<\/i><\/li>\n<li><b>Sergio <\/b><b>Lario<br \/>\n<\/b><i>Recerca sobre la <\/i><i>infecci\u00f3<\/i><i> per <\/i><i>Helicobacter<\/i><i> pylori al <\/i><i>Parc<\/i> <i>Taul\u00ed<\/i><\/li>\n<li><b>Joan Calvet<br \/>\n<\/b><i>Biomarcadors<\/i><i> de <\/i><i>gravetat<\/i><i> cl\u00ednica i <\/i><i>radiogr\u00e0fica<\/i><i> en <\/i><i>artrosi<\/i><i> de <\/i><i>genoll<\/i><\/li>\n<\/ol>\n<p><strong>Setembre<\/strong><\/p>\n<ol>\n<li><b>Marisa <\/b><b>Bar\u00e9<\/b><b>, Marina <\/b><b>Lleal<\/b><b> i C\u00e8lia Corral<br \/>\n<\/b><i>Cl\u00fasters de <\/i><i>multimorbiditat<\/i><i> cr\u00f2nica i la seva relaci\u00f3 amb la gravetat de la COVID-19. Projecte <\/i><i>Mrisk<\/i><i>-COVID.<\/i><\/li>\n<li><b>Gema Navarro<br \/>\n<\/b><i>Recerca <\/i><i>en COVID-19 al Parc Taul\u00ed<\/i><\/li>\n<li><b>Maria Rosa Bella<br \/>\n<\/b><i>Recerca per a la <\/i><i>millora<\/i><i> en el <\/i><i>diagn\u00f2stic<\/i><i> i <\/i><i>caracteritzaci\u00f3<\/i> <i>cl\u00ednicopatol\u00f2gica<\/i><i> del c\u00e1ncer de <\/i><i>tiroide<\/i><\/li>\n<\/ol>\n<p><strong>Octubre<\/strong><\/p>\n<ol>\n<li><b>Mercedes <\/b><b>Rigla<br \/>\n<\/b><i>Projecte<\/i><i> PROPHECY: <\/i><i>Predicci\u00f3<\/i><i> de glucosa per <\/i><i>millorar<\/i><i> el control postprandial en <\/i><i>sistemes<\/i><i> de <\/i><i>p\u00e0ncrees<\/i> <i>artificial<\/i><\/li>\n<li><i><\/i><b>Jacobo P\u00e9rez<br \/>\n<\/b><i>Model<\/i> <i>d&#8217;expertesa<\/i><i> per <\/i><i>l&#8217;atenci\u00f3<\/i><i> al <\/i><i>pacient<\/i> <i>pedi\u00e0tric<\/i> <i>amb<\/i> <i>diabetis<\/i><i>. <\/i><i>Projecte<\/i><i> de Compra P\u00fablica <\/i><i>Innovadora \u201c<\/i><i>Diabeter<\/i><i>\u201d.<\/i><\/li>\n<li><i><\/i><b>Lorena <\/b><b>Joga<br \/>\n<\/b><i>Perfil <\/i><i>neurocognitivo<\/i><i> de ni\u00f1as con <\/i><i>S\u00edndrome de <\/i><i>X fr\u00e1gil: reto diagn\u00f3stico, rendimiento acad\u00e9mico y riesgo de acoso escolar.<\/i><\/li>\n<\/ol>\n<p><strong>Novembre<\/strong><\/p>\n<ol>\n<li><b>Olga Gim\u00e9nez Palop<br \/>\n<\/b><i>Kispeptina<\/i><i> i <\/i><i>leptina<\/i> <i>abans<\/i><i> i <\/i><i>despr\u00e9s<\/i><i> de 12 m de <\/i><i>tractament<\/i> <i>amb<\/i><i> GH en <\/i><i>adults<\/i> <i>amb<\/i><i> s\u00edndrome de <\/i><i>Prader-Willi<\/i><i>: <\/i><i>relaci\u00f3<\/i> <i>amb<\/i><i> la <\/i><i>composici\u00f3<\/i> <i>corporal.<\/i><\/li>\n<li><b>Jordi <\/b><b>Torralbas<\/b><b> Ortega<br \/>\n<\/b><i>Innovaci\u00f3<\/i><i> i Recerca <\/i><i>infermera<\/i><i>: <\/i><i>Escut<\/i><i> de <\/i><i>protecci\u00f3<\/i><i> per <\/i><i>cat\u00e8ters<\/i><i> venosos <\/i><i>subcutanis<\/i><i>.<\/i><\/li>\n<li><b>Diego <\/b><b>Palao<\/b><b> Vidal<br \/>\n<\/b><i>E-mental <\/i><i>health<\/i><i> i epidemiologia<\/i><\/li>\n<\/ol>\n<p><strong>Desembre\u00a0<\/strong><\/p>\n<ol>\n<li><b>M\u00f2nica G\u00f3mez Valent<br \/>\n<\/b><i>Com<\/i><i> incentivar la <\/i><i>formaci\u00f3<\/i><i> i la <\/i><i>investigaci\u00f3<\/i><i> en un <\/i><i>grup<\/i><i> de recerca <\/i><i>emergent<\/i><i>.<\/i><\/li>\n<li><i><\/i><b>Itziar Montalvo<br \/>\n<\/b><i>Recerca en les <\/i><i>malalties<\/i><i> de <\/i><i>l\u2019espectre<\/i> <i>psic\u00f2tic<\/i><i>.<\/i><\/li>\n<li><i><\/i><b>Eduard Mons\u00f3<br \/>\n<\/b><i>Novel <\/i><i>biomarkers<\/i><i> in <\/i><i>lung<\/i> <i>cancer<\/i><i>.<\/i><\/li>\n<\/ol>\n[\/vc_column_text][vc_column_text animation=&#8221;fadeIn&#8221;]\n<h3><span class=\"JsGRdQ\"><strong>Cicle de Confer\u00e8ncies Cient\u00edfiques<\/strong><\/span><\/h3>\n<p>Durant el 2021, l\u2019I3PT ha organitzat el primer <span class=\"JsGRdQ\"><strong>Cicle de Confer\u00e8ncies Cient\u00edfiques <\/strong>adre\u00e7ades al personal investigador i de suport a la recerca i a totes les persones interessades en fomentar les seves<\/span><span class=\"JsGRdQ\">\u00a0compet\u00e8ncies transversals en l\u2019\u00e0mbit cient\u00edfic.\u00a0<\/span><\/p>\n<p>Les sessions s\u2019han retransmetr\u00e8s en l\u00ednia i en obert perqu\u00e8 fossin accessibles per a tothom.<\/p>\n<ol>\n<li><strong>Open Science: Beneficis de publicar en obert<\/strong><br \/>\nIgnasi Labastida, Responsable de la Unitat de Recerca i Innovaci\u00f3 del CRAI, Universitat de Barcelona<br \/>\n19\/05\/2021<\/li>\n<li><strong>Protecci\u00f3 de dades en la recerca<\/strong><br \/>\nPablo Hernando, Delegat de Protecci\u00f3 de Dades al CCSPT<br \/>\n26\/05\/2021<\/li>\n<li><strong>Projectes europeus: aspectes clau<\/strong><br \/>\n\u00c1ngel Honrado, Director de WeDo &#8211; Project Intelligence made easy<br \/>\n02\/06\/2021<\/li>\n<li><strong>Com milliorar la nostra recerca per tenir m\u00e9s impacte<\/strong><br \/>\nRosina Malagrida, Responsable del Living Lab de Salut a IRSICAIXA i co-coordinadora del Barcelona &#8220;la Caixa&#8221; Living Lab<br \/>\n16\/06\/2021<\/li>\n<li><strong>Recerca infermera: i per qu\u00e8<br \/>\n<\/strong>Ester Risco, Cap d&#8217;\u00e0rea de Recerca, Innovaci\u00f3 i Doc\u00e8ncia de la Direcci\u00f3 Infermera<br \/>\n07\/07\/2021<\/li>\n<li><strong>Potenciant la Salut amb Intel\u00b7lig\u00e8ncia Artificial<br \/>\n<\/strong>Laura Ruiz Derm, Grup de Digital Health Data Analytics en Medicina (Eurecat), Investigadora i Data Scientist<br \/>\n22\/09\/2021<\/li>\n<li><strong>El que ha de saber un sanitari per protegir el seu coneixement diferencial<br \/>\n<\/strong>Enric Roche, Cap de departament de Cirurgia Vascular, Hospital Universitari Sagrat Cor<br \/>\n20\/10\/2021<\/li>\n<li><strong>Traduint les necessitats de l&#8217;hospital en innovacions<\/strong><br \/>\nDaniel Moreno, Cap d&#8217;Innovaci\u00f3 de l&#8217;Hospital Germans Trias i Pujol<br \/>\n17\/11\/2021<\/li>\n<li><strong>Compra p\u00fablica d&#8217;innovaci\u00f3: lli\u00e7ons apreses i reptes<br \/>\n<\/strong>Ramon Maspons, Director de l&#8217;\u00e0rea d&#8217;innovaci\u00f3 i prospectiva (CINO) de l&#8217;AQuAS, Department de Salut de la Generalitat de Catalunya<br \/>\n01\/12\/2021<\/li>\n<\/ol>\n[\/vc_column_text][vc_row_inner][vc_column_inner width=&#8221;2\/3&#8243;]<div class=\"eut-element eut-video\" style=\"\"><iframe loading=\"lazy\" title=\"La protecci\u00f3 de les dades en la recerca\" width=\"1080\" height=\"608\" src=\"https:\/\/www.youtube.com\/embed\/P2xtN-OzmLw?list=PLJ4kf3xX9nfmBndB99-_dCZWDl-7VNn_W\" frameborder=\"0\" allow=\"accelerometer; autoplay; clipboard-write; encrypted-media; gyroscope; picture-in-picture\" allowfullscreen><\/iframe><\/div>[\/vc_column_inner][vc_column_inner width=&#8221;1\/3&#8243;][\/vc_column_inner][\/vc_row_inner]<h3 class=\"eut-element eut-align-left eut-title-no-line eut-animated-item eut-fadeIn\" style=\"\" data-delay=\"200\"><span>Formaci\u00f3 a noves incorporacions de gesti\u00f3<\/span><\/h3>[vc_column_text animation=&#8221;fadeIn&#8221;]\n<table>\n<tbody>\n<tr>\n<th width=\"283\">Formaci\u00f3<\/th>\n<th width=\"142\">Responsable<\/th>\n<th width=\"142\">\u00c0rea de la nova incorporaci\u00f3<\/th>\n<\/tr>\n<tr>\n<td width=\"283\">I3PT+ITEMAS<\/td>\n<td width=\"142\">Gl\u00f2ria Palomar<\/td>\n<td width=\"142\">Projectes, innovaci\u00f3, Qualitat, Administraci\u00f3<\/td>\n<\/tr>\n<tr>\n<td width=\"283\">Team building (eines i persones)<\/td>\n<td width=\"142\">Eduard Soler<\/td>\n<td width=\"142\">Innovaci\u00f3<\/td>\n<\/tr>\n<tr>\n<td width=\"283\">Model in Tauli<\/td>\n<td width=\"142\">Eduard Soler<\/td>\n<td width=\"142\">Innovaci\u00f3<\/td>\n<\/tr>\n<tr>\n<td width=\"283\">Presentaci\u00f3 CERCA<\/td>\n<td width=\"142\">Anna Ullastres \/Guillem Cebrian<\/td>\n<td width=\"142\">Innovaci\u00f3, Projectes, Administraci\u00f3<\/td>\n<\/tr>\n<tr>\n<td width=\"283\">Team Building (blocks)<\/td>\n<td width=\"142\">Eduard Soler<\/td>\n<td width=\"142\">Innovaci\u00f3<\/td>\n<\/tr>\n<tr>\n<td width=\"283\">Exercici de l\u2019estat de la t\u00e8cnica<\/td>\n<td width=\"142\">Eduard Soler<\/td>\n<td width=\"142\">Innovaci\u00f3<\/td>\n<\/tr>\n<tr>\n<td width=\"283\">Preparaci\u00f3 de transfer\u00e8ncia (CPI)<\/td>\n<td width=\"142\">Eduard Soler<\/td>\n<td width=\"142\">Innovaci\u00f3<\/td>\n<\/tr>\n<tr>\n<td width=\"283\">Presentaci\u00f3 d\u2019Assajos Cl\u00ednics i CEIC<\/td>\n<td width=\"142\">Coloma Moreno<br \/>\nMarcela Manr\u00edquez<\/td>\n<td width=\"142\">Innovaci\u00f3, Projectes, Administraci\u00f3<\/td>\n<\/tr>\n<tr>\n<td width=\"283\">Team building: \u00bfQui \u00e9s qui?<\/td>\n<td width=\"142\">Eduard Soler<\/td>\n<td width=\"142\">Innovaci\u00f3<\/td>\n<\/tr>\n<tr>\n<td width=\"283\">Exercici de Planificaci\u00f3 de projectes<\/td>\n<td width=\"142\">Eduard Soler<\/td>\n<td width=\"142\">Innovaci\u00f3<\/td>\n<\/tr>\n<tr>\n<td width=\"283\">Introducci\u00f3 UNE 166002+ exercici pr\u00e0ctic<\/td>\n<td width=\"142\">Martha Ariza<\/td>\n<td width=\"142\">Innovaci\u00f3, Projectes, Administraci\u00f3, Qualitat<\/td>\n<\/tr>\n<tr>\n<td width=\"283\">Introducci\u00f3 Marc Jur\u00eddic<\/td>\n<td width=\"142\">Joaquim Campoy<\/td>\n<td width=\"142\">Innovaci\u00f3<\/td>\n<\/tr>\n<tr>\n<td width=\"283\">Plataformes cient\u00edfiques:\u00a0 Ruta hospital<\/td>\n<td width=\"142\">N\u00e9stor Albinyana<\/td>\n<td width=\"142\">Innovaci\u00f3, Projectes, Administraci\u00f3<\/td>\n<\/tr>\n<tr>\n<td width=\"283\">Vigil\u00e0ncia tecnol\u00f2gica<\/td>\n<td width=\"142\">Eduardo Soler<\/td>\n<td width=\"142\">Innovaci\u00f3<\/td>\n<\/tr>\n<tr>\n<td width=\"283\">Presentaci\u00f3 de la Unitat de Projectes<\/td>\n<td width=\"142\">Anna Aguilar<\/td>\n<td width=\"142\">Innovaci\u00f3, Projectes, Administraci\u00f3<\/td>\n<\/tr>\n<\/tbody>\n<\/table>\n[\/vc_column_text]<h2 class=\"eut-element eut-align-left eut-title-no-line eut-animated-item eut-fadeIn\" style=\"\" data-delay=\"200\"><span>L\u00ednia estrat\u00e8gica 2: Fomentar les compet\u00e8ncies transversals de lideratge<\/span><\/h2>[vc_column_text animation=&#8221;fadeIn&#8221;]Al llarg de l&#8217;any s&#8217;han dut a terme formacions amb l&#8217;objectiu de consolidar els coneixements en temes relacionats amb innovaci\u00f3, transfer\u00e8ncia i gesti\u00f3 de projectes. Les formacions han sigut les seg\u00fcents:<\/p>\n<p><strong>Proc\u00e9s d&#8217;Innovaci\u00f3 i gesti\u00f3 de projectes\u00a0<\/strong><\/p>\n<ol>\n<li>Radical: Redefinir el proc\u00e9s<\/li>\n<li>L&#8217;aplicaci\u00f3 de la impressi\u00f3 3D a la medicina<\/li>\n<li>Disruption Innovation Oncology<\/li>\n<li>Training in Digital Therapeutics<\/li>\n<li>How to prepareu a succesful proposal in Horizon Europe<\/li>\n<li>Live course on Horizon Europe proposal writing<\/li>\n<li>Oportunitats de finan\u00e7ament per a l&#8217;\u00e0mbit de la salut el 2021 en mat\u00e8ria de projectes internacionals<\/li>\n<\/ol>\n<p><strong>Transfer\u00e8ncies<\/strong><\/p>\n<ol>\n<li>Curs formatiu Imagine IF Barcelona 2021<\/li>\n<li>Formaci\u00f3 Residents en Patents<\/li>\n<li>Formaci\u00f3 en Regulat\u00f2ria<\/li>\n<li>Train The Trainers Collider<\/li>\n<li>CaixaImpulse Training 2021<\/li>\n<\/ol>\n<p><strong>Administraci\u00f3<\/strong><\/p>\n<ol>\n<li>Reforma del Pla General Comptabilitat<\/li>\n<li>Lean office: optimitzaci\u00f3 i millora continua en els processos de treball<\/li>\n<li>Conceptes de finances que sempre has volgut saber i no t&#8217;atrevies a preguntar<\/li>\n<li>Taller de registre retributiu i c\u00e0lcul de la bretxa salarial<\/li>\n<\/ol>\n[\/vc_column_text]<h2 class=\"eut-element eut-align-left eut-title-no-line eut-animated-item eut-fadeIn\" style=\"\" data-delay=\"200\"><span>L\u00ednia estrat\u00e8gica 3: Formaci\u00f3 t\u00e8cnica especialitzada<\/span><\/h2>[vc_column_text animation=&#8221;fadeIn&#8221;]La finalitat d&#8217;aquestes formacions \u00e9s millorar les eines t\u00e8cniques de suport a la investigaci\u00f3 tant instrumentals i de laboratori, com a conceptuals. Durant el 2021 s&#8217;han dut a terme formacions puntuals adre\u00e7ades a personal de suport a la recerca.<\/p>\n<p>Algunes de les formacions que s&#8217;han impartit s\u00f3n les seg\u00fcents:[\/vc_column_text]<div class=\"eut-element eut-box-icon eut-align-left eut-medium eut-animated-item eut-fadeInRight\" style=\"\" data-delay=\"200\"><div class=\"eut-image-icon\"><img loading=\"lazy\" decoding=\"async\" width=\"256\" height=\"256\" src=\"https:\/\/www.tauli.cat\/activitat\/wp-content\/uploads\/2022\/07\/label.png\" class=\"attachment-full size-full\" alt=\"\" srcset=\"https:\/\/www.tauli.cat\/activitat\/wp-content\/uploads\/2022\/07\/label.png 256w, https:\/\/www.tauli.cat\/activitat\/wp-content\/uploads\/2022\/07\/label-150x150.png 150w\" sizes=\"(max-width: 256px) 100vw, 256px\" \/><\/div>  <div class=\"eut-box-content\">      <h4 class=\"eut-box-title\">Factor d'Impacte<\/h4>    <p class=\"\">Formaci\u00f3 per al Grup de Recerca Infermera<br \/>\n15 de novembre de 2021<\/p>  <\/div><\/div><div class=\"eut-element eut-box-icon eut-align-left eut-medium eut-animated-item eut-fadeInRight\" style=\"\" data-delay=\"200\"><div class=\"eut-image-icon\"><img loading=\"lazy\" decoding=\"async\" width=\"256\" height=\"256\" src=\"https:\/\/www.tauli.cat\/activitat\/wp-content\/uploads\/2022\/07\/label.png\" class=\"attachment-full size-full\" alt=\"\" srcset=\"https:\/\/www.tauli.cat\/activitat\/wp-content\/uploads\/2022\/07\/label.png 256w, https:\/\/www.tauli.cat\/activitat\/wp-content\/uploads\/2022\/07\/label-150x150.png 150w\" sizes=\"(max-width: 256px) 100vw, 256px\" \/><\/div>  <div class=\"eut-box-content\">      <h4 class=\"eut-box-title\">Bones Pr\u00e0ctiques Cl\u00edniques<\/h4>    <p class=\"\">Formaci\u00f3 per a investigadors i coinvestigadors<br \/>\nEdici\u00f3 1: del 19 de maig al 30 de juny de 2021<br \/>\nEdici\u00f3 2: del 27 d\u2019octubre al 24 de novembre de 2021<\/p>  <\/div><\/div><div class=\"eut-element eut-box-icon eut-align-left eut-medium eut-animated-item eut-fadeInRight\" style=\"\" data-delay=\"200\"><div class=\"eut-image-icon\"><img loading=\"lazy\" decoding=\"async\" width=\"256\" height=\"256\" src=\"https:\/\/www.tauli.cat\/activitat\/wp-content\/uploads\/2022\/07\/label.png\" class=\"attachment-full size-full\" alt=\"\" srcset=\"https:\/\/www.tauli.cat\/activitat\/wp-content\/uploads\/2022\/07\/label.png 256w, https:\/\/www.tauli.cat\/activitat\/wp-content\/uploads\/2022\/07\/label-150x150.png 150w\" sizes=\"(max-width: 256px) 100vw, 256px\" \/><\/div>  <div class=\"eut-box-content\">      <h4 class=\"eut-box-title\">Introducci\u00f3 a la recerca i la innovaci\u00f3<\/h4>    <p class=\"\">Formaci\u00f3 per residents.<br \/>\n<\/p>  <\/div><\/div>[\/vc_column][\/vc_row]\n","protected":false},"excerpt":{"rendered":"<p>[vc_row][vc_column][vc_column_text]L&#8217;Institut elabora un Pla de Formaci\u00f3 orientat als seus professionals amb l&#8217;objectiu de refor\u00e7ar els coneixements i cubrir les seves necessitats formatives de l&#8217;\u00e0mbit cient\u00edfic i de gesti\u00f3. El Pla est\u00e0 estructurat en 3 l\u00ednies estrat\u00e8giques, a trav\u00e9s de les quals s&#8217;organitzen diferents activitats. L\u00ednia estrat\u00e8gica 1: Augmentar la massa cr\u00edtica investigadora i innovadora L\u00ednia [&hellip;]<\/p>\n","protected":false},"author":1,"featured_media":0,"parent":58,"menu_order":0,"comment_status":"closed","ping_status":"closed","template":"","meta":{"footnotes":""},"class_list":["post-442","page","type-page","status-publish","hentry"],"_links":{"self":[{"href":"https:\/\/www.tauli.cat\/activitat\/wp-json\/wp\/v2\/pages\/442"}],"collection":[{"href":"https:\/\/www.tauli.cat\/activitat\/wp-json\/wp\/v2\/pages"}],"about":[{"href":"https:\/\/www.tauli.cat\/activitat\/wp-json\/wp\/v2\/types\/page"}],"author":[{"embeddable":true,"href":"https:\/\/www.tauli.cat\/activitat\/wp-json\/wp\/v2\/users\/1"}],"replies":[{"embeddable":true,"href":"https:\/\/www.tauli.cat\/activitat\/wp-json\/wp\/v2\/comments?post=442"}],"version-history":[{"count":16,"href":"https:\/\/www.tauli.cat\/activitat\/wp-json\/wp\/v2\/pages\/442\/revisions"}],"predecessor-version":[{"id":1171,"href":"https:\/\/www.tauli.cat\/activitat\/wp-json\/wp\/v2\/pages\/442\/revisions\/1171"}],"up":[{"embeddable":true,"href":"https:\/\/www.tauli.cat\/activitat\/wp-json\/wp\/v2\/pages\/58"}],"wp:attachment":[{"href":"https:\/\/www.tauli.cat\/activitat\/wp-json\/wp\/v2\/media?parent=442"}],"curies":[{"name":"wp","href":"https:\/\/api.w.org\/{rel}","templated":true}]}}