{"id":597,"date":"2022-07-11T13:10:28","date_gmt":"2022-07-11T11:10:28","guid":{"rendered":"https:\/\/www.tauli.cat\/activitat\/?page_id=597"},"modified":"2025-07-16T11:12:08","modified_gmt":"2025-07-16T09:12:08","slug":"memories","status":"publish","type":"page","link":"https:\/\/www.tauli.cat\/activitat\/memories\/","title":{"rendered":"Mem\u00f2ries"},"content":{"rendered":"[vc_row][vc_column width=&#8221;1\/2&#8243;][vc_column_text]\n<h2>Mem\u00f2ries globals<\/h2>\n<ul>\n<li><a href=\"https:\/\/www.tauli.cat\/activitat\/memoria-2024\/\">Mem\u00f2ria anual 2024<\/a><\/li>\n<li><a href=\"https:\/\/www.tauli.cat\/tauli\/images\/InfoCorporativa\/documents\/MEMORIA_TAULI_2023_20241016_red.pdf\" target=\"_blank\" rel=\"noopener\">Mem\u00f2ria anual 2023 (PDF)<\/a><\/li>\n<li><a href=\"https:\/\/www.tauli.cat\/tauli\/images\/InfoCorporativa\/documents\/Sintesi-Informe-Anual-CSPT-2022.pdf\" target=\"_blank\" rel=\"noopener\">S\u00edntesi de l&#8217;Informe Anual 2022 (PDF)<\/a><\/li>\n<li><a href=\"https:\/\/www.tauli.cat\/tauli\/images\/InfoCorporativa\/documents\/Sintesi-Informe-Anual-CSPT-2021.pdf\" target=\"_blank\" rel=\"noopener\">S\u00edntesi de l&#8217;Informe Anual 2021 (PDF)<\/a><\/li>\n<li><a href=\"https:\/\/www.tauli.cat\/tauli\/images\/InfoCorporativa\/documents\/Sintesi_Informe_Anual_CSPT_2020.pdf\" target=\"_blank\" rel=\"noopener\">S\u00edntesi de l&#8217;Informe Anual 2020 (PDF)<\/a><\/li>\n<li><a href=\"https:\/\/www.tauli.cat\/tauli\/images\/InfoCorporativa\/documents\/Sintesi_Informe_Anual_CSPT_2019.pdf\" target=\"_blank\" rel=\"noopener\">S\u00edntesi de l&#8217;Informe Anual 2019 (PDF)<\/a><\/li>\n<li><a href=\"https:\/\/www.tauli.cat\/tauli\/images\/InfoCorporativa\/documents\/Sintesi_Informe_Anual_CSPT_2018.pdf\" target=\"_blank\" rel=\"noopener\">S\u00edntesi de l&#8217;Informe Anual 2018 (PDF)<\/a><\/li>\n<li><a href=\"https:\/\/www.tauli.cat\/tauli\/images\/InfoCorporativa\/documents\/Sintesi_Informe_Anual_CSPT_2017.pdf\" target=\"_blank\" rel=\"noopener\">S\u00edntesi de l&#8217;Informe Anual 2017 (PDF)<\/a><\/li>\n<li><a href=\"https:\/\/www.tauli.cat\/tauli\/images\/InfoCorporativa\/documents\/2016_Sintesi_Informe_Anual_CSPT.pdf\" target=\"_blank\" rel=\"noopener\">S\u00edntesi de l&#8217;Informe Anual 2016 (PDF)<\/a><\/li>\n<\/ul>\n[\/vc_column_text][\/vc_column][vc_column width=&#8221;1\/2&#8243;][vc_column_text]\n<h2>Mem\u00f2ries cient\u00edfiques<\/h2>\n<ul>\n<li>Mem\u00f2ria cient\u00edfica 2024 &#8211; <em>en elaboraci\u00f3<\/em><\/li>\n<li>Mem\u00f2ria cient\u00edfica 2023 &#8211; <a href=\"https:\/\/www.tauli.cat\/activitat\/i3pt\/memoria-cientifica\/o2023\/\">WEB<\/a> \/ PDF<\/li>\n<li>Mem\u00f2ria cient\u00edfica 2022 &#8211; <a href=\"https:\/\/www.tauli.cat\/activitat\/i3pt\/memoria-cientifica\/o2022\/\">WEB<\/a> \/ PDF<\/li>\n<li>Mem\u00f2ria cient\u00edfica 2021 &#8211; <a href=\"https:\/\/www.tauli.cat\/activitat\/i3pt\/memoria-cientifica\/o2021\/\">WEB<\/a> \/ PDF<\/li>\n<\/ul>\n[\/vc_column_text][\/vc_column][\/vc_row]\n","protected":false},"excerpt":{"rendered":"<p>[vc_row][vc_column width=&#8221;1\/2&#8243;][vc_column_text] Mem\u00f2ries globals Mem\u00f2ria anual 2024 Mem\u00f2ria anual 2023 (PDF) S\u00edntesi de l&#8217;Informe Anual 2022 (PDF) S\u00edntesi de l&#8217;Informe Anual 2021 (PDF) S\u00edntesi de l&#8217;Informe Anual 2020 (PDF) S\u00edntesi de l&#8217;Informe Anual 2019 (PDF) S\u00edntesi de l&#8217;Informe Anual 2018 (PDF) S\u00edntesi de l&#8217;Informe Anual 2017 (PDF) S\u00edntesi de l&#8217;Informe Anual 2016 (PDF) [\/vc_column_text][\/vc_column][vc_column width=&#8221;1\/2&#8243;][vc_column_text] [&hellip;]<\/p>\n","protected":false},"author":1,"featured_media":0,"parent":0,"menu_order":0,"comment_status":"closed","ping_status":"closed","template":"","meta":{"footnotes":""},"class_list":["post-597","page","type-page","status-publish","hentry"],"_links":{"self":[{"href":"https:\/\/www.tauli.cat\/activitat\/wp-json\/wp\/v2\/pages\/597"}],"collection":[{"href":"https:\/\/www.tauli.cat\/activitat\/wp-json\/wp\/v2\/pages"}],"about":[{"href":"https:\/\/www.tauli.cat\/activitat\/wp-json\/wp\/v2\/types\/page"}],"author":[{"embeddable":true,"href":"https:\/\/www.tauli.cat\/activitat\/wp-json\/wp\/v2\/users\/1"}],"replies":[{"embeddable":true,"href":"https:\/\/www.tauli.cat\/activitat\/wp-json\/wp\/v2\/comments?post=597"}],"version-history":[{"count":15,"href":"https:\/\/www.tauli.cat\/activitat\/wp-json\/wp\/v2\/pages\/597\/revisions"}],"predecessor-version":[{"id":2664,"href":"https:\/\/www.tauli.cat\/activitat\/wp-json\/wp\/v2\/pages\/597\/revisions\/2664"}],"wp:attachment":[{"href":"https:\/\/www.tauli.cat\/activitat\/wp-json\/wp\/v2\/media?parent=597"}],"curies":[{"name":"wp","href":"https:\/\/api.w.org\/{rel}","templated":true}]}}