{"id":3,"date":"2021-06-17T16:33:06","date_gmt":"2021-06-17T14:33:06","guid":{"rendered":"http:\/\/www.tauli.cat\/actualitat\/?page_id=3"},"modified":"2025-03-10T13:18:18","modified_gmt":"2025-03-10T12:18:18","slug":"privacitat-cookies","status":"publish","type":"page","link":"https:\/\/www.tauli.cat\/actualitat\/privacitat-cookies\/","title":{"rendered":"Privacitat i cookies"},"content":{"rendered":"<p>[vc_row margin_bottom=&#8221;0&#8243;][vc_column][vc_column_text]El <a href=\"https:\/\/www.tauli.cat\/tauli\/\" target=\"_blank\" rel=\"noopener\">Consorci Corporaci\u00f3 Sanit\u00e0ria Parc Taul\u00ed<\/a> inclou:<\/p>\n<ul>\n<li>Hospital de Sabadell \/ Centre Sociosanitari Albada<\/li>\n<li>Fundaci\u00f3 Parc Taul\u00ed<\/li>\n<li>Sabadell Gent Gran<\/li>\n<li>Atenci\u00f3 a la Depend\u00e8ncia<\/li>\n<li>Centre d\u2019Atenci\u00f3 Prim\u00e0ria Can Rull<\/li>\n<\/ul>\n<h2>Informaci\u00f3 b\u00e0sica sobre protecci\u00f3 de dades<\/h2>\n<h3>Responsable de tractament<\/h3>\n<p>[\/vc_column_text]<div class=\"eut-element eut-box-icon eut-align-left eut-medium\" style=\"\">  <div class=\"eut-wrapper-icon eut-no-shape eut-color-grey\"><i class=\"far fa-user eut-color-primary-1\"><\/i><\/div>  <div class=\"eut-box-content\">      <h3 class=\"eut-box-title\">Sra. Gemma Craywinckel i Mart\u00ed<\/h3>    <p class=\"\">Directora General del Consorci Corporaci\u00f3 Sanit\u00e0ria Parc Taul\u00ed<br \/>\n<\/p>  <\/div><\/div>[vc_column_text]<\/p>\n<h3>Finalitat del tractament<\/h3>\n<p>Comunicaci\u00f3 amb la ciutadania mitjan\u00e7ant la subscripci\u00f3 automatitzada a les novetats publicades per mitj\u00e0 de l\u2019enviament d\u2019un butllet\u00ed per correu electr\u00f2nic.<\/p>\n<h3>Base jur\u00eddica<\/h3>\n<p>Consentiment de l\u2019interessat.<\/p>\n<ul>\n<li>Llei Org\u00e0nica 3\/2018, de 5 de desembre, de Protecci\u00f3 de Dades Personals i garantia dels drets digitals.<\/li>\n<li>Reglament 2016\/679 de Parlament Europeu relatiu a la protecci\u00f3 de les persones f\u00edsiques pel que fa a el tractament de dades personals ia la lliure circulaci\u00f3 d&#8217;aquestes dades.<\/li>\n<\/ul>\n<h3>Activitat del tractament<\/h3>\n<p>Comunicaci\u00f3 Institucional.<\/p>\n<h3>Destinataris<\/h3>\n<p>No es cediran les dades a tercers excepte obligaci\u00f3 legal.<\/p>\n<h3>Transfer\u00e8ncies internacionals<\/h3>\n<p>No es preveuen.<\/p>\n<h3>Drets<\/h3>\n<p>Informaci\u00f3, Acc\u00e9s, Rectificaci\u00f3, Supressi\u00f3, Limitaci\u00f3, Portabilitat i Oposici\u00f3. Es poden exercir a trav\u00e9s del Delegat de Protecci\u00f3 de Dades.<\/p>\n<h3>Delegat de Protecci\u00f3 de dades<\/h3>\n<p>[\/vc_column_text]<div class=\"eut-element eut-box-icon eut-align-left eut-medium\" style=\"\">  <div class=\"eut-wrapper-icon eut-no-shape eut-color-grey\"><i class=\"far fa-user eut-color-primary-1\"><\/i><\/div>  <div class=\"eut-box-content\">      <h3 class=\"eut-box-title\">Sr. Antoni Llamas Losilla<\/h3>    <p class=\"\">Delegat de Protecci\u00f3 de Dades<\/p>  <\/div><\/div><div class=\"eut-element eut-box-icon eut-align-left eut-medium\" style=\"\"><a href=\"mailto:dpd@tauli.cat\" target=\"_self\">  <div class=\"eut-wrapper-icon eut-no-shape eut-color-grey\"><i class=\"far fa-envelope eut-color-primary-1\"><\/i><\/div><\/a>  <div class=\"eut-box-content\"><a href=\"mailto:dpd@tauli.cat\" target=\"_self\">      <h3 class=\"eut-box-title\">dpd@tauli.cat<\/h3><\/a>  <\/div><\/div><div class=\"eut-element eut-box-icon eut-align-left eut-medium\" style=\"\"><a href=\"https:\/\/www.tauli.cat\/tauli\/informacio-corporativa\/protecci%C3%B3-de-dades\" target=\"_blank\">  <div class=\"eut-wrapper-icon eut-no-shape eut-color-grey\"><i class=\"fas fa-external-link-alt eut-color-primary-1\"><\/i><\/div><\/a>  <div class=\"eut-box-content\"><a href=\"https:\/\/www.tauli.cat\/tauli\/informacio-corporativa\/protecci%C3%B3-de-dades\" target=\"_blank\">      <h3 class=\"eut-box-title\">Informaci\u00f3 addicional sobre protecci\u00f3 de dades<\/h3><\/a>    <p class=\"\">Enlla\u00e7 al web del Parc Taul\u00ed<\/p>  <\/div><\/div>[\/vc_column][\/vc_row][vc_row section_id=&#8221;infaddicional&#8221;][vc_column][vc_column_text]<\/p>\n<h2>Cookies (galetes)<\/h2>\n<h3>Qu\u00e8 s\u00f3n les cookies?<\/h3>\n<p>S\u00f3n petits arxius que algunes plataformes, com els webs, poden instal\u00b7lar al vostre ordinador, tel\u00e8fon intel\u00b7ligent, tauleta t\u00e0ctic o televisi\u00f3 connectada. Les seves funcions poden ser diverses: emmagatzemar les vostres prefer\u00e8ncies de navegaci\u00f3 i recollir informaci\u00f3 estad\u00edstica, entre d\u2019altres A vegades, les galetes s\u2019utilitzen per emmagatzemar informaci\u00f3 b\u00e0sica sobre els h\u00e0bits de navegaci\u00f3 de l\u2019usuari, o del seu equip, fins a arribar al punt de poder recon\u00e8ixer-lo.<\/p>\n<h3>Quin \u00fas fem de les cookies?<\/h3>\n<p>Navegar per aquest portal suposa que es poden instal\u00b7lar els seg\u00fcents tipus de galetes:<\/p>\n<ul>\n<li><strong>Galetes de millora del rendiment. <\/strong>Aquest tipus de galetes conserva les vostres prefer\u00e8ncies per certes eines, o serveis, estalviant-vos haver de configurar-les de nou cada vegada que torneu a visitar el nostre portal i, en determinats casos, poder ser aportades per tercers. Alguns exemples s\u00f3n: nom d\u2019usuari, idioma del lloc web, prefer\u00e8ncies d\u2019ordenaci\u00f3 d\u2019articles.<\/li>\n<li><strong>Galetes d\u2019an\u00e0lisi estad\u00edstic. <\/strong>S\u00f3n les que permeten quantificar el nombre de visitants i analitzar estad\u00edsticament l\u2019\u00fas que fan dels nostres serveis. Gracies a elles podem estudiar la navegaci\u00f3 pel nostre web i millorar l\u2019oferta de serveis que oferim.<\/li>\n<li><strong>Galetes de geolocalitzaci\u00f3. <\/strong>Aquestes, s\u00f3n utilitzades per programes que intenten localitzar geogr\u00e0ficament la situaci\u00f3 de l\u2019ordinador, tel\u00e8fon intel\u00b7ligent, tauleta t\u00e0ctic o televisi\u00f3 connectada, de forma que, amb el m\u00e9s absolut anonimat, es puguin oferir continguts i serveis m\u00e9s adequats, i tamb\u00e9 proporcionar-vos dades exactes sobre la localitzaci\u00f3 dels nostres serveis, com pot ser, la forma m\u00e9s r\u00e0pida i exacta d\u2019arribar al nostre despatx, aix\u00ed com d\u2019altres d\u2019inter\u00e8s per poder interactuar amb nosaltres.<\/li>\n<li><strong>Altres galetes de tercers. <\/strong>Algunes de les nostres p\u00e0gines poden instal\u00b7lar galetes de tercers que permeten gestionar i millorar el servei que aquests ofereixen. Un exemple d\u2019aquest \u00fas podria ser els enlla\u00e7os a xarxes socials que permeten compartir els nostres continguts.<\/li>\n<\/ul>\n<h3>Modificaci\u00f3 de les prefer\u00e8ncies de les cookies<\/h3>\n<p>Pot permetre, bloquejar o eliminar les galetes instal\u00b7lades en el seu equip mitjan\u00e7ant la configuraci\u00f3 de les opcions del seu navegador d\u2019Internet. En cas que les bloquegi, \u00e9s possible que alguns serveis que requereixen el seu \u00fas no estiguin disponibles per a vosaltres.<\/p>\n<p>A continuaci\u00f3 us oferim enlla\u00e7os en els quals trobareu informaci\u00f3 sobre com podeu activar les vostres prefer\u00e8ncies en els principals navegadors i el programari Flash Player:<\/p>\n<ul>\n<li class=\"icon-list link\"><a href=\"https:\/\/support.google.com\/chrome\/answer\/95647?hl=es\" target=\"_blank\" rel=\"noopener noreferrer\">Google Chrome<\/a><\/li>\n<li class=\"icon-list link\"><a href=\"http:\/\/support.microsoft.com\/kb\/196955\/es\" target=\"_blank\" rel=\"noopener noreferrer\">Internet Explorer<\/a><\/li>\n<li class=\"icon-list link\"><a href=\"https:\/\/support.mozilla.org\/es\/kb\/cookies-informacion-que-los-sitios-web-guardan-en-?redirectlocale=en-US&amp;redirectslug=Cookies\" target=\"_blank\" rel=\"noopener noreferrer\">Mozilla Firefox<\/a><\/li>\n<li class=\"icon-list link\"><a href=\"http:\/\/support.apple.com\/kb\/ph5042\" target=\"_blank\" rel=\"noopener noreferrer\">Safari<\/a><\/li>\n<\/ul>\n<p>[\/vc_column_text][\/vc_column][\/vc_row]<\/p>\n","protected":false},"excerpt":{"rendered":"<p>[vc_row margin_bottom=&#8221;0&#8243;][vc_column][vc_column_text]El Consorci Corporaci\u00f3 Sanit\u00e0ria Parc Taul\u00ed inclou: Hospital de Sabadell \/ Centre Sociosanitari Albada Fundaci\u00f3 Parc Taul\u00ed Sabadell Gent Gran Atenci\u00f3 a la Depend\u00e8ncia Centre d\u2019Atenci\u00f3 Prim\u00e0ria Can Rull [&hellip;]<\/p>\n","protected":false},"author":1,"featured_media":0,"parent":0,"menu_order":0,"comment_status":"closed","ping_status":"open","template":"","meta":[],"_links":{"self":[{"href":"https:\/\/www.tauli.cat\/actualitat\/wp-json\/wp\/v2\/pages\/3"}],"collection":[{"href":"https:\/\/www.tauli.cat\/actualitat\/wp-json\/wp\/v2\/pages"}],"about":[{"href":"https:\/\/www.tauli.cat\/actualitat\/wp-json\/wp\/v2\/types\/page"}],"author":[{"embeddable":true,"href":"https:\/\/www.tauli.cat\/actualitat\/wp-json\/wp\/v2\/users\/1"}],"replies":[{"embeddable":true,"href":"https:\/\/www.tauli.cat\/actualitat\/wp-json\/wp\/v2\/comments?post=3"}],"version-history":[{"count":30,"href":"https:\/\/www.tauli.cat\/actualitat\/wp-json\/wp\/v2\/pages\/3\/revisions"}],"predecessor-version":[{"id":45770,"href":"https:\/\/www.tauli.cat\/actualitat\/wp-json\/wp\/v2\/pages\/3\/revisions\/45770"}],"wp:attachment":[{"href":"https:\/\/www.tauli.cat\/actualitat\/wp-json\/wp\/v2\/media?parent=3"}],"curies":[{"name":"wp","href":"https:\/\/api.w.org\/{rel}","templated":true}]}}