{"id":3129,"date":"2021-07-01T09:32:24","date_gmt":"2021-07-01T07:32:24","guid":{"rendered":"https:\/\/www.tauli.cat\/actualitat\/?page_id=3129"},"modified":"2021-07-01T09:32:32","modified_gmt":"2021-07-01T07:32:32","slug":"accessibilitat","status":"publish","type":"page","link":"https:\/\/www.tauli.cat\/actualitat\/accessibilitat\/","title":{"rendered":"Declaraci\u00f3 d&#8217;accessibilitat"},"content":{"rendered":"<p>[vc_row][vc_column][vc_column_text]Parc Taul\u00ed Hospital Universitari s\u2019ha comprom\u00e8s a fer accessible el seu lloc web de conformitat amb el Reial Decret 1112\/2018, de 7 de setembre, sobre accessibilitat dels llocs web i aplicacions per a dispositius m\u00f2bils del sector p\u00fablic (en endavant, Reial Decret 1112\/2018, de 7 de setembre).<\/p>\n<p>La present declaraci\u00f3 d\u2019accessibilitat s\u2019aplica a <a href=\"https:\/\/www.tauli.cat\/actualitat\/\">https:\/\/www.tauli.cat\/actualitat\/<\/a><\/p>\n<h3>Situaci\u00f3 de compliment<\/h3>\n<p>Aquest lloc web \u00e9s \u00ab<strong>parcialment conforme<\/strong>\u00bb amb el Reial Decret 1112\/2018, de 7 de setembre a causa de la manca de conformitat dels aspectes que s\u2019indiquen a continuaci\u00f3.<\/p>\n<h3>Contingut no accessible<\/h3>\n<p>El contingut que es recull a continuaci\u00f3 no \u00e9s accessible pels seg\u00fcents motius:<\/p>\n<ul>\n<li>Manca de conformitat amb el Reial Decret 1112\/2018, de 7 de setembre:\n<ul>\n<li>Contingut no textual<\/li>\n<li>Subt\u00edtols (gravats)<\/li>\n<li>Audiodescripci\u00f3 o mitj\u00e0 alternatiu (gravat)<\/li>\n<li>Audiodescripci\u00f3 (gravat)<\/li>\n<li>Seq\u00fc\u00e8ncia significativa<\/li>\n<li>Caracter\u00edstiques sensorials<\/li>\n<li>Contrast (m\u00ednim)<\/li>\n<li>Imatges de text<\/li>\n<li>Contrast en elements no textuals<\/li>\n<li>Espaiat en el text<\/li>\n<li>Contingut en over o focus<\/li>\n<li>Teclat<\/li>\n<li>Posar en pausa, detenir, ocultar<\/li>\n<li>Evitar blocs<\/li>\n<li>Focus visible<\/li>\n<li>Etiqueta en el nom<\/li>\n<li>Idioma de les parts<\/li>\n<li>Etiquetes o instruccions<\/li>\n<li>Nom, funci\u00f3, valor<\/li>\n<li>Missatges d\u2019estat.<\/li>\n<\/ul>\n<\/li>\n<li>C\u00e0rrega desproporcionada: no aplica.<\/li>\n<li>El contingut no entra dins de l\u2019\u00e0mbit de la legislaci\u00f3 aplicable:<\/li>\n<\/ul>\n<p>Podrien existir arxius ofim\u00e0tics en PDF o altres formats publicats abans de el 20 de setembre de 2018 que no compleixin \u00edntegrament tots els requisits d\u2019accessibilitat.<\/p>\n<h3>Preparaci\u00f3 de la present declaraci\u00f3 d\u2019accessibilitat<\/h3>\n<p>La present declaraci\u00f3 va ser preparada el 23 de mar\u00e7 de 2021<\/p>\n<p>El m\u00e8tode utilitzat per preparar la declaraci\u00f3 va ser l\u2019auditoria d\u2019accessibilitat externa duta a terme per la consultora en accessibilitat \u00c0GILS Comunicaci\u00f3, S.L.<\/p>\n<p>Darrera revisi\u00f3 de la declaraci\u00f3: 23 de mar\u00e7 de 2021<\/p>\n<h3>Observacions i dades de contacte<\/h3>\n<p>Es poden realitzar comunicacions sobre requisits d\u2019accessibilitat (article 10.2.a del Reial Decret 1112\/2018), a trav\u00e9s de la seg\u00fcent <a href=\"https:\/\/ovt.gencat.cat\/gsitfc\/AppJava\/generic\/conqxsGeneric.do?topicLevel1.id=500&amp;topicLevel2.id=20523&amp;webFormId=391&amp;set-locale=ca_ES\" target=\"_blank\" rel=\"noopener\">b\u00fastia de contacte<\/a>.<\/p>\n<p>Per exemple:<\/p>\n<ul>\n<li>Informar sobre qualsevol possible incompliment per part d\u2019aquest lloc web.<\/li>\n<li>Transmetre altres dificultats d\u2019acc\u00e9s al contingut.<\/li>\n<li>Formular qualsevol altra consulta o suggeriment de millora relativa a l\u2019accessibilitat del lloc web.<\/li>\n<\/ul>\n<p>Les comunicacions seran rebudes i traslladades per la Direcci\u00f3 General d\u2019Atenci\u00f3 Ciutadana, del Departament de la Vicepresid\u00e8ncia, Economia i Hisenda, com a Unitat Responsable d\u2019Accessibilitat Web en l\u2019\u00e0mbit auton\u00f2mic.<\/p>\n<h3>Sol\u00b7licituds d\u2019informaci\u00f3 accessible i queixes<\/h3>\n<p>Per fer sol\u00b7licituds d\u2019informaci\u00f3 accessible i queixes (article 12 del Reial Decret 1112\/2018) cal accedir al tr\u00e0mit \u201c<a href=\"https:\/\/web.gencat.cat\/ca\/tramits\/tramits-temes\/Continguts-accessibles-al-web\" target=\"_blank\" rel=\"noopener\">Continguts accessibles al web<\/a>\u201d i seguir la modalitat \u201c<a href=\"https:\/\/web.gencat.cat\/ca\/tramits\/tramits-temes\/Continguts-accessibles-al-web?moda=1\" target=\"_blank\" rel=\"noopener\">Sol\u00b7licitar informaci\u00f3 accessible o fer una queixa<\/a>\u201d.<\/p>\n<p>Qualsevol persona f\u00edsica o jur\u00eddica pot formular queixes relatives al compliment dels requisits del Reial Decret 1112\/2018 i sol\u00b7licitar informaci\u00f3 relativa a continguts que estiguin exclosos de l\u2019\u00e0mbit d\u2019aplicaci\u00f3 d\u2019aquesta normativa.<\/p>\n<p>Les sol\u00b7licituds i queixes es registren conforme als requisits establerts per la Llei 39\/2015 d\u20191 d\u2019octubre, del Procediment Administratiu Com\u00fa de les Administracions P\u00fabliques.<\/p>\n<h3>Procediment d\u2019aplicaci\u00f3<\/h3>\n<p>El procediment d\u2019aplicaci\u00f3 recollit a l\u2019article 13 del Reial Decret 1112\/2018 es pot iniciar al tr\u00e0mit \u201c<a href=\"https:\/\/web.gencat.cat\/ca\/tramits\/tramits-temes\/Continguts-accessibles-al-web\" target=\"_blank\" rel=\"noopener\">Continguts accessibles al web<\/a>\u201d a trav\u00e9s de la modalitat \u201c<a href=\"https:\/\/web.gencat.cat\/ca\/tramits\/tramits-temes\/Continguts-accessibles-al-web?category=&amp;moda=2\" target=\"_blank\" rel=\"noopener\">Reclamar una sol\u00b7licitud<\/a>\u201d.<\/p>\n<p>Si un cop realitzada una sol\u00b7licitud d\u2019informaci\u00f3 accessible o queixa, aquesta ha estat desestimada, no est\u00e0s d\u2019acord amb la decisi\u00f3 adoptada o la resposta no compleix amb els requisits de l\u2019article 12.5 del RD 1112\/2018, pots iniciar una reclamaci\u00f3 per:<\/p>\n<ul>\n<li>Con\u00e8ixer i oposar-te als motius de la desestimaci\u00f3.<\/li>\n<li>Instar a l\u2019adopci\u00f3 de les mesures oportunes en cas de no estar d\u2019acord amb la decisi\u00f3 adoptada.<\/li>\n<li>Exposar les raons per les quals consideres que la resposta no compleix amb els requisits exigits.<\/li>\n<\/ul>\n<p>Tamb\u00e9 es pot iniciar una reclamaci\u00f3 en cas que hagin transcorregut 20 dies h\u00e0bils sense haver obtingut cap resposta.[\/vc_column_text][\/vc_column][\/vc_row]<\/p>\n","protected":false},"excerpt":{"rendered":"<p>[vc_row][vc_column][vc_column_text]Parc Taul\u00ed Hospital Universitari s\u2019ha comprom\u00e8s a fer accessible el seu lloc web de conformitat amb el Reial Decret 1112\/2018, de 7 de setembre, sobre accessibilitat dels llocs web i [&hellip;]<\/p>\n","protected":false},"author":1,"featured_media":0,"parent":0,"menu_order":0,"comment_status":"closed","ping_status":"closed","template":"","meta":[],"_links":{"self":[{"href":"https:\/\/www.tauli.cat\/actualitat\/wp-json\/wp\/v2\/pages\/3129"}],"collection":[{"href":"https:\/\/www.tauli.cat\/actualitat\/wp-json\/wp\/v2\/pages"}],"about":[{"href":"https:\/\/www.tauli.cat\/actualitat\/wp-json\/wp\/v2\/types\/page"}],"author":[{"embeddable":true,"href":"https:\/\/www.tauli.cat\/actualitat\/wp-json\/wp\/v2\/users\/1"}],"replies":[{"embeddable":true,"href":"https:\/\/www.tauli.cat\/actualitat\/wp-json\/wp\/v2\/comments?post=3129"}],"version-history":[{"count":2,"href":"https:\/\/www.tauli.cat\/actualitat\/wp-json\/wp\/v2\/pages\/3129\/revisions"}],"predecessor-version":[{"id":3131,"href":"https:\/\/www.tauli.cat\/actualitat\/wp-json\/wp\/v2\/pages\/3129\/revisions\/3131"}],"wp:attachment":[{"href":"https:\/\/www.tauli.cat\/actualitat\/wp-json\/wp\/v2\/media?parent=3129"}],"curies":[{"name":"wp","href":"https:\/\/api.w.org\/{rel}","templated":true}]}}