{"id":3133,"date":"2021-07-01T09:57:28","date_gmt":"2021-07-01T07:57:28","guid":{"rendered":"https:\/\/www.tauli.cat\/actualitat\/?page_id=3133"},"modified":"2021-07-03T07:23:25","modified_gmt":"2021-07-03T05:23:25","slug":"normes","status":"publish","type":"page","link":"https:\/\/www.tauli.cat\/actualitat\/normes\/","title":{"rendered":"Normes de participaci\u00f3"},"content":{"rendered":"<p>[vc_row][vc_column][vc_column_text]Els blogs i les xarxes socials de la Corporaci\u00f3 Sanit\u00e0ria Parc Taul\u00ed de Sabadell tenen per objectiu fer difusi\u00f3 de les activitats, serveis i projectes que es porten a terme i fer m\u00e9s propera la relaci\u00f3 amb els nostres usuaris i ciutadans, mitjan\u00e7ant l&#8217;escolta i la interacci\u00f3 sobre els diferents temes que poden estar relacionats amb aquesta instituci\u00f3.<\/p>\n<p>La ciutadania hi pot fer comentaris, complint els seg\u00fcents requisits:<\/p>\n<ol>\n<li>No es pot fer \u00fas d\u2019aquests perfils per fer publicitat d&#8217;empreses, serveis o esdeveniments amb \u00e0nim de lucre.<\/li>\n<li>Els comentaris publicats han d&#8217;estar relacionats amb la tem\u00e0tica de les publicacions.<\/li>\n<li>S&#8217;han de respectar les opinions de la resta de participants, encara que no es comparteixin. No es permet insultar o utilitzar un llenguatge ofensiu, racista, violent o xen\u00f2fob. Tampoc \u00e9s permesa la promoci\u00f3 d\u2019activitats il\u00b7legals ni la vulneraci\u00f3 de la privacitat de les persones.<\/li>\n<li>Les aportacions realitzades no poden tenir com a objectiu enganyar o desorientar la ciutadania ni violar cap\u00a0llei de drets d\u2019autoria ni de propietat intel\u00b7lectual.<\/li>\n<li>La repetici\u00f3 reiterada dels mateixos comentaris es considerar\u00e0 <em>spam<\/em> i podr\u00e0 comportar el bloqueig de l&#8217;usuari que els genera.<\/li>\n<li>\u00c9s recomanable evitar publicar dades personals pr\u00f2pies (adre\u00e7a postal o electr\u00f2nica, tel\u00e8fon&#8230;).<\/li>\n<li>Els blogs i les xarxes socials del Parc Taul\u00ed no s\u00f3n espais per fer consultes m\u00e8diques ni administratives personals. Aquestes consultes les heu d&#8217;adre\u00e7ar al vostre metge o infermera de refer\u00e8ncia. Si el que voleu \u00e9s fer-nos arribar una reclamaci\u00f3 o suggeriment, us heu d&#8217;adre\u00e7ar als Serveis d&#8217;Atenci\u00f3 al Client,\u00a0<a href=\"https:\/\/www.tauli.cat\/tauli\/usuaris\/informacio-i-consells-als-usuaris\/formulari-d-agra%C3%AFments,-reclamacions-i-o-suggeriments?view=formmaker&amp;id=15\" target=\"_blank\" rel=\"noopener\">mitjan\u00e7ant el formulari web<\/a> o contactant-hi directament (<a href=\"mailto:uac@tauli.cat\">uac@tauli.cat<\/a> \u2013 Tel\u00e8fon: 93 723 10 10 ext. 29052).<\/li>\n<li>Aquests perfils poden contenir informaci\u00f3 sobre malalties o tractaments m\u00e8dics. \u00c9s important recordar que aquesta informaci\u00f3 no ha de ser mai un substitut d&#8217;una consulta amb el seu metge. L&#8217;usuari assumeix tota la responsabilitat per la forma com decideix utilitzar aquesta informaci\u00f3.<\/li>\n<li>El Parc Taul\u00ed es reserva el dret d&#8217;esborrar qualsevol aportaci\u00f3 realitzada que no compleixi aquestes normes de participaci\u00f3.<\/li>\n<\/ol>\n<p>[\/vc_column_text][\/vc_column][\/vc_row]<\/p>\n","protected":false},"excerpt":{"rendered":"<p>[vc_row][vc_column][vc_column_text]Els blogs i les xarxes socials de la Corporaci\u00f3 Sanit\u00e0ria Parc Taul\u00ed de Sabadell tenen per objectiu fer difusi\u00f3 de les activitats, serveis i projectes que es porten a terme [&hellip;]<\/p>\n","protected":false},"author":1,"featured_media":0,"parent":0,"menu_order":0,"comment_status":"closed","ping_status":"closed","template":"","meta":[],"_links":{"self":[{"href":"https:\/\/www.tauli.cat\/actualitat\/wp-json\/wp\/v2\/pages\/3133"}],"collection":[{"href":"https:\/\/www.tauli.cat\/actualitat\/wp-json\/wp\/v2\/pages"}],"about":[{"href":"https:\/\/www.tauli.cat\/actualitat\/wp-json\/wp\/v2\/types\/page"}],"author":[{"embeddable":true,"href":"https:\/\/www.tauli.cat\/actualitat\/wp-json\/wp\/v2\/users\/1"}],"replies":[{"embeddable":true,"href":"https:\/\/www.tauli.cat\/actualitat\/wp-json\/wp\/v2\/comments?post=3133"}],"version-history":[{"count":8,"href":"https:\/\/www.tauli.cat\/actualitat\/wp-json\/wp\/v2\/pages\/3133\/revisions"}],"predecessor-version":[{"id":3267,"href":"https:\/\/www.tauli.cat\/actualitat\/wp-json\/wp\/v2\/pages\/3133\/revisions\/3267"}],"wp:attachment":[{"href":"https:\/\/www.tauli.cat\/actualitat\/wp-json\/wp\/v2\/media?parent=3133"}],"curies":[{"name":"wp","href":"https:\/\/api.w.org\/{rel}","templated":true}]}}