{"id":3883,"date":"2021-09-10T10:25:00","date_gmt":"2021-09-10T08:25:00","guid":{"rendered":"https:\/\/www.tauli.cat\/actualitat\/?page_id=3883"},"modified":"2025-09-09T09:17:19","modified_gmt":"2025-09-09T07:17:19","slug":"anterior","status":"publish","type":"page","link":"https:\/\/www.tauli.cat\/actualitat\/anterior\/","title":{"rendered":"M\u00e9s not\u00edcies i comunicats"},"content":{"rendered":"<p>[vc_row][vc_column]\t\t<div class=\"eut-element eut-blog eut-small-media eut-non-isotope like-grid eut-without-shadow\" style=\"\" >\r\n\t\t\t<div class=\"eut-standard-container\">\r\n\t\t\t<article id=\"post-86825\" class=\"eut-blog-item eut-small-post eut-non-isotope-item post-86825 post type-post status-publish format-standard has-post-thumbnail hentry category-noticia tag-cursa-contra-el-cancer tag-integrant-se-dins-el-festival-observa tag-la-cursa-estrena-circuit-amb-sortida-i-arribada-a-lamfiteatre-del-parc-catalunya\" itemscope itemType=\"http:\/\/schema.org\/BlogPosting\">\r\n\t\t\t\t\t\t\t\t\t\t\t<div class=\"eut-media eut-image-hover\">\r\n\t\t\t<a href=\"https:\/\/www.tauli.cat\/actualitat\/noticia\/2026\/05\/14a-corro-contra-el-cancer-esport-salut-i-cultura-en-benefici-de-lhospital-parc-tauli\/\"><img width=\"800\" height=\"450\" src=\"https:\/\/www.tauli.cat\/actualitat\/wp-content\/uploads\/2026\/05\/Cursa_1-800x450.jpg\" class=\"attachment-eut-image-small-rect-horizontal-wide size-eut-image-small-rect-horizontal-wide wp-post-image\" alt=\"We run\" decoding=\"async\" loading=\"lazy\" srcset=\"https:\/\/www.tauli.cat\/actualitat\/wp-content\/uploads\/2026\/05\/Cursa_1-800x450.jpg 800w, https:\/\/www.tauli.cat\/actualitat\/wp-content\/uploads\/2026\/05\/Cursa_1-1170x658.jpg 1170w\" sizes=\"(max-width: 800px) 100vw, 800px\" \/><\/a>\r\n\t\t<\/div>\r\n\r\n\t\t\t\t\t\t\t\t\t\t\t<div class=\"eut-post-content\">\r\n\t\t\t\t\t\t\t<a href=\"https:\/\/www.tauli.cat\/actualitat\/noticia\/2026\/05\/14a-corro-contra-el-cancer-esport-salut-i-cultura-en-benefici-de-lhospital-parc-tauli\/\" rel=\"bookmark\"><h5 class=\"eut-post-title\" itemprop=\"headline\"><span>14a Corro Contra el C\u00e0ncer: esport, salut i cultura en benefici de l\u2019Hospital Parc Taul\u00ed<\/span><\/h5><\/a>\t\t\t\t\t\t\t\t\t<span class=\"eut-hidden\">\r\n\t\t\t<span class=\"eut-structured-data entry-title\">14a Corro Contra el C\u00e0ncer: esport, salut i cultura en benefici de l\u2019Hospital Parc Taul\u00ed<\/span>\r\n\t\t\t<span class=\"eut-structured-data\" itemprop=\"image\" itemscope itemtype=\"http:\/\/schema.org\/ImageObject\">\r\n\t\t\t   <span itemprop='url' >https:\/\/www.tauli.cat\/actualitat\/wp-content\/uploads\/2026\/05\/Cursa_1-1200x800.jpg<\/span>\r\n\t\t\t   <span itemprop='height' >1080<\/span>\r\n\t\t\t   <span itemprop='width' >720<\/span>\r\n\t\t\t<\/span>\r\n\t\t\t\t\t\t<span class=\"eut-structured-data vcard author\" itemprop=\"author\" itemscope itemtype=\"http:\/\/schema.org\/Person\">\r\n\t\t\t\t<span itemprop=\"name\" class=\"fn\">Actualitat Parc Taul\u00ed<\/span>\r\n\t\t\t<\/span>\r\n\t\t\t<span class=\"eut-structured-data\" itemprop=\"publisher\" itemscope itemtype=\"http:\/\/schema.org\/Organization\">\r\n\t\t\t\t<span itemprop='name'>Actualitat Parc Taul\u00ed<\/span>\r\n\t\t\t\t<span itemprop='logo' itemscope itemtype='http:\/\/schema.org\/ImageObject'>\r\n\t\t\t\t\t<span itemprop='url'>https:\/\/www.tauli.cat\/actualitat\/wp-content\/uploads\/2026\/05\/Cursa_1-1200x800.jpg<\/span>\r\n\t\t\t\t<\/span>\r\n\t\t\t<\/span>\r\n\t\t\t\t\t\t<time class=\"eut-structured-data date published\" itemprop=\"datePublished\" datetime=\"2026-05-13T09:42:55+02:00\">13 de maig 2026<\/time>\r\n\t\t\t<time class=\"eut-structured-data date updated\" itemprop=\"dateModified\"  datetime=\"2026-05-13T09:42:55+02:00\">13 de maig 2026<\/time>\r\n\t\t\t<span class=\"eut-structured-data\" itemprop=\"mainEntityOfPage\" itemscope itemtype=\"http:\/\/schema.org\/WebPage\" itemid=\"https:\/\/www.tauli.cat\/actualitat\/noticia\/2026\/05\/14a-corro-contra-el-cancer-esport-salut-i-cultura-en-benefici-de-lhospital-parc-tauli\/\"><\/span>\r\n\t\t<\/span>\r\n\t\t\t\t\t\t\t\t<div class=\"eut-small-text eut-post-meta\">\r\n\t\t\t\t\t\t\t\t\t\t\t\t\t\t\t\t\t<time class=\"eut-post-date\" datetime=\"2026-05-13T09:42:55+02:00\">\r\n\t\t13 de maig 2026\t<\/time>\r\n\t\t\t\t\t\t\t\t\t\t\t\t\t\t\t<\/div>\r\n\t\t\t\t\t\t\t<div itemprop=\"articleBody\"><p>La cursa estrena circuit amb sortida i arribada a l\u2019Amfiteatre del Parc Catalunya, integrant-se dins el festival Observa<\/p>\n<\/div>\t\t\t\t\t\t<\/div>\r\n\t\t\t\t\t\r\n\t\t\t\t\t\t\t<\/article>\r\n\r\n\t\t\t<article id=\"post-85643\" class=\"eut-blog-item eut-small-post eut-non-isotope-item post-85643 post type-post status-publish format-standard has-post-thumbnail hentry category-noticia tag-consell-entitats-i-associacions\" itemscope itemType=\"http:\/\/schema.org\/BlogPosting\">\r\n\t\t\t\t\t\t\t\t\t\t\t<div class=\"eut-media eut-image-hover\">\r\n\t\t\t<a href=\"https:\/\/www.tauli.cat\/actualitat\/noticia\/2026\/05\/el-parc-tauli-celebra-el-3r-consell-dentitats-i-associacions\/\"><img width=\"800\" height=\"450\" src=\"https:\/\/www.tauli.cat\/actualitat\/wp-content\/uploads\/2026\/05\/Consell-de-Govern-reduida-800x450.jpg\" class=\"attachment-eut-image-small-rect-horizontal-wide size-eut-image-small-rect-horizontal-wide wp-post-image\" alt=\"Consell Entitats i Associacions\" decoding=\"async\" loading=\"lazy\" \/><\/a>\r\n\t\t<\/div>\r\n\r\n\t\t\t\t\t\t\t\t\t\t\t<div class=\"eut-post-content\">\r\n\t\t\t\t\t\t\t<a href=\"https:\/\/www.tauli.cat\/actualitat\/noticia\/2026\/05\/el-parc-tauli-celebra-el-3r-consell-dentitats-i-associacions\/\" rel=\"bookmark\"><h5 class=\"eut-post-title\" itemprop=\"headline\"><span>El Parc Taul\u00ed celebra el 3r Consell d\u2019Entitats i Associacions<\/span><\/h5><\/a>\t\t\t\t\t\t\t\t\t<span class=\"eut-hidden\">\r\n\t\t\t<span class=\"eut-structured-data entry-title\">El Parc Taul\u00ed celebra el 3r Consell d\u2019Entitats i Associacions<\/span>\r\n\t\t\t<span class=\"eut-structured-data\" itemprop=\"image\" itemscope itemtype=\"http:\/\/schema.org\/ImageObject\">\r\n\t\t\t   <span itemprop='url' >https:\/\/www.tauli.cat\/actualitat\/wp-content\/uploads\/2026\/05\/Consell-de-Govern-reduida.jpg<\/span>\r\n\t\t\t   <span itemprop='height' >1000<\/span>\r\n\t\t\t   <span itemprop='width' >667<\/span>\r\n\t\t\t<\/span>\r\n\t\t\t\t\t\t<span class=\"eut-structured-data vcard author\" itemprop=\"author\" itemscope itemtype=\"http:\/\/schema.org\/Person\">\r\n\t\t\t\t<span itemprop=\"name\" class=\"fn\">Actualitat Parc Taul\u00ed<\/span>\r\n\t\t\t<\/span>\r\n\t\t\t<span class=\"eut-structured-data\" itemprop=\"publisher\" itemscope itemtype=\"http:\/\/schema.org\/Organization\">\r\n\t\t\t\t<span itemprop='name'>Actualitat Parc Taul\u00ed<\/span>\r\n\t\t\t\t<span itemprop='logo' itemscope itemtype='http:\/\/schema.org\/ImageObject'>\r\n\t\t\t\t\t<span itemprop='url'>https:\/\/www.tauli.cat\/actualitat\/wp-content\/uploads\/2026\/05\/Consell-de-Govern-reduida.jpg<\/span>\r\n\t\t\t\t<\/span>\r\n\t\t\t<\/span>\r\n\t\t\t\t\t\t<time class=\"eut-structured-data date published\" itemprop=\"datePublished\" datetime=\"2026-05-08T13:42:17+02:00\">8 de maig 2026<\/time>\r\n\t\t\t<time class=\"eut-structured-data date updated\" itemprop=\"dateModified\"  datetime=\"2026-05-08T13:42:17+02:00\">8 de maig 2026<\/time>\r\n\t\t\t<span class=\"eut-structured-data\" itemprop=\"mainEntityOfPage\" itemscope itemtype=\"http:\/\/schema.org\/WebPage\" itemid=\"https:\/\/www.tauli.cat\/actualitat\/noticia\/2026\/05\/el-parc-tauli-celebra-el-3r-consell-dentitats-i-associacions\/\"><\/span>\r\n\t\t<\/span>\r\n\t\t\t\t\t\t\t\t<div class=\"eut-small-text eut-post-meta\">\r\n\t\t\t\t\t\t\t\t\t\t\t\t\t\t\t\t\t<time class=\"eut-post-date\" datetime=\"2026-05-08T13:42:17+02:00\">\r\n\t\t8 de maig 2026\t<\/time>\r\n\t\t\t\t\t\t\t\t\t\t\t\t\t\t\t<\/div>\r\n\t\t\t\t\t\t\t<div itemprop=\"articleBody\"><p>En aquesta sessi\u00f3 hi van participar 24 entitats i associacions de l\u2019\u00e0rea de refer\u00e8ncia del Parc Taul\u00ed<\/p>\n<\/div>\t\t\t\t\t\t<\/div>\r\n\t\t\t\t\t\r\n\t\t\t\t\t\t\t<\/article>\r\n\r\n\t\t\t<article id=\"post-85397\" class=\"eut-blog-item eut-small-post eut-non-isotope-item post-85397 post type-post status-publish format-standard has-post-thumbnail hentry category-noticia tag-cirurgia-general-i-de-laparell-digestiu\" itemscope itemType=\"http:\/\/schema.org\/BlogPosting\">\r\n\t\t\t\t\t\t\t\t\t\t\t<div class=\"eut-media eut-image-hover\">\r\n\t\t\t<a href=\"https:\/\/www.tauli.cat\/actualitat\/noticia\/2026\/05\/la-cirurgia-robotica-de-paret-abdominal-una-tecnica-segura-i-que-millora-la-qualitat-de-vida-dels-pacients\/\"><img width=\"800\" height=\"450\" src=\"https:\/\/www.tauli.cat\/actualitat\/wp-content\/uploads\/2026\/05\/cirurgia-robotica-paret-abdominal-800x450.jpg\" class=\"attachment-eut-image-small-rect-horizontal-wide size-eut-image-small-rect-horizontal-wide wp-post-image\" alt=\"Cirurgia paret abdominal\" decoding=\"async\" loading=\"lazy\" \/><\/a>\r\n\t\t<\/div>\r\n\r\n\t\t\t\t\t\t\t\t\t\t\t<div class=\"eut-post-content\">\r\n\t\t\t\t\t\t\t<a href=\"https:\/\/www.tauli.cat\/actualitat\/noticia\/2026\/05\/la-cirurgia-robotica-de-paret-abdominal-una-tecnica-segura-i-que-millora-la-qualitat-de-vida-dels-pacients\/\" rel=\"bookmark\"><h5 class=\"eut-post-title\" itemprop=\"headline\"><span>La cirurgia rob\u00f2tica de paret abdominal, una t\u00e8cnica segura i que millora la qualitat de vida dels pacients<\/span><\/h5><\/a>\t\t\t\t\t\t\t\t\t<span class=\"eut-hidden\">\r\n\t\t\t<span class=\"eut-structured-data entry-title\">La cirurgia rob\u00f2tica de paret abdominal, una t\u00e8cnica segura i que millora la qualitat de vida dels pacients<\/span>\r\n\t\t\t<span class=\"eut-structured-data\" itemprop=\"image\" itemscope itemtype=\"http:\/\/schema.org\/ImageObject\">\r\n\t\t\t   <span itemprop='url' >https:\/\/www.tauli.cat\/actualitat\/wp-content\/uploads\/2026\/05\/cirurgia-robotica-paret-abdominal.jpg<\/span>\r\n\t\t\t   <span itemprop='height' >1000<\/span>\r\n\t\t\t   <span itemprop='width' >667<\/span>\r\n\t\t\t<\/span>\r\n\t\t\t\t\t\t<span class=\"eut-structured-data vcard author\" itemprop=\"author\" itemscope itemtype=\"http:\/\/schema.org\/Person\">\r\n\t\t\t\t<span itemprop=\"name\" class=\"fn\">Actualitat Parc Taul\u00ed<\/span>\r\n\t\t\t<\/span>\r\n\t\t\t<span class=\"eut-structured-data\" itemprop=\"publisher\" itemscope itemtype=\"http:\/\/schema.org\/Organization\">\r\n\t\t\t\t<span itemprop='name'>Actualitat Parc Taul\u00ed<\/span>\r\n\t\t\t\t<span itemprop='logo' itemscope itemtype='http:\/\/schema.org\/ImageObject'>\r\n\t\t\t\t\t<span itemprop='url'>https:\/\/www.tauli.cat\/actualitat\/wp-content\/uploads\/2026\/05\/cirurgia-robotica-paret-abdominal.jpg<\/span>\r\n\t\t\t\t<\/span>\r\n\t\t\t<\/span>\r\n\t\t\t\t\t\t<time class=\"eut-structured-data date published\" itemprop=\"datePublished\" datetime=\"2026-05-07T08:54:44+02:00\">7 de maig 2026<\/time>\r\n\t\t\t<time class=\"eut-structured-data date updated\" itemprop=\"dateModified\"  datetime=\"2026-05-07T08:54:44+02:00\">7 de maig 2026<\/time>\r\n\t\t\t<span class=\"eut-structured-data\" itemprop=\"mainEntityOfPage\" itemscope itemtype=\"http:\/\/schema.org\/WebPage\" itemid=\"https:\/\/www.tauli.cat\/actualitat\/noticia\/2026\/05\/la-cirurgia-robotica-de-paret-abdominal-una-tecnica-segura-i-que-millora-la-qualitat-de-vida-dels-pacients\/\"><\/span>\r\n\t\t<\/span>\r\n\t\t\t\t\t\t\t\t<div class=\"eut-small-text eut-post-meta\">\r\n\t\t\t\t\t\t\t\t\t\t\t\t\t\t\t\t\t<time class=\"eut-post-date\" datetime=\"2026-05-07T08:54:44+02:00\">\r\n\t\t7 de maig 2026\t<\/time>\r\n\t\t\t\t\t\t\t\t\t\t\t\t\t\t\t<\/div>\r\n\t\t\t\t\t\t\t<div itemprop=\"articleBody\"><p>La Unitat de Paret Abdominal del Parc Taul\u00ed practica des del 2021 laparosc\u00f2pies per tractar les h\u00e8rnies inguinals, convertint-se en un dels centres a Catalunya on m\u00e9s intervencions fan amb aquesta t\u00e8cnica<\/p>\n<\/div>\t\t\t\t\t\t<\/div>\r\n\t\t\t\t\t\r\n\t\t\t\t\t\t\t<\/article>\r\n\r\n\t\t\t<article id=\"post-85151\" class=\"eut-blog-item eut-small-post eut-non-isotope-item post-85151 post type-post status-publish format-standard has-post-thumbnail hentry category-noticia tag-direccio-gestio-de-pacients\" itemscope itemType=\"http:\/\/schema.org\/BlogPosting\">\r\n\t\t\t\t\t\t\t\t\t\t\t<div class=\"eut-media eut-image-hover\">\r\n\t\t\t<a href=\"https:\/\/www.tauli.cat\/actualitat\/noticia\/2026\/05\/un-codi-alfanumeric-unic-per-identificar-els-pacients-al-parc-tauli\/\"><img width=\"800\" height=\"450\" src=\"https:\/\/www.tauli.cat\/actualitat\/wp-content\/uploads\/2026\/05\/WhatsApp-Image-2026-05-05-at-10.09.11-800x450.jpeg\" class=\"attachment-eut-image-small-rect-horizontal-wide size-eut-image-small-rect-horizontal-wide wp-post-image\" alt=\"Codi identificatiu alfanum\u00e8ric\" decoding=\"async\" loading=\"lazy\" srcset=\"https:\/\/www.tauli.cat\/actualitat\/wp-content\/uploads\/2026\/05\/WhatsApp-Image-2026-05-05-at-10.09.11-800x450.jpeg 800w, https:\/\/www.tauli.cat\/actualitat\/wp-content\/uploads\/2026\/05\/WhatsApp-Image-2026-05-05-at-10.09.11-1170x658.jpeg 1170w\" sizes=\"(max-width: 800px) 100vw, 800px\" \/><\/a>\r\n\t\t<\/div>\r\n\r\n\t\t\t\t\t\t\t\t\t\t\t<div class=\"eut-post-content\">\r\n\t\t\t\t\t\t\t<a href=\"https:\/\/www.tauli.cat\/actualitat\/noticia\/2026\/05\/un-codi-alfanumeric-unic-per-identificar-els-pacients-al-parc-tauli\/\" rel=\"bookmark\"><h5 class=\"eut-post-title\" itemprop=\"headline\"><span>Un codi alfanum\u00e8ric \u00fanic per identificar els pacients al Parc Taul\u00ed<\/span><\/h5><\/a>\t\t\t\t\t\t\t\t\t<span class=\"eut-hidden\">\r\n\t\t\t<span class=\"eut-structured-data entry-title\">Un codi alfanum\u00e8ric \u00fanic per identificar els pacients al Parc Taul\u00ed<\/span>\r\n\t\t\t<span class=\"eut-structured-data\" itemprop=\"image\" itemscope itemtype=\"http:\/\/schema.org\/ImageObject\">\r\n\t\t\t   <span itemprop='url' >https:\/\/www.tauli.cat\/actualitat\/wp-content\/uploads\/2026\/05\/WhatsApp-Image-2026-05-05-at-10.09.11-945x1200.jpeg<\/span>\r\n\t\t\t   <span itemprop='height' >945<\/span>\r\n\t\t\t   <span itemprop='width' >1200<\/span>\r\n\t\t\t<\/span>\r\n\t\t\t\t\t\t<span class=\"eut-structured-data vcard author\" itemprop=\"author\" itemscope itemtype=\"http:\/\/schema.org\/Person\">\r\n\t\t\t\t<span itemprop=\"name\" class=\"fn\">Actualitat Parc Taul\u00ed<\/span>\r\n\t\t\t<\/span>\r\n\t\t\t<span class=\"eut-structured-data\" itemprop=\"publisher\" itemscope itemtype=\"http:\/\/schema.org\/Organization\">\r\n\t\t\t\t<span itemprop='name'>Actualitat Parc Taul\u00ed<\/span>\r\n\t\t\t\t<span itemprop='logo' itemscope itemtype='http:\/\/schema.org\/ImageObject'>\r\n\t\t\t\t\t<span itemprop='url'>https:\/\/www.tauli.cat\/actualitat\/wp-content\/uploads\/2026\/05\/WhatsApp-Image-2026-05-05-at-10.09.11-945x1200.jpeg<\/span>\r\n\t\t\t\t<\/span>\r\n\t\t\t<\/span>\r\n\t\t\t\t\t\t<time class=\"eut-structured-data date published\" itemprop=\"datePublished\" datetime=\"2026-05-05T10:19:12+02:00\">5 de maig 2026<\/time>\r\n\t\t\t<time class=\"eut-structured-data date updated\" itemprop=\"dateModified\"  datetime=\"2026-05-05T10:19:12+02:00\">5 de maig 2026<\/time>\r\n\t\t\t<span class=\"eut-structured-data\" itemprop=\"mainEntityOfPage\" itemscope itemtype=\"http:\/\/schema.org\/WebPage\" itemid=\"https:\/\/www.tauli.cat\/actualitat\/noticia\/2026\/05\/un-codi-alfanumeric-unic-per-identificar-els-pacients-al-parc-tauli\/\"><\/span>\r\n\t\t<\/span>\r\n\t\t\t\t\t\t\t\t<div class=\"eut-small-text eut-post-meta\">\r\n\t\t\t\t\t\t\t\t\t\t\t\t\t\t\t\t\t<time class=\"eut-post-date\" datetime=\"2026-05-05T10:19:12+02:00\">\r\n\t\t5 de maig 2026\t<\/time>\r\n\t\t\t\t\t\t\t\t\t\t\t\t\t\t\t<\/div>\r\n\t\t\t\t\t\t\t<div itemprop=\"articleBody\"><p>Aquest canvi millorar\u00e0 la confidencialitat i la protecci\u00f3 de les persones usu\u00e0ries del centre<\/p>\n<\/div>\t\t\t\t\t\t<\/div>\r\n\t\t\t\t\t\r\n\t\t\t\t\t\t\t<\/article>\r\n\r\n\t\t\t<article id=\"post-83875\" class=\"eut-blog-item eut-small-post eut-non-isotope-item post-83875 post type-post status-publish format-standard has-post-thumbnail hentry category-noticia tag-benestar tag-seguretat-i-salut-en-el-treball tag-setmana-saludable\" itemscope itemType=\"http:\/\/schema.org\/BlogPosting\">\r\n\t\t\t\t\t\t\t\t\t\t\t<div class=\"eut-media eut-image-hover\">\r\n\t\t\t<a href=\"https:\/\/www.tauli.cat\/actualitat\/noticia\/2026\/04\/acollim-la-segona-jornada-de-la-seguretat-i-la-salut-en-el-treball\/\"><img width=\"800\" height=\"450\" src=\"https:\/\/www.tauli.cat\/actualitat\/wp-content\/uploads\/2026\/04\/Jornada_5-800x450.jpg\" class=\"attachment-eut-image-small-rect-horizontal-wide size-eut-image-small-rect-horizontal-wide wp-post-image\" alt=\"\" decoding=\"async\" loading=\"lazy\" srcset=\"https:\/\/www.tauli.cat\/actualitat\/wp-content\/uploads\/2026\/04\/Jornada_5-800x450.jpg 800w, https:\/\/www.tauli.cat\/actualitat\/wp-content\/uploads\/2026\/04\/Jornada_5-1170x658.jpg 1170w\" sizes=\"(max-width: 800px) 100vw, 800px\" \/><\/a>\r\n\t\t<\/div>\r\n\r\n\t\t\t\t\t\t\t\t\t\t\t<div class=\"eut-post-content\">\r\n\t\t\t\t\t\t\t<a href=\"https:\/\/www.tauli.cat\/actualitat\/noticia\/2026\/04\/acollim-la-segona-jornada-de-la-seguretat-i-la-salut-en-el-treball\/\" rel=\"bookmark\"><h5 class=\"eut-post-title\" itemprop=\"headline\"><span>Acollim la segona jornada de la seguretat i la salut en el treball<\/span><\/h5><\/a>\t\t\t\t\t\t\t\t\t<span class=\"eut-hidden\">\r\n\t\t\t<span class=\"eut-structured-data entry-title\">Acollim la segona jornada de la seguretat i la salut en el treball<\/span>\r\n\t\t\t<span class=\"eut-structured-data\" itemprop=\"image\" itemscope itemtype=\"http:\/\/schema.org\/ImageObject\">\r\n\t\t\t   <span itemprop='url' >https:\/\/www.tauli.cat\/actualitat\/wp-content\/uploads\/2026\/04\/Jornada_5-1200x800.jpg<\/span>\r\n\t\t\t   <span itemprop='height' >1080<\/span>\r\n\t\t\t   <span itemprop='width' >720<\/span>\r\n\t\t\t<\/span>\r\n\t\t\t\t\t\t<span class=\"eut-structured-data vcard author\" itemprop=\"author\" itemscope itemtype=\"http:\/\/schema.org\/Person\">\r\n\t\t\t\t<span itemprop=\"name\" class=\"fn\">Actualitat Parc Taul\u00ed<\/span>\r\n\t\t\t<\/span>\r\n\t\t\t<span class=\"eut-structured-data\" itemprop=\"publisher\" itemscope itemtype=\"http:\/\/schema.org\/Organization\">\r\n\t\t\t\t<span itemprop='name'>Actualitat Parc Taul\u00ed<\/span>\r\n\t\t\t\t<span itemprop='logo' itemscope itemtype='http:\/\/schema.org\/ImageObject'>\r\n\t\t\t\t\t<span itemprop='url'>https:\/\/www.tauli.cat\/actualitat\/wp-content\/uploads\/2026\/04\/Jornada_5-1200x800.jpg<\/span>\r\n\t\t\t\t<\/span>\r\n\t\t\t<\/span>\r\n\t\t\t\t\t\t<time class=\"eut-structured-data date published\" itemprop=\"datePublished\" datetime=\"2026-04-28T14:11:42+02:00\">28 d'abril 2026<\/time>\r\n\t\t\t<time class=\"eut-structured-data date updated\" itemprop=\"dateModified\"  datetime=\"2026-04-28T14:11:48+02:00\">28 d'abril 2026<\/time>\r\n\t\t\t<span class=\"eut-structured-data\" itemprop=\"mainEntityOfPage\" itemscope itemtype=\"http:\/\/schema.org\/WebPage\" itemid=\"https:\/\/www.tauli.cat\/actualitat\/noticia\/2026\/04\/acollim-la-segona-jornada-de-la-seguretat-i-la-salut-en-el-treball\/\"><\/span>\r\n\t\t<\/span>\r\n\t\t\t\t\t\t\t\t<div class=\"eut-small-text eut-post-meta\">\r\n\t\t\t\t\t\t\t\t\t\t\t\t\t\t\t\t\t<time class=\"eut-post-date\" datetime=\"2026-04-28T14:11:42+02:00\">\r\n\t\t28 d'abril 2026\t<\/time>\r\n\t\t\t\t\t\t\t\t\t\t\t\t\t\t\t<\/div>\r\n\t\t\t\t\t\t\t<div itemprop=\"articleBody\"><p>En el marc de la Setmana Saludable al Parc Taul\u00ed, s\u2019ha celebrat aquesta jornada per commemorar el Dia Internacional de la Seguretat i Salut en el Treball<\/p>\n<\/div>\t\t\t\t\t\t<\/div>\r\n\t\t\t\t\t\r\n\t\t\t\t\t\t\t<\/article>\r\n\r\n\t\t\t<article id=\"post-83221\" class=\"eut-blog-item eut-small-post eut-non-isotope-item post-83221 post type-post status-publish format-standard has-post-thumbnail hentry category-noticia tag-sant-jordi\" itemscope itemType=\"http:\/\/schema.org\/BlogPosting\">\r\n\t\t\t\t\t\t\t\t\t\t\t<div class=\"eut-media eut-image-hover\">\r\n\t\t\t<a href=\"https:\/\/www.tauli.cat\/actualitat\/noticia\/2026\/04\/el-parc-tauli-celebra-sant-jordi-amb-diferents-activitats-culturals\/\"><img width=\"800\" height=\"450\" src=\"https:\/\/www.tauli.cat\/actualitat\/wp-content\/uploads\/2026\/04\/Plantilla-Linkedin-_V2-Convocatoria-45-800x450.png\" class=\"attachment-eut-image-small-rect-horizontal-wide size-eut-image-small-rect-horizontal-wide wp-post-image\" alt=\"\" decoding=\"async\" loading=\"lazy\" \/><\/a>\r\n\t\t<\/div>\r\n\r\n\t\t\t\t\t\t\t\t\t\t\t<div class=\"eut-post-content\">\r\n\t\t\t\t\t\t\t<a href=\"https:\/\/www.tauli.cat\/actualitat\/noticia\/2026\/04\/el-parc-tauli-celebra-sant-jordi-amb-diferents-activitats-culturals\/\" rel=\"bookmark\"><h5 class=\"eut-post-title\" itemprop=\"headline\"><span>El Parc Taul\u00ed celebra Sant Jordi amb diferents activitats culturals<\/span><\/h5><\/a>\t\t\t\t\t\t\t\t\t<span class=\"eut-hidden\">\r\n\t\t\t<span class=\"eut-structured-data entry-title\">El Parc Taul\u00ed celebra Sant Jordi amb diferents activitats culturals<\/span>\r\n\t\t\t<span class=\"eut-structured-data\" itemprop=\"image\" itemscope itemtype=\"http:\/\/schema.org\/ImageObject\">\r\n\t\t\t   <span itemprop='url' >https:\/\/www.tauli.cat\/actualitat\/wp-content\/uploads\/2026\/04\/Plantilla-Linkedin-_V2-Convocatoria-45.png<\/span>\r\n\t\t\t   <span itemprop='height' >1080<\/span>\r\n\t\t\t   <span itemprop='width' >564<\/span>\r\n\t\t\t<\/span>\r\n\t\t\t\t\t\t<span class=\"eut-structured-data vcard author\" itemprop=\"author\" itemscope itemtype=\"http:\/\/schema.org\/Person\">\r\n\t\t\t\t<span itemprop=\"name\" class=\"fn\">Actualitat Parc Taul\u00ed<\/span>\r\n\t\t\t<\/span>\r\n\t\t\t<span class=\"eut-structured-data\" itemprop=\"publisher\" itemscope itemtype=\"http:\/\/schema.org\/Organization\">\r\n\t\t\t\t<span itemprop='name'>Actualitat Parc Taul\u00ed<\/span>\r\n\t\t\t\t<span itemprop='logo' itemscope itemtype='http:\/\/schema.org\/ImageObject'>\r\n\t\t\t\t\t<span itemprop='url'>https:\/\/www.tauli.cat\/actualitat\/wp-content\/uploads\/2026\/04\/Plantilla-Linkedin-_V2-Convocatoria-45.png<\/span>\r\n\t\t\t\t<\/span>\r\n\t\t\t<\/span>\r\n\t\t\t\t\t\t<time class=\"eut-structured-data date published\" itemprop=\"datePublished\" datetime=\"2026-04-23T12:58:23+02:00\">23 d'abril 2026<\/time>\r\n\t\t\t<time class=\"eut-structured-data date updated\" itemprop=\"dateModified\"  datetime=\"2026-04-24T07:39:41+02:00\">24 d'abril 2026<\/time>\r\n\t\t\t<span class=\"eut-structured-data\" itemprop=\"mainEntityOfPage\" itemscope itemtype=\"http:\/\/schema.org\/WebPage\" itemid=\"https:\/\/www.tauli.cat\/actualitat\/noticia\/2026\/04\/el-parc-tauli-celebra-sant-jordi-amb-diferents-activitats-culturals\/\"><\/span>\r\n\t\t<\/span>\r\n\t\t\t\t\t\t\t\t<div class=\"eut-small-text eut-post-meta\">\r\n\t\t\t\t\t\t\t\t\t\t\t\t\t\t\t\t\t<time class=\"eut-post-date\" datetime=\"2026-04-23T12:58:23+02:00\">\r\n\t\t23 d'abril 2026\t<\/time>\r\n\t\t\t\t\t\t\t\t\t\t\t\t\t\t\t<\/div>\r\n\t\t\t\t\t\t\t<div itemprop=\"articleBody\"><p>[vc_row][vc_column][vc_column_text]La diada de Sant Jordi \u00e9s una jornada plena d\u2019alegria i activitats culturals. Al Parc Taul\u00ed, i m\u00e9s concretament a l\u2019Hospital de Dia i a la Unitat de Crisis d\u2019Adolescents (UCA) del Servei de Salut Mental Infantojuvenil, la celebraci\u00f3 de Sant Jordi \u00e9s present des de fa m\u00e9s d\u2019un mes. Els adolescents de les \u00e0rees&hellip;<\/p><\/div>\t\t\t\t\t\t<\/div>\r\n\t\t\t\t\t\r\n\t\t\t\t\t\t\t<\/article>\r\n\r\n\t\t\t<\/div>\r\n<div class=\"eut-pagination\"><ul class='page-numbers'>\n\t<li><span aria-current=\"page\" class=\"page-numbers current\">1<\/span><\/li>\n\t<li><a class=\"page-numbers\" href=\"https:\/\/www.tauli.cat\/actualitat\/wp-json\/wp\/v2\/pages\/3883\/page\/2\/\">2<\/a><\/li>\n\t<li><a class=\"page-numbers\" href=\"https:\/\/www.tauli.cat\/actualitat\/wp-json\/wp\/v2\/pages\/3883\/page\/3\/\">3<\/a><\/li>\n\t<li><span class=\"page-numbers dots\">&hellip;<\/span><\/li>\n\t<li><a class=\"page-numbers\" href=\"https:\/\/www.tauli.cat\/actualitat\/wp-json\/wp\/v2\/pages\/3883\/page\/166\/\">166<\/a><\/li>\n\t<li><a class=\"next page-numbers\" href=\"https:\/\/www.tauli.cat\/actualitat\/wp-json\/wp\/v2\/pages\/3883\/page\/2\/\"><i class=\"eut-icon-nav-right\"><\/i><\/a><\/li>\n<\/ul>\n<\/div>\t\t<\/div>\r\n[\/vc_column][\/vc_row][vc_row][vc_column width=&#8221;2\/3&#8243;][vc_widget_sidebar sidebar_id=&#8221;eut_sidebar_6139ebb42c916&#8243;][\/vc_column][vc_column width=&#8221;1\/3&#8243;][\/vc_column][\/vc_row]<\/p>\n","protected":false},"excerpt":{"rendered":"<p>[vc_row][vc_column][\/vc_column][\/vc_row][vc_row][vc_column width=&#8221;2\/3&#8243;][vc_widget_sidebar sidebar_id=&#8221;eut_sidebar_6139ebb42c916&#8243;][\/vc_column][vc_column width=&#8221;1\/3&#8243;][\/vc_column][\/vc_row]<\/p>\n","protected":false},"author":1,"featured_media":0,"parent":0,"menu_order":0,"comment_status":"closed","ping_status":"closed","template":"","meta":[],"_links":{"self":[{"href":"https:\/\/www.tauli.cat\/actualitat\/wp-json\/wp\/v2\/pages\/3883"}],"collection":[{"href":"https:\/\/www.tauli.cat\/actualitat\/wp-json\/wp\/v2\/pages"}],"about":[{"href":"https:\/\/www.tauli.cat\/actualitat\/wp-json\/wp\/v2\/types\/page"}],"author":[{"embeddable":true,"href":"https:\/\/www.tauli.cat\/actualitat\/wp-json\/wp\/v2\/users\/1"}],"replies":[{"embeddable":true,"href":"https:\/\/www.tauli.cat\/actualitat\/wp-json\/wp\/v2\/comments?post=3883"}],"version-history":[{"count":11,"href":"https:\/\/www.tauli.cat\/actualitat\/wp-json\/wp\/v2\/pages\/3883\/revisions"}],"predecessor-version":[{"id":67178,"href":"https:\/\/www.tauli.cat\/actualitat\/wp-json\/wp\/v2\/pages\/3883\/revisions\/67178"}],"wp:attachment":[{"href":"https:\/\/www.tauli.cat\/actualitat\/wp-json\/wp\/v2\/media?parent=3883"}],"curies":[{"name":"wp","href":"https:\/\/api.w.org\/{rel}","templated":true}]}}