{"id":3920,"date":"2021-09-12T08:20:02","date_gmt":"2021-09-12T06:20:02","guid":{"rendered":"https:\/\/www.tauli.cat\/actualitat\/?page_id=3920"},"modified":"2025-09-09T09:17:06","modified_gmt":"2025-09-09T07:17:06","slug":"noticia","status":"publish","type":"page","link":"https:\/\/www.tauli.cat\/actualitat\/noticia\/","title":{"rendered":"Not\u00edcies"},"content":{"rendered":"<p>[vc_row][vc_column]\t\t<div class=\"eut-element eut-blog eut-small-media eut-non-isotope like-grid eut-without-shadow\" style=\"\" >\r\n\t\t\t<div class=\"eut-standard-container\">\r\n\t\t\t<article id=\"post-81298\" class=\"eut-blog-item eut-small-post eut-non-isotope-item post-81298 post type-post status-publish format-standard has-post-thumbnail hentry category-noticia tag-area-de-persones tag-catala tag-parelles-linguistiques\" itemscope itemType=\"http:\/\/schema.org\/BlogPosting\">\r\n\t\t\t\t\t\t\t\t\t\t\t<div class=\"eut-media eut-image-hover\">\r\n\t\t\t<a href=\"https:\/\/www.tauli.cat\/actualitat\/noticia\/2026\/03\/fomentant-lus-del-catala-entre-els-professionals-del-parc-tauli-amb-el-programa-de-parelles-linguistiques\/\"><img width=\"800\" height=\"450\" src=\"https:\/\/www.tauli.cat\/actualitat\/wp-content\/uploads\/2026\/03\/Catala_2-800x450.jpg\" class=\"attachment-eut-image-small-rect-horizontal-wide size-eut-image-small-rect-horizontal-wide wp-post-image\" alt=\"\" decoding=\"async\" loading=\"lazy\" srcset=\"https:\/\/www.tauli.cat\/actualitat\/wp-content\/uploads\/2026\/03\/Catala_2-800x450.jpg 800w, https:\/\/www.tauli.cat\/actualitat\/wp-content\/uploads\/2026\/03\/Catala_2-1170x658.jpg 1170w\" sizes=\"(max-width: 800px) 100vw, 800px\" \/><\/a>\r\n\t\t<\/div>\r\n\r\n\t\t\t\t\t\t\t\t\t\t\t<div class=\"eut-post-content\">\r\n\t\t\t\t\t\t\t<a href=\"https:\/\/www.tauli.cat\/actualitat\/noticia\/2026\/03\/fomentant-lus-del-catala-entre-els-professionals-del-parc-tauli-amb-el-programa-de-parelles-linguistiques\/\" rel=\"bookmark\"><h5 class=\"eut-post-title\" itemprop=\"headline\"><span>Fomentant l\u2019\u00fas del catal\u00e0 entre els professionals del Parc Taul\u00ed amb el Programa de Parelles Ling\u00fc\u00edstiques<\/span><\/h5><\/a>\t\t\t\t\t\t\t\t\t<span class=\"eut-hidden\">\r\n\t\t\t<span class=\"eut-structured-data entry-title\">Fomentant l\u2019\u00fas del catal\u00e0 entre els professionals del Parc Taul\u00ed amb el Programa de Parelles Ling\u00fc\u00edstiques<\/span>\r\n\t\t\t<span class=\"eut-structured-data\" itemprop=\"image\" itemscope itemtype=\"http:\/\/schema.org\/ImageObject\">\r\n\t\t\t   <span itemprop='url' >https:\/\/www.tauli.cat\/actualitat\/wp-content\/uploads\/2026\/03\/Catala_2-1200x800.jpg<\/span>\r\n\t\t\t   <span itemprop='height' >1080<\/span>\r\n\t\t\t   <span itemprop='width' >720<\/span>\r\n\t\t\t<\/span>\r\n\t\t\t\t\t\t<span class=\"eut-structured-data vcard author\" itemprop=\"author\" itemscope itemtype=\"http:\/\/schema.org\/Person\">\r\n\t\t\t\t<span itemprop=\"name\" class=\"fn\">Actualitat Parc Taul\u00ed<\/span>\r\n\t\t\t<\/span>\r\n\t\t\t<span class=\"eut-structured-data\" itemprop=\"publisher\" itemscope itemtype=\"http:\/\/schema.org\/Organization\">\r\n\t\t\t\t<span itemprop='name'>Actualitat Parc Taul\u00ed<\/span>\r\n\t\t\t\t<span itemprop='logo' itemscope itemtype='http:\/\/schema.org\/ImageObject'>\r\n\t\t\t\t\t<span itemprop='url'>https:\/\/www.tauli.cat\/actualitat\/wp-content\/uploads\/2026\/03\/Catala_2-1200x800.jpg<\/span>\r\n\t\t\t\t<\/span>\r\n\t\t\t<\/span>\r\n\t\t\t\t\t\t<time class=\"eut-structured-data date published\" itemprop=\"datePublished\" datetime=\"2026-03-30T08:14:20+02:00\">30 de mar\u00e7 2026<\/time>\r\n\t\t\t<time class=\"eut-structured-data date updated\" itemprop=\"dateModified\"  datetime=\"2026-03-30T08:14:20+02:00\">30 de mar\u00e7 2026<\/time>\r\n\t\t\t<span class=\"eut-structured-data\" itemprop=\"mainEntityOfPage\" itemscope itemtype=\"http:\/\/schema.org\/WebPage\" itemid=\"https:\/\/www.tauli.cat\/actualitat\/noticia\/2026\/03\/fomentant-lus-del-catala-entre-els-professionals-del-parc-tauli-amb-el-programa-de-parelles-linguistiques\/\"><\/span>\r\n\t\t<\/span>\r\n\t\t\t\t\t\t\t\t<div class=\"eut-small-text eut-post-meta\">\r\n\t\t\t\t\t\t\t\t\t\t\t\t\t\t\t\t\t<time class=\"eut-post-date\" datetime=\"2026-03-30T08:14:20+02:00\">\r\n\t\t30 de mar\u00e7 2026\t<\/time>\r\n\t\t\t\t\t\t\t\t\t\t\t\t\t\t\t<\/div>\r\n\t\t\t\t\t\t\t<div itemprop=\"articleBody\"><p>En el marc del Pla de Gesti\u00f3 Ling\u00fc\u00edstica, l\u2019\u00c0rea de Persones va posar en marxa aquesta iniciativa per fer del catal\u00e0 una llengua m\u00e9s viva entre tots els professionals del Consorci<\/p>\n<\/div>\t\t\t\t\t\t<\/div>\r\n\t\t\t\t\t\r\n\t\t\t\t\t\t\t<\/article>\r\n\r\n\t\t\t<article id=\"post-81230\" class=\"eut-blog-item eut-small-post eut-non-isotope-item post-81230 post type-post status-publish format-standard has-post-thumbnail hentry category-noticia tag-estades-de-visitants tag-formacio\" itemscope itemType=\"http:\/\/schema.org\/BlogPosting\">\r\n\t\t\t\t\t\t\t\t\t\t\t<div class=\"eut-media eut-image-hover\">\r\n\t\t\t<a href=\"https:\/\/www.tauli.cat\/actualitat\/noticia\/2026\/03\/el-parc-tauli-presenta-el-model-sanitari-catala-a-futurs-professionals-sanitaris-suecs\/\"><img width=\"800\" height=\"450\" src=\"https:\/\/www.tauli.cat\/actualitat\/wp-content\/uploads\/2026\/03\/Suecs_4-800x450.jpg\" class=\"attachment-eut-image-small-rect-horizontal-wide size-eut-image-small-rect-horizontal-wide wp-post-image\" alt=\"\" decoding=\"async\" loading=\"lazy\" srcset=\"https:\/\/www.tauli.cat\/actualitat\/wp-content\/uploads\/2026\/03\/Suecs_4-800x450.jpg 800w, https:\/\/www.tauli.cat\/actualitat\/wp-content\/uploads\/2026\/03\/Suecs_4-1170x658.jpg 1170w\" sizes=\"(max-width: 800px) 100vw, 800px\" \/><\/a>\r\n\t\t<\/div>\r\n\r\n\t\t\t\t\t\t\t\t\t\t\t<div class=\"eut-post-content\">\r\n\t\t\t\t\t\t\t<a href=\"https:\/\/www.tauli.cat\/actualitat\/noticia\/2026\/03\/el-parc-tauli-presenta-el-model-sanitari-catala-a-futurs-professionals-sanitaris-suecs\/\" rel=\"bookmark\"><h5 class=\"eut-post-title\" itemprop=\"headline\"><span>El Parc Taul\u00ed presenta el model sanitari catal\u00e0 a futurs professionals sanitaris suecs<\/span><\/h5><\/a>\t\t\t\t\t\t\t\t\t<span class=\"eut-hidden\">\r\n\t\t\t<span class=\"eut-structured-data entry-title\">El Parc Taul\u00ed presenta el model sanitari catal\u00e0 a futurs professionals sanitaris suecs<\/span>\r\n\t\t\t<span class=\"eut-structured-data\" itemprop=\"image\" itemscope itemtype=\"http:\/\/schema.org\/ImageObject\">\r\n\t\t\t   <span itemprop='url' >https:\/\/www.tauli.cat\/actualitat\/wp-content\/uploads\/2026\/03\/Suecs_4-1200x800.jpg<\/span>\r\n\t\t\t   <span itemprop='height' >1080<\/span>\r\n\t\t\t   <span itemprop='width' >720<\/span>\r\n\t\t\t<\/span>\r\n\t\t\t\t\t\t<span class=\"eut-structured-data vcard author\" itemprop=\"author\" itemscope itemtype=\"http:\/\/schema.org\/Person\">\r\n\t\t\t\t<span itemprop=\"name\" class=\"fn\">Actualitat Parc Taul\u00ed<\/span>\r\n\t\t\t<\/span>\r\n\t\t\t<span class=\"eut-structured-data\" itemprop=\"publisher\" itemscope itemtype=\"http:\/\/schema.org\/Organization\">\r\n\t\t\t\t<span itemprop='name'>Actualitat Parc Taul\u00ed<\/span>\r\n\t\t\t\t<span itemprop='logo' itemscope itemtype='http:\/\/schema.org\/ImageObject'>\r\n\t\t\t\t\t<span itemprop='url'>https:\/\/www.tauli.cat\/actualitat\/wp-content\/uploads\/2026\/03\/Suecs_4-1200x800.jpg<\/span>\r\n\t\t\t\t<\/span>\r\n\t\t\t<\/span>\r\n\t\t\t\t\t\t<time class=\"eut-structured-data date published\" itemprop=\"datePublished\" datetime=\"2026-03-27T13:33:46+01:00\">27 de mar\u00e7 2026<\/time>\r\n\t\t\t<time class=\"eut-structured-data date updated\" itemprop=\"dateModified\"  datetime=\"2026-03-27T14:01:16+01:00\">27 de mar\u00e7 2026<\/time>\r\n\t\t\t<span class=\"eut-structured-data\" itemprop=\"mainEntityOfPage\" itemscope itemtype=\"http:\/\/schema.org\/WebPage\" itemid=\"https:\/\/www.tauli.cat\/actualitat\/noticia\/2026\/03\/el-parc-tauli-presenta-el-model-sanitari-catala-a-futurs-professionals-sanitaris-suecs\/\"><\/span>\r\n\t\t<\/span>\r\n\t\t\t\t\t\t\t\t<div class=\"eut-small-text eut-post-meta\">\r\n\t\t\t\t\t\t\t\t\t\t\t\t\t\t\t\t\t<time class=\"eut-post-date\" datetime=\"2026-03-27T13:33:46+01:00\">\r\n\t\t27 de mar\u00e7 2026\t<\/time>\r\n\t\t\t\t\t\t\t\t\t\t\t\t\t\t\t<\/div>\r\n\t\t\t\t\t\t\t<div itemprop=\"articleBody\"><p>Una desena de metges i metgesses recentment graduats han conegut de primera m\u00e0 les \u00e0rees d\u2019atenci\u00f3, d\u2019investigaci\u00f3 i d&#8217;innovaci\u00f3 de la Instituci\u00f3<\/p>\n<\/div>\t\t\t\t\t\t<\/div>\r\n\t\t\t\t\t\r\n\t\t\t\t\t\t\t<\/article>\r\n\r\n\t\t\t<article id=\"post-81144\" class=\"eut-blog-item eut-small-post eut-non-isotope-item post-81144 post type-post status-publish format-standard has-post-thumbnail hentry category-noticia tag-atencio-intermedia\" itemscope itemType=\"http:\/\/schema.org\/BlogPosting\">\r\n\t\t\t\t\t\t\t\t\t\t\t<div class=\"eut-media eut-image-hover\">\r\n\t\t\t<a href=\"https:\/\/www.tauli.cat\/actualitat\/noticia\/2026\/03\/i-jornada-datencio-intermedia-al-valles-occidental\/\"><img width=\"800\" height=\"450\" src=\"https:\/\/www.tauli.cat\/actualitat\/wp-content\/uploads\/2026\/03\/I-Jornada-Atencio-Intermedia-800x450.jpg\" class=\"attachment-eut-image-small-rect-horizontal-wide size-eut-image-small-rect-horizontal-wide wp-post-image\" alt=\"I Jornada Atenci\u00f3 Interm\u00e8dia\" decoding=\"async\" loading=\"lazy\" \/><\/a>\r\n\t\t<\/div>\r\n\r\n\t\t\t\t\t\t\t\t\t\t\t<div class=\"eut-post-content\">\r\n\t\t\t\t\t\t\t<a href=\"https:\/\/www.tauli.cat\/actualitat\/noticia\/2026\/03\/i-jornada-datencio-intermedia-al-valles-occidental\/\" rel=\"bookmark\"><h5 class=\"eut-post-title\" itemprop=\"headline\"><span>I Jornada d\u2019Atenci\u00f3 Interm\u00e8dia al Vall\u00e8s Occidental<\/span><\/h5><\/a>\t\t\t\t\t\t\t\t\t<span class=\"eut-hidden\">\r\n\t\t\t<span class=\"eut-structured-data entry-title\">I Jornada d\u2019Atenci\u00f3 Interm\u00e8dia al Vall\u00e8s Occidental<\/span>\r\n\t\t\t<span class=\"eut-structured-data\" itemprop=\"image\" itemscope itemtype=\"http:\/\/schema.org\/ImageObject\">\r\n\t\t\t   <span itemprop='url' >https:\/\/www.tauli.cat\/actualitat\/wp-content\/uploads\/2026\/03\/I-Jornada-Atencio-Intermedia.jpg<\/span>\r\n\t\t\t   <span itemprop='height' >1000<\/span>\r\n\t\t\t   <span itemprop='width' >667<\/span>\r\n\t\t\t<\/span>\r\n\t\t\t\t\t\t<span class=\"eut-structured-data vcard author\" itemprop=\"author\" itemscope itemtype=\"http:\/\/schema.org\/Person\">\r\n\t\t\t\t<span itemprop=\"name\" class=\"fn\">Actualitat Parc Taul\u00ed<\/span>\r\n\t\t\t<\/span>\r\n\t\t\t<span class=\"eut-structured-data\" itemprop=\"publisher\" itemscope itemtype=\"http:\/\/schema.org\/Organization\">\r\n\t\t\t\t<span itemprop='name'>Actualitat Parc Taul\u00ed<\/span>\r\n\t\t\t\t<span itemprop='logo' itemscope itemtype='http:\/\/schema.org\/ImageObject'>\r\n\t\t\t\t\t<span itemprop='url'>https:\/\/www.tauli.cat\/actualitat\/wp-content\/uploads\/2026\/03\/I-Jornada-Atencio-Intermedia.jpg<\/span>\r\n\t\t\t\t<\/span>\r\n\t\t\t<\/span>\r\n\t\t\t\t\t\t<time class=\"eut-structured-data date published\" itemprop=\"datePublished\" datetime=\"2026-03-25T14:53:39+01:00\">25 de mar\u00e7 2026<\/time>\r\n\t\t\t<time class=\"eut-structured-data date updated\" itemprop=\"dateModified\"  datetime=\"2026-03-25T14:53:39+01:00\">25 de mar\u00e7 2026<\/time>\r\n\t\t\t<span class=\"eut-structured-data\" itemprop=\"mainEntityOfPage\" itemscope itemtype=\"http:\/\/schema.org\/WebPage\" itemid=\"https:\/\/www.tauli.cat\/actualitat\/noticia\/2026\/03\/i-jornada-datencio-intermedia-al-valles-occidental\/\"><\/span>\r\n\t\t<\/span>\r\n\t\t\t\t\t\t\t\t<div class=\"eut-small-text eut-post-meta\">\r\n\t\t\t\t\t\t\t\t\t\t\t\t\t\t\t\t\t<time class=\"eut-post-date\" datetime=\"2026-03-25T14:53:39+01:00\">\r\n\t\t25 de mar\u00e7 2026\t<\/time>\r\n\t\t\t\t\t\t\t\t\t\t\t\t\t\t\t<\/div>\r\n\t\t\t\t\t\t\t<div itemprop=\"articleBody\"><p>\u00c8xit d\u2019assist\u00e8ncia en la primera jornada centrada a compartir experi\u00e8ncies i nous projectes en l\u2019atenci\u00f3 interm\u00e8dia<\/p>\n<\/div>\t\t\t\t\t\t<\/div>\r\n\t\t\t\t\t\r\n\t\t\t\t\t\t\t<\/article>\r\n\r\n\t\t\t<article id=\"post-80963\" class=\"eut-blog-item eut-small-post eut-non-isotope-item post-80963 post type-post status-publish format-standard has-post-thumbnail hentry category-noticia tag-nous-residents\" itemscope itemType=\"http:\/\/schema.org\/BlogPosting\">\r\n\t\t\t\t\t\t\t\t\t\t\t<div class=\"eut-media eut-image-hover\">\r\n\t\t\t<a href=\"https:\/\/www.tauli.cat\/actualitat\/noticia\/2026\/03\/gran-interes-dels-nous-residents-durant-les-portes-obertes-del-parc-tauli\/\"><img width=\"800\" height=\"450\" src=\"https:\/\/www.tauli.cat\/actualitat\/wp-content\/uploads\/2026\/03\/Portes-obertes-residents-800x450.jpg\" class=\"attachment-eut-image-small-rect-horizontal-wide size-eut-image-small-rect-horizontal-wide wp-post-image\" alt=\"Portes obertes residents 2026\" decoding=\"async\" loading=\"lazy\" srcset=\"https:\/\/www.tauli.cat\/actualitat\/wp-content\/uploads\/2026\/03\/Portes-obertes-residents-800x450.jpg 800w, https:\/\/www.tauli.cat\/actualitat\/wp-content\/uploads\/2026\/03\/Portes-obertes-residents-1170x658.jpg 1170w\" sizes=\"(max-width: 800px) 100vw, 800px\" \/><\/a>\r\n\t\t<\/div>\r\n\r\n\t\t\t\t\t\t\t\t\t\t\t<div class=\"eut-post-content\">\r\n\t\t\t\t\t\t\t<a href=\"https:\/\/www.tauli.cat\/actualitat\/noticia\/2026\/03\/gran-interes-dels-nous-residents-durant-les-portes-obertes-del-parc-tauli\/\" rel=\"bookmark\"><h5 class=\"eut-post-title\" itemprop=\"headline\"><span>Gran inter\u00e8s dels nous residents durant les portes obertes del Parc Taul\u00ed<\/span><\/h5><\/a>\t\t\t\t\t\t\t\t\t<span class=\"eut-hidden\">\r\n\t\t\t<span class=\"eut-structured-data entry-title\">Gran inter\u00e8s dels nous residents durant les portes obertes del Parc Taul\u00ed<\/span>\r\n\t\t\t<span class=\"eut-structured-data\" itemprop=\"image\" itemscope itemtype=\"http:\/\/schema.org\/ImageObject\">\r\n\t\t\t   <span itemprop='url' >https:\/\/www.tauli.cat\/actualitat\/wp-content\/uploads\/2026\/03\/Portes-obertes-residents-1200x800.jpg<\/span>\r\n\t\t\t   <span itemprop='height' >1080<\/span>\r\n\t\t\t   <span itemprop='width' >720<\/span>\r\n\t\t\t<\/span>\r\n\t\t\t\t\t\t<span class=\"eut-structured-data vcard author\" itemprop=\"author\" itemscope itemtype=\"http:\/\/schema.org\/Person\">\r\n\t\t\t\t<span itemprop=\"name\" class=\"fn\">Actualitat Parc Taul\u00ed<\/span>\r\n\t\t\t<\/span>\r\n\t\t\t<span class=\"eut-structured-data\" itemprop=\"publisher\" itemscope itemtype=\"http:\/\/schema.org\/Organization\">\r\n\t\t\t\t<span itemprop='name'>Actualitat Parc Taul\u00ed<\/span>\r\n\t\t\t\t<span itemprop='logo' itemscope itemtype='http:\/\/schema.org\/ImageObject'>\r\n\t\t\t\t\t<span itemprop='url'>https:\/\/www.tauli.cat\/actualitat\/wp-content\/uploads\/2026\/03\/Portes-obertes-residents-1200x800.jpg<\/span>\r\n\t\t\t\t<\/span>\r\n\t\t\t<\/span>\r\n\t\t\t\t\t\t<time class=\"eut-structured-data date published\" itemprop=\"datePublished\" datetime=\"2026-03-20T13:14:12+01:00\">20 de mar\u00e7 2026<\/time>\r\n\t\t\t<time class=\"eut-structured-data date updated\" itemprop=\"dateModified\"  datetime=\"2026-03-20T13:14:12+01:00\">20 de mar\u00e7 2026<\/time>\r\n\t\t\t<span class=\"eut-structured-data\" itemprop=\"mainEntityOfPage\" itemscope itemtype=\"http:\/\/schema.org\/WebPage\" itemid=\"https:\/\/www.tauli.cat\/actualitat\/noticia\/2026\/03\/gran-interes-dels-nous-residents-durant-les-portes-obertes-del-parc-tauli\/\"><\/span>\r\n\t\t<\/span>\r\n\t\t\t\t\t\t\t\t<div class=\"eut-small-text eut-post-meta\">\r\n\t\t\t\t\t\t\t\t\t\t\t\t\t\t\t\t\t<time class=\"eut-post-date\" datetime=\"2026-03-20T13:14:12+01:00\">\r\n\t\t20 de mar\u00e7 2026\t<\/time>\r\n\t\t\t\t\t\t\t\t\t\t\t\t\t\t\t<\/div>\r\n\t\t\t\t\t\t\t<div itemprop=\"articleBody\"><p>M\u00e9s de 200 futurs nous residents han assistit a la jornada de portes obertes de l\u2019hospital per con\u00e8ixer com es desenvolupa la Formaci\u00f3 Sanit\u00e0ria Especialitzada<\/p>\n<\/div>\t\t\t\t\t\t<\/div>\r\n\t\t\t\t\t\r\n\t\t\t\t\t\t\t<\/article>\r\n\r\n\t\t\t<article id=\"post-80898\" class=\"eut-blog-item eut-small-post eut-non-isotope-item post-80898 post type-post status-publish format-standard has-post-thumbnail hentry category-noticia tag-mir tag-uab tag-unitat-docent\" itemscope itemType=\"http:\/\/schema.org\/BlogPosting\">\r\n\t\t\t\t\t\t\t\t\t\t\t<div class=\"eut-media eut-image-hover\">\r\n\t\t\t<a href=\"https:\/\/www.tauli.cat\/actualitat\/noticia\/2026\/03\/els-estudiants-de-medicina-de-la-unitat-docent-del-parc-tauli-continuen-consolidant-els-bons-resultats-a-les-proves-mir\/\"><img width=\"800\" height=\"450\" src=\"https:\/\/www.tauli.cat\/actualitat\/wp-content\/uploads\/2024\/04\/Unitat-Docent-UAB-Parc-Tauli-800x450.jpg\" class=\"attachment-eut-image-small-rect-horizontal-wide size-eut-image-small-rect-horizontal-wide wp-post-image\" alt=\"Unitat Docent UAB-Parc Taul\u00ed\" decoding=\"async\" loading=\"lazy\" srcset=\"https:\/\/www.tauli.cat\/actualitat\/wp-content\/uploads\/2024\/04\/Unitat-Docent-UAB-Parc-Tauli-800x450.jpg 800w, https:\/\/www.tauli.cat\/actualitat\/wp-content\/uploads\/2024\/04\/Unitat-Docent-UAB-Parc-Tauli-1170x658.jpg 1170w\" sizes=\"(max-width: 800px) 100vw, 800px\" \/><\/a>\r\n\t\t<\/div>\r\n\r\n\t\t\t\t\t\t\t\t\t\t\t<div class=\"eut-post-content\">\r\n\t\t\t\t\t\t\t<a href=\"https:\/\/www.tauli.cat\/actualitat\/noticia\/2026\/03\/els-estudiants-de-medicina-de-la-unitat-docent-del-parc-tauli-continuen-consolidant-els-bons-resultats-a-les-proves-mir\/\" rel=\"bookmark\"><h5 class=\"eut-post-title\" itemprop=\"headline\"><span>Els estudiants de Medicina de la Unitat Docent del Parc Taul\u00ed continuen consolidant els bons resultats a les proves MIR<\/span><\/h5><\/a>\t\t\t\t\t\t\t\t\t<span class=\"eut-hidden\">\r\n\t\t\t<span class=\"eut-structured-data entry-title\">Els estudiants de Medicina de la Unitat Docent del Parc Taul\u00ed continuen consolidant els bons resultats a les proves MIR<\/span>\r\n\t\t\t<span class=\"eut-structured-data\" itemprop=\"image\" itemscope itemtype=\"http:\/\/schema.org\/ImageObject\">\r\n\t\t\t   <span itemprop='url' >https:\/\/www.tauli.cat\/actualitat\/wp-content\/uploads\/2024\/04\/Unitat-Docent-UAB-Parc-Tauli-1200x800.jpg<\/span>\r\n\t\t\t   <span itemprop='height' >1080<\/span>\r\n\t\t\t   <span itemprop='width' >720<\/span>\r\n\t\t\t<\/span>\r\n\t\t\t\t\t\t<span class=\"eut-structured-data vcard author\" itemprop=\"author\" itemscope itemtype=\"http:\/\/schema.org\/Person\">\r\n\t\t\t\t<span itemprop=\"name\" class=\"fn\">Actualitat Parc Taul\u00ed<\/span>\r\n\t\t\t<\/span>\r\n\t\t\t<span class=\"eut-structured-data\" itemprop=\"publisher\" itemscope itemtype=\"http:\/\/schema.org\/Organization\">\r\n\t\t\t\t<span itemprop='name'>Actualitat Parc Taul\u00ed<\/span>\r\n\t\t\t\t<span itemprop='logo' itemscope itemtype='http:\/\/schema.org\/ImageObject'>\r\n\t\t\t\t\t<span itemprop='url'>https:\/\/www.tauli.cat\/actualitat\/wp-content\/uploads\/2024\/04\/Unitat-Docent-UAB-Parc-Tauli-1200x800.jpg<\/span>\r\n\t\t\t\t<\/span>\r\n\t\t\t<\/span>\r\n\t\t\t\t\t\t<time class=\"eut-structured-data date published\" itemprop=\"datePublished\" datetime=\"2026-03-19T10:07:48+01:00\">19 de mar\u00e7 2026<\/time>\r\n\t\t\t<time class=\"eut-structured-data date updated\" itemprop=\"dateModified\"  datetime=\"2026-03-19T11:02:40+01:00\">19 de mar\u00e7 2026<\/time>\r\n\t\t\t<span class=\"eut-structured-data\" itemprop=\"mainEntityOfPage\" itemscope itemtype=\"http:\/\/schema.org\/WebPage\" itemid=\"https:\/\/www.tauli.cat\/actualitat\/noticia\/2026\/03\/els-estudiants-de-medicina-de-la-unitat-docent-del-parc-tauli-continuen-consolidant-els-bons-resultats-a-les-proves-mir\/\"><\/span>\r\n\t\t<\/span>\r\n\t\t\t\t\t\t\t\t<div class=\"eut-small-text eut-post-meta\">\r\n\t\t\t\t\t\t\t\t\t\t\t\t\t\t\t\t\t<time class=\"eut-post-date\" datetime=\"2026-03-19T10:07:48+01:00\">\r\n\t\t19 de mar\u00e7 2026\t<\/time>\r\n\t\t\t\t\t\t\t\t\t\t\t\t\t\t\t<\/div>\r\n\t\t\t\t\t\t\t<div itemprop=\"articleBody\"><p>D&#8217;entre els graduats, 48 han aconseguit pla\u00e7a de resident i 9 alumnes s\u2019han situat entre els 1.000 primers estudiants que podran escollir especialitat.<\/p>\n<\/div>\t\t\t\t\t\t<\/div>\r\n\t\t\t\t\t\r\n\t\t\t\t\t\t\t<\/article>\r\n\r\n\t\t\t<article id=\"post-80478\" class=\"eut-blog-item eut-small-post eut-non-isotope-item post-80478 post type-post status-publish format-standard has-post-thumbnail hentry category-noticia tag-acreditacio tag-farmacia-ambulatoria tag-servei-de-farmacia\" itemscope itemType=\"http:\/\/schema.org\/BlogPosting\">\r\n\t\t\t\t\t\t\t\t\t\t\t<div class=\"eut-media eut-image-hover\">\r\n\t\t\t<a href=\"https:\/\/www.tauli.cat\/actualitat\/noticia\/2026\/03\/la-unitat-de-farmacia-ambulatoria-i-pacient-extern-del-parc-tauli-acreditada-per-la-societat-espanyola-de-farmacia-hospitalaria\/\"><img width=\"800\" height=\"450\" src=\"https:\/\/www.tauli.cat\/actualitat\/wp-content\/uploads\/2026\/03\/Farma_1-800x450.jpg\" class=\"attachment-eut-image-small-rect-horizontal-wide size-eut-image-small-rect-horizontal-wide wp-post-image\" alt=\"\" decoding=\"async\" loading=\"lazy\" srcset=\"https:\/\/www.tauli.cat\/actualitat\/wp-content\/uploads\/2026\/03\/Farma_1-800x450.jpg 800w, https:\/\/www.tauli.cat\/actualitat\/wp-content\/uploads\/2026\/03\/Farma_1-1170x658.jpg 1170w\" sizes=\"(max-width: 800px) 100vw, 800px\" \/><\/a>\r\n\t\t<\/div>\r\n\r\n\t\t\t\t\t\t\t\t\t\t\t<div class=\"eut-post-content\">\r\n\t\t\t\t\t\t\t<a href=\"https:\/\/www.tauli.cat\/actualitat\/noticia\/2026\/03\/la-unitat-de-farmacia-ambulatoria-i-pacient-extern-del-parc-tauli-acreditada-per-la-societat-espanyola-de-farmacia-hospitalaria\/\" rel=\"bookmark\"><h5 class=\"eut-post-title\" itemprop=\"headline\"><span>La Unitat de Farm\u00e0cia Ambulat\u00f2ria i Pacient Extern del Parc Taul\u00ed, acreditada per la Societat Espanyola de Farm\u00e0cia Hospital\u00e0ria<\/span><\/h5><\/a>\t\t\t\t\t\t\t\t\t<span class=\"eut-hidden\">\r\n\t\t\t<span class=\"eut-structured-data entry-title\">La Unitat de Farm\u00e0cia Ambulat\u00f2ria i Pacient Extern del Parc Taul\u00ed, acreditada per la Societat Espanyola de Farm\u00e0cia Hospital\u00e0ria<\/span>\r\n\t\t\t<span class=\"eut-structured-data\" itemprop=\"image\" itemscope itemtype=\"http:\/\/schema.org\/ImageObject\">\r\n\t\t\t   <span itemprop='url' >https:\/\/www.tauli.cat\/actualitat\/wp-content\/uploads\/2026\/03\/Farma_1-1200x800.jpg<\/span>\r\n\t\t\t   <span itemprop='height' >1080<\/span>\r\n\t\t\t   <span itemprop='width' >720<\/span>\r\n\t\t\t<\/span>\r\n\t\t\t\t\t\t<span class=\"eut-structured-data vcard author\" itemprop=\"author\" itemscope itemtype=\"http:\/\/schema.org\/Person\">\r\n\t\t\t\t<span itemprop=\"name\" class=\"fn\">Actualitat Parc Taul\u00ed<\/span>\r\n\t\t\t<\/span>\r\n\t\t\t<span class=\"eut-structured-data\" itemprop=\"publisher\" itemscope itemtype=\"http:\/\/schema.org\/Organization\">\r\n\t\t\t\t<span itemprop='name'>Actualitat Parc Taul\u00ed<\/span>\r\n\t\t\t\t<span itemprop='logo' itemscope itemtype='http:\/\/schema.org\/ImageObject'>\r\n\t\t\t\t\t<span itemprop='url'>https:\/\/www.tauli.cat\/actualitat\/wp-content\/uploads\/2026\/03\/Farma_1-1200x800.jpg<\/span>\r\n\t\t\t\t<\/span>\r\n\t\t\t<\/span>\r\n\t\t\t\t\t\t<time class=\"eut-structured-data date published\" itemprop=\"datePublished\" datetime=\"2026-03-12T14:28:57+01:00\">12 de mar\u00e7 2026<\/time>\r\n\t\t\t<time class=\"eut-structured-data date updated\" itemprop=\"dateModified\"  datetime=\"2026-03-12T14:28:57+01:00\">12 de mar\u00e7 2026<\/time>\r\n\t\t\t<span class=\"eut-structured-data\" itemprop=\"mainEntityOfPage\" itemscope itemtype=\"http:\/\/schema.org\/WebPage\" itemid=\"https:\/\/www.tauli.cat\/actualitat\/noticia\/2026\/03\/la-unitat-de-farmacia-ambulatoria-i-pacient-extern-del-parc-tauli-acreditada-per-la-societat-espanyola-de-farmacia-hospitalaria\/\"><\/span>\r\n\t\t<\/span>\r\n\t\t\t\t\t\t\t\t<div class=\"eut-small-text eut-post-meta\">\r\n\t\t\t\t\t\t\t\t\t\t\t\t\t\t\t\t\t<time class=\"eut-post-date\" datetime=\"2026-03-12T14:28:57+01:00\">\r\n\t\t12 de mar\u00e7 2026\t<\/time>\r\n\t\t\t\t\t\t\t\t\t\t\t\t\t\t\t<\/div>\r\n\t\t\t\t\t\t\t<div itemprop=\"articleBody\"><p>\u00c9s la primera unitat de farm\u00e0cia ambulat\u00f2ria de la prov\u00edncia de Barcelona i la tercera a Catalunya que ha estat atorgada la certificaci\u00f3 Q-PEX.<\/p>\n<\/div>\t\t\t\t\t\t<\/div>\r\n\t\t\t\t\t\r\n\t\t\t\t\t\t\t<\/article>\r\n\r\n\t\t\t<\/div>\r\n<div class=\"eut-pagination\"><ul class='page-numbers'>\n\t<li><span aria-current=\"page\" class=\"page-numbers current\">1<\/span><\/li>\n\t<li><a class=\"page-numbers\" href=\"https:\/\/www.tauli.cat\/actualitat\/wp-json\/wp\/v2\/pages\/3920\/page\/2\/\">2<\/a><\/li>\n\t<li><a class=\"page-numbers\" href=\"https:\/\/www.tauli.cat\/actualitat\/wp-json\/wp\/v2\/pages\/3920\/page\/3\/\">3<\/a><\/li>\n\t<li><span class=\"page-numbers dots\">&hellip;<\/span><\/li>\n\t<li><a class=\"page-numbers\" href=\"https:\/\/www.tauli.cat\/actualitat\/wp-json\/wp\/v2\/pages\/3920\/page\/159\/\">159<\/a><\/li>\n\t<li><a class=\"next page-numbers\" href=\"https:\/\/www.tauli.cat\/actualitat\/wp-json\/wp\/v2\/pages\/3920\/page\/2\/\"><i class=\"eut-icon-nav-right\"><\/i><\/a><\/li>\n<\/ul>\n<\/div>\t\t<\/div>\r\n[\/vc_column][\/vc_row][vc_row][vc_column width=&#8221;2\/3&#8243;][vc_widget_sidebar sidebar_id=&#8221;eut_sidebar_6139ebb42c916&#8243;][\/vc_column][vc_column width=&#8221;1\/3&#8243;][\/vc_column][\/vc_row]<\/p>\n","protected":false},"excerpt":{"rendered":"<p>[vc_row][vc_column][\/vc_column][\/vc_row][vc_row][vc_column width=&#8221;2\/3&#8243;][vc_widget_sidebar sidebar_id=&#8221;eut_sidebar_6139ebb42c916&#8243;][\/vc_column][vc_column width=&#8221;1\/3&#8243;][\/vc_column][\/vc_row]<\/p>\n","protected":false},"author":1,"featured_media":0,"parent":0,"menu_order":0,"comment_status":"closed","ping_status":"closed","template":"","meta":[],"_links":{"self":[{"href":"https:\/\/www.tauli.cat\/actualitat\/wp-json\/wp\/v2\/pages\/3920"}],"collection":[{"href":"https:\/\/www.tauli.cat\/actualitat\/wp-json\/wp\/v2\/pages"}],"about":[{"href":"https:\/\/www.tauli.cat\/actualitat\/wp-json\/wp\/v2\/types\/page"}],"author":[{"embeddable":true,"href":"https:\/\/www.tauli.cat\/actualitat\/wp-json\/wp\/v2\/users\/1"}],"replies":[{"embeddable":true,"href":"https:\/\/www.tauli.cat\/actualitat\/wp-json\/wp\/v2\/comments?post=3920"}],"version-history":[{"count":6,"href":"https:\/\/www.tauli.cat\/actualitat\/wp-json\/wp\/v2\/pages\/3920\/revisions"}],"predecessor-version":[{"id":67177,"href":"https:\/\/www.tauli.cat\/actualitat\/wp-json\/wp\/v2\/pages\/3920\/revisions\/67177"}],"wp:attachment":[{"href":"https:\/\/www.tauli.cat\/actualitat\/wp-json\/wp\/v2\/media?parent=3920"}],"curies":[{"name":"wp","href":"https:\/\/api.w.org\/{rel}","templated":true}]}}