{"id":66970,"date":"2025-09-01T13:35:43","date_gmt":"2025-09-01T11:35:43","guid":{"rendered":"https:\/\/www.tauli.cat\/actualitat\/?page_id=66970"},"modified":"2025-09-01T13:35:43","modified_gmt":"2025-09-01T11:35:43","slug":"jornada-portes-obertes-i3pt","status":"publish","type":"page","link":"https:\/\/www.tauli.cat\/actualitat\/jornada-portes-obertes-i3pt\/","title":{"rendered":"Jornada portes obertes I3PT"},"content":{"rendered":"<p>[vc_row][vc_column]\n<div class=\"wpcf7 no-js\" id=\"wpcf7-f66971-o1\" lang=\"ca\" dir=\"ltr\">\n<div class=\"screen-reader-response\"><p role=\"status\" aria-live=\"polite\" aria-atomic=\"true\"><\/p> <ul><\/ul><\/div>\n<form action=\"\/actualitat\/wp-json\/wp\/v2\/pages\/66970#wpcf7-f66971-o1\" method=\"post\" class=\"wpcf7-form init\" aria-label=\"Formulari de contacte\" novalidate=\"novalidate\" data-status=\"init\">\n<div style=\"display: none;\">\n<input type=\"hidden\" name=\"_wpcf7\" value=\"66971\" \/>\n<input type=\"hidden\" name=\"_wpcf7_version\" value=\"5.8.7\" \/>\n<input type=\"hidden\" name=\"_wpcf7_locale\" value=\"ca\" \/>\n<input type=\"hidden\" name=\"_wpcf7_unit_tag\" value=\"wpcf7-f66971-o1\" \/>\n<input type=\"hidden\" name=\"_wpcf7_container_post\" value=\"0\" \/>\n<input type=\"hidden\" name=\"_wpcf7_posted_data_hash\" value=\"\" \/>\n<input type=\"hidden\" name=\"_wpcf7_recaptcha_response\" value=\"\" \/>\n<\/div>\n<div class=\"camp-formulari\">\n\t<p>Nom i cognoms\n\t<\/p>\n\t<p><span class=\"wpcf7-form-control-wrap\" data-name=\"nom\"><input size=\"40\" class=\"wpcf7-form-control wpcf7-text wpcf7-validates-as-required\" aria-required=\"true\" aria-invalid=\"false\" value=\"\" type=\"text\" name=\"nom\" \/><\/span>\n\t<\/p>\n<\/div>\n<div class=\"camp-formulari\">\n\t<p>Correu\n\t<\/p>\n\t<p><span class=\"wpcf7-form-control-wrap\" data-name=\"correu\"><input size=\"40\" class=\"wpcf7-form-control wpcf7-email wpcf7-validates-as-required wpcf7-text wpcf7-validates-as-email\" aria-required=\"true\" aria-invalid=\"false\" value=\"\" type=\"email\" name=\"correu\" \/><\/span>\n\t<\/p>\n<\/div>\n<div class=\"camp-formulari\">\n\t<p>Pertanys a alguna entitat o associaci\u00f3?\n\t<\/p>\n\t<p><span class=\"wpcf7-form-control-wrap\" data-name=\"entitat\"><input size=\"40\" class=\"wpcf7-form-control wpcf7-text wpcf7-validates-as-required\" aria-required=\"true\" aria-invalid=\"false\" value=\"\" type=\"text\" name=\"entitat\" \/><\/span>\n\t<\/p>\n<\/div>\n<div class=\"camp-formulari\">\n\t<p>Com t'has assabentat de l'acte?\n\t<\/p>\n\t<p><span class=\"wpcf7-form-control-wrap\" data-name=\"modalitat\"><select class=\"wpcf7-form-control wpcf7-select wpcf7-validates-as-required\" aria-required=\"true\" aria-invalid=\"false\" name=\"modalitat\"><option value=\"\">&#8212;Trieu una opci\u00f3&#8212;<\/option><option value=\"LinkedIn\">LinkedIn<\/option><option value=\"X\">X<\/option><option value=\"Instagram\">Instagram<\/option><option value=\"Butllet\u00ed Parc Taul\u00ed\/I3PT\">Butllet\u00ed Parc Taul\u00ed\/I3PT<\/option><option value=\"Associaci\u00f3 de pacients\">Associaci\u00f3 de pacients<\/option><option value=\"Associaci\u00f3 de ve\u00efns\">Associaci\u00f3 de ve\u00efns<\/option><option value=\"Altres\">Altres<\/option><\/select><\/span>\n\t<\/p>\n<\/div>\n<div class=\"camp-formulari-acceptance\">\n\t<p><span class=\"wpcf7-form-control-wrap\" data-name=\"acceptance-79\"><span class=\"wpcf7-form-control wpcf7-acceptance\"><span class=\"wpcf7-list-item\"><label><input type=\"checkbox\" name=\"acceptance-79\" value=\"1\" aria-invalid=\"false\" \/><span class=\"wpcf7-list-item-label\">He llegit i accepto la <a href=\"https:\/\/www.tauli.cat\/institut\/privacitat\/\" target=\"_blank\">pol\u00edtica de privacitat<\/span><\/label><\/span><\/span><\/span>\n\t<\/p>\n<\/div>\n<div class=\"camp-formulari-acceptance\">\n\t<p><span class=\"wpcf7-form-control-wrap\" data-name=\"acceptance-79\"><span class=\"wpcf7-form-control wpcf7-acceptance optional\"><span class=\"wpcf7-list-item\"><label><input type=\"checkbox\" name=\"acceptance-79\" value=\"1\" aria-invalid=\"false\" \/><span class=\"wpcf7-list-item-label\"><a><\/a> M'agradaria estar subscrit al butllet\u00ed d'actualitat de l'I3PT i estar al dia de les novetats en recerca i innovaci\u00f3 del Parc Taul\u00ed\"<\/span><\/label><\/span><\/span><\/span>\n\t<\/p>\n<\/div>\n<p><input class=\"wpcf7-form-control wpcf7-submit has-spinner\" type=\"submit\" value=\"Envia\" \/>\n<\/p><p style=\"display: none !important;\" class=\"akismet-fields-container\" data-prefix=\"_wpcf7_ak_\"><label>&#916;<textarea name=\"_wpcf7_ak_hp_textarea\" cols=\"45\" rows=\"8\" maxlength=\"100\"><\/textarea><\/label><input type=\"hidden\" id=\"ak_js_1\" name=\"_wpcf7_ak_js\" value=\"153\"\/><script>document.getElementById( \"ak_js_1\" ).setAttribute( \"value\", ( new Date() ).getTime() );<\/script><\/p><div class=\"wpcf7-response-output\" aria-hidden=\"true\"><\/div>\n<\/form>\n<\/div>\n[\/vc_column][\/vc_row]<\/p>\n","protected":false},"excerpt":{"rendered":"<p>[vc_row][vc_column][\/vc_column][\/vc_row]<\/p>\n","protected":false},"author":11,"featured_media":0,"parent":0,"menu_order":0,"comment_status":"closed","ping_status":"closed","template":"","meta":[],"_links":{"self":[{"href":"https:\/\/www.tauli.cat\/actualitat\/wp-json\/wp\/v2\/pages\/66970"}],"collection":[{"href":"https:\/\/www.tauli.cat\/actualitat\/wp-json\/wp\/v2\/pages"}],"about":[{"href":"https:\/\/www.tauli.cat\/actualitat\/wp-json\/wp\/v2\/types\/page"}],"author":[{"embeddable":true,"href":"https:\/\/www.tauli.cat\/actualitat\/wp-json\/wp\/v2\/users\/11"}],"replies":[{"embeddable":true,"href":"https:\/\/www.tauli.cat\/actualitat\/wp-json\/wp\/v2\/comments?post=66970"}],"version-history":[{"count":2,"href":"https:\/\/www.tauli.cat\/actualitat\/wp-json\/wp\/v2\/pages\/66970\/revisions"}],"predecessor-version":[{"id":80125,"href":"https:\/\/www.tauli.cat\/actualitat\/wp-json\/wp\/v2\/pages\/66970\/revisions\/80125"}],"wp:attachment":[{"href":"https:\/\/www.tauli.cat\/actualitat\/wp-json\/wp\/v2\/media?parent=66970"}],"curies":[{"name":"wp","href":"https:\/\/api.w.org\/{rel}","templated":true}]}}