{"id":4,"date":"2018-07-02T10:19:31","date_gmt":"2018-07-02T08:19:31","guid":{"rendered":"http:\/\/www.tauli.cat\/blogs\/neurociencies\/?page_id=4"},"modified":"2022-05-18T13:51:28","modified_gmt":"2022-05-18T11:51:28","slug":"home","status":"publish","type":"page","link":"https:\/\/www.tauli.cat\/blogs\/neurociencies\/","title":{"rendered":"HOME"},"content":{"rendered":"<p>[vc_row][vc_column]\t\t<div class=\"eut-element eut-blog eut-small-media eut-non-isotope eut-without-shadow\" style=\"\" >\r\n\t\t\t<div class=\"eut-standard-container\">\r\n\t\t\t<article id=\"post-63\" class=\"eut-blog-item eut-small-post eut-non-isotope-item post-63 post type-post status-publish format-standard has-post-thumbnail hentry category-i3pt-uab category-novetats tag-cibersam tag-neurociencias tag-recerca-traslacional tag-salud-mental\" itemscope itemType=\"http:\/\/schema.org\/BlogPosting\">\r\n\t\t\t\t\t\t\t\t\t\t\t<div class=\"eut-media eut-image-hover\">\r\n\t\t\t<a href=\"https:\/\/www.tauli.cat\/blogs\/neurociencies\/2020\/06\/el-grupo-de-investigacion-en-neurociencias-parc-tauli-inc-liderado-por-el-dr-diego-palao-se-integra-en-cibersam\/\"><img width=\"768\" height=\"478\" src=\"https:\/\/www.tauli.cat\/blogs\/neurociencies\/wp-content\/uploads\/sites\/7\/2020\/06\/GRUP-CIBERSAM-768x478.jpg\" class=\"attachment-medium_large size-medium_large wp-post-image\" alt=\"\" loading=\"lazy\" srcset=\"https:\/\/www.tauli.cat\/blogs\/neurociencies\/wp-content\/uploads\/sites\/7\/2020\/06\/GRUP-CIBERSAM-768x478.jpg 768w, https:\/\/www.tauli.cat\/blogs\/neurociencies\/wp-content\/uploads\/sites\/7\/2020\/06\/GRUP-CIBERSAM-300x187.jpg 300w, https:\/\/www.tauli.cat\/blogs\/neurociencies\/wp-content\/uploads\/sites\/7\/2020\/06\/GRUP-CIBERSAM-1024x638.jpg 1024w, https:\/\/www.tauli.cat\/blogs\/neurociencies\/wp-content\/uploads\/sites\/7\/2020\/06\/GRUP-CIBERSAM-600x374.jpg 600w, https:\/\/www.tauli.cat\/blogs\/neurociencies\/wp-content\/uploads\/sites\/7\/2020\/06\/GRUP-CIBERSAM.jpg 1452w\" sizes=\"(max-width: 768px) 100vw, 768px\" \/><\/a>\r\n\t\t<\/div>\r\n\r\n\t\t\t\t\t\t\t\t\t\t\t<div class=\"eut-post-content\">\r\n\t\t\t\t\t\t\t<a href=\"https:\/\/www.tauli.cat\/blogs\/neurociencies\/2020\/06\/el-grupo-de-investigacion-en-neurociencias-parc-tauli-inc-liderado-por-el-dr-diego-palao-se-integra-en-cibersam\/\" rel=\"bookmark\"><h5 class=\"eut-post-title\" itemprop=\"name headline\"><span>El grupo de investigaci\u00f3n en Neurociencias Parc Taul\u00ed-INc, liderado por el Dr. Diego Palao, se integra en CIBERSAM.<\/span><\/h5><\/a>\t\t\t\t\t\t\t\t\t<span class=\"eut-hidden\">\r\n\t\t\t<span class=\"eut-structured-data\" itemprop=\"image\" itemscope itemtype=\"http:\/\/schema.org\/ImageObject\">\r\n\t\t\t   <span itemprop='url' >https:\/\/www.tauli.cat\/blogs\/neurociencies\/wp-content\/uploads\/sites\/7\/2020\/06\/GRUP-CIBERSAM-1024x638.jpg<\/span>\r\n\t\t\t   <span itemprop='height' >1024<\/span>\r\n\t\t\t   <span itemprop='width' >638<\/span>\r\n\t\t\t<\/span>\r\n\t\t\t\t\t\t<span class=\"eut-structured-data\" itemprop=\"author\" itemscope itemtype=\"http:\/\/schema.org\/Person\">\r\n\t\t\t\t<span itemprop=\"name\">Sol Fern\u00e1ndez Gonzalo<\/span>\r\n\t\t\t<\/span>\r\n\t\t\t<span class=\"eut-structured-data\" itemprop=\"publisher\" itemscope itemtype=\"http:\/\/schema.org\/Organization\">\r\n\t\t\t\t<span itemprop='name'>Sol Fern\u00e1ndez Gonzalo<\/span>\r\n\t\t\t\t<span itemprop='logo' itemscope itemtype='http:\/\/schema.org\/ImageObject'>\r\n\t\t\t\t\t<span itemprop='url'>https:\/\/www.tauli.cat\/blogs\/neurociencies\/wp-content\/uploads\/sites\/7\/2018\/07\/Sol-Fernandez-150x150.jpg<\/span>\r\n\t\t\t\t<\/span>\r\n\t\t\t<\/span>\r\n\t\t\t\t\t\t<time class=\"eut-structured-data\" itemprop=\"datePublished\" datetime=\"2020-06-10T15:32:51+02:00\">10 de juny de 2020<\/time>\r\n\t\t\t<time class=\"eut-structured-data\" itemprop=\"dateModified\"  datetime=\"2025-01-24T14:38:41+02:00\">24 de gener de 2025<\/time>\r\n\t\t\t<span class=\"eut-structured-data\" itemprop=\"mainEntityOfPage\" itemscope itemtype=\"http:\/\/schema.org\/WebPage\" itemid=\"https:\/\/www.tauli.cat\/blogs\/neurociencies\/2020\/06\/el-grupo-de-investigacion-en-neurociencias-parc-tauli-inc-liderado-por-el-dr-diego-palao-se-integra-en-cibersam\/\"><\/span>\r\n\t\t<\/span>\r\n\t\t\t\t\t\t\t\t<div class=\"eut-small-text eut-post-meta\">\r\n\t\t\t\t\t\t\t\t\t\t<div class=\"eut-post-author\">\r\n\t\t\t<span>Per: <\/span><span><a href=\"https:\/\/www.tauli.cat\/blogs\/neurociencies\/author\/msfernandez\/\" title=\"Entrades de Sol Fern\u00e1ndez Gonzalo\" rel=\"author\">Sol Fern\u00e1ndez Gonzalo<\/a><\/span>\r\n\t\t<\/div>\r\n\t\t\t\t\t\t\t\t\t<time class=\"eut-post-date\" datetime=\"2020-06-10T15:32:51+02:00\">\r\n\t\t10 de juny de 2020\t<\/time>\r\n\t\t\t\t\t\t\t\t\t\t\t\t\t\t\t<\/div>\r\n\t\t\t\t\t\t\t<div itemprop=\"articleBody\"><p>&nbsp; El grupo liderado por el Dr. Diego Palao, despu\u00e9s de un periodo de vinculaci\u00f3n, \u00a0ha sido acreditado como grupo adscrito al CIBERSAM (CB19\/09\/00029), incorpor\u00e1ndose plenamente a la principal red espa\u00f1ola de investigaci\u00f3n en Neurociencias, junto con otros 23 grupos de investigaci\u00f3n cl\u00ednica, precl\u00ednica y traslacional que incluye el \u00e1rea tem\u00e1tica de Salud Mental del&hellip;<\/p><a class=\"eut-read-more\" href=\"https:\/\/www.tauli.cat\/blogs\/neurociencies\/2020\/06\/el-grupo-de-investigacion-en-neurociencias-parc-tauli-inc-liderado-por-el-dr-diego-palao-se-integra-en-cibersam\/\"><span>LLEGIR M\u00c9S<\/span><\/a><\/div>\t\t\t\t\t\t<\/div>\r\n\t\t\t\t\t\r\n\t\t\t\t\t\t\t<\/article>\r\n\r\n\t\t\t<article id=\"post-57\" class=\"eut-blog-item eut-small-post eut-non-isotope-item post-57 post type-post status-publish format-standard has-post-thumbnail hentry category-congressos-i-esdeveniments category-novetats tag-congresos tag-neurociencias\" itemscope itemType=\"http:\/\/schema.org\/BlogPosting\">\r\n\t\t\t\t\t\t\t\t\t\t\t<div class=\"eut-media eut-image-hover\">\r\n\t\t\t<a href=\"https:\/\/www.tauli.cat\/blogs\/neurociencies\/2018\/10\/jornadas-tdah-a-lo-largo-del-ciclo-vital\/\"><img width=\"768\" height=\"628\" src=\"https:\/\/www.tauli.cat\/blogs\/neurociencies\/wp-content\/uploads\/sites\/7\/2018\/10\/Imagen_entrada-3.jpg\" class=\"attachment-medium_large size-medium_large wp-post-image\" alt=\"\" loading=\"lazy\" \/><\/a>\r\n\t\t<\/div>\r\n\r\n\t\t\t\t\t\t\t\t\t\t\t<div class=\"eut-post-content\">\r\n\t\t\t\t\t\t\t<a href=\"https:\/\/www.tauli.cat\/blogs\/neurociencies\/2018\/10\/jornadas-tdah-a-lo-largo-del-ciclo-vital\/\" rel=\"bookmark\"><h5 class=\"eut-post-title\" itemprop=\"name headline\"><span>Jornadas TDAH a lo largo del ciclo vital<\/span><\/h5><\/a>\t\t\t\t\t\t\t\t\t<span class=\"eut-hidden\">\r\n\t\t\t<span class=\"eut-structured-data\" itemprop=\"image\" itemscope itemtype=\"http:\/\/schema.org\/ImageObject\">\r\n\t\t\t   <span itemprop='url' >https:\/\/www.tauli.cat\/blogs\/neurociencies\/wp-content\/uploads\/sites\/7\/2018\/10\/Imagen_entrada-3.jpg<\/span>\r\n\t\t\t   <span itemprop='height' >905<\/span>\r\n\t\t\t   <span itemprop='width' >740<\/span>\r\n\t\t\t<\/span>\r\n\t\t\t\t\t\t<span class=\"eut-structured-data\" itemprop=\"author\" itemscope itemtype=\"http:\/\/schema.org\/Person\">\r\n\t\t\t\t<span itemprop=\"name\">Montse Pamias<\/span>\r\n\t\t\t<\/span>\r\n\t\t\t<span class=\"eut-structured-data\" itemprop=\"publisher\" itemscope itemtype=\"http:\/\/schema.org\/Organization\">\r\n\t\t\t\t<span itemprop='name'>Montse Pamias<\/span>\r\n\t\t\t\t<span itemprop='logo' itemscope itemtype='http:\/\/schema.org\/ImageObject'>\r\n\t\t\t\t\t<span itemprop='url'>https:\/\/www.tauli.cat\/blogs\/neurociencies\/wp-content\/uploads\/sites\/7\/2018\/10\/Monserrat-Pamias.jpg<\/span>\r\n\t\t\t\t<\/span>\r\n\t\t\t<\/span>\r\n\t\t\t\t\t\t<time class=\"eut-structured-data\" itemprop=\"datePublished\" datetime=\"2018-10-24T16:43:21+02:00\">24 d'octubre de 2018<\/time>\r\n\t\t\t<time class=\"eut-structured-data\" itemprop=\"dateModified\"  datetime=\"2025-01-24T14:38:45+02:00\">24 de gener de 2025<\/time>\r\n\t\t\t<span class=\"eut-structured-data\" itemprop=\"mainEntityOfPage\" itemscope itemtype=\"http:\/\/schema.org\/WebPage\" itemid=\"https:\/\/www.tauli.cat\/blogs\/neurociencies\/2018\/10\/jornadas-tdah-a-lo-largo-del-ciclo-vital\/\"><\/span>\r\n\t\t<\/span>\r\n\t\t\t\t\t\t\t\t<div class=\"eut-small-text eut-post-meta\">\r\n\t\t\t\t\t\t\t\t\t\t<div class=\"eut-post-author\">\r\n\t\t\t<span>Per: <\/span><span><a href=\"https:\/\/www.tauli.cat\/blogs\/neurociencies\/author\/mpamias\/\" title=\"Entrades de Montse Pamias\" rel=\"author\">Montse Pamias<\/a><\/span>\r\n\t\t<\/div>\r\n\t\t\t\t\t\t\t\t\t<time class=\"eut-post-date\" datetime=\"2018-10-24T16:43:21+02:00\">\r\n\t\t24 d'octubre de 2018\t<\/time>\r\n\t\t\t\t\t\t\t\t\t\t\t\t\t\t\t<\/div>\r\n\t\t\t\t\t\t\t<div itemprop=\"articleBody\"><p>El d\u00eda 9 de Noviembre se celebrar\u00e1n las jornadas del Trastorno del D\u00e9ficit de Atenci\u00f3n con Hiperactividad (TDAH) a lo largo del ciclo vital.<\/p><a class=\"eut-read-more\" href=\"https:\/\/www.tauli.cat\/blogs\/neurociencies\/2018\/10\/jornadas-tdah-a-lo-largo-del-ciclo-vital\/\"><span>LLEGIR M\u00c9S<\/span><\/a><\/div>\t\t\t\t\t\t<\/div>\r\n\t\t\t\t\t\r\n\t\t\t\t\t\t\t<\/article>\r\n\r\n\t\t\t<article id=\"post-35\" class=\"eut-blog-item eut-small-post eut-non-isotope-item post-35 post type-post status-publish format-standard has-post-thumbnail hentry category-congressos-i-esdeveniments category-i3pt-uab tag-cibersam tag-neurociencias tag-recerca-traslacional\" itemscope itemType=\"http:\/\/schema.org\/BlogPosting\">\r\n\t\t\t\t\t\t\t\t\t\t\t<div class=\"eut-media eut-image-hover\">\r\n\t\t\t<a href=\"https:\/\/www.tauli.cat\/blogs\/neurociencies\/2018\/07\/segona-reunio-anual-del-grup-vinculat-cibersam-neurociencies-parc-tauli-i-del-i-workshop-collaboratiu-de-la-unitat-de-recerca-en-neurociencia-traslacional-i3pt-inc-uab\/\"><img width=\"768\" height=\"264\" src=\"https:\/\/www.tauli.cat\/blogs\/neurociencies\/wp-content\/uploads\/sites\/7\/2018\/07\/FOTO-BLOG-2-768x264.jpg\" class=\"attachment-medium_large size-medium_large wp-post-image\" alt=\"\" loading=\"lazy\" srcset=\"https:\/\/www.tauli.cat\/blogs\/neurociencies\/wp-content\/uploads\/sites\/7\/2018\/07\/FOTO-BLOG-2-768x264.jpg 768w, https:\/\/www.tauli.cat\/blogs\/neurociencies\/wp-content\/uploads\/sites\/7\/2018\/07\/FOTO-BLOG-2-300x103.jpg 300w, https:\/\/www.tauli.cat\/blogs\/neurociencies\/wp-content\/uploads\/sites\/7\/2018\/07\/FOTO-BLOG-2-600x206.jpg 600w, https:\/\/www.tauli.cat\/blogs\/neurociencies\/wp-content\/uploads\/sites\/7\/2018\/07\/FOTO-BLOG-2.jpg 869w\" sizes=\"(max-width: 768px) 100vw, 768px\" \/><\/a>\r\n\t\t<\/div>\r\n\r\n\t\t\t\t\t\t\t\t\t\t\t<div class=\"eut-post-content\">\r\n\t\t\t\t\t\t\t<a href=\"https:\/\/www.tauli.cat\/blogs\/neurociencies\/2018\/07\/segona-reunio-anual-del-grup-vinculat-cibersam-neurociencies-parc-tauli-i-del-i-workshop-collaboratiu-de-la-unitat-de-recerca-en-neurociencia-traslacional-i3pt-inc-uab\/\" rel=\"bookmark\"><h5 class=\"eut-post-title\" itemprop=\"name headline\"><span>Segona Reuni\u00f3 Anual del Grup Vinculat CIBERSAM Neuroci\u00e8ncies Parc Taul\u00ed i del I Workshop Col\u00b7laboratiu de la Unitat  de  Recerca en Neuroci\u00e8ncia Traslacional I3PT-INc-UAB<\/span><\/h5><\/a>\t\t\t\t\t\t\t\t\t<span class=\"eut-hidden\">\r\n\t\t\t<span class=\"eut-structured-data\" itemprop=\"image\" itemscope itemtype=\"http:\/\/schema.org\/ImageObject\">\r\n\t\t\t   <span itemprop='url' >https:\/\/www.tauli.cat\/blogs\/neurociencies\/wp-content\/uploads\/sites\/7\/2018\/07\/FOTO-BLOG-2.jpg<\/span>\r\n\t\t\t   <span itemprop='height' >869<\/span>\r\n\t\t\t   <span itemprop='width' >299<\/span>\r\n\t\t\t<\/span>\r\n\t\t\t\t\t\t<span class=\"eut-structured-data\" itemprop=\"author\" itemscope itemtype=\"http:\/\/schema.org\/Person\">\r\n\t\t\t\t<span itemprop=\"name\">Sol Fern\u00e1ndez Gonzalo<\/span>\r\n\t\t\t<\/span>\r\n\t\t\t<span class=\"eut-structured-data\" itemprop=\"publisher\" itemscope itemtype=\"http:\/\/schema.org\/Organization\">\r\n\t\t\t\t<span itemprop='name'>Sol Fern\u00e1ndez Gonzalo<\/span>\r\n\t\t\t\t<span itemprop='logo' itemscope itemtype='http:\/\/schema.org\/ImageObject'>\r\n\t\t\t\t\t<span itemprop='url'>https:\/\/www.tauli.cat\/blogs\/neurociencies\/wp-content\/uploads\/sites\/7\/2018\/07\/Sol-Fernandez-150x150.jpg<\/span>\r\n\t\t\t\t<\/span>\r\n\t\t\t<\/span>\r\n\t\t\t\t\t\t<time class=\"eut-structured-data\" itemprop=\"datePublished\" datetime=\"2018-07-10T15:51:54+02:00\">10 de juliol de 2018<\/time>\r\n\t\t\t<time class=\"eut-structured-data\" itemprop=\"dateModified\"  datetime=\"2025-01-24T14:38:50+02:00\">24 de gener de 2025<\/time>\r\n\t\t\t<span class=\"eut-structured-data\" itemprop=\"mainEntityOfPage\" itemscope itemtype=\"http:\/\/schema.org\/WebPage\" itemid=\"https:\/\/www.tauli.cat\/blogs\/neurociencies\/2018\/07\/segona-reunio-anual-del-grup-vinculat-cibersam-neurociencies-parc-tauli-i-del-i-workshop-collaboratiu-de-la-unitat-de-recerca-en-neurociencia-traslacional-i3pt-inc-uab\/\"><\/span>\r\n\t\t<\/span>\r\n\t\t\t\t\t\t\t\t<div class=\"eut-small-text eut-post-meta\">\r\n\t\t\t\t\t\t\t\t\t\t<div class=\"eut-post-author\">\r\n\t\t\t<span>Per: <\/span><span><a href=\"https:\/\/www.tauli.cat\/blogs\/neurociencies\/author\/msfernandez\/\" title=\"Entrades de Sol Fern\u00e1ndez Gonzalo\" rel=\"author\">Sol Fern\u00e1ndez Gonzalo<\/a><\/span>\r\n\t\t<\/div>\r\n\t\t\t\t\t\t\t\t\t<time class=\"eut-post-date\" datetime=\"2018-07-10T15:51:54+02:00\">\r\n\t\t10 de juliol de 2018\t<\/time>\r\n\t\t\t\t\t\t\t\t\t\t\t\t\t\t\t<\/div>\r\n\t\t\t\t\t\t\t<div itemprop=\"articleBody\"><p>El passat 5 de juliol es va realitzar la Segona Reuni\u00f3 Anual del Grup Neuroci\u00e8ncies Parc Taul\u00ed, vinculat CIBERSAM dirigit pel Dr. Diego Palao, director executiu de Salut Mental. En la mateixa data es va portar a terme el I Workshop Col\u00b7laboratiu entre investigadors cl\u00ednics de la Coorporaci\u00f3 Parc Taul\u00ed (CPT) i b\u00e0sics de lnstitut&hellip;<\/p><a class=\"eut-read-more\" href=\"https:\/\/www.tauli.cat\/blogs\/neurociencies\/2018\/07\/segona-reunio-anual-del-grup-vinculat-cibersam-neurociencies-parc-tauli-i-del-i-workshop-collaboratiu-de-la-unitat-de-recerca-en-neurociencia-traslacional-i3pt-inc-uab\/\"><span>LLEGIR M\u00c9S<\/span><\/a><\/div>\t\t\t\t\t\t<\/div>\r\n\t\t\t\t\t\r\n\t\t\t\t\t\t\t<\/article>\r\n\r\n\t\t\t<article id=\"post-10\" class=\"eut-blog-item eut-small-post eut-non-isotope-item post-10 post type-post status-publish format-standard has-post-thumbnail hentry category-congressos-i-esdeveniments tag-psicosomatica tag-salud-mental tag-simposio\" itemscope itemType=\"http:\/\/schema.org\/BlogPosting\">\r\n\t\t\t\t\t\t\t\t\t\t\t<div class=\"eut-media eut-image-hover\">\r\n\t\t\t<a href=\"https:\/\/www.tauli.cat\/blogs\/neurociencies\/2018\/07\/i-simposio-de-psiquiatria-psicosomatica\/\"><img width=\"768\" height=\"291\" src=\"https:\/\/www.tauli.cat\/blogs\/neurociencies\/wp-content\/uploads\/sites\/7\/2018\/07\/Imagen1-768x291.jpg\" class=\"attachment-medium_large size-medium_large wp-post-image\" alt=\"\" loading=\"lazy\" srcset=\"https:\/\/www.tauli.cat\/blogs\/neurociencies\/wp-content\/uploads\/sites\/7\/2018\/07\/Imagen1-768x291.jpg 768w, https:\/\/www.tauli.cat\/blogs\/neurociencies\/wp-content\/uploads\/sites\/7\/2018\/07\/Imagen1-300x114.jpg 300w, https:\/\/www.tauli.cat\/blogs\/neurociencies\/wp-content\/uploads\/sites\/7\/2018\/07\/Imagen1.jpg 870w\" sizes=\"(max-width: 768px) 100vw, 768px\" \/><\/a>\r\n\t\t<\/div>\r\n\r\n\t\t\t\t\t\t\t\t\t\t\t<div class=\"eut-post-content\">\r\n\t\t\t\t\t\t\t<a href=\"https:\/\/www.tauli.cat\/blogs\/neurociencies\/2018\/07\/i-simposio-de-psiquiatria-psicosomatica\/\" rel=\"bookmark\"><h5 class=\"eut-post-title\" itemprop=\"name headline\"><span>I Simposio de Psiquiatr\u00eda Psicosom\u00e1tica<\/span><\/h5><\/a>\t\t\t\t\t\t\t\t\t<span class=\"eut-hidden\">\r\n\t\t\t<span class=\"eut-structured-data\" itemprop=\"image\" itemscope itemtype=\"http:\/\/schema.org\/ImageObject\">\r\n\t\t\t   <span itemprop='url' >https:\/\/www.tauli.cat\/blogs\/neurociencies\/wp-content\/uploads\/sites\/7\/2018\/07\/Imagen1.jpg<\/span>\r\n\t\t\t   <span itemprop='height' >870<\/span>\r\n\t\t\t   <span itemprop='width' >330<\/span>\r\n\t\t\t<\/span>\r\n\t\t\t\t\t\t<span class=\"eut-structured-data\" itemprop=\"author\" itemscope itemtype=\"http:\/\/schema.org\/Person\">\r\n\t\t\t\t<span itemprop=\"name\">Jose Antonio Monreal Ortiz<\/span>\r\n\t\t\t<\/span>\r\n\t\t\t<span class=\"eut-structured-data\" itemprop=\"publisher\" itemscope itemtype=\"http:\/\/schema.org\/Organization\">\r\n\t\t\t\t<span itemprop='name'>Jose Antonio Monreal Ortiz<\/span>\r\n\t\t\t\t<span itemprop='logo' itemscope itemtype='http:\/\/schema.org\/ImageObject'>\r\n\t\t\t\t\t<span itemprop='url'>https:\/\/www.tauli.cat\/blogs\/neurociencies\/wp-content\/uploads\/sites\/7\/2018\/07\/JA-Monreal-150x150.jpg<\/span>\r\n\t\t\t\t<\/span>\r\n\t\t\t<\/span>\r\n\t\t\t\t\t\t<time class=\"eut-structured-data\" itemprop=\"datePublished\" datetime=\"2018-07-02T10:52:27+02:00\">2 de juliol de 2018<\/time>\r\n\t\t\t<time class=\"eut-structured-data\" itemprop=\"dateModified\"  datetime=\"2025-01-24T14:38:56+02:00\">24 de gener de 2025<\/time>\r\n\t\t\t<span class=\"eut-structured-data\" itemprop=\"mainEntityOfPage\" itemscope itemtype=\"http:\/\/schema.org\/WebPage\" itemid=\"https:\/\/www.tauli.cat\/blogs\/neurociencies\/2018\/07\/i-simposio-de-psiquiatria-psicosomatica\/\"><\/span>\r\n\t\t<\/span>\r\n\t\t\t\t\t\t\t\t<div class=\"eut-small-text eut-post-meta\">\r\n\t\t\t\t\t\t\t\t\t\t<div class=\"eut-post-author\">\r\n\t\t\t<span>Per: <\/span><span><a href=\"https:\/\/www.tauli.cat\/blogs\/neurociencies\/author\/jmonreal\/\" title=\"Entrades de Jose Antonio Monreal Ortiz\" rel=\"author\">Jose Antonio Monreal Ortiz<\/a><\/span>\r\n\t\t<\/div>\r\n\t\t\t\t\t\t\t\t\t<time class=\"eut-post-date\" datetime=\"2018-07-02T10:52:27+02:00\">\r\n\t\t2 de juliol de 2018\t<\/time>\r\n\t\t\t\t\t\t\t\t\t\t\t\t\t\t\t<\/div>\r\n\t\t\t\t\t\t\t<div itemprop=\"articleBody\"><p>El pr\u00f3ximo 28 de septiembre de 2018 tendr\u00e1n lugar el I Simposio Psicosom\u00e1tica y Psiquiatr\u00eda, en el Auditorio Novartis Farmaceutica S.A. (c\/ Gran V\u00eda de Les Corts Catalanes, 764 de Barcelona).<\/p><a class=\"eut-read-more\" href=\"https:\/\/www.tauli.cat\/blogs\/neurociencies\/2018\/07\/i-simposio-de-psiquiatria-psicosomatica\/\"><span>LLEGIR M\u00c9S<\/span><\/a><\/div>\t\t\t\t\t\t<\/div>\r\n\t\t\t\t\t\r\n\t\t\t\t\t\t\t<\/article>\r\n\r\n\t\t\t<article id=\"post-29\" class=\"eut-blog-item eut-small-post eut-non-isotope-item post-29 post type-post status-publish format-standard has-post-thumbnail hentry category-novetats tag-bienvenida tag-neurociencias tag-quienes-somos\" itemscope itemType=\"http:\/\/schema.org\/BlogPosting\">\r\n\t\t\t\t\t\t\t\t\t\t\t<div class=\"eut-media eut-image-hover\">\r\n\t\t\t<a href=\"https:\/\/www.tauli.cat\/blogs\/neurociencies\/2018\/06\/benvinguts-bienvenids-welcome-a-nuestro-nuevo-blog\/\"><img width=\"768\" height=\"584\" src=\"https:\/\/www.tauli.cat\/blogs\/neurociencies\/wp-content\/uploads\/sites\/7\/2018\/07\/brain-2062057_1280-768x584.jpg\" class=\"attachment-medium_large size-medium_large wp-post-image\" alt=\"\" loading=\"lazy\" srcset=\"https:\/\/www.tauli.cat\/blogs\/neurociencies\/wp-content\/uploads\/sites\/7\/2018\/07\/brain-2062057_1280-768x584.jpg 768w, https:\/\/www.tauli.cat\/blogs\/neurociencies\/wp-content\/uploads\/sites\/7\/2018\/07\/brain-2062057_1280-300x228.jpg 300w, https:\/\/www.tauli.cat\/blogs\/neurociencies\/wp-content\/uploads\/sites\/7\/2018\/07\/brain-2062057_1280-1024x779.jpg 1024w, https:\/\/www.tauli.cat\/blogs\/neurociencies\/wp-content\/uploads\/sites\/7\/2018\/07\/brain-2062057_1280-600x457.jpg 600w, https:\/\/www.tauli.cat\/blogs\/neurociencies\/wp-content\/uploads\/sites\/7\/2018\/07\/brain-2062057_1280.jpg 1280w\" sizes=\"(max-width: 768px) 100vw, 768px\" \/><\/a>\r\n\t\t<\/div>\r\n\r\n\t\t\t\t\t\t\t\t\t\t\t<div class=\"eut-post-content\">\r\n\t\t\t\t\t\t\t<a href=\"https:\/\/www.tauli.cat\/blogs\/neurociencies\/2018\/06\/benvinguts-bienvenids-welcome-a-nuestro-nuevo-blog\/\" rel=\"bookmark\"><h5 class=\"eut-post-title\" itemprop=\"name headline\"><span>Benvinguts, Bienvenid@s, Welcome a nuestro nuevo blog!<\/span><\/h5><\/a>\t\t\t\t\t\t\t\t\t<span class=\"eut-hidden\">\r\n\t\t\t<span class=\"eut-structured-data\" itemprop=\"image\" itemscope itemtype=\"http:\/\/schema.org\/ImageObject\">\r\n\t\t\t   <span itemprop='url' >https:\/\/www.tauli.cat\/blogs\/neurociencies\/wp-content\/uploads\/sites\/7\/2018\/07\/brain-2062057_1280-1024x779.jpg<\/span>\r\n\t\t\t   <span itemprop='height' >1024<\/span>\r\n\t\t\t   <span itemprop='width' >779<\/span>\r\n\t\t\t<\/span>\r\n\t\t\t\t\t\t<span class=\"eut-structured-data\" itemprop=\"author\" itemscope itemtype=\"http:\/\/schema.org\/Person\">\r\n\t\t\t\t<span itemprop=\"name\">Sol Fern\u00e1ndez Gonzalo<\/span>\r\n\t\t\t<\/span>\r\n\t\t\t<span class=\"eut-structured-data\" itemprop=\"publisher\" itemscope itemtype=\"http:\/\/schema.org\/Organization\">\r\n\t\t\t\t<span itemprop='name'>Sol Fern\u00e1ndez Gonzalo<\/span>\r\n\t\t\t\t<span itemprop='logo' itemscope itemtype='http:\/\/schema.org\/ImageObject'>\r\n\t\t\t\t\t<span itemprop='url'>https:\/\/www.tauli.cat\/blogs\/neurociencies\/wp-content\/uploads\/sites\/7\/2018\/07\/Sol-Fernandez-150x150.jpg<\/span>\r\n\t\t\t\t<\/span>\r\n\t\t\t<\/span>\r\n\t\t\t\t\t\t<time class=\"eut-structured-data\" itemprop=\"datePublished\" datetime=\"2018-06-28T13:25:19+02:00\">28 de juny de 2018<\/time>\r\n\t\t\t<time class=\"eut-structured-data\" itemprop=\"dateModified\"  datetime=\"2025-01-24T14:39:01+02:00\">24 de gener de 2025<\/time>\r\n\t\t\t<span class=\"eut-structured-data\" itemprop=\"mainEntityOfPage\" itemscope itemtype=\"http:\/\/schema.org\/WebPage\" itemid=\"https:\/\/www.tauli.cat\/blogs\/neurociencies\/2018\/06\/benvinguts-bienvenids-welcome-a-nuestro-nuevo-blog\/\"><\/span>\r\n\t\t<\/span>\r\n\t\t\t\t\t\t\t\t<div class=\"eut-small-text eut-post-meta\">\r\n\t\t\t\t\t\t\t\t\t\t<div class=\"eut-post-author\">\r\n\t\t\t<span>Per: <\/span><span><a href=\"https:\/\/www.tauli.cat\/blogs\/neurociencies\/author\/msfernandez\/\" title=\"Entrades de Sol Fern\u00e1ndez Gonzalo\" rel=\"author\">Sol Fern\u00e1ndez Gonzalo<\/a><\/span>\r\n\t\t<\/div>\r\n\t\t\t\t\t\t\t\t\t<time class=\"eut-post-date\" datetime=\"2018-06-28T13:25:19+02:00\">\r\n\t\t28 de juny de 2018\t<\/time>\r\n\t\t\t\t\t\t\t\t\t\t\t\t\t\t\t<\/div>\r\n\t\t\t\t\t\t\t<div itemprop=\"articleBody\"><p>Hoy inauguramos el blog de Neurociencias-ParcTaul\u00ed-UAB, un espacio que nos permitir\u00e1 visibilizar todos los logros, eventos y acciones relacionadas con la investigaci\u00f3n e innovaci\u00f3n en Neurociencias<\/p><a class=\"eut-read-more\" href=\"https:\/\/www.tauli.cat\/blogs\/neurociencies\/2018\/06\/benvinguts-bienvenids-welcome-a-nuestro-nuevo-blog\/\"><span>LLEGIR M\u00c9S<\/span><\/a><\/div>\t\t\t\t\t\t<\/div>\r\n\t\t\t\t\t\r\n\t\t\t\t\t\t\t<\/article>\r\n\r\n\t\t\t<\/div>\r\n\t\t<\/div>\r\n[\/vc_column][\/vc_row]<\/p>\n","protected":false},"excerpt":{"rendered":"<p>[vc_row][vc_column][\/vc_column][\/vc_row]<\/p>\n","protected":false},"author":3,"featured_media":0,"parent":0,"menu_order":0,"comment_status":"closed","ping_status":"closed","template":"","meta":[],"_links":{"self":[{"href":"https:\/\/www.tauli.cat\/blogs\/neurociencies\/wp-json\/wp\/v2\/pages\/4"}],"collection":[{"href":"https:\/\/www.tauli.cat\/blogs\/neurociencies\/wp-json\/wp\/v2\/pages"}],"about":[{"href":"https:\/\/www.tauli.cat\/blogs\/neurociencies\/wp-json\/wp\/v2\/types\/page"}],"author":[{"embeddable":true,"href":"https:\/\/www.tauli.cat\/blogs\/neurociencies\/wp-json\/wp\/v2\/users\/3"}],"replies":[{"embeddable":true,"href":"https:\/\/www.tauli.cat\/blogs\/neurociencies\/wp-json\/wp\/v2\/comments?post=4"}],"version-history":[{"count":2,"href":"https:\/\/www.tauli.cat\/blogs\/neurociencies\/wp-json\/wp\/v2\/pages\/4\/revisions"}],"predecessor-version":[{"id":7,"href":"https:\/\/www.tauli.cat\/blogs\/neurociencies\/wp-json\/wp\/v2\/pages\/4\/revisions\/7"}],"wp:attachment":[{"href":"https:\/\/www.tauli.cat\/blogs\/neurociencies\/wp-json\/wp\/v2\/media?parent=4"}],"curies":[{"name":"wp","href":"https:\/\/api.w.org\/{rel}","templated":true}]}}