{"id":5,"date":"2019-12-04T17:43:38","date_gmt":"2019-12-04T15:43:38","guid":{"rendered":"http:\/\/www.tauli.cat\/blogs\/parc-tauli-saludable\/?page_id=5"},"modified":"2019-12-27T10:59:29","modified_gmt":"2019-12-27T08:59:29","slug":"home","status":"publish","type":"page","link":"https:\/\/www.tauli.cat\/blogs\/parc-tauli-saludable\/","title":{"rendered":"HOME"},"content":{"rendered":"<p>[vc_row][vc_column]\t\t<div class=\"eut-element eut-blog eut-small-media eut-non-isotope eut-without-shadow\" style=\"\" >\r\n\t\t\t<div class=\"eut-standard-container\">\r\n\t\t\t<article id=\"post-18\" class=\"eut-blog-item eut-small-post eut-non-isotope-item post-18 post type-post status-publish format-standard has-post-thumbnail hentry category-general\" itemscope itemType=\"http:\/\/schema.org\/BlogPosting\">\r\n\t\t\t\t\t\t\t\t\t\t\t<div class=\"eut-media eut-image-hover\">\r\n\t\t\t<a href=\"https:\/\/www.tauli.cat\/blogs\/parc-tauli-saludable\/2019\/12\/us-presentem-el-parc-tauli-saludable\/\"><img width=\"768\" height=\"125\" src=\"https:\/\/www.tauli.cat\/blogs\/parc-tauli-saludable\/wp-content\/uploads\/sites\/13\/2019\/12\/BannerSaludable_2-768x125.jpg\" class=\"attachment-medium_large size-medium_large wp-post-image\" alt=\"\" loading=\"lazy\" srcset=\"https:\/\/www.tauli.cat\/blogs\/parc-tauli-saludable\/wp-content\/uploads\/sites\/13\/2019\/12\/BannerSaludable_2-768x125.jpg 768w, https:\/\/www.tauli.cat\/blogs\/parc-tauli-saludable\/wp-content\/uploads\/sites\/13\/2019\/12\/BannerSaludable_2-300x49.jpg 300w, https:\/\/www.tauli.cat\/blogs\/parc-tauli-saludable\/wp-content\/uploads\/sites\/13\/2019\/12\/BannerSaludable_2.jpg 1024w, https:\/\/www.tauli.cat\/blogs\/parc-tauli-saludable\/wp-content\/uploads\/sites\/13\/2019\/12\/BannerSaludable_2-600x98.jpg 600w\" sizes=\"(max-width: 768px) 100vw, 768px\" \/><\/a>\r\n\t\t<\/div>\r\n\r\n\t\t\t\t\t\t\t\t\t\t\t<div class=\"eut-post-content\">\r\n\t\t\t\t\t\t\t<a href=\"https:\/\/www.tauli.cat\/blogs\/parc-tauli-saludable\/2019\/12\/us-presentem-el-parc-tauli-saludable\/\" rel=\"bookmark\"><h5 class=\"eut-post-title\" itemprop=\"name headline\"><span>Us presentem el Parc Taul\u00ed Saludable<\/span><\/h5><\/a>\t\t\t\t\t\t\t\t\t<span class=\"eut-hidden\">\r\n\t\t\t<span class=\"eut-structured-data\" itemprop=\"image\" itemscope itemtype=\"http:\/\/schema.org\/ImageObject\">\r\n\t\t\t   <span itemprop='url' >https:\/\/www.tauli.cat\/blogs\/parc-tauli-saludable\/wp-content\/uploads\/sites\/13\/2019\/12\/BannerSaludable_2-1024x167.jpg<\/span>\r\n\t\t\t   <span itemprop='height' >1024<\/span>\r\n\t\t\t   <span itemprop='width' >167<\/span>\r\n\t\t\t<\/span>\r\n\t\t\t\t\t\t<span class=\"eut-structured-data\" itemprop=\"author\" itemscope itemtype=\"http:\/\/schema.org\/Person\">\r\n\t\t\t\t<span itemprop=\"name\">Gema Navarro Rubio<\/span>\r\n\t\t\t<\/span>\r\n\t\t\t<span class=\"eut-structured-data\" itemprop=\"publisher\" itemscope itemtype=\"http:\/\/schema.org\/Organization\">\r\n\t\t\t\t<span itemprop='name'>Gema Navarro Rubio<\/span>\r\n\t\t\t\t<span itemprop='logo' itemscope itemtype='http:\/\/schema.org\/ImageObject'>\r\n\t\t\t\t\t<span itemprop='url'>https:\/\/www.tauli.cat\/blogs\/parc-tauli-saludable\/wp-content\/uploads\/sites\/13\/2019\/12\/Gemma-Navarro-600x600-1-150x150.jpg<\/span>\r\n\t\t\t\t<\/span>\r\n\t\t\t<\/span>\r\n\t\t\t\t\t\t<time class=\"eut-structured-data\" itemprop=\"datePublished\" datetime=\"2019-12-27T10:54:43+02:00\">27 de desembre de 2019<\/time>\r\n\t\t\t<time class=\"eut-structured-data\" itemprop=\"dateModified\"  datetime=\"2025-01-24T14:36:39+02:00\">24 de gener de 2025<\/time>\r\n\t\t\t<span class=\"eut-structured-data\" itemprop=\"mainEntityOfPage\" itemscope itemtype=\"http:\/\/schema.org\/WebPage\" itemid=\"https:\/\/www.tauli.cat\/blogs\/parc-tauli-saludable\/2019\/12\/us-presentem-el-parc-tauli-saludable\/\"><\/span>\r\n\t\t<\/span>\r\n\t\t\t\t\t\t\t\t<div class=\"eut-small-text eut-post-meta\">\r\n\t\t\t\t\t\t\t\t\t\t<div class=\"eut-post-author\">\r\n\t\t\t<span>Per: <\/span><span><a href=\"https:\/\/www.tauli.cat\/blogs\/parc-tauli-saludable\/author\/salvaro\/\" title=\"Entrades de Gema Navarro Rubio\" rel=\"author\">Gema Navarro Rubio<\/a><\/span>\r\n\t\t<\/div>\r\n\t\t\t\t\t\t\t\t\t<time class=\"eut-post-date\" datetime=\"2019-12-27T10:54:43+02:00\">\r\n\t\t27 de desembre de 2019\t<\/time>\r\n\t\t\t\t\t\t\t\t\t\t\t\t\t\t\t<\/div>\r\n\t\t\t\t\t\t\t<div itemprop=\"articleBody\"><p>Coincidint amb l&#8217;estrena d&#8217;aquest nou blog, us presentem qu\u00e8 \u00e9s el Parc Taul\u00ed Saludable i quines s\u00f3n les seves principals l\u00ednies estrat\u00e8giques.<\/p><a class=\"eut-read-more\" href=\"https:\/\/www.tauli.cat\/blogs\/parc-tauli-saludable\/2019\/12\/us-presentem-el-parc-tauli-saludable\/\"><span>LLEGIR M\u00c9S<\/span><\/a><\/div>\t\t\t\t\t\t<\/div>\r\n\t\t\t\t\t\r\n\t\t\t\t\t\t\t<\/article>\r\n\r\n\t\t\t<\/div>\r\n\t\t<\/div>\r\n[\/vc_column][\/vc_row]<\/p>\n","protected":false},"excerpt":{"rendered":"<p>[vc_row][vc_column][\/vc_column][\/vc_row]<\/p>\n","protected":false},"author":3,"featured_media":6,"parent":0,"menu_order":0,"comment_status":"closed","ping_status":"closed","template":"","meta":[],"_links":{"self":[{"href":"https:\/\/www.tauli.cat\/blogs\/parc-tauli-saludable\/wp-json\/wp\/v2\/pages\/5"}],"collection":[{"href":"https:\/\/www.tauli.cat\/blogs\/parc-tauli-saludable\/wp-json\/wp\/v2\/pages"}],"about":[{"href":"https:\/\/www.tauli.cat\/blogs\/parc-tauli-saludable\/wp-json\/wp\/v2\/types\/page"}],"author":[{"embeddable":true,"href":"https:\/\/www.tauli.cat\/blogs\/parc-tauli-saludable\/wp-json\/wp\/v2\/users\/3"}],"replies":[{"embeddable":true,"href":"https:\/\/www.tauli.cat\/blogs\/parc-tauli-saludable\/wp-json\/wp\/v2\/comments?post=5"}],"version-history":[{"count":2,"href":"https:\/\/www.tauli.cat\/blogs\/parc-tauli-saludable\/wp-json\/wp\/v2\/pages\/5\/revisions"}],"predecessor-version":[{"id":8,"href":"https:\/\/www.tauli.cat\/blogs\/parc-tauli-saludable\/wp-json\/wp\/v2\/pages\/5\/revisions\/8"}],"wp:featuredmedia":[{"embeddable":true,"href":"https:\/\/www.tauli.cat\/blogs\/parc-tauli-saludable\/wp-json\/wp\/v2\/media\/6"}],"wp:attachment":[{"href":"https:\/\/www.tauli.cat\/blogs\/parc-tauli-saludable\/wp-json\/wp\/v2\/media?parent=5"}],"curies":[{"name":"wp","href":"https:\/\/api.w.org\/{rel}","templated":true}]}}