{"id":10415,"date":"2023-08-30T13:55:05","date_gmt":"2023-08-30T11:55:05","guid":{"rendered":"https:\/\/www.tauli.cat\/institut\/?page_id=10415"},"modified":"2023-10-02T09:25:49","modified_gmt":"2023-10-02T07:25:49","slug":"empreses","status":"publish","type":"page","link":"https:\/\/www.tauli.cat\/institut\/colabora\/empreses\/","title":{"rendered":"Involucra la teva empresa i el teu personal"},"content":{"rendered":"<div class=\"wpb-content-wrapper\">[vc_row bg_type=&#8221;image&#8221; bg_image=&#8221;10416&#8243; bg_image_type=&#8221;animated&#8221; color_overlay=&#8221;dark&#8221; opacity_overlay=&#8221;40&#8243; padding_top=&#8221;60px&#8221; padding_bottom=&#8221;60px&#8221; el_class=&#8221;header-section&#8221;][vc_column][vc_raw_html el_class=&#8221;custom-breadcrumb&#8221;]JTNDZGl2JTIwY2xhc3MlM0QlMjJicmVhZGNydW1icyUyMiUyMHR5cGVvZiUzRCUyMkJyZWFkY3J1bWJMaXN0JTIyJTIwdm9jYWIlM0QlMjJodHRwcyUzQSUyRiUyRnNjaGVtYS5vcmclMkYlMjIlM0UlMEElMDklMDklMDklMDklMDklM0MlMjEtLSUyMEJyZWFkY3J1bWIlMjBOYXZYVCUyMDYuNC4wJTIwLS0lM0UlMEElM0NzcGFuJTIwcHJvcGVydHklM0QlMjJpdGVtTGlzdEVsZW1lbnQlMjIlMjB0eXBlb2YlM0QlMjJMaXN0SXRlbSUyMiUzRSUzQ2ElMjBwcm9wZXJ0eSUzRCUyMml0ZW0lMjIlMjB0eXBlb2YlM0QlMjJXZWJQYWdlJTIyJTIwdGl0bGUlM0QlMjJWJUMzJUE5cyUyMGElMjBQYXJjJTIwVGF1bCVDMyVBRCUyMEkzUFQuJTIyJTIwaHJlZiUzRCUyMmh0dHAlM0ElMkYlMkZ3d3cudGF1bGkuY2F0JTJGaW5zdGl0dXQlMjIlMjBjbGFzcyUzRCUyMmhvbWUlMjIlM0UlM0NzcGFuJTIwcHJvcGVydHklM0QlMjJuYW1lJTIyJTNFSW5pY2klM0MlMkZzcGFuJTNFJTNDJTJGYSUzRSUzQ21ldGElMjBwcm9wZXJ0eSUzRCUyMnBvc2l0aW9uJTIyJTIwY29udGVudCUzRCUyMjElMjIlM0UlM0MlMkZzcGFuJTNFJTIwJTI2Z3QlM0IlMjAlM0NzcGFuJTIwcHJvcGVydHklM0QlMjJpdGVtTGlzdEVsZW1lbnQlMjIlMjB0eXBlb2YlM0QlMjJMaXN0SXRlbSUyMiUzRSUzQ2ElMjBwcm9wZXJ0eSUzRCUyMml0ZW0lMjIlMjB0eXBlb2YlM0QlMjJXZWJQYWdlJTIyJTIwdGl0bGUlM0QlMjJWJUMzJUE5cyUyMGElMjBDb2wlQzIlQjdsYWJvcmEuJTIyJTIwaHJlZiUzRCUyMmh0dHAlM0ElMkYlMkZ3d3cudGF1bGkuY2F0JTJGaW5zdGl0dXQlMkZjb2xhYm9yYSUyRiUyMiUyMGNsYXNzJTNEJTIycG9zdCUyMHBvc3QtcGFnZSUyMiUzRSUzQ3NwYW4lMjBwcm9wZXJ0eSUzRCUyMm5hbWUlMjIlM0VDb2wlQzIlQjdsYWJvcmElM0MlMkZzcGFuJTNFJTNDJTJGYSUzRSUzQ21ldGElMjBwcm9wZXJ0eSUzRCUyMnBvc2l0aW9uJTIyJTIwY29udGVudCUzRCUyMjIlMjIlM0UlM0MlMkZzcGFuJTNFJTIwJTI2Z3QlM0IlMjAlM0NzcGFuJTIwY2xhc3MlM0QlMjJwb3N0JTIwcG9zdC1wYWdlJTIwY3VycmVudC1pdGVtJTIyJTNFQWx0cmVzJTIwbWFuZXJlcyUyMGRlJTIwY29sJUMyJUI3bGFib3JhciUzQyUyRnNwYW4lM0UlMjAlMjAlMjAlMjAlMjAlMjAlMjAlMjAlMjAlMjAlMjAlMjAlMjAlMjAlMjAlMjAlM0MlMkZkaXYlM0U=[\/vc_raw_html][vc_custom_heading source=&#8221;post_title&#8221; font_container=&#8221;tag:h1|text_align:left|color:%23ffffff&#8221; use_theme_fonts=&#8221;yes&#8221;][vc_row_inner][vc_column_inner width=&#8221;2\/3&#8243; tablet_width=&#8221;1&#8243;][vc_custom_heading text=&#8221;Involucrar la teva empresa i els teus treballadors en accions de mecenatge \u00e9s una excel\u00b7lent manera de contribuir positivament a la societat i refor\u00e7ar els valors de responsabilitat social corporativa de la teva empresa. Aqu\u00ed tens diferents opcions que pots posar en marxa a la teva empresa. &#8221; font_container=&#8221;tag:h4|text_align:left|color:%23ffffff&#8221; use_theme_fonts=&#8221;yes&#8221; css_animation=&#8221;fadeInDown&#8221; css=&#8221;.vc_custom_1696231402630{margin-bottom: 0px !important;}&#8221;][\/vc_column_inner][\/vc_row_inner][\/vc_column][\/vc_row][vc_row el_class=&#8221;donacio-rdi&#8221;][vc_column width=&#8221;2\/3&#8243;][vc_column_text css=&#8221;.vc_custom_1696231548000{margin-bottom: 60px !important;}&#8221;]\n<h3>Possibilitats de mecenatge<\/h3>\n<ol>\n<li><strong>Involucra al teu equip <\/strong><strong><br \/>\n<\/strong>Co-creeu un esdeveniment ben\u00e8fic o campanya de recaptaci\u00f3 de fons.<\/li>\n<li><strong>Fomenta que els teus clients formin part d\u2019una causa social<br \/>\n<\/strong>En el preu del teu producte, pots incloure un import per les vendes previstes que aniria destinat al mecenatge del Parc Taul\u00ed.<\/li>\n<li><strong>Fes un Teaming!<\/strong><b><br \/>\n<\/b>Incentiva el comprom\u00eds social animant al teu equip a donar suport a un dels nostres projectes a trav\u00e9s d\u2019una donaci\u00f3 mensual volunt\u00e0ria d\u20191 \u20ac de la seva n\u00f2mina, mentre que l\u2019empresa canalitza aquesta donaci\u00f3 i aporta la mateixa quantitat que els seus empleats.<\/li>\n<\/ol>\n<h3>Qu\u00e8 aconsegueixes?<\/h3>\n<p>Destaca els beneficis individuals i col\u00b7lectius d\u2019aquest tipus de participaci\u00f3, com ara l\u2019aprenentatge, el desenvolupament personal, el treball en equip i l\u2019impacte positiu en la societat.<\/p>\n<p>Junts, podem millorar el benestar de les persones i contribuir a impulsar la investigaci\u00f3 i la innovaci\u00f3 en el camp de la salut de la nostra poblaci\u00f3 de refer\u00e8ncia del Parc Taul\u00ed. Contacta\u2019ns avui mateix per obtenir m\u00e9s informaci\u00f3 i comen\u00e7ar el teu viatge organitzant un esdeveniment solidari en benefici del Parc Taul\u00ed.<\/p>\n<p>Organitza un esdeveniment solidari per al Parc Taul\u00ed avui mateix! I Canvia vides!<\/p>\n[\/vc_column_text]<div class=\"eut-element eut-image-text\" style=\"\"><div class=\"eut-image\"><img width=\"389\" height=\"293\" src=\"https:\/\/www.tauli.cat\/institut\/wp-content\/uploads\/2023\/08\/cafes-pont.jpg\" class=\"attachment-full size-full\" alt=\"\" decoding=\"async\" loading=\"lazy\" srcset=\"https:\/\/www.tauli.cat\/institut\/wp-content\/uploads\/2023\/08\/cafes-pont.jpg 389w, https:\/\/www.tauli.cat\/institut\/wp-content\/uploads\/2023\/08\/cafes-pont-300x226.jpg 300w\" sizes=\"(max-width: 389px) 100vw, 389px\" \/><\/div>  <div class=\"eut-content eut-align-left\"><h4>Caf\u00e8s Pont<\/h4>  <p>Exemple d&#8217;iniciativa<\/p>  <\/div><\/div>[\/vc_column][vc_column width=&#8221;1\/3&#8243;]<div class=\"eut-element eut-box eut-align-center\" style=\"\"><div class=\"eut-media\"><a href=\"http:\/\/www.tauli.cat\/institut\/colabora\/donacio\/?projecte=1\" target=\"_self\"><img width=\"512\" height=\"512\" src=\"https:\/\/www.tauli.cat\/institut\/wp-content\/uploads\/2020\/04\/donacion.png\" class=\"attachment-full size-full\" alt=\"\" decoding=\"async\" loading=\"lazy\" srcset=\"https:\/\/www.tauli.cat\/institut\/wp-content\/uploads\/2020\/04\/donacion.png 512w, https:\/\/www.tauli.cat\/institut\/wp-content\/uploads\/2020\/04\/donacion-300x300.png 300w, https:\/\/www.tauli.cat\/institut\/wp-content\/uploads\/2020\/04\/donacion-150x150.png 150w, https:\/\/www.tauli.cat\/institut\/wp-content\/uploads\/2020\/04\/donacion-100x100.png 100w\" sizes=\"(max-width: 512px) 100vw, 512px\" \/><\/a><\/div>  <div class=\"eut-box-content\">    <a href=\"http:\/\/www.tauli.cat\/institut\/colabora\/donacio\/?projecte=1\" target=\"_self\"><h4 class=\"eut-box-title\">Fes la teva donaci\u00f3!<\/h4>    <\/a>    <p><\/p>  <\/div><\/div>[\/vc_column][\/vc_row]\n<\/div>","protected":false},"excerpt":{"rendered":"<p>[vc_row bg_type=&#8221;image&#8221; bg_image=&#8221;10416&#8243; bg_image_type=&#8221;animated&#8221; color_overlay=&#8221;dark&#8221; opacity_overlay=&#8221;40&#8243; padding_top=&#8221;60px&#8221; padding_bottom=&#8221;60px&#8221; el_class=&#8221;header-section&#8221;][vc_column][vc_raw_html el_class=&#8221;custom-breadcrumb&#8221;]JTNDZGl2JTIwY2xhc3MlM0QlMjJicmVhZGNydW1icyUyMiUyMHR5cGVvZiUzRCUyMkJyZWFkY3J1bWJMaXN0JTIyJTIwdm9jYWIlM0QlMjJodHRwcyUzQSUyRiUyRnNjaGVtYS5vcmclMkYlMjIlM0UlMEElMDklMDklMDklMDklMDklM0MlMjEtLSUyMEJyZWFkY3J1bWIlMjBOYXZYVCUyMDYuNC4wJTIwLS0lM0UlMEElM0NzcGFuJTIwcHJvcGVydHklM0QlMjJpdGVtTGlzdEVsZW1lbnQlMjIlMjB0eXBlb2YlM0QlMjJMaXN0SXRlbSUyMiUzRSUzQ2ElMjBwcm9wZXJ0eSUzRCUyMml0ZW0lMjIlMjB0eXBlb2YlM0QlMjJXZWJQYWdlJTIyJTIwdGl0bGUlM0QlMjJWJUMzJUE5cyUyMGElMjBQYXJjJTIwVGF1bCVDMyVBRCUyMEkzUFQuJTIyJTIwaHJlZiUzRCUyMmh0dHAlM0ElMkYlMkZ3d3cudGF1bGkuY2F0JTJGaW5zdGl0dXQlMjIlMjBjbGFzcyUzRCUyMmhvbWUlMjIlM0UlM0NzcGFuJTIwcHJvcGVydHklM0QlMjJuYW1lJTIyJTNFSW5pY2klM0MlMkZzcGFuJTNFJTNDJTJGYSUzRSUzQ21ldGElMjBwcm9wZXJ0eSUzRCUyMnBvc2l0aW9uJTIyJTIwY29udGVudCUzRCUyMjElMjIlM0UlM0MlMkZzcGFuJTNFJTIwJTI2Z3QlM0IlMjAlM0NzcGFuJTIwcHJvcGVydHklM0QlMjJpdGVtTGlzdEVsZW1lbnQlMjIlMjB0eXBlb2YlM0QlMjJMaXN0SXRlbSUyMiUzRSUzQ2ElMjBwcm9wZXJ0eSUzRCUyMml0ZW0lMjIlMjB0eXBlb2YlM0QlMjJXZWJQYWdlJTIyJTIwdGl0bGUlM0QlMjJWJUMzJUE5cyUyMGElMjBDb2wlQzIlQjdsYWJvcmEuJTIyJTIwaHJlZiUzRCUyMmh0dHAlM0ElMkYlMkZ3d3cudGF1bGkuY2F0JTJGaW5zdGl0dXQlMkZjb2xhYm9yYSUyRiUyMiUyMGNsYXNzJTNEJTIycG9zdCUyMHBvc3QtcGFnZSUyMiUzRSUzQ3NwYW4lMjBwcm9wZXJ0eSUzRCUyMm5hbWUlMjIlM0VDb2wlQzIlQjdsYWJvcmElM0MlMkZzcGFuJTNFJTNDJTJGYSUzRSUzQ21ldGElMjBwcm9wZXJ0eSUzRCUyMnBvc2l0aW9uJTIyJTIwY29udGVudCUzRCUyMjIlMjIlM0UlM0MlMkZzcGFuJTNFJTIwJTI2Z3QlM0IlMjAlM0NzcGFuJTIwY2xhc3MlM0QlMjJwb3N0JTIwcG9zdC1wYWdlJTIwY3VycmVudC1pdGVtJTIyJTNFQWx0cmVzJTIwbWFuZXJlcyUyMGRlJTIwY29sJUMyJUI3bGFib3JhciUzQyUyRnNwYW4lM0UlMjAlMjAlMjAlMjAlMjAlMjAlMjAlMjAlMjAlMjAlMjAlMjAlMjAlMjAlMjAlMjAlM0MlMkZkaXYlM0U=[\/vc_raw_html][vc_custom_heading source=&#8221;post_title&#8221; font_container=&#8221;tag:h1|text_align:left|color:%23ffffff&#8221; use_theme_fonts=&#8221;yes&#8221;][vc_row_inner][vc_column_inner width=&#8221;2\/3&#8243; tablet_width=&#8221;1&#8243;][vc_custom_heading text=&#8221;Involucrar la teva empresa i els teus treballadors en accions de mecenatge \u00e9s una excel\u00b7lent manera de contribuir positivament a la societat i refor\u00e7ar els valors de responsabilitat social corporativa de la teva empresa. Aqu\u00ed tens diferents opcions que pots [&hellip;]<\/p>\n","protected":false},"author":1,"featured_media":0,"parent":569,"menu_order":0,"comment_status":"closed","ping_status":"closed","template":"","meta":[],"_links":{"self":[{"href":"https:\/\/www.tauli.cat\/institut\/wp-json\/wp\/v2\/pages\/10415"}],"collection":[{"href":"https:\/\/www.tauli.cat\/institut\/wp-json\/wp\/v2\/pages"}],"about":[{"href":"https:\/\/www.tauli.cat\/institut\/wp-json\/wp\/v2\/types\/page"}],"author":[{"embeddable":true,"href":"https:\/\/www.tauli.cat\/institut\/wp-json\/wp\/v2\/users\/1"}],"replies":[{"embeddable":true,"href":"https:\/\/www.tauli.cat\/institut\/wp-json\/wp\/v2\/comments?post=10415"}],"version-history":[{"count":6,"href":"https:\/\/www.tauli.cat\/institut\/wp-json\/wp\/v2\/pages\/10415\/revisions"}],"predecessor-version":[{"id":10675,"href":"https:\/\/www.tauli.cat\/institut\/wp-json\/wp\/v2\/pages\/10415\/revisions\/10675"}],"up":[{"embeddable":true,"href":"https:\/\/www.tauli.cat\/institut\/wp-json\/wp\/v2\/pages\/569"}],"wp:attachment":[{"href":"https:\/\/www.tauli.cat\/institut\/wp-json\/wp\/v2\/media?parent=10415"}],"curies":[{"name":"wp","href":"https:\/\/api.w.org\/{rel}","templated":true}]}}