{"id":10421,"date":"2023-08-30T13:58:42","date_gmt":"2023-08-30T11:58:42","guid":{"rendered":"https:\/\/www.tauli.cat\/institut\/?page_id=10421"},"modified":"2023-10-02T09:28:27","modified_gmt":"2023-10-02T07:28:27","slug":"herencies","status":"publish","type":"page","link":"https:\/\/www.tauli.cat\/institut\/colabora\/herencies\/","title":{"rendered":"Deixa la teva empremta a trav\u00e9s d\u2019her\u00e8ncies"},"content":{"rendered":"<div class=\"wpb-content-wrapper\">[vc_row bg_type=&#8221;image&#8221; bg_image=&#8221;10424&#8243; bg_image_type=&#8221;animated&#8221; color_overlay=&#8221;dark&#8221; opacity_overlay=&#8221;40&#8243; padding_top=&#8221;60px&#8221; padding_bottom=&#8221;60px&#8221; el_class=&#8221;header-section&#8221;][vc_column][vc_raw_html el_class=&#8221;custom-breadcrumb&#8221;]JTNDZGl2JTIwY2xhc3MlM0QlMjJicmVhZGNydW1icyUyMiUyMHR5cGVvZiUzRCUyMkJyZWFkY3J1bWJMaXN0JTIyJTIwdm9jYWIlM0QlMjJodHRwcyUzQSUyRiUyRnNjaGVtYS5vcmclMkYlMjIlM0UlMEElMDklMDklMDklMDklMDklM0MlMjEtLSUyMEJyZWFkY3J1bWIlMjBOYXZYVCUyMDYuNC4wJTIwLS0lM0UlMEElM0NzcGFuJTIwcHJvcGVydHklM0QlMjJpdGVtTGlzdEVsZW1lbnQlMjIlMjB0eXBlb2YlM0QlMjJMaXN0SXRlbSUyMiUzRSUzQ2ElMjBwcm9wZXJ0eSUzRCUyMml0ZW0lMjIlMjB0eXBlb2YlM0QlMjJXZWJQYWdlJTIyJTIwdGl0bGUlM0QlMjJWJUMzJUE5cyUyMGElMjBQYXJjJTIwVGF1bCVDMyVBRCUyMEkzUFQuJTIyJTIwaHJlZiUzRCUyMmh0dHAlM0ElMkYlMkZ3d3cudGF1bGkuY2F0JTJGaW5zdGl0dXQlMjIlMjBjbGFzcyUzRCUyMmhvbWUlMjIlM0UlM0NzcGFuJTIwcHJvcGVydHklM0QlMjJuYW1lJTIyJTNFSW5pY2klM0MlMkZzcGFuJTNFJTNDJTJGYSUzRSUzQ21ldGElMjBwcm9wZXJ0eSUzRCUyMnBvc2l0aW9uJTIyJTIwY29udGVudCUzRCUyMjElMjIlM0UlM0MlMkZzcGFuJTNFJTIwJTI2Z3QlM0IlMjAlM0NzcGFuJTIwcHJvcGVydHklM0QlMjJpdGVtTGlzdEVsZW1lbnQlMjIlMjB0eXBlb2YlM0QlMjJMaXN0SXRlbSUyMiUzRSUzQ2ElMjBwcm9wZXJ0eSUzRCUyMml0ZW0lMjIlMjB0eXBlb2YlM0QlMjJXZWJQYWdlJTIyJTIwdGl0bGUlM0QlMjJWJUMzJUE5cyUyMGElMjBDb2wlQzIlQjdsYWJvcmEuJTIyJTIwaHJlZiUzRCUyMmh0dHAlM0ElMkYlMkZ3d3cudGF1bGkuY2F0JTJGaW5zdGl0dXQlMkZjb2xhYm9yYSUyRiUyMiUyMGNsYXNzJTNEJTIycG9zdCUyMHBvc3QtcGFnZSUyMiUzRSUzQ3NwYW4lMjBwcm9wZXJ0eSUzRCUyMm5hbWUlMjIlM0VDb2wlQzIlQjdsYWJvcmElM0MlMkZzcGFuJTNFJTNDJTJGYSUzRSUzQ21ldGElMjBwcm9wZXJ0eSUzRCUyMnBvc2l0aW9uJTIyJTIwY29udGVudCUzRCUyMjIlMjIlM0UlM0MlMkZzcGFuJTNFJTIwJTI2Z3QlM0IlMjAlM0NzcGFuJTIwY2xhc3MlM0QlMjJwb3N0JTIwcG9zdC1wYWdlJTIwY3VycmVudC1pdGVtJTIyJTNFUmVjZXJjYSUyMGklMjBpbm5vdmFjaSVDMyVCMyUyMHBlciUyMGNvbWJhdHJlJTIwbGElMjBDT1ZJRC0xOSUzQyUyRnNwYW4lM0UlMjAlMjAlMjAlMjAlMjAlMjAlMjAlMjAlMjAlMjAlMjAlMjAlMjAlMjAlMjAlMjAlM0MlMkZkaXYlM0U=[\/vc_raw_html][vc_custom_heading source=&#8221;post_title&#8221; font_container=&#8221;tag:h1|text_align:left|color:%23ffffff&#8221; use_theme_fonts=&#8221;yes&#8221;][vc_row_inner][vc_column_inner width=&#8221;2\/3&#8243; tablet_width=&#8221;1&#8243;][vc_custom_heading text=&#8221;Descobreix els detalls de com gestionar her\u00e8ncies i llegats en favor del Parc Taul\u00ed. T\u2019oferim informaci\u00f3 b\u00e0sica sobre els procediments legals i els avantatges fiscals associats a aquest tipus de donacions.&#8221; font_container=&#8221;tag:h4|text_align:left|color:%23ffffff&#8221; use_theme_fonts=&#8221;yes&#8221; css_animation=&#8221;fadeInDown&#8221; css=&#8221;.vc_custom_1696231620935{margin-bottom: 0px !important;}&#8221;][\/vc_column_inner][\/vc_row_inner][\/vc_column][\/vc_row][vc_row el_class=&#8221;donacio-rdi&#8221;][vc_column width=&#8221;2\/3&#8243;][vc_column_text]\n<h3>Possibilitats de mecenatge<\/h3>\n<ol>\n<li><strong>Informa\u2019t amb un notari sobre el proc\u00e9s de fer una her\u00e8ncia o llegat al Parc Taul\u00ed<br \/>\n<\/strong>Et recomanem que t\u2019assessoris amb un advocat o un notari especialitzat en successions i patrimoni per garantir que els teus desitjos siguin respectats i els teus actius es distribueixin segons la teva voluntat.<\/li>\n<li><strong>Redacta el testament identificant i designant de manera clara el beneficiari del llegat<br \/>\n<\/strong>Destinatari del llegat: Fundaci\u00f3 Institut d\u2019Investigaci\u00f3 i Innovaci\u00f3 Parc Taul\u00ed<br \/>\nDomicili social: Pla\u00e7a Torre de l\u2019Aigua s\/n, 08208 Sabadell (Barcelona)<br \/>\nCIF G60331238<\/li>\n<li><strong>Si tens requisits o condicions especials per a la teva donaci\u00f3, \u00e9s important especificar-les clarament en el teu testament o document de llegat<br \/>\n<\/strong>Aquest pas t\u2019ajudar\u00e0 a descriure les restriccions o les condicions espec\u00edfiques que desitges establir per a la teva donaci\u00f3.<\/li>\n<\/ol>\n<p>Si tens preguntes o necessites m\u00e9s informaci\u00f3 sobre com realitzar una her\u00e8ncia o llegat al Parc Taul\u00ed, pots posar-te en contacte amb el nostre equip de mecenatge al tel\u00e8fon 93 723 66 73. Estarem encantats d\u2019ajudar-te i proporcionar-te l\u2019assist\u00e8ncia necess\u00e0ria en aquest proc\u00e9s.<\/p>\n<h3>Qu\u00e8 aconsegueixes?<\/h3>\n<p>Realitzar una her\u00e8ncia o llegat al teu Parc Taul\u00ed permet contribuir de manera significativa al seu desenvolupament i millora. Amb aquest gest, ajudes a finan\u00e7ar projectes i iniciatives clau per a l\u2019hospital, com ara l\u2019adquisici\u00f3 d\u2019equipament m\u00e8dic avan\u00e7at, la investigaci\u00f3 cient\u00edfica o la millora de les instal\u00b7lacions per proporcionar una atenci\u00f3 m\u00e8dica de qualitat. El teu llegat pot deixar un impacte durador en la salut i el benestar de la comunitat, donant suport a la innovaci\u00f3 i la excel\u00b7l\u00e8ncia en l\u2019\u00e0mbit de la medicina.[\/vc_column_text][\/vc_column][vc_column width=&#8221;1\/3&#8243;]<div class=\"eut-element eut-box eut-align-center\" style=\"\"><div class=\"eut-media\"><a href=\"http:\/\/www.tauli.cat\/institut\/colabora\/donacio\/?projecte=1\" target=\"_self\"><img width=\"512\" height=\"512\" src=\"https:\/\/www.tauli.cat\/institut\/wp-content\/uploads\/2020\/04\/donacion.png\" class=\"attachment-full size-full\" alt=\"\" decoding=\"async\" loading=\"lazy\" srcset=\"https:\/\/www.tauli.cat\/institut\/wp-content\/uploads\/2020\/04\/donacion.png 512w, https:\/\/www.tauli.cat\/institut\/wp-content\/uploads\/2020\/04\/donacion-300x300.png 300w, https:\/\/www.tauli.cat\/institut\/wp-content\/uploads\/2020\/04\/donacion-150x150.png 150w, https:\/\/www.tauli.cat\/institut\/wp-content\/uploads\/2020\/04\/donacion-100x100.png 100w\" sizes=\"(max-width: 512px) 100vw, 512px\" \/><\/a><\/div>  <div class=\"eut-box-content\">    <a href=\"http:\/\/www.tauli.cat\/institut\/colabora\/donacio\/?projecte=1\" target=\"_self\"><h4 class=\"eut-box-title\">Fes la teva donaci\u00f3!<\/h4>    <\/a>    <p><\/p>  <\/div><\/div>[\/vc_column][\/vc_row]\n<\/div>","protected":false},"excerpt":{"rendered":"<p>[vc_row bg_type=&#8221;image&#8221; bg_image=&#8221;10424&#8243; bg_image_type=&#8221;animated&#8221; color_overlay=&#8221;dark&#8221; opacity_overlay=&#8221;40&#8243; padding_top=&#8221;60px&#8221; padding_bottom=&#8221;60px&#8221; el_class=&#8221;header-section&#8221;][vc_column][vc_raw_html el_class=&#8221;custom-breadcrumb&#8221;]JTNDZGl2JTIwY2xhc3MlM0QlMjJicmVhZGNydW1icyUyMiUyMHR5cGVvZiUzRCUyMkJyZWFkY3J1bWJMaXN0JTIyJTIwdm9jYWIlM0QlMjJodHRwcyUzQSUyRiUyRnNjaGVtYS5vcmclMkYlMjIlM0UlMEElMDklMDklMDklMDklMDklM0MlMjEtLSUyMEJyZWFkY3J1bWIlMjBOYXZYVCUyMDYuNC4wJTIwLS0lM0UlMEElM0NzcGFuJTIwcHJvcGVydHklM0QlMjJpdGVtTGlzdEVsZW1lbnQlMjIlMjB0eXBlb2YlM0QlMjJMaXN0SXRlbSUyMiUzRSUzQ2ElMjBwcm9wZXJ0eSUzRCUyMml0ZW0lMjIlMjB0eXBlb2YlM0QlMjJXZWJQYWdlJTIyJTIwdGl0bGUlM0QlMjJWJUMzJUE5cyUyMGElMjBQYXJjJTIwVGF1bCVDMyVBRCUyMEkzUFQuJTIyJTIwaHJlZiUzRCUyMmh0dHAlM0ElMkYlMkZ3d3cudGF1bGkuY2F0JTJGaW5zdGl0dXQlMjIlMjBjbGFzcyUzRCUyMmhvbWUlMjIlM0UlM0NzcGFuJTIwcHJvcGVydHklM0QlMjJuYW1lJTIyJTNFSW5pY2klM0MlMkZzcGFuJTNFJTNDJTJGYSUzRSUzQ21ldGElMjBwcm9wZXJ0eSUzRCUyMnBvc2l0aW9uJTIyJTIwY29udGVudCUzRCUyMjElMjIlM0UlM0MlMkZzcGFuJTNFJTIwJTI2Z3QlM0IlMjAlM0NzcGFuJTIwcHJvcGVydHklM0QlMjJpdGVtTGlzdEVsZW1lbnQlMjIlMjB0eXBlb2YlM0QlMjJMaXN0SXRlbSUyMiUzRSUzQ2ElMjBwcm9wZXJ0eSUzRCUyMml0ZW0lMjIlMjB0eXBlb2YlM0QlMjJXZWJQYWdlJTIyJTIwdGl0bGUlM0QlMjJWJUMzJUE5cyUyMGElMjBDb2wlQzIlQjdsYWJvcmEuJTIyJTIwaHJlZiUzRCUyMmh0dHAlM0ElMkYlMkZ3d3cudGF1bGkuY2F0JTJGaW5zdGl0dXQlMkZjb2xhYm9yYSUyRiUyMiUyMGNsYXNzJTNEJTIycG9zdCUyMHBvc3QtcGFnZSUyMiUzRSUzQ3NwYW4lMjBwcm9wZXJ0eSUzRCUyMm5hbWUlMjIlM0VDb2wlQzIlQjdsYWJvcmElM0MlMkZzcGFuJTNFJTNDJTJGYSUzRSUzQ21ldGElMjBwcm9wZXJ0eSUzRCUyMnBvc2l0aW9uJTIyJTIwY29udGVudCUzRCUyMjIlMjIlM0UlM0MlMkZzcGFuJTNFJTIwJTI2Z3QlM0IlMjAlM0NzcGFuJTIwY2xhc3MlM0QlMjJwb3N0JTIwcG9zdC1wYWdlJTIwY3VycmVudC1pdGVtJTIyJTNFUmVjZXJjYSUyMGklMjBpbm5vdmFjaSVDMyVCMyUyMHBlciUyMGNvbWJhdHJlJTIwbGElMjBDT1ZJRC0xOSUzQyUyRnNwYW4lM0UlMjAlMjAlMjAlMjAlMjAlMjAlMjAlMjAlMjAlMjAlMjAlMjAlMjAlMjAlMjAlMjAlM0MlMkZkaXYlM0U=[\/vc_raw_html][vc_custom_heading source=&#8221;post_title&#8221; font_container=&#8221;tag:h1|text_align:left|color:%23ffffff&#8221; use_theme_fonts=&#8221;yes&#8221;][vc_row_inner][vc_column_inner width=&#8221;2\/3&#8243; tablet_width=&#8221;1&#8243;][vc_custom_heading text=&#8221;Descobreix els detalls de com gestionar her\u00e8ncies i llegats en favor del Parc Taul\u00ed. T\u2019oferim informaci\u00f3 b\u00e0sica sobre els procediments legals i els avantatges fiscals associats a aquest tipus de donacions.&#8221; font_container=&#8221;tag:h4|text_align:left|color:%23ffffff&#8221; use_theme_fonts=&#8221;yes&#8221; css_animation=&#8221;fadeInDown&#8221; css=&#8221;.vc_custom_1696231620935{margin-bottom: 0px !important;}&#8221;][\/vc_column_inner][\/vc_row_inner][\/vc_column][\/vc_row][vc_row el_class=&#8221;donacio-rdi&#8221;][vc_column width=&#8221;2\/3&#8243;][vc_column_text] Possibilitats [&hellip;]<\/p>\n","protected":false},"author":1,"featured_media":0,"parent":569,"menu_order":0,"comment_status":"closed","ping_status":"closed","template":"","meta":[],"_links":{"self":[{"href":"https:\/\/www.tauli.cat\/institut\/wp-json\/wp\/v2\/pages\/10421"}],"collection":[{"href":"https:\/\/www.tauli.cat\/institut\/wp-json\/wp\/v2\/pages"}],"about":[{"href":"https:\/\/www.tauli.cat\/institut\/wp-json\/wp\/v2\/types\/page"}],"author":[{"embeddable":true,"href":"https:\/\/www.tauli.cat\/institut\/wp-json\/wp\/v2\/users\/1"}],"replies":[{"embeddable":true,"href":"https:\/\/www.tauli.cat\/institut\/wp-json\/wp\/v2\/comments?post=10421"}],"version-history":[{"count":5,"href":"https:\/\/www.tauli.cat\/institut\/wp-json\/wp\/v2\/pages\/10421\/revisions"}],"predecessor-version":[{"id":10677,"href":"https:\/\/www.tauli.cat\/institut\/wp-json\/wp\/v2\/pages\/10421\/revisions\/10677"}],"up":[{"embeddable":true,"href":"https:\/\/www.tauli.cat\/institut\/wp-json\/wp\/v2\/pages\/569"}],"wp:attachment":[{"href":"https:\/\/www.tauli.cat\/institut\/wp-json\/wp\/v2\/media?parent=10421"}],"curies":[{"name":"wp","href":"https:\/\/api.w.org\/{rel}","templated":true}]}}