{"id":109,"date":"2019-11-05T13:01:03","date_gmt":"2019-11-05T12:01:03","guid":{"rendered":"http:\/\/www.tauli.cat\/institut\/?page_id=109"},"modified":"2026-02-23T13:05:05","modified_gmt":"2026-02-23T12:05:05","slug":"cancer","status":"publish","type":"page","link":"https:\/\/www.tauli.cat\/institut\/recerca\/arees\/cancer\/","title":{"rendered":"C\u00e0ncer"},"content":{"rendered":"<div class=\"wpb-content-wrapper\">[vc_row section_id=&#8221;custom-top-tabs&#8221;][vc_column][vc_column_text el_class=&#8221;top-tabs&#8221;]\n<ul>\n<li data-hash=\"sobre\">Sobre l&#8217;\u00e0rea<\/li>\n<li data-hash=\"grups\">Grups<\/li>\n<\/ul>\n[\/vc_column_text][\/vc_column][\/vc_row][vc_row el_class=&#8221;custom-top-tabs-content&#8221;][vc_column width=&#8221;2\/3&#8243;][vc_column_text]L&#8217;\u00e0rea de recerca en C\u00e0ncer s&#8217;ha estructurat en tres pilars diferenciats: la recerca cl\u00ednica, la recerca traslacional de laboratori i la innovaci\u00f3 en diagn\u00f2stic i tractament del c\u00e0ncer.<\/p>\n<p>Dins de la cl\u00ednica, en aquests moments podem trobar quatre l\u00ednies de recerca que tenen a veure amb el volum d&#8217;incid\u00e8ncia i prevalen\u00e7a de la malaltia neopl\u00e0sica, com s\u00f3n: c\u00e0ncer de mama, c\u00e0ncer de pulm\u00f3, tumors urol\u00f2gics i tumors gastrointestinals. Cadascuna d&#8217;elles est\u00e0 conformada per professionals que es dediquen al diagn\u00f2stic, tractament i seguiment de la neopl\u00e0sia espec\u00edfica.<\/p>\n<p>En totes les l\u00ednies hi ha una \u00e0mplia experi\u00e8ncia en la realitzaci\u00f3 d&#8217;estudis nacionals i internacionals. Molts dels integrants pertanyen a diferents societats cient\u00edfiques nacionals i internacionals, la qual cosa els permet estar en contacte amb els \u00faltims avan\u00e7os cient\u00edfics. En aquests moments s&#8217;est\u00e0 treballant per a augmentar el nombre espec\u00edfic de l\u00ednies de recerca cl\u00ednica.<\/p>\n<p>Dins de la recerca traslacional, l&#8217;objectiu s&#8217;ha marcat en l&#8217;estudi a nivell cel\u00b7lular i molecular del c\u00e0ncer amb particular inter\u00e8s en la identificaci\u00f3 de nous biomarcadors que ens permetin predir la superviv\u00e8ncia dels nostres pacients afectes de c\u00e0ncer en els seus diferents tipus i estadis, aix\u00ed com adequar el tractament d&#8217;una forma m\u00e9s personalitzada. Tamb\u00e9 s&#8217;est\u00e0 treballant per a augmentar la cooperaci\u00f3 amb tots aquells professionals que estan investigant en alguna mena de c\u00e0ncer.<\/p>\n<p>Finalment, des del grup d&#8217;innovaci\u00f3 en c\u00e0ncer s&#8217;est\u00e0 investigant en diverses l\u00ednies estrat\u00e8giques per al desenvolupament de noves eines de diagn\u00f2stic i de tractament mitjan\u00e7ant les noves tecnologies amb potencial aplicaci\u00f3 en salut.<\/p>\n<h3>L\u00ednies estrat\u00e8giques de l&#8217;\u00e0rea<\/h3>\n<ul style=\"list-style-type: square;\">\n<li>Recerca de noves ter\u00e0pies oncol\u00f2giques.<\/li>\n<li>Estudi de biomarcadors implicats en el pron\u00f2stic i la predicci\u00f3 de l&#8217;efic\u00e0cia dels tractaments oncol\u00f2gics.<\/li>\n<li>Recerca de noves eines de diagn\u00f2stic basades en la intel\u00b7lig\u00e8ncia artificial.<\/li>\n<\/ul>\n[\/vc_column_text][\/vc_column][vc_column width=&#8221;1\/3&#8243;]\r\n\t\t<div class=\"eut-team eut-element team\" style=\"\">\r\n\t\t\t<figure>\r\n\t\t\t\t\t\t\t\t<div class=\"eut-team-person eut-media eut-align-center\">\r\n\t\t\t\t\t<img width=\"550\" height=\"673\" src=\"https:\/\/www.tauli.cat\/institut\/wp-content\/uploads\/2020\/04\/miquel-angel-segui.jpg\" class=\"attachment-large size-large\" alt=\"\" decoding=\"async\" loading=\"lazy\" srcset=\"https:\/\/www.tauli.cat\/institut\/wp-content\/uploads\/2020\/04\/miquel-angel-segui.jpg 550w, https:\/\/www.tauli.cat\/institut\/wp-content\/uploads\/2020\/04\/miquel-angel-segui-245x300.jpg 245w\" sizes=\"(max-width: 550px) 100vw, 550px\" \/>\t\t\t\t<\/div>\r\n\t\t\t\t\t\t\t\t<figcaption>\r\n\t\t\t\t\t<div class=\"eut-team-description eut-align-center\">\r\n\t\t\t\t\t\t<div class=\"eut-team-identity eut-subtitle\">Coordinaci\u00f3 d&#039;\u00e0rea<\/div>\r\n\t\t\t\t\t\t\t\t\t\t\t\t<h5 class=\"eut-team-name\">Miquel \u00c0ngel Segu\u00ed<\/h5>\r\n\t\t\t\t\t\t\t\t\t\t\t\t\t\t\t\t\t\t<p class=\"eut-team-content\"><a href=\"mailto:msegui@tauli.cat\">msegui@tauli.cat<\/a><\/p>\r\n\t\t\t\t\t\t\t\t\t\t\t<\/div>\r\n\t\t\t\t\t\t\t\t\t<\/figcaption>\r\n\t\t\t<\/figure>\r\n\t\t<\/div>\r\n\r\n\t\t[\/vc_column][\/vc_row][vc_row el_class=&#8221;custom-top-tabs-content&#8221;][vc_column][vc_tta_tour][vc_tta_section title=&#8221;Grup A1G4 &#8211; Investigaci\u00f3 biom\u00e8dica en c\u00e0ncer&#8221; tab_id=&#8221;grup-recerca-biomedica-cancer&#8221;]<div class=\"eut-element eut-image eut-animated-item eut-fadeInLeft eut-align-center\" style=\"\" data-delay=\"200\"><img width=\"1200\" height=\"550\" src=\"https:\/\/www.tauli.cat\/institut\/wp-content\/uploads\/2021\/12\/a12g4-grup-recerca-i3pt.jpg\" class=\"attachment-full size-full\" alt=\"\" decoding=\"async\" loading=\"lazy\" srcset=\"https:\/\/www.tauli.cat\/institut\/wp-content\/uploads\/2021\/12\/a12g4-grup-recerca-i3pt.jpg 1200w, https:\/\/www.tauli.cat\/institut\/wp-content\/uploads\/2021\/12\/a12g4-grup-recerca-i3pt-300x138.jpg 300w, https:\/\/www.tauli.cat\/institut\/wp-content\/uploads\/2021\/12\/a12g4-grup-recerca-i3pt-768x352.jpg 768w, https:\/\/www.tauli.cat\/institut\/wp-content\/uploads\/2021\/12\/a12g4-grup-recerca-i3pt-600x275.jpg 600w\" sizes=\"(max-width: 1200px) 100vw, 1200px\" \/><\/div>[vc_column_text css=&#8221;&#8221;]\n<h2 class=\"article-title\">Grup A1G4 &#8211; Investigaci\u00f3 biom\u00e8dica en c\u00e0ncer<\/h2>\n<p class=\"nivell-acreditacio\">Nivell d&#8217;acreditaci\u00f3: <strong>Grup consolidat<\/strong><\/p>\n<p>La incid\u00e8ncia del c\u00e0ncer experimenta un increment progressiu a nivell mundial, a m\u00e9s de constituir una de les primeres causes de mort en el nostre entorn. La import\u00e0ncia de disposar de nous coneixements cap al comportament de la malaltia constitueix un repte d&#8217;una evident rellev\u00e0ncia.<\/p>\n<p>El grup de Recerca biom\u00e8dica en c\u00e0ncer \u00e9s un grup de llarga traject\u00f2ria investigadora cl\u00ednica. Est\u00e0 constitu\u00eft per professionals de diferents especialitats m\u00e8diques i quir\u00fargiques, la qual cosa permet afrontar la recerca en c\u00e0ncer de manera multidisciplin\u00e0ria i global, abordant els factors pron\u00f2stics, cl\u00ednics i moleculars del c\u00e0ncer, aix\u00ed com desenvolupar noves opcions de tractament. En concret, el grup treballa en l&#8217;estudi de nous f\u00e0rmacs i ter\u00e0pies per als c\u00e0ncers de mama, d&#8217;ovari, de cap i coll, de pulm\u00f3, digestiu, i de tiroides.<\/p>\n<p>El grup participa amb societats i grups nacionals i internacionals, com SEOM, GEICAM, SOGUG, TTD, GEMCAD i EORTC, la qual cosa permet desenvolupar projectes en un \u00e0mbit ampli amb el qual s&#8217;aconsegueixen resultats amb alt grau d&#8217;evid\u00e8ncia.<\/p>\n<h4>L\u00ednies d\u2019Investigaci\u00f3<\/h4>\n<ul style=\"list-style-type: square;\">\n<li>Recerca en f\u00e0rmacs nous i ter\u00e0pies eficaces en pacients amb c\u00e0ncer.<\/li>\n<li>Estudi de biomarcadors implicats en el pron\u00f2stic i la predicci\u00f3 de l&#8217;efic\u00e0cia dels tractaments.<\/li>\n<li>Cerca de tractament de suport per als pacients amb c\u00e0ncer: cures pal\u00b7liatives i millora dels efectes secundaris del tractament.<\/li>\n<li>Eines de valoraci\u00f3 oncogeri\u00e0trica. Definici\u00f3 i avaluaci\u00f3 de la seva efic\u00e0cia i el seu impacte sobre la qualitat de vida dels pacients.<\/li>\n<\/ul>\n<h3>Composici\u00f3 del grup<\/h3>\n<p><span class=\"notranslate\"><strong>Enrique Gallardo Diaz <\/strong>(cap de grup)<br \/>\n<strong>Elsa Dalmau P\u00f3rtulas<\/strong> (co-cap de grup)<\/span>[\/vc_column_text][vc_row_inner][vc_column_inner width=&#8221;1\/2&#8243;][vc_column_text css=&#8221;&#8221;]\n<h4>Personal investigador doctor<\/h4>\n<ul style=\"list-style-type: disc;\">\n<li><span class=\"notranslate\">Bejarano Gonz\u00e1lez, Natalia<\/span><\/li>\n<li>Casta\u00f1er Gonz\u00e1lez, Eva<\/li>\n<li><span class=\"notranslate\">Fern\u00e1ndez Morales, Lu\u00eds Antonio<\/span><\/li>\n<li><span class=\"notranslate\">Garcia Borobia, Francisco Javier<\/span><\/li>\n<li><span class=\"notranslate\">Garcia Monforte, Neus<\/span><\/li>\n<li>Medarde Ferrer, Meritxell<\/li>\n<li><span class=\"notranslate\">Mu\u00f1oz Rodr\u00edguez, Jes\u00fas<\/span><\/li>\n<li>Papaleo, Natalia<\/li>\n<li>Querol Ni\u00f1erola, Rosa<\/li>\n<li>Requ\u00e9s Llano, Armando<\/li>\n<li><span class=\"notranslate\">Segu\u00ed Palmer, Miquel \u00c0ngel<\/span><\/li>\n<\/ul>\n[\/vc_column_text][\/vc_column_inner][vc_column_inner width=&#8221;1\/2&#8243;][vc_column_text css=&#8221;&#8221;]\n<h4>Predoctorals<\/h4>\n<ul style=\"list-style-type: disc;\">\n<li>Dom\u00ednguez Garc\u00eda, Arturo<\/li>\n<li>Hannaoui Hadi, Naim<\/li>\n<li>Vilaseca Creus, Xavier<\/li>\n<\/ul>\n[\/vc_column_text][\/vc_column_inner][\/vc_row_inner][vc_row_inner][vc_column_inner width=&#8221;1\/2&#8243;][vc_column_text css=&#8221;&#8221;]\n<h4>Personal investigador no doctor<\/h4>\n<ul>\n<li>Aparicio Rodr\u00edguez, \u00d3scar<\/li>\n<li>Bonfill Abella, Teresa<\/li>\n<li>Llort Pursals, Gemma<\/li>\n<li>Medina Argen\u00ed, Sandra<\/li>\n<li>Nogales Herranz, Sara<\/li>\n<li>Ribera Fern\u00e1ndez, Paula<\/li>\n<li>Ribot Luna, Laia<\/li>\n<li>Vil\u00e0 Mart\u00ednez, Laia<\/li>\n<\/ul>\n[\/vc_column_text][\/vc_column_inner][vc_column_inner width=&#8221;1\/2&#8243;][vc_column_text el_class=&#8221;llista-desplegable&#8221;]\n<h4>Professionals associats<\/h4>\n<ul style=\"list-style-type: disc;\">\n<li><span class=\"notranslate\">Andreu Magarolas, Marta<\/span><\/li>\n<li><span class=\"notranslate\">Barcons Vilaplana, Santi<\/span><\/li>\n<li><span class=\"notranslate\">Cabrera Romero, Jos\u00e9 Manuel<\/span><\/li>\n<li><span class=\"notranslate\">Gallardo Cistar\u00e9, Xavier<\/span><\/li>\n<li><span class=\"notranslate\">Giner Joaquin, J\u00falia<\/span><\/li>\n<li>L\u00f3pez Mestres, Aida<\/li>\n<li><span class=\"notranslate\">Malet Munt\u00e9, Antoni<\/span><\/li>\n<li><span class=\"notranslate\">Nogueiras P\u00e9rez, Rosa<\/span><\/li>\n<li><span class=\"notranslate\">P\u00e9rez Riverola, V\u00edctor<\/span><\/li>\n<li><span class=\"notranslate\">Prenafeta Moreno, Mario<\/span><\/li>\n<li><span class=\"notranslate\">Puig Domingo, Jordi<\/span><\/li>\n<li><span class=\"notranslate\">Ribot Berenguer, Teresa<\/span><\/li>\n<\/ul>\n[\/vc_column_text][\/vc_column_inner][\/vc_row_inner][\/vc_tta_section][vc_tta_section title=&#8221;Grup A1G5 &#8211; Investigaci\u00f3 Molecular i Traslacional en C\u00e0ncer&#8221; tab_id=&#8221;grup-investigacio-molecular-cancer&#8221;]<div class=\"eut-element eut-image eut-animated-item eut-fadeInLeft eut-align-center\" style=\"\" data-delay=\"200\"><img width=\"2560\" height=\"1518\" src=\"https:\/\/www.tauli.cat\/institut\/wp-content\/uploads\/2023\/10\/FotoTona_v2-scaled.jpg\" class=\"attachment-full size-full\" alt=\"\" decoding=\"async\" loading=\"lazy\" srcset=\"https:\/\/www.tauli.cat\/institut\/wp-content\/uploads\/2023\/10\/FotoTona_v2-scaled.jpg 2560w, https:\/\/www.tauli.cat\/institut\/wp-content\/uploads\/2023\/10\/FotoTona_v2-300x178.jpg 300w, https:\/\/www.tauli.cat\/institut\/wp-content\/uploads\/2023\/10\/FotoTona_v2-1200x712.jpg 1200w, https:\/\/www.tauli.cat\/institut\/wp-content\/uploads\/2023\/10\/FotoTona_v2-768x455.jpg 768w, https:\/\/www.tauli.cat\/institut\/wp-content\/uploads\/2023\/10\/FotoTona_v2-600x356.jpg 600w, https:\/\/www.tauli.cat\/institut\/wp-content\/uploads\/2023\/10\/FotoTona_v2-1536x911.jpg 1536w, https:\/\/www.tauli.cat\/institut\/wp-content\/uploads\/2023\/10\/FotoTona_v2-1920x1139.jpg 1920w\" sizes=\"(max-width: 2560px) 100vw, 2560px\" \/><\/div>[vc_column_text]\n<h2 class=\"article-title\">Grup A1G5 &#8211; Investigaci\u00f3 Molecular i Traslacional en C\u00e0ncer<\/h2>\n<p class=\"nivell-acreditacio\">Nivell d&#8217;acreditaci\u00f3: <strong>Grup emergent\u00a0<\/strong><\/p>\n[\/vc_column_text][vc_row_inner][vc_column_inner]<div class=\"eut-element eut-box-icon eut-align-center eut-medium\" style=\"\"><div class=\"eut-image-icon\"><img width=\"317\" height=\"159\" src=\"https:\/\/www.tauli.cat\/institut\/wp-content\/uploads\/2020\/10\/agaur.jpg\" class=\"attachment-full size-full\" alt=\"\" decoding=\"async\" loading=\"lazy\" srcset=\"https:\/\/www.tauli.cat\/institut\/wp-content\/uploads\/2020\/10\/agaur.jpg 317w, https:\/\/www.tauli.cat\/institut\/wp-content\/uploads\/2020\/10\/agaur-300x150.jpg 300w\" sizes=\"(max-width: 317px) 100vw, 317px\" \/><\/div>  <div class=\"eut-box-content\">    <p class=\"\">2017 SGR 473<\/p>  <\/div><\/div>[\/vc_column_inner][\/vc_row_inner][vc_column_text css=&#8221;&#8221;]El grup de Recerca Molecular i Traslacional en C\u00e0ncer porta a terme diversos projectes que tenen com a objectiu la investigaci\u00f3 a nivell cel\u00b7lular i molecular del c\u00e0ncer amb particular inter\u00e8s en la recerca de biomarcadors pel diagn\u00f2stic, pron\u00f2stic i predicci\u00f3 de resposta al tractament.<\/p>\n<p>La finalitat es que els resultats d\u2019aquesta investigaci\u00f3 es puguin traslladar a la pr\u00e0ctica cl\u00ednica i poder oferir als pacients oncol\u00f2gics, un tractament m\u00e9s personalitzat i adequat per cada tipus de tumor.<\/p>\n<p>El grup est\u00e0 integrat per investigadors postdoctorals i predoctorals, majorit\u00e0riament del departament de patologia del nostre Hospital. A m\u00e9s compta amb estretes col\u00b7laboracions internes i externes amb investigadors de diversos grups de prestigi, la qual cosa permet un abordatge multidisplinar dels projectes de recerca.<\/p>\n<h4>L\u00ednies d\u2019Investigaci\u00f3<\/h4>\n<ul>\n<li>Caracteritzaci\u00f3 clinicopatol\u00f3gica i molecular del c\u00e0ncer de tiroides.<\/li>\n<li>Recerca en nous biomarcadors per al diagn\u00f2stic i el pron\u00f2stic del c\u00e0ncer de c\u00f2lon.<\/li>\n<li>Recerca en gen\u00f2mica del c\u00e0ncer de pulm\u00f3.<\/li>\n<li>Caracteritzaci\u00f3 clinicopatol\u00f3gica i molecular del carcinoma d&#8217;endometri i ovari.<\/li>\n<\/ul>\n<h3>Composici\u00f3 del grup<\/h3>\n<p><span class=\"notranslate\"><strong>Adri\u00e0 Asensi Puig<\/strong> (cap de grup) |\u00a0 <a href=\"https:\/\/orcid.org\/0000-0002-2764-4768\">ORCID<\/a><\/span>[\/vc_column_text][vc_row_inner][vc_column_inner width=&#8221;1\/2&#8243;][vc_column_text]<strong>Personal investigador doctor<\/strong><\/p>\n<ul>\n<li>Costa Trachsel, Irmgard<\/li>\n<li>Ferreres Pi\u00f1as. Joan Carles<\/li>\n<\/ul>\n[\/vc_column_text][\/vc_column_inner][vc_column_inner width=&#8221;1\/2&#8243;][vc_column_text css=&#8221;&#8221;]\n<h4>Predoctorals<\/h4>\n<ul>\n<li>Onieva Carbajo, Ricard<\/li>\n<li>Papaleo, Natalia<\/li>\n<\/ul>\n[\/vc_column_text][\/vc_column_inner][\/vc_row_inner][vc_row_inner][vc_column_inner width=&#8221;1\/2&#8243;][vc_column_text css=&#8221;&#8221;]<strong>Personal investigador no doctor<\/strong><\/p>\n<ul>\n<li>Aguirre Neira, Fabiana In\u00e9s<\/li>\n<li>Carreras Salas, Ruben<\/li>\n<li>Escoda Giralt, Maria Rosa<\/li>\n<li>Parra Parente, Tamara<\/li>\n<li>Pi\u00f1ol Ball\u00fas, David<\/li>\n<li>Requ\u00e9s Llano, Armando<\/li>\n<\/ul>\n[\/vc_column_text][\/vc_column_inner][vc_column_inner width=&#8221;1\/2&#8243;][vc_column_text css=&#8221;&#8221;]\n<h4>Professionals associats<\/h4>\n<ul>\n<li><span class=\"notranslate\">S\u00e1ez Artacho, Empar<\/span><\/li>\n<\/ul>\n[\/vc_column_text][\/vc_column_inner][\/vc_row_inner][\/vc_tta_section][\/vc_tta_tour][\/vc_column][\/vc_row]\n<\/div>","protected":false},"excerpt":{"rendered":"<p>[vc_row section_id=&#8221;custom-top-tabs&#8221;][vc_column][vc_column_text el_class=&#8221;top-tabs&#8221;] Sobre l&#8217;\u00e0rea Grups [\/vc_column_text][\/vc_column][\/vc_row][vc_row el_class=&#8221;custom-top-tabs-content&#8221;][vc_column width=&#8221;2\/3&#8243;][vc_column_text]L&#8217;\u00e0rea de recerca en C\u00e0ncer s&#8217;ha estructurat en tres pilars diferenciats: la recerca cl\u00ednica, la recerca traslacional de laboratori i la innovaci\u00f3 en diagn\u00f2stic i tractament del c\u00e0ncer. Dins de la cl\u00ednica, en aquests moments podem trobar quatre l\u00ednies de recerca que tenen a veure amb el [&hellip;]<\/p>\n","protected":false},"author":12,"featured_media":2158,"parent":87,"menu_order":0,"comment_status":"closed","ping_status":"closed","template":"","meta":[],"_links":{"self":[{"href":"https:\/\/www.tauli.cat\/institut\/wp-json\/wp\/v2\/pages\/109"}],"collection":[{"href":"https:\/\/www.tauli.cat\/institut\/wp-json\/wp\/v2\/pages"}],"about":[{"href":"https:\/\/www.tauli.cat\/institut\/wp-json\/wp\/v2\/types\/page"}],"author":[{"embeddable":true,"href":"https:\/\/www.tauli.cat\/institut\/wp-json\/wp\/v2\/users\/12"}],"replies":[{"embeddable":true,"href":"https:\/\/www.tauli.cat\/institut\/wp-json\/wp\/v2\/comments?post=109"}],"version-history":[{"count":155,"href":"https:\/\/www.tauli.cat\/institut\/wp-json\/wp\/v2\/pages\/109\/revisions"}],"predecessor-version":[{"id":22068,"href":"https:\/\/www.tauli.cat\/institut\/wp-json\/wp\/v2\/pages\/109\/revisions\/22068"}],"up":[{"embeddable":true,"href":"https:\/\/www.tauli.cat\/institut\/wp-json\/wp\/v2\/pages\/87"}],"wp:featuredmedia":[{"embeddable":true,"href":"https:\/\/www.tauli.cat\/institut\/wp-json\/wp\/v2\/media\/2158"}],"wp:attachment":[{"href":"https:\/\/www.tauli.cat\/institut\/wp-json\/wp\/v2\/media?parent=109"}],"curies":[{"name":"wp","href":"https:\/\/api.w.org\/{rel}","templated":true}]}}