{"id":132,"date":"2019-11-05T17:45:28","date_gmt":"2019-11-05T16:45:28","guid":{"rendered":"http:\/\/www.tauli.cat\/institut\/?page_id=132"},"modified":"2023-11-24T13:14:02","modified_gmt":"2023-11-24T12:14:02","slug":"grups-de-recerca-agaur","status":"publish","type":"page","link":"https:\/\/www.tauli.cat\/institut\/recerca\/grups-de-recerca-agaur\/","title":{"rendered":"Grups de recerca AGAUR"},"content":{"rendered":"<div class=\"wpb-content-wrapper\">[vc_row][vc_column width=&#8221;1\/4&#8243;]<div class=\"eut-element eut-image eut-align-center\" style=\"\"><a href=\"http:\/\/agaur.gencat.cat\/es\/inici\/\" target=\"_blank\"><img width=\"220\" height=\"100\" src=\"https:\/\/www.tauli.cat\/institut\/wp-content\/uploads\/2019\/11\/AGAUR.gif\" class=\"attachment-full size-full\" alt=\"\" decoding=\"async\" loading=\"lazy\" \/><\/a><\/div>[\/vc_column][vc_column width=&#8221;3\/4&#8243;][vc_column_text]\n<h4>Grups de recerca reconeguts per la Generalitat de Catalunya SGR<\/h4>\n[\/vc_column_text][\/vc_column][\/vc_row][vc_row][vc_column][vc_column_text]\n<h3>SGR 2021<\/h3>\n[\/vc_column_text][\/vc_column][\/vc_row][vc_row][vc_column width=&#8221;1\/3&#8243;][vc_column_text]<strong>Coordinador:<\/strong> Xavier Calvet<br \/>\n<strong>Nom del grup: <\/strong>Grup de recerca en inflamaci\u00f3 gastrointestinal i malalties hep\u00e0tiques (GRIGMH)<br \/>\n<strong>Expedient:<\/strong> 2021 SGR 01183 GRC[\/vc_column_text][\/vc_column][vc_column width=&#8221;1\/3&#8243;][vc_column_text]<strong>Coordinador:<\/strong> Candelaria de Haro<br \/>\n<strong>Nom del grup: <\/strong>RECII: Recerca traslacional en fisiopatologia associada a la malaltia cr\u00edtica<br \/>\n<strong>Expedient:<\/strong> 2021 SGR 01376 GRC[\/vc_column_text][\/vc_column][vc_column width=&#8221;1\/3&#8243;][vc_column_text]<strong>Coordinador:<\/strong> Diego Palao<br \/>\n<strong>Nom del grup:<\/strong> e-Mental health, prevenci\u00f3 i epidemiologia en malalties neuropsiqui\u00e0triques (e-MH-PEMN)<br \/>\n<strong>Expedient:<\/strong> 2021 SGR 01431 GRC[\/vc_column_text][\/vc_column][\/vc_row][vc_row][vc_column width=&#8221;1\/3&#8243;][vc_column_text]<strong>Coordinador:<\/strong> Oriol Gasch<br \/>\n<strong>Nom del grup:<\/strong> Grup d&#8217;estudi de les infeccions comunit\u00e0ries i associades a l&#8217;assist\u00e8ncia sanit\u00e0ria (GrEICAAS)<br \/>\n<strong>Expedient:<\/strong> 2021 SGR 01439 GRC[\/vc_column_text][\/vc_column][vc_column width=&#8221;1\/3&#8243;][vc_column_text]<strong>Coordinador:<\/strong> Mercedes Rigla<br \/>\n<strong>Nom del grup: <\/strong>Endocrinologia, diabetis i metabolisme<br \/>\n<strong>Expedient:<\/strong> 2021 SGR 00703 GRC[\/vc_column_text][\/vc_column][vc_column width=&#8221;1\/3&#8243;][vc_column_text]<strong>Coordinador:<\/strong> Joan Calvet<br \/>\n<strong>Nom del grup:<\/strong> RhEumatic Disorders Biomarkers Research (REDBIR)<br \/>\n<strong>Expedient:<\/strong> 2021 SGR 01363 GRC[\/vc_column_text][\/vc_column][\/vc_row][vc_row][vc_column width=&#8221;1\/3&#8243;][vc_column_text]<strong>Coordinador: <\/strong>Manel Luj\u00e1n<br \/>\n<strong>Nom del grup:<\/strong> Grup de recerca interinstitucional en malalties respirat\u00f2ries Metropolitana Nord de Barcelona (RESPINORD) IGTP-I3PT<br \/>\n<strong>Expedient:<\/strong> 2021 SGR 01547 GRC[\/vc_column_text][\/vc_column][vc_column width=&#8221;1\/3&#8243;][vc_column_text]<strong>Coordinador:<\/strong> Xavier Serra<br \/>\n<strong>Nom del grup:<\/strong> Grup de recerca de cirurgia minimament invasiva del c\u00e0ncer de recte (COLOPROCTO-TAULI)<br \/>\n<strong>Expedient:<\/strong> 2021 SGR 01580 GRC[\/vc_column_text][\/vc_column][vc_column width=&#8221;1\/3&#8243;][vc_column_text]<strong>Coordinador:<\/strong> Javier Labad &#8211; Itziar Montalvo (Consorci Sanitari del Maresme &#8211; I3PT)<br \/>\n<strong>Nom del grup:<\/strong> Psiconeuroendocrinologia i estr\u00e8s en psicosi (PSICPNEC)<br \/>\n<strong>Expedient:<\/strong> 2021 SGR 00789 GRC[\/vc_column_text][\/vc_column][\/vc_row][vc_row][vc_column width=&#8221;1\/3&#8243;][vc_column_text]<strong>Coordinador:<\/strong> Ester Risco<br \/>\n<strong>Nom del grup:<\/strong> Grup de recerca infermera Taul\u00ed per cuidar, atraure i transformar (RIT-CAT)<br \/>\n<strong>Expedient:<\/strong> 2021 SGR 01542 GRE[\/vc_column_text][\/vc_column][vc_column width=&#8221;1\/3&#8243;][vc_column_text]<strong>Coordinador:<\/strong> Ana Roche<br \/>\n<strong>Nom del grup:<\/strong> Pediatric rare diseases group Taul\u00ed (PEDRAT).<br \/>\n<strong>Expedient:<\/strong> 2021 SGR 01307 GRE[\/vc_column_text][\/vc_column][vc_column width=&#8221;1\/3&#8243;][vc_column_text]<strong>Coordinador:<\/strong> Xavier Pelfort<br \/>\n<strong>Nom del grup:<\/strong> Grup de recerca de l&#8217;aparell locomotor (ApLoc)<br \/>\n<strong>Expedient:<\/strong> 2021 SGR 01372 GRE[\/vc_column_text][\/vc_column][\/vc_row][vc_row][vc_column][vc_column_text]\n<h3>SGR 2017<\/h3>\n[\/vc_column_text][\/vc_column][\/vc_row][vc_row][vc_column width=&#8221;1\/3&#8243;][vc_column_text]<strong>Coordinador:<\/strong> Llu\u00eds Blanch<br \/>\n<strong>Nom del grup:<\/strong> Recerca traslacional en fisiopatologia associada al malalt cr\u00edtic.<br \/>\n<strong>Expedient:<\/strong> Expedient: 2017 SGR 955[\/vc_column_text][\/vc_column][vc_column width=&#8221;1\/3&#8243;][vc_column_text]<strong>Coordinador:<\/strong> Xavier Labad<br \/>\n<strong>Nom del grup:<\/strong> Psiconeuroendocrinologia i estr\u00e8s en Psicosis (PSICPNEC).<br \/>\n<strong>Expedient:<\/strong> 2017 SGR 632[\/vc_column_text][\/vc_column][vc_column width=&#8221;1\/3&#8243;][vc_column_text]<strong>Coordinador:<\/strong> Eduard Mons\u00f3<br \/>\n<strong>Nom del grup:<\/strong> Grup de recerca interinstitucional en malalties respirat\u00f2ries Metropolitana Nord de Barcelona (RESPINORD-BCN).<br \/>\n<strong>Expedient:<\/strong> 2017 SGR 716[\/vc_column_text][\/vc_column][\/vc_row][vc_row][vc_column width=&#8221;1\/3&#8243;][vc_column_text]<strong>Coordinador:<\/strong> Narc\u00eds Cardoner<br \/>\n<strong>Nom del grup:<\/strong> Cognitive Neuroscience&amp;Affective Disorders (CNAD).<br \/>\n<strong>Expedient:<\/strong> 2017 SGR 1292[\/vc_column_text][\/vc_column][vc_column width=&#8221;1\/3&#8243;][vc_column_text]<strong>Coordinador:<\/strong> Diego Palao<br \/>\n<strong>Nom del grup:<\/strong> E-Mental Health, prevenci\u00f3 i epidemiologia en malalties neuropsiqui\u00e0triques.<br \/>\n<strong>Expedient:<\/strong> 2017 SGR 1412[\/vc_column_text][\/vc_column][vc_column width=&#8221;1\/3&#8243;][vc_column_text]<strong>Coordinador:<\/strong> Oriol Gasch<br \/>\n<strong>Nom del grup:<\/strong> Grup d\u2019estudi de les infeccions comunit\u00e0ries i associades a l\u2019assist\u00e8ncia sanit\u00e0ria.<br \/>\n<strong>Expedient:<\/strong> 2017 SGR 677[\/vc_column_text][\/vc_column][\/vc_row][vc_row][vc_column width=&#8221;1\/3&#8243;][vc_column_text]<strong>Coordinador:<\/strong> Mercedes Rigla<br \/>\n<strong>Nom del grup:<\/strong> Endocrinologia, diabetis i metabolisme.<br \/>\n<strong>Expedient:<\/strong> 2017 SGR 923[\/vc_column_text][\/vc_column][vc_column width=&#8221;1\/3&#8243;][vc_column_text]<strong>Coordinador:<\/strong> Xavier Calvet<br \/>\n<strong>Nom del grup:<\/strong> Grup de Recerca en Inflamaci\u00f3 Gastrointestinal i Malalties Hep\u00e0tiques.<br \/>\n<strong>Expedient:<\/strong> 2017 SGR 853[\/vc_column_text][\/vc_column][vc_column width=&#8221;1\/3&#8243;][vc_column_text]<strong>Coordinador:<\/strong> M\u00aa Rosa Bella<br \/>\n<strong>Nom del grup:<\/strong> Grup de Recerca en C\u00e0ncer de Tiroide.<br \/>\n<strong>Expedient:<\/strong> 2017 SGR 473[\/vc_column_text][\/vc_column][\/vc_row][vc_row][vc_column width=&#8221;1\/3&#8243;][vc_column_text]<strong>Coordinador:<\/strong> Xavier Serra<br \/>\n<strong>Nom del grup:<\/strong> Grup de Recerca de cirurgia m\u00ednimament invasiva del c\u00e0ncer de recte TEO\/NOTES (COLOPROCTO-TAULI).<br \/>\n<strong>Expedient:<\/strong> 2017 SGR 299[\/vc_column_text][\/vc_column][vc_column width=&#8221;1\/3&#8243;][vc_column_text]<strong>Coordinador:<\/strong> M\u00aa Llu\u00efsa Bar\u00e9<br \/>\n<strong>Nom del grup:<\/strong> Cronicitat i Salut P\u00fablica-CRiSP.<br \/>\n<strong>Expedient:<\/strong> 2017 SGR 622[\/vc_column_text][\/vc_column][vc_column width=&#8221;1\/3&#8243;][\/vc_column][\/vc_row]\n<\/div>","protected":false},"excerpt":{"rendered":"<p>[vc_row][vc_column width=&#8221;1\/4&#8243;][\/vc_column][vc_column width=&#8221;3\/4&#8243;][vc_column_text] Grups de recerca reconeguts per la Generalitat de Catalunya SGR [\/vc_column_text][\/vc_column][\/vc_row][vc_row][vc_column][vc_column_text] SGR 2021 [\/vc_column_text][\/vc_column][\/vc_row][vc_row][vc_column width=&#8221;1\/3&#8243;][vc_column_text]Coordinador: Xavier Calvet Nom del grup: Grup de recerca en inflamaci\u00f3 gastrointestinal i malalties hep\u00e0tiques (GRIGMH) Expedient: 2021 SGR 01183 GRC[\/vc_column_text][\/vc_column][vc_column width=&#8221;1\/3&#8243;][vc_column_text]Coordinador: Candelaria de Haro Nom del grup: RECII: Recerca traslacional en fisiopatologia associada a la malaltia cr\u00edtica [&hellip;]<\/p>\n","protected":false},"author":12,"featured_media":0,"parent":2911,"menu_order":0,"comment_status":"closed","ping_status":"closed","template":"","meta":[],"_links":{"self":[{"href":"https:\/\/www.tauli.cat\/institut\/wp-json\/wp\/v2\/pages\/132"}],"collection":[{"href":"https:\/\/www.tauli.cat\/institut\/wp-json\/wp\/v2\/pages"}],"about":[{"href":"https:\/\/www.tauli.cat\/institut\/wp-json\/wp\/v2\/types\/page"}],"author":[{"embeddable":true,"href":"https:\/\/www.tauli.cat\/institut\/wp-json\/wp\/v2\/users\/12"}],"replies":[{"embeddable":true,"href":"https:\/\/www.tauli.cat\/institut\/wp-json\/wp\/v2\/comments?post=132"}],"version-history":[{"count":15,"href":"https:\/\/www.tauli.cat\/institut\/wp-json\/wp\/v2\/pages\/132\/revisions"}],"predecessor-version":[{"id":11707,"href":"https:\/\/www.tauli.cat\/institut\/wp-json\/wp\/v2\/pages\/132\/revisions\/11707"}],"up":[{"embeddable":true,"href":"https:\/\/www.tauli.cat\/institut\/wp-json\/wp\/v2\/pages\/2911"}],"wp:attachment":[{"href":"https:\/\/www.tauli.cat\/institut\/wp-json\/wp\/v2\/media?parent=132"}],"curies":[{"name":"wp","href":"https:\/\/api.w.org\/{rel}","templated":true}]}}