{"id":144,"date":"2019-11-05T18:26:46","date_gmt":"2019-11-05T17:26:46","guid":{"rendered":"http:\/\/www.tauli.cat\/institut\/?page_id=144"},"modified":"2024-07-22T15:02:51","modified_gmt":"2024-07-22T13:02:51","slug":"plataformes-cientifiques","status":"publish","type":"page","link":"https:\/\/www.tauli.cat\/institut\/plataformes-i-serveis\/plataformes-cientifiques\/","title":{"rendered":"Plataformes cient\u00edfiques"},"content":{"rendered":"<div class=\"wpb-content-wrapper\">[vc_row section_id=&#8221;custom-top-tabs&#8221;][vc_column][vc_column_text el_class=&#8221;top-tabs&#8221;]\n<ul>\n<li data-hash=\"presentacio\">Presentaci\u00f3<\/li>\n<li data-hash=\"serveis\">Serveis<\/li>\n<li data-hash=\"contacte\">Contacte<\/li>\n<\/ul>\n[\/vc_column_text][\/vc_column][\/vc_row][vc_row el_class=&#8221;custom-top-tabs-content&#8221;][vc_column width=&#8221;2\/3&#8243;][vc_column_text]La Unitat Cientificot\u00e8cnica (UCT) fomenta que els investigadors tinguin acc\u00e9s a tecnologies sofisticades que no disposen tots els centres cient\u00edfics. Ha estat impulsada gr\u00e0cies a l\u2019adquisici\u00f3 d\u2019equipament finan\u00e7at per la Fundaci\u00f3 Parc Taul\u00ed i amb fons competitius FEDER de la Uni\u00f3 Europea.<\/p>\n<p>Els serveis cientificot\u00e8cnics tenen l\u2019objectiu de centralitzar tecnologies i equipament, afavorir l\u2019acc\u00e9s dels investigadors a tecnologies avan\u00e7ades, serveis que, d&#8217;altra banda, els grups de recerca per si sols no es podrien costejar, i incrementar l\u2019\u00fas de l\u2019equipament disponible.<\/p>\n<p>Fins ara aquests serveis han estat d\u2019\u00fas intern per als professionals de la instituci\u00f3. Actualment, l&#8217;oferta s&#8217;ha obert a professionals externs de centres p\u00fablics i privats.[\/vc_column_text][\/vc_column][vc_column width=&#8221;1\/3&#8243;]\r\n\t\t<div class=\"eut-team eut-element team\" style=\"\">\r\n\t\t\t<figure>\r\n\t\t\t\t\t\t\t\t<div class=\"eut-team-person eut-media eut-align-center\">\r\n\t\t\t\t\t<img width=\"550\" height=\"673\" src=\"https:\/\/www.tauli.cat\/institut\/wp-content\/uploads\/2019\/11\/i3pt-nestor-albinana.jpg\" class=\"attachment-large size-large\" alt=\"\" decoding=\"async\" loading=\"lazy\" srcset=\"https:\/\/www.tauli.cat\/institut\/wp-content\/uploads\/2019\/11\/i3pt-nestor-albinana.jpg 550w, https:\/\/www.tauli.cat\/institut\/wp-content\/uploads\/2019\/11\/i3pt-nestor-albinana-245x300.jpg 245w\" sizes=\"(max-width: 550px) 100vw, 550px\" \/>\t\t\t\t<\/div>\r\n\t\t\t\t\t\t\t\t<figcaption>\r\n\t\t\t\t\t<div class=\"eut-team-description eut-align-center\">\r\n\t\t\t\t\t\t<div class=\"eut-team-identity eut-subtitle\">Coordinador<\/div>\r\n\t\t\t\t\t\t\t\t\t\t\t\t<h5 class=\"eut-team-name\">N\u00e9stor Albi\u00f1ana Gim\u00e9nez<\/h5>\r\n\t\t\t\t\t\t\t\t\t\t\t\t\t\t\t\t\t\t<p class=\"eut-team-content\"><a href=\"mailto:nalbinana@tauli.cat\">nalbinana@tauli.cat<\/a><\/p>\r\n\t\t\t\t\t\t\t\t\t\t\t<\/div>\r\n\t\t\t\t\t\t\t\t\t<\/figcaption>\r\n\t\t\t<\/figure>\r\n\t\t<\/div>\r\n\r\n\t\t[\/vc_column][\/vc_row][vc_row el_class=&#8221;custom-top-tabs-content&#8221;][vc_column][vc_tta_tour][vc_tta_section title=&#8221;An\u00e0lisi gen\u00e8tica&#8221; tab_id=&#8221;servei-analisi-genetica&#8221;][vc_column_text]\n<h2 class=\"article-title-subweb\">Servei d&#8217;an\u00e0lisi gen\u00e8tica<\/h2>\n<p>L&#8217;an\u00e0lisi gen\u00e8tica permet caracteritzar \u00e0cids nucleics, tant per seq\u00fcenciaci\u00f3 com per fragments. Disposem d&#8217;un analitzaci\u00f3 gen\u00e8tic ABI PRISM 3130 d&#8217;Applied Biosystems de 4 capil\u00b7lars.<\/p>\n<p>Aplicacions:<\/p>\n<ul>\n<li>Seq\u00fcenciaci\u00f3 de novo de seq\u00fc\u00e8ncies de tot tipus<\/li>\n<li>An\u00e0lisi de fragments d&#8217;ADN marcats amb fluoresc\u00e8ncia<\/li>\n<li>An\u00e0lisi de microsat\u00e8l\u00b7lits marcats amb fluoresc\u00e8ncia<\/li>\n<li>Detecci\u00f3 de mutacions per canvi de mobilitat<\/li>\n<li>An\u00e0lisi de mutacions puntuals (SNPs)<\/li>\n<\/ul>\n<ul>\n<li class=\"icon-list link\">\n<h4><a href=\"https:\/\/www.tauli.cat\/institut\/i3pt\/tarifes\/#cientificotecnics\">Tarifes del servei<\/a><\/h4>\n<\/li>\n<\/ul>\n<h3>Sol\u00b7licitud de servei<\/h3>\n<ul>\n<li class=\"icon-list solicitud\"><a href=\"https:\/\/www.tauli.cat\/institut\/wp-content\/uploads\/2020\/11\/D-CT-SC03_SIGen\u00e8tica_v05.doc\">Sol\u00b7licitud de servei per a professionals de l&#8217;I3PT<\/a><\/li>\n<li class=\"icon-list solicitud\"><a href=\"https:\/\/www.tauli.cat\/institut\/wp-content\/uploads\/2020\/11\/D-CT-SC01_Alta-usuari-extern_v04.doc\">Sol\u00b7licitud d&#8217;alta per a usuaris externs i esfera UAB<\/a><\/li>\n<li class=\"icon-list solicitud\"><a href=\"https:\/\/www.tauli.cat\/institut\/wp-content\/uploads\/2020\/11\/D-CT-SC04_SEGen\u00e8tica_v04.doc\">Sol\u00b7licitud de servei per a usuaris externs i esfera UAB<\/a><\/li>\n<\/ul>\n<p>Heu d\u2019enviar la sol\u00b7licitud emplenada i signada per correu, electr\u00f2nic o postal, o fax a:<\/p>\n<p style=\"padding-left: 40px;\"><strong>N\u00e9stor Albi\u00f1ana<\/strong><br \/>\nCoordinador de la Unitat Cientificot\u00e8cnica<\/p>\n<p style=\"padding-left: 40px;\">Fundaci\u00f3 Institut d&#8217;Investigaci\u00f3 i Innovaci\u00f3 Parc Taul\u00ed<br \/>\nPla\u00e7a Torre de l&#8217;Aigua, s\/n,<br \/>\n08208 Sabadell<\/p>\n<ul>\n<li style=\"list-style-type: none;\">\n<ul>\n<li class=\"icon-list phone\">93 723 10 10 ext. 22077<\/li>\n<li class=\"icon-list fax\">93 717 50 67<\/li>\n<li class=\"icon-list mail\"><a href=\"mailto:nalbinana@tauli.cat\">nalbinana@tauli.cat<\/a><\/li>\n<\/ul>\n<\/li>\n<\/ul>\n[\/vc_column_text][\/vc_tta_section][vc_tta_section title=&#8221;An\u00e0lisi de biomarcadors per immunoassaig&#8221; tab_id=&#8221;servei-analisi-biomarcadors-immunoassaig&#8221;][vc_column_text]\n<h2>Servei d&#8217;an\u00e0lisi de biomarcadors per immunoassaig<\/h2>\n<p>L&#8217;equip \u00e9s un analitzador flexible basat en els principis de la citometria de flux. Permet analitzar simult\u00e0niament fins a 100 analits (citocines, prote\u00efnes, DNA, entre altres) en un sol pouet de mostra usant volums de mostra molt petits. El sistema proporciona de manera r\u00e0pida i eficient dades de bioassaigs de diferents formats, incloent immunoassaigs, assaigs enzim\u00e0tics, assaigs de lligands i assaigs amb \u00e0cids nucleics.<\/p>\n<p>\u00c9s la combinaci\u00f3 de tres tecnologies. La primera s\u00f3n les microesferes xMAP: una fam\u00edlia de 100 microesferes (5,6 \u00b5m de di\u00e0metre) de poliestir\u00e8 tenyides fluorescentment, que actuen alhora com identificador i com a superf\u00edcie s\u00f2lida on es produeix l\u2019assaig. La segona \u00e9s un instrument de citometria de flux, que integra sistemes de detecci\u00f3 com \u00f2ptiques, l\u00e0sers, flu\u00eddics i processadors de senyals digitals d\u2019alta velocitat. La tercera \u00e9s el software dissenyat per al processament de les dades i un robust an\u00e0lisi de regressi\u00f3.<\/p>\n<h4>Equipament<\/h4>\n<ul>\n<li>Luminex 200.<\/li>\n<\/ul>\n<h4>Aplicacions<\/h4>\n<ul>\n<li>An\u00e0lisi d\u2019expressi\u00f3 de prote\u00efnes: marcadors cel\u00b7lulars, marcadors de c\u00e0ncer, card\u00edacs, metab\u00f2lics, citocines, metal\u00b7loproteases, entre altres.<\/li>\n<li>An\u00e0lisi gen\u00e8tica: genotipat, an\u00e0lisi d\u2019expressi\u00f3 g\u00e8nica, entre altres.<\/li>\n<li>Diagn\u00f2stic d\u2019enfemetats gen\u00e8tiques: fibrosi qu\u00edstica, citocrom 450, entre altres.<\/li>\n<li>Immunodiagn\u00f2stic: al\u00b7l\u00e8rgies, malalties autoimmunes, HLA, entre altres.<\/li>\n<\/ul>\n<ul>\n<li class=\"icon-list link\">\n<h4><a href=\"https:\/\/www.tauli.cat\/institut\/i3pt\/tarifes\/#cientificotecnics\">Tarifes del servei<\/a><\/h4>\n<\/li>\n<\/ul>\n<h3>Sol\u00b7licitud de servei<\/h3>\n<ul>\n<li class=\"icon-list solicitud\"><a href=\"https:\/\/www.tauli.cat\/institut\/wp-content\/uploads\/2020\/11\/D-CT-SC05_SILuminex_v05.doc\" target=\"_blank\" rel=\"noopener noreferrer\">Sol\u00b7licitud de servei per a professionals de l&#8217;I3PT<\/a><\/li>\n<li class=\"icon-list solicitud\"><a href=\"https:\/\/www.tauli.cat\/institut\/wp-content\/uploads\/2020\/01\/D-CT-SC01_Alta-usuari-extern.doc\" target=\"_blank\" rel=\"noopener noreferrer\">Sol\u00b7licitud d&#8217;alta per a usuaris externs i esfera UAB<\/a><\/li>\n<li class=\"icon-list solicitud\"><a href=\"https:\/\/www.tauli.cat\/institut\/wp-content\/uploads\/2020\/11\/D-CT-SC06_SELuminex_v04.doc\" target=\"_blank\" rel=\"noopener noreferrer\">Sol\u00b7licitud de servei per a usuaris externs i esfera UAB<\/a><\/li>\n<\/ul>\n<p>Heu d\u2019enviar la sol\u00b7licitud emplenada i signada per correu, electr\u00f2nic o postal, o fax a:<\/p>\n<p style=\"padding-left: 40px;\"><strong>N\u00e9stor Albi\u00f1ana<\/strong><br \/>\nCoordinador de la Unitat Cientificot\u00e8cnica<\/p>\n<p style=\"padding-left: 40px;\">Fundaci\u00f3 Parc Taul\u00ed<br \/>\nParc del Taul\u00ed, 1<br \/>\nEdifici Santa Fe, planta baixa, \u00c0rea de Recerca<br \/>\n08208 Sabadell<\/p>\n<ul>\n<li style=\"list-style-type: none;\">\n<ul>\n<li class=\"icon-list phone\">93 723 10 10 ext. 22077<\/li>\n<li class=\"icon-list fax\">93 717 50 67<\/li>\n<li class=\"icon-list mail\"><a href=\"mailto:nalbinana@tauli.cat\">nalbinana@tauli.cat<\/a><\/li>\n<\/ul>\n<\/li>\n<\/ul>\n[\/vc_column_text][\/vc_tta_section][vc_tta_section title=&#8221;Laboratori de recerca&#8221; tab_id=&#8221;laboratori-recerca&#8221;][vc_column_text]\n<h2>Servei de laboratori de recerca<\/h2>\n<p>El Laboratori de recerca est\u00e0 completament equipat per realitzar tot tipus de recerca biom\u00e8dica. Est\u00e0 dividit en diverses \u00c0rees.<\/p>\n<p>El Laboratori general equipat amb dues campanes d\u2019extracci\u00f3 amb conducci\u00f3 a l\u2019exterior pel treball amb productes vol\u00e0tils, un criostat i altre material pel treball en histologia, inclusi\u00f3 en parafina, preparaci\u00f3 de tincions etc. Material i equipament per la realitzaci\u00f3 de diferents assajos inmunologics, aix\u00ed com l\u2019equip del servei d\u2019an\u00e0lisi de biomarcadors per citometria. El Laboratori tamb\u00e9 est\u00e0 equipat amb material general com pipetes, centr\u00edfugues, agitadors, incubadors, autoclau, neveres i congeladors.<\/p>\n<p>Laboratori-UDIAT equipat pel treball en biologia molecular: un quantificador d\u2019\u00e0cids nucl\u00e8ics i una vitrina per la preparaci\u00f3 de reactius per PCR. Amb un espai separat pel treball amb post-amplificats equipat amb diversos termocicladors, un termociclador r\u00e0pid, dos aparells de PCR a temps real, equipament per electrofor\u00e8si en gel d\u2019agarosa, un analitzador d\u2019imatges i un bioanalyzer (servei d\u2019an\u00e0lisi per xip microfluidic). Tamb\u00e9 est\u00e0 equipat amb un analitzador gen\u00e8tic (servei d\u2019an\u00e0lisi gen\u00e8tic).<\/p>\n<p>Sales de cultiu cel\u00b7lular, equipades amb vitrines de bioseguretat, incubadors de CO2, microscopi i altre material necessari per cultius. Una sala dedicada a cultius lliures de pat\u00f2gens, l\u2019altra especialment equipada per treballar amb pat\u00f2gens de fins a nivell 3.<\/p>\n<p>Sala Fosca amb un microsc\u00f2pi d\u2019epifluoresc\u00e8ncia amb un complet sistema de captaci\u00f3 i processament d\u2019imatges.<\/p>\n<ul>\n<li class=\"icon-list link\">\n<h4><a href=\"https:\/\/www.tauli.cat\/institut\/i3pt\/tarifes\/#cientificotecnics\">Tarifes del servei<\/a><\/h4>\n<\/li>\n<\/ul>\n<h3>Sol\u00b7licitud de servei<\/h3>\n<p>Per sol\u00b7licitar el servei, cal que contacteu amb el coordinador de la Unitat Cient\u00edficot\u00e8cnica, <strong>N\u00e9stor Albi\u00f1ana<\/strong>.<\/p>\n<ul>\n<li class=\"icon-list phone\">93 723 10 10 ext. 22077<\/li>\n<li class=\"icon-list mail\"><a href=\"mailto:nalbinana@tauli.cat\">nalbinana@tauli.cat<\/a><\/li>\n<\/ul>\n[\/vc_column_text][\/vc_tta_section][vc_tta_section title=&#8221;Quir\u00f2fan de recerca i estabulari d\u2019animal petit&#8221; tab_id=&#8221;quirofan-estabulari&#8221;][vc_column_text]\n<h2>Servei de quir\u00f2fan de recerca i estabulari d\u2019animal petit<\/h2>\n<p>Disposem d\u2019un quir\u00f2fan completament equipat amb tot l\u2019instrumental necessari per realitzar operacions en animals petits d\u2019experimentaci\u00f3, a m\u00e9s d\u2019equips de respiraci\u00f3 assistida i monitoritzaci\u00f3 de constants vitals. Tamb\u00e9 disposa d&#8217;instrumentaci\u00f3 b\u00e0sica de laboratori, com un analitzador de gasos, una campana d\u2019extracci\u00f3 per procediments que impliquin perfusi\u00f3 de l\u2019animal i centr\u00edfuga, entre d&#8217;altres.<\/p>\n<p>L\u2019estabulari ha estat acreditat per la Generalitat de Catalunya per realitzar l&#8217;estabulaci\u00f3 i intervencions en rosegadors petits:\u00a0 rates i ratolins. Consta de la infraestructura necess\u00e0ria per mantenir animals d\u2019experimentaci\u00f3 petits en g\u00e0bies autoventilades.<\/p>\n<p>L\u2019\u00fas d\u2019aquestes instal\u00b7lacions queda supeditat a la pr\u00e8via aprovaci\u00f3 del procediment del CEEAH (Comit\u00e8 d\u2019\u00c8tica en la Experimentaci\u00f3 Animal i Humana), de la UAB.<\/p>\n<h3>Tarifes i sol\u00b7licitud de servei<\/h3>\n<p>El cost d&#8217;aquest servei varia segons els requeriments del client. L\u2019\u00fas d\u2019aquestes instal\u00b7lacions queda supeditat a la pr\u00e8via aprovaci\u00f3 del procediment per part del CEEAH (Comit\u00e8 d\u2019\u00c8tica en la Experimentaci\u00f3 Animal i Humana) de la UAB.<\/p>\n<p>Podeu realitzar les vostres consultes sobre tarifes i sol\u00b7licitud de servei al coordinador de la Unitat Cient\u00edficot\u00e8cnica, <strong>N\u00e9stor Albi\u00f1ana<\/strong>.<\/p>\n<ul>\n<li class=\"icon-list phone\">93 723 10 10 ext. 22077<\/li>\n<li class=\"icon-list mail\"><a href=\"mailto:nalbinana@tauli.cat\">nalbinana@tauli.cat<\/a><\/li>\n<\/ul>\n[\/vc_column_text][\/vc_tta_section][\/vc_tta_tour][\/vc_column][\/vc_row][vc_row el_class=&#8221;custom-top-tabs-content&#8221;][vc_column width=&#8221;2\/5&#8243;][vc_column_text]\n<h4>Plataformes Cient\u00edfiques<strong><br \/>\n<\/strong><\/h4>\n<p><strong>Institut d&#8217;Investigaci\u00f3 i Innovaci\u00f3 Parc Taul\u00ed<\/strong><br \/>\nPla\u00e7a Torre de l&#8217;Aigua, s\/n,<br \/>\n08202 Sabadell<\/p>\n<ul>\n<li class=\"icon-list phone\">93 723 10 10 ext. 89077<\/li>\n<li class=\"icon-list fax\">93 717 50 67<\/li>\n<li class=\"icon-list mail\"><a href=\"mailto:nalbinana@tauli.cat\">nalbinana@tauli.cat<\/a><\/li>\n<\/ul>\n[\/vc_column_text][\/vc_column][vc_column width=&#8221;3\/5&#8243; tablet_width=&#8221;7-12&#8243; tablet_sm_width=&#8221;7-12&#8243;][vc_raw_html]JTNDaWZyYW1lJTIwc3JjJTNEJTIyaHR0cHMlM0ElMkYlMkZ3d3cuZ29vZ2xlLmNvbSUyRm1hcHMlMkZlbWJlZCUzRnBiJTNEJTIxMW0xOCUyMTFtMTIlMjExbTMlMjExZDUzMTkuNjgxMDI0MjQ0MzQzNSUyMTJkMi4xMDg5ODc4MDg4Nzc3NDgzJTIxM2Q0MS41NTY5MDc4ODA4NjM0NyUyMTJtMyUyMTFmMCUyMTJmMCUyMTNmMCUyMTNtMiUyMTFpMTAyNCUyMTJpNzY4JTIxNGYxMy4xJTIxM20zJTIxMW0yJTIxMXMweDAlMjUzQTB4OWZiYTkwZGI4MjhmNjAxYiUyMTJ6Um5WdVpHRmphY096SUZCaGNtTWdWR0YxYk1PdCUyMTVlMCUyMTNtMiUyMTFzZXMlMjEyc2VzJTIxNHYxNTc0MzU2ODQyNjc4JTIxNW0yJTIxMXNlcyUyMTJzZXMlMjIlMjB3aWR0aCUzRCUyMjEwMCUyNSUyMiUyMGhlaWdodCUzRCUyMjI4MCUyMiUyMGZyYW1lYm9yZGVyJTNEJTIyMCUyMiUyMHN0eWxlJTNEJTIyYm9yZGVyJTNBMCUzQiUyMiUyMGFsbG93ZnVsbHNjcmVlbiUzRCUyMiUyMiUzRSUzQyUyRmlmcmFtZSUzRQ==[\/vc_raw_html][\/vc_column][\/vc_row]\n<\/div>","protected":false},"excerpt":{"rendered":"<p>[vc_row section_id=&#8221;custom-top-tabs&#8221;][vc_column][vc_column_text el_class=&#8221;top-tabs&#8221;] Presentaci\u00f3 Serveis Contacte [\/vc_column_text][\/vc_column][\/vc_row][vc_row el_class=&#8221;custom-top-tabs-content&#8221;][vc_column width=&#8221;2\/3&#8243;][vc_column_text]La Unitat Cientificot\u00e8cnica (UCT) fomenta que els investigadors tinguin acc\u00e9s a tecnologies sofisticades que no disposen tots els centres cient\u00edfics. Ha estat impulsada gr\u00e0cies a l\u2019adquisici\u00f3 d\u2019equipament finan\u00e7at per la Fundaci\u00f3 Parc Taul\u00ed i amb fons competitius FEDER de la Uni\u00f3 Europea. Els serveis cientificot\u00e8cnics tenen l\u2019objectiu [&hellip;]<\/p>\n","protected":false},"author":12,"featured_media":0,"parent":2289,"menu_order":0,"comment_status":"closed","ping_status":"closed","template":"","meta":[],"_links":{"self":[{"href":"https:\/\/www.tauli.cat\/institut\/wp-json\/wp\/v2\/pages\/144"}],"collection":[{"href":"https:\/\/www.tauli.cat\/institut\/wp-json\/wp\/v2\/pages"}],"about":[{"href":"https:\/\/www.tauli.cat\/institut\/wp-json\/wp\/v2\/types\/page"}],"author":[{"embeddable":true,"href":"https:\/\/www.tauli.cat\/institut\/wp-json\/wp\/v2\/users\/12"}],"replies":[{"embeddable":true,"href":"https:\/\/www.tauli.cat\/institut\/wp-json\/wp\/v2\/comments?post=144"}],"version-history":[{"count":34,"href":"https:\/\/www.tauli.cat\/institut\/wp-json\/wp\/v2\/pages\/144\/revisions"}],"predecessor-version":[{"id":15491,"href":"https:\/\/www.tauli.cat\/institut\/wp-json\/wp\/v2\/pages\/144\/revisions\/15491"}],"up":[{"embeddable":true,"href":"https:\/\/www.tauli.cat\/institut\/wp-json\/wp\/v2\/pages\/2289"}],"wp:attachment":[{"href":"https:\/\/www.tauli.cat\/institut\/wp-json\/wp\/v2\/media?parent=144"}],"curies":[{"name":"wp","href":"https:\/\/api.w.org\/{rel}","templated":true}]}}