{"id":15021,"date":"2024-06-12T09:38:21","date_gmt":"2024-06-12T07:38:21","guid":{"rendered":"https:\/\/www.tauli.cat\/institut\/?page_id=15021"},"modified":"2025-04-22T08:27:24","modified_gmt":"2025-04-22T06:27:24","slug":"portal-de-transparencia","status":"publish","type":"page","link":"https:\/\/www.tauli.cat\/institut\/portal-de-transparencia\/","title":{"rendered":"Portal de transpar\u00e8ncia"},"content":{"rendered":"<div class=\"wpb-content-wrapper\">[vc_row][vc_column][vc_column_text css=&#8221;&#8221;]<span data-contrast=\"auto\">En compliment de la normativa aplicable en mat\u00e8ria de transpar\u00e8ncia, acc\u00e9s a la informaci\u00f3 p\u00fablica i bon govern, la Fundaci\u00f3 Institut d\u2019Investigaci\u00f3 i Innovaci\u00f3 Parc Taul\u00ed\u00a0 posa disposici\u00f3 dels interessats el<strong> Portal de Transpar\u00e8ncia i Bon Govern de l&#8217;I3PT<\/strong>\u00a0on tothom pot con\u00e8ixer les dades relatives a la nostra activitat, funcionament, gesti\u00f3 del pressupost i les dades m\u00e9s rellevants de la nostra instituci\u00f3, d\u2019acord amb els principis de transpar\u00e8ncia, acc\u00e9s a la informaci\u00f3 p\u00fablica i bon govern del marc legal vigent.<\/span>[\/vc_column_text][\/vc_column][\/vc_row][vc_row][vc_column width=&#8221;1\/3&#8243; css=&#8221;.vc_custom_1744701609875{padding-top: 30px !important;background-color: #F1F1F1 !important;}&#8221;]<div class=\"eut-element eut-box-icon eut-align-left eut-medium\" style=\"margin-bottom: 0.2px;\"><a href=\"https:\/\/www.tauli.cat\/institut\/portal-de-transparencia\/organitzacio-institucional-i-estructura-administrativa\/\" target=\"_self\">  <div class=\"eut-wrapper-icon eut-no-shape eut-color-grey\"><i class=\"fas fa-sitemap eut-color-primary-1\"><\/i><\/div><\/a>  <div class=\"eut-box-content\"><a href=\"https:\/\/www.tauli.cat\/institut\/portal-de-transparencia\/organitzacio-institucional-i-estructura-administrativa\/\" target=\"_self\">      <h5 class=\"eut-box-title\">Organitzaci\u00f3 institucional i estructura administrativa<\/h5><\/a>  <\/div><\/div>[\/vc_column][vc_column width=&#8221;1\/3&#8243; css=&#8221;.vc_custom_1744701732219{padding-top: 30px !important;background-color: #F1F1F1 !important;}&#8221;]<div class=\"eut-element eut-box-icon eut-align-left eut-medium\" style=\"margin-bottom: 0.2px;\"><a href=\"https:\/\/www.tauli.cat\/institut\/portal-de-transparencia\/normativa-informacio-interes-juridic\/\" target=\"_self\">  <div class=\"eut-wrapper-icon eut-no-shape eut-color-grey\"><i class=\"fas fa-file-contract eut-color-primary-1\"><\/i><\/div><\/a>  <div class=\"eut-box-content\"><a href=\"https:\/\/www.tauli.cat\/institut\/portal-de-transparencia\/normativa-informacio-interes-juridic\/\" target=\"_self\">      <h5 class=\"eut-box-title\">Normativa i informaci\u00f3 d'inter\u00e8s jur\u00eddic<\/h5><\/a>  <\/div><\/div>[\/vc_column][vc_column width=&#8221;1\/3&#8243; css=&#8221;.vc_custom_1745302761725{padding-top: 30px !important;padding-bottom: 23.5px !important;background-color: #F1F1F1 !important;}&#8221;]<div class=\"eut-element eut-box-icon eut-align-left eut-medium\" style=\"margin-bottom: 0.2px;\"><a href=\"https:\/\/www.tauli.cat\/institut\/portal-de-transparencia\/serveis-publics\/\" target=\"_self\">  <div class=\"eut-wrapper-icon eut-no-shape eut-color-grey\"><i class=\"fas fa-users eut-color-primary-1\"><\/i><\/div><\/a>  <div class=\"eut-box-content\"><a href=\"https:\/\/www.tauli.cat\/institut\/portal-de-transparencia\/serveis-publics\/\" target=\"_self\">      <h5 class=\"eut-box-title\">Serveis p\u00fablics<\/h5><\/a>  <\/div><\/div>[\/vc_column][\/vc_row][vc_row][vc_column width=&#8221;1\/3&#8243; css=&#8221;.vc_custom_1744702145517{padding-top: 30px !important;padding-bottom: 20px !important;background-color: #F1F1F1 !important;}&#8221;]<div class=\"eut-element eut-box-icon eut-align-left eut-medium\" style=\"margin-bottom: 0.2px;\"><a href=\"https:\/\/www.tauli.cat\/institut\/portal-de-transparencia\/plans-i-programes\/\" target=\"_self\">  <div class=\"eut-wrapper-icon eut-no-shape eut-color-grey\"><i class=\"fas fa-tasks eut-color-primary-1\"><\/i><\/div><\/a>  <div class=\"eut-box-content\"><a href=\"https:\/\/www.tauli.cat\/institut\/portal-de-transparencia\/plans-i-programes\/\" target=\"_self\">      <h5 class=\"eut-box-title\">Plans i programes<\/h5><\/a>  <\/div><\/div>[\/vc_column][vc_column width=&#8221;1\/3&#8243; css=&#8221;.vc_custom_1744702152371{padding-top: 30px !important;padding-bottom: 20px !important;background-color: #F1F1F1 !important;}&#8221;]<div class=\"eut-element eut-box-icon eut-align-left eut-medium\" style=\"margin-bottom: 0.2px;\"><a href=\"https:\/\/www.tauli.cat\/institut\/portal-de-transparencia\/govern-obert\/\" target=\"_self\">  <div class=\"eut-wrapper-icon eut-no-shape eut-color-grey\"><i class=\"fas fa-unlock-alt eut-color-primary-1\"><\/i><\/div><\/a>  <div class=\"eut-box-content\"><a href=\"https:\/\/www.tauli.cat\/institut\/portal-de-transparencia\/govern-obert\/\" target=\"_self\">      <h5 class=\"eut-box-title\">Govern obert<\/h5><\/a>  <\/div><\/div>[\/vc_column][vc_column width=&#8221;1\/3&#8243; css=&#8221;.vc_custom_1744702163157{padding-top: 30px !important;padding-bottom: 20px !important;background-color: #F1F1F1 !important;}&#8221;]<div class=\"eut-element eut-box-icon eut-align-left eut-medium\" style=\"margin-bottom: 0.2px;\"><a href=\"https:\/\/www.tauli.cat\/institut\/portal-de-transparencia\/gestio-dequip-huma\/\" target=\"_self\">  <div class=\"eut-wrapper-icon eut-no-shape eut-color-grey\"><i class=\"fas fa-user-circle eut-color-primary-1\"><\/i><\/div><\/a>  <div class=\"eut-box-content\"><a href=\"https:\/\/www.tauli.cat\/institut\/portal-de-transparencia\/gestio-dequip-huma\/\" target=\"_self\">      <h5 class=\"eut-box-title\">Gesti\u00f3 d'equip hum\u00e0<\/h5><\/a>  <\/div><\/div>[\/vc_column][\/vc_row][vc_row][vc_column width=&#8221;1\/3&#8243; css=&#8221;.vc_custom_1744702425503{padding-top: 30px !important;background-color: #F1F1F1 !important;}&#8221;]<div class=\"eut-element eut-box-icon eut-align-left eut-medium\" style=\"margin-bottom: 0.2px;\"><a href=\"https:\/\/www.tauli.cat\/institut\/portal-de-transparencia\/convenis-i-contractacio-publica\/\" target=\"_self\">  <div class=\"eut-wrapper-icon eut-no-shape eut-color-grey\"><i class=\"fas fa-file-signature eut-color-primary-1\"><\/i><\/div><\/a>  <div class=\"eut-box-content\"><a href=\"https:\/\/www.tauli.cat\/institut\/portal-de-transparencia\/convenis-i-contractacio-publica\/\" target=\"_self\">      <h5 class=\"eut-box-title\">Contractes, convenis i subvencions<\/h5><\/a>  <\/div><\/div>[\/vc_column][vc_column width=&#8221;1\/3&#8243; css=&#8221;.vc_custom_1744702439164{padding-top: 30px !important;background-color: #F1F1F1 !important;}&#8221;]<div class=\"eut-element eut-box-icon eut-align-left eut-medium\" style=\"margin-bottom: 0.2px;\"><a href=\"https:\/\/www.tauli.cat\/institut\/portal-de-transparencia\/gestio-economica-comptable-i-pressupostaria\/\" target=\"_self\">  <div class=\"eut-wrapper-icon eut-no-shape eut-color-grey\"><i class=\"fas fa-file-invoice-dollar eut-color-primary-1\"><\/i><\/div><\/a>  <div class=\"eut-box-content\"><a href=\"https:\/\/www.tauli.cat\/institut\/portal-de-transparencia\/gestio-economica-comptable-i-pressupostaria\/\" target=\"_self\">      <h5 class=\"eut-box-title\">Gesti\u00f3 econ\u00f2mica i pressupost\u00e0ria<\/h5><\/a>  <\/div><\/div>[\/vc_column][vc_column width=&#8221;1\/3&#8243; css=&#8221;.vc_custom_1744812383865{padding-top: 30px !important;padding-bottom: 23.5px !important;background-color: #F1F1F1 !important;}&#8221;]<div class=\"eut-element eut-box-icon eut-align-left eut-medium\" style=\"margin-bottom: 0.2px;\"><a href=\"https:\/\/www.tauli.cat\/institut\/portal-de-transparencia\/patrimoni\/\" target=\"_self\">  <div class=\"eut-wrapper-icon eut-no-shape eut-color-grey\"><i class=\"fas fa-home eut-color-primary-1\"><\/i><\/div><\/a>  <div class=\"eut-box-content\"><a href=\"https:\/\/www.tauli.cat\/institut\/portal-de-transparencia\/patrimoni\/\" target=\"_self\">      <h5 class=\"eut-box-title\">Patrimoni<\/h5><\/a>  <\/div><\/div>[\/vc_column][\/vc_row][vc_row][vc_column width=&#8221;1\/3&#8243; css=&#8221;.vc_custom_1744702425503{padding-top: 30px !important;background-color: #F1F1F1 !important;}&#8221;]<div class=\"eut-element eut-box-icon eut-align-left eut-medium\" style=\"margin-bottom: 0.2px;\"><a href=\"https:\/\/www.tauli.cat\/institut\/portal-de-transparencia\/gestio-de-documents-dades-personals-i-dades-estadistiques\/\" target=\"_self\">  <div class=\"eut-wrapper-icon eut-no-shape eut-color-grey\"><i class=\"fas fa-id-card-alt eut-color-primary-1\"><\/i><\/div><\/a>  <div class=\"eut-box-content\"><a href=\"https:\/\/www.tauli.cat\/institut\/portal-de-transparencia\/gestio-de-documents-dades-personals-i-dades-estadistiques\/\" target=\"_self\">      <h5 class=\"eut-box-title\">Gesti\u00f3 de documents, dades personals i dades estad\u00edstiques<\/h5><\/a>  <\/div><\/div>[\/vc_column][vc_column width=&#8221;1\/3&#8243; css=&#8221;.vc_custom_1744702963470{padding-top: 30px !important;padding-bottom: 47px !important;background-color: #F1F1F1 !important;}&#8221;]<div class=\"eut-element eut-box-icon eut-align-left eut-medium\" style=\"margin-bottom: 0.2px;\"><a href=\"https:\/\/canal-alertes.tauli.cat\/canal\/#\/home\/i3pt\" target=\"_self\">  <div class=\"eut-wrapper-icon eut-no-shape eut-color-grey\"><i class=\"fas fa-bell eut-color-primary-1\"><\/i><\/div><\/a>  <div class=\"eut-box-content\"><a href=\"https:\/\/canal-alertes.tauli.cat\/canal\/#\/home\/i3pt\" target=\"_self\">      <h5 class=\"eut-box-title\">Canal d'alertes<\/h5><\/a>  <\/div><\/div>[\/vc_column][vc_column width=&#8221;1\/3&#8243; css=&#8221;.vc_custom_1744702771417{padding-top: 30px !important;padding-bottom: 47px !important;background-color: #F1F1F1 !important;}&#8221;]<div class=\"eut-element eut-box-icon eut-align-left eut-medium\" style=\"margin-bottom: 0.2px;\"><a href=\"https:\/\/www.tauli.cat\/tauli\/transparencia-i-bon-govern\/unitat-informacio\" target=\"_self\">  <div class=\"eut-wrapper-icon eut-no-shape eut-color-grey\"><i class=\"fas fa-info-circle eut-color-primary-1\"><\/i><\/div><\/a>  <div class=\"eut-box-content\"><a href=\"https:\/\/www.tauli.cat\/tauli\/transparencia-i-bon-govern\/unitat-informacio\" target=\"_self\">      <h5 class=\"eut-box-title\">Unitat d'informaci\u00f3<\/h5><\/a>  <\/div><\/div>[\/vc_column][\/vc_row][vc_row][vc_column][vc_column_text css=&#8221;&#8221;]<span data-contrast=\"auto\">L\u2019acc\u00e9s a la informaci\u00f3 p\u00fablica \u00e9s el dret que tenen les persones a accedir a la informaci\u00f3 elaborada per l\u2019Administraci\u00f3 i la que aquesta t\u00e9 en el seu poder com a conseq\u00fc\u00e8ncia de la seva activitat o de l\u2019exercici de les seves funcions, inclosa la que li subministren els altres subjectes obligats d\u2019acord amb la llei (article 18 de la Llei 19\/2014, del 29 de desembre, de transpar\u00e8ncia, acc\u00e9s a la informaci\u00f3 p\u00fablica i bon govern).<\/span><span data-ccp-props=\"{&quot;201341983&quot;:0,&quot;335551550&quot;:6,&quot;335551620&quot;:6,&quot;335559738&quot;:0,&quot;335559739&quot;:0,&quot;335559740&quot;:259}\">\u00a0<\/span><\/p>\n<p><span data-contrast=\"auto\">Es tracta d\u2019un dret a t\u00edtol individual o en nom i representaci\u00f3 de qualsevol persona jur\u00eddica legalment constitu\u00efda, no condicionat a un inter\u00e8s personal ni subjecte a motivaci\u00f3 ni invocaci\u00f3 de cap norma.<\/span><span data-ccp-props=\"{&quot;201341983&quot;:0,&quot;335551550&quot;:6,&quot;335551620&quot;:6,&quot;335559738&quot;:0,&quot;335559739&quot;:0,&quot;335559740&quot;:259}\">\u00a0<\/span><\/p>\n<p><span data-contrast=\"auto\">Podeu dirigir la vostra sol\u00b7licitud a trav\u00e9s de la <\/span><a href=\"https:\/\/governobert.gencat.cat\/ca\/tramits\/Acces-informacio-publica\"><b><span data-contrast=\"none\">b\u00fastia d\u2019informaci\u00f3 p\u00fablica que trobareu en aquest enlla\u00e7<\/span><\/b><\/a><b><span data-contrast=\"auto\">.<\/span><\/b><span data-ccp-props=\"{&quot;201341983&quot;:0,&quot;335551550&quot;:6,&quot;335551620&quot;:6,&quot;335559738&quot;:0,&quot;335559739&quot;:0,&quot;335559740&quot;:259}\">\u00a0<\/span>[\/vc_column_text][\/vc_column][\/vc_row]\n<\/div>","protected":false},"excerpt":{"rendered":"<p>[vc_row][vc_column][vc_column_text css=&#8221;&#8221;]En compliment de la normativa aplicable en mat\u00e8ria de transpar\u00e8ncia, acc\u00e9s a la informaci\u00f3 p\u00fablica i bon govern, la Fundaci\u00f3 Institut d\u2019Investigaci\u00f3 i Innovaci\u00f3 Parc Taul\u00ed\u00a0 posa disposici\u00f3 dels interessats el Portal de Transpar\u00e8ncia i Bon Govern de l&#8217;I3PT\u00a0on tothom pot con\u00e8ixer les dades relatives a la nostra activitat, funcionament, gesti\u00f3 del pressupost i [&hellip;]<\/p>\n","protected":false},"author":24,"featured_media":0,"parent":0,"menu_order":0,"comment_status":"closed","ping_status":"closed","template":"","meta":[],"_links":{"self":[{"href":"https:\/\/www.tauli.cat\/institut\/wp-json\/wp\/v2\/pages\/15021"}],"collection":[{"href":"https:\/\/www.tauli.cat\/institut\/wp-json\/wp\/v2\/pages"}],"about":[{"href":"https:\/\/www.tauli.cat\/institut\/wp-json\/wp\/v2\/types\/page"}],"author":[{"embeddable":true,"href":"https:\/\/www.tauli.cat\/institut\/wp-json\/wp\/v2\/users\/24"}],"replies":[{"embeddable":true,"href":"https:\/\/www.tauli.cat\/institut\/wp-json\/wp\/v2\/comments?post=15021"}],"version-history":[{"count":35,"href":"https:\/\/www.tauli.cat\/institut\/wp-json\/wp\/v2\/pages\/15021\/revisions"}],"predecessor-version":[{"id":19066,"href":"https:\/\/www.tauli.cat\/institut\/wp-json\/wp\/v2\/pages\/15021\/revisions\/19066"}],"wp:attachment":[{"href":"https:\/\/www.tauli.cat\/institut\/wp-json\/wp\/v2\/media?parent=15021"}],"curies":[{"name":"wp","href":"https:\/\/api.w.org\/{rel}","templated":true}]}}