{"id":15055,"date":"2024-06-14T08:11:19","date_gmt":"2024-06-14T06:11:19","guid":{"rendered":"https:\/\/www.tauli.cat\/institut\/?page_id=15055"},"modified":"2026-01-26T08:39:50","modified_gmt":"2026-01-26T07:39:50","slug":"gestio-economica-comptable-i-pressupostaria","status":"publish","type":"page","link":"https:\/\/www.tauli.cat\/institut\/portal-de-transparencia\/gestio-economica-comptable-i-pressupostaria\/","title":{"rendered":"Gesti\u00f3 econ\u00f2mica, comptable i pressupost\u00e0ria"},"content":{"rendered":"<div class=\"wpb-content-wrapper\">[vc_row][vc_column][vc_tta_tour][vc_tta_section title=&#8221;Pressupostos&#8221; tab_id=&#8221;pressupostos&#8221;][vc_column_text css=&#8221;&#8221;]\n<h4 class=\"article-title-subweb\">Pressupostos aprovats, executats i liquidats<\/h4>\n[\/vc_column_text][vc_column_text]\n<ul>\n<li>Objectius\u00a0 \u00a0 \u00a0 \u00a0 \u00a0 \u00a0 \u00a0 \u00a0 <a title=\"Objectius 2023 F3IPT\" href=\"https:\/\/www.tauli.cat\/tauli\/images\/InfoCorporativa\/documents\/2023_F3IPT_OBJECTIUS.pdf\" target=\"_blank\" rel=\"noopener\">2023<\/a>|\u00a0<a title=\"Mem\u00f2ries programes pressupostos 2022 FI3PT\" href=\"https:\/\/www.tauli.cat\/tauli\/images\/InfoCorporativa\/documents\/2022OK_FI3PT_MEMORIES_PROGRAMES.pdf\" target=\"_blank\" rel=\"noopener\">2022<\/a>|\u00a0\u00a0<a title=\"PROGRAMA 2020 FUNDACIO PARC TAULI\" href=\"https:\/\/www.tauli.cat\/tauli\/images\/InfoCorporativa\/documents\/2020_PROGRAMA_FPT.pdf\" target=\"_blank\" rel=\"noopener\">2020<\/a>|\u00a0<a title=\"Pressupost Objectius 2019 Fundaci\u00f3 Parc Tauli\" href=\"https:\/\/www.tauli.cat\/tauli\/images\/InfoCorporativa\/documents\/2019_FPT_OBJECTIUS_2019.pdf\" target=\"_blank\" rel=\"noopener\">2019<\/a>|\u00a0\u00a0<a href=\"https:\/\/www.tauli.cat\/tauli\/images\/SeuElectronica\/documents\/Pressupostos\/2017FPT_Objectius.pdf\" target=\"_blank\" rel=\"noopener\">2017<\/a>|\u00a0<a href=\"https:\/\/www.tauli.cat\/tauli\/images\/SeuElectronica\/documents\/Pressupostos\/2016FPT_Objectius.pdf\" target=\"_blank\" rel=\"noopener\">2016<\/a><\/li>\n<li>Pressupost\u00a0 \u00a0 \u00a0 \u00a0 \u00a0 \u00a0 \u00a0<a title=\"Pressupost 2023 F3IPT\" href=\"https:\/\/www.tauli.cat\/tauli\/images\/InfoCorporativa\/documents\/2023_F3IPT_Estats_d_ingressos_i_de_despeses.pdf\" target=\"_blank\" rel=\"noopener\">2023<\/a>|\u00a0<a title=\"Estat ingressos i despeses pressupostos 2022 del FI3PT\" href=\"https:\/\/www.tauli.cat\/tauli\/images\/InfoCorporativa\/documents\/2022_FI3PT_ESTAT_INGRESSOS_I_DESPESES.pdf\" target=\"_blank\" rel=\"noopener\">2022<\/a>|\u00a0\u00a0<a title=\"ESTAT INGRESSOS DESPESES 2020 FPT\" href=\"https:\/\/www.tauli.cat\/tauli\/images\/InfoCorporativa\/documents\/2020_INGRESSOS_DESPESES_fpt_OK.pdf\" target=\"_blank\" rel=\"noopener\">2020<\/a>|\u00a0<a title=\"Pressupost Ingressos i despeses 2019 Fundaci\u00f3 Parc Taul\u00ed\" href=\"https:\/\/www.tauli.cat\/tauli\/images\/InfoCorporativa\/documents\/2019_FPT_INGRESSOS_DESPESES.pdf\" target=\"_blank\" rel=\"noopener\">2019<\/a>|\u00a0\u00a0<a href=\"https:\/\/www.tauli.cat\/tauli\/images\/SeuElectronica\/documents\/Pressupostos\/2017FPT_Pressupost.pdf\" target=\"_blank\" rel=\"noopener\">2017<\/a>|\u00a0<a href=\"https:\/\/www.tauli.cat\/tauli\/images\/SeuElectronica\/documents\/Pressupostos\/2016FPT_Pressupost.pdf\" target=\"_blank\" rel=\"noopener\">2016<\/a><\/li>\n<li>Inversions\u00a0 \u00a0 \u00a0 \u00a0 \u00a0 \u00a0 \u00a0 <a title=\"Inversions 2023 F3IPT\" href=\"https:\/\/www.tauli.cat\/tauli\/images\/InfoCorporativa\/documents\/2023_F3IPT_INVERSIONS.pdf\" target=\"_blank\" rel=\"noopener\">2023<\/a>|\u00a0<a title=\"Inversions reals pressupostos 2022 de FI3PT\" href=\"https:\/\/www.tauli.cat\/tauli\/images\/InfoCorporativa\/documents\/2022_FI3PT_ANNEX_INVERSIONS_REALS.pdf\" target=\"_blank\" rel=\"noopener\">2022<\/a>|\u00a0\u00a0<a title=\"INVERSIONS 2020 FPT \" href=\"https:\/\/www.tauli.cat\/tauli\/images\/InfoCorporativa\/documents\/2020_INV_REALS_FPT.pdf\" target=\"_blank\" rel=\"noopener\">2020<\/a>|\u00a0<a title=\"Inversions 2019 Fundaci\u00f3 Parc Taul\u00ed \" href=\"https:\/\/www.tauli.cat\/tauli\/images\/InfoCorporativa\/documents\/2019_FPT_INVERSIONS_REALS.pdf\" target=\"_blank\" rel=\"noopener\">2019<\/a>|\u00a0\u00a0<a href=\"https:\/\/www.tauli.cat\/tauli\/images\/SeuElectronica\/documents\/Pressupostos\/2017FPT_Inversions.pdf\" target=\"_blank\" rel=\"noopener\">2017<\/a>|\u00a0<a href=\"https:\/\/www.tauli.cat\/tauli\/images\/SeuElectronica\/documents\/Pressupostos\/2016FPT_Inversions.pdf\" target=\"_blank\" rel=\"noopener\">2016<\/a><\/li>\n<li>Equip hum\u00e0\u00a0 \u00a0 \u00a0 \u00a0 \u00a0 \u00a0<a title=\"Equip Hum\u00e0 2023 F3IPT\" href=\"https:\/\/www.tauli.cat\/tauli\/images\/InfoCorporativa\/documents\/2023_F3IPT_EQUIP_HUMA.pdf\" target=\"_blank\" rel=\"noopener\">2023<\/a>|\u00a0<a title=\"Personal pressupostos 2022 de FI3PT\" href=\"https:\/\/www.tauli.cat\/tauli\/images\/InfoCorporativa\/documents\/2022-FI3PT_ANNEX_PERDONAL.pdf\" target=\"_blank\" rel=\"noopener\">2022<\/a>|\u00a0\u00a0<a title=\"EQUIP HUMA 2020 FPT\" href=\"https:\/\/www.tauli.cat\/tauli\/images\/InfoCorporativa\/documents\/2020_EQUIP_HUMA_FPT.pdf\" target=\"_blank\" rel=\"noopener\">2020<\/a>|\u00a0<a title=\"Pressupost Personal 2019 Fundaci\u00f3 Parc Taul\u00ed \" href=\"https:\/\/www.tauli.cat\/tauli\/images\/InfoCorporativa\/documents\/2019_FPT_PERSONAL.pdf\" target=\"_blank\" rel=\"noopener\">2019<\/a>|\u00a0\u00a0<a href=\"https:\/\/www.tauli.cat\/tauli\/images\/SeuElectronica\/documents\/Pressupostos\/2017FPT_Personal.pdf\" target=\"_blank\" rel=\"noopener\">2017<\/a>|\u00a0<a href=\"https:\/\/www.tauli.cat\/tauli\/images\/SeuElectronica\/documents\/Pressupostos\/2016FPT_Personal.pdf\" target=\"_blank\" rel=\"noopener\">2016<\/a><\/li>\n<li>Estats financers\u00a0 \u00a0 <a title=\"Estats financers 2023 F3IPT\" href=\"https:\/\/www.tauli.cat\/tauli\/images\/InfoCorporativa\/documents\/2023_F3IPT_ESTATS_FINANCERS.pdf\" target=\"_blank\" rel=\"noopener\">2023<\/a>|\u00a0<a title=\"Estats financers pressupostos 2022 de FI3PT\" href=\"https:\/\/www.tauli.cat\/tauli\/images\/InfoCorporativa\/documents\/2022_FI3PT_ESTATS_FINANCERS.pdf\" target=\"_blank\" rel=\"noopener\">2022<\/a>|\u00a0\u00a0<a title=\"ESTAT FINANCERS 2020 FPT\" href=\"https:\/\/www.tauli.cat\/tauli\/images\/InfoCorporativa\/documents\/2020_INVERSIONS_FPT.pdf\" target=\"_blank\" rel=\"noopener\">2020<\/a>|\u00a0<a title=\"Pressupost 2019 Estats Financers Fundacio Parc Taul\u00ed\" href=\"https:\/\/www.tauli.cat\/tauli\/images\/InfoCorporativa\/documents\/2019_FPT_ESTATS_FINANCERS.pdf\" target=\"_blank\" rel=\"noopener\">2019<\/a>|\u00a0\u00a0<a href=\"https:\/\/www.tauli.cat\/tauli\/images\/InfoCorporativa\/documents\/FPT_ESTATS_FINANCERS_2017.pdf\" target=\"_blank\" rel=\"noopener\">2017<\/a>|\u00a0<a href=\"https:\/\/www.tauli.cat\/tauli\/images\/SeuElectronica\/documents\/Pressupostos\/2016FPT_EFinancers.pdf\" target=\"_blank\" rel=\"noopener\">2016<\/a><\/li>\n<\/ul>\n[\/vc_column_text][\/vc_tta_section][vc_tta_section title=&#8221;Auditories de comptes i fiscalitzaci\u00f3&#8221; tab_id=&#8221;auditories&#8221;][vc_column_text css=&#8221;&#8221;]\n<h4>Auditories de comptes i fiscalitzaci\u00f3<\/h4>\n[\/vc_column_text][vc_column_text css=&#8221;&#8221;]\n<ul>\n<li>\n<h5>Informe d\u2019auditoria<\/h5>\n<\/li>\n<\/ul>\n<p>|<a href=\"https:\/\/www.tauli.cat\/institut\/wp-content\/uploads\/2026\/01\/Informe-auditoria-2024.pdf\"> 2024<\/a> |<a href=\"https:\/\/www.tauli.cat\/institut\/wp-content\/uploads\/2026\/01\/Informe-auditoria-2023.pdf\"> 2023<\/a> | <a href=\"https:\/\/www.tauli.cat\/institut\/wp-content\/uploads\/2024\/05\/F3IPT_2022_INFORME_AUDITORIA.pdf\">2022 <\/a>\u00a0| <a href=\"https:\/\/www.tauli.cat\/institut\/wp-content\/uploads\/2024\/05\/INFORME_AUDT_Fundaci_I3PT.pdf\">2021 \u00a0<\/a>| <a href=\"https:\/\/www.tauli.cat\/tauli\/images\/InfoCorporativa\/documents\/2020_FPT_INFORME.pdf\" target=\"_blank\" rel=\"noopener\">2020<\/a>\u00a0|<a href=\"https:\/\/www.tauli.cat\/tauli\/images\/InfoCorporativa\/documents\/FPT_AUDITORIA_2019_INFORME.pdf\" target=\"_blank\" rel=\"noopener\">2019<\/a>\u00a0|\u00a0<a href=\"https:\/\/www.tauli.cat\/tauli\/images\/InfoCorporativa\/documents\/01_2018_fpt_informe.pdf\" target=\"_blank\" rel=\"noopener\">2018<\/a>\u00a0|\u00a0<a href=\"https:\/\/www.tauli.cat\/tauli\/images\/InfoCorporativa\/documents\/01_2017_fpt_informe.pdf\" target=\"_blank\" rel=\"noopener\">2017<\/a>\u00a0|\u00a0<a href=\"https:\/\/www.tauli.cat\/tauli\/images\/SeuElectronica\/documents\/Comptes_anuals_auditats\/2016\/2016_Auditoria_FPT.pdf\" target=\"_blank\" rel=\"noopener\">2016<\/a>\u00a0|\u00a0<a href=\"https:\/\/www.tauli.cat\/tauli\/images\/SeuElectronica\/documents\/Comptes_anuals_auditats\/2015\/2015_Auditoria_FPT.pdf\" target=\"_blank\" rel=\"noopener\">2015<\/a>\u00a0|\u00a0<a href=\"https:\/\/www.tauli.cat\/tauli\/images\/SeuElectronica\/documents\/Comptes_anuals_auditats\/2014\/2014_AuditoriaMA_FPT.pdf#page=5\" target=\"_blank\" rel=\"noopener\">2014<\/a>\u00a0|\u00a0<a href=\"https:\/\/www.tauli.cat\/tauli\/images\/SeuElectronica\/documents\/Comptes_anuals_auditats\/Auditoria_FPT_2013.pdf#page=3\" target=\"_blank\" rel=\"noopener\">2013<\/a><\/p>\n<ul>\n<li>\n<h5>Balan\u00e7 de situaci\u00f3<\/h5>\n<\/li>\n<\/ul>\n<p>| <a href=\"https:\/\/www.tauli.cat\/institut\/wp-content\/uploads\/2026\/01\/BALANC-2024.pdf\">2024<\/a> |<a href=\"https:\/\/www.tauli.cat\/institut\/wp-content\/uploads\/2026\/01\/BALANC2023.pdf\"> 2023<\/a> | <a href=\"https:\/\/www.tauli.cat\/institut\/wp-content\/uploads\/2024\/05\/F3IPT_2022_BALANC_SITUACIO.pdf\">2022 <\/a>| <a href=\"https:\/\/www.tauli.cat\/institut\/wp-content\/uploads\/2024\/05\/BALANC_SITUACIO_Fundaci_I3PT.pdf\">2021<\/a>\u00a0|\u00a0<a href=\"https:\/\/www.tauli.cat\/tauli\/images\/InfoCorporativa\/documents\/2020_FPT_BALAN.pdf\" target=\"_blank\" rel=\"noopener\">2020<\/a>\u00a0| <a href=\"https:\/\/www.tauli.cat\/tauli\/images\/InfoCorporativa\/documents\/FPT_AUDITORIA_2019_BALAN.pdf\" target=\"_blank\" rel=\"noopener\">2019<\/a>\u00a0|\u00a0<a href=\"https:\/\/www.tauli.cat\/tauli\/images\/InfoCorporativa\/documents\/02_2018_fpt_balanc.pdf\" target=\"_blank\" rel=\"noopener\">2018<\/a>\u00a0|\u00a0<a href=\"https:\/\/www.tauli.cat\/tauli\/images\/InfoCorporativa\/documents\/02_2017_ftp_balan.pdf\" target=\"_blank\" rel=\"noopener\">2017<\/a>\u00a0|\u00a0<a href=\"https:\/\/www.tauli.cat\/tauli\/images\/SeuElectronica\/documents\/Comptes_anuals_auditats\/2016\/2016_BSituacio_FPT.pdf\" target=\"_blank\" rel=\"noopener\">2016<\/a>\u00a0|<a href=\"https:\/\/www.tauli.cat\/tauli\/images\/SeuElectronica\/documents\/Comptes_anuals_auditats\/2015\/2015_BSituacio_FPT.pdf\" target=\"_blank\" rel=\"noopener\">\u00a02015<\/a>\u00a0|\u00a0<a href=\"https:\/\/www.tauli.cat\/tauli\/images\/SeuElectronica\/documents\/Comptes_anuals_auditats\/2014\/2014_AuditoriaMA_FPT.pdf#page=12\" target=\"_blank\" rel=\"noopener\">2014<\/a>\u00a0|\u00a0<a href=\"https:\/\/www.tauli.cat\/tauli\/images\/SeuElectronica\/documents\/Comptes_anuals_auditats\/Auditoria_FPT_2013.pdf#page=6\" target=\"_blank\" rel=\"noopener\">2013<\/a><\/p>\n<ul>\n<li>\n<h5>Compte de p\u00e8rdues i guanys<\/h5>\n<\/li>\n<\/ul>\n<p>| <a href=\"https:\/\/www.tauli.cat\/institut\/wp-content\/uploads\/2026\/01\/PerduesIGuanys-2024.pdf\">2024<\/a> | <a href=\"https:\/\/www.tauli.cat\/institut\/wp-content\/uploads\/2026\/01\/PerduesiGuanys-2023.pdf\">2023<\/a> | <a href=\"https:\/\/www.tauli.cat\/institut\/wp-content\/uploads\/2024\/05\/F3IPT_2022_COMPTE_P_I_G.pdf\">2022 <\/a>| <a href=\"https:\/\/www.tauli.cat\/institut\/wp-content\/uploads\/2024\/05\/F3IPT_2021_COMPTE_P_I_G.pdf\">2021<\/a> | <a href=\"https:\/\/www.tauli.cat\/tauli\/images\/InfoCorporativa\/documents\/2020_FPT_PiG.pdf\" target=\"_blank\" rel=\"noopener\">2020<\/a> |\u00a0<a href=\"https:\/\/www.tauli.cat\/tauli\/images\/InfoCorporativa\/documents\/FPT_AUDITORIA_2019_P_I_G.pdf\" target=\"_blank\" rel=\"noopener\">2019<\/a>\u00a0|\u00a0<a href=\"https:\/\/www.tauli.cat\/tauli\/images\/InfoCorporativa\/documents\/03_2018_fpt_pig.pdf\" target=\"_blank\" rel=\"noopener\">2018<\/a>\u00a0|\u00a0<a href=\"https:\/\/www.tauli.cat\/tauli\/images\/InfoCorporativa\/documents\/03_2017_fpt_pig.pdf\" target=\"_blank\" rel=\"noopener\">2017<\/a>\u00a0|\u00a0<a href=\"https:\/\/www.tauli.cat\/tauli\/images\/SeuElectronica\/documents\/Comptes_anuals_auditats\/2016\/2016_CompPerdYGuanys_FPT.pdf\" target=\"_blank\" rel=\"noopener\">2016<\/a>\u00a0|<a href=\"https:\/\/www.tauli.cat\/tauli\/images\/SeuElectronica\/documents\/Comptes_anuals_auditats\/2015\/2015_CompPerdYGuanys_FPT.pdf\" target=\"_blank\" rel=\"noopener\">\u00a02015<\/a>\u00a0|<a href=\"https:\/\/www.tauli.cat\/tauli\/images\/SeuElectronica\/documents\/Comptes_anuals_auditats\/2014\/2014_AuditoriaMA_FPT.pdf#page=14\" target=\"_blank\" rel=\"noopener\">\u00a02014<\/a>\u00a0|\u00a0<a href=\"https:\/\/www.tauli.cat\/tauli\/images\/SeuElectronica\/documents\/Comptes_anuals_auditats\/Auditoria_FPT_2013.pdf#page=8\" target=\"_blank\" rel=\"noopener\">2013<\/a><\/p>\n<ul>\n<li>\n<h5>Estat de canvis en el patrimoni net<\/h5>\n<\/li>\n<\/ul>\n<p>| <a href=\"https:\/\/www.tauli.cat\/institut\/wp-content\/uploads\/2026\/01\/ESTAT-CANVIS-PN-2024.pdf\">2024<\/a> | <a href=\"https:\/\/www.tauli.cat\/institut\/wp-content\/uploads\/2026\/01\/ESTAT-CANVIS-PN-2023.pdf\">2023<\/a> | <a href=\"https:\/\/www.tauli.cat\/institut\/wp-content\/uploads\/2024\/05\/F3IPT_2022_ESTAT_CANVIS_PATRIMONI.pdf\">2022 <\/a>| <a href=\"https:\/\/www.tauli.cat\/institut\/wp-content\/uploads\/2024\/05\/F3IPT_2021_ESTAT_CANVIS_PATRIMONI.pdf\">2021<\/a> |\u00a0<a href=\"https:\/\/www.tauli.cat\/tauli\/images\/InfoCorporativa\/documents\/2020_FPT_PATRIMONI.pdf\" target=\"_blank\" rel=\"noopener\">2020 <\/a>|<a href=\"https:\/\/www.tauli.cat\/tauli\/images\/InfoCorporativa\/documents\/FPT_AUDITORIA_2019_PATRIMONI.pdf\" target=\"_blank\" rel=\"noopener\">2019<\/a>\u00a0|\u00a0<a href=\"https:\/\/www.tauli.cat\/tauli\/images\/InfoCorporativa\/documents\/04_2018_fpt_patrimoni.pdf\" target=\"_blank\" rel=\"noopener\">2018<\/a>\u00a0|\u00a0<a href=\"https:\/\/www.tauli.cat\/tauli\/images\/InfoCorporativa\/documents\/04_2017_fpt_patrimoni.pdf\" target=\"_blank\" rel=\"noopener\">2017<\/a>\u00a0|\u00a0<a href=\"https:\/\/www.tauli.cat\/tauli\/images\/SeuElectronica\/documents\/Comptes_anuals_auditats\/2016\/2016_CanvisPatrimonNet_FPT.pdf\" target=\"_blank\" rel=\"noopener\">2016<\/a>\u00a0|\u00a0<a href=\"https:\/\/www.tauli.cat\/tauli\/images\/SeuElectronica\/documents\/Comptes_anuals_auditats\/2015\/2015_CanvisPatrimNet_FPT.pdf\" target=\"_blank\" rel=\"noopener\">2015<\/a>\u00a0|\u00a0<a href=\"https:\/\/www.tauli.cat\/tauli\/images\/SeuElectronica\/documents\/Comptes_anuals_auditats\/2014\/2014_AuditoriaMA_FPT.pdf#page=15\" target=\"_blank\" rel=\"noopener\">2014<\/a>\u00a0|\u00a0<a href=\"https:\/\/www.tauli.cat\/tauli\/images\/SeuElectronica\/documents\/Comptes_anuals_auditats\/Auditoria_FPT_2013.pdf#page=9\" target=\"_blank\" rel=\"noopener\">2013<\/a><\/p>\n<ul>\n<li>\n<h5>Mem\u00f2ria anual de l\u2019exercici<\/h5>\n<\/li>\n<\/ul>\n<p>| <a href=\"https:\/\/www.tauli.cat\/institut\/wp-content\/uploads\/2026\/01\/Memoria_2024.pdf\">2024<\/a> | <a href=\"https:\/\/www.tauli.cat\/institut\/wp-content\/uploads\/2026\/01\/Memoria_2023.pdf\">2023<\/a> | <a href=\"https:\/\/www.tauli.cat\/institut\/wp-content\/uploads\/2024\/05\/F3IPT_2022_MEMORIA_ANUAL.pdf\">2022 | <\/a><a href=\"https:\/\/www.tauli.cat\/institut\/wp-content\/uploads\/2024\/05\/F3IPT_2021_MEMORIA_ANUAL.pdf\">2021<\/a>\u00a0| \u00a0<a href=\"https:\/\/www.tauli.cat\/tauli\/images\/InfoCorporativa\/documents\/2020_FPT_MEMORIA.pdf\" target=\"_blank\" rel=\"noopener\">2020<\/a>\u00a0| <a href=\"https:\/\/www.tauli.cat\/tauli\/images\/InfoCorporativa\/documents\/FPT_AUDITORIA_2019_MEMORIES.pdf\" target=\"_blank\" rel=\"noopener\">2019<\/a>\u00a0|\u00a0<a href=\"https:\/\/www.tauli.cat\/tauli\/images\/InfoCorporativa\/documents\/05_2018_fpt_memoria.pdf\" target=\"_blank\" rel=\"noopener\">2018<\/a>\u00a0|\u00a0<a href=\"https:\/\/www.tauli.cat\/tauli\/images\/InfoCorporativa\/documents\/05_2017_fpt_memoria.pdf\" target=\"_blank\" rel=\"noopener\">2017<\/a>\u00a0|\u00a0<a href=\"https:\/\/www.tauli.cat\/tauli\/images\/SeuElectronica\/documents\/Comptes_anuals_auditats\/2016\/2016_MemAnual_FPT.pdf\" target=\"_blank\" rel=\"noopener\">2016<\/a>\u00a0|<a href=\"https:\/\/www.tauli.cat\/tauli\/images\/SeuElectronica\/documents\/Comptes_anuals_auditats\/2015\/2015_MemAnual_FPT.pdf\" target=\"_blank\" rel=\"noopener\">\u00a02015<\/a>\u00a0|\u00a0<a href=\"https:\/\/www.tauli.cat\/tauli\/images\/SeuElectronica\/documents\/Comptes_anuals_auditats\/2014\/2014_AuditoriaMA_FPT.pdf#page=16\" target=\"_blank\" rel=\"noopener\">2014<\/a>\u00a0|\u00a0<a href=\"https:\/\/www.tauli.cat\/tauli\/images\/SeuElectronica\/documents\/Comptes_anuals_auditats\/Auditoria_FPT_2013.pdf#page=10\" target=\"_blank\" rel=\"noopener\">2013<\/a><\/p>\n<ul>\n<li>\n<h5>Informaci\u00f3 pressupost\u00e0ria<\/h5>\n<\/li>\n<\/ul>\n<p>| <a href=\"https:\/\/www.tauli.cat\/institut\/wp-content\/uploads\/2026\/01\/iNFO.PRESSUPOST-2024.pdf\">2024<\/a> | <a href=\"https:\/\/www.tauli.cat\/institut\/wp-content\/uploads\/2026\/01\/INF.PRESSUPOSTARIA-2023.pdf\">2023<\/a> | <a href=\"https:\/\/www.tauli.cat\/institut\/wp-content\/uploads\/2024\/05\/F3IPT_2022_INFORMACIO_PRESSUPOSTARIA.pdf\">2022 <\/a>| <a href=\"https:\/\/www.tauli.cat\/institut\/wp-content\/uploads\/2024\/05\/F3IPT_2021_INFORMACIO_PRESSUPOSTARIA.pdf\">2021<\/a> | <a href=\"https:\/\/www.tauli.cat\/tauli\/images\/InfoCorporativa\/documents\/2020_FPT_INF_PRESSUPOSTOS.pdf\" target=\"_blank\" rel=\"noopener\">2020<\/a>\u00a0|<a href=\"https:\/\/www.tauli.cat\/tauli\/images\/InfoCorporativa\/documents\/FPT_AUDITORIA_2019_INFO__PRES.pdf\" target=\"_blank\" rel=\"noopener\">2019<\/a>\u00a0|\u00a0<a href=\"https:\/\/www.tauli.cat\/tauli\/images\/InfoCorporativa\/documents\/06_2018_fpt_liquidacio.pdf\" target=\"_blank\" rel=\"noopener\">2018<\/a>\u00a0|\u00a0<a href=\"https:\/\/www.tauli.cat\/tauli\/images\/InfoCorporativa\/documents\/06_2017_FPT_PRESSUPOSTARIA.pdf\" target=\"_blank\" rel=\"noopener\">2017<\/a>\u00a0|\u00a0<a href=\"https:\/\/www.tauli.cat\/tauli\/images\/SeuElectronica\/documents\/Comptes_anuals_auditats\/2016\/2016_InfPressupost_FPT.pdf\" target=\"_blank\" rel=\"noopener\">2016<\/a>\u00a0|<a href=\"https:\/\/www.tauli.cat\/tauli\/images\/SeuElectronica\/documents\/Comptes_anuals_auditats\/2015\/2015_InfPressupost_FPT.pdf\" target=\"_blank\" rel=\"noopener\">\u00a02015<\/a>\u00a0|\u00a0<a href=\"https:\/\/www.tauli.cat\/tauli\/images\/SeuElectronica\/documents\/Comptes_anuals_auditats\/2014\/2014_AuditoriaMA_FPT.pdf#page=73\" target=\"_blank\" rel=\"noopener\">2014<\/a>\u00a0|\u00a0<a href=\"https:\/\/www.tauli.cat\/tauli\/images\/SeuElectronica\/documents\/Comptes_anuals_auditats\/Auditoria_FPT_2013.pdf#page=71\" target=\"_blank\" rel=\"noopener\">2013<\/a>[\/vc_column_text][\/vc_tta_section][\/vc_tta_tour][\/vc_column][\/vc_row]\n<\/div>","protected":false},"excerpt":{"rendered":"<p>[vc_row][vc_column][vc_tta_tour][vc_tta_section title=&#8221;Pressupostos&#8221; tab_id=&#8221;pressupostos&#8221;][vc_column_text css=&#8221;&#8221;] Pressupostos aprovats, executats i liquidats [\/vc_column_text][vc_column_text] Objectius\u00a0 \u00a0 \u00a0 \u00a0 \u00a0 \u00a0 \u00a0 \u00a0 2023|\u00a02022|\u00a0\u00a02020|\u00a02019|\u00a0\u00a02017|\u00a02016 Pressupost\u00a0 \u00a0 \u00a0 \u00a0 \u00a0 \u00a0 \u00a02023|\u00a02022|\u00a0\u00a02020|\u00a02019|\u00a0\u00a02017|\u00a02016 Inversions\u00a0 \u00a0 \u00a0 \u00a0 \u00a0 \u00a0 \u00a0 2023|\u00a02022|\u00a0\u00a02020|\u00a02019|\u00a0\u00a02017|\u00a02016 Equip hum\u00e0\u00a0 \u00a0 \u00a0 \u00a0 \u00a0 \u00a02023|\u00a02022|\u00a0\u00a02020|\u00a02019|\u00a0\u00a02017|\u00a02016 Estats financers\u00a0 \u00a0 2023|\u00a02022|\u00a0\u00a02020|\u00a02019|\u00a0\u00a02017|\u00a02016 [\/vc_column_text][\/vc_tta_section][vc_tta_section title=&#8221;Auditories de comptes i fiscalitzaci\u00f3&#8221; tab_id=&#8221;auditories&#8221;][vc_column_text css=&#8221;&#8221;] Auditories de [&hellip;]<\/p>\n","protected":false},"author":24,"featured_media":0,"parent":15021,"menu_order":0,"comment_status":"closed","ping_status":"closed","template":"","meta":[],"_links":{"self":[{"href":"https:\/\/www.tauli.cat\/institut\/wp-json\/wp\/v2\/pages\/15055"}],"collection":[{"href":"https:\/\/www.tauli.cat\/institut\/wp-json\/wp\/v2\/pages"}],"about":[{"href":"https:\/\/www.tauli.cat\/institut\/wp-json\/wp\/v2\/types\/page"}],"author":[{"embeddable":true,"href":"https:\/\/www.tauli.cat\/institut\/wp-json\/wp\/v2\/users\/24"}],"replies":[{"embeddable":true,"href":"https:\/\/www.tauli.cat\/institut\/wp-json\/wp\/v2\/comments?post=15055"}],"version-history":[{"count":17,"href":"https:\/\/www.tauli.cat\/institut\/wp-json\/wp\/v2\/pages\/15055\/revisions"}],"predecessor-version":[{"id":21620,"href":"https:\/\/www.tauli.cat\/institut\/wp-json\/wp\/v2\/pages\/15055\/revisions\/21620"}],"up":[{"embeddable":true,"href":"https:\/\/www.tauli.cat\/institut\/wp-json\/wp\/v2\/pages\/15021"}],"wp:attachment":[{"href":"https:\/\/www.tauli.cat\/institut\/wp-json\/wp\/v2\/media?parent=15055"}],"curies":[{"name":"wp","href":"https:\/\/api.w.org\/{rel}","templated":true}]}}