{"id":15067,"date":"2024-06-14T08:43:33","date_gmt":"2024-06-14T06:43:33","guid":{"rendered":"https:\/\/www.tauli.cat\/institut\/?page_id=15067"},"modified":"2025-10-16T12:10:32","modified_gmt":"2025-10-16T10:10:32","slug":"gestio-dequip-huma","status":"publish","type":"page","link":"https:\/\/www.tauli.cat\/institut\/portal-de-transparencia\/gestio-dequip-huma\/","title":{"rendered":"Gesti\u00f3 d&#8217;equip hum\u00e0"},"content":{"rendered":"<div class=\"wpb-content-wrapper\">[vc_row][vc_column][vc_tta_tabs][vc_tta_section title=&#8221;Personal directiu&#8221; tab_id=&#8221;personal-directiu&#8221;][vc_column_text css=&#8221;&#8221;]\n<h2>Personal directiu<\/h2>\n<p>D\u2019acord amb la \u201c<a href=\"https:\/\/governobert.gencat.cat\/web\/.content\/01_Que_es\/cigo\/reunions_documents_CITGO\/3a-reunio-de-la-citgo-\/Document-de-revisio-de-criteris-Transparencia-SAFP-VF-aprovat-CITGO-28-....pdf\">Revisi\u00f3 dels Criteris en relaci\u00f3 a les obligacions de publicitat activa en mat\u00e8ria d\u2019administraci\u00f3 i funci\u00f3 p\u00fablica establertes a la Llei 19\/2014, de 29 de desembre\u201d (CTIGO 28\/10\/2016)<\/a>, s\u2019ent\u00e9n per <strong>personal directiu<\/strong> d\u2019entitats del sector p\u00fablic instrumental de la Generalitat de Catalunya, a efectes\u00a0 exclusivament de la Llei 19\/2014, les persones que:<\/p>\n<p>\u201c1. Ocupen els llocs de m\u00e0xima responsabilitat directiva o gerencial (que depenen directament del Consell d\u2019Administraci\u00f3 o \u00f2rgan de govern), o<\/p>\n<p>2. Han subscrit un contracte laboral d&#8217;alta direcci\u00f3 o mercantil, o<\/p>\n<p>3. Ocupen llocs qualificats com a directius en els corresponents Estatuts o normes de creaci\u00f3 o regulaci\u00f3<\/p>\n<p>Aix\u00ed mateix, als efectes de la Llei 19\/2014, de 29 de desembre, de transpar\u00e8ncia, acc\u00e9s a la informaci\u00f3 p\u00fablica i bon govern es consideren personal directiu les persones que:<\/p>\n<p>4. Han subscrit un contracte laboral fora de conveni, i, entre les responsabilitats i funcions assignades, hi figuren alguna o algunes de les seg\u00fcents:<\/p>\n<ol style=\"list-style-type: lower-alpha;\">\n<li>Participar en la formulaci\u00f3 i en l&#8217;execuci\u00f3 de pol\u00edtiques p\u00fabliques i en el disseny i aplicaci\u00f3 de la normativa compet\u00e8ncia del mateix departament o de l&#8217;entitat corresponent.<\/li>\n<li>Participar en la planificaci\u00f3 estrat\u00e8gica i dur a terme la planificaci\u00f3 operativa de les funcions que tingui assignades.<\/li>\n<li>Capacitat de comprometre externament l\u2019organitzaci\u00f3<\/li>\n<\/ol>\n<p>5. Tenen una dedicaci\u00f3 \u00fanica o principal a l\u2019entitat, i tenen capacitat de comprometre externament l\u2019organitzaci\u00f3&#8221;.[\/vc_column_text][vc_column_text css=&#8221;&#8221;]\n<h3>Relaci\u00f3 del personal directiu i les seves retribucions, indemnitzacions i dietes<\/h3>\n[\/vc_column_text][vc_row_inner][vc_column_inner width=&#8221;1\/2&#8243;][vc_column_text css=&#8221;&#8221;]<strong>Direcci\u00f3 de Recerca i Innovaci\u00f3:<\/strong><\/p>\n<ul>\n<li>Total fix: 98.148,54 euros<\/li>\n<\/ul>\n<p><strong>Direcci\u00f3 de Gesti\u00f3:<\/strong><\/p>\n<ul>\n<li>Total fix: 75.204,50 euros<\/li>\n<\/ul>\n[\/vc_column_text][\/vc_column_inner][vc_column_inner width=&#8221;1\/2&#8243;]<div class=\"eut-element eut-box-icon eut-align-left eut-medium\" style=\"\">  <div class=\"eut-wrapper-icon eut-no-shape eut-color-grey\"><i class=\"fas fa-money-check-alt eut-color-primary-1\"><\/i><\/div>  <div class=\"eut-box-content\">      <h4 class=\"eut-box-title\">Retribucions 2025<\/h4>  <\/div><\/div>[\/vc_column_inner][\/vc_row_inner][vc_empty_space height=&#8221;50px&#8221;][vc_row_inner][vc_column_inner width=&#8221;1\/5&#8243;][vc_column_text css=&#8221;&#8221;]<span style=\"font-size: 10pt;\"><strong>Refer\u00e8ncia: <\/strong>Any en curs<\/span>[\/vc_column_text][\/vc_column_inner][vc_column_inner width=&#8221;1\/5&#8243;][vc_column_text css=&#8221;&#8221;]<span style=\"font-size: 10pt;\"><strong>Manteniment: <\/strong>5 anys<\/span>[\/vc_column_text][\/vc_column_inner][vc_column_inner width=&#8221;2\/5&#8243;][vc_column_text css=&#8221;&#8221;]<span style=\"font-size: 10pt;\"><strong>Actualitzaci\u00f3: <\/strong>Anual i mensual<\/span>[\/vc_column_text][\/vc_column_inner][\/vc_row_inner][vc_empty_space height=&#8221;70px&#8221;][vc_column_text css=&#8221;&#8221;]S&#8217;ent\u00e9n per <strong>retribuci\u00f3<\/strong> la compensaci\u00f3 econ\u00f2mica que una persona percep per la seva feina.<\/p>\n<p>Per <strong>indemnitzaci\u00f3<\/strong>, les quantitats que es puguin percebre per ra\u00f3 de la prestaci\u00f3 de serveis. S\u2019hi inclouen, entre d\u2019altres, les indemnitzacions per despeses de viatge, les indemnitzacions per la utilitzaci\u00f3 de qualsevol mitj\u00e0 de transport per ra\u00f3 de la prestaci\u00f3 de serveis, les indemnitzacions per trasllat de resid\u00e8ncia for\u00e7\u00f3s del lloc de treball habitual amb canvi de localitat, els drets d\u2019assist\u00e8ncia per la participaci\u00f3 en tribunals de selecci\u00f3 de personal o en la pr\u00e0ctica de proves d\u2019aptitud, per la col\u00b7laboraci\u00f3 en cursos i activitats de formaci\u00f3 i perfeccionament del personal organitzats per l\u2019Administraci\u00f3 p\u00fablica i per la concurr\u00e8ncia a reunions dels seus \u00f2rgans col\u00b7legiats o a consells d\u2019administraci\u00f3 de les entitats del seu sector p\u00fablic.<\/p>\n<p>Per <strong>indemnitzaci\u00f3 en deixar d\u2019exercir el c\u00e0rrec, <\/strong>les quantitats percebudes per cessament en l\u2019exercici del c\u00e0rrec o per extinci\u00f3 de la vinculaci\u00f3 laboral.<\/p>\n<p>Per <strong>dieta<\/strong>, les quantitats que s\u2019acrediten di\u00e0riament com a compensaci\u00f3 econ\u00f2mica per satisfer les despeses de manutenci\u00f3 i allotjament que poden originar les comeses de servei i l\u2019assist\u00e8ncia a cursos fora de la localitat del lloc de treball habitual.<\/p>\n<p><strong>D\u2019acord amb l\u2019article 63 de la Llei 3\/2015, d\u201911 de mar\u00e7, de mesures fiscals, financeres i administratives, no es percep cap tipus de dret d\u2019assist\u00e8ncia per la concurr\u00e8ncia a reunions d\u2019\u00f2rgans de Govern de consells d\u2019administraci\u00f3 o de qualsevol altre \u00f2rgan col\u00b7legiat de l\u2019Administraci\u00f3 de la Generalitat i de les entitats, ens o empreses del seu sector p\u00fablic.<\/strong>[\/vc_column_text][vc_column_text css=&#8221;&#8221;]\n<h3>Agendes p\u00fabliques, obsequis i invitacions dels alts c\u00e0rrecs i personal directiu<\/h3>\n[\/vc_column_text]<div class=\"eut-element eut-box-icon eut-align-left eut-medium\" style=\"\">  <div class=\"eut-wrapper-icon eut-no-shape eut-color-grey\"><i class=\"fas fa-portrait eut-color-primary-1\"><\/i><\/div>  <div class=\"eut-box-content\">      <h4 class=\"eut-box-title\">Agenda Direcci\u00f3 de Recerca i Innovaci\u00f3 2025<\/h4>  <\/div><\/div><div class=\"eut-element eut-box-icon eut-align-left eut-medium\" style=\"\">  <div class=\"eut-wrapper-icon eut-no-shape eut-color-grey\"><i class=\"fas fa-portrait eut-color-primary-1\"><\/i><\/div>  <div class=\"eut-box-content\">      <h4 class=\"eut-box-title\">Agenda Direcci\u00f3 de Gesti\u00f3 2025<\/h4>  <\/div><\/div>[vc_row_inner][vc_column_inner width=&#8221;1\/5&#8243;][vc_column_text css=&#8221;&#8221;]<span style=\"font-size: 10pt;\"><strong>Refer\u00e8ncia: <\/strong>Any en curs<\/span>[\/vc_column_text][\/vc_column_inner][vc_column_inner width=&#8221;1\/5&#8243;][vc_column_text css=&#8221;&#8221;]<span style=\"font-size: 10pt;\"><strong>Manteniment: <\/strong>5 anys<\/span>[\/vc_column_text][\/vc_column_inner][vc_column_inner width=&#8221;1\/5&#8243;][vc_column_text css=&#8221;&#8221;]<span style=\"font-size: 10pt;\"><strong>Actualitzaci\u00f3: <\/strong>Anual<\/span>[\/vc_column_text][\/vc_column_inner][\/vc_row_inner][vc_empty_space height=&#8221;60px&#8221;][vc_column_text css=&#8221;&#8221;]\n<h3>Designacions d&#8217;alts c\u00e0rrecs i personal directiu a activitats formatives<\/h3>\n<p><em>[No es disposa d\u2019informaci\u00f3 d\u2019aquesta naturalesa]<\/em>[\/vc_column_text][vc_row_inner][vc_column_inner width=&#8221;1\/5&#8243;][vc_column_text css=&#8221;&#8221;]<span style=\"font-size: 10pt;\"><strong>Refer\u00e8ncia: <\/strong>Any en curs<\/span>[\/vc_column_text][\/vc_column_inner][vc_column_inner width=&#8221;1\/5&#8243;][vc_column_text css=&#8221;&#8221;]<span style=\"font-size: 10pt;\"><strong>Manteniment: <\/strong>5 anys<\/span>[\/vc_column_text][\/vc_column_inner][vc_column_inner width=&#8221;1\/5&#8243;][vc_column_text css=&#8221;&#8221;]<span style=\"font-size: 10pt;\"><strong>Actualitzaci\u00f3: <\/strong>Anual<\/span>[\/vc_column_text][\/vc_column_inner][\/vc_row_inner][vc_empty_space height=&#8221;60px&#8221;][vc_column_text css=&#8221;&#8221;]\n<h3>Viatges a l&#8217;estranger<\/h3>\n<p><em>[No es disposa d\u2019informaci\u00f3 d\u2019aquesta naturalesa]<\/em>[\/vc_column_text][vc_row_inner][vc_column_inner width=&#8221;1\/5&#8243;][vc_column_text css=&#8221;&#8221;]<span style=\"font-size: 10pt;\"><strong>Refer\u00e8ncia: <\/strong>Any en curs<\/span>[\/vc_column_text][\/vc_column_inner][vc_column_inner width=&#8221;1\/5&#8243;][vc_column_text css=&#8221;&#8221;]<span style=\"font-size: 10pt;\"><strong>Manteniment: <\/strong>5 anys<\/span>[\/vc_column_text][\/vc_column_inner][vc_column_inner width=&#8221;3\/5&#8243;][vc_column_text css=&#8221;&#8221;]<span style=\"font-size: 10pt;\"><strong>Actualitzaci\u00f3: <\/strong>Des de la finalitzaci\u00f3 del viatge, 1 mes en cas de disposar de la informaci\u00f3 o 4 mesos si aquesta no est\u00e0 disponible o no \u00e9s definitiva<\/span>[\/vc_column_text][\/vc_column_inner][\/vc_row_inner][\/vc_tta_section][vc_tta_section title=&#8221;Equip hum\u00e0&#8221; tab_id=&#8221;equip-huma&#8221;][vc_column_text css=&#8221;&#8221;]\n<h2>Equip hum\u00e0<\/h2>\n<h3>Convocat\u00f2ries de personal<\/h3>\n[\/vc_column_text][vc_row_inner][vc_column_inner width=&#8221;1\/3&#8243;]<div class=\"eut-element eut-box-icon eut-align-left eut-medium\" style=\"\"><a href=\"https:\/\/www.tauli.cat\/institut\/presentacio\/recursos-humans\/treballa-amb-nosaltres\/\" target=\"_blank\">  <div class=\"eut-wrapper-icon eut-no-shape eut-color-grey\"><i class=\"fas fa-briefcase eut-color-primary-1\"><\/i><\/div><\/a>  <div class=\"eut-box-content\"><a href=\"https:\/\/www.tauli.cat\/institut\/presentacio\/recursos-humans\/treballa-amb-nosaltres\/\" target=\"_blank\">      <h4 class=\"eut-box-title\">Treballa amb nosaltres<\/h4><\/a>  <\/div><\/div>[\/vc_column_inner][vc_column_inner width=&#8221;2\/3&#8243;][vc_column_text css=&#8221;&#8221;]\n<ul>\n<li>Convocat\u00f2ries d&#8217;acc\u00e9s i promoci\u00f3 interna<\/li>\n<li>Convocat\u00f2ries de provisi\u00f3 definitives<\/li>\n<li>Ofertes de treball temporal<\/li>\n<\/ul>\n[\/vc_column_text][\/vc_column_inner][\/vc_row_inner][vc_row_inner][vc_column_inner width=&#8221;1\/5&#8243;][vc_column_text css=&#8221;&#8221;]<span style=\"font-size: 10pt;\"><strong>Refer\u00e8ncia<\/strong>: Any en curs<\/span>[\/vc_column_text][\/vc_column_inner][vc_column_inner width=&#8221;1\/5&#8243;][vc_column_text css=&#8221;&#8221;]<span style=\"font-size: 10pt;\"><strong>Manteniment<\/strong>: 5 anys<\/span>[\/vc_column_text][\/vc_column_inner][vc_column_inner width=&#8221;3\/5&#8243;][vc_column_text css=&#8221;&#8221;]<span style=\"font-size: 10pt;\"><strong>Actualitzaci\u00f3<\/strong>: En funci\u00f3 del desenvolupament de cada convocat\u00f2ria<\/span>[\/vc_column_text][\/vc_column_inner][\/vc_row_inner][vc_empty_space height=&#8221;60px&#8221;][vc_column_text css=&#8221;&#8221;]\n<h3>Retribucions, indemnitzacions i dietes dels empleats p\u00fablics<\/h3>\n[\/vc_column_text]<div class=\"eut-element eut-box-icon eut-align-left eut-medium\" style=\"\"><a href=\"https:\/\/www.tauli.cat\/institut\/wp-content\/uploads\/2024\/08\/conveni-colectiu.pdf\" target=\"_blank\">  <div class=\"eut-wrapper-icon eut-no-shape eut-color-grey\"><i class=\"fas fa-handshake eut-color-primary-1\"><\/i><\/div><\/a>  <div class=\"eut-box-content\"><a href=\"https:\/\/www.tauli.cat\/institut\/wp-content\/uploads\/2024\/08\/conveni-colectiu.pdf\" target=\"_blank\">      <h4 class=\"eut-box-title\">Conveni col\u00b7lectiu<\/h4><\/a>  <\/div><\/div><div class=\"eut-element eut-box-icon eut-align-left eut-medium\" style=\"\"><a href=\"https:\/\/www.tauli.cat\/institut\/wp-content\/uploads\/2024\/08\/CATEGORIES-SAP-2024-juliol-2024-1.pdf\" target=\"_blank\">  <div class=\"eut-wrapper-icon eut-no-shape eut-color-grey\"><i class=\"fas fa-money-check-alt eut-color-primary-1\"><\/i><\/div><\/a>  <div class=\"eut-box-content\"><a href=\"https:\/\/www.tauli.cat\/institut\/wp-content\/uploads\/2024\/08\/CATEGORIES-SAP-2024-juliol-2024-1.pdf\" target=\"_blank\">      <h4 class=\"eut-box-title\">Taules de retribucions per diferents costos i nivells<\/h4><\/a>  <\/div><\/div><div class=\"eut-element eut-box-icon eut-align-left eut-medium\" style=\"\"><a href=\"https:\/\/www.tauli.cat\/institut\/wp-content\/uploads\/2024\/08\/normativa-vid.pdf\" target=\"_blank\">  <div class=\"eut-wrapper-icon eut-no-shape eut-color-grey\"><i class=\"fas fa-info-circle eut-color-primary-1\"><\/i><\/div><\/a>  <div class=\"eut-box-content\"><a href=\"https:\/\/www.tauli.cat\/institut\/wp-content\/uploads\/2024\/08\/normativa-vid.pdf\" target=\"_blank\">      <h4 class=\"eut-box-title\">Informaci\u00f3 general sobre indemnitzacions i dietes<\/h4><\/a>  <\/div><\/div>[vc_row_inner][vc_column_inner width=&#8221;1\/5&#8243;][vc_column_text css=&#8221;&#8221;]<span style=\"font-size: 10pt;\"><strong>Refer\u00e8ncia<\/strong>: Any en curs<\/span>[\/vc_column_text][\/vc_column_inner][vc_column_inner width=&#8221;1\/5&#8243;][vc_column_text css=&#8221;&#8221;]<span style=\"font-size: 10pt;\"><strong>Manteniment<\/strong>: 5 anys<\/span>[\/vc_column_text][\/vc_column_inner][vc_column_inner width=&#8221;3\/5&#8243;][vc_column_text css=&#8221;&#8221;]<span style=\"font-size: 10pt;\"><strong>Actualitzaci\u00f3<\/strong>: Anual i mensual<\/span>[\/vc_column_text][\/vc_column_inner][\/vc_row_inner][vc_empty_space height=&#8221;60px&#8221;][vc_column_text css=&#8221;&#8221;]S&#8217;ent\u00e9n per <strong>retribuci\u00f3<\/strong> la compensaci\u00f3 econ\u00f2mica que una persona percep per la seva feina.<\/p>\n<p>Per <strong>indemnitzaci\u00f3<\/strong>, les quantitats que es puguin percebre per ra\u00f3 de la prestaci\u00f3 de serveis. S\u2019hi inclouen, entre d\u2019altres, les indemnitzacions per despeses de viatge, les indemnitzacions per la utilitzaci\u00f3 de qualsevol mitj\u00e0 de transport per ra\u00f3 de la prestaci\u00f3 de serveis, les indemnitzacions per trasllat de resid\u00e8ncia for\u00e7\u00f3s del lloc de treball habitual amb canvi de localitat, els drets d\u2019assist\u00e8ncia per la participaci\u00f3 en tribunals de selecci\u00f3 de personal o en la pr\u00e0ctica de proves d\u2019aptitud, per la col\u00b7laboraci\u00f3 en cursos i activitats de formaci\u00f3 i perfeccionament del personal organitzats per l\u2019Administraci\u00f3 p\u00fablica i per la concurr\u00e8ncia a reunions dels seus \u00f2rgans col\u00b7legiats o a consells d\u2019administraci\u00f3 de les entitats del seu sector p\u00fablic.<\/p>\n<p>Per <strong>indemnitzaci\u00f3 en deixar d\u2019exercir el c\u00e0rrec, <\/strong>les quantitats percebudes per cessament en l\u2019exercici del c\u00e0rrec o per extinci\u00f3 de la vinculaci\u00f3 laboral.<\/p>\n<p>Per <strong>dieta<\/strong>, les quantitats que s\u2019acrediten di\u00e0riament com a compensaci\u00f3 econ\u00f2mica per satisfer les despeses de manutenci\u00f3 i allotjament que poden originar les comeses de servei i l\u2019assist\u00e8ncia a cursos fora de la localitat del lloc de treball habitual.<\/p>\n<p><strong>D\u2019acord amb l\u2019article 63 de la Llei 3\/2015, d\u201911 de mar\u00e7, de mesures fiscals, financeres i administratives, no es percep cap tipus de dret d\u2019assist\u00e8ncia per la concurr\u00e8ncia a reunions d\u2019\u00f2rgans de Govern de consells d\u2019administraci\u00f3 o de qualsevol altre \u00f2rgan col\u00b7legiat de l\u2019Administraci\u00f3 de la Generalitat i de les entitats, ens o empreses del seu sector p\u00fablic.<\/strong>[\/vc_column_text][vc_column_text css=&#8221;&#8221;]\n<h3>Empleats p\u00fablics admesos a activitats formatives<\/h3>\n<p><em>[No es disposa d\u2019informaci\u00f3 d\u2019aquesta naturalesa]<\/em>[\/vc_column_text][vc_row_inner][vc_column_inner width=&#8221;1\/5&#8243;][vc_column_text css=&#8221;&#8221;]<span style=\"font-size: 10pt;\"><strong>Refer\u00e8ncia<\/strong>: Any en curs<\/span>[\/vc_column_text][\/vc_column_inner][vc_column_inner width=&#8221;1\/5&#8243;][vc_column_text css=&#8221;&#8221;]<span style=\"font-size: 10pt;\"><strong>Manteniment<\/strong>: 5 anys<\/span>[\/vc_column_text][\/vc_column_inner][vc_column_inner width=&#8221;3\/5&#8243;][vc_column_text css=&#8221;&#8221;]<span style=\"font-size: 10pt;\"><strong>Actualitzaci\u00f3<\/strong>: Anual<\/span>[\/vc_column_text][\/vc_column_inner][\/vc_row_inner][vc_empty_space height=&#8221;60px&#8221;][vc_column_text css=&#8221;&#8221;]\n<h3>Acords, pactes i convenis de personal<\/h3>\n<p>&nbsp;<\/p>\n<table style=\"border-collapse: collapse; width: 100%;\">\n<tbody>\n<tr>\n<td style=\"width: 9.34741%;\"><strong>Tipus<\/strong><\/td>\n<td style=\"width: 27.5418%;\"><strong>T\u00edtol<\/strong><\/td>\n<td style=\"width: 13.0295%;\"><strong>Codi<\/strong><\/td>\n<td style=\"width: 16.0476%;\"><strong>Data de subscripci\u00f3<\/strong><\/td>\n<td style=\"width: 15.1261%;\"><strong>Data de publicaci\u00f3<\/strong><\/td>\n<td style=\"width: 11.0293%;\"><strong>Enlla\u00e7<\/strong><\/td>\n<td style=\"width: 7.87813%;\"><strong>Vig\u00e8ncia<\/strong><\/td>\n<\/tr>\n<tr>\n<td style=\"width: 9.34741%;\">Conveni<\/td>\n<td style=\"width: 27.5418%;\">RESOLUCI\u00d3 de 3 de setembre de 2021, per la qual es disposa la inscripci\u00f3 i la publicaci\u00f3 del <span style=\"font-family: inherit; font-size: inherit;\">Conveni col\u00b7lectiu de treball de la Fundaci\u00f3 Parc Taul\u00ed per als anys 2020 i 2021<\/span><\/td>\n<td style=\"width: 13.0295%;\">08103372012021<\/td>\n<td style=\"width: 16.0476%;\">18 de gener de 2021<\/td>\n<td style=\"width: 15.1261%;\">1 d&#8217;octubre de 2021<\/td>\n<td style=\"width: 11.0293%;\"><a href=\"https:\/\/www.tauli.cat\/institut\/wp-content\/uploads\/2024\/08\/conveni-colectiu.pdf\" target=\"_blank\" rel=\"noopener\">Text \u00edntegre<\/a><\/td>\n<td style=\"width: 7.87813%;\">Vigent<\/td>\n<\/tr>\n<\/tbody>\n<\/table>\n[\/vc_column_text][vc_row_inner][vc_column_inner width=&#8221;1\/5&#8243;][vc_column_text css=&#8221;&#8221;]<span style=\"font-size: 10pt;\"><strong>Refer\u00e8ncia<\/strong>: Any en curs<\/span>[\/vc_column_text][\/vc_column_inner][vc_column_inner width=&#8221;1\/5&#8243;][vc_column_text css=&#8221;&#8221;]<span style=\"font-size: 10pt;\"><strong>Manteniment<\/strong>: 5 anys<\/span>[\/vc_column_text][\/vc_column_inner][vc_column_inner width=&#8221;3\/5&#8243;][vc_column_text css=&#8221;&#8221;]<span style=\"font-size: 10pt;\"><strong>Actualitzaci\u00f3<\/strong>: Anual<\/span>[\/vc_column_text][\/vc_column_inner][\/vc_row_inner][vc_empty_space height=&#8221;60px&#8221;][vc_column_text css=&#8221;&#8221;]\n<h3>Representaci\u00f3 sindical<\/h3>\n<p>En aquest apartat es descriuen els \u00f2rgans representatius dels treballadors de les institucions del Parc Taul\u00ed per a la defensa dels seus interessos Estan integrats per treballadors escollits lliurement pels treballadors de la Fundaci\u00f3 en les eleccions que es fan cada quatre anys.<\/p>\n<p><strong>Comit\u00e8 d&#8217;Empresa de la Fundaci\u00f3 Institut d&#8217;Investigaci\u00f3 i Innovaci\u00f3 Parc Taul\u00ed<\/strong><\/p>\n<ul>\n<li>UGT (Uni\u00f3 General de Treballadors): 5<\/li>\n<\/ul>\n<h5><strong>Nombre i cost d&#8217;alliberats<\/strong><\/h5>\n<p><strong>Comit\u00e8 d&#8217;Empresa de la Fundaci\u00f3 Institut d&#8217;Investigaci\u00f3 i Innovaci\u00f3 Parc Taul\u00ed<\/strong><\/p>\n<ul>\n<li>Nombre i cost anual dels alliberats sindicals\u00a0 <a href=\"https:\/\/www.tauli.cat\/tauli\/images\/InfoCorporativa\/documents\/2022_REPRESENTACIO_I3PT.xlsx\">2022<\/a>|\u00a0<a href=\"https:\/\/www.tauli.cat\/tauli\/images\/InfoCorporativa\/documents\/2021_FI3PT_NOMBRE_COST_ALLIBERATS_DINDICALS.xlsx\">2021<\/a>|\u00a0<a href=\"https:\/\/www.tauli.cat\/tauli\/images\/InfoCorporativa\/documents\/2020_FPT_NOMBRE_I_COST_ALLIBERATS.xlsx\">2020<\/a>| <a href=\"https:\/\/www.tauli.cat\/tauli\/images\/InfoCorporativa\/documents\/NOMBRE_COST_ALLIBERATS_2019_FPT.xlsx\">2019<\/a> | <a href=\"https:\/\/www.tauli.cat\/tauli\/images\/InfoCorporativa\/documents\/2018_FPT_NOMBRE_COST_ALLIBERATS_SINDICALS(1).xlsx\">2018<\/a> | <a href=\"https:\/\/www.tauli.cat\/tauli\/images\/InfoCorporativa\/documents\/2017_FPT_NOMBRE_COST_ALLIBERATS_SINDICALS_ok.xlsx\">2017<\/a><\/li>\n<\/ul>\n[\/vc_column_text][vc_row_inner][vc_column_inner width=&#8221;1\/5&#8243;][vc_column_text css=&#8221;&#8221;]<span style=\"font-size: 10pt;\"><strong>Refer\u00e8ncia<\/strong>: Any en curs<\/span>[\/vc_column_text][\/vc_column_inner][vc_column_inner width=&#8221;1\/5&#8243;][vc_column_text css=&#8221;&#8221;]<span style=\"font-size: 10pt;\"><strong>Manteniment<\/strong>: 5 anys<\/span>[\/vc_column_text][\/vc_column_inner][vc_column_inner width=&#8221;3\/5&#8243;][vc_column_text css=&#8221;&#8221;]<span style=\"font-size: 10pt;\"><strong>Actualitzaci\u00f3<\/strong>: Anual<\/span>[\/vc_column_text][\/vc_column_inner][\/vc_row_inner][\/vc_tta_section][\/vc_tta_tabs][\/vc_column][\/vc_row]\n<\/div>","protected":false},"excerpt":{"rendered":"<p>[vc_row][vc_column][vc_tta_tabs][vc_tta_section title=&#8221;Personal directiu&#8221; tab_id=&#8221;personal-directiu&#8221;][vc_column_text css=&#8221;&#8221;] Personal directiu D\u2019acord amb la \u201cRevisi\u00f3 dels Criteris en relaci\u00f3 a les obligacions de publicitat activa en mat\u00e8ria d\u2019administraci\u00f3 i funci\u00f3 p\u00fablica establertes a la Llei 19\/2014, de 29 de desembre\u201d (CTIGO 28\/10\/2016), s\u2019ent\u00e9n per personal directiu d\u2019entitats del sector p\u00fablic instrumental de la Generalitat de Catalunya, a efectes\u00a0 exclusivament [&hellip;]<\/p>\n","protected":false},"author":24,"featured_media":0,"parent":15021,"menu_order":0,"comment_status":"closed","ping_status":"closed","template":"","meta":[],"_links":{"self":[{"href":"https:\/\/www.tauli.cat\/institut\/wp-json\/wp\/v2\/pages\/15067"}],"collection":[{"href":"https:\/\/www.tauli.cat\/institut\/wp-json\/wp\/v2\/pages"}],"about":[{"href":"https:\/\/www.tauli.cat\/institut\/wp-json\/wp\/v2\/types\/page"}],"author":[{"embeddable":true,"href":"https:\/\/www.tauli.cat\/institut\/wp-json\/wp\/v2\/users\/24"}],"replies":[{"embeddable":true,"href":"https:\/\/www.tauli.cat\/institut\/wp-json\/wp\/v2\/comments?post=15067"}],"version-history":[{"count":18,"href":"https:\/\/www.tauli.cat\/institut\/wp-json\/wp\/v2\/pages\/15067\/revisions"}],"predecessor-version":[{"id":19753,"href":"https:\/\/www.tauli.cat\/institut\/wp-json\/wp\/v2\/pages\/15067\/revisions\/19753"}],"up":[{"embeddable":true,"href":"https:\/\/www.tauli.cat\/institut\/wp-json\/wp\/v2\/pages\/15021"}],"wp:attachment":[{"href":"https:\/\/www.tauli.cat\/institut\/wp-json\/wp\/v2\/media?parent=15067"}],"curies":[{"name":"wp","href":"https:\/\/api.w.org\/{rel}","templated":true}]}}