{"id":15075,"date":"2024-06-14T09:03:14","date_gmt":"2024-06-14T07:03:14","guid":{"rendered":"https:\/\/www.tauli.cat\/institut\/?page_id=15075"},"modified":"2026-01-26T08:44:52","modified_gmt":"2026-01-26T07:44:52","slug":"convenis-i-contractacio-publica","status":"publish","type":"page","link":"https:\/\/www.tauli.cat\/institut\/portal-de-transparencia\/convenis-i-contractacio-publica\/","title":{"rendered":"Contractes, convenis i subvencions"},"content":{"rendered":"<div class=\"wpb-content-wrapper\">[vc_row][vc_column][vc_tta_tour][vc_tta_section title=&#8221;Informaci\u00f3 sobre contractaci\u00f3 p\u00fablica&#8221; tab_id=&#8221;informacio-contractacio-publica&#8221;][vc_column_text css=&#8221;&#8221;]\n<h4>Informaci\u00f3 sobre contractaci\u00f3 p\u00fablica<\/h4>\n[\/vc_column_text][vc_column_text css=&#8221;&#8221;]Per consultar la informaci\u00f3 relativa a la contractaci\u00f3 programada, licitacions en tr\u00e0mit, contractes subscrits, contractes de concessi\u00f3 d\u2019obres p\u00fabliques i de concessi\u00f3 de serveis, aix\u00ed com de modificacions contractuals, pr\u00f2rrogues, licitacions anul\u00b7lades, resolucions anticipades o actes de desistiment i ren\u00fancia, i contractaci\u00f3 menor, podeu accedir als seg\u00fcents enlla\u00e7os:<\/p>\n<p><a href=\"https:\/\/contractaciopublica.cat\/es\/perfils-contractant\/detall\/1782654\">\ud83d\udcc4 Plataforma de serveis de contractaci\u00f3 p\u00fablica<\/a><\/p>\n<p><a href=\"https:\/\/web.gencat.cat\/ca\/generalitat\/accio-govern\/contractacio-publica\/recursos-empreses\/rpc-empreses\">\ud83d\udcc4 Registre p\u00fablic de contractes<\/a><\/p>\n<p>Informaci\u00f3 de contractes Menors de la Fundaci\u00f3 Institut d\u2019Investigaci\u00f3 i Innovaci\u00f3 Parc Taul\u00ed:\u00a0 <a href=\"https:\/\/www.tauli.cat\/institut\/wp-content\/uploads\/2024\/10\/2017_CM-FI3PT.xlsx\">2017<\/a> \/\u00a0 <a href=\"https:\/\/www.tauli.cat\/institut\/wp-content\/uploads\/2024\/10\/2018_CM-FI3PT.xlsx\">2018<\/a> \/\u00a0 <a href=\"https:\/\/www.tauli.cat\/institut\/wp-content\/uploads\/2024\/10\/2019_CM_FI3PT.xlsx\">2019<\/a> \/\u00a0 <a href=\"https:\/\/www.tauli.cat\/institut\/wp-content\/uploads\/2024\/10\/2020_CM-FI3PT.xlsx\">2020<\/a> \/\u00a0 2021 \/\u00a0 2022 \/\u00a0 <a href=\"https:\/\/www.tauli.cat\/institut\/wp-content\/uploads\/2024\/10\/2023_CM-FI3PT.xlsx\">2023<\/a>[\/vc_column_text][vc_row_inner][vc_column_inner width=&#8221;1\/3&#8243;][vc_column_text css=&#8221;&#8221;]<span style=\"font-size: 10pt;\"><strong>Refer\u00e8ncia<\/strong>: Any en curs<\/span>[\/vc_column_text][\/vc_column_inner][vc_column_inner width=&#8221;1\/3&#8243;][vc_column_text css=&#8221;&#8221;]<span style=\"font-size: 10pt;\"><strong>Manteniment<\/strong>: 5 anys<\/span>[\/vc_column_text][\/vc_column_inner][\/vc_row_inner][\/vc_tta_section][vc_tta_section title=&#8221;Resolucions dels recursos especials i de les resolucions judicials definitives en mat\u00e8ria de contractaci\u00f3&#8221; tab_id=&#8221;resolucions&#8221;][vc_column_text css=&#8221;&#8221;]\n<h4>Resolucions dels recursos especials i de les resolucions judicials definitives en mat\u00e8ria de contractaci\u00f3<\/h4>\n[\/vc_column_text][vc_column_text css=&#8221;&#8221;]\n<table style=\"height: 120px; width: 102.129%; border-collapse: collapse; border-color: #ffffff;\">\n<tbody>\n<tr style=\"height: 24px;\">\n<td style=\"width: 32.3185%; height: 24px;\"><strong>Resoluci\u00f3<\/strong><\/td>\n<td style=\"width: 57.4573%; height: 24px;\"><strong>Resum<\/strong><\/td>\n<td style=\"width: 10.2241%; height: 24px;\"><strong>Enlla\u00e7<\/strong><\/td>\n<\/tr>\n<tr style=\"height: 96px;\">\n<td style=\"width: 32.3185%; height: 96px;\" width=\"248\">Resoluci\u00f3 n\u00fam.39\/2025 (recurs N-2024-0584), de 29 de gener de 2025, del Tribunal Catal\u00e0 de Contractes del Sector P\u00fablic.<\/td>\n<td style=\"width: 57.4573%; height: 96px;\" width=\"240\">Desestimaci\u00f3. Exclusi\u00f3 del lot 2 d&#8217;un acord marc. Error en oferir un preu de licitaci\u00f3 superior. Incompliment dels plecs de l&#8217;acord marc i error no susceptible d&#8217;esmena en tant que comporta formular una nova oferta per a aquell article, variants no previstes. Lex inter partes. Exclusi\u00f3 ajustada a dret.<\/td>\n<td style=\"width: 10.2241%; height: 96px;\"><a href=\"https:\/\/contractacio.gencat.cat\/web\/.content\/contacte\/tccsp\/resolucions\/2025\/resolucio_num._39_2025.pdf\" target=\"_blank\" rel=\"noopener\">Text \u00edntegre<\/a><\/td>\n<\/tr>\n<\/tbody>\n<\/table>\n[\/vc_column_text][vc_row_inner][vc_column_inner width=&#8221;1\/3&#8243;][vc_column_text css=&#8221;&#8221;]<span style=\"font-size: 10pt;\"><strong>Refer\u00e8ncia<\/strong>: Any en curs<\/span>[\/vc_column_text][\/vc_column_inner][vc_column_inner width=&#8221;1\/3&#8243;][vc_column_text css=&#8221;&#8221;]<span style=\"font-size: 10pt;\"><strong>Manteniment<\/strong>: 5 anys<\/span>[\/vc_column_text][\/vc_column_inner][vc_column_inner width=&#8221;1\/3&#8243;][vc_column_text css=&#8221;&#8221;]<span style=\"font-size: 10pt;\"><strong>Actualitzaci\u00f3<\/strong>: Mensual<\/span>[\/vc_column_text][\/vc_column_inner][\/vc_row_inner][\/vc_tta_section][vc_tta_section title=&#8221;Relaci\u00f3 dels llocs ocupats per personal adscrit pels adjudicataris de contractes signats amb l&#8217;Administraci\u00f3&#8221; tab_id=&#8221;relacio-personal-adscrit&#8221;][vc_column_text css=&#8221;&#8221;]\n<h4>Relaci\u00f3 dels llocs ocupats per personal adscrit pels adjudicataris de contractes signats amb l\u2019Administraci\u00f3<\/h4>\n[\/vc_column_text][vc_column_text css=&#8221;&#8221;]\n<table style=\"border-collapse: collapse; width: 89.298%;\">\n<tbody>\n<tr>\n<td style=\"width: 13.1029%;\"><strong>Licitaci\u00f3<\/strong><\/td>\n<td style=\"width: 11.6826%;\"><strong>Llocs de treball<\/strong><\/td>\n<td style=\"width: 20.9764%;\"><strong>Classificaci\u00f3 professional<\/strong><\/td>\n<td style=\"width: 16.2984%;\"><strong>R\u00e8gim de dedicaci\u00f3<\/strong><\/td>\n<td style=\"width: 14.1231%;\"><strong>R\u00e8gim retributiu<\/strong><\/td>\n<td style=\"width: 13.2806%;\"><strong>Tasques<\/strong><\/td>\n<\/tr>\n<tr>\n<td style=\"width: 13.1029%;\">SER2024-008<\/td>\n<td style=\"width: 11.6826%;\">Netejadora<\/td>\n<td style=\"width: 20.9764%;\">G IV Nivel 4<\/td>\n<td style=\"width: 16.2984%;\">50%<\/td>\n<td style=\"width: 14.1231%;\">8.819,14\u20ac SBA<\/td>\n<td style=\"width: 13.2806%;\">Neteja ordin\u00e0ria<\/td>\n<\/tr>\n<tr>\n<td style=\"width: 13.1029%;\">SER2024-008<\/td>\n<td style=\"width: 11.6826%;\">Netejadora<\/td>\n<td style=\"width: 20.9764%;\">G IV Nivel 4<\/td>\n<td style=\"width: 16.2984%;\">43,75%<\/td>\n<td style=\"width: 14.1231%;\">7.716,75\u20ac SBA<\/td>\n<td style=\"width: 13.2806%;\">Neteja ordin\u00e0ria<\/td>\n<\/tr>\n<\/tbody>\n<\/table>\n[\/vc_column_text][vc_empty_space][vc_row_inner][vc_column_inner width=&#8221;1\/3&#8243;][vc_column_text css=&#8221;&#8221;]<span style=\"font-size: 10pt;\"><strong>Refer\u00e8ncia<\/strong>: Any en curs<\/span>[\/vc_column_text][\/vc_column_inner][vc_column_inner width=&#8221;1\/3&#8243;][vc_column_text css=&#8221;&#8221;]<span style=\"font-size: 10pt;\"><strong>Manteniment<\/strong>: 5 anys<\/span>[\/vc_column_text][\/vc_column_inner][vc_column_inner width=&#8221;1\/3&#8243;][vc_column_text css=&#8221;&#8221;]<span style=\"font-size: 10pt;\"><strong>Actualitzaci\u00f3<\/strong>: Mensual<\/span>[\/vc_column_text][\/vc_column_inner][\/vc_row_inner][\/vc_tta_section][vc_tta_section title=&#8221;Entitats i \u00f2rgans de contractaci\u00f3 (perfil de contractant)&#8221; tab_id=&#8221;entitats-organs-contractacio&#8221;][vc_column_text css=&#8221;&#8221;]\n<h4>Entitats i \u00f2rgans de contractaci\u00f3 (perfil del contractant)<\/h4>\n[\/vc_column_text][vc_column_text css=&#8221;&#8221;]\n<h5>Adreces<\/h5>\n<p>\ud83d\udccd Pla\u00e7a Torre de l&#8217;Aigua, s\/n. 08208 Sabadell, Barcelona<\/p>\n<p>\u260e\ufe0f 937236673<\/p>\n<p>\ud83d\udce7\u00a0<a href=\"mailto:juridici3pt@tauli.cat\" target=\"_blank\" rel=\"noopener\">juridici3pt@tauli.cat<\/a><\/p>\n<p>\ud83c\udf10 www.tauli.cat\/institut<\/p>\n<p><a href=\"https:\/\/contractaciopublica.cat\/ca\/perfils-contractant\/detall\/1782654\/contactes\" target=\"_blank\" rel=\"noopener\">M\u00e9s informaci\u00f3 aqu\u00ed<\/a>[\/vc_column_text][vc_row_inner][vc_column_inner width=&#8221;1\/3&#8243;][vc_column_text css=&#8221;&#8221;]<span style=\"font-size: 10pt;\"><strong>Refer\u00e8ncia<\/strong>: Any en curs<\/span>[\/vc_column_text][\/vc_column_inner][vc_column_inner width=&#8221;1\/3&#8243;][vc_column_text css=&#8221;&#8221;]<span style=\"font-size: 10pt;\"><strong>Manteniment<\/strong>: 5 anys<\/span>[\/vc_column_text][\/vc_column_inner][vc_column_inner width=&#8221;1\/3&#8243;][vc_column_text css=&#8221;&#8221;]<span style=\"font-size: 10pt;\"><strong>Actualitzaci\u00f3<\/strong>: Mensual<\/span>[\/vc_column_text][\/vc_column_inner][\/vc_row_inner][\/vc_tta_section][vc_tta_section title=&#8221;Estudis i informes contractats&#8221; tab_id=&#8221;estudis-informes-contractats&#8221;][vc_column_text css=&#8221;&#8221;]\n<h4>Estudis i informes contractats<\/h4>\n[\/vc_column_text][vc_column_text css=&#8221;&#8221;]<em>[No es disposa d\u2019informaci\u00f3 d\u2019aquesta naturalesa]<\/em>[\/vc_column_text][vc_row_inner][vc_column_inner width=&#8221;1\/3&#8243;][vc_column_text css=&#8221;&#8221;]<span style=\"font-size: 10pt;\"><strong>Refer\u00e8ncia<\/strong>: Any en curs<\/span>[\/vc_column_text][\/vc_column_inner][vc_column_inner width=&#8221;1\/3&#8243;][vc_column_text css=&#8221;&#8221;]<span style=\"font-size: 10pt;\"><strong>Manteniment<\/strong>: 5 anys<\/span>[\/vc_column_text][\/vc_column_inner][vc_column_inner width=&#8221;1\/3&#8243;][vc_column_text css=&#8221;&#8221;]<span style=\"font-size: 10pt;\"><strong>Actualitzaci\u00f3<\/strong>: Mensual<\/span>[\/vc_column_text][\/vc_column_inner][\/vc_row_inner][\/vc_tta_section][vc_tta_section title=&#8221;Retribucions dels \u00f2rgans de direcci\u00f3 o administraci\u00f3 de determinades entitats privades&#8221; tab_id=&#8221;retribucions-direccio-administracio&#8221;][vc_column_text css=&#8221;&#8221;]\n<h4>Retribucions dels \u00f2rgans de direcci\u00f3 o administraci\u00f3 de determinades entitats privades<\/h4>\n[\/vc_column_text][vc_column_text css=&#8221;&#8221;]<em>[No es disposa d\u2019informaci\u00f3 d\u2019aquesta naturalesa]<\/em>[\/vc_column_text][vc_row_inner][vc_column_inner width=&#8221;1\/3&#8243;][vc_column_text css=&#8221;&#8221;]<span style=\"font-size: 10pt;\"><strong>Refer\u00e8ncia<\/strong>: Any en curs<\/span>[\/vc_column_text][\/vc_column_inner][vc_column_inner width=&#8221;1\/3&#8243;][vc_column_text css=&#8221;&#8221;]<span style=\"font-size: 10pt;\"><strong>Manteniment<\/strong>: 5 anys<\/span>[\/vc_column_text][\/vc_column_inner][vc_column_inner width=&#8221;1\/3&#8243;][vc_column_text css=&#8221;&#8221;]<span style=\"font-size: 10pt;\"><strong>Actualitzaci\u00f3<\/strong>: Mensual<\/span>[\/vc_column_text][\/vc_column_inner][\/vc_row_inner][\/vc_tta_section][vc_tta_section title=&#8221;Convenis&#8221; tab_id=&#8221;convenis&#8221;][vc_column_text css=&#8221;&#8221;]\n<h4>Convenis<\/h4>\n[\/vc_column_text]<div class=\"eut-element eut-box-icon eut-align-left eut-medium\" style=\"\"><a href=\"https:\/\/www.tauli.cat\/institut\/wp-content\/uploads\/2026\/01\/2026_CONVENIS_I3PT_act21-1-26-VIGENTS.xlsx\" target=\"_blank\">  <div class=\"eut-wrapper-icon eut-no-shape eut-color-grey\"><i class=\"fas fa-book eut-color-primary-1\"><\/i><\/div><\/a>  <div class=\"eut-box-content\"><a href=\"https:\/\/www.tauli.cat\/institut\/wp-content\/uploads\/2026\/01\/2026_CONVENIS_I3PT_act21-1-26-VIGENTS.xlsx\" target=\"_blank\">      <h5 class=\"eut-box-title\">Registre de convenis<\/h5><\/a>  <\/div><\/div>[vc_empty_space][vc_row_inner][vc_column_inner width=&#8221;1\/3&#8243;][vc_column_text css=&#8221;&#8221;]<span style=\"font-size: 10pt;\"><strong>Refer\u00e8ncia<\/strong>: Any en curs<\/span>[\/vc_column_text][\/vc_column_inner][vc_column_inner width=&#8221;1\/3&#8243;][vc_column_text css=&#8221;&#8221;]<span style=\"font-size: 10pt;\"><strong>Manteniment<\/strong>: 5 anys<\/span>[\/vc_column_text][\/vc_column_inner][vc_column_inner width=&#8221;1\/3&#8243;][vc_column_text css=&#8221;&#8221;]<span style=\"font-size: 10pt;\"><strong>Actualitzaci\u00f3<\/strong>: Trimestral<\/span>[\/vc_column_text][\/vc_column_inner][\/vc_row_inner][\/vc_tta_section][vc_tta_section title=&#8221;Enc\u00e0rrecs de gesti\u00f3&#8221; tab_id=&#8221;encarrecs-gestio&#8221;][vc_column_text css=&#8221;&#8221;]\n<h4>Enc\u00e0rrecs de gesti\u00f3<\/h4>\n[\/vc_column_text]<div class=\"eut-element eut-box-icon eut-align-left eut-medium\" style=\"\"><a href=\"https:\/\/www.tauli.cat\/institut\/wp-content\/uploads\/2025\/04\/ENCARRECS_GESTIO_I3PT.xlsx\" target=\"_blank\">  <div class=\"eut-wrapper-icon eut-no-shape eut-color-grey\"><i class=\"fas fa-book eut-color-primary-1\"><\/i><\/div><\/a>  <div class=\"eut-box-content\"><a href=\"https:\/\/www.tauli.cat\/institut\/wp-content\/uploads\/2025\/04\/ENCARRECS_GESTIO_I3PT.xlsx\" target=\"_blank\">      <h5 class=\"eut-box-title\">Registre d'enc\u00e0rrecs de gesti\u00f3<\/h5><\/a>  <\/div><\/div>[vc_empty_space][vc_row_inner][vc_column_inner width=&#8221;1\/3&#8243;][vc_column_text css=&#8221;&#8221;]<span style=\"font-size: 10pt;\"><strong>Refer\u00e8ncia<\/strong>: Any en curs<\/span>[\/vc_column_text][\/vc_column_inner][vc_column_inner width=&#8221;1\/3&#8243;][vc_column_text css=&#8221;&#8221;]<span style=\"font-size: 10pt;\"><strong>Manteniment<\/strong>: 5 anys<\/span>[\/vc_column_text][\/vc_column_inner][vc_column_inner width=&#8221;1\/3&#8243;][vc_column_text css=&#8221;&#8221;]<span style=\"font-size: 10pt;\"><strong>Actualitzaci\u00f3<\/strong>: Trimestral<\/span>[\/vc_column_text][\/vc_column_inner][\/vc_row_inner][\/vc_tta_section][vc_tta_section title=&#8221;Subvencions i ajuts p\u00fablics atorgats i justificaci\u00f3 o rendici\u00f3 de comptes per part de persones benefici\u00e0ries de la subvenci\u00f3 o ajut atorgat&#8221; tab_id=&#8221;subvencions-ajuts-publics&#8221;][vc_column_text css=&#8221;&#8221;]\n<h4>Subvencions i ajuts p\u00fablics atorgats i justificaci\u00f3 o rendici\u00f3 de comptes per part de persones benefici\u00e0ries de la subvenci\u00f3 o ajut<\/h4>\n[\/vc_column_text]<div class=\"eut-element eut-box-icon eut-align-left eut-medium\" style=\"\">  <div class=\"eut-wrapper-icon eut-no-shape eut-color-grey\"><i class=\"fas fa-coins eut-color-primary-1\"><\/i><\/div>  <div class=\"eut-box-content\">      <h5 class=\"eut-box-title\">Subvencions i ajuts previstos<\/h5>  <\/div><\/div><div class=\"eut-element eut-box-icon eut-align-left eut-medium\" style=\"\">  <div class=\"eut-wrapper-icon eut-no-shape eut-color-grey\"><i class=\"fas fa-coins eut-color-primary-1\"><\/i><\/div>  <div class=\"eut-box-content\">      <h5 class=\"eut-box-title\">Subvencions i ajuts atorgats<\/h5>  <\/div><\/div>[vc_empty_space][vc_row_inner][vc_column_inner width=&#8221;1\/3&#8243;][vc_column_text css=&#8221;&#8221;]<span style=\"font-size: 10pt;\"><strong>Refer\u00e8ncia<\/strong>: Any en curs<\/span>[\/vc_column_text][\/vc_column_inner][vc_column_inner width=&#8221;1\/3&#8243;][vc_column_text css=&#8221;&#8221;]<span style=\"font-size: 10pt;\"><strong>Manteniment<\/strong>: 5 anys<\/span>[\/vc_column_text][\/vc_column_inner][vc_column_inner width=&#8221;1\/3&#8243;][vc_column_text css=&#8221;&#8221;]<span style=\"font-size: 10pt;\"><strong>Actualitzaci\u00f3<\/strong>: Trimestral<\/span>[\/vc_column_text][\/vc_column_inner][\/vc_row_inner][\/vc_tta_section][\/vc_tta_tour][\/vc_column][\/vc_row]\n<\/div>","protected":false},"excerpt":{"rendered":"<p>[vc_row][vc_column][vc_tta_tour][vc_tta_section title=&#8221;Informaci\u00f3 sobre contractaci\u00f3 p\u00fablica&#8221; tab_id=&#8221;informacio-contractacio-publica&#8221;][vc_column_text css=&#8221;&#8221;] Informaci\u00f3 sobre contractaci\u00f3 p\u00fablica [\/vc_column_text][vc_column_text css=&#8221;&#8221;]Per consultar la informaci\u00f3 relativa a la contractaci\u00f3 programada, licitacions en tr\u00e0mit, contractes subscrits, contractes de concessi\u00f3 d\u2019obres p\u00fabliques i de concessi\u00f3 de serveis, aix\u00ed com de modificacions contractuals, pr\u00f2rrogues, licitacions anul\u00b7lades, resolucions anticipades o actes de desistiment i ren\u00fancia, i contractaci\u00f3 menor, [&hellip;]<\/p>\n","protected":false},"author":24,"featured_media":0,"parent":15021,"menu_order":0,"comment_status":"closed","ping_status":"closed","template":"","meta":[],"_links":{"self":[{"href":"https:\/\/www.tauli.cat\/institut\/wp-json\/wp\/v2\/pages\/15075"}],"collection":[{"href":"https:\/\/www.tauli.cat\/institut\/wp-json\/wp\/v2\/pages"}],"about":[{"href":"https:\/\/www.tauli.cat\/institut\/wp-json\/wp\/v2\/types\/page"}],"author":[{"embeddable":true,"href":"https:\/\/www.tauli.cat\/institut\/wp-json\/wp\/v2\/users\/24"}],"replies":[{"embeddable":true,"href":"https:\/\/www.tauli.cat\/institut\/wp-json\/wp\/v2\/comments?post=15075"}],"version-history":[{"count":16,"href":"https:\/\/www.tauli.cat\/institut\/wp-json\/wp\/v2\/pages\/15075\/revisions"}],"predecessor-version":[{"id":21625,"href":"https:\/\/www.tauli.cat\/institut\/wp-json\/wp\/v2\/pages\/15075\/revisions\/21625"}],"up":[{"embeddable":true,"href":"https:\/\/www.tauli.cat\/institut\/wp-json\/wp\/v2\/pages\/15021"}],"wp:attachment":[{"href":"https:\/\/www.tauli.cat\/institut\/wp-json\/wp\/v2\/media?parent=15075"}],"curies":[{"name":"wp","href":"https:\/\/api.w.org\/{rel}","templated":true}]}}