{"id":15082,"date":"2024-06-14T09:39:25","date_gmt":"2024-06-14T07:39:25","guid":{"rendered":"https:\/\/www.tauli.cat\/institut\/?page_id=15082"},"modified":"2025-04-24T13:13:04","modified_gmt":"2025-04-24T11:13:04","slug":"normativa-informacio-interes-juridic","status":"publish","type":"page","link":"https:\/\/www.tauli.cat\/institut\/portal-de-transparencia\/normativa-informacio-interes-juridic\/","title":{"rendered":"Normativa i informaci\u00f3 d&#8217;inter\u00e8s jur\u00eddic"},"content":{"rendered":"<div class=\"wpb-content-wrapper\">[vc_row][vc_column][vc_column_text css=&#8221;&#8221;]\n<h2>Normativa vigent<\/h2>\n[\/vc_column_text][vc_column_text css=&#8221;&#8221;]\n<h3><strong>Normativa sectorial<\/strong><span data-ccp-props=\"{&quot;201341983&quot;:0,&quot;335551550&quot;:6,&quot;335551620&quot;:6,&quot;335559738&quot;:0,&quot;335559739&quot;:0,&quot;335559740&quot;:240}\">\u00a0<\/span><\/h3>\n[\/vc_column_text][vc_row_inner][vc_column_inner width=&#8221;1\/3&#8243;]<div class=\"eut-element eut-box-icon eut-align-left eut-medium\" style=\"\"><a href=\"https:\/\/cerca.cat\/wp-content\/uploads\/2023\/01\/Codi-de-conducta-CERCA_nov2018.pdf\" target=\"_blank\">  <div class=\"eut-wrapper-icon eut-no-shape eut-color-grey\"><i class=\"far fa-file-alt eut-color-primary-1\"><\/i><\/div><\/a>  <div class=\"eut-box-content\"><a href=\"https:\/\/cerca.cat\/wp-content\/uploads\/2023\/01\/Codi-de-conducta-CERCA_nov2018.pdf\" target=\"_blank\">      <h5 class=\"eut-box-title\">Codi de conducta CERCA<\/h5><\/a>  <\/div><\/div>[\/vc_column_inner][vc_column_inner width=&#8221;1\/3&#8243;]<div class=\"eut-element eut-box-icon eut-align-left eut-medium\" style=\"\"><a href=\"https:\/\/justicia.gencat.cat\/ca\/departament\/Normativa\/normativasectorial\/entitats_juridiques\/fundacions\" target=\"_blank\">  <div class=\"eut-wrapper-icon eut-no-shape eut-color-grey\"><i class=\"far fa-file-alt eut-color-primary-1\"><\/i><\/div><\/a>  <div class=\"eut-box-content\"><a href=\"https:\/\/justicia.gencat.cat\/ca\/departament\/Normativa\/normativasectorial\/entitats_juridiques\/fundacions\" target=\"_blank\">      <h5 class=\"eut-box-title\">Legislaci\u00f3 sobre fundacions<\/h5><\/a>  <\/div><\/div>[\/vc_column_inner][vc_column_inner width=&#8221;1\/3&#8243;]<div class=\"eut-element eut-box-icon eut-align-left eut-medium\" style=\"\"><a href=\"https:\/\/recercaiuniversitats.gencat.cat\/ca\/01_departament_recerca_i_universitats\/transparencia\/normativa-i-organitzacio\/normativa\/normativa-per-ambits-tematics\/recerca\/\" target=\"_blank\">  <div class=\"eut-wrapper-icon eut-no-shape eut-color-grey\"><i class=\"far fa-file-alt eut-color-primary-1\"><\/i><\/div><\/a>  <div class=\"eut-box-content\"><a href=\"https:\/\/recercaiuniversitats.gencat.cat\/ca\/01_departament_recerca_i_universitats\/transparencia\/normativa-i-organitzacio\/normativa\/normativa-per-ambits-tematics\/recerca\/\" target=\"_blank\">      <h5 class=\"eut-box-title\">Legislaci\u00f3 sobre recerca<\/h5><\/a>  <\/div><\/div>[\/vc_column_inner][\/vc_row_inner][vc_empty_space][vc_row_inner][vc_column_inner width=&#8221;1\/3&#8243;]<div class=\"eut-element eut-box-icon eut-align-left eut-medium\" style=\"\"><a href=\"https:\/\/salutweb.gencat.cat\/ca\/serveis\/autoritzacions\/autoritzacio\/legislacio-especifica\" target=\"_blank\">  <div class=\"eut-wrapper-icon eut-no-shape eut-color-grey\"><i class=\"far fa-file-alt eut-color-primary-1\"><\/i><\/div><\/a>  <div class=\"eut-box-content\"><a href=\"https:\/\/salutweb.gencat.cat\/ca\/serveis\/autoritzacions\/autoritzacio\/legislacio-especifica\" target=\"_blank\">      <h5 class=\"eut-box-title\">Legislaci\u00f3 sobre salut<\/h5><\/a>  <\/div><\/div>[\/vc_column_inner][vc_column_inner width=&#8221;1\/3&#8243;]<div class=\"eut-element eut-box-icon eut-align-left eut-medium\" style=\"\"><a href=\"https:\/\/www.tauli.cat\/es\/institut\/recerca\/cei-ceim\/#legislacio-normes\" target=\"_blank\">  <div class=\"eut-wrapper-icon eut-no-shape eut-color-grey\"><i class=\"far fa-file-alt eut-color-primary-1\"><\/i><\/div><\/a>  <div class=\"eut-box-content\"><a href=\"https:\/\/www.tauli.cat\/es\/institut\/recerca\/cei-ceim\/#legislacio-normes\" target=\"_blank\">      <h5 class=\"eut-box-title\">Legislaci\u00f3 i normes \u00e8tiques del CEIm<\/h5><\/a>  <\/div><\/div>[\/vc_column_inner][vc_column_inner width=&#8221;1\/3&#8243;][\/vc_column_inner][\/vc_row_inner][vc_column_text css=&#8221;&#8221;]\n<h3><strong>Normativa institucional<\/strong><\/h3>\n[\/vc_column_text][vc_column_text css=&#8221;&#8221;]<span data-contrast=\"auto\"><em>[No es disposa d&#8217;informaci\u00f3 d&#8217;aquesta naturalesa]<\/em><\/span>[\/vc_column_text][\/vc_column][\/vc_row][vc_row][vc_column width=&#8221;1\/5&#8243;][vc_column_text css=&#8221;&#8221;]<span style=\"font-size: 10pt;\"><strong>Refer\u00e8ncia<\/strong>: Any en curs<\/span>[\/vc_column_text][\/vc_column][vc_column width=&#8221;1\/5&#8243;][vc_column_text css=&#8221;&#8221;]<span style=\"font-size: 10pt;\"><strong>Manteniment<\/strong>: 5 anys<\/span>[\/vc_column_text][\/vc_column][vc_column width=&#8221;1\/5&#8243;][vc_column_text css=&#8221;&#8221;]<span style=\"font-size: 10pt;\"><strong>Actualitzaci\u00f3<\/strong>: Anual<\/span>[\/vc_column_text][\/vc_column][\/vc_row][vc_row][vc_column][vc_column_text css=&#8221;&#8221;]\n<h2>Respostes a consultes amb incid\u00e8ncia especial<\/h2>\n<p><span data-contrast=\"auto\"><em>[No es disposa d&#8217;informaci\u00f3 d&#8217;aquesta naturalesa]<\/em><\/span>[\/vc_column_text][\/vc_column][\/vc_row][vc_row][vc_column width=&#8221;1\/5&#8243;][vc_column_text css=&#8221;&#8221;]<span style=\"font-size: 10pt;\"><strong>Refer\u00e8ncia<\/strong>: Any en curs<\/span>[\/vc_column_text][\/vc_column][vc_column width=&#8221;1\/5&#8243;][vc_column_text css=&#8221;&#8221;]<span style=\"font-size: 10pt;\"><strong>Manteniment<\/strong>: 5 anys<\/span>[\/vc_column_text][\/vc_column][vc_column width=&#8221;1\/5&#8243;][vc_column_text css=&#8221;&#8221;]<span style=\"font-size: 10pt;\"><strong>Actualitzaci\u00f3<\/strong>: Anual<\/span>[\/vc_column_text][\/vc_column][\/vc_row]\n<\/div>","protected":false},"excerpt":{"rendered":"<p>[vc_row][vc_column][vc_column_text css=&#8221;&#8221;] Normativa vigent [\/vc_column_text][vc_column_text css=&#8221;&#8221;] Normativa sectorial\u00a0 [\/vc_column_text][vc_row_inner][vc_column_inner width=&#8221;1\/3&#8243;][\/vc_column_inner][vc_column_inner width=&#8221;1\/3&#8243;][\/vc_column_inner][vc_column_inner width=&#8221;1\/3&#8243;][\/vc_column_inner][\/vc_row_inner][vc_empty_space][vc_row_inner][vc_column_inner width=&#8221;1\/3&#8243;][\/vc_column_inner][vc_column_inner width=&#8221;1\/3&#8243;][\/vc_column_inner][vc_column_inner width=&#8221;1\/3&#8243;][\/vc_column_inner][\/vc_row_inner][vc_column_text css=&#8221;&#8221;] Normativa institucional [\/vc_column_text][vc_column_text css=&#8221;&#8221;][No es disposa d&#8217;informaci\u00f3 d&#8217;aquesta naturalesa][\/vc_column_text][\/vc_column][\/vc_row][vc_row][vc_column width=&#8221;1\/5&#8243;][vc_column_text css=&#8221;&#8221;]Refer\u00e8ncia: Any en curs[\/vc_column_text][\/vc_column][vc_column width=&#8221;1\/5&#8243;][vc_column_text css=&#8221;&#8221;]Manteniment: 5 anys[\/vc_column_text][\/vc_column][vc_column width=&#8221;1\/5&#8243;][vc_column_text css=&#8221;&#8221;]Actualitzaci\u00f3: Anual[\/vc_column_text][\/vc_column][\/vc_row][vc_row][vc_column][vc_column_text css=&#8221;&#8221;] Respostes a consultes amb incid\u00e8ncia especial [No es disposa d&#8217;informaci\u00f3 d&#8217;aquesta naturalesa][\/vc_column_text][\/vc_column][\/vc_row][vc_row][vc_column width=&#8221;1\/5&#8243;][vc_column_text css=&#8221;&#8221;]Refer\u00e8ncia: Any en curs[\/vc_column_text][\/vc_column][vc_column [&hellip;]<\/p>\n","protected":false},"author":24,"featured_media":0,"parent":15021,"menu_order":0,"comment_status":"closed","ping_status":"closed","template":"","meta":[],"_links":{"self":[{"href":"https:\/\/www.tauli.cat\/institut\/wp-json\/wp\/v2\/pages\/15082"}],"collection":[{"href":"https:\/\/www.tauli.cat\/institut\/wp-json\/wp\/v2\/pages"}],"about":[{"href":"https:\/\/www.tauli.cat\/institut\/wp-json\/wp\/v2\/types\/page"}],"author":[{"embeddable":true,"href":"https:\/\/www.tauli.cat\/institut\/wp-json\/wp\/v2\/users\/24"}],"replies":[{"embeddable":true,"href":"https:\/\/www.tauli.cat\/institut\/wp-json\/wp\/v2\/comments?post=15082"}],"version-history":[{"count":10,"href":"https:\/\/www.tauli.cat\/institut\/wp-json\/wp\/v2\/pages\/15082\/revisions"}],"predecessor-version":[{"id":19131,"href":"https:\/\/www.tauli.cat\/institut\/wp-json\/wp\/v2\/pages\/15082\/revisions\/19131"}],"up":[{"embeddable":true,"href":"https:\/\/www.tauli.cat\/institut\/wp-json\/wp\/v2\/pages\/15021"}],"wp:attachment":[{"href":"https:\/\/www.tauli.cat\/institut\/wp-json\/wp\/v2\/media?parent=15082"}],"curies":[{"name":"wp","href":"https:\/\/api.w.org\/{rel}","templated":true}]}}