{"id":15606,"date":"2024-08-07T08:35:48","date_gmt":"2024-08-07T06:35:48","guid":{"rendered":"https:\/\/www.tauli.cat\/institut\/?page_id=15606"},"modified":"2024-08-13T09:33:50","modified_gmt":"2024-08-13T07:33:50","slug":"master-en-allergia-immunologia-i-pneumologia-pediatriques","status":"publish","type":"page","link":"https:\/\/www.tauli.cat\/institut\/docencia\/postgrau\/master-en-allergia-immunologia-i-pneumologia-pediatriques\/","title":{"rendered":"M\u00e0ster en Al\u00b7l\u00e8rgia, Immunologia i Pneumologia Pedi\u00e0triques"},"content":{"rendered":"<div class=\"wpb-content-wrapper\">[vc_row section_id=&#8221;custom-top-tabs&#8221;][vc_column][vc_row_inner el_class=&#8221;resum-curs&#8221;][vc_column_inner mobile_width=&#8221;hide&#8221;]<div class=\"eut-element eut-box-icon eut-align-left eut-small\" style=\"\">  <div class=\"eut-wrapper-icon eut-no-shape eut-color-grey\"><i class=\"fa fa-tag eut-color-black\"><\/i><\/div>  <div class=\"eut-box-content\">      <h4 class=\"eut-box-title\">Tipologia<\/h4>    <p class=\"\">M\u00e0ster<\/p>  <\/div><\/div><div class=\"eut-element eut-box-icon eut-align-left eut-small\" style=\"\">  <div class=\"eut-wrapper-icon eut-no-shape eut-color-grey\"><i class=\"fa fa-users eut-color-black\"><\/i><\/div>  <div class=\"eut-box-content\">      <h4 class=\"eut-box-title\">Places<\/h4>    <p class=\"\">3<\/p>  <\/div><\/div><div class=\"eut-element eut-box-icon eut-align-left eut-small\" style=\"\">  <div class=\"eut-wrapper-icon eut-no-shape eut-color-grey\"><i class=\"fa fa-map-marker eut-color-black\"><\/i><\/div>  <div class=\"eut-box-content\">      <h4 class=\"eut-box-title\">Format<\/h4>    <p class=\"\">Presencial (Institut d&#8217;Investigaci\u00f3 i Innovaci\u00f3 Parc Taul\u00ed)<\/p>  <\/div><\/div><div class=\"eut-element eut-box-icon eut-align-left eut-small\" style=\"\">  <div class=\"eut-wrapper-icon eut-no-shape eut-color-grey\"><i class=\"fa fa-flag eut-color-black\"><\/i><\/div>  <div class=\"eut-box-content\">      <h4 class=\"eut-box-title\">Idioma<\/h4>    <p class=\"\">Catal\u00e0 (50%), Castell\u00e0 (50%)<\/p>  <\/div><\/div><div class=\"eut-element eut-box-icon eut-align-left eut-small\" style=\"\">  <div class=\"eut-wrapper-icon eut-no-shape eut-color-grey\"><i class=\"fa fa-star eut-color-black\"><\/i><\/div>  <div class=\"eut-box-content\">      <h4 class=\"eut-box-title\">Acreditaci\u00f3<\/h4>    <p class=\"\">120 ECTS<\/p>  <\/div><\/div><div class=\"eut-element eut-box-icon eut-align-left eut-small\" style=\"\">  <div class=\"eut-wrapper-icon eut-no-shape eut-color-grey\"><i class=\"fa fa-ticket eut-color-black\"><\/i><\/div>  <div class=\"eut-box-content\">      <h4 class=\"eut-box-title\">Preus<\/h4>    <p class=\"\">7.920 \u20ac<\/p>  <\/div><\/div><div class=\"eut-element eut-box-icon eut-align-left eut-small\" style=\"\">  <div class=\"eut-wrapper-icon eut-no-shape eut-color-grey\"><i class=\"fa fa-calendar eut-color-black\"><\/i><\/div>  <div class=\"eut-box-content\">      <h4 class=\"eut-box-title\">Data<\/h4>    <p class=\"\">Inici: 01\/01\/2024<br \/>\nFinal: 31\/12\/2025<\/p>  <\/div><\/div><div class=\"eut-element eut-box-icon eut-align-left eut-small\" style=\"\">  <div class=\"eut-wrapper-icon eut-no-shape eut-color-grey\"><i class=\"fa fa-barcode eut-color-black\"><\/i><\/div>  <div class=\"eut-box-content\">      <h4 class=\"eut-box-title\">Codi de l'estudi<\/h4>    <p class=\"\">2709\/13<\/p>  <\/div><\/div>[\/vc_column_inner][\/vc_row_inner][vc_column_text][\/vc_column_text][vc_tta_accordion active_section=&#8221;0&#8243; collapsible_all=&#8221;true&#8221; el_id=&#8221;accordion-resum-curs&#8221;][vc_tta_section title=&#8221;Resum&#8221; tab_id=&#8221;resum&#8221; el_class=&#8221;resum-curs&#8221;][vc_row_inner][vc_column_inner][\/vc_column_inner][\/vc_row_inner][\/vc_tta_section][\/vc_tta_accordion][vc_row_inner][vc_column_inner][\/vc_column_inner][\/vc_row_inner][vc_column_text el_class=&#8221;top-tabs&#8221;]\n<ul>\n<li data-hash=\"presentacio\">Presentaci\u00f3<\/li>\n<li data-hash=\"objectius\">Admissi\u00f3<\/li>\n<li data-hash=\"metodologia\">Matr\u00edcula<\/li>\n<li data-hash=\"programa\">Pla d&#8217;estudis<\/li>\n<li data-hash=\"professorat\">Professorat<\/li>\n<li data-hash=\"contacte\">Seu i contacte<\/li>\n<\/ul>\n[\/vc_column_text][\/vc_column][\/vc_row][vc_row el_class=&#8221;custom-top-tabs-content&#8221;][vc_column][vc_column_text]\n<h2>Presentaci\u00f3<\/h2>\n[\/vc_column_text][vc_row_inner][vc_column_inner][vc_column_text]El M\u00e0ster en Al\u00b7l\u00e8rgia, Immunologia i Pneumologia Pedi\u00e0triques va dirigit a metges especialistes en Pediatria, amb la finalitat d&#8217;adquirir la formaci\u00f3 en Pneumo-al\u00b7l\u00e8rgia pedi\u00e0trica. L&#8217;objectiu \u00e9s capacitar aquests professionals, des del punt de vista professional, acad\u00e8mic i de recerca i dotar-los de les eines per a diagnosticar i tractar les malalties pneumol\u00f2giques, al\u00b7l\u00e8rgiques i immunol\u00f2giques. Ocupar\u00e0 un lloc acad\u00e8mic i professional que avui est\u00e0 buit en el nostre pa\u00eds.<\/p>\n<p>La Unitat d&#8217;Al\u00b7l\u00e8rgia, Immunologia i Pneumologia pedi\u00e0trica est\u00e0 ubicada al Servei de Medicina Pedi\u00e0trica de l&#8217;Hospital de Sabadell, Corporaci\u00f3 Universit\u00e0ria Parc Taul\u00ed. \u00c9s una unitat equipada amb tots els requisits, processos i circuits necessaris per a realitzar doc\u00e8ncia, amb experi\u00e8ncia en recerca i doc\u00e8ncia.<\/p>\n<p>Les patologies pedi\u00e0triques respirat\u00f2ries, al\u00b7l\u00e8rgiques i immunol\u00f2giques s\u00f3n un motiu molt freq\u00fcent de consulta. Aquestes tres \u00e0rees de coneixement estan molt encreuades. L&#8217;oportunitat de realitzar un m\u00e0ster que inclou aquestes tres mat\u00e8ries en l&#8217;edat pedi\u00e0trica, des del punt de vista acad\u00e8mic i assistencial d\u00f3na una visi\u00f3 moderna i \u00fanica de la realitat i de la globalitat d&#8217;aquestes patologies.<\/p>\n<h3>Sortides professionals<\/h3>\n<p>La patologia respirat\u00f2ria \u00e9s molt prevalent en l&#8217;edat pedi\u00e0trica, sent un motiu molt freq\u00fcent de consulta. El professional format en aquest m\u00e0ster podr\u00e0 treballar en molts \u00e0mbits:<br \/>\n&#8211; Serveis de pediatria amb Unitat de Pneumologia i Al\u00b7l\u00e8rgia Pedi\u00e0triques<br \/>\n&#8211; Unitats de Fibrosi Qu\u00edstica<br \/>\n&#8211; Centres d&#8217;Atenci\u00f3 Prim\u00e0ria i consultes privades on es necessitin metges pediatres capacitats per al diagn\u00f2stic, tractament i seguiment de la patologia respirat\u00f2ria, al\u00b7l\u00e8rgica i immunol\u00f2gica en edat pedi\u00e0trica.<\/p>\n<h3>Beques i ajuts<\/h3>\n<p>Consulta tota la informaci\u00f3 sobre possibilitats de beques i ajuts a la\u00a0<a href=\"https:\/\/www.uab.cat\/web\/ajuts-beques-i-convocatories-1345808127641.html\" target=\"_blank\" rel=\"noopener\">p\u00e0gina de beques, ajuts i convocat\u00f2ries UAB<\/a>.[\/vc_column_text][\/vc_column_inner][\/vc_row_inner][\/vc_column][\/vc_row][vc_row el_class=&#8221;custom-top-tabs-content&#8221;][vc_column][vc_column_text]\n<h2>Admissi\u00f3<\/h2>\n<h3>Sol\u00b7licita l&#8217;admissi\u00f3 al programa: Inscriu-te!<\/h3>\n<p>El proc\u00e9s d&#8217;admissi\u00f3 serveix per a comprovar que tots els alumnes compleixen els requisits del programa i garantir un ambient de treball \u00f3ptim. Per a sol\u00b7licitar l&#8217;admissi\u00f3, has d&#8217;inscriure&#8217;t.<\/p>\n<h3>Lloc per a la inscripci\u00f3<\/h3>\n<p>Institut Universitari Fundaci\u00f3 Parc Taul\u00ed, Sabadell (Barcelona)<\/p>\n<h3>Requisits d&#8217;acc\u00e9s<\/h3>\n<p>Llicenciatura en Medicina amb especialitat de Pediatria.<\/p>\n<h3>Criteris de selecci\u00f3<\/h3>\n<p>&#8211; Curr\u00edculum personal i professional.<br \/>\n&#8211; Examen test sobre un temari de l&#8217;especialitat de Pediatria.<br \/>\n&#8211; Entrevista personal.[\/vc_column_text][\/vc_column][\/vc_row][vc_row el_class=&#8221;custom-top-tabs-content&#8221;][vc_column][vc_column_text]\n<h2>Matr\u00edcula<\/h2>\n<p>La matr\u00edcula serveix per formalitzar el teu ingr\u00e9s al programa i atorgar-te els drets al t\u00edtol o certificat corresponent en la mesura en que el superis. Una vegada rebis la notificaci\u00f3 d\u2019admissi\u00f3, podr\u00e0s matricular-te en els terminis que t\u2019indiqui la direcci\u00f3 del programa.<\/p>\n<h3>Lloc de matr\u00edcula<\/h3>\n<p>Institut d&#8217;Investigaci\u00f3 i Innovaci\u00f3 Parc Taul\u00ed (Sabadell)<\/p>\n<h3>Preu<\/h3>\n<p>7.920 \u20ac<\/p>\n<h3>Cr\u00e8dits<\/h3>\n<p>120 ECTS[\/vc_column_text][\/vc_column][\/vc_row][vc_row el_class=&#8221;custom-top-tabs-content&#8221;][vc_column][vc_column_text]\n<h2>Pla d&#8217;estudis<\/h2>\n<table class=\"table table-striped\">\n<tbody>\n<tr class=\"gris\">\n<th><strong>Assignatura<\/strong><\/th>\n<th><strong>Cr\u00e8dits<\/strong><\/th>\n<th><strong>Car\u00e0cter<\/strong><\/th>\n<\/tr>\n<tr class=\"gris\">\n<td>Atenci\u00f3 al pacient ambulatori amb patologia al\u00b7l\u00e8rigca, respirat\u00f2ria i\/o immunol\u00f2gica<\/td>\n<td>12 ECTS<\/td>\n<td>Obligat\u00f2ria<\/td>\n<\/tr>\n<tr>\n<td>Atenci\u00f3 al pacient hospitalitzat amb patologia al.l\u00e8rgica, respirat\u00f2ria i\/o immunol\u00f2gica<\/td>\n<td>12 ECTS<\/td>\n<td>Obligat\u00f2ria<\/td>\n<\/tr>\n<tr class=\"gris\">\n<td>Atenci\u00f3 al pacient ingressat a Hospital de dia amb patologia al.l\u00e8rgica, respirat\u00f2ria i\/o immunol\u00f2gica<\/td>\n<td>12 ECTS<\/td>\n<td>Obligat\u00f2ria<\/td>\n<\/tr>\n<tr>\n<td>Funcionalisme respiratori<\/td>\n<td>12 ECTS<\/td>\n<td>Obligat\u00f2ria<\/td>\n<\/tr>\n<tr class=\"gris\">\n<td>Proves diagn\u00f2stiques en al.l\u00e8rgia. Indicaci\u00f3 i interpretaci\u00f3<\/td>\n<td>10 ECTS<\/td>\n<td>Obligat\u00f2ria<\/td>\n<\/tr>\n<tr>\n<td>Programa te\u00f2ric<\/td>\n<td>10 ECTS<\/td>\n<td>Obligat\u00f2ria<\/td>\n<\/tr>\n<tr class=\"gris\">\n<td>Estudi de la inflamaci\u00f3 i la infecci\u00f3 respirat\u00f2ria<\/td>\n<td>6 ECTS<\/td>\n<td>Obligat\u00f2ria<\/td>\n<\/tr>\n<tr>\n<td>Infecci\u00f3 de l&#8217;aparell respiratori: Diagn\u00f2stic microbiol\u00f2gic, Diagn\u00f2stic immunol.l\u00f2gic<\/td>\n<td>6 ECTS<\/td>\n<td>Obligat\u00f2ria<\/td>\n<\/tr>\n<tr class=\"gris\">\n<td>Diagn\u00f2stic de malalties gen\u00e8tiques<\/td>\n<td>6 ECTS<\/td>\n<td>Obligat\u00f2ria<\/td>\n<\/tr>\n<tr>\n<td>Fibrobroncosc\u00f2pia flexible pedi\u00e0trica<\/td>\n<td>6 ECTS<\/td>\n<td>Obligat\u00f2ria<\/td>\n<\/tr>\n<tr class=\"gris\">\n<td>Diagn\u00f2stic per la imatge<\/td>\n<td>6 ECTS<\/td>\n<td>Obligat\u00f2ria<\/td>\n<\/tr>\n<tr>\n<td>Laboratori de la son<\/td>\n<td>6 ECTS<\/td>\n<td>Obligat\u00f2ria<\/td>\n<\/tr>\n<tr class=\"gris\">\n<td>Comunicaci\u00f3 cient\u00edfica: oral i escrita<\/td>\n<td>6 ECTS<\/td>\n<td>Obligat\u00f2ria<\/td>\n<\/tr>\n<tr>\n<td>Treball fi de m\u00e0ster<\/td>\n<td>10 ECTS<\/td>\n<td>Obligat\u00f2ria<\/td>\n<\/tr>\n<\/tbody>\n<\/table>\n<h3>Compet\u00e8ncies b\u00e0siques<\/h3>\n<p>&#8211; Posseir i comprendre coneixements que aportin una base o oportunitat de ser originals en el desenvolupament i\/o aplicaci\u00f3 d&#8217;idees.<\/p>\n<p>&#8211; Que els estudiants s\u00e0piguen aplicar els coneixements adquirits i la seva capacitat de resoluci\u00f3 de problemes en entorns nous o poc coneguts dins de contextos m\u00e9s amplis (o multidisciplinaris) relatius al seu camp d&#8217;estudi.<\/p>\n<p>&#8211; Que els estudiants siguin capa\u00e7os d&#8217;integrar coneixements i enfrontar-se a la complexitat de formular judicis a partir d&#8217;una informaci\u00f3 que, sent incompleta o limitada, inclogui reflexions sobre les responsabilitats socials i \u00e8tiques vinculades a l&#8217;aplicaci\u00f3 dels seus coneixements i judicis.<\/p>\n<p>&#8211; Que els estudiants s\u00e0piguen comunicar les seves conclusions amb els coneixements i raons \u00faltimes que les sustenten a p\u00fablics especialitzats i no especialitzats d&#8217;una manera clara i sense ambig\u00fcitats.<\/p>\n<p>&#8211; Que els estudiants tinguin les habilitats d&#8217;aprenentatge que els permetin continuar estudiant d&#8217;una manera que haur\u00e0 de ser en gran mesura autodirigida o aut\u00f2noma.<\/p>\n<h3>Compet\u00e8ncies espec\u00edfiques<\/h3>\n<p>L&#8217;alumne de m\u00e0ster amb l&#8217;experi\u00e8ncia i la capacitaci\u00f3 adquirida durant la seva formaci\u00f3, ha de ser capa\u00e7 de desenvolupar la seva tasca en un Servei de pneumo-al.l\u00e8rgia pedi\u00e0trica de 3er nivell.<\/p>\n<p>&#8211; Identificar, recon\u00e8ixer ,relacionar, solucionar, revisar i comunicar la patologia cl\u00ednica derivada dels malalts hospitalitzats i ambulatoris amb patologia pneumol\u00f2gica, al.l\u00e8rgica i immunol\u00f2gica, tant aguda com cr\u00f2nica.<\/p>\n<p>&#8211; Realitzar la transfer\u00e8ncia dels nens cr\u00f2nics a les unitats d&#8217;adults i\/o a les unitats de trasplantament pulmonar i\/o unitats de cr\u00edtics.<\/p>\n<p>&#8211; Aplicar, distingir i analitzar les proves diagn\u00f2stiques espec\u00edfiques.<\/p>\n<p>&#8211; Valorar globalment el pacient pedi\u00e0tric.<\/p>\n<p>&#8211; Participar en unitats multidisciplin\u00e0ries que comparteixen patologia i inclouen altres \u00e0rees de coneixement: cures intensives (intubaci\u00f3, ventilaci\u00f3 mec\u00e0nica invasiva), cardiologia, gastroenterologia, otorrinolaringologia, nutrici\u00f3 i cirurgia pedi\u00e0trica.<\/p>\n<h3>Compet\u00e8ncies transversals<\/h3>\n<p>&#8211; Treballar en equip.<br \/>\n&#8211; Buscar informaci\u00f3 en l&#8217;entorn cient\u00edfic-t\u00e8cnic.<br \/>\n&#8211; Treballar segons una normativa d&#8217;\u00e8tica professional.<br \/>\n&#8211; Gestionar de forma correcta el temps per augmentar el rendiment.<br \/>\n&#8211; Planificar la feina d&#8217;acord als recursos humans i instrumentals de qu\u00e8 disposem.<br \/>\n&#8211; Disposar d&#8217;habilitats operatives per realitzar les t\u00e8cniques.<br \/>\n&#8211; Prendre decisions, assumint les responsabilitats que poden portar.<br \/>\n&#8211; Capacitat per millorar el treball a partir de l&#8217;autocr\u00edtica.<br \/>\n&#8211; Demostrar una actitud desperta, innovadora i anal\u00edtica en relaci\u00f3 amb els interrogants de la investigaci\u00f3.<br \/>\n&#8211; Esquematitzar l&#8217;estructura d&#8217;un projecte d&#8217;investigaci\u00f3.<br \/>\n&#8211; Resoldre problemes metodol\u00f2gics a partir del coneixement dels instruments i eines de treball.<br \/>\n&#8211; Aplicar els coneixements adquirits i la seva capacitat de resoluci\u00f3 de problemes<br \/>\n&#8211; Demostrar habilitats de treball aut\u00f2nom.<br \/>\n&#8211; Exposar i presentar, oralment i per escrit, els resultats de forma clara i precisa<br \/>\n&#8211; Comunicar els coneixements.<\/p>\n<h3>T\u00edtol que s&#8217;obt\u00e9<\/h3>\n<p>M\u00e0ster de Formaci\u00f3 Permanent en Al.l\u00e8rgia, Immunologia i Pneumologia Pedi\u00e0triques[\/vc_column_text][\/vc_column][\/vc_row][vc_row el_class=&#8221;custom-top-tabs-content&#8221;][vc_column][vc_column_text]\n<h2>Direcci\u00f3<\/h2>\n<p>Laura Valdesoiro Navarrete<\/p>\n<p>Montserrat Bosque Garcia[\/vc_column_text][vc_row_inner][vc_column_inner width=&#8221;1\/2&#8243;][vc_column_text]\n<h2>Professorat<\/h2>\n<ul>\n<li>Maria Jose Amengual Guedan<\/li>\n<li>Oscar Asensio De la Cruz<\/li>\n<li>Andres Baucells De la Pe\u00f1a<\/li>\n<li>Jordina Belmonte Soler<\/li>\n<li>Montserrat Bosque Garcia<\/li>\n<li>Mariana Campos Motamayor<\/li>\n<li>Antonio Casabella Pernas<\/li>\n<li>Miguel Casals Andreu<\/li>\n<li>Raquel Corripio Collado<\/li>\n<li>Elena Dina<\/li>\n<li>Yolanda Escamilla Carpintero<\/li>\n<li>Miguel Garcia Gonzalez<\/li>\n<li>Cristina Lalmolda Puyol<\/li>\n<\/ul>\n[\/vc_column_text][\/vc_column_inner][vc_column_inner width=&#8221;1\/2&#8243;][vc_column_text]\n<ul>\n<li>Maria Concepcion de Linares Fernandez<\/li>\n<li>Susana Loureda Perez<\/li>\n<li>Manuel Lujan Torne<\/li>\n<li>Maria Jos\u00e9 Masdeu Margalef<\/li>\n<li>Conchita Mont\u00f3n Soler<\/li>\n<li>Valentin Pineda Solas<\/li>\n<li>Josefa Rivera Lujan<\/li>\n<li>Pablo Rubinstein Agu\u00f1in<\/li>\n<li>Judith Sanchez Manubens<\/li>\n<li>Aina Sansa Perna<\/li>\n<li>Laura Valdesoiro Navarrete<\/li>\n<li>Andrea Valiente Planas<\/li>\n<li>Laura Vigil Gimenez<\/li>\n<\/ul>\n[\/vc_column_text][\/vc_column_inner][\/vc_row_inner][\/vc_column][\/vc_row][vc_row el_class=&#8221;custom-top-tabs-content&#8221;][vc_column][vc_column_text]\n<h2>Seu i contacte<\/h2>\n<h3>Seu del m\u00e0ster<\/h3>\n[\/vc_column_text][vc_row_inner][vc_column_inner width=&#8221;1\/2&#8243;][vc_raw_html css=&#8221;.vc_custom_1723016759843{margin-bottom: 40px !important;}&#8221;]JTNDaWZyYW1lJTIwc3JjJTNEJTIyaHR0cHMlM0ElMkYlMkZ3d3cuZ29vZ2xlLmNvbSUyRm1hcHMlMkZlbWJlZCUzRnBiJTNEJTIxMW0xOCUyMTFtMTIlMjExbTMlMjExZDU5NzEuMzIzNDYyNTA0NTM3JTIxMmQyLjExMjk5NDklMjEzZDQxLjU1NDkyMDklMjEybTMlMjExZjAlMjEyZjAlMjEzZjAlMjEzbTIlMjExaTEwMjQlMjEyaTc2OCUyMTRmMTMuMSUyMTNtMyUyMTFtMiUyMTFzMHgxMmE0OTUxOTUyZmI4ZDM3JTI1M0EweDlmYmE5MGRiODI4ZjYwMWIlMjEyc0kzUFQlMjUyMEluc3RpdHV0byUyNTIwZGUlMjUyMEludmVzdGlnYWNpJTI1QzMlMjVCM24lMjUyMGUlMjUyMElubm92YWNpJTI1QzMlMjVCM24lMjUyMFBhcmMlMjUyMFRhdWwlMjVDMyUyNUFEJTIxNWUwJTIxM20yJTIxMXNlcyUyMTJzZXMlMjE0djE3MjMwMTY3NDMxODclMjE1bTIlMjExc2VzJTIxMnNlcyUyMiUyMHdpZHRoJTNEJTIyNjAwJTIyJTIwaGVpZ2h0JTNEJTIyNDUwJTIyJTIwc3R5bGUlM0QlMjJib3JkZXIlM0EwJTNCJTIyJTIwYWxsb3dmdWxsc2NyZWVuJTNEJTIyJTIyJTIwbG9hZGluZyUzRCUyMmxhenklMjIlMjByZWZlcnJlcnBvbGljeSUzRCUyMm5vLXJlZmVycmVyLXdoZW4tZG93bmdyYWRlJTIyJTNFJTNDJTJGaWZyYW1lJTNF[\/vc_raw_html][\/vc_column_inner][vc_column_inner width=&#8221;1\/2&#8243;][vc_column_text]<span class=\"notranslate\"><strong>Institut d&#8217;Investigaci\u00f3 i Innovaci\u00f3 Parc Taul\u00ed. Universitat Aut\u00f2noma de Barcelona<\/strong><br \/>\nPla\u00e7a Torre de l&#8217;Aigua, s\/n<br \/>\n08208 Sabadell (Barcelona)<\/span>[\/vc_column_text][\/vc_column_inner][\/vc_row_inner][vc_column_text]\n<h3>Contacte<\/h3>\n<ul>\n<li><strong>Secretaria T\u00e8cnica:<\/strong> Ester Freixa, <a href=\"mailto:efreixa@tauli.cat\">efreixa@tauli.cat<\/a><\/li>\n<li><strong>Direcci\u00f3 Acad\u00e8mica:<\/strong> Laura Valdesoiro, <a href=\"mailto:lvaldesoiro@tauli.cat\">lvaldesoiro@tauli.cat<\/a> i Montserrat Bosque, <a href=\"mailto:mbosque@tauli.cat\">mbosque@tauli.cat<\/a><\/li>\n<\/ul>\n[\/vc_column_text][\/vc_column][\/vc_row][vc_row][vc_column][\/vc_column][\/vc_row]\n<\/div>","protected":false},"excerpt":{"rendered":"<p>[vc_row section_id=&#8221;custom-top-tabs&#8221;][vc_column][vc_row_inner el_class=&#8221;resum-curs&#8221;][vc_column_inner mobile_width=&#8221;hide&#8221;][\/vc_column_inner][\/vc_row_inner][vc_column_text][\/vc_column_text][vc_tta_accordion active_section=&#8221;0&#8243; collapsible_all=&#8221;true&#8221; el_id=&#8221;accordion-resum-curs&#8221;][vc_tta_section title=&#8221;Resum&#8221; tab_id=&#8221;resum&#8221; el_class=&#8221;resum-curs&#8221;][vc_row_inner][vc_column_inner][\/vc_column_inner][\/vc_row_inner][\/vc_tta_section][\/vc_tta_accordion][vc_row_inner][vc_column_inner][\/vc_column_inner][\/vc_row_inner][vc_column_text el_class=&#8221;top-tabs&#8221;] Presentaci\u00f3 Admissi\u00f3 Matr\u00edcula Pla d&#8217;estudis Professorat Seu i contacte [\/vc_column_text][\/vc_column][\/vc_row][vc_row el_class=&#8221;custom-top-tabs-content&#8221;][vc_column][vc_column_text] Presentaci\u00f3 [\/vc_column_text][vc_row_inner][vc_column_inner][vc_column_text]El M\u00e0ster en Al\u00b7l\u00e8rgia, Immunologia i Pneumologia Pedi\u00e0triques va dirigit a metges especialistes en Pediatria, amb la finalitat d&#8217;adquirir la formaci\u00f3 en Pneumo-al\u00b7l\u00e8rgia pedi\u00e0trica. L&#8217;objectiu \u00e9s capacitar aquests professionals, des del punt [&hellip;]<\/p>\n","protected":false},"author":24,"featured_media":0,"parent":957,"menu_order":0,"comment_status":"closed","ping_status":"closed","template":"","meta":[],"_links":{"self":[{"href":"https:\/\/www.tauli.cat\/institut\/wp-json\/wp\/v2\/pages\/15606"}],"collection":[{"href":"https:\/\/www.tauli.cat\/institut\/wp-json\/wp\/v2\/pages"}],"about":[{"href":"https:\/\/www.tauli.cat\/institut\/wp-json\/wp\/v2\/types\/page"}],"author":[{"embeddable":true,"href":"https:\/\/www.tauli.cat\/institut\/wp-json\/wp\/v2\/users\/24"}],"replies":[{"embeddable":true,"href":"https:\/\/www.tauli.cat\/institut\/wp-json\/wp\/v2\/comments?post=15606"}],"version-history":[{"count":10,"href":"https:\/\/www.tauli.cat\/institut\/wp-json\/wp\/v2\/pages\/15606\/revisions"}],"predecessor-version":[{"id":15738,"href":"https:\/\/www.tauli.cat\/institut\/wp-json\/wp\/v2\/pages\/15606\/revisions\/15738"}],"up":[{"embeddable":true,"href":"https:\/\/www.tauli.cat\/institut\/wp-json\/wp\/v2\/pages\/957"}],"wp:attachment":[{"href":"https:\/\/www.tauli.cat\/institut\/wp-json\/wp\/v2\/media?parent=15606"}],"curies":[{"name":"wp","href":"https:\/\/api.w.org\/{rel}","templated":true}]}}