{"id":15625,"date":"2024-08-09T13:26:40","date_gmt":"2024-08-09T11:26:40","guid":{"rendered":"https:\/\/www.tauli.cat\/institut\/?page_id=15625"},"modified":"2026-03-06T13:14:58","modified_gmt":"2026-03-06T12:14:58","slug":"ciencia-oberta","status":"publish","type":"page","link":"https:\/\/www.tauli.cat\/institut\/ciencia-oberta-i-societat\/ciencia-oberta\/","title":{"rendered":"Ci\u00e8ncia Oberta"},"content":{"rendered":"<div class=\"wpb-content-wrapper\">[vc_row][vc_column width=&#8221;2\/3&#8243;][vc_column_text]La <strong>ci\u00e8ncia oberta<\/strong> \u00e9s un conjunt de principis i pr\u00e0ctiques que promou la <strong>transpar\u00e8ncia, la col\u00b7laboraci\u00f3 i l\u2019accessibilitat als resultats cient\u00edfics<\/strong> en totes les fases de la recerca per a la seva reutilitzaci\u00f3, redistribuci\u00f3 i reproducci\u00f3. El seu objectiu \u00e9s que qualsevol persona, sigui o no investigadora, pugui accedir a la investigaci\u00f3 cient\u00edfica en el seu conjunt, no nom\u00e9s a les publicacions, sin\u00f3 tamb\u00e9 als m\u00e8todes, dades, instruments o programari utilitzat.<\/p>\n<p>Actualment, <a href=\"https:\/\/research-and-innovation.ec.europa.eu\/funding\/funding-opportunities\/funding-programmes-and-open-calls\/horizon-europe_en\" target=\"_blank\" rel=\"noopener\"><strong>Horizon Europe<\/strong><\/a>, el principal programa de finan\u00e7ament de la Uni\u00f3 Europea per a la recerca i innovaci\u00f3 2021-2027, integra la ci\u00e8ncia oberta com una <strong>estrat\u00e8gia clau per a garantir que la recerca finan\u00e7ada amb fons p\u00fablics sigui m\u00e9s accessible, col\u00b7laborativa i \u00fatil<\/strong> per a la comunitat cient\u00edfica i per a la societat, millorant aix\u00ed l&#8217;impacte, la rellev\u00e0ncia i la qualitat de la recerca i la innovaci\u00f3 a Europa.[\/vc_column_text][\/vc_column][vc_column width=&#8221;1\/3&#8243;]<div class=\"eut-element eut-image eut-align-center\" style=\"\"><img width=\"1357\" height=\"1368\" src=\"https:\/\/www.tauli.cat\/institut\/wp-content\/uploads\/2024\/08\/OpenScience.jpg\" class=\"attachment-full size-full\" alt=\"\" decoding=\"async\" loading=\"lazy\" srcset=\"https:\/\/www.tauli.cat\/institut\/wp-content\/uploads\/2024\/08\/OpenScience.jpg 1357w, https:\/\/www.tauli.cat\/institut\/wp-content\/uploads\/2024\/08\/OpenScience-298x300.jpg 298w, https:\/\/www.tauli.cat\/institut\/wp-content\/uploads\/2024\/08\/OpenScience-1190x1200.jpg 1190w, https:\/\/www.tauli.cat\/institut\/wp-content\/uploads\/2024\/08\/OpenScience-150x150.jpg 150w, https:\/\/www.tauli.cat\/institut\/wp-content\/uploads\/2024\/08\/OpenScience-768x774.jpg 768w, https:\/\/www.tauli.cat\/institut\/wp-content\/uploads\/2024\/08\/OpenScience-600x605.jpg 600w\" sizes=\"(max-width: 1357px) 100vw, 1357px\" \/><\/div>[\/vc_column][\/vc_row][vc_row][vc_column][vc_column_text]\n<h4>Beneficis m\u00e9s destacats<\/h4>\n<ul>\n<li>Major transpar\u00e8ncia i reproductibilitat dels resultats, clau per a poder validar els descobriments i aven\u00e7os cient\u00edfics.<\/li>\n<li>Acc\u00e9s obert a la informaci\u00f3 cient\u00edfica sense barreres econ\u00f2miques, facilitant l&#8217;acc\u00e9s i \u00fas de conjunts de dades completes, el que pot accelerar la recerca.<\/li>\n<li>Foment de la col\u00b7laboraci\u00f3, en compartir dades i resultats obertament, propiciant arribar a aven\u00e7os cient\u00edfics m\u00e9s r\u00e0pidament i eficientment, aix\u00ed com entre disciplines cient\u00edfiques, permetent enfocaments m\u00e9s integres i multidisciplinaris.<\/li>\n<li>Major impacte social i educatiu, enriquint l&#8217;educaci\u00f3 cient\u00edfica a tots els nivells i\u00a0ajudant els\u00a0responsables a prendre decisions m\u00e9s informades basades en una evid\u00e8ncia cient\u00edfica.<br \/>\nPromoci\u00f3 de pr\u00e0ctiques \u00e8tiques, garantint que dades i resultats es compartiran de forma justa i\u00a0oberta.<\/li>\n<li>Retorn econ\u00f2mic en evitar la duplicaci\u00f3 d&#8217;esfor\u00e7os i permetre l&#8217;\u00fas m\u00e9s eficient dels recursos despr\u00e9s de compartir dades i resultats.<\/li>\n<\/ul>\n[\/vc_column_text][\/vc_column][\/vc_row][vc_row][vc_column][vc_row_inner][vc_column_inner width=&#8221;1\/4&#8243;][\/vc_column_inner][vc_column_inner width=&#8221;1\/4&#8243;]<div class=\"eut-element eut-box eut-align-center\" style=\"\"><div class=\"eut-media\"><a href=\"https:\/\/www.tauli.cat\/institut\/ciencia-oberta-i-societat\/ciencia-oberta\/acces-obert-a-publicacions-2\/\" target=\"_self\"><img width=\"2560\" height=\"1703\" src=\"https:\/\/www.tauli.cat\/institut\/wp-content\/uploads\/2026\/01\/researcher-female-lab-scaled.jpg\" class=\"attachment-full size-full\" alt=\"\" decoding=\"async\" loading=\"lazy\" srcset=\"https:\/\/www.tauli.cat\/institut\/wp-content\/uploads\/2026\/01\/researcher-female-lab-scaled.jpg 2560w, https:\/\/www.tauli.cat\/institut\/wp-content\/uploads\/2026\/01\/researcher-female-lab-300x200.jpg 300w, https:\/\/www.tauli.cat\/institut\/wp-content\/uploads\/2026\/01\/researcher-female-lab-1200x798.jpg 1200w, https:\/\/www.tauli.cat\/institut\/wp-content\/uploads\/2026\/01\/researcher-female-lab-768x511.jpg 768w, https:\/\/www.tauli.cat\/institut\/wp-content\/uploads\/2026\/01\/researcher-female-lab-600x399.jpg 600w, https:\/\/www.tauli.cat\/institut\/wp-content\/uploads\/2026\/01\/researcher-female-lab-1536x1022.jpg 1536w, https:\/\/www.tauli.cat\/institut\/wp-content\/uploads\/2026\/01\/researcher-female-lab-1920x1277.jpg 1920w\" sizes=\"(max-width: 2560px) 100vw, 2560px\" \/><\/a><\/div>  <div class=\"eut-box-content\">    <a href=\"https:\/\/www.tauli.cat\/institut\/ciencia-oberta-i-societat\/ciencia-oberta\/acces-obert-a-publicacions-2\/\" target=\"_self\"><h6 class=\"eut-box-title\">Acc\u00e9s obert a publicacions<\/h6>    <\/a>    <p><\/p>  <\/div><\/div>[\/vc_column_inner][vc_column_inner width=&#8221;1\/4&#8243;]<div class=\"eut-element eut-box eut-align-center\" style=\"\"><div class=\"eut-media\"><a href=\"https:\/\/www.tauli.cat\/institut\/ciencia-oberta-i-societat\/ciencia-oberta\/dades-de-recerca-2\/\" target=\"_self\"><img width=\"2560\" height=\"1707\" src=\"https:\/\/www.tauli.cat\/institut\/wp-content\/uploads\/2026\/01\/crop-unrecognizable-worker-with-tablet-scaled.jpg\" class=\"attachment-full size-full\" alt=\"\" decoding=\"async\" loading=\"lazy\" srcset=\"https:\/\/www.tauli.cat\/institut\/wp-content\/uploads\/2026\/01\/crop-unrecognizable-worker-with-tablet-scaled.jpg 2560w, https:\/\/www.tauli.cat\/institut\/wp-content\/uploads\/2026\/01\/crop-unrecognizable-worker-with-tablet-300x200.jpg 300w, https:\/\/www.tauli.cat\/institut\/wp-content\/uploads\/2026\/01\/crop-unrecognizable-worker-with-tablet-1200x800.jpg 1200w, https:\/\/www.tauli.cat\/institut\/wp-content\/uploads\/2026\/01\/crop-unrecognizable-worker-with-tablet-768x512.jpg 768w, https:\/\/www.tauli.cat\/institut\/wp-content\/uploads\/2026\/01\/crop-unrecognizable-worker-with-tablet-600x400.jpg 600w, https:\/\/www.tauli.cat\/institut\/wp-content\/uploads\/2026\/01\/crop-unrecognizable-worker-with-tablet-1536x1024.jpg 1536w, https:\/\/www.tauli.cat\/institut\/wp-content\/uploads\/2026\/01\/crop-unrecognizable-worker-with-tablet-1920x1280.jpg 1920w\" sizes=\"(max-width: 2560px) 100vw, 2560px\" \/><\/a><\/div>  <div class=\"eut-box-content\">    <a href=\"https:\/\/www.tauli.cat\/institut\/ciencia-oberta-i-societat\/ciencia-oberta\/dades-de-recerca-2\/\" target=\"_self\"><h6 class=\"eut-box-title\">Dades de recerca<\/h6>    <\/a>    <p><\/p>  <\/div><\/div>[\/vc_column_inner][vc_column_inner width=&#8221;1\/4&#8243;][\/vc_column_inner][\/vc_row_inner][\/vc_column][\/vc_row][vc_row][vc_column][vc_column_text css=&#8221;&#8221;]\n<h4>Estrat\u00e8gies i Pol\u00edtiques<\/h4>\n<p>L&#8217;I3PT disposa d&#8217;una <a href=\"https:\/\/www.tauli.cat\/institut\/wp-content\/uploads\/2026\/03\/POLITICA-INSTITUCIONAL-CIENCIA-OBERTA-2025-2028.pdf\" target=\"_blank\" rel=\"noopener\"><strong>Pol\u00edtica Institucional de Ci\u00e8ncia Oberta<\/strong><\/a> que respon al comprom\u00eds de la instituci\u00f3 d&#8217;afavorir, fomentar i impulsar l&#8217;acc\u00e9s lliure i sense restriccions al coneixement. Tots els elements d&#8217;aquest comprom\u00eds parteixen del mandat d&#8217;Horizon Europe i de la Llei 14\/2011, de l&#8217;1 de juny, de la Ci\u00e8ncia, la Tecnologia i la Innovaci\u00f3, respectivament, pol\u00edtiques que recullen l&#8217;obligatorietat de dipositar en obert els resultats d&#8217;investigaci\u00f3 finan\u00e7ats amb fons p\u00fablics i que es publiquen posteriorment.[\/vc_column_text]<div class=\"eut-element eut-box-icon eut-align-left eut-small\" style=\"\"><a href=\"https:\/\/www.tauli.cat\/institut\/wp-content\/uploads\/2026\/03\/POLITICA-INSTITUCIONAL-CIENCIA-OBERTA-2025-2028.pdf\" target=\"_blank\">  <div class=\"eut-wrapper-icon eut-no-shape eut-color-grey\"><i class=\"fas fa-file-alt eut-color-primary-1\"><\/i><\/div><\/a>  <div class=\"eut-box-content\"><a href=\"https:\/\/www.tauli.cat\/institut\/wp-content\/uploads\/2026\/03\/POLITICA-INSTITUCIONAL-CIENCIA-OBERTA-2025-2028.pdf\" target=\"_blank\">      <h5 class=\"eut-box-title\">Pol\u00edtica Institucional de Ci\u00e8ncia Oberta<\/h5><\/a>  <\/div><\/div>[vc_column_text css=&#8221;&#8221;]<strong>Portal de Recerca de Catalunya<\/strong><br \/>\nDes del 2023, l&#8217;I3PT mostra p\u00fablicament i en acc\u00e9s obert els resultats de la seva investigaci\u00f3 a trav\u00e9s del <a href=\"https:\/\/portalrecerca.csuc.cat\/\" target=\"_blank\" rel=\"noopener\">Portal de Recerca de Catalunya (PRC)<\/a>. Aquest portal mostra tamb\u00e9 els resultats d&#8217;investigaci\u00f3 de les principals universitats i centres de recerca de Catalunya, donant visibilitat al potencial del sistema de recerca catal\u00e0, refor\u00e7ant els processos de gesti\u00f3 unificada de les dades de la recerca i incrementant l&#8217;acc\u00e9s i la visibilitat del treball del personal investigador.[\/vc_column_text][\/vc_column][\/vc_row][vc_row][vc_column width=&#8221;1\/5&#8243;][\/vc_column][vc_column width=&#8221;1\/5&#8243;][\/vc_column][vc_column width=&#8221;1\/5&#8243;]<div class=\"eut-element eut-box eut-align-left\" style=\"\"><div class=\"eut-media\"><a href=\"https:\/\/portalrecerca.csuc.cat\/08070520\" target=\"_blank\"><img width=\"2000\" height=\"1414\" src=\"https:\/\/www.tauli.cat\/institut\/wp-content\/uploads\/2024\/10\/PRCat.jpg\" class=\"attachment-full size-full\" alt=\"\" decoding=\"async\" loading=\"lazy\" srcset=\"https:\/\/www.tauli.cat\/institut\/wp-content\/uploads\/2024\/10\/PRCat.jpg 2000w, https:\/\/www.tauli.cat\/institut\/wp-content\/uploads\/2024\/10\/PRCat-300x212.jpg 300w, https:\/\/www.tauli.cat\/institut\/wp-content\/uploads\/2024\/10\/PRCat-1200x848.jpg 1200w, https:\/\/www.tauli.cat\/institut\/wp-content\/uploads\/2024\/10\/PRCat-768x543.jpg 768w, https:\/\/www.tauli.cat\/institut\/wp-content\/uploads\/2024\/10\/PRCat-600x424.jpg 600w, https:\/\/www.tauli.cat\/institut\/wp-content\/uploads\/2024\/10\/PRCat-1536x1086.jpg 1536w, https:\/\/www.tauli.cat\/institut\/wp-content\/uploads\/2024\/10\/PRCat-1920x1357.jpg 1920w\" sizes=\"(max-width: 2000px) 100vw, 2000px\" \/><\/a><\/div>  <div class=\"eut-box-content\">    <p><\/p>  <\/div><\/div>[\/vc_column][vc_column width=&#8221;1\/5&#8243;][\/vc_column][vc_column width=&#8221;1\/5&#8243;][\/vc_column][\/vc_row]\n<\/div>","protected":false},"excerpt":{"rendered":"<p>[vc_row][vc_column width=&#8221;2\/3&#8243;][vc_column_text]La ci\u00e8ncia oberta \u00e9s un conjunt de principis i pr\u00e0ctiques que promou la transpar\u00e8ncia, la col\u00b7laboraci\u00f3 i l\u2019accessibilitat als resultats cient\u00edfics en totes les fases de la recerca per a la seva reutilitzaci\u00f3, redistribuci\u00f3 i reproducci\u00f3. El seu objectiu \u00e9s que qualsevol persona, sigui o no investigadora, pugui accedir a la investigaci\u00f3 cient\u00edfica en [&hellip;]<\/p>\n","protected":false},"author":28,"featured_media":0,"parent":16879,"menu_order":0,"comment_status":"closed","ping_status":"closed","template":"","meta":[],"_links":{"self":[{"href":"https:\/\/www.tauli.cat\/institut\/wp-json\/wp\/v2\/pages\/15625"}],"collection":[{"href":"https:\/\/www.tauli.cat\/institut\/wp-json\/wp\/v2\/pages"}],"about":[{"href":"https:\/\/www.tauli.cat\/institut\/wp-json\/wp\/v2\/types\/page"}],"author":[{"embeddable":true,"href":"https:\/\/www.tauli.cat\/institut\/wp-json\/wp\/v2\/users\/28"}],"replies":[{"embeddable":true,"href":"https:\/\/www.tauli.cat\/institut\/wp-json\/wp\/v2\/comments?post=15625"}],"version-history":[{"count":47,"href":"https:\/\/www.tauli.cat\/institut\/wp-json\/wp\/v2\/pages\/15625\/revisions"}],"predecessor-version":[{"id":22388,"href":"https:\/\/www.tauli.cat\/institut\/wp-json\/wp\/v2\/pages\/15625\/revisions\/22388"}],"up":[{"embeddable":true,"href":"https:\/\/www.tauli.cat\/institut\/wp-json\/wp\/v2\/pages\/16879"}],"wp:attachment":[{"href":"https:\/\/www.tauli.cat\/institut\/wp-json\/wp\/v2\/media?parent=15625"}],"curies":[{"name":"wp","href":"https:\/\/api.w.org\/{rel}","templated":true}]}}