{"id":15660,"date":"2024-08-09T13:26:58","date_gmt":"2024-08-09T11:26:58","guid":{"rendered":"https:\/\/www.tauli.cat\/institut\/?page_id=15660"},"modified":"2024-11-05T15:36:06","modified_gmt":"2024-11-05T14:36:06","slug":"acces-obert-a-publicacions-2","status":"publish","type":"page","link":"https:\/\/www.tauli.cat\/institut\/ciencia-oberta-i-societat\/ciencia-oberta\/acces-obert-a-publicacions-2\/","title":{"rendered":"Acc\u00e9s obert a publicacions"},"content":{"rendered":"<div class=\"wpb-content-wrapper\">[vc_row][vc_column][vc_column_text]L&#8217;Acc\u00e9s Obert o <em>Open Access <\/em>\u00e9s una iniciativa que t\u00e9 com a objectiu suprimir les barreres d&#8217;acc\u00e9s a la literatura cient\u00edfica per tal d&#8217;accelerar la recerca, enriquir l&#8217;educaci\u00f3 i permetre que es comparteixi \u00edntegrament amb tothom amb acc\u00e9s lliure. Entre els seus beneficis destaca que permet, als lectors, trobar i utilitzar literatura rellevant, i als autors, adquirir major visibilitat, llegibilitat i impacte.<\/p>\n<p>L\u2019<em>Open Access<\/em> \u00e9s un <strong>requisit legal obligatori<\/strong> per a totes les publicacions cient\u00edfiques resultants dels projectes finan\u00e7ats a la convocat\u00f2ria Horizon Europe. Per acomplir-lo, es coneixen dues estrat\u00e8gies, derivades de la Budapest Open Access Initiative (2002):<\/p>\n<ul>\n<li><strong>Autoarxiu<\/strong>: Permet a l&#8217;autor dipositar una c\u00f2pia del seu treball d&#8217;investigaci\u00f3 en un repositori i posar-lo a disposici\u00f3 de tota la comunitat. Abans, cal revisar si l&#8217;obra es troba sota drets d&#8217;explotaci\u00f3 i permisos de l&#8217;editorial i quina \u00e9s la versi\u00f3 permesa. Es coneix com a via verda i \u00e9s la via predilecta d&#8217;acc\u00e9s obert.<\/li>\n<\/ul>\n<p><a href=\"https:\/\/www.sherpa.ac.uk\/romeo\/\" target=\"_blank\" rel=\"noopener\">Sherpa Romeo<\/a> a nivell internacional, i <a href=\"https:\/\/www.accesoabierto.net\/dulcinea\/\" target=\"_blank\" rel=\"noopener\">Dulcinea<\/a> a nivell nacional, s\u00f3n dos portals que recullen les pol\u00edtiques de <em>copyright<\/em> dels editors sobre les versions dels articles que es poden dipositar als repositoris i els embargaments. Cal, per\u00f2, revisar sempre la pol\u00edtica de l&#8217;editorial de la revista localitzable a la seva p\u00e0gina web abans de fer el dip\u00f2sit.<\/p>\n<ul>\n<li><strong>Publicacions peri\u00f2diques d&#8217;acc\u00e9s obert<\/strong>: Disseminar (publicar) els treballs en revistes amb acc\u00e9s obert, eliminant les restriccions d&#8217;acc\u00e9s al material que publiquen i els drets d&#8217;explotaci\u00f3 i permisos. La difer\u00e8ncia entre un article gratu\u00eft tancat i un en acc\u00e9s obert \u00e9s que sent tots dos gratu\u00efts, un est\u00e0 sota drets de propietat i l&#8217;altre no. Escollir aquesta modalitat permet no carregar quotes de subscripci\u00f3 ni acc\u00e9s als autors, per\u00f2 els editors poden carregar als autors taxes econ\u00f2miques per cobrir les despeses de processament de l&#8217;article (APC).<\/li>\n<\/ul>\n<p>El directori <a href=\"https:\/\/doaj.org\/\" target=\"_blank\" rel=\"noopener\">DOAJ<\/a> permet localitzar revistes d&#8217;acc\u00e9s obert perqu\u00e8 els autors puguin trobar aquelles revistes acad\u00e8miques de recerca amb acc\u00e9s obert, revisades per experts i de qualitat. En funci\u00f3 de la naturalesa de la revista (nom\u00e9s acc\u00e9s obert, h\u00edbrida entre acc\u00e9s obert i tancat, etc.), es coneixen les vies daurada, bronzejada, h\u00edbrida i diamant.[\/vc_column_text][\/vc_column][\/vc_row][vc_row][vc_column][vc_column_text]\n<h4>Llic\u00e8ncies obertes<\/h4>\n<p>Les llic\u00e8ncies Creative Commons (CC) s\u00f3n les recomanades per a la publicaci\u00f3 en acc\u00e9s obert. Aquestes permeten als autors comunicar els usos permesos de la seva obra, protegint l&#8217;atribuci\u00f3 d&#8217;aquesta en la mesura que es determini. Tot i que el reconeixement de l&#8217;autor \u00e9s recomanable per a aquells que vulguin rebre atribuci\u00f3 (CC-BY), tamb\u00e9 existeix l&#8217;opci\u00f3 de permetre l&#8217;\u00fas sense atribuci\u00f3 (CC0).<\/p>\n<p>A continuaci\u00f3, hi ha tres variables que l&#8217;autor pot escollir:<\/p>\n<ul>\n<li><strong>NoComercial (NC):<\/strong> Es permet la generaci\u00f3 d&#8217;obres derivades sempre que no se&#8217;n faci un \u00fas comercial.<\/li>\n<li><strong>SenseObraDerivada (ND):<\/strong> L&#8217;obra original no permet la difusi\u00f3 d&#8217;obres derivades.<\/li>\n<li><strong>CompartirIgual (SA):<\/strong> L&#8217;obra derivada (si est\u00e0 permesa) s&#8217;ha de difondre sota la mateixa llic\u00e8ncia CC que l&#8217;obra original.<\/li>\n<\/ul>\n<p>En cas de dubte, la p\u00e0gina web de Creative Commons disposa d&#8217;una eina en forma de formulari que permet generar la llic\u00e8ncia pas a pas i obtenir el codi per inserir a l&#8217;obra: <a href=\"https:\/\/chooser-beta.creativecommons.org\/\" target=\"_blank\" rel=\"noopener\"><em>License Chooser<\/em><\/a>.<\/p>\n<h4>Diposita en obert a l&#8217;I3PT!<\/h4>\n<p>El <a href=\"https:\/\/ddd.uab.cat\/\" target=\"_blank\" rel=\"noopener\">Dip\u00f2sit Digital de Documents (DDD) <\/a>de la Universitat Aut\u00f2noma de Barcelona \u00e9s el repositori institucional d&#8217;acc\u00e9s obert on els investigadors del Parc Taul\u00ed poden dipositar en obert els seus treballs publicats per tal de complir amb els recents requeriments de les ag\u00e8ncies avaluadores de les carreres acad\u00e8miques i guanyar m\u00e9s visibilitat.<\/p>\n<p>A m\u00e9s, l&#8217;I3PT comparteix les metadades de les publicacions dels seus investigadors a trav\u00e9s del seu <a href=\"https:\/\/i3pt.portalinvestigacion.com\/\" target=\"_blank\" rel=\"noopener\"><em>Portal de Investigaci\u00f3n<\/em><\/a>, on es poden filtrar segons si es troben en acc\u00e9s obert i el tipus, aix\u00ed com per \u00e0rees i grups d&#8217;investigaci\u00f3, i camps d&#8217;estudi.[\/vc_column_text][\/vc_column][\/vc_row][vc_row][vc_column width=&#8221;1\/5&#8243;]<div class=\"eut-element eut-box eut-align-left\" style=\"\"><div class=\"eut-media\"><a href=\"https:\/\/ddd.uab.cat\/collection\/i3pt\" target=\"_blank\"><img width=\"2000\" height=\"1414\" src=\"https:\/\/www.tauli.cat\/institut\/wp-content\/uploads\/2024\/10\/DDUAB.jpg\" class=\"attachment-full size-full\" alt=\"\" decoding=\"async\" loading=\"lazy\" srcset=\"https:\/\/www.tauli.cat\/institut\/wp-content\/uploads\/2024\/10\/DDUAB.jpg 2000w, https:\/\/www.tauli.cat\/institut\/wp-content\/uploads\/2024\/10\/DDUAB-300x212.jpg 300w, https:\/\/www.tauli.cat\/institut\/wp-content\/uploads\/2024\/10\/DDUAB-1200x848.jpg 1200w, https:\/\/www.tauli.cat\/institut\/wp-content\/uploads\/2024\/10\/DDUAB-768x543.jpg 768w, https:\/\/www.tauli.cat\/institut\/wp-content\/uploads\/2024\/10\/DDUAB-600x424.jpg 600w, https:\/\/www.tauli.cat\/institut\/wp-content\/uploads\/2024\/10\/DDUAB-1536x1086.jpg 1536w, https:\/\/www.tauli.cat\/institut\/wp-content\/uploads\/2024\/10\/DDUAB-1920x1357.jpg 1920w\" sizes=\"(max-width: 2000px) 100vw, 2000px\" \/><\/a><\/div>  <div class=\"eut-box-content\">    <p><\/p>  <\/div><\/div>[\/vc_column][vc_column width=&#8221;1\/5&#8243;]<div class=\"eut-element eut-box eut-align-left\" style=\"\"><div class=\"eut-media\"><a href=\"https:\/\/i3pt.portalinvestigacion.com\/\" target=\"_blank\"><img width=\"2000\" height=\"1414\" src=\"https:\/\/www.tauli.cat\/institut\/wp-content\/uploads\/2024\/10\/Portal-de-investigacion.png\" class=\"attachment-full size-full\" alt=\"\" decoding=\"async\" loading=\"lazy\" srcset=\"https:\/\/www.tauli.cat\/institut\/wp-content\/uploads\/2024\/10\/Portal-de-investigacion.png 2000w, https:\/\/www.tauli.cat\/institut\/wp-content\/uploads\/2024\/10\/Portal-de-investigacion-300x212.png 300w, https:\/\/www.tauli.cat\/institut\/wp-content\/uploads\/2024\/10\/Portal-de-investigacion-1200x848.png 1200w, https:\/\/www.tauli.cat\/institut\/wp-content\/uploads\/2024\/10\/Portal-de-investigacion-768x543.png 768w, https:\/\/www.tauli.cat\/institut\/wp-content\/uploads\/2024\/10\/Portal-de-investigacion-600x424.png 600w, https:\/\/www.tauli.cat\/institut\/wp-content\/uploads\/2024\/10\/Portal-de-investigacion-1536x1086.png 1536w, https:\/\/www.tauli.cat\/institut\/wp-content\/uploads\/2024\/10\/Portal-de-investigacion-1920x1357.png 1920w\" sizes=\"(max-width: 2000px) 100vw, 2000px\" \/><\/a><\/div>  <div class=\"eut-box-content\">    <p><\/p>  <\/div><\/div>[\/vc_column][vc_column width=&#8221;1\/5&#8243;][\/vc_column][vc_column width=&#8221;1\/5&#8243;][\/vc_column][vc_column width=&#8221;1\/5&#8243;][\/vc_column][\/vc_row]\n<\/div>","protected":false},"excerpt":{"rendered":"<p>[vc_row][vc_column][vc_column_text]L&#8217;Acc\u00e9s Obert o Open Access \u00e9s una iniciativa que t\u00e9 com a objectiu suprimir les barreres d&#8217;acc\u00e9s a la literatura cient\u00edfica per tal d&#8217;accelerar la recerca, enriquir l&#8217;educaci\u00f3 i permetre que es comparteixi \u00edntegrament amb tothom amb acc\u00e9s lliure. Entre els seus beneficis destaca que permet, als lectors, trobar i utilitzar literatura rellevant, i als [&hellip;]<\/p>\n","protected":false},"author":28,"featured_media":0,"parent":15625,"menu_order":0,"comment_status":"closed","ping_status":"closed","template":"","meta":[],"_links":{"self":[{"href":"https:\/\/www.tauli.cat\/institut\/wp-json\/wp\/v2\/pages\/15660"}],"collection":[{"href":"https:\/\/www.tauli.cat\/institut\/wp-json\/wp\/v2\/pages"}],"about":[{"href":"https:\/\/www.tauli.cat\/institut\/wp-json\/wp\/v2\/types\/page"}],"author":[{"embeddable":true,"href":"https:\/\/www.tauli.cat\/institut\/wp-json\/wp\/v2\/users\/28"}],"replies":[{"embeddable":true,"href":"https:\/\/www.tauli.cat\/institut\/wp-json\/wp\/v2\/comments?post=15660"}],"version-history":[{"count":17,"href":"https:\/\/www.tauli.cat\/institut\/wp-json\/wp\/v2\/pages\/15660\/revisions"}],"predecessor-version":[{"id":16523,"href":"https:\/\/www.tauli.cat\/institut\/wp-json\/wp\/v2\/pages\/15660\/revisions\/16523"}],"up":[{"embeddable":true,"href":"https:\/\/www.tauli.cat\/institut\/wp-json\/wp\/v2\/pages\/15625"}],"wp:attachment":[{"href":"https:\/\/www.tauli.cat\/institut\/wp-json\/wp\/v2\/media?parent=15660"}],"curies":[{"name":"wp","href":"https:\/\/api.w.org\/{rel}","templated":true}]}}