{"id":15662,"date":"2024-08-09T13:26:51","date_gmt":"2024-08-09T11:26:51","guid":{"rendered":"https:\/\/www.tauli.cat\/institut\/?page_id=15662"},"modified":"2026-01-14T11:50:55","modified_gmt":"2026-01-14T10:50:55","slug":"dades-de-recerca-2","status":"publish","type":"page","link":"https:\/\/www.tauli.cat\/institut\/ciencia-oberta-i-societat\/ciencia-oberta\/dades-de-recerca-2\/","title":{"rendered":"Dades de recerca"},"content":{"rendered":"<div class=\"wpb-content-wrapper\">[vc_row][vc_column][vc_column_text css=&#8221;&#8221;]\n<h4>Qu\u00e8 s\u00f3n les dades de recerca?<\/h4>\n<p>Les dades de recerca s\u00f3n tots aquells elements, informaci\u00f3, i\/o materials observats, recopilats, simulats, processats i\/o generats de l\u2019activitat investigadora durant el transcurs del projecte d\u2019investigaci\u00f3, necessaris per validar o certificar els resultats obtinguts. Les dades poden tenir diferents formats (n\u00fameros, textos, imatges, gravacions, arxius, etc.) i haver-se obtingut de diverses maneres.<\/p>\n<p>L\u2019I3PT disposa d\u2019una <strong>Pol\u00edtica Institucional de Gesti\u00f3 de Dades de Recerca<\/strong> on es detallen molts dels punts tractats en aquest espai, aix\u00ed com les responsabilitats i els principis, per a una bona gesti\u00f3 de dades de recerca de tot el personal investigador i de suport.[\/vc_column_text][vc_row_inner][vc_column_inner width=&#8221;1\/2&#8243;][vc_column_text css=&#8221;&#8221;]\n<h4>Principis de Dades FAIR<\/h4>\n<p>Amb l&#8217;objectiu de facilitar la capacitat de trobar i utilitzar les dades, aix\u00ed com d\u2019establir una guia que doni suport a la seva reutilitzaci\u00f3, es van dissenyar un conjunt de <strong>principis concisos i mesurables<\/strong> als quals ens referim com a <strong>Principis de Dades FAIR<\/strong>. Les dades de recerca es consideren FAIR (<em>Findable, Accessible, Interoperable, Reusable<\/em>) quan compleixen els principis de trobabilitat, accessibilitat, interoperabilitat i reutilitzaci\u00f3.<\/p>\n<p>El compliment dels principis FAIR \u00e9s una pr\u00e0ctica responsable que assegura la reproductibilitat, seguretat, preservaci\u00f3 i tra\u00e7abilitat dels resultats; contribueix a impulsar la recerca en xarxa i permet incrementar l\u2019impacte i la visibilitat de la recerca. A m\u00e9s, constitueix un criteri clau en l\u2019avaluaci\u00f3 dels projectes competitius i es preveu que, en el futur, el dip\u00f2sit de les dades de recerca origin\u00e0ries de projectes amb finan\u00e7ament p\u00fablic sigui un requisit d\u2019obligat compliment, aix\u00ed com per a la publicaci\u00f3 en determinades revistes.[\/vc_column_text][\/vc_column_inner][vc_column_inner width=&#8221;1\/2&#8243;][vc_empty_space height=&#8221;82px&#8221;]<div class=\"eut-element eut-image eut-align-center\" style=\"\"><img width=\"2000\" height=\"1414\" src=\"https:\/\/www.tauli.cat\/institut\/wp-content\/uploads\/2024\/08\/Infografia-circular-marketing-digital-profesional-azul-5.jpg\" class=\"attachment-full size-full\" alt=\"\" decoding=\"async\" loading=\"lazy\" srcset=\"https:\/\/www.tauli.cat\/institut\/wp-content\/uploads\/2024\/08\/Infografia-circular-marketing-digital-profesional-azul-5.jpg 2000w, https:\/\/www.tauli.cat\/institut\/wp-content\/uploads\/2024\/08\/Infografia-circular-marketing-digital-profesional-azul-5-300x212.jpg 300w, https:\/\/www.tauli.cat\/institut\/wp-content\/uploads\/2024\/08\/Infografia-circular-marketing-digital-profesional-azul-5-1200x848.jpg 1200w, https:\/\/www.tauli.cat\/institut\/wp-content\/uploads\/2024\/08\/Infografia-circular-marketing-digital-profesional-azul-5-768x543.jpg 768w, https:\/\/www.tauli.cat\/institut\/wp-content\/uploads\/2024\/08\/Infografia-circular-marketing-digital-profesional-azul-5-600x424.jpg 600w, https:\/\/www.tauli.cat\/institut\/wp-content\/uploads\/2024\/08\/Infografia-circular-marketing-digital-profesional-azul-5-1536x1086.jpg 1536w, https:\/\/www.tauli.cat\/institut\/wp-content\/uploads\/2024\/08\/Infografia-circular-marketing-digital-profesional-azul-5-1920x1357.jpg 1920w\" sizes=\"(max-width: 2000px) 100vw, 2000px\" \/><\/div>[\/vc_column_inner][\/vc_row_inner][\/vc_column][\/vc_row][vc_row][vc_column][vc_column_text css=&#8221;&#8221;]\n<h4>Principis de dades de recerca<\/h4>\n<p>Des de l\u2019I3PT es recomana complir amb els seg\u00fcents principis b\u00e0sics per a una <strong>correcta gesti\u00f3 de les dades de recerca<\/strong>:<\/p>\n<ul>\n<li>Tractar les dades seguint els Principis FAIR<\/li>\n<li>Crear i seguir un Pla de Gesti\u00f3 de Dades des de l\u2019inici del projecte (vegeu opci\u00f3 EiNa.DMP)<\/li>\n<li>Recol\u00b7lectar les dades de recerca i crear bases de dades eficientment, d\u2019acord amb els est\u00e0ndards de seguretat nacionals i internacionals (vegeu opci\u00f3 REDCap)<\/li>\n<li>Dipositar les dades en repositoris de dades confiables, que permetin donar compliment a est\u00e0ndards com els principis FAIR (vegeu opci\u00f3 CORA.RDR)<\/li>\n<\/ul>\n<p>La <strong>Unitat de Suport a la Recerca<\/strong> (USR) i la <strong>Unitat de Gesti\u00f3 del Coneixement<\/strong> (UGC) de l&#8217;I3PT posen a l\u2019abast de tot el personal investigador el seu suport i assessorament, aix\u00ed com totes les infraestructures necess\u00e0ries per a donar compliment a tots aquests principis.<\/p>\n<h4>Eines de refer\u00e8ncia per al personal de l&#8217;I3PT<\/h4>\n[\/vc_column_text][\/vc_column][\/vc_row][vc_row][vc_column][vc_tta_accordion][vc_tta_section title=&#8221;Pla de Gesti\u00f3 de Dades&#8221; tab_id=&#8221;pla-gestio-dades&#8221;][vc_column_text]<strong>CORA. eiNa DMP (eiNa DMP)<\/strong> \u00e9s una eina que permet, de manera senzilla i mitjan\u00e7ant plantilles, crear, revisar i compartir plans de gesti\u00f3 de dades que permetin complir els requisits de les ag\u00e8ncies de finan\u00e7ament.<\/p>\n<p>A trav\u00e9s del CSUC, des de la mateixa eina es proporcionen m\u00faltiples models espec\u00edfics sobre PGDs existents, propis o adaptats als finan\u00e7adors.<\/p>\n<p><a href=\"https:\/\/dmp.csuc.cat\/\" target=\"_blank\" rel=\"noopener\">Accedeix a CORA. EiNa DPM<\/a>[\/vc_column_text][\/vc_tta_section][vc_tta_section title=&#8221;Recol\u00b7lecci\u00f3 de dades electr\u00f2niques i creaci\u00f3 de bases de dades&#8221; tab_id=&#8221;recoleccio-creacio-dades&#8221;][vc_column_text]<strong>REDCap<\/strong> \u00e9s el programari de refer\u00e8ncia a l\u2019I3PT per a la captura de dades electr\u00f2niques dirigit a dissenyar bases de dades d\u2019investigaci\u00f3 per mitj\u00e0 d\u2019una metodologia de flux de treball.<\/p>\n<p><a href=\"https:\/\/redcap.tauli.cat\/redcap\" target=\"_blank\" rel=\"noopener\">Accedeix a REDCap<\/a>[\/vc_column_text][\/vc_tta_section][vc_tta_section title=&#8221;Dip\u00f2sit de dades en repositoris d&#8217;Acc\u00e9s Obert&#8221; tab_id=&#8221;diposit-dades-repositori&#8221;][vc_column_text]<strong>CORA.RDR <\/strong>\u00e9s el repositori de dades federat i multidisciplinar de refer\u00e8ncia per a l\u2019I3PT i que permet a les universitats catalanes, centres de recerca CERCA i altres entitats que fan recerca la publicaci\u00f3 de conjunts de dades de recerca en mode FAIR i seguint les directrius de l\u2019EOSC. La Unitat de Gesti\u00f3 del Coneixement (UGC) de l&#8217;Institut realitza l\u2019acompanyament de l\u2019inici fins al final al personal investigador en el dip\u00f2sit dels seus conjunts de dades de recerca.<\/p>\n<p><a href=\"https:\/\/dataverse.csuc.cat\/\">Accedeix a CORA.RDR<\/a><\/p>\n<p>L\u2019<strong>I3PT disposa del seu propi espai dins el repositori<\/strong>, on es poden visualitzar els conjunts de dades d\u2019alguns dels projectes de recerca realitzats per professionals de l\u2019institut. <strong><a href=\"https:\/\/dataverse.csuc.cat\/dataverse\/I3PT\" target=\"_blank\" rel=\"noopener\">Consulta&#8217;l aqu\u00ed<\/a><\/strong>![\/vc_column_text][\/vc_tta_section][\/vc_tta_accordion][\/vc_column][\/vc_row][vc_row][vc_column][\/vc_column][\/vc_row]\n<\/div>","protected":false},"excerpt":{"rendered":"<p>[vc_row][vc_column][vc_column_text css=&#8221;&#8221;] Qu\u00e8 s\u00f3n les dades de recerca? Les dades de recerca s\u00f3n tots aquells elements, informaci\u00f3, i\/o materials observats, recopilats, simulats, processats i\/o generats de l\u2019activitat investigadora durant el transcurs del projecte d\u2019investigaci\u00f3, necessaris per validar o certificar els resultats obtinguts. Les dades poden tenir diferents formats (n\u00fameros, textos, imatges, gravacions, arxius, etc.) i [&hellip;]<\/p>\n","protected":false},"author":28,"featured_media":0,"parent":15625,"menu_order":0,"comment_status":"closed","ping_status":"closed","template":"","meta":[],"_links":{"self":[{"href":"https:\/\/www.tauli.cat\/institut\/wp-json\/wp\/v2\/pages\/15662"}],"collection":[{"href":"https:\/\/www.tauli.cat\/institut\/wp-json\/wp\/v2\/pages"}],"about":[{"href":"https:\/\/www.tauli.cat\/institut\/wp-json\/wp\/v2\/types\/page"}],"author":[{"embeddable":true,"href":"https:\/\/www.tauli.cat\/institut\/wp-json\/wp\/v2\/users\/28"}],"replies":[{"embeddable":true,"href":"https:\/\/www.tauli.cat\/institut\/wp-json\/wp\/v2\/comments?post=15662"}],"version-history":[{"count":19,"href":"https:\/\/www.tauli.cat\/institut\/wp-json\/wp\/v2\/pages\/15662\/revisions"}],"predecessor-version":[{"id":21495,"href":"https:\/\/www.tauli.cat\/institut\/wp-json\/wp\/v2\/pages\/15662\/revisions\/21495"}],"up":[{"embeddable":true,"href":"https:\/\/www.tauli.cat\/institut\/wp-json\/wp\/v2\/pages\/15625"}],"wp:attachment":[{"href":"https:\/\/www.tauli.cat\/institut\/wp-json\/wp\/v2\/media?parent=15662"}],"curies":[{"name":"wp","href":"https:\/\/api.w.org\/{rel}","templated":true}]}}