{"id":15880,"date":"2024-08-20T08:46:06","date_gmt":"2024-08-20T06:46:06","guid":{"rendered":"https:\/\/www.tauli.cat\/institut\/?page_id=15880"},"modified":"2024-11-13T08:57:28","modified_gmt":"2024-11-13T07:57:28","slug":"projectes-estrategics","status":"publish","type":"page","link":"https:\/\/www.tauli.cat\/institut\/colabora\/projectes-estrategics\/","title":{"rendered":"Projectes estrat\u00e8gics"},"content":{"rendered":"<div class=\"wpb-content-wrapper\">[vc_row bg_type=&#8221;image&#8221; bg_image=&#8221;15784&#8243; bg_image_type=&#8221;animated&#8221; color_overlay=&#8221;dark&#8221; opacity_overlay=&#8221;60&#8243; header_feature=&#8221;yes&#8221; padding_top=&#8221;60px&#8221; padding_bottom=&#8221;60px&#8221;][vc_column][vc_raw_html]JTNDZGl2JTIwY2xhc3MlM0QlMjJicmVhZGNydW1icyUyMiUyMHR5cGVvZiUzRCUyMkJyZWFkY3J1bWJMaXN0JTIyJTIwdm9jYWIlM0QlMjJodHRwcyUzQSUyRiUyRnNjaGVtYS5vcmclMkYlMjIlM0UlMEElMDklMDklMDklMDklMDklMEElM0NzcGFuJTIwcHJvcGVydHklM0QlMjJpdGVtTGlzdEVsZW1lbnQlMjIlMjB0eXBlb2YlM0QlMjJMaXN0SXRlbSUyMiUzRSUzQ2ElMjBwcm9wZXJ0eSUzRCUyMml0ZW0lMjIlMjB0eXBlb2YlM0QlMjJXZWJQYWdlJTIyJTIwaHJlZiUzRCUyMmh0dHBzJTNBJTJGJTJGd3d3LnRhdWxpLmNhdCUyRmluc3RpdHV0JTIyJTIwY2xhc3MlM0QlMjJob21lJTIyJTNFJTNDc3BhbiUyMHByb3BlcnR5JTNEJTIybmFtZSUyMiUzRUluaWNpJTNDJTJGc3BhbiUzRSUzQyUyRmElM0UlM0NtZXRhJTIwcHJvcGVydHklM0QlMjJwb3NpdGlvbiUyMiUyMGNvbnRlbnQlM0QlMjIxJTIyJTNFJTNDJTJGc3BhbiUzRSUyMCUyNmd0JTNCJTIwJTNDc3BhbiUyMHByb3BlcnR5JTNEJTIyaXRlbUxpc3RFbGVtZW50JTIyJTIwdHlwZW9mJTNEJTIyTGlzdEl0ZW0lMjIlM0UlM0NhJTIwcHJvcGVydHklM0QlMjJpdGVtJTIyJTIwdHlwZW9mJTNEJTIyV2ViUGFnZSUyMiUyMGhyZWYlM0QlMjJodHRwcyUzQSUyRiUyRnd3dy50YXVsaS5jYXQlMkZpbnN0aXR1dCUyRmNvbGFib3JhJTJGJTIyJTIwY2xhc3MlM0QlMjJwb3N0JTIwcG9zdC1wYWdlJTIyJTNFJTNDc3BhbiUyMHByb3BlcnR5JTNEJTIybmFtZSUyMiUzRUNvbCVDMiVCN2xhYm9yYSUzQyUyRnNwYW4lM0UlM0MlMkZhJTNFJTNDbWV0YSUyMHByb3BlcnR5JTNEJTIycG9zaXRpb24lMjIlMjBjb250ZW50JTNEJTIyMiUyMiUzRSUzQyUyRnNwYW4lM0UlMjAlMjZndCUzQiUyMCUzQ3NwYW4lMjBjbGFzcyUzRCUyMnBvc3QlMjBwb3N0LXBhZ2UlMjBjdXJyZW50LWl0ZW0lMjIlM0VQcm9qZWN0ZXMlMjBlc3RyYXQlQzMlQThnaWNzJTIwUGFyYyUyMFRhdWwlQzMlQUQlM0MlMkZzcGFuJTNFJTIwJTIwJTIwJTIwJTIwJTIwJTIwJTIwJTIwJTIwJTIwJTIwJTIwJTIwJTIwJTIwJTNDJTJGZGl2JTNF[\/vc_raw_html][vc_custom_heading text=&#8221;Col\u00b7labora amb els projectes estrat\u00e8gics del Parc Taul\u00ed&#8221; font_container=&#8221;tag:h1|text_align:left|color:%23ffffff&#8221; use_theme_fonts=&#8221;yes&#8221;][vc_row_inner][vc_column_inner width=&#8221;1\/2&#8243;][vc_custom_heading text=&#8221;Amb la teva donaci\u00f3 podrem impulsar el futur del Parc Taul\u00ed a trav\u00e9s dels seus projectes estrat\u00e8gics&#8221; font_container=&#8221;tag:h4|text_align:left|color:%23ffffff&#8221; use_theme_fonts=&#8221;yes&#8221;][\/vc_column_inner][vc_column_inner width=&#8221;1\/2&#8243; el_id=&#8221;btn-col&#8221;][vc_raw_html el_class=&#8221;static-modal&#8221;]JTNDZGl2JTIwY2xhc3MlM0QlMjJidG4tY29udGFpbmVyJTIyJTNFJTBBJTNDYnV0dG9uJTIwY2xhc3MlM0QlMjJzdGF0aWMtbW9kYWwlMjBkZXN0aSUyMiUyMG9uY2xpY2slM0QlMjJwYXklMjh0aGlzJTI5JTNCJTIyJTIwZGF0YS1pZC1jYW1wYWlnbiUzRCUyMjE3MTg1JTIyJTIwZGF0YS11dWlkJTNEJTIyMjU3YWZiYjktYWI3Ni00OTZiLWFiMzgtODA2MWYyMDk0YjRhJTIyJTIwZGF0YS1zdHlsZSUzRCUyN3BlZXIlMjclM0UlMEElMjAlMjBGZXMlMjBsYSUyMHRldmElMjBkb25hY2klQzMlQjMlMEElM0MlMkZidXR0b24lM0UlMEElM0MlMkZkaXYlM0UlMEElMEElMEElMEElMEElMEElM0NzY3JpcHQlMjBpZCUzRCUyMmludGVncmF0aW9uSnMlMjIlMjB0eXBlJTNEJTIydGV4dCUyRmphdmFzY3JpcHQlMjIlMjBzcmMlM0QlMjJodHRwcyUzQSUyRiUyRnd3dy5zdG9ja2Nyb3dkLmNvbSUyRnJlc291cmNlcyUyRmpzJTJGdGVtcGxhdGVzJTJGcGF5bWVudCUyRmRwJTJGaW50ZWdyYWNpb24tbW9kYWwuanMlMjIlM0UlM0MlMkZzY3JpcHQlM0UlM0MlMkZwJTNF[\/vc_raw_html][\/vc_column_inner][\/vc_row_inner][\/vc_column][\/vc_row][vc_row section_id=&#8221;medicina_personalitzada&#8221;][vc_column]<h2 class=\"eut-element eut-align-center eut-title-no-line title-h2\" style=\"\"><span>Coneix els projectes<\/span><\/h2><h3 class=\"eut-element eut-align-left eut-title-no-line\" style=\"\"><span>Medicina personalitzada<\/span><\/h3>[vc_row_inner][vc_column_inner width=&#8221;1\/3&#8243;]<div class=\"eut-element eut-image eut-align-center\" style=\"\"><img width=\"800\" height=\"533\" src=\"https:\/\/www.tauli.cat\/institut\/wp-content\/uploads\/2024\/06\/medico-tocando-interfaz-pantalla-virtual-moderna-tecnologia-medica.jpg\" class=\"attachment-full size-full\" alt=\"\" decoding=\"async\" loading=\"lazy\" srcset=\"https:\/\/www.tauli.cat\/institut\/wp-content\/uploads\/2024\/06\/medico-tocando-interfaz-pantalla-virtual-moderna-tecnologia-medica.jpg 800w, https:\/\/www.tauli.cat\/institut\/wp-content\/uploads\/2024\/06\/medico-tocando-interfaz-pantalla-virtual-moderna-tecnologia-medica-300x200.jpg 300w, https:\/\/www.tauli.cat\/institut\/wp-content\/uploads\/2024\/06\/medico-tocando-interfaz-pantalla-virtual-moderna-tecnologia-medica-768x512.jpg 768w, https:\/\/www.tauli.cat\/institut\/wp-content\/uploads\/2024\/06\/medico-tocando-interfaz-pantalla-virtual-moderna-tecnologia-medica-600x400.jpg 600w\" sizes=\"(max-width: 800px) 100vw, 800px\" \/><\/div>[vc_raw_html el_class=&#8221;static-modal&#8221;]JTNDZGl2JTIwY2xhc3MlM0QlMjJidG4tY29udGFpbmVyJTIyJTNFJTBBJTNDYnV0dG9uJTIwY2xhc3MlM0QlMjJzdGF0aWMtbW9kYWwlMjBkZXN0aSUyMiUyMG9uY2xpY2slM0QlMjJwYXklMjh0aGlzJTI5JTNCJTIyJTIwZGF0YS1pZC1jYW1wYWlnbiUzRCUyMjE3MTg1JTIyJTIwZGF0YS11dWlkJTNEJTIyMjU3YWZiYjktYWI3Ni00OTZiLWFiMzgtODA2MWYyMDk0YjRhJTIyJTIwZGF0YS1zdHlsZSUzRCUyN3BlZXIlMjclM0UlMEElMjAlMjBGZXMlMjBsYSUyMHRldmElMjBkb25hY2klQzMlQjMlMjBwZXIlMjBtZWRpY2luYSUyMHBlcnNvbmFsaXR6YWRhJTBBJTNDJTJGYnV0dG9uJTNFJTBBJTNDJTJGZGl2JTNFJTBBJTBBJTBBJTBBJTBBJTBBJTNDc2NyaXB0JTIwaWQlM0QlMjJpbnRlZ3JhdGlvbkpzJTIyJTIwdHlwZSUzRCUyMnRleHQlMkZqYXZhc2NyaXB0JTIyJTIwc3JjJTNEJTIyaHR0cHMlM0ElMkYlMkZ3d3cuc3RvY2tjcm93ZC5jb20lMkZyZXNvdXJjZXMlMkZqcyUyRnRlbXBsYXRlcyUyRnBheW1lbnQlMkZkcCUyRmludGVncmFjaW9uLW1vZGFsLmpzJTIyJTNFJTNDJTJGc2NyaXB0JTNFJTNDJTJGcCUzRQ==[\/vc_raw_html][\/vc_column_inner][vc_column_inner width=&#8221;2\/3&#8243;][vc_column_text]El present i futur de la medicina es troben en la medicina personalitzada, que t\u00e9 en compte els condicionants espec\u00edfics de cada pacient, incloent factors socioecon\u00f2mics i informaci\u00f3 gen\u00f2mica. Contribuint en aquest subprograma ajudar\u00e0s a desenvolupar ter\u00e0pies avan\u00e7ades, diagn\u00f2stics de precisi\u00f3 i medicina preventiva i personalitzada.<\/p>\n<p>El programa de medicina personalitzada de mecenatge, t\u00e9 quatre eixos:<\/p>\n<h4><strong>Ter\u00e0pies avan\u00e7ades<\/strong><\/h4>\n<p>Al Parc Taul\u00ed disposem d&#8217;una plataforma de ter\u00e0pies avan\u00e7ades i formem part del hub de ter\u00e0pies avan\u00e7ades de Catalunya. Oferim ter\u00e0pies g\u00e8niques i volem ampliar aquesta oferta, per la qual cosa necessitem, entre d\u2019altres, una sala blanca, bioimpressi\u00f3 i desenvolupar projectes espec\u00edfics de ter\u00e0pies m\u00e8diques avan\u00e7ades.<\/p>\n<h4><strong>Dades i Intel\u00b7lig\u00e8ncia Artificial<\/strong><\/h4>\n<p>El Parc Taul\u00ed est\u00e0 incorporant la intel\u00b7lig\u00e8ncia artificial per al tractament de dades complexes com els derivats de la gen\u00f2mica o la imatge m\u00e8dica, i els integra amb les dades de la hist\u00f2ria cl\u00ednica per millorar diagn\u00f2stics, tractament i prevenci\u00f3. Aquesta integraci\u00f3 \u00e9s clau per avan\u00e7ar en la medicina del futur.<\/p>\n<h4><strong>Medicina gen\u00f2mica<\/strong><\/h4>\n<p>La gen\u00f2mica \u00e9s tant el present com el futur de la medicina. Millora l&#8217;efic\u00e0cia dels diagn\u00f2stics i tractaments, redu\u00efx les reaccions adverses als medicaments, evita intervencions agressives i pot ajudar a anticipar-se a l&#8217;aparici\u00f3 de malalties. Aquest eix inclou programes de millora en t\u00e8cniques avan\u00e7ades de diagn\u00f2stic gen\u00e8tic, tractaments personalitzats i ter\u00e0pies avan\u00e7ades, farmacogen\u00f2mica i projectes innovadors per al tractament \u00e8tic i segur de dades gen\u00f2miques.<\/p>\n<h4><strong>Malalties minorit\u00e0ries<\/strong><\/h4>\n<p>Som centre de refer\u00e8ncia en diversos grups de malalties minorit\u00e0ries i tenim una \u00e0mplia experi\u00e8ncia en l&#8217;atenci\u00f3 multidisciplinar de pacients i familiars. Volem millorar la nostra capacitat en aquest camp, el que implica formaci\u00f3, recursos espec\u00edfics i equipaments.[\/vc_column_text][\/vc_column_inner][\/vc_row_inner][vc_row_inner el_id=&#8221;simulacio&#8221;][vc_column_inner]<h3 class=\"eut-element eut-align-left eut-title-no-line\" style=\"\"><span>Simulaci\u00f3<\/span><\/h3>[\/vc_column_inner][\/vc_row_inner][\/vc_column][\/vc_row][vc_row][vc_column width=&#8221;1\/3&#8243;]<div class=\"eut-element eut-image eut-align-center\" style=\"\"><img width=\"800\" height=\"448\" src=\"https:\/\/www.tauli.cat\/institut\/wp-content\/uploads\/2024\/06\/white-surgical-coats-operating-room-surgeon-nurse-look-patients-virtual-body-with-virtual-reality-goggles-cure-patient-space-generative-ai.jpg\" class=\"attachment-full size-full\" alt=\"\" decoding=\"async\" loading=\"lazy\" srcset=\"https:\/\/www.tauli.cat\/institut\/wp-content\/uploads\/2024\/06\/white-surgical-coats-operating-room-surgeon-nurse-look-patients-virtual-body-with-virtual-reality-goggles-cure-patient-space-generative-ai.jpg 800w, https:\/\/www.tauli.cat\/institut\/wp-content\/uploads\/2024\/06\/white-surgical-coats-operating-room-surgeon-nurse-look-patients-virtual-body-with-virtual-reality-goggles-cure-patient-space-generative-ai-300x168.jpg 300w, https:\/\/www.tauli.cat\/institut\/wp-content\/uploads\/2024\/06\/white-surgical-coats-operating-room-surgeon-nurse-look-patients-virtual-body-with-virtual-reality-goggles-cure-patient-space-generative-ai-768x430.jpg 768w, https:\/\/www.tauli.cat\/institut\/wp-content\/uploads\/2024\/06\/white-surgical-coats-operating-room-surgeon-nurse-look-patients-virtual-body-with-virtual-reality-goggles-cure-patient-space-generative-ai-600x336.jpg 600w\" sizes=\"(max-width: 800px) 100vw, 800px\" \/><\/div>[vc_raw_html el_class=&#8221;static-modal&#8221;]JTNDZGl2JTIwY2xhc3MlM0QlMjJidG4tY29udGFpbmVyJTIyJTNFJTBBJTNDYnV0dG9uJTIwY2xhc3MlM0QlMjJzdGF0aWMtbW9kYWwlMjBkZXN0aSUyMiUyMG9uY2xpY2slM0QlMjJwYXklMjh0aGlzJTI5JTNCJTIyJTIwZGF0YS1pZC1jYW1wYWlnbiUzRCUyMjE3MTg1JTIyJTIwZGF0YS11dWlkJTNEJTIyMjU3YWZiYjktYWI3Ni00OTZiLWFiMzgtODA2MWYyMDk0YjRhJTIyJTIwZGF0YS1zdHlsZSUzRCUyN3BlZXIlMjclM0UlMEFGZXMlMjBsYSUyMHRldmElMjBkb25hY2klQzMlQjMlMjBwZXIlMjBzaW11bGFjaSVDMyVCMyUwQSUzQyUyRmJ1dHRvbiUzRSUwQSUzQyUyRmRpdiUzRSUwQSUwQSUwQSUwQSUwQSUwQSUzQ3NjcmlwdCUyMGlkJTNEJTIyaW50ZWdyYXRpb25KcyUyMiUyMHR5cGUlM0QlMjJ0ZXh0JTJGamF2YXNjcmlwdCUyMiUyMHNyYyUzRCUyMmh0dHBzJTNBJTJGJTJGd3d3LnN0b2NrY3Jvd2QuY29tJTJGcmVzb3VyY2VzJTJGanMlMkZ0ZW1wbGF0ZXMlMkZwYXltZW50JTJGZHAlMkZpbnRlZ3JhY2lvbi1tb2RhbC5qcyUyMiUzRSUzQyUyRnNjcmlwdCUzRSUzQyUyRnAlM0U=[\/vc_raw_html][\/vc_column][vc_column width=&#8221;2\/3&#8243;][vc_column_text]La simulaci\u00f3 cl\u00ednica \u00e9s una t\u00e8cnica educativa que utilitza entorns i eines simulades per entrenar professionals de la salut en la pr\u00e0ctica cl\u00ednica. L&#8217;objectiu \u00e9s millorar les habilitats t\u00e8cniques i no t\u00e8cniques (com la comunicaci\u00f3 i el treball en equip) en un entorn segur i controlat, on els errors no tinguin conseq\u00fc\u00e8ncies per als pacients.<\/p>\n<p>Amb el teu ajut podrem desenvolupar els seg\u00fcents tres eixos:<\/p>\n<h4><strong>Programes centrats en la millora d\u2019habilitats t\u00e8cniques i no t\u00e8cniques<\/strong><\/h4>\n<p>Aquests programes ajuden a millorar la destresa, comunicaci\u00f3 i treball en equip.<\/p>\n<h4><strong>Laboratori de simulaci\u00f3<\/strong><\/h4>\n<p>Disposar de \u00e0rees que recreen sales de consultes, hospitalitzaci\u00f3, \u00e0rees cr\u00edtiques i quir\u00f2fans totalment equipats amb dispositius com ec\u00f2grafs, laparosc\u00f2pies, Da Vinci i tecnologies d\u2019alta complexitat com la realitat augmentada o virtual.<\/p>\n<h4><strong>Simulaci\u00f3 in situ<\/strong><\/h4>\n<p>Realitzar simulacions en un entorn real amb equips naturals com a urg\u00e8ncies, planta d\u2019hospitalitzaci\u00f3, quir\u00f2fans i \u00e0rees cr\u00edtiques amb la m\u00e0xima seguretat i la m\u00ednima interrupci\u00f3 de l\u2019assist\u00e8ncia.[\/vc_column_text][\/vc_column][\/vc_row][vc_row][vc_column]<div class=\"eut-element eut-message eut-bg-grey msg-box\" style=\"\">  <i class=\"eut-icon fa fa-envelope-o\"><\/i>  <p>Vols saber-ne m\u00e9s? Escriu a mecenatge@tauli.cat i et posarem en contacte amb els investigadors i investigadores.<br \/>\n<\/p><\/div>[\/vc_column][\/vc_row]\n<\/div>","protected":false},"excerpt":{"rendered":"<p>[vc_row bg_type=&#8221;image&#8221; bg_image=&#8221;15784&#8243; bg_image_type=&#8221;animated&#8221; color_overlay=&#8221;dark&#8221; opacity_overlay=&#8221;60&#8243; header_feature=&#8221;yes&#8221; padding_top=&#8221;60px&#8221; padding_bottom=&#8221;60px&#8221;][vc_column][vc_raw_html]JTNDZGl2JTIwY2xhc3MlM0QlMjJicmVhZGNydW1icyUyMiUyMHR5cGVvZiUzRCUyMkJyZWFkY3J1bWJMaXN0JTIyJTIwdm9jYWIlM0QlMjJodHRwcyUzQSUyRiUyRnNjaGVtYS5vcmclMkYlMjIlM0UlMEElMDklMDklMDklMDklMDklMEElM0NzcGFuJTIwcHJvcGVydHklM0QlMjJpdGVtTGlzdEVsZW1lbnQlMjIlMjB0eXBlb2YlM0QlMjJMaXN0SXRlbSUyMiUzRSUzQ2ElMjBwcm9wZXJ0eSUzRCUyMml0ZW0lMjIlMjB0eXBlb2YlM0QlMjJXZWJQYWdlJTIyJTIwaHJlZiUzRCUyMmh0dHBzJTNBJTJGJTJGd3d3LnRhdWxpLmNhdCUyRmluc3RpdHV0JTIyJTIwY2xhc3MlM0QlMjJob21lJTIyJTNFJTNDc3BhbiUyMHByb3BlcnR5JTNEJTIybmFtZSUyMiUzRUluaWNpJTNDJTJGc3BhbiUzRSUzQyUyRmElM0UlM0NtZXRhJTIwcHJvcGVydHklM0QlMjJwb3NpdGlvbiUyMiUyMGNvbnRlbnQlM0QlMjIxJTIyJTNFJTNDJTJGc3BhbiUzRSUyMCUyNmd0JTNCJTIwJTNDc3BhbiUyMHByb3BlcnR5JTNEJTIyaXRlbUxpc3RFbGVtZW50JTIyJTIwdHlwZW9mJTNEJTIyTGlzdEl0ZW0lMjIlM0UlM0NhJTIwcHJvcGVydHklM0QlMjJpdGVtJTIyJTIwdHlwZW9mJTNEJTIyV2ViUGFnZSUyMiUyMGhyZWYlM0QlMjJodHRwcyUzQSUyRiUyRnd3dy50YXVsaS5jYXQlMkZpbnN0aXR1dCUyRmNvbGFib3JhJTJGJTIyJTIwY2xhc3MlM0QlMjJwb3N0JTIwcG9zdC1wYWdlJTIyJTNFJTNDc3BhbiUyMHByb3BlcnR5JTNEJTIybmFtZSUyMiUzRUNvbCVDMiVCN2xhYm9yYSUzQyUyRnNwYW4lM0UlM0MlMkZhJTNFJTNDbWV0YSUyMHByb3BlcnR5JTNEJTIycG9zaXRpb24lMjIlMjBjb250ZW50JTNEJTIyMiUyMiUzRSUzQyUyRnNwYW4lM0UlMjAlMjZndCUzQiUyMCUzQ3NwYW4lMjBjbGFzcyUzRCUyMnBvc3QlMjBwb3N0LXBhZ2UlMjBjdXJyZW50LWl0ZW0lMjIlM0VQcm9qZWN0ZXMlMjBlc3RyYXQlQzMlQThnaWNzJTIwUGFyYyUyMFRhdWwlQzMlQUQlM0MlMkZzcGFuJTNFJTIwJTIwJTIwJTIwJTIwJTIwJTIwJTIwJTIwJTIwJTIwJTIwJTIwJTIwJTIwJTIwJTNDJTJGZGl2JTNF[\/vc_raw_html][vc_custom_heading text=&#8221;Col\u00b7labora amb els projectes estrat\u00e8gics del Parc Taul\u00ed&#8221; font_container=&#8221;tag:h1|text_align:left|color:%23ffffff&#8221; use_theme_fonts=&#8221;yes&#8221;][vc_row_inner][vc_column_inner width=&#8221;1\/2&#8243;][vc_custom_heading text=&#8221;Amb la teva donaci\u00f3 podrem impulsar el futur del Parc Taul\u00ed a trav\u00e9s dels seus projectes estrat\u00e8gics&#8221; font_container=&#8221;tag:h4|text_align:left|color:%23ffffff&#8221; use_theme_fonts=&#8221;yes&#8221;][\/vc_column_inner][vc_column_inner width=&#8221;1\/2&#8243; el_id=&#8221;btn-col&#8221;][vc_raw_html el_class=&#8221;static-modal&#8221;]JTNDZGl2JTIwY2xhc3MlM0QlMjJidG4tY29udGFpbmVyJTIyJTNFJTBBJTNDYnV0dG9uJTIwY2xhc3MlM0QlMjJzdGF0aWMtbW9kYWwlMjBkZXN0aSUyMiUyMG9uY2xpY2slM0QlMjJwYXklMjh0aGlzJTI5JTNCJTIyJTIwZGF0YS1pZC1jYW1wYWlnbiUzRCUyMjE3MTg1JTIyJTIwZGF0YS11dWlkJTNEJTIyMjU3YWZiYjktYWI3Ni00OTZiLWFiMzgtODA2MWYyMDk0YjRhJTIyJTIwZGF0YS1zdHlsZSUzRCUyN3BlZXIlMjclM0UlMEElMjAlMjBGZXMlMjBsYSUyMHRldmElMjBkb25hY2klQzMlQjMlMEElM0MlMkZidXR0b24lM0UlMEElM0MlMkZkaXYlM0UlMEElMEElMEElMEElMEElMEElM0NzY3JpcHQlMjBpZCUzRCUyMmludGVncmF0aW9uSnMlMjIlMjB0eXBlJTNEJTIydGV4dCUyRmphdmFzY3JpcHQlMjIlMjBzcmMlM0QlMjJodHRwcyUzQSUyRiUyRnd3dy5zdG9ja2Nyb3dkLmNvbSUyRnJlc291cmNlcyUyRmpzJTJGdGVtcGxhdGVzJTJGcGF5bWVudCUyRmRwJTJGaW50ZWdyYWNpb24tbW9kYWwuanMlMjIlM0UlM0MlMkZzY3JpcHQlM0UlM0MlMkZwJTNF[\/vc_raw_html][\/vc_column_inner][\/vc_row_inner][\/vc_column][\/vc_row][vc_row section_id=&#8221;medicina_personalitzada&#8221;][vc_column][vc_row_inner][vc_column_inner width=&#8221;1\/3&#8243;][vc_raw_html el_class=&#8221;static-modal&#8221;]JTNDZGl2JTIwY2xhc3MlM0QlMjJidG4tY29udGFpbmVyJTIyJTNFJTBBJTNDYnV0dG9uJTIwY2xhc3MlM0QlMjJzdGF0aWMtbW9kYWwlMjBkZXN0aSUyMiUyMG9uY2xpY2slM0QlMjJwYXklMjh0aGlzJTI5JTNCJTIyJTIwZGF0YS1pZC1jYW1wYWlnbiUzRCUyMjE3MTg1JTIyJTIwZGF0YS11dWlkJTNEJTIyMjU3YWZiYjktYWI3Ni00OTZiLWFiMzgtODA2MWYyMDk0YjRhJTIyJTIwZGF0YS1zdHlsZSUzRCUyN3BlZXIlMjclM0UlMEElMjAlMjBGZXMlMjBsYSUyMHRldmElMjBkb25hY2klQzMlQjMlMjBwZXIlMjBtZWRpY2luYSUyMHBlcnNvbmFsaXR6YWRhJTBBJTNDJTJGYnV0dG9uJTNFJTBBJTNDJTJGZGl2JTNFJTBBJTBBJTBBJTBBJTBBJTBBJTNDc2NyaXB0JTIwaWQlM0QlMjJpbnRlZ3JhdGlvbkpzJTIyJTIwdHlwZSUzRCUyMnRleHQlMkZqYXZhc2NyaXB0JTIyJTIwc3JjJTNEJTIyaHR0cHMlM0ElMkYlMkZ3d3cuc3RvY2tjcm93ZC5jb20lMkZyZXNvdXJjZXMlMkZqcyUyRnRlbXBsYXRlcyUyRnBheW1lbnQlMkZkcCUyRmludGVncmFjaW9uLW1vZGFsLmpzJTIyJTNFJTNDJTJGc2NyaXB0JTNFJTNDJTJGcCUzRQ==[\/vc_raw_html][\/vc_column_inner][vc_column_inner width=&#8221;2\/3&#8243;][vc_column_text]El present i futur de la medicina es troben en [&hellip;]<\/p>\n","protected":false},"author":27,"featured_media":0,"parent":569,"menu_order":0,"comment_status":"closed","ping_status":"closed","template":"","meta":[],"_links":{"self":[{"href":"https:\/\/www.tauli.cat\/institut\/wp-json\/wp\/v2\/pages\/15880"}],"collection":[{"href":"https:\/\/www.tauli.cat\/institut\/wp-json\/wp\/v2\/pages"}],"about":[{"href":"https:\/\/www.tauli.cat\/institut\/wp-json\/wp\/v2\/types\/page"}],"author":[{"embeddable":true,"href":"https:\/\/www.tauli.cat\/institut\/wp-json\/wp\/v2\/users\/27"}],"replies":[{"embeddable":true,"href":"https:\/\/www.tauli.cat\/institut\/wp-json\/wp\/v2\/comments?post=15880"}],"version-history":[{"count":11,"href":"https:\/\/www.tauli.cat\/institut\/wp-json\/wp\/v2\/pages\/15880\/revisions"}],"predecessor-version":[{"id":16993,"href":"https:\/\/www.tauli.cat\/institut\/wp-json\/wp\/v2\/pages\/15880\/revisions\/16993"}],"up":[{"embeddable":true,"href":"https:\/\/www.tauli.cat\/institut\/wp-json\/wp\/v2\/pages\/569"}],"wp:attachment":[{"href":"https:\/\/www.tauli.cat\/institut\/wp-json\/wp\/v2\/media?parent=15880"}],"curies":[{"name":"wp","href":"https:\/\/api.w.org\/{rel}","templated":true}]}}