{"id":18968,"date":"2025-04-15T10:34:19","date_gmt":"2025-04-15T08:34:19","guid":{"rendered":"https:\/\/www.tauli.cat\/institut\/?page_id=18968"},"modified":"2025-04-16T09:52:17","modified_gmt":"2025-04-16T07:52:17","slug":"serveis-publics","status":"publish","type":"page","link":"https:\/\/www.tauli.cat\/institut\/portal-de-transparencia\/serveis-publics\/","title":{"rendered":"Serveis p\u00fablics"},"content":{"rendered":"<div class=\"wpb-content-wrapper\">[vc_row][vc_column][vc_column_text css=&#8221;&#8221;]\n<h2>Cat\u00e0leg de serveis<\/h2>\n[\/vc_column_text]<div class=\"eut-element eut-box-icon eut-align-left eut-medium\" style=\"\"><a href=\"https:\/\/www.tauli.cat\/institut\/plataformes-i-serveis\/\" target=\"_blank\">  <div class=\"eut-wrapper-icon eut-no-shape eut-color-grey\"><i class=\"fas fa-paste eut-color-primary-1\"><\/i><\/div><\/a>  <div class=\"eut-box-content\"><a href=\"https:\/\/www.tauli.cat\/institut\/plataformes-i-serveis\/\" target=\"_blank\">      <h4 class=\"eut-box-title\">Plataformes i serveis de l'I3PT<\/h4><\/a>  <\/div><\/div>[vc_row_inner][vc_column_inner width=&#8221;1\/5&#8243;][vc_column_text css=&#8221;&#8221;]<span style=\"font-size: 10pt;\"><strong>Refer\u00e8ncia<\/strong>: Any en curs<\/span>[\/vc_column_text][\/vc_column_inner][vc_column_inner width=&#8221;1\/5&#8243;][vc_column_text css=&#8221;&#8221;]<span style=\"font-size: 10pt;\"><strong>Manteniment<\/strong>: 5 anys<\/span>[\/vc_column_text][\/vc_column_inner][vc_column_inner width=&#8221;1\/5&#8243;][vc_column_text css=&#8221;&#8221;]<span style=\"font-size: 10pt;\"><strong>Actualitzaci\u00f3<\/strong>: Anual<\/span>[\/vc_column_text][\/vc_column_inner][\/vc_row_inner][vc_empty_space height=&#8221;40px&#8221;][\/vc_column][\/vc_row][vc_row][vc_column][vc_column_text css=&#8221;&#8221;]\n<h2>Cartes de servei i altres sistemes de gesti\u00f3 de la qualitat dels serveis p\u00fablics<\/h2>\n[\/vc_column_text][vc_column_text css=&#8221;&#8221;]\n<div class=\"eut-row eut-bookmark\">\n<div class=\"wpb_column eut-column eut-column-1\">\n<div class=\"eut-element eut-text\">\n<p><span data-contrast=\"auto\"><em>[No es disposa d\u2019informaci\u00f3 d\u2019aquesta naturalesa]<\/em><\/span><\/p>\n<\/div>\n<\/div>\n<\/div>\n[\/vc_column_text][vc_row_inner][vc_column_inner width=&#8221;1\/5&#8243;][vc_column_text css=&#8221;&#8221;]<span style=\"font-size: 10pt;\"><strong>Refer\u00e8ncia<\/strong>: Any en curs<\/span>[\/vc_column_text][\/vc_column_inner][vc_column_inner width=&#8221;1\/5&#8243;][vc_column_text css=&#8221;&#8221;]<span style=\"font-size: 10pt;\"><strong>Manteniment<\/strong>: 5 anys<\/span>[\/vc_column_text][\/vc_column_inner][vc_column_inner width=&#8221;1\/5&#8243;][vc_column_text css=&#8221;&#8221;]<span style=\"font-size: 10pt;\"><strong>Actualitzaci\u00f3<\/strong>: Anual<\/span>[\/vc_column_text][\/vc_column_inner][\/vc_row_inner][vc_empty_space height=&#8221;40px&#8221;][\/vc_column][\/vc_row][vc_row][vc_column][vc_column_text css=&#8221;&#8221;]\n<h2>Avaluaci\u00f3 de la qualitat dels serveis p\u00fablics<\/h2>\n[\/vc_column_text][\/vc_column][\/vc_row][vc_row][vc_column width=&#8221;1\/3&#8243;]<div class=\"eut-element eut-box eut-align-left\" style=\"\"><div class=\"eut-media\"><a href=\"https:\/\/cerca.cat\/centres-cerca\/\" target=\"_blank\"><img width=\"1703\" height=\"604\" src=\"https:\/\/www.tauli.cat\/institut\/wp-content\/uploads\/2023\/04\/CERCA-MARCA-A.png\" class=\"attachment-full size-full\" alt=\"\" decoding=\"async\" loading=\"lazy\" srcset=\"https:\/\/www.tauli.cat\/institut\/wp-content\/uploads\/2023\/04\/CERCA-MARCA-A.png 1703w, https:\/\/www.tauli.cat\/institut\/wp-content\/uploads\/2023\/04\/CERCA-MARCA-A-300x106.png 300w, https:\/\/www.tauli.cat\/institut\/wp-content\/uploads\/2023\/04\/CERCA-MARCA-A-1200x426.png 1200w, https:\/\/www.tauli.cat\/institut\/wp-content\/uploads\/2023\/04\/CERCA-MARCA-A-768x272.png 768w, https:\/\/www.tauli.cat\/institut\/wp-content\/uploads\/2023\/04\/CERCA-MARCA-A-600x213.png 600w, https:\/\/www.tauli.cat\/institut\/wp-content\/uploads\/2023\/04\/CERCA-MARCA-A-1536x545.png 1536w\" sizes=\"(max-width: 1703px) 100vw, 1703px\" \/><\/a><\/div>  <div class=\"eut-box-content\">    <a href=\"https:\/\/cerca.cat\/centres-cerca\/\" target=\"_blank\"><h4 class=\"eut-box-title\">Centre CERCA<\/h4>    <\/a>    <p>Reconeixement del Patronat de la Instituci\u00f3 dels Centres de Recerca de Catalunya (CERCA) com a centre CERCA, que implica formar part de l\u2019estructura de recerca de Catalunya, com a centre de recerca de qualitat i gesti\u00f3 efica\u00e7 i eficient.<\/p>  <\/div><\/div>[\/vc_column][vc_column width=&#8221;1\/3&#8243;]<div class=\"eut-element eut-box eut-align-left\" style=\"\"><div class=\"eut-media\"><a href=\"https:\/\/www.tauli.cat\/institut\/wp-content\/uploads\/2023\/02\/CertificadoIDI-0005-2016_CA_2022-07-04.pdf\" target=\"_blank\"><img width=\"1920\" height=\"705\" src=\"https:\/\/www.tauli.cat\/institut\/wp-content\/uploads\/2025\/04\/AENOR-2-e1744707709314.jpg\" class=\"attachment-full size-full\" alt=\"\" decoding=\"async\" loading=\"lazy\" srcset=\"https:\/\/www.tauli.cat\/institut\/wp-content\/uploads\/2025\/04\/AENOR-2-e1744707709314.jpg 1920w, https:\/\/www.tauli.cat\/institut\/wp-content\/uploads\/2025\/04\/AENOR-2-e1744707709314-300x110.jpg 300w, https:\/\/www.tauli.cat\/institut\/wp-content\/uploads\/2025\/04\/AENOR-2-e1744707709314-1200x441.jpg 1200w, https:\/\/www.tauli.cat\/institut\/wp-content\/uploads\/2025\/04\/AENOR-2-e1744707709314-768x282.jpg 768w, https:\/\/www.tauli.cat\/institut\/wp-content\/uploads\/2025\/04\/AENOR-2-e1744707709314-600x220.jpg 600w, https:\/\/www.tauli.cat\/institut\/wp-content\/uploads\/2025\/04\/AENOR-2-e1744707709314-1536x564.jpg 1536w\" sizes=\"(max-width: 1920px) 100vw, 1920px\" \/><\/a><\/div>  <div class=\"eut-box-content\">    <a href=\"https:\/\/www.tauli.cat\/institut\/wp-content\/uploads\/2023\/02\/CertificadoIDI-0005-2016_CA_2022-07-04.pdf\" target=\"_blank\"><h4 class=\"eut-box-title\">Certificat del Sistema de Gesti\u00f3 de l'R+D+I<\/h4>    <\/a>    <p>El 2023 AENOR certifica que la Fundaci\u00f3 Institut d\u2019Investigaci\u00f3 i Innovaci\u00f3 Parc Taul\u00ed (I3PT) disposa d\u2019un sistema de gesti\u00f3 de la R+D+I d\u2019acord amb la Norma UNE 166.002:2021. L\u2019I3PT compte amb l\u2019acreditaci\u00f3 UNE 166002:2006 des del 2013.<\/p>  <\/div><\/div>[\/vc_column][vc_column width=&#8221;1\/3&#8243;]<div class=\"eut-element eut-box eut-align-left\" style=\"\"><div class=\"eut-media\"><a href=\"https:\/\/www.isciii.es\/documents\/d\/guest\/iis-acreditados_centros_ene_2025?download=false\" target=\"_blank\"><img width=\"1411\" height=\"504\" src=\"https:\/\/www.tauli.cat\/institut\/wp-content\/uploads\/2025\/04\/LOGO-grande-4-isciii.png\" class=\"attachment-full size-full\" alt=\"\" decoding=\"async\" loading=\"lazy\" srcset=\"https:\/\/www.tauli.cat\/institut\/wp-content\/uploads\/2025\/04\/LOGO-grande-4-isciii.png 1411w, https:\/\/www.tauli.cat\/institut\/wp-content\/uploads\/2025\/04\/LOGO-grande-4-isciii-300x107.png 300w, https:\/\/www.tauli.cat\/institut\/wp-content\/uploads\/2025\/04\/LOGO-grande-4-isciii-1200x429.png 1200w, https:\/\/www.tauli.cat\/institut\/wp-content\/uploads\/2025\/04\/LOGO-grande-4-isciii-768x274.png 768w, https:\/\/www.tauli.cat\/institut\/wp-content\/uploads\/2025\/04\/LOGO-grande-4-isciii-600x214.png 600w\" sizes=\"(max-width: 1411px) 100vw, 1411px\" \/><\/a><\/div>  <div class=\"eut-box-content\">    <a href=\"https:\/\/www.isciii.es\/documents\/d\/guest\/iis-acreditados_centros_ene_2025?download=false\" target=\"_blank\"><h4 class=\"eut-box-title\">Instituto de Investigaci\u00f3n Sanitaria<\/h4>    <\/a>    <p>Acreditaci\u00f3 com a Instituto de Investigaci\u00f3n Sanitaria atorgat pel Ministerio de Ciencia e Innovaci\u00f3n. \u00c9s una de les acreditacions m\u00e9s prestigioses per a les entitats de recerca en salut i \u00e9s un reconeixement a l\u2019excel\u00b7l\u00e8ncia dels resultats cient\u00edfics i dels retorns beneficiosos.<\/p>  <\/div><\/div>[\/vc_column][\/vc_row][vc_row][vc_column width=&#8221;1\/3&#8243;]<div class=\"eut-element eut-box eut-align-left\" style=\"\"><div class=\"eut-media\"><a href=\"https:\/\/www.tauli.cat\/institut\/presentacio\/recursos-humans\/\" target=\"_blank\"><img width=\"630\" height=\"420\" src=\"https:\/\/www.tauli.cat\/institut\/wp-content\/uploads\/2021\/10\/hr-logo-tlo-e1701770642772.png\" class=\"attachment-full size-full\" alt=\"Implementaci\u00f3 del segell HRS4R\" decoding=\"async\" loading=\"lazy\" srcset=\"https:\/\/www.tauli.cat\/institut\/wp-content\/uploads\/2021\/10\/hr-logo-tlo-e1701770642772.png 630w, https:\/\/www.tauli.cat\/institut\/wp-content\/uploads\/2021\/10\/hr-logo-tlo-e1701770642772-300x200.png 300w, https:\/\/www.tauli.cat\/institut\/wp-content\/uploads\/2021\/10\/hr-logo-tlo-e1701770642772-600x400.png 600w\" sizes=\"(max-width: 630px) 100vw, 630px\" \/><\/a><\/div>  <div class=\"eut-box-content\">    <a href=\"https:\/\/www.tauli.cat\/institut\/presentacio\/recursos-humans\/\" target=\"_blank\"><h4 class=\"eut-box-title\">Human Resource Strategy for Researchers (HRS4R)<\/h4>    <\/a>    <p>El segell HRS4R dona un reconeixement p\u00fablic a les institucions que progressen cap els principis de la contractaci\u00f3 oberta, transparent i basada en m\u00e8rits.<\/p>  <\/div><\/div>[\/vc_column][vc_column width=&#8221;1\/3&#8243;][vc_empty_space height=&#8221;40px&#8221;]<div class=\"eut-element eut-box eut-align-left\" style=\"\"><div class=\"eut-media\"><a href=\"https:\/\/www.tauli.cat\/institut\/actualitat\/noticies\/2025\/03\/li3pt-rep-el-distintiu-igualdad-en-la-empresa-del-ministeri-digualtat\/\" target=\"_blank\"><img width=\"1920\" height=\"1080\" src=\"https:\/\/www.tauli.cat\/institut\/wp-content\/uploads\/2025\/04\/Plantilla-Imatges-Web-169.jpg\" class=\"attachment-full size-full\" alt=\"\" decoding=\"async\" loading=\"lazy\" srcset=\"https:\/\/www.tauli.cat\/institut\/wp-content\/uploads\/2025\/04\/Plantilla-Imatges-Web-169.jpg 1920w, https:\/\/www.tauli.cat\/institut\/wp-content\/uploads\/2025\/04\/Plantilla-Imatges-Web-169-300x169.jpg 300w, https:\/\/www.tauli.cat\/institut\/wp-content\/uploads\/2025\/04\/Plantilla-Imatges-Web-169-1200x675.jpg 1200w, https:\/\/www.tauli.cat\/institut\/wp-content\/uploads\/2025\/04\/Plantilla-Imatges-Web-169-768x432.jpg 768w, https:\/\/www.tauli.cat\/institut\/wp-content\/uploads\/2025\/04\/Plantilla-Imatges-Web-169-600x338.jpg 600w, https:\/\/www.tauli.cat\/institut\/wp-content\/uploads\/2025\/04\/Plantilla-Imatges-Web-169-1536x864.jpg 1536w, https:\/\/www.tauli.cat\/institut\/wp-content\/uploads\/2025\/04\/Plantilla-Imatges-Web-169-1170x658.jpg 1170w, https:\/\/www.tauli.cat\/institut\/wp-content\/uploads\/2025\/04\/Plantilla-Imatges-Web-169-800x450.jpg 800w\" sizes=\"(max-width: 1920px) 100vw, 1920px\" \/><\/a><\/div>  <div class=\"eut-box-content\">    <a href=\"https:\/\/www.tauli.cat\/institut\/actualitat\/noticies\/2025\/03\/li3pt-rep-el-distintiu-igualdad-en-la-empresa-del-ministeri-digualtat\/\" target=\"_blank\"><h4 class=\"eut-box-title\">Igualdad en la empresa<\/h4>    <\/a>    <p>Distintiu atorgat pel Ministeri d\u2019Igualtat en reconeixement al comprom\u00eds de l\u2019Institut amb la igualtat de g\u00e8nere. Es tracta de l\u2019\u00fanica distinci\u00f3 p\u00fablica a nivell estatal.<\/p>  <\/div><\/div>[\/vc_column][\/vc_row][vc_row][vc_column][vc_empty_space height=&#8221;40px&#8221;][vc_column_text css=&#8221;&#8221;]\n<h4>Resultats de les darreres avaluacions de qualitat de servei i grau de satisfacci\u00f3 de les persones usu\u00e0ries dels serveis i plataformes de l&#8217;I3PT<\/h4>\n[\/vc_column_text]<div class=\"eut-element eut-box-icon eut-align-left eut-medium\" style=\"\"><a href=\"https:\/\/www.tauli.cat\/institut\/wp-content\/uploads\/2025\/04\/Informe-Enquesta-Satisfaccio-Serveis.pdf\" target=\"_blank\">  <div class=\"eut-wrapper-icon eut-no-shape eut-color-grey\"><i class=\"fas fa-paste eut-color-primary-1\"><\/i><\/div><\/a>  <div class=\"eut-box-content\"><a href=\"https:\/\/www.tauli.cat\/institut\/wp-content\/uploads\/2025\/04\/Informe-Enquesta-Satisfaccio-Serveis.pdf\" target=\"_blank\">      <h6 class=\"eut-box-title\">Informe sobre l'Enquesta de Satisfacci\u00f3 dels Serveis i Plataformes de l'I3PT<\/h6><\/a>  <\/div><\/div>[\/vc_column][\/vc_row][vc_row][vc_column][vc_row_inner][vc_column_inner width=&#8221;1\/5&#8243;][vc_column_text css=&#8221;&#8221;]<span style=\"font-size: 10pt;\"><strong>Refer\u00e8ncia<\/strong>: Any en curs<\/span>[\/vc_column_text][\/vc_column_inner][vc_column_inner width=&#8221;1\/5&#8243;][vc_column_text css=&#8221;&#8221;]<span style=\"font-size: 10pt;\"><strong>Manteniment<\/strong>: 5 anys<\/span>[\/vc_column_text][\/vc_column_inner][vc_column_inner width=&#8221;1\/5&#8243;][vc_column_text css=&#8221;&#8221;]<span style=\"font-size: 10pt;\"><strong>Actualitzaci\u00f3<\/strong>: Anual<\/span>[\/vc_column_text][\/vc_column_inner][\/vc_row_inner][\/vc_column][\/vc_row][vc_column][\/vc_column][vc_row][vc_column][\/vc_column][\/vc_row]\n<\/div>","protected":false},"excerpt":{"rendered":"<p>[vc_row][vc_column][vc_column_text css=&#8221;&#8221;] Cat\u00e0leg de serveis [\/vc_column_text][vc_row_inner][vc_column_inner width=&#8221;1\/5&#8243;][vc_column_text css=&#8221;&#8221;]Refer\u00e8ncia: Any en curs[\/vc_column_text][\/vc_column_inner][vc_column_inner width=&#8221;1\/5&#8243;][vc_column_text css=&#8221;&#8221;]Manteniment: 5 anys[\/vc_column_text][\/vc_column_inner][vc_column_inner width=&#8221;1\/5&#8243;][vc_column_text css=&#8221;&#8221;]Actualitzaci\u00f3: Anual[\/vc_column_text][\/vc_column_inner][\/vc_row_inner][vc_empty_space height=&#8221;40px&#8221;][\/vc_column][\/vc_row][vc_row][vc_column][vc_column_text css=&#8221;&#8221;] Cartes de servei i altres sistemes de gesti\u00f3 de la qualitat dels serveis p\u00fablics [\/vc_column_text][vc_column_text css=&#8221;&#8221;] [No es disposa d\u2019informaci\u00f3 d\u2019aquesta naturalesa] [\/vc_column_text][vc_row_inner][vc_column_inner width=&#8221;1\/5&#8243;][vc_column_text css=&#8221;&#8221;]Refer\u00e8ncia: Any en curs[\/vc_column_text][\/vc_column_inner][vc_column_inner width=&#8221;1\/5&#8243;][vc_column_text css=&#8221;&#8221;]Manteniment: 5 anys[\/vc_column_text][\/vc_column_inner][vc_column_inner width=&#8221;1\/5&#8243;][vc_column_text css=&#8221;&#8221;]Actualitzaci\u00f3: Anual[\/vc_column_text][\/vc_column_inner][\/vc_row_inner][vc_empty_space [&hellip;]<\/p>\n","protected":false},"author":28,"featured_media":0,"parent":15021,"menu_order":0,"comment_status":"closed","ping_status":"closed","template":"","meta":[],"_links":{"self":[{"href":"https:\/\/www.tauli.cat\/institut\/wp-json\/wp\/v2\/pages\/18968"}],"collection":[{"href":"https:\/\/www.tauli.cat\/institut\/wp-json\/wp\/v2\/pages"}],"about":[{"href":"https:\/\/www.tauli.cat\/institut\/wp-json\/wp\/v2\/types\/page"}],"author":[{"embeddable":true,"href":"https:\/\/www.tauli.cat\/institut\/wp-json\/wp\/v2\/users\/28"}],"replies":[{"embeddable":true,"href":"https:\/\/www.tauli.cat\/institut\/wp-json\/wp\/v2\/comments?post=18968"}],"version-history":[{"count":7,"href":"https:\/\/www.tauli.cat\/institut\/wp-json\/wp\/v2\/pages\/18968\/revisions"}],"predecessor-version":[{"id":19010,"href":"https:\/\/www.tauli.cat\/institut\/wp-json\/wp\/v2\/pages\/18968\/revisions\/19010"}],"up":[{"embeddable":true,"href":"https:\/\/www.tauli.cat\/institut\/wp-json\/wp\/v2\/pages\/15021"}],"wp:attachment":[{"href":"https:\/\/www.tauli.cat\/institut\/wp-json\/wp\/v2\/media?parent=18968"}],"curies":[{"name":"wp","href":"https:\/\/api.w.org\/{rel}","templated":true}]}}