{"id":18980,"date":"2025-04-15T11:19:47","date_gmt":"2025-04-15T09:19:47","guid":{"rendered":"https:\/\/www.tauli.cat\/institut\/?page_id=18980"},"modified":"2025-04-24T13:09:24","modified_gmt":"2025-04-24T11:09:24","slug":"plans-i-programes","status":"publish","type":"page","link":"https:\/\/www.tauli.cat\/institut\/portal-de-transparencia\/plans-i-programes\/","title":{"rendered":"Plans i programes"},"content":{"rendered":"<div class=\"wpb-content-wrapper\">[vc_row][vc_column][vc_column_text]\n<h2>Plans i programes generals i sectorials<\/h2>\n[\/vc_column_text][\/vc_column][\/vc_row][vc_row][vc_column]<div class=\"eut-element eut-box-icon eut-align-left eut-medium\" style=\"\"><a href=\"https:\/\/www.tauli.cat\/institut\/wp-content\/uploads\/2021\/04\/Resum-executiu-PE-I3PT_web_v1.0-CAT.pdf\" target=\"_blank\">  <div class=\"eut-wrapper-icon eut-no-shape eut-color-grey\"><i class=\"far fa-file-alt eut-color-primary-1\"><\/i><\/div><\/a>  <div class=\"eut-box-content\"><a href=\"https:\/\/www.tauli.cat\/institut\/wp-content\/uploads\/2021\/04\/Resum-executiu-PE-I3PT_web_v1.0-CAT.pdf\" target=\"_blank\">      <h5 class=\"eut-box-title\">Pla estrat\u00e8gic i principals l\u00ednies estrat\u00e8giques de la instituci\u00f3<\/h5><\/a>  <\/div><\/div><div class=\"eut-element eut-box-icon eut-align-left eut-medium\" style=\"\"><a href=\"https:\/\/www.tauli.cat\/institut\/presentacio\/memoria-cientifica\/\" target=\"_blank\">  <div class=\"eut-wrapper-icon eut-no-shape eut-color-grey\"><i class=\"far fa-file-alt eut-color-primary-1\"><\/i><\/div><\/a>  <div class=\"eut-box-content\"><a href=\"https:\/\/www.tauli.cat\/institut\/presentacio\/memoria-cientifica\/\" target=\"_blank\">      <h5 class=\"eut-box-title\">Programa i mem\u00f2ria anual d'activitats<\/h5><\/a>  <\/div><\/div><div class=\"eut-element eut-box-icon eut-align-left eut-medium\" style=\"\">  <div class=\"eut-wrapper-icon eut-no-shape eut-color-grey\"><i class=\"far fa-file-alt eut-color-primary-1\"><\/i><\/div>  <div class=\"eut-box-content\">      <h5 class=\"eut-box-title\">Codi de bon govern i bones pr\u00e0ctiques de gesti\u00f3<\/h5>  <\/div><\/div><div class=\"eut-element eut-box-icon eut-align-left eut-medium\" style=\"\">  <div class=\"eut-wrapper-icon eut-no-shape eut-color-grey\"><i class=\"far fa-file-alt eut-color-primary-1\"><\/i><\/div>  <div class=\"eut-box-content\">      <h5 class=\"eut-box-title\">Informe anual del codi de conducta<\/h5>  <\/div><\/div><div class=\"eut-element eut-box-icon eut-align-left eut-medium\" style=\"\"><a href=\"https:\/\/salutweb.gencat.cat\/ca\/departament\/ambits-estrategics\/recerca-innovacio\/planificacio-gestio\/\" target=\"_blank\">  <div class=\"eut-wrapper-icon eut-no-shape eut-color-grey\"><i class=\"far fa-file-alt eut-color-primary-1\"><\/i><\/div><\/a>  <div class=\"eut-box-content\"><a href=\"https:\/\/salutweb.gencat.cat\/ca\/departament\/ambits-estrategics\/recerca-innovacio\/planificacio-gestio\/\" target=\"_blank\">      <h5 class=\"eut-box-title\">PERIS 22-27<\/h5><\/a>  <\/div><\/div>[\/vc_column][\/vc_row][vc_row][vc_column][vc_row_inner][vc_column_inner width=&#8221;1\/5&#8243;][vc_column_text css=&#8221;&#8221;]<span style=\"font-size: 10pt;\"><strong>Refer\u00e8ncia<\/strong>: Any en curs<\/span>[\/vc_column_text][\/vc_column_inner][vc_column_inner width=&#8221;1\/5&#8243;][vc_column_text css=&#8221;&#8221;]<span style=\"font-size: 10pt;\"><strong>Manteniment<\/strong>: 5 anys<\/span>[\/vc_column_text][\/vc_column_inner][vc_column_inner width=&#8221;1\/5&#8243;][vc_column_text css=&#8221;&#8221;]<span style=\"font-size: 10pt;\"><strong>Actualitzaci\u00f3<\/strong>: Anual<\/span>[\/vc_column_text][\/vc_column_inner][\/vc_row_inner][vc_empty_space height=&#8221;40px&#8221;][\/vc_column][\/vc_row][vc_row][vc_column][vc_column_text css=&#8221;&#8221;]\n<h2>Plans territorials i urban\u00edstics<\/h2>\n[\/vc_column_text][vc_column_text css=&#8221;&#8221;]<em>[No es disposa d\u2019informaci\u00f3 d\u2019aquesta naturalesa]<\/em>[\/vc_column_text][vc_row_inner][vc_column_inner width=&#8221;1\/5&#8243;][vc_column_text css=&#8221;&#8221;]<span style=\"font-size: 10pt;\"><strong>Refer\u00e8ncia<\/strong>: Any en curs<\/span>[\/vc_column_text][\/vc_column_inner][vc_column_inner width=&#8221;1\/5&#8243;][vc_column_text css=&#8221;&#8221;]<span style=\"font-size: 10pt;\"><strong>Manteniment<\/strong>: 5 anys<\/span>[\/vc_column_text][\/vc_column_inner][vc_column_inner width=&#8221;1\/5&#8243;][vc_column_text css=&#8221;&#8221;]<span style=\"font-size: 10pt;\"><strong>Actualitzaci\u00f3<\/strong>: Anual<\/span>[\/vc_column_text][\/vc_column_inner][\/vc_row_inner][vc_empty_space height=&#8221;40px&#8221;][\/vc_column][\/vc_row][vc_row][vc_column][vc_column_text css=&#8221;&#8221;]\n<h2>Avaluaci\u00f3 dels plans i els programes<\/h2>\n[\/vc_column_text][vc_column_text css=&#8221;&#8221;]<em>[No es disposa d\u2019informaci\u00f3 d\u2019aquesta naturalesa]<\/em>[\/vc_column_text][vc_row_inner][vc_column_inner width=&#8221;1\/5&#8243;][vc_column_text css=&#8221;&#8221;]<span style=\"font-size: 10pt;\"><strong>Refer\u00e8ncia<\/strong>: Any en curs<\/span>[\/vc_column_text][\/vc_column_inner][vc_column_inner width=&#8221;1\/5&#8243;][vc_column_text css=&#8221;&#8221;]<span style=\"font-size: 10pt;\"><strong>Manteniment<\/strong>: 5 anys<\/span>[\/vc_column_text][\/vc_column_inner][vc_column_inner width=&#8221;1\/5&#8243;][vc_column_text css=&#8221;&#8221;]<span style=\"font-size: 10pt;\"><strong>Actualitzaci\u00f3<\/strong>: Anual<\/span>[\/vc_column_text][\/vc_column_inner][\/vc_row_inner][\/vc_column][\/vc_row]\n<\/div>","protected":false},"excerpt":{"rendered":"<p>[vc_row][vc_column][vc_column_text] Plans i programes generals i sectorials [\/vc_column_text][\/vc_column][\/vc_row][vc_row][vc_column][\/vc_column][\/vc_row][vc_row][vc_column][vc_row_inner][vc_column_inner width=&#8221;1\/5&#8243;][vc_column_text css=&#8221;&#8221;]Refer\u00e8ncia: Any en curs[\/vc_column_text][\/vc_column_inner][vc_column_inner width=&#8221;1\/5&#8243;][vc_column_text css=&#8221;&#8221;]Manteniment: 5 anys[\/vc_column_text][\/vc_column_inner][vc_column_inner width=&#8221;1\/5&#8243;][vc_column_text css=&#8221;&#8221;]Actualitzaci\u00f3: Anual[\/vc_column_text][\/vc_column_inner][\/vc_row_inner][vc_empty_space height=&#8221;40px&#8221;][\/vc_column][\/vc_row][vc_row][vc_column][vc_column_text css=&#8221;&#8221;] Plans territorials i urban\u00edstics [\/vc_column_text][vc_column_text css=&#8221;&#8221;][No es disposa d\u2019informaci\u00f3 d\u2019aquesta naturalesa][\/vc_column_text][vc_row_inner][vc_column_inner width=&#8221;1\/5&#8243;][vc_column_text css=&#8221;&#8221;]Refer\u00e8ncia: Any en curs[\/vc_column_text][\/vc_column_inner][vc_column_inner width=&#8221;1\/5&#8243;][vc_column_text css=&#8221;&#8221;]Manteniment: 5 anys[\/vc_column_text][\/vc_column_inner][vc_column_inner width=&#8221;1\/5&#8243;][vc_column_text css=&#8221;&#8221;]Actualitzaci\u00f3: Anual[\/vc_column_text][\/vc_column_inner][\/vc_row_inner][vc_empty_space height=&#8221;40px&#8221;][\/vc_column][\/vc_row][vc_row][vc_column][vc_column_text css=&#8221;&#8221;] Avaluaci\u00f3 dels plans i els programes [\/vc_column_text][vc_column_text css=&#8221;&#8221;][No [&hellip;]<\/p>\n","protected":false},"author":28,"featured_media":0,"parent":15021,"menu_order":0,"comment_status":"closed","ping_status":"closed","template":"","meta":[],"_links":{"self":[{"href":"https:\/\/www.tauli.cat\/institut\/wp-json\/wp\/v2\/pages\/18980"}],"collection":[{"href":"https:\/\/www.tauli.cat\/institut\/wp-json\/wp\/v2\/pages"}],"about":[{"href":"https:\/\/www.tauli.cat\/institut\/wp-json\/wp\/v2\/types\/page"}],"author":[{"embeddable":true,"href":"https:\/\/www.tauli.cat\/institut\/wp-json\/wp\/v2\/users\/28"}],"replies":[{"embeddable":true,"href":"https:\/\/www.tauli.cat\/institut\/wp-json\/wp\/v2\/comments?post=18980"}],"version-history":[{"count":6,"href":"https:\/\/www.tauli.cat\/institut\/wp-json\/wp\/v2\/pages\/18980\/revisions"}],"predecessor-version":[{"id":19130,"href":"https:\/\/www.tauli.cat\/institut\/wp-json\/wp\/v2\/pages\/18980\/revisions\/19130"}],"up":[{"embeddable":true,"href":"https:\/\/www.tauli.cat\/institut\/wp-json\/wp\/v2\/pages\/15021"}],"wp:attachment":[{"href":"https:\/\/www.tauli.cat\/institut\/wp-json\/wp\/v2\/media?parent=18980"}],"curies":[{"name":"wp","href":"https:\/\/api.w.org\/{rel}","templated":true}]}}