{"id":19153,"date":"2025-04-25T14:24:01","date_gmt":"2025-04-25T12:24:01","guid":{"rendered":"https:\/\/www.tauli.cat\/institut\/?page_id=19153"},"modified":"2026-04-17T11:59:53","modified_gmt":"2026-04-17T09:59:53","slug":"curs-pre-simposium-thais","status":"publish","type":"page","link":"https:\/\/www.tauli.cat\/institut\/docencia\/tauli-health-artificial-intelligence-week\/curs-pre-simposium-thais\/","title":{"rendered":"Curs pre-simp\u00f2sium THAIS"},"content":{"rendered":"<div class=\"wpb-content-wrapper\">[vc_row section_id=&#8221;custom-top-tabs&#8221;][vc_column][vc_row_inner el_class=&#8221;resum-curs&#8221; css=&#8221;.vc_custom_1743071556101{margin-bottom: 30px !important;}&#8221;][vc_column_inner mobile_width=&#8221;hide&#8221;]<div class=\"eut-element eut-box-icon eut-align-left eut-small\" style=\"\">  <div class=\"eut-wrapper-icon eut-no-shape eut-color-grey\"><i class=\"fas fa-map-pin eut-color-black\"><\/i><\/div>  <div class=\"eut-box-content\">      <h4 class=\"eut-box-title\">Format<\/h4>    <p class=\"\">Presencial<\/p>  <\/div><\/div><div class=\"eut-element eut-box-icon eut-align-left eut-small\" style=\"\">  <div class=\"eut-wrapper-icon eut-no-shape eut-color-grey\"><i class=\"fas fa-university eut-color-black\"><\/i><\/div>  <div class=\"eut-box-content\">      <h4 class=\"eut-box-title\">Acreditaci\u00f3 sol\u00b7licitada pendent<\/h4>  <\/div><\/div><div class=\"eut-element eut-box-icon eut-align-left eut-small\" style=\"\">  <div class=\"eut-wrapper-icon eut-no-shape eut-color-grey\"><i class=\"fas fa-globe-americas eut-color-black\"><\/i><\/div>  <div class=\"eut-box-content\">      <h4 class=\"eut-box-title\">Idioma<\/h4>    <p class=\"\">Castell\u00e0<\/p>  <\/div><\/div><div class=\"eut-element eut-box-icon eut-align-left eut-small\" style=\"\"><a href=\"https:\/\/www.tauli.cat\/institut\/docencia\/postgrau\/inteligencia-artificial-en-salud\/#inscripcio\" target=\"_self\">  <div class=\"eut-wrapper-icon eut-no-shape eut-color-grey\"><i class=\"fa fa-calendar eut-color-black\"><\/i><\/div><\/a>  <div class=\"eut-box-content\"><a href=\"https:\/\/www.tauli.cat\/institut\/docencia\/postgrau\/inteligencia-artificial-en-salud\/#inscripcio\" target=\"_self\">      <h4 class=\"eut-box-title\">Inscripcions<\/h4><\/a>    <p class=\"\">Obertes<\/p>  <\/div><\/div>[\/vc_column_inner][\/vc_row_inner][vc_tta_accordion active_section=&#8221;0&#8243; collapsible_all=&#8221;true&#8221; el_id=&#8221;accordion-resum-curs&#8221;][vc_tta_section title=&#8221;Resum&#8221; tab_id=&#8221;resum&#8221; el_class=&#8221;resum-curs&#8221;][vc_row_inner][vc_column_inner][\/vc_column_inner][\/vc_row_inner][\/vc_tta_section][\/vc_tta_accordion][vc_row_inner][vc_column_inner][\/vc_column_inner][\/vc_row_inner][vc_column_text css=&#8221;&#8221; el_class=&#8221;top-tabs&#8221;]\n<ul>\n<li data-hash=\"presentacio\">Presentaci\u00f3<\/li>\n<li data-hash=\"informacioGeneral\">Informaci\u00f3 general<\/li>\n<li data-hash=\"programa\">Programa<\/li>\n<li data-hash=\"inscripcio\">Inscripci\u00f3<\/li>\n<li data-hash=\"photogallery\">Photogallery<\/li>\n<\/ul>\n[\/vc_column_text][\/vc_column][\/vc_row][vc_row el_class=&#8221;custom-top-tabs-content&#8221;][vc_column][vc_column_text]\n<h2>Presentaci\u00f3<\/h2>\n[\/vc_column_text][vc_row_inner css=&#8221;.vc_custom_1743071710686{margin-bottom: 30px !important;}&#8221;][vc_column_inner width=&#8221;1\/3&#8243;]<div class=\"eut-element eut-box eut-align-left\" style=\"\"><div class=\"eut-media\"><img width=\"2560\" height=\"1707\" src=\"https:\/\/www.tauli.cat\/institut\/wp-content\/uploads\/2025\/03\/O5A0678_JAUME_CUSIDO-scaled.jpg\" class=\"attachment-full size-full\" alt=\"\" decoding=\"async\" loading=\"lazy\" srcset=\"https:\/\/www.tauli.cat\/institut\/wp-content\/uploads\/2025\/03\/O5A0678_JAUME_CUSIDO-scaled.jpg 2560w, https:\/\/www.tauli.cat\/institut\/wp-content\/uploads\/2025\/03\/O5A0678_JAUME_CUSIDO-300x200.jpg 300w, https:\/\/www.tauli.cat\/institut\/wp-content\/uploads\/2025\/03\/O5A0678_JAUME_CUSIDO-1200x800.jpg 1200w, https:\/\/www.tauli.cat\/institut\/wp-content\/uploads\/2025\/03\/O5A0678_JAUME_CUSIDO-768x512.jpg 768w, https:\/\/www.tauli.cat\/institut\/wp-content\/uploads\/2025\/03\/O5A0678_JAUME_CUSIDO-600x400.jpg 600w, https:\/\/www.tauli.cat\/institut\/wp-content\/uploads\/2025\/03\/O5A0678_JAUME_CUSIDO-1536x1024.jpg 1536w, https:\/\/www.tauli.cat\/institut\/wp-content\/uploads\/2025\/03\/O5A0678_JAUME_CUSIDO-1920x1280.jpg 1920w\" sizes=\"(max-width: 2560px) 100vw, 2560px\" \/><\/div>  <div class=\"eut-box-content\">    <p><\/p>  <\/div><\/div>[\/vc_column_inner][vc_column_inner width=&#8221;2\/3&#8243;][vc_column_text css=&#8221;&#8221;]\n<h3 class=\"\" data-start=\"192\" data-end=\"270\">Curs Pre-Simposi: Introducci\u00f3 a la Intel\u00b7lig\u00e8ncia Artificial en Salut<\/h3>\n<p class=\"\" data-start=\"332\" data-end=\"679\">Aquest curs introductori forma part de la <strong data-start=\"374\" data-end=\"427\">Taul\u00ed Health Artificial Intelligence Week <\/strong>i est\u00e0 adre\u00e7at a professionals de la salut, investigadors i gestors sanitaris que vulguin endinsar-se en el m\u00f3n de la <strong data-start=\"549\" data-end=\"583\">intel\u00b7lig\u00e8ncia artificial (IA)<\/strong> i entendre com pot <strong>transformar la pr\u00e0ctica cl\u00ednica, la gesti\u00f3 sanit\u00e0ria i la recerca biom\u00e8dica<\/strong>.<\/p>\n<p class=\"\" data-start=\"681\" data-end=\"1035\">Amb un enfocament pr\u00e0ctic i entenedor, el curs ofereix una primera aproximaci\u00f3 als conceptes b\u00e0sics de la IA, les seves metodologies, el funcionament dels algoritmes i els principals camps d\u2019aplicaci\u00f3 dins del sistema de salut. Tamb\u00e9 es tractaran aspectes claus com la qualitat i gesti\u00f3 de les dades, l&#8217;\u00e8tica, els riscos i les oportunitats de futur.<\/p>\n<p class=\"\" data-start=\"1037\" data-end=\"1219\">Una oportunitat ideal per construir una base s\u00f2lida de coneixement en IA, preparar-se per formar part del seu desenvolupament i implementaci\u00f3 al sector salut, i participar activament en el \ud83d\udd17 <a href=\"https:\/\/www.tauli.cat\/institut\/tauli-health-artificial-intelligence-symposium-thais\/\" target=\"_blank\" rel=\"noopener\"><strong>Taul\u00ed Health Artificial Intelligence Symposium<\/strong> (<strong>THAIS<\/strong>)<\/a>.<\/p>\n<div class=\"eut-row vc_custom_1743069467376\">\n<div class=\"wpb_column eut-column eut-column-1\">\n<div class=\"eut-element eut-text\">\n<p><em><strong>*\u00a0<\/strong>La inscripci\u00f3 al curs pre-simp\u00f2sium requereix la inscripci\u00f3 al simp\u00f2sium.<\/em><\/p>\n<\/div>\n<\/div>\n<\/div>\n<div class=\"eut-row vc_custom_1743146200945\">\n<div class=\"wpb_column eut-column eut-column-1\">\n<div class=\"eut-element eut-box-icon eut-align-left eut-medium steps\"><\/div>\n<\/div>\n<\/div>\n[\/vc_column_text][\/vc_column_inner][\/vc_row_inner][\/vc_column][\/vc_row][vc_row el_class=&#8221;custom-top-tabs-content&#8221;][vc_column][vc_column_text css=&#8221;&#8221;]\n<h2>Informaci\u00f3 general<\/h2>\n<h3>Dates edici\u00f3 2026<\/h3>\n<ul>\n<li>Curs pre-simp\u00f2sium: Dilluns 15 de juny<\/li>\n<\/ul>\n<h3>Organitzaci\u00f3<\/h3>\n<ul>\n<li>Unitat Mixta del grup de recerca de Nefrologia Cl\u00ednica Intervencionista i Computacional de l&#8217;I3PT<\/li>\n<li>Grup de Computaci\u00f3 d&#8217;Altes Prestacions per a Aplicacions Eficients i Simulaci\u00f3 (HPC4EAS) de l&#8217;Escola d&#8217;Enginyeria de la UAB<\/li>\n<\/ul>\n<h3>Acreditaci\u00f3<\/h3>\n<p>Acreditaci\u00f3 sol\u00b7licitada al Consell Catal\u00e0 de Formaci\u00f3 Continuada de les Professions Sanit\u00e0ries \u2014 Comissi\u00f3 de Formaci\u00f3 Continuada del Sistema Nacional de Salut.<\/p>\n<h3>Seu<\/h3>\n[\/vc_column_text][vc_row_inner][vc_column_inner width=&#8221;1\/2&#8243;][vc_raw_html css=&#8221;.vc_custom_1609406082624{margin-bottom: 40px !important;}&#8221;]JTNDaWZyYW1lJTIwc3JjJTNEJTIyaHR0cHMlM0ElMkYlMkZ3d3cuZ29vZ2xlLmNvbSUyRm1hcHMlMkZlbWJlZCUzRnBiJTNEJTIxMW0xOCUyMTFtMTIlMjExbTMlMjExZDI5ODUuNTc2ODExNjE5MzI2MiUyMTJkMi4xMDg3Mjc5MTYwMDQ0ODE2JTIxM2Q0MS41NTY3NTkyNzkyNDg5MzYlMjEybTMlMjExZjAlMjEyZjAlMjEzZjAlMjEzbTIlMjExaTEwMjQlMjEyaTc2OCUyMTRmMTMuMSUyMTNtMyUyMTFtMiUyMTFzMHgxMmE0OTUxZWE5OTQzNzEzJTI1M0EweDlmYzdlYjFkMWYyNmEyZCUyMTJzQ29uc29yY2klMjUyMENvcnBvcmFjaSUyNUMzJTI1QjMlMjUyMFNhbml0JTI1QzMlMjVBMHJpYSUyNTIwUGFyYyUyNTIwVGF1bCUyNUMzJTI1QUQlMjUyMGRlJTI1MjBTYWJhZGVsbCUyMTVlMCUyMTNtMiUyMTFzZXMlMjEyc2VzJTIxNHYxNjA5NDA1Nzk4Mjk5JTIxNW0yJTIxMXNlcyUyMTJzZXMlMjIlMjB3aWR0aCUzRCUyMjYwMCUyMiUyMGhlaWdodCUzRCUyMjQ1MCUyMiUyMGZyYW1lYm9yZGVyJTNEJTIyMCUyMiUyMHN0eWxlJTNEJTIyYm9yZGVyJTNBMCUzQiUyMiUyMGFsbG93ZnVsbHNjcmVlbiUzRCUyMiUyMiUyMGFyaWEtaGlkZGVuJTNEJTIyZmFsc2UlMjIlMjB0YWJpbmRleCUzRCUyMjAlMjIlM0UlM0MlMkZpZnJhbWUlM0U=[\/vc_raw_html][\/vc_column_inner][vc_column_inner width=&#8221;1\/2&#8243;][vc_column_text css=&#8221;&#8221;]<span class=\"notranslate\"><strong>Auditori Taul\u00ed<br \/>\n<\/strong>Parc Taul\u00ed Hospital Universitari. Edifici Taul\u00ed (planta -1)<br \/>\nParc del Taul\u00ed, 1<br \/>\n08208 Sabadell (Barcelona)<\/span>[\/vc_column_text][\/vc_column_inner][\/vc_row_inner][vc_column_text css=&#8221;&#8221;]\n<h3>Allotjament<\/h3>\n<p>Gran Hotel Verdi ****<br \/>\nC\/ Francesc Maci\u00e0, 62. 08206 &#8211; Sabadell<br \/>\nHabitaci\u00f3\/dia: 110\u20ac (IVA i esmorzar incl\u00f2s)<br \/>\nLa reserva i el pagament s&#8217;han de realitzar a trav\u00e9s de la secretaria t\u00e8cnica.<\/p>\n<h3>Secretaria t\u00e8cnica<\/h3>\n<p>Ester Freixa \u2014 I3PT<br \/>\n\u2709 efreixa@tauli.cat[\/vc_column_text][\/vc_column][\/vc_row][vc_row el_class=&#8221;custom-top-tabs-content&#8221;][vc_column][vc_column_text css=&#8221;&#8221;]\n<h2>Programa<\/h2>\n[\/vc_column_text][vc_column_text css=&#8221;&#8221;]\n<h5>Pr\u00f2ximament<\/h5>\n[\/vc_column_text][vc_column_text css=&#8221;.vc_custom_1776409413056{margin-top: 75px !important;}&#8221;]\n<h2>Direcci\u00f3<\/h2>\n<h3>Direcci\u00f3 del THAIS<\/h3>\n[\/vc_column_text][vc_row_inner][vc_column_inner width=&#8221;1\/3&#8243;]\r\n\t\t<div class=\"eut-team eut-element\" style=\"\">\r\n\t\t\t<figure>\r\n\t\t\t\t\t\t\t\t<a href=\"https:\/\/es.linkedin.com\/in\/joseibeas\" target=\"_blank\">\r\n\t\t\t\t\t\t\t\t<div class=\"eut-team-person eut-media eut-align-left\">\r\n\t\t\t\t\t<img width=\"600\" height=\"600\" src=\"https:\/\/www.tauli.cat\/institut\/wp-content\/uploads\/2025\/04\/O5A0137_JAUME_CUSIDO-600x600.jpg\" class=\"attachment-eut-image-small-square size-eut-image-small-square\" alt=\"\" decoding=\"async\" loading=\"lazy\" srcset=\"https:\/\/www.tauli.cat\/institut\/wp-content\/uploads\/2025\/04\/O5A0137_JAUME_CUSIDO-600x600.jpg 600w, https:\/\/www.tauli.cat\/institut\/wp-content\/uploads\/2025\/04\/O5A0137_JAUME_CUSIDO-150x150.jpg 150w, https:\/\/www.tauli.cat\/institut\/wp-content\/uploads\/2025\/04\/O5A0137_JAUME_CUSIDO-1120x1120.jpg 1120w\" sizes=\"(max-width: 600px) 100vw, 600px\" \/>\t\t\t\t<\/div>\r\n\t\t\t\t\t\t\t\t<\/a>\r\n\t\t\t\t\t\t\t\t<figcaption>\r\n\t\t\t\t\t<div class=\"eut-team-description eut-align-left\">\r\n\t\t\t\t\t\t<div class=\"eut-team-identity eut-subtitle\"><\/div>\r\n\t\t\t\t\t\t\t\t\t\t\t\t<a href=\"https:\/\/es.linkedin.com\/in\/joseibeas\" target=\"_blank\">\r\n\t\t\t\t\t\t\t\t\t\t\t\t<h5 class=\"eut-team-name\">Jos\u00e9 Ibeas<\/h5>\r\n\t\t\t\t\t\t\t\t\t\t\t\t<\/a>\r\n\t\t\t\t\t\t\t\t\t\t\t\t\t\t\t\t\t\t<p class=\"eut-team-content\">Grup de recerca en nefrologia cl\u00ednica, intervencionista i computacional (CICN) de l&#8217;Institut d&#8217;Investigaci\u00f3 i Innovaci\u00f3 Parc Taul\u00ed<\/p>\r\n\t\t\t\t\t\t\t\t\t\t\t<\/div>\r\n\t\t\t\t\t\t\t\t\t\t<div class=\"eut-team-social eut-align-left\">\r\n\t\t\t\t\t\t<ul>\r\n\t\t\t\t\t\t\t<li><a href=\"https:\/\/es.linkedin.com\/in\/joseibeas\" target=\"_blank\" rel=\"noopener noreferrer\" class=\"eut-small-text\">Linkedin<\/a><\/li>\t\t\t\t\t\t<\/ul>\r\n\t\t\t\t\t<\/div>\r\n\t\t\t\t\t\t\t\t\t<\/figcaption>\r\n\t\t\t<\/figure>\r\n\t\t<\/div>\r\n\r\n\t\t[\/vc_column_inner][vc_column_inner width=&#8221;1\/3&#8243;]\r\n\t\t<div class=\"eut-team eut-element\" style=\"\">\r\n\t\t\t<figure>\r\n\t\t\t\t\t\t\t\t<a href=\"https:\/\/www.linkedin.com\/in\/remosuppi\/\" target=\"_blank\">\r\n\t\t\t\t\t\t\t\t<div class=\"eut-team-person eut-media eut-align-left\">\r\n\t\t\t\t\t<img width=\"600\" height=\"600\" src=\"https:\/\/www.tauli.cat\/institut\/wp-content\/uploads\/2025\/04\/O5A0062_1_JAUME_CUSIDO-600x600.jpg\" class=\"attachment-eut-image-small-square size-eut-image-small-square\" alt=\"\" decoding=\"async\" loading=\"lazy\" srcset=\"https:\/\/www.tauli.cat\/institut\/wp-content\/uploads\/2025\/04\/O5A0062_1_JAUME_CUSIDO-600x600.jpg 600w, https:\/\/www.tauli.cat\/institut\/wp-content\/uploads\/2025\/04\/O5A0062_1_JAUME_CUSIDO-150x150.jpg 150w, https:\/\/www.tauli.cat\/institut\/wp-content\/uploads\/2025\/04\/O5A0062_1_JAUME_CUSIDO-1120x1120.jpg 1120w\" sizes=\"(max-width: 600px) 100vw, 600px\" \/>\t\t\t\t<\/div>\r\n\t\t\t\t\t\t\t\t<\/a>\r\n\t\t\t\t\t\t\t\t<figcaption>\r\n\t\t\t\t\t<div class=\"eut-team-description eut-align-left\">\r\n\t\t\t\t\t\t<div class=\"eut-team-identity eut-subtitle\"><\/div>\r\n\t\t\t\t\t\t\t\t\t\t\t\t<a href=\"https:\/\/www.linkedin.com\/in\/remosuppi\/\" target=\"_blank\">\r\n\t\t\t\t\t\t\t\t\t\t\t\t<h5 class=\"eut-team-name\">Remo Suppi<\/h5>\r\n\t\t\t\t\t\t\t\t\t\t\t\t<\/a>\r\n\t\t\t\t\t\t\t\t\t\t\t\t\t\t\t\t\t\t<p class=\"eut-team-content\">Departament d&#8217;Arquitectura de computadors i sistemes operatius. Escola d&#8217;Enginyeria de la Universitat Aut\u00f2noma de Barcelona.<\/p>\r\n\t\t\t\t\t\t\t\t\t\t\t<\/div>\r\n\t\t\t\t\t\t\t\t\t\t<div class=\"eut-team-social eut-align-left\">\r\n\t\t\t\t\t\t<ul>\r\n\t\t\t\t\t\t\t<li><a href=\"https:\/\/www.linkedin.com\/in\/remosuppi\/\" target=\"_blank\" rel=\"noopener noreferrer\" class=\"eut-small-text\">Linkedin<\/a><\/li>\t\t\t\t\t\t<\/ul>\r\n\t\t\t\t\t<\/div>\r\n\t\t\t\t\t\t\t\t\t<\/figcaption>\r\n\t\t\t<\/figure>\r\n\t\t<\/div>\r\n\r\n\t\t[\/vc_column_inner][vc_column_inner width=&#8221;1\/3&#8243;]\r\n\t\t<div class=\"eut-team eut-element\" style=\"\">\r\n\t\t\t<figure>\r\n\t\t\t\t\t\t\t\t<a href=\"https:\/\/www.linkedin.com\/in\/dolores-rexachs-67185a6\/\" target=\"_blank\">\r\n\t\t\t\t\t\t\t\t<div class=\"eut-team-person eut-media eut-align-left\">\r\n\t\t\t\t\t<img width=\"600\" height=\"600\" src=\"https:\/\/www.tauli.cat\/institut\/wp-content\/uploads\/2025\/04\/WhatsApp-Image-2025-04-28-at-22.39.12-600x600.jpeg\" class=\"attachment-eut-image-small-square size-eut-image-small-square\" alt=\"\" decoding=\"async\" loading=\"lazy\" srcset=\"https:\/\/www.tauli.cat\/institut\/wp-content\/uploads\/2025\/04\/WhatsApp-Image-2025-04-28-at-22.39.12-600x600.jpeg 600w, https:\/\/www.tauli.cat\/institut\/wp-content\/uploads\/2025\/04\/WhatsApp-Image-2025-04-28-at-22.39.12-150x150.jpeg 150w\" sizes=\"(max-width: 600px) 100vw, 600px\" \/>\t\t\t\t<\/div>\r\n\t\t\t\t\t\t\t\t<\/a>\r\n\t\t\t\t\t\t\t\t<figcaption>\r\n\t\t\t\t\t<div class=\"eut-team-description eut-align-left\">\r\n\t\t\t\t\t\t<div class=\"eut-team-identity eut-subtitle\"><\/div>\r\n\t\t\t\t\t\t\t\t\t\t\t\t<a href=\"https:\/\/www.linkedin.com\/in\/dolores-rexachs-67185a6\/\" target=\"_blank\">\r\n\t\t\t\t\t\t\t\t\t\t\t\t<h5 class=\"eut-team-name\">Dolores Rexachs<\/h5>\r\n\t\t\t\t\t\t\t\t\t\t\t\t<\/a>\r\n\t\t\t\t\t\t\t\t\t\t\t\t\t\t\t\t\t\t<p class=\"eut-team-content\">Departament d&#8217;Arquitectura de computadors i sistemes operatius. Escola d&#8217;Enginyeria de la Universitat Aut\u00f2noma de Barcelona.<\/p>\r\n\t\t\t\t\t\t\t\t\t\t\t<\/div>\r\n\t\t\t\t\t\t\t\t\t\t<div class=\"eut-team-social eut-align-left\">\r\n\t\t\t\t\t\t<ul>\r\n\t\t\t\t\t\t\t<li><a href=\"https:\/\/www.linkedin.com\/in\/dolores-rexachs-67185a6\/\" target=\"_blank\" rel=\"noopener noreferrer\" class=\"eut-small-text\">Linkedin<\/a><\/li>\t\t\t\t\t\t<\/ul>\r\n\t\t\t\t\t<\/div>\r\n\t\t\t\t\t\t\t\t\t<\/figcaption>\r\n\t\t\t<\/figure>\r\n\t\t<\/div>\r\n\r\n\t\t[\/vc_column_inner][\/vc_row_inner][\/vc_column][\/vc_row][vc_row el_class=&#8221;custom-top-tabs-content&#8221;][vc_column][vc_column_text css=&#8221;&#8221;]\n<h2>Inscripci\u00f3<\/h2>\n[\/vc_column_text][vc_column_text css=&#8221;&#8221;]\n<h3>Proc\u00e9s d&#8217;inscripci\u00f3<\/h3>\n[\/vc_column_text][vc_row_inner css=&#8221;.vc_custom_1743069467376{margin-bottom: 30px !important;}&#8221;][vc_column_inner]<div class=\"eut-element eut-box-icon eut-align-left eut-medium steps\" style=\"\">  <div class=\"eut-wrapper-icon eut-no-shape eut-color-grey\"><span class=\"eut-color-primary-1\">1<\/span><\/div>  <div class=\"eut-box-content\">      <h4 class=\"eut-box-title\">Fer la inscripci\u00f3 escollint una de les dues modalitats:<\/h4>  <\/div><\/div>[\/vc_column_inner][\/vc_row_inner][vc_row_inner css=&#8221;.vc_custom_1743069499476{margin-bottom: 30px !important;}&#8221;][vc_column_inner width=&#8221;1\/6&#8243;][\/vc_column_inner][vc_column_inner width=&#8221;1\/3&#8243;]<div class=\"eut-element eut-align-left\"><a class=\"eut-btn eut-btn-medium eut-square eut-bg-primary-1\" href=\"https:\/\/www.tauli.cat\/tauli\/joomla\/cursosfpt\/Inscripcio.asp?Codi=202656&#038;Tipus=Curs&#038;titol=Curso%20pre-symposium%20IA%20y%20Big%20Data%20en%20Salud&#038;Inici=15\/06\/2026&#038;Final=15\/06\/2026\" target=\"_blank\" style=\"\"><span>Curs pre-simp\u00f2sium i simp\u00f2sium<\/span><\/a><\/div>[\/vc_column_inner][vc_column_inner width=&#8221;1\/3&#8243;]<div class=\"eut-element eut-align-left\"><a class=\"eut-btn eut-btn-medium eut-square eut-bg-primary-1\" href=\"https:\/\/www.tauli.cat\/tauli\/joomla\/cursosfpt\/Inscripcio.asp?Codi=202611&#038;Tipus=Congr%C3%A9s&#038;titol=5th%20Taul%C3%AD%20Health%20Artificial%20Intelligence%20Symposium&#038;Inici=16\/06\/2026&#038;Final=17\/06\/2026\" target=\"_blank\" style=\"\"><span>Simp\u00f2sium<\/span><\/a><\/div>[\/vc_column_inner][vc_column_inner width=&#8221;1\/6&#8243;][\/vc_column_inner][\/vc_row_inner][vc_row_inner css=&#8221;.vc_custom_1743069467376{margin-bottom: 30px !important;}&#8221;][vc_column_inner][vc_column_text css=&#8221;&#8221;]<strong>*<\/strong> La inscripci\u00f3 al curs pre-simp\u00f2sium requereix la inscripci\u00f3 al simp\u00f2sium[\/vc_column_text][\/vc_column_inner][\/vc_row_inner][vc_row_inner css=&#8221;.vc_custom_1743146200945{margin-top: 4rem !important;margin-bottom: 30px !important;}&#8221;][vc_column_inner]<div class=\"eut-element eut-box-icon eut-align-left eut-medium steps\" style=\"\">  <div class=\"eut-wrapper-icon eut-no-shape eut-color-grey\"><span class=\"eut-color-primary-1\">2<\/span><\/div>  <div class=\"eut-box-content\">      <h4 class=\"eut-box-title\">Rebr\u00e0s un correu electr\u00f2nic amb la confirmaci\u00f3 de la teva inscripci\u00f3.<\/h4>  <\/div><\/div>[\/vc_column_inner][\/vc_row_inner][vc_row_inner css=&#8221;.vc_custom_1743146210287{margin-top: 4rem !important;margin-bottom: 30px !important;}&#8221;][vc_column_inner]<div class=\"eut-element eut-box-icon eut-align-left eut-medium steps\" style=\"\">  <div class=\"eut-wrapper-icon eut-no-shape eut-color-grey\"><span class=\"eut-color-primary-1\">3<\/span><\/div>  <div class=\"eut-box-content\">      <h4 class=\"eut-box-title\">Amb el correu de confirmaci\u00f3, tamb\u00e9 rebr\u00e0s unes instruccions per realitzar el pagament a la modalitat que hagis escollit.<\/h4>  <\/div><\/div>[\/vc_column_inner][\/vc_row_inner][vc_column_text css=&#8221;.vc_custom_1745823676769{margin-top: 35px !important;}&#8221;]\n<h3>Preus<\/h3>\n<table style=\"border-collapse: collapse; width: 100%; height: 120px;\">\n<tbody>\n<tr style=\"height: 24px;\">\n<td style=\"width: 33.3333%; border-color: #000000; background-color: #f5edf3; height: 24px;\">\n<h4><strong>Inscripci\u00f3<\/strong><\/h4>\n<\/td>\n<td style=\"width: 33.3333%; border-color: #000000; background-color: #f5edf3; height: 24px;\">\n<h4><strong>Quota<\/strong><\/h4>\n<\/td>\n<td style=\"width: 33.3333%; border-color: #000000; background-color: #f5edf3; height: 24px;\">\n<h4><strong>Residents<\/strong><\/h4>\n<\/td>\n<\/tr>\n<tr style=\"height: 24px;\">\n<td style=\"width: 99.9999%; height: 24px;\" colspan=\"3\">\n<h4 style=\"text-align: left; margin-bottom: 0!important; color: #9c4266 !important;\">Curs pre-simp\u00f2sium<\/h4>\n<\/td>\n<\/tr>\n<tr style=\"height: 24px;\">\n<td style=\"width: 33.3333%; height: 24px;\">Ordin\u00e0ria<\/td>\n<td style=\"width: 33.3333%; height: 24px;\">150 \u20ac + IVA<\/td>\n<td style=\"width: 33.3333%; height: 24px;\">100 \u20ac + IVA<\/td>\n<\/tr>\n<tr style=\"height: 24px;\">\n<td style=\"width: 99.9999%; height: 24px; margin-bottom: 0px !important;\" colspan=\"3\">\n<h4 style=\"text-align: left; margin-bottom: 0!important; color: #9c4266 !important;\">Simposium<\/h4>\n<\/td>\n<\/tr>\n<tr style=\"height: 24px;\">\n<td style=\"width: 33.3333%; height: 24px;\">Ordin\u00e0ria<\/td>\n<td style=\"width: 33.3333%; height: 24px;\">475 \u20ac + IVA<\/td>\n<td style=\"width: 33.3333%; height: 24px;\">350 \u20ac + IVA<\/td>\n<\/tr>\n<tr>\n<td style=\"width: 33.3333%;\">Alumnes de ls cursos de microcredencials en Intel\u00b7lig\u00e8ncia Artificial i Big Data en Salut del Parc Taul\u00ed<\/td>\n<td style=\"width: 33.3333%; height: 24px;\">320 \u20ac + IVA<\/td>\n<td style=\"width: 33.3333%; height: 24px;\">240 \u20ac + IVA<\/td>\n<\/tr>\n<tr>\n<td style=\"width: 33.3333%;\">Alumnes de cursos d&#8217;especialitzaci\u00f3 en Intel\u00b7lig\u00e8ncia Artificial i Big Data en Salut del Parc Taul\u00ed &#8211; UAB matriculats en edicions pr\u00e8vies i 2025<\/td>\n<td style=\"width: 33.3333%; height: 24px;\">270 \u20ac + IVA<\/td>\n<td style=\"width: 33.3333%; height: 24px;\">200 \u20ac + IVA<\/td>\n<\/tr>\n<tr>\n<td style=\"width: 33.3333%;\">Alumnes del diploma d&#8217;especialitzaci\u00f3 en Intel\u00b7lig\u00e8ncia Artificial i Big Data en Salut del Parc Taul\u00ed &#8211; UAB matriculats en edicions pr\u00e8vies i 2025<\/td>\n<td style=\"width: 33.3333%; height: 24px;\">150 \u20ac + IVA<\/td>\n<td style=\"width: 33.3333%; height: 24px;\">100 \u20ac + IVA<\/td>\n<\/tr>\n<tr>\n<td style=\"width: 33.3333%;\">Alumnes del m\u00e0ster en Intel\u00b7lig\u00e8ncia Artificial i Big Data en Salut del Parc Taul\u00ed &#8211; UAB matriculats en edicions pr\u00e8vies i 2025<\/td>\n<td style=\"width: 33.3333%; height: 24px;\">0 \u20ac<\/td>\n<td style=\"width: 33.3333%; height: 24px;\">0 \u20ac<\/td>\n<\/tr>\n<\/tbody>\n<\/table>\n<p><strong>* Inclou la gravaci\u00f3 de les sessions que podran veure&#8217;s en diferit<br \/>\n*<\/strong> <strong>Despeses de cancel\u00b7laci\u00f3<\/strong>: 50 \u20ac fins a 10 dies abans de l&#8217;inici del THAIS. Posteriorment, no es reintegrar\u00e0 l&#8217;import de la inscripci\u00f3.[\/vc_column_text][\/vc_column][\/vc_row][vc_row el_class=&#8221;custom-top-tabs-content&#8221;][vc_column][vc_column_text css=&#8221;&#8221;]\n<h2>Photogallery<\/h2>\n[\/vc_column_text][vc_row_inner][vc_column_inner width=&#8221;1\/3&#8243;]<div class=\"eut-element eut-align-left\"><a class=\"eut-btn eut-btn-medium eut-square eut-bg-primary-1\" href=\"https:\/\/flic.kr\/s\/aHBqjCiCEL\" target=\"_self\" style=\"\"><span>Curs presimp\u00f2sium THAIS 2025<\/span><\/a><\/div>[\/vc_column_inner][vc_column_inner width=&#8221;1\/3&#8243;][\/vc_column_inner][vc_column_inner width=&#8221;1\/3&#8243;][\/vc_column_inner][\/vc_row_inner][\/vc_column][\/vc_row]\n<\/div>","protected":false},"excerpt":{"rendered":"<p>[vc_row section_id=&#8221;custom-top-tabs&#8221;][vc_column][vc_row_inner el_class=&#8221;resum-curs&#8221; css=&#8221;.vc_custom_1743071556101{margin-bottom: 30px !important;}&#8221;][vc_column_inner mobile_width=&#8221;hide&#8221;][\/vc_column_inner][\/vc_row_inner][vc_tta_accordion active_section=&#8221;0&#8243; collapsible_all=&#8221;true&#8221; el_id=&#8221;accordion-resum-curs&#8221;][vc_tta_section title=&#8221;Resum&#8221; tab_id=&#8221;resum&#8221; el_class=&#8221;resum-curs&#8221;][vc_row_inner][vc_column_inner][\/vc_column_inner][\/vc_row_inner][\/vc_tta_section][\/vc_tta_accordion][vc_row_inner][vc_column_inner][\/vc_column_inner][\/vc_row_inner][vc_column_text css=&#8221;&#8221; el_class=&#8221;top-tabs&#8221;] Presentaci\u00f3 Informaci\u00f3 general Programa Inscripci\u00f3 Photogallery [\/vc_column_text][\/vc_column][\/vc_row][vc_row el_class=&#8221;custom-top-tabs-content&#8221;][vc_column][vc_column_text] Presentaci\u00f3 [\/vc_column_text][vc_row_inner css=&#8221;.vc_custom_1743071710686{margin-bottom: 30px !important;}&#8221;][vc_column_inner width=&#8221;1\/3&#8243;][\/vc_column_inner][vc_column_inner width=&#8221;2\/3&#8243;][vc_column_text css=&#8221;&#8221;] Curs Pre-Simposi: Introducci\u00f3 a la Intel\u00b7lig\u00e8ncia Artificial en Salut Aquest curs introductori forma part de la Taul\u00ed Health Artificial Intelligence Week i est\u00e0 adre\u00e7at [&hellip;]<\/p>\n","protected":false},"author":24,"featured_media":0,"parent":18773,"menu_order":0,"comment_status":"closed","ping_status":"closed","template":"","meta":[],"_links":{"self":[{"href":"https:\/\/www.tauli.cat\/institut\/wp-json\/wp\/v2\/pages\/19153"}],"collection":[{"href":"https:\/\/www.tauli.cat\/institut\/wp-json\/wp\/v2\/pages"}],"about":[{"href":"https:\/\/www.tauli.cat\/institut\/wp-json\/wp\/v2\/types\/page"}],"author":[{"embeddable":true,"href":"https:\/\/www.tauli.cat\/institut\/wp-json\/wp\/v2\/users\/24"}],"replies":[{"embeddable":true,"href":"https:\/\/www.tauli.cat\/institut\/wp-json\/wp\/v2\/comments?post=19153"}],"version-history":[{"count":46,"href":"https:\/\/www.tauli.cat\/institut\/wp-json\/wp\/v2\/pages\/19153\/revisions"}],"predecessor-version":[{"id":22693,"href":"https:\/\/www.tauli.cat\/institut\/wp-json\/wp\/v2\/pages\/19153\/revisions\/22693"}],"up":[{"embeddable":true,"href":"https:\/\/www.tauli.cat\/institut\/wp-json\/wp\/v2\/pages\/18773"}],"wp:attachment":[{"href":"https:\/\/www.tauli.cat\/institut\/wp-json\/wp\/v2\/media?parent=19153"}],"curies":[{"name":"wp","href":"https:\/\/api.w.org\/{rel}","templated":true}]}}